{"id":9232,"date":"2022-10-16T07:36:43","date_gmt":"2022-10-16T07:36:43","guid":{"rendered":"https:\/\/www.griffinmachinery.com\/lo-tuan-hoan-khong-khi-nong\/"},"modified":"2023-04-02T07:07:45","modified_gmt":"2023-04-02T07:07:45","slug":"lo-tuan-hoan-khong-khi-nong","status":"publish","type":"product","link":"https:\/\/www.griffinmachinery.com\/vi\/lo-tuan-hoan-khong-khi-nong\/","title":{"rendered":"L\u00f2 tu\u1ea7n ho\u00e0n kh\u00f4ng kh\u00ed n\u00f3ng"},"content":{"rendered":"<h2 style=\"text-align: center;\">C\u1ea5u tr\u00fac b\u00ean trong l\u00f2 tu\u1ea7n ho\u00e0n kh\u00f4ng kh\u00ed n\u00f3ng<\/h2>\n<p><img loading=\"lazy\" decoding=\"async\" class=\"alignnone size-full wp-image-11394\" src=\"https:\/\/www.griffinmachinery.com\/wp-content\/uploads\/2022\/10\/Cau-truc-ben-trong-lo-tuan-hoan-khong-khi-nong.jpg\" alt=\"C\u1ea5u tr\u00fac b\u00ean trong l\u00f2 tu\u1ea7n ho\u00e0n kh\u00f4ng kh\u00ed n\u00f3ng\" width=\"1347\" height=\"780\" srcset=\"https:\/\/www.griffinmachinery.com\/wp-content\/uploads\/2022\/10\/Cau-truc-ben-trong-lo-tuan-hoan-khong-khi-nong.jpg 1347w, https:\/\/www.griffinmachinery.com\/wp-content\/uploads\/2022\/10\/Cau-truc-ben-trong-lo-tuan-hoan-khong-khi-nong-300x174.jpg 300w, https:\/\/www.griffinmachinery.com\/wp-content\/uploads\/2022\/10\/Cau-truc-ben-trong-lo-tuan-hoan-khong-khi-nong-1024x593.jpg 1024w, https:\/\/www.griffinmachinery.com\/wp-content\/uploads\/2022\/10\/Cau-truc-ben-trong-lo-tuan-hoan-khong-khi-nong-768x445.jpg 768w, https:\/\/www.griffinmachinery.com\/wp-content\/uploads\/2022\/10\/Cau-truc-ben-trong-lo-tuan-hoan-khong-khi-nong-600x347.jpg 600w\" sizes=\"auto, (max-width: 1347px) 100vw, 1347px\" \/><\/p>\n<hr \/>\n<p>Th\u00e2n l\u00f2 c\u1ee7a ch\u00fang t\u00f4i s\u1eed d\u1ee5ng c\u1eeda h\u00fat gi\u00f3 hai b\u00ean v\u00e0 tr\u1edf l\u1ea1i qua gi\u1eefa. \u0110\u01b0\u1eddng l\u01b0u th\u00f4ng kh\u00ed n\u00f3ng ng\u1eafn h\u01a1n \u0111\u1ec3 \u0111\u1ea3m b\u1ea3o nhi\u1ec7t \u0111\u1ed9 \u0111\u1ed3ng \u0111\u1ec1u trong th\u00e2n h\u1ed9p.<\/p>\n<p>N\u00f3 d\u1ec5 d\u00e0ng l\u00e0m s\u1ea1ch v\u00e0 ph\u00e2n ph\u1ed1i kh\u00f4ng kh\u00ed \u0111\u1ed3ng \u0111\u1ec1u. Thu th\u1eadp theo d\u00f5i kh\u00f4ng kh\u00ed n\u00f3ng c\u1ee7a 2000 l\u00f2 lu\u00e2n chuy\u1ec3n kh\u00f4ng kh\u00ed n\u00f3ng v\u00e0 ch\u1ecdn t\u1ef7 l\u1ec7 \u0111\u1ee5c l\u1ed7 t\u1ed1t nh\u1ea5t \u0111\u1ec3 \u0111\u1ea3m b\u1ea3o s\u1ef1 \u0111\u1ed3ng \u0111\u1ec1u c\u1ee7a ph\u00e2n ph\u1ed1i kh\u00f4ng kh\u00ed gi\u1eefa \u0111\u1ea7u v\u00e0o v\u00e0 \u0111\u1ea7u ra.<\/p>\n<h2 style=\"text-align: center;\">Th\u00f4ng s\u1ed1 k\u1ef9 thu\u1eadt<\/h2>\n<table>\n<tbody>\n<tr>\n<td bgcolor=\"#d9edf7\">Ng\u01b0\u1eddi m\u1eabu<\/td>\n<td bgcolor=\"#d9edf7\">Khu v\u1ef1c bay h\u01a1i (\u33a1)<\/td>\n<td bgcolor=\"#d9edf7\">\u00c2m l\u01b0\u1ee3ng hi\u1ec7u qu\u1ea3 (\u33a1)<\/td>\n<td bgcolor=\"#d9edf7\">C\u00f4ng su\u1ea5t s\u1ea5y (kg \/ m\u1ebb)<\/td>\n<td bgcolor=\"#d9edf7\">Khu v\u1ef1c t\u1ea3n nhi\u1ec7t (\u33a1)<\/td>\n<td bgcolor=\"#d9edf7\">C\u00f4ng su\u1ea5t s\u01b0\u1edfi \u0111i\u1ec7n (kw)<\/td>\n<td bgcolor=\"#d9edf7\">\u00c2m l\u01b0\u1ee3ng qu\u1ea1t (\u33a1 \/ h)<\/td>\n<td bgcolor=\"#d9edf7\">C\u00f4ng su\u1ea5t qu\u1ea1t (kw)<\/td>\n<\/tr>\n<tr>\n<td>CT-C-O<\/td>\n<td>7.1<\/td>\n<td>1.3<\/td>\n<td>60<\/td>\n<td>15<\/td>\n<td>6-9<\/td>\n<td>4510<\/td>\n<td>0.45<\/td>\n<\/tr>\n<tr>\n<td>CT-C-\u2160<\/td>\n<td>14.1<\/td>\n<td>2.6<\/td>\n<td>120<\/td>\n<td>23<\/td>\n<td>15<\/td>\n<td>4510<\/td>\n<td>0.45<\/td>\n<\/tr>\n<tr>\n<td>CT-C-\u2161<\/td>\n<td>28.3<\/td>\n<td>4.9<\/td>\n<td>240<\/td>\n<td>48<\/td>\n<td>30<\/td>\n<td>9020<\/td>\n<td>0.45\u00d72<\/td>\n<\/tr>\n<tr>\n<td>CT-C-\u2162<\/td>\n<td>42.4<\/td>\n<td>7.4<\/td>\n<td>360<\/td>\n<td>60<\/td>\n<td>45<\/td>\n<td>13530<\/td>\n<td>0.45\u00d73<\/td>\n<\/tr>\n<tr>\n<td>CT-C-\u2163<\/td>\n<td>56.5<\/td>\n<td>10.3<\/td>\n<td>480<\/td>\n<td>96<\/td>\n<td>60<\/td>\n<td>18040<\/td>\n<td>0.45\u00d74<\/td>\n<\/tr>\n<tr>\n<td>CT-\u2160<\/td>\n<td>14.1<\/td>\n<td>2.6<\/td>\n<td>120<\/td>\n<td>23<\/td>\n<td>15<\/td>\n<td>1414<\/td>\n<td>1.1<\/td>\n<\/tr>\n<tr>\n<td>CT-\u2161<\/td>\n<td>28.3<\/td>\n<td>4.9<\/td>\n<td>240<\/td>\n<td>48<\/td>\n<td>30<\/td>\n<td>5230<\/td>\n<td>1.1<\/td>\n<\/tr>\n<tr>\n<td>CT-\u2162<\/td>\n<td>42.4<\/td>\n<td>7.4<\/td>\n<td>360<\/td>\n<td>72<\/td>\n<td>45<\/td>\n<td>9800<\/td>\n<td>2.2<\/td>\n<\/tr>\n<\/tbody>\n<\/table>\n","protected":false},"excerpt":{"rendered":"<ul>\n<li>Ngu\u1ed3n s\u01b0\u1edfi bao g\u1ed3m h\u01a1i n\u01b0\u1edbc, \u0111i\u1ec7n, tia h\u1ed3ng ngo\u1ea1i xa v\u00e0 h\u01a1i \u0111i\u1ec7n.<\/li>\n<li>Nhi\u1ec7t \u0111\u1ed9 s\u1eed d\u1ee5ng, \u0111\u1ec3 s\u01b0\u1edfi \u1ea5m b\u1eb1ng h\u01a1i n\u01b0\u1edbc l\u00e0 50-140 \u2103, v\u1edbi gi\u1edbi h\u1ea1n tr\u00ean l\u00e0 150 \u2103.<\/li>\n<li>\u0110i\u1ec7n, h\u1ed3ng ngo\u1ea1i xa nhi\u1ec7t \u0111\u1ed9 50-500 \u2103.<\/li>\n<li>\u0110\u01b0\u1ee3c trang b\u1ecb h\u1ec7 th\u1ed1ng \u0111i\u1ec1u khi\u1ec3n t\u1ef1 \u0111\u1ed9ng v\u00e0 h\u1ec7 th\u1ed1ng \u0111i\u1ec1u khi\u1ec3n m\u00e1y t\u00ednh.<\/li>\n<li>\u00c1p su\u1ea5t h\u01a1i th\u01b0\u1eddng \u0111\u01b0\u1ee3c s\u1eed d\u1ee5ng l\u00e0 0,2-0,8Mpa (2-8kg \/ cm2).<\/li>\n<li>C\u00e1c y\u00eau c\u1ea7u t\u00f9y ch\u1ec9nh \u0111\u1eb7c bi\u1ec7t \u0111\u01b0\u1ee3c gi\u1ea3i th\u00edch khi \u0111\u1eb7t h\u00e0ng. Nhi\u1ec7t \u0111\u1ed9 s\u1eed d\u1ee5ng l\u1edbn h\u01a1n 140 \u2103 ho\u1eb7c nh\u1ecf h\u01a1n 60 \u2103, \u0111\u1ec3 ch\u1ec9 \u0111\u1ecbnh khi \u0111\u1eb7t h\u00e0ng.<\/li>\n<li>K\u00edch th\u01b0\u1edbc c\u1ee7a c\u00e1c khay n\u01b0\u1edbng c\u1ee7a ch\u00fang t\u00f4i l\u00e0 \u0111\u1ed3ng nh\u1ea5t v\u00e0 c\u00f3 th\u1ec3 s\u1eed d\u1ee5ng chung c\u00e1c m\u1eabu l\u00f2 n\u01b0\u1edbng kh\u00e1c nhau.<\/li>\n<\/ul>\n","protected":false},"featured_media":9162,"template":"","meta":{"site-sidebar-layout":"default","site-content-layout":"default","ast-site-content-layout":"default","site-content-style":"default","site-sidebar-style":"default","ast-global-header-display":"","ast-banner-title-visibility":"","ast-main-header-display":"","ast-hfb-above-header-display":"","ast-hfb-below-header-display":"","ast-hfb-mobile-header-display":"","site-post-title":"","ast-breadcrumbs-content":"","ast-featured-img":"","footer-sml-layout":"","ast-disable-related-posts":"","theme-transparent-header-meta":"default","adv-header-id-meta":"","stick-header-meta":"default","header-above-stick-meta":"","header-main-stick-meta":"","header-below-stick-meta":"","astra-migrate-meta-layouts":"default","ast-page-background-enabled":"default","ast-page-background-meta":{"desktop":{"background-color":"","background-image":"","background-repeat":"repeat","background-position":"center center","background-size":"auto","background-attachment":"scroll","background-type":"","background-media":"","overlay-type":"","overlay-color":"","overlay-opacity":"","overlay-gradient":""},"tablet":{"background-color":"","background-image":"","background-repeat":"repeat","background-position":"center center","background-size":"auto","background-attachment":"scroll","background-type":"","background-media":"","overlay-type":"","overlay-color":"","overlay-opacity":"","overlay-gradient":""},"mobile":{"background-color":"","background-image":"","background-repeat":"repeat","background-position":"center center","background-size":"auto","background-attachment":"scroll","background-type":"","background-media":"","overlay-type":"","overlay-color":"","overlay-opacity":"","overlay-gradient":""}},"ast-content-background-meta":{"desktop":{"background-color":"var(--ast-global-color-5)","background-image":"","background-repeat":"repeat","background-position":"center center","background-size":"auto","background-attachment":"scroll","background-type":"","background-media":"","overlay-type":"","overlay-color":"","overlay-opacity":"","overlay-gradient":""},"tablet":{"background-color":"var(--ast-global-color-5)","background-image":"","background-repeat":"repeat","background-position":"center center","background-size":"auto","background-attachment":"scroll","background-type":"","background-media":"","overlay-type":"","overlay-color":"","overlay-opacity":"","overlay-gradient":""},"mobile":{"background-color":"var(--ast-global-color-5)","background-image":"","background-repeat":"repeat","background-position":"center center","background-size":"auto","background-attachment":"scroll","background-type":"","background-media":"","overlay-type":"","overlay-color":"","overlay-opacity":"","overlay-gradient":""}}},"product_brand":[],"product_cat":[221],"product_tag":[],"class_list":{"0":"post-9232","1":"product","2":"type-product","3":"status-publish","4":"has-post-thumbnail","6":"product_cat-chua-duoc-phan-loai","7":"desktop-align-center","8":"tablet-align-center","9":"mobile-align-center","10":"ast-product-gallery-layout-horizontal","11":"ast-product-tabs-layout-horizontal","12":"ast-qv-on-image","14":"first","15":"instock","16":"shipping-taxable","17":"product-type-simple"},"_links":{"self":[{"href":"https:\/\/www.griffinmachinery.com\/vi\/wp-json\/wp\/v2\/product\/9232","targetHints":{"allow":["GET"]}}],"collection":[{"href":"https:\/\/www.griffinmachinery.com\/vi\/wp-json\/wp\/v2\/product"}],"about":[{"href":"https:\/\/www.griffinmachinery.com\/vi\/wp-json\/wp\/v2\/types\/product"}],"wp:featuredmedia":[{"embeddable":true,"href":"https:\/\/www.griffinmachinery.com\/vi\/wp-json\/wp\/v2\/media\/9162"}],"wp:attachment":[{"href":"https:\/\/www.griffinmachinery.com\/vi\/wp-json\/wp\/v2\/media?parent=9232"}],"wp:term":[{"taxonomy":"product_brand","embeddable":true,"href":"https:\/\/www.griffinmachinery.com\/vi\/wp-json\/wp\/v2\/product_brand?post=9232"},{"taxonomy":"product_cat","embeddable":true,"href":"https:\/\/www.griffinmachinery.com\/vi\/wp-json\/wp\/v2\/product_cat?post=9232"},{"taxonomy":"product_tag","embeddable":true,"href":"https:\/\/www.griffinmachinery.com\/vi\/wp-json\/wp\/v2\/product_tag?post=9232"}],"curies":[{"name":"wp","href":"https:\/\/api.w.org\/{rel}","templated":true}]}}