{"id":7625,"date":"2022-04-04T16:05:33","date_gmt":"2022-04-04T16:05:33","guid":{"rendered":"https:\/\/www.griffinmachinery.com\/may-say-dai-chan-khong\/"},"modified":"2022-04-04T16:05:33","modified_gmt":"2022-04-04T16:05:33","slug":"may-say-dai-chan-khong","status":"publish","type":"product","link":"https:\/\/www.griffinmachinery.com\/vi\/may-say-dai-chan-khong\/","title":{"rendered":"M\u00e1y s\u1ea5y \u0111ai ch\u00e2n kh\u00f4ng"},"content":{"rendered":"<h3>Nguy\u00ean t\u1eafc l\u00e0m vi\u1ec7c<\/h3>\n<p>N\u00f3 l\u00e0 m\u1ed9t thi\u1ebft b\u1ecb s\u1ea5y ch\u00e2n kh\u00f4ng v\u1edbi c\u1ea5p li\u1ec7u li\u00ean t\u1ee5c v\u00e0 x\u1ea3 li\u00ean t\u1ee5c. Nguy\u00ean li\u1ec7u c\u1ea7n l\u00e0m kh\u00f4 \u0111\u01b0\u1ee3c v\u1eadn chuy\u1ec3n v\u00e0o m\u00e1y s\u1ea5y b\u1eb1ng b\u01a1m c\u1ea5p li\u1ec7u v\u00e0 \u0111\u01b0\u1ee3c b\u1ed9 ph\u00e2n ph\u1ed1i ph\u00e2n ph\u1ed1i \u0111\u1ec1u tr\u00ean b\u0103ng t\u1ea3i, nhi\u1ec7t \u0111\u1ed9 \u0111i\u1ec3m s\u00f4i c\u1ee7a nguy\u00ean li\u1ec7u \u0111\u01b0\u1ee3c h\u1ea1 xu\u1ed1ng nh\u1edd ch\u00e2n kh\u00f4ng cao, v\u00e0 \u0111\u1ed9 \u1ea9m c\u1ee7a nguy\u00ean li\u1ec7u l\u1ecfng l\u00e0 tr\u1ef1c ti\u1ebfp th\u0103ng hoa th\u00e0nh h\u01a1i, v\u00e0 b\u0103ng t\u1ea3i n\u1eb1m tr\u00ean t\u1ea5m gia nhi\u1ec7t.<\/p>\n<p>N\u00f3 ch\u1ea1y v\u1edbi t\u1ed1c \u0111\u1ed9 kh\u00f4ng \u0111\u1ed5i, v\u00e0 ngu\u1ed3n nhi\u1ec7t trong t\u1ea5m s\u01b0\u1edfi c\u00f3 th\u1ec3 \u0111\u01b0\u1ee3c l\u00e0m n\u00f3ng b\u1eb1ng h\u01a1i n\u01b0\u1edbc, n\u01b0\u1edbc n\u00f3ng ho\u1eb7c s\u01b0\u1edfi \u1ea5m b\u1eb1ng \u0111i\u1ec7n. Th\u00f4ng qua ho\u1ea1t \u0111\u1ed9ng c\u1ee7a b\u0103ng t\u1ea3i, t\u1eeb bay h\u01a1i v\u00e0 l\u00e0m kh\u00f4 \u1edf \u0111\u1ea7u tr\u01b0\u1edbc \u0111\u1ebfn x\u1ea3 l\u00e0m m\u00e1t \u1edf \u0111\u1ea7u sau, c\u00f3 th\u1ec3 \u0111i\u1ec1u ch\u1ec9nh ph\u1ea1m vi nhi\u1ec7t \u0111\u1ed9 t\u1eeb cao \u0111\u1ebfn th\u1ea5p t\u00f9y theo \u0111\u1eb7c t\u00ednh c\u1ee7a v\u1eadt li\u1ec7u, \u0111\u1ea7u x\u1ea3 \u0111\u01b0\u1ee3c trang b\u1ecb v\u1edbi m\u1ed9t thi\u1ebft b\u1ecb nghi\u1ec1n ch\u00e2n kh\u00f4ng c\u1ee5 th\u1ec3 \u0111\u1ec3 \u0111\u1ea1t \u0111\u01b0\u1ee3c th\u00e0nh ph\u1ea9m c\u00f3 k\u00edch th\u01b0\u1edbc h\u1ea1t kh\u00e1c nhau, v\u00e0 b\u1ed9t kh\u00f4 c\u00f3 th\u1ec3 \u0111\u01b0\u1ee3c t\u1ef1 \u0111\u1ed9ng \u0111\u00f3ng g\u00f3i ho\u1eb7c x\u1eed l\u00fd sau \u0111\u00f3.<\/p>\n<h3>C\u00e1c \u1ee9ng d\u1ee5ng<\/h3>\n<p>N\u00f3 th\u00edch h\u1ee3p \u0111\u1ec3 s\u1ea5y maltose, s\u1eefa m\u1ea1ch nha, sucrose, \u0111\u01b0\u1eddng c\u1ee7 c\u1ea3i, dextrin, b\u1ed9t y\u1ebfn m\u1ea1ch, r\u01b0\u1ee3u ng\u00f4, b\u1ed9t g\u1ea1o, m\u1eadt ong, c\u00e0 ph\u00ea v\u00e0 c\u00e1c lo\u1ea1i \u0111\u01b0\u1eddng kh\u00e1c v\u00e0 c\u00e1c ch\u1ea5t kh\u00e1c c\u00f3 h\u00e0m l\u01b0\u1ee3ng \u0111\u01b0\u1eddng cao. Chi\u1ebft xu\u1ea5t th\u1ea3o m\u1ed9c Trung Qu\u1ed1c c\u00f3 \u0111\u1ed9 nh\u1edbt cao, n\u1ed3ng \u0111\u1ed9 cao gi\u1ea3i quy\u1ebft \u0111\u01b0\u1ee3c m\u1ed9t v\u1ea5n \u0111\u1ec1 l\u1edbn.<\/p>\n<p>M\u00e1y n\u00e0y kh\u00f4ng ch\u1ec9 th\u00edch h\u1ee3p cho th\u1ef1c ph\u1ea9m \u0111\u01b0\u1eddng v\u00e0 chi\u1ebft xu\u1ea5t thu\u1ed1c truy\u1ec1n th\u1ed1ng c\u1ee7a Trung Qu\u1ed1c, m\u00e0 c\u00f2n th\u00edch h\u1ee3p \u0111\u1ec3 s\u1ea5y kh\u00f4 \u1edf nhi\u1ec7t \u0111\u1ed9 th\u1ea5p c\u1ee7a c\u00e1c nguy\u00ean li\u1ec7u d\u1ea1ng l\u1ecfng kh\u00e1c nhau nh\u01b0 thu\u1ed1c Trung Qu\u1ed1c v\u00e0 ph\u01b0\u01a1ng T\u00e2y, thu\u1ed1c polysaccharide, k\u1ef9 thu\u1eadt sinh h\u1ecdc, nguy\u00ean li\u1ec7u h\u00f3a h\u1ecdc, ph\u1ee5 gia th\u1ef1c ph\u1ea9m, vv, S\u1ea3n ph\u1ea9m d\u1ec5 k\u1ebft t\u1ee5, d\u1ebbo nhi\u1ec7t, nh\u1ea1y c\u1ea3m v\u1edbi nhi\u1ec7t, s\u1ea5y kh\u00f4; hoan ngh\u00eanh kh\u00e1ch h\u00e0ng c\u0169 v\u00e0 m\u1edbi mang v\u1eadt t\u01b0 \u0111\u1ebfn c\u00f4ng ty \u0111\u1ec3 test m\u00e1y.<\/p>\n","protected":false},"excerpt":{"rendered":"<ul>\n<li>M\u1ed9t t\u1eadp h\u1ee3p \u0111\u1ea7y \u0111\u1ee7 c\u00e1c quy tr\u00ecnh t\u1ef1 \u0111\u1ed9ng h\u00f3a, \u0111\u01b0\u1eddng \u1ed1ng v\u00e0 li\u00ean t\u1ee5c;<\/li>\n<li>Nh\u1eadn ra vi\u1ec7c n\u1ea1p v\u00e0 x\u1ea3 li\u00ean t\u1ee5c trong \u0111i\u1ec1u ki\u1ec7n ch\u00e2n kh\u00f4ng;<\/li>\n<li>Ho\u00e0n th\u00e0nh s\u1ea5y kh\u00f4, nghi\u1ec1n v\u00e0 t\u1ea1o h\u1ea1t trong ch\u00e2n kh\u00f4ng;<\/li>\n<li>Chi ph\u00ed v\u1eadn h\u00e0nh b\u1eb1ng 1\/3 t\u1ee7 s\u1ea5y ch\u00e2n kh\u00f4ng, s\u1ea5y phun v\u00e0 1\/6 t\u1ee7 s\u1ea5y \u0111\u00f4ng l\u1ea1nh;<\/li>\n<li>Kh\u00f4ng c\u00f3 qu\u00e1 hai ng\u01b0\u1eddi v\u1eadn h\u00e0nh, \u0111i\u1ec1u n\u00e0y gi\u00fap gi\u1ea3m \u0111\u00e1ng k\u1ec3 chi ph\u00ed lao \u0111\u1ed9ng;<\/li>\n<li>Nhi\u1ec7t \u0111\u1ed9 s\u1ea5y c\u00f3 th\u1ec3 \u0111\u01b0\u1ee3c \u0111i\u1ec1u ch\u1ec9nh theo y\u00eau c\u1ea7u c\u1ee7a qu\u00e1 tr\u00ecnh nguy\u00ean li\u1ec7u (25 \u2103 \uff5e 150 \u2103);<\/li>\n<li>V\u1eadt li\u1ec7u nh\u1ea1y c\u1ea3m v\u1edbi nhi\u1ec7t kh\u00f4ng g\u00e2y \u0111\u1ed9t bi\u1ebfn v\u00e0 kh\u00f4ng nhi\u1ec5m vi khu\u1ea9n;<\/li>\n<li>30 ~ 60 ph\u00fat b\u1eaft \u0111\u1ea7u s\u1ea3n xu\u1ea5t b\u1ed9t kh\u00f4 li\u00ean t\u1ee5c, t\u1ef7 l\u1ec7 b\u1ed9t kh\u00f4 \u0111\u1ea7u ra l\u00e0 99%;<\/li>\n<li>N\u00f3 c\u00f3 th\u1ec3 gi\u1ea3i quy\u1ebft vi\u1ec7c l\u00e0m kh\u00f4 c\u00e1c v\u1eadt li\u1ec7u l\u1ecfng v\u00e0 b\u00f9n kh\u00e1c nhau c\u00f3 \u0111\u1ed9 nh\u1edbt cao v\u00e0 kh\u00f3 kh\u00f4;<\/li>\n<li>L\u00e0m s\u1ea1ch t\u1ef1 \u0111\u1ed9ng tr\u1ef1c tuy\u1ebfn, ph\u00f9 h\u1ee3p v\u1edbi c\u00e1c y\u00eau c\u1ea7u c\u1ee7a GMP.<\/li>\n<\/ul>\n","protected":false},"featured_media":7187,"template":"","meta":{"site-sidebar-layout":"default","site-content-layout":"default","ast-site-content-layout":"default","site-content-style":"default","site-sidebar-style":"default","ast-global-header-display":"","ast-banner-title-visibility":"","ast-main-header-display":"","ast-hfb-above-header-display":"","ast-hfb-below-header-display":"","ast-hfb-mobile-header-display":"","site-post-title":"","ast-breadcrumbs-content":"","ast-featured-img":"","footer-sml-layout":"","ast-disable-related-posts":"","theme-transparent-header-meta":"default","adv-header-id-meta":"","stick-header-meta":"default","header-above-stick-meta":"","header-main-stick-meta":"","header-below-stick-meta":"","astra-migrate-meta-layouts":"default","ast-page-background-enabled":"default","ast-page-background-meta":{"desktop":{"background-color":"","background-image":"","background-repeat":"repeat","background-position":"center center","background-size":"auto","background-attachment":"scroll","background-type":"","background-media":"","overlay-type":"","overlay-color":"","overlay-opacity":"","overlay-gradient":""},"tablet":{"background-color":"","background-image":"","background-repeat":"repeat","background-position":"center center","background-size":"auto","background-attachment":"scroll","background-type":"","background-media":"","overlay-type":"","overlay-color":"","overlay-opacity":"","overlay-gradient":""},"mobile":{"background-color":"","background-image":"","background-repeat":"repeat","background-position":"center center","background-size":"auto","background-attachment":"scroll","background-type":"","background-media":"","overlay-type":"","overlay-color":"","overlay-opacity":"","overlay-gradient":""}},"ast-content-background-meta":{"desktop":{"background-color":"var(--ast-global-color-5)","background-image":"","background-repeat":"repeat","background-position":"center center","background-size":"auto","background-attachment":"scroll","background-type":"","background-media":"","overlay-type":"","overlay-color":"","overlay-opacity":"","overlay-gradient":""},"tablet":{"background-color":"var(--ast-global-color-5)","background-image":"","background-repeat":"repeat","background-position":"center center","background-size":"auto","background-attachment":"scroll","background-type":"","background-media":"","overlay-type":"","overlay-color":"","overlay-opacity":"","overlay-gradient":""},"mobile":{"background-color":"var(--ast-global-color-5)","background-image":"","background-repeat":"repeat","background-position":"center center","background-size":"auto","background-attachment":"scroll","background-type":"","background-media":"","overlay-type":"","overlay-color":"","overlay-opacity":"","overlay-gradient":""}}},"product_brand":[],"product_cat":[222],"product_tag":[],"class_list":{"0":"post-7625","1":"product","2":"type-product","3":"status-publish","4":"has-post-thumbnail","6":"product_cat-may-say-chan-khong","7":"desktop-align-center","8":"tablet-align-center","9":"mobile-align-center","10":"ast-product-gallery-layout-horizontal","11":"ast-product-tabs-layout-horizontal","12":"ast-qv-on-image","14":"first","15":"instock","16":"shipping-taxable","17":"product-type-simple"},"_links":{"self":[{"href":"https:\/\/www.griffinmachinery.com\/vi\/wp-json\/wp\/v2\/product\/7625","targetHints":{"allow":["GET"]}}],"collection":[{"href":"https:\/\/www.griffinmachinery.com\/vi\/wp-json\/wp\/v2\/product"}],"about":[{"href":"https:\/\/www.griffinmachinery.com\/vi\/wp-json\/wp\/v2\/types\/product"}],"wp:featuredmedia":[{"embeddable":true,"href":"https:\/\/www.griffinmachinery.com\/vi\/wp-json\/wp\/v2\/media\/7187"}],"wp:attachment":[{"href":"https:\/\/www.griffinmachinery.com\/vi\/wp-json\/wp\/v2\/media?parent=7625"}],"wp:term":[{"taxonomy":"product_brand","embeddable":true,"href":"https:\/\/www.griffinmachinery.com\/vi\/wp-json\/wp\/v2\/product_brand?post=7625"},{"taxonomy":"product_cat","embeddable":true,"href":"https:\/\/www.griffinmachinery.com\/vi\/wp-json\/wp\/v2\/product_cat?post=7625"},{"taxonomy":"product_tag","embeddable":true,"href":"https:\/\/www.griffinmachinery.com\/vi\/wp-json\/wp\/v2\/product_tag?post=7625"}],"curies":[{"name":"wp","href":"https:\/\/api.w.org\/{rel}","templated":true}]}}