{"id":7624,"date":"2022-04-04T16:13:15","date_gmt":"2022-04-04T16:13:15","guid":{"rendered":"https:\/\/www.griffinmachinery.com\/lo-say-chan-khong\/"},"modified":"2023-04-02T07:25:08","modified_gmt":"2023-04-02T07:25:08","slug":"lo-say-chan-khong","status":"publish","type":"product","link":"https:\/\/www.griffinmachinery.com\/vi\/lo-say-chan-khong\/","title":{"rendered":"L\u00f2 s\u1ea5y ch\u00e2n kh\u00f4ng"},"content":{"rendered":"<h3 style=\"text-align: center;\">S\u01a1 \u0111\u1ed3 quy tr\u00ecnh s\u1ea5y ch\u00e2n kh\u00f4ng<\/h3>\n<p><img loading=\"lazy\" decoding=\"async\" class=\"alignnone size-full wp-image-10701\" src=\"https:\/\/www.griffinmachinery.com\/wp-content\/uploads\/2022\/04\/So-do-quy-trinh-say-chan-khong.jpg\" alt=\"S\u01a1 \u0111\u1ed3 quy tr\u00ecnh s\u1ea5y ch\u00e2n kh\u00f4ng\" width=\"1500\" height=\"513\" srcset=\"https:\/\/www.griffinmachinery.com\/wp-content\/uploads\/2022\/04\/So-do-quy-trinh-say-chan-khong.jpg 1500w, https:\/\/www.griffinmachinery.com\/wp-content\/uploads\/2022\/04\/So-do-quy-trinh-say-chan-khong-300x103.jpg 300w, https:\/\/www.griffinmachinery.com\/wp-content\/uploads\/2022\/04\/So-do-quy-trinh-say-chan-khong-1024x350.jpg 1024w, https:\/\/www.griffinmachinery.com\/wp-content\/uploads\/2022\/04\/So-do-quy-trinh-say-chan-khong-768x263.jpg 768w, https:\/\/www.griffinmachinery.com\/wp-content\/uploads\/2022\/04\/So-do-quy-trinh-say-chan-khong-600x205.jpg 600w\" sizes=\"auto, (max-width: 1500px) 100vw, 1500px\" \/><\/p>\n<hr \/>\n<h3 style=\"text-align: center;\">C\u00e1c \u1ee9ng d\u1ee5ng<\/h3>\n<p>T\u1ee7 s\u1ea5y ch\u00e2n kh\u00f4ng \u0111\u01b0\u1ee3c s\u1eed d\u1ee5ng r\u1ed9ng r\u00e3i trong h\u00f3a sinh, h\u00f3a d\u01b0\u1ee3c, y t\u1ebf v\u00e0 s\u1ee9c kh\u1ecfe, nghi\u00ean c\u1ee9u khoa h\u1ecdc n\u00f4ng nghi\u1ec7p, b\u1ea3o v\u1ec7 m\u00f4i tr\u01b0\u1eddng v\u00e0 c\u00e1c \u1ee9ng d\u1ee5ng nghi\u00ean c\u1ee9u kh\u00e1c, \u0111\u1ec3 l\u00e0m kh\u00f4 b\u1ed9t, n\u01b0\u1edbng v\u00e0 kh\u1eed tr\u00f9ng v\u00e0 kh\u1eed tr\u00f9ng c\u00e1c v\u1eadt ch\u1ee9a th\u1ee7y tinh kh\u00e1c nhau. N\u00f3 \u0111\u1eb7c bi\u1ec7t th\u00edch h\u1ee3p \u0111\u1ec3 l\u00e0m kh\u00f4 nhanh ch\u00f3ng v\u00e0 hi\u1ec7u qu\u1ea3 c\u00e1c ch\u1ea5t nh\u1ea1y c\u1ea3m v\u1edbi nhi\u1ec7t, d\u1ec5 b\u1ecb ph\u00e2n h\u1ee7y, d\u1ec5 b\u1ecb oxy h\u00f3a v\u00e0 c\u00e1c v\u1eadt ph\u1ea9m c\u00f3 th\u00e0nh ph\u1ea7n ph\u1ee9c t\u1ea1p.<\/p>\n<hr \/>\n<h3 style=\"text-align: center;\">C\u00e1c th\u00f4ng s\u1ed1 k\u1ef9 thu\u1eadt<\/h3>\n<table>\n<tbody>\n<tr>\n<td rowspan=\"2\" bgcolor=\"#d9edf7\"><strong>ITEM<\/strong><\/td>\n<td style=\"text-align: center;\" colspan=\"3\"><strong>S\u1ef1 ch\u1ec9 r\u00f5<\/strong><\/td>\n<\/tr>\n<tr>\n<td>FZG-10<\/td>\n<td>FZG-15<\/td>\n<td>FZG-20<\/td>\n<\/tr>\n<tr>\n<td bgcolor=\"#d9edf7\"><strong>K\u00edch th\u01b0\u1edbc b\u00ean trong c\u1ee7a bu\u1ed3ng (mm)<\/strong><\/td>\n<td>1500\u00d71060\u00d71220<\/td>\n<td>1500\u00d71400\u00d71220<\/td>\n<td>1500\u00d71800\u00d71220<\/td>\n<\/tr>\n<tr>\n<td bgcolor=\"#d9edf7\"><strong>K\u00edch th\u01b0\u1edbc b\u00ean ngo\u00e0i c\u1ee7a bu\u1ed3ng (mm)<\/strong><\/td>\n<td>1924\u00d71720\u00d71513<\/td>\n<td>1513\u00d71924\u00d72060<\/td>\n<td>1924\u00d72500\u00d71513<\/td>\n<\/tr>\n<tr>\n<td bgcolor=\"#d9edf7\"><strong>C\u00e1c l\u1edbp c\u1ee7a k\u1ec7 n\u01b0\u1edbng<\/strong><\/td>\n<td>5<\/td>\n<td>8<\/td>\n<td>10<\/td>\n<\/tr>\n<tr>\n<td bgcolor=\"#d9edf7\"><strong>Kho\u1ea3ng c\u00e1ch c\u1ee7a k\u1ec7 n\u01b0\u1edbng (mm)<\/strong><\/td>\n<td>122<\/td>\n<td>122<\/td>\n<td>122<\/td>\n<\/tr>\n<tr>\n<td bgcolor=\"#d9edf7\"><strong>K\u00edch th\u01b0\u1edbc khay n\u01b0\u1edbng (mm)<\/strong><\/td>\n<td>460\u00d7640\u00d745<\/td>\n<td>460\u00d7640\u00d745<\/td>\n<td>460\u00d7640\u00d745<\/td>\n<\/tr>\n<tr>\n<td bgcolor=\"#d9edf7\"><strong>S\u1ed1 khay n\u01b0\u1edbng (chi\u1ebfc)<\/strong><\/td>\n<td>20<\/td>\n<td>32<\/td>\n<td>48<\/td>\n<\/tr>\n<tr>\n<td bgcolor=\"#d9edf7\"><strong>C\u00f4ng su\u1ea5t s\u1ea5y (kg)<\/strong><\/td>\n<td>50<\/td>\n<td>80<\/td>\n<td>120<\/td>\n<\/tr>\n<tr>\n<td bgcolor=\"#d9edf7\"><strong>\u00c1p su\u1ea5t cho ph\u00e9p b\u00ean trong \u0111\u01b0\u1eddng \u1ed1ng c\u1ee7a k\u1ec7 n\u01b0\u1edbng (Mpa)<\/strong><\/td>\n<td style=\"text-align: center;\" colspan=\"3\">\u22640.784<\/td>\n<\/tr>\n<tr>\n<td bgcolor=\"#d9edf7\"><strong>Nhi\u1ec7t \u0111\u1ed9 ho\u1ea1t \u0111\u1ed9ng c\u1ee7a h\u1ed7 tr\u1ee3 n\u01b0\u1edbng<\/strong><\/td>\n<td style=\"text-align: center;\" colspan=\"3\">\u2264150\u2103<\/td>\n<\/tr>\n<tr>\n<td bgcolor=\"#d9edf7\"><strong>Tr\u1ecdng l\u01b0\u1ee3ng (kg)<\/strong><\/td>\n<td>1400<\/td>\n<td>2100<\/td>\n<td>3200<\/td>\n<\/tr>\n<\/tbody>\n<\/table>\n","protected":false},"excerpt":{"rendered":"<ul>\n<li>N\u00f3 c\u00f3 th\u1ec3 nh\u1eadn \u0111\u01b0\u1ee3c c\u00f4ng su\u1ea5t s\u1ea5y cao h\u01a1n \u1edf nhi\u1ec7t \u0111\u1ed9 th\u1ea5p h\u01a1n v\u00e0 n\u0103ng l\u01b0\u1ee3ng nhi\u1ec7t c\u00f3 th\u1ec3 \u0111\u01b0\u1ee3c s\u1eed d\u1ee5ng \u0111\u1ea7y \u0111\u1ee7.<\/li>\n<li>N\u00f3 ph\u00f9 h\u1ee3p v\u1edbi c\u00e1c v\u1eadt li\u1ec7u nh\u01b0 v\u1eadt li\u1ec7u nh\u1ea1y c\u1ea3m v\u1edbi nhi\u1ec7t v\u00e0 d\u1ec5 b\u1ecb oxy h\u00f3a.<\/li>\n<li>N\u00f3 c\u00f3 th\u1ec3 l\u00e0m kh\u00f4 c\u00e1c nguy\u00ean li\u1ec7u th\u00f4 c\u00f3 ch\u1ee9a dung m\u00f4i v\u00e0 c\u1ea7n \u0111\u01b0\u1ee3c thu h\u1ed3i.<\/li>\n<li>Tr\u01b0\u1edbc khi l\u00e0m kh\u00f4, n\u00f3 c\u00f3 th\u1ec3 ti\u1ebfn h\u00e0nh x\u1eed l\u00fd kh\u1eed tr\u00f9ng. Trong th\u1eddi gian l\u00e0m kh\u00f4, b\u1ea5t k\u1ef3 t\u1ea1p ch\u1ea5t n\u00e0o kh\u00f4ng th\u1ec3 x\u00e2m nh\u1eadp v\u00e0o n\u00f3.<\/li>\n<li>M\u00e1y s\u1ea5y thu\u1ed9c lo\u1ea1i s\u1ea5y t\u0129nh, v\u1eadt li\u1ec7u s\u1ebd kh\u00f4ng b\u1ecb h\u01b0 h\u1ecfng.<\/li>\n<li>M\u00e1y thu\u1ed9c lo\u1ea1i ho\u1ea1t \u0111\u1ed9ng theo l\u00f4 v\u00e0 c\u00f3 th\u1ec3 \u0111i\u1ec1u ch\u1ec9nh c\u00e1c quy tr\u00ecnh k\u1ef9 thu\u1eadt b\u1ea5t c\u1ee9 l\u00fac n\u00e0o.<\/li>\n<li>\u0110\u1ec9nh b\u00ean trong \u0111\u01b0\u1ee3c thi\u1ebft k\u1ebf theo c\u1ea5u tr\u00fac v\u00f2m, n\u00f3 c\u00f3 th\u1ec3 tr\u00e1nh \u0111\u01b0\u1ee3c n\u01b0\u1edbc ng\u01b0ng t\u1ee5 l\u1ea1i m\u1ed9t c\u00e1ch hi\u1ec7u qu\u1ea3.<\/li>\n<\/ul>\n","protected":false},"featured_media":7207,"template":"","meta":{"site-sidebar-layout":"default","site-content-layout":"default","ast-site-content-layout":"default","site-content-style":"default","site-sidebar-style":"default","ast-global-header-display":"","ast-banner-title-visibility":"","ast-main-header-display":"","ast-hfb-above-header-display":"","ast-hfb-below-header-display":"","ast-hfb-mobile-header-display":"","site-post-title":"","ast-breadcrumbs-content":"","ast-featured-img":"","footer-sml-layout":"","ast-disable-related-posts":"","theme-transparent-header-meta":"default","adv-header-id-meta":"","stick-header-meta":"default","header-above-stick-meta":"","header-main-stick-meta":"","header-below-stick-meta":"","astra-migrate-meta-layouts":"default","ast-page-background-enabled":"default","ast-page-background-meta":{"desktop":{"background-color":"","background-image":"","background-repeat":"repeat","background-position":"center center","background-size":"auto","background-attachment":"scroll","background-type":"","background-media":"","overlay-type":"","overlay-color":"","overlay-opacity":"","overlay-gradient":""},"tablet":{"background-color":"","background-image":"","background-repeat":"repeat","background-position":"center center","background-size":"auto","background-attachment":"scroll","background-type":"","background-media":"","overlay-type":"","overlay-color":"","overlay-opacity":"","overlay-gradient":""},"mobile":{"background-color":"","background-image":"","background-repeat":"repeat","background-position":"center center","background-size":"auto","background-attachment":"scroll","background-type":"","background-media":"","overlay-type":"","overlay-color":"","overlay-opacity":"","overlay-gradient":""}},"ast-content-background-meta":{"desktop":{"background-color":"var(--ast-global-color-5)","background-image":"","background-repeat":"repeat","background-position":"center center","background-size":"auto","background-attachment":"scroll","background-type":"","background-media":"","overlay-type":"","overlay-color":"","overlay-opacity":"","overlay-gradient":""},"tablet":{"background-color":"var(--ast-global-color-5)","background-image":"","background-repeat":"repeat","background-position":"center center","background-size":"auto","background-attachment":"scroll","background-type":"","background-media":"","overlay-type":"","overlay-color":"","overlay-opacity":"","overlay-gradient":""},"mobile":{"background-color":"var(--ast-global-color-5)","background-image":"","background-repeat":"repeat","background-position":"center center","background-size":"auto","background-attachment":"scroll","background-type":"","background-media":"","overlay-type":"","overlay-color":"","overlay-opacity":"","overlay-gradient":""}}},"product_brand":[],"product_cat":[222],"product_tag":[],"class_list":{"0":"post-7624","1":"product","2":"type-product","3":"status-publish","4":"has-post-thumbnail","6":"product_cat-may-say-chan-khong","7":"desktop-align-center","8":"tablet-align-center","9":"mobile-align-center","10":"ast-product-gallery-layout-horizontal","11":"ast-product-tabs-layout-horizontal","12":"ast-qv-on-image","14":"first","15":"instock","16":"shipping-taxable","17":"product-type-simple"},"_links":{"self":[{"href":"https:\/\/www.griffinmachinery.com\/vi\/wp-json\/wp\/v2\/product\/7624","targetHints":{"allow":["GET"]}}],"collection":[{"href":"https:\/\/www.griffinmachinery.com\/vi\/wp-json\/wp\/v2\/product"}],"about":[{"href":"https:\/\/www.griffinmachinery.com\/vi\/wp-json\/wp\/v2\/types\/product"}],"wp:featuredmedia":[{"embeddable":true,"href":"https:\/\/www.griffinmachinery.com\/vi\/wp-json\/wp\/v2\/media\/7207"}],"wp:attachment":[{"href":"https:\/\/www.griffinmachinery.com\/vi\/wp-json\/wp\/v2\/media?parent=7624"}],"wp:term":[{"taxonomy":"product_brand","embeddable":true,"href":"https:\/\/www.griffinmachinery.com\/vi\/wp-json\/wp\/v2\/product_brand?post=7624"},{"taxonomy":"product_cat","embeddable":true,"href":"https:\/\/www.griffinmachinery.com\/vi\/wp-json\/wp\/v2\/product_cat?post=7624"},{"taxonomy":"product_tag","embeddable":true,"href":"https:\/\/www.griffinmachinery.com\/vi\/wp-json\/wp\/v2\/product_tag?post=7624"}],"curies":[{"name":"wp","href":"https:\/\/api.w.org\/{rel}","templated":true}]}}