{"id":7623,"date":"2022-04-04T16:20:11","date_gmt":"2022-04-04T16:20:11","guid":{"rendered":"https:\/\/www.griffinmachinery.com\/may-say-dong-chan-khong\/"},"modified":"2023-03-21T10:41:50","modified_gmt":"2023-03-21T10:41:50","slug":"may-say-dong-chan-khong","status":"publish","type":"product","link":"https:\/\/www.griffinmachinery.com\/vi\/may-say-dong-chan-khong\/","title":{"rendered":"M\u00e1y s\u1ea5y \u0111\u00f4ng ch\u00e2n kh\u00f4ng"},"content":{"rendered":"<h3>Nguy\u00ean t\u1eafc l\u00e0m vi\u1ec7c<\/h3>\n<p>N\u00f3 l\u00e0 nhanh ch\u00f3ng l\u00e0m \u0111\u00f4ng c\u1ee9ng ch\u1ea5t l\u1ecfng trong v\u1eadt li\u1ec7u th\u00e0nh b\u0103ng r\u1eafn, v\u00e0 tr\u1ef1c ti\u1ebfp l\u00e0m b\u1ed1c h\u01a1i n\u01b0\u1edbc t\u1eeb tr\u1ea1ng th\u00e1i r\u1eafn theo ti\u1ec1n \u0111\u1ec1 l\u00e0m b\u0103ng kh\u00f4ng h\u00f2a tan, v\u00e0 li\u00ean t\u1ee5c lo\u1ea1i b\u1ecf h\u01a1i, \u0111\u1ec3 \u0111\u1ea1t \u0111\u01b0\u1ee3c m\u1ee5c \u0111\u00edch l\u00e0m kh\u00f4 v\u1eadt li\u1ec7u.<\/p>\n<p>S\u1ea5y kh\u00f4 truy\u1ec1n th\u1ed1ng c\u00f3 th\u1ec3 l\u00e0m cho v\u1eadt li\u1ec7u b\u1ecb co l\u1ea1i, ph\u00e1 h\u1ee7y c\u00e1c t\u1ebf b\u00e0o. C\u1ea5u tr\u00fac c\u1ee7a m\u1eabu kh\u00f4ng b\u1ecb ph\u00e1 h\u1ee7y trong qu\u00e1 tr\u00ecnh \u0111\u00f4ng kh\u00f4 v\u00ec c\u00e1c th\u00e0nh ph\u1ea7n r\u1eafn \u0111\u01b0\u1ee3c h\u1ed7 tr\u1ee3 b\u1edfi b\u0103ng r\u1eafn \u1edf v\u1ecb tr\u00ed c\u1ee7a ch\u00fang. Khi b\u0103ng th\u0103ng hoa, n\u00f3 \u0111\u1ec3 l\u1ea1i c\u00e1c l\u1ed7 r\u1ed7ng tr\u00ean v\u1eadt li\u1ec7u kh\u00f4 c\u00f2n s\u00f3t l\u1ea1i. \u0110i\u1ec1u n\u00e0y b\u1ea3o to\u00e0n t\u00ednh to\u00e0n v\u1eb9n c\u1ee7a c\u1ea5u tr\u00fac sinh h\u1ecdc v\u00e0 h\u00f3a h\u1ecdc c\u1ee7a s\u1ea3n ph\u1ea9m v\u00e0 ho\u1ea1t \u0111\u1ed9ng c\u1ee7a n\u00f3.<\/p>\n<h3>C\u00e1c \u1ee9ng d\u1ee5ng<\/h3>\n<ul>\n<li><strong>C\u00f4ng nghi\u1ec7p th\u1ef1c ph\u1ea9m<\/strong>: c\u00f4ng ngh\u1ec7 \u0111\u00f4ng kh\u00f4 ch\u00e2n kh\u00f4ng c\u00f3 th\u1ec3 \u0111\u01b0\u1ee3c s\u1eed d\u1ee5ng \u0111\u1ec3 s\u1ea5y tr\u00e1i c\u00e2y v\u00e0 rau qu\u1ea3, th\u1ecbt v\u00e0 gia c\u1ea7m, th\u1ee7y s\u1ea3n, gia v\u1ecb, th\u1ef1c ph\u1ea9m \u0103n li\u1ec1n v\u00e0 c\u00e1c s\u1ea3n ph\u1ea9m \u0111\u1eb7c s\u1ea3n n\u1ed5i ti\u1ebfng v\u00e0 ch\u1ea5t l\u01b0\u1ee3ng cao, v.v. N\u01b0\u1edbc t\u1ed1t, th\u00e0nh ph\u1ea9m d\u1ec5 b\u1ea3o qu\u1ea3n v\u00e0 v\u1eadn chuy\u1ec3n, gi\u1ea3m gi\u00e1 th\u00e0nh, k\u00e9o d\u00e0i th\u1eddi gian b\u1ea3o qu\u1ea3n.<\/li>\n<li><strong>Dinh d\u01b0\u1ee1ng v\u00e0 ch\u0103m s\u00f3c s\u1ee9c kh\u1ecfe<\/strong>: Quy tr\u00ecnh \u0111\u00f4ng kh\u00f4 ch\u00e2n kh\u00f4ng \u0111\u01b0\u1ee3c s\u1eed d\u1ee5ng \u0111\u1ec3 l\u00e0m kh\u00f4 c\u00e1c s\u1ea3n ph\u1ea9m dinh d\u01b0\u1ee1ng v\u00e0 ch\u0103m s\u00f3c s\u1ee9c kh\u1ecfe nh\u01b0 s\u1eefa ong ch\u00faa, nh\u00e2n s\u00e2m, r\u00f9a, ba ba v\u00e0 giun \u0111\u1ea5t, khi\u1ebfn m\u1ecdi ng\u01b0\u1eddi tin t\u01b0\u1edfng r\u1eb1ng c\u00e1c s\u1ea3n ph\u1ea9m dinh d\u01b0\u1ee1ng l\u00e0 tinh khi\u1ebft v\u00e0 t\u1ef1 nhi\u00ean.<\/li>\n<li><strong>C\u00f4ng nghi\u1ec7p d\u01b0\u1ee3c ph\u1ea9m:<\/strong> Ph\u01b0\u01a1ng ph\u00e1p \u0111\u00f4ng kh\u00f4 ch\u00e2n kh\u00f4ng c\u00f3 th\u1ec3 \u0111\u01b0\u1ee3c \u00e1p d\u1ee5ng \u0111\u1ec3 kh\u1eed n\u01b0\u1edbc v\u00e0 b\u1ea3o qu\u1ea3n c\u00e1c lo\u1ea1i thu\u1ed1c Trung Qu\u1ed1c v\u00e0 ph\u01b0\u01a1ng T\u00e2y nh\u01b0 huy\u1ebft thanh, huy\u1ebft t\u01b0\u01a1ng, v\u1eafc xin, enzym, kh\u00e1ng sinh, hormone, v.v.<\/li>\n<li><strong>Nghi\u00ean c\u1ee9u sinh h\u1ecdc<\/strong>: B\u1ea3o qu\u1ea3n l\u00e2u d\u00e0i m\u00e1u, vi khu\u1ea9n, \u0111\u1ed9ng m\u1ea1ch, x\u01b0\u01a1ng, da, gi\u00e1c m\u1ea1c, m\u00f4 th\u1ea7n kinh v\u00e0 c\u00e1c c\u01a1 quan kh\u00e1c nhau b\u1eb1ng c\u00f4ng ngh\u1ec7 \u0111\u00f4ng kh\u00f4 ch\u00e2n kh\u00f4ng c\u00f3 th\u1ec3 \u0111\u01b0\u1ee3c t\u00e1i sinh ch\u1ec9 b\u1eb1ng c\u00e1ch cung c\u1ea5p n\u01b0\u1edbc trong qu\u00e1 tr\u00ecnh s\u1eed d\u1ee5ng v\u00e0 v\u1eabn duy tr\u00ec c\u00e1c \u0111\u1eb7c t\u00ednh l\u00fd sinh c\u1ee7a ch\u00fang.<\/li>\n<li><strong>Kh\u00e1c<\/strong>: V\u00ed d\u1ee5, n\u00f3 c\u00f3 th\u1ec3 \u0111\u01b0\u1ee3c s\u1eed d\u1ee5ng trong s\u1ea3n xu\u1ea5t g\u1ed1m s\u1ee9 c\u00e1ch nhi\u1ec7t h\u00e0ng kh\u00f4ng v\u0169 tr\u1ee5, b\u1ea3o qu\u1ea3n c\u00e1c s\u1ea3n ph\u1ea9m g\u1ed7 v\u00e0 l\u1ee5a trong kh\u1ea3o c\u1ed5 h\u1ecdc, s\u1ea3n xu\u1ea5t m\u1eabu v\u1eadt, chu\u1ea9n b\u1ecb v\u1eadt li\u1ec7u \u0111\u1eb7c bi\u1ec7t, v.v. v\u00e0 c\u00f3 th\u1ec3 nh\u1eadn \u0111\u01b0\u1ee3c c\u00e1c hi\u1ec7u \u1ee9ng \u0111\u1ed9c \u0111\u00e1o.<\/li>\n<\/ul>\n","protected":false},"excerpt":{"rendered":"<ul>\n<li>S\u1ea5y \u0111\u00f4ng \u0111\u01b0\u1ee3c th\u1ef1c hi\u1ec7n \u1edf nhi\u1ec7t \u0111\u1ed9 th\u1ea5p n\u00ean \u0111\u1eb7c bi\u1ec7t th\u00edch h\u1ee3p v\u1edbi nhi\u1ec1u ch\u1ea5t nh\u1ea1y c\u1ea3m v\u1edbi nhi\u1ec7t. Ch\u1eb3ng h\u1ea1n nh\u01b0 protein, vi sinh v\u1eadt, vv s\u1ebd kh\u00f4ng b\u1ecb bi\u1ebfn t\u00ednh ho\u1eb7c m\u1ea5t ho\u1ea1t t\u00ednh sinh h\u1ecdc. V\u00ec v\u1eady, n\u00f3 \u0111\u01b0\u1ee3c s\u1eed d\u1ee5ng r\u1ed9ng r\u00e3i trong y h\u1ecdc.<\/li>\n<li>Khi s\u1ea5y \u1edf nhi\u1ec7t \u0111\u1ed9 th\u1ea5p, s\u1ef1 m\u1ea5t m\u00e1t m\u1ed9t s\u1ed1 th\u00e0nh ph\u1ea7n bay h\u01a1i trong c\u01a1 ch\u1ea5t \u00edt, th\u00edch h\u1ee3p cho m\u1ed9t s\u1ed1 s\u1ea3n ph\u1ea9m h\u00f3a ch\u1ea5t, thu\u1ed1c v\u00e0 s\u1ea5y th\u1ef1c ph\u1ea9m.<\/li>\n<li>Trong qu\u00e1 tr\u00ecnh \u0111\u00f4ng kh\u00f4, s\u1ef1 ph\u00e1t tri\u1ec3n c\u1ee7a vi sinh v\u1eadt v\u00e0 ho\u1ea1t \u0111\u1ed9ng c\u1ee7a enzym kh\u00f4ng th\u1ec3 ti\u1ebfn h\u00e0nh, do \u0111\u00f3, h\u00ecnh d\u1ea1ng ban \u0111\u1ea7u c\u00f3 th\u1ec3 \u0111\u01b0\u1ee3c duy tr\u00ec.<\/li>\n<li>V\u00ec \u0111\u01b0\u1ee3c s\u1ea5y kh\u00f4 \u1edf tr\u1ea1ng th\u00e1i \u0111\u00f4ng l\u1ea1nh n\u00ean th\u1ec3 t\u00edch h\u1ea7u nh\u01b0 kh\u00f4ng thay \u0111\u1ed5i, c\u1ea5u tr\u00fac ban \u0111\u1ea7u \u0111\u01b0\u1ee3c gi\u1eef nguy\u00ean, kh\u00f4ng x\u1ea3y ra hi\u1ec7n t\u01b0\u1ee3ng c\u00f4 \u0111\u1eb7c.<\/li>\n<li>Ch\u1ea5t l\u00e0m kh\u00f4 l\u00e0 l\u1ecfng v\u00e0 x\u1ed1p, \u1edf d\u1ea1ng b\u1ecdt bi\u1ec3n, h\u00f2a tan nhanh ch\u00f3ng v\u00e0 ho\u00e0n to\u00e0n sau khi th\u00eam n\u01b0\u1edbc, v\u00e0 ph\u1ee5c h\u1ed3i h\u00ecnh d\u1ea1ng ban \u0111\u1ea7u g\u1ea7n nh\u01b0 ngay l\u1eadp t\u1ee9c.<\/li>\n<li>N\u00f3 \u0111\u01b0\u1ee3c th\u1ef1c hi\u1ec7n trong ch\u00e2n kh\u00f4ng v\u1edbi r\u1ea5t \u00edt oxy, v\u00ec v\u1eady m\u1ed9t s\u1ed1 ch\u1ea5t d\u1ec5 b\u1ecb oxy h\u00f3a \u0111\u01b0\u1ee3c b\u1ea3o v\u1ec7.<\/li>\n<li>N\u00f3 c\u00f3 th\u1ec3 lo\u1ea1i b\u1ecf h\u01a1n 95-99% l\u01b0\u1ee3ng n\u01b0\u1edbc, do \u0111\u00f3 s\u1ea3n ph\u1ea9m s\u1ea5y kh\u00f4 c\u00f3 th\u1ec3 \u0111\u01b0\u1ee3c b\u1ea3o qu\u1ea3n trong th\u1eddi gian d\u00e0i m\u00e0 kh\u00f4ng b\u1ecb bi\u1ebfn ch\u1ea5t.<\/li>\n<\/ul>\n","protected":false},"featured_media":7227,"template":"","meta":{"site-sidebar-layout":"default","site-content-layout":"default","ast-site-content-layout":"default","site-content-style":"default","site-sidebar-style":"default","ast-global-header-display":"","ast-banner-title-visibility":"","ast-main-header-display":"","ast-hfb-above-header-display":"","ast-hfb-below-header-display":"","ast-hfb-mobile-header-display":"","site-post-title":"","ast-breadcrumbs-content":"","ast-featured-img":"","footer-sml-layout":"","ast-disable-related-posts":"","theme-transparent-header-meta":"default","adv-header-id-meta":"","stick-header-meta":"default","header-above-stick-meta":"","header-main-stick-meta":"","header-below-stick-meta":"","astra-migrate-meta-layouts":"default","ast-page-background-enabled":"default","ast-page-background-meta":{"desktop":{"background-color":"","background-image":"","background-repeat":"repeat","background-position":"center center","background-size":"auto","background-attachment":"scroll","background-type":"","background-media":"","overlay-type":"","overlay-color":"","overlay-opacity":"","overlay-gradient":""},"tablet":{"background-color":"","background-image":"","background-repeat":"repeat","background-position":"center center","background-size":"auto","background-attachment":"scroll","background-type":"","background-media":"","overlay-type":"","overlay-color":"","overlay-opacity":"","overlay-gradient":""},"mobile":{"background-color":"","background-image":"","background-repeat":"repeat","background-position":"center center","background-size":"auto","background-attachment":"scroll","background-type":"","background-media":"","overlay-type":"","overlay-color":"","overlay-opacity":"","overlay-gradient":""}},"ast-content-background-meta":{"desktop":{"background-color":"var(--ast-global-color-5)","background-image":"","background-repeat":"repeat","background-position":"center center","background-size":"auto","background-attachment":"scroll","background-type":"","background-media":"","overlay-type":"","overlay-color":"","overlay-opacity":"","overlay-gradient":""},"tablet":{"background-color":"var(--ast-global-color-5)","background-image":"","background-repeat":"repeat","background-position":"center center","background-size":"auto","background-attachment":"scroll","background-type":"","background-media":"","overlay-type":"","overlay-color":"","overlay-opacity":"","overlay-gradient":""},"mobile":{"background-color":"var(--ast-global-color-5)","background-image":"","background-repeat":"repeat","background-position":"center center","background-size":"auto","background-attachment":"scroll","background-type":"","background-media":"","overlay-type":"","overlay-color":"","overlay-opacity":"","overlay-gradient":""}}},"product_brand":[],"product_cat":[222],"product_tag":[],"class_list":{"0":"post-7623","1":"product","2":"type-product","3":"status-publish","4":"has-post-thumbnail","6":"product_cat-may-say-chan-khong","7":"desktop-align-center","8":"tablet-align-center","9":"mobile-align-center","10":"ast-product-gallery-layout-horizontal","11":"ast-product-tabs-layout-horizontal","12":"ast-qv-on-image","14":"first","15":"instock","16":"shipping-taxable","17":"product-type-simple"},"_links":{"self":[{"href":"https:\/\/www.griffinmachinery.com\/vi\/wp-json\/wp\/v2\/product\/7623","targetHints":{"allow":["GET"]}}],"collection":[{"href":"https:\/\/www.griffinmachinery.com\/vi\/wp-json\/wp\/v2\/product"}],"about":[{"href":"https:\/\/www.griffinmachinery.com\/vi\/wp-json\/wp\/v2\/types\/product"}],"wp:featuredmedia":[{"embeddable":true,"href":"https:\/\/www.griffinmachinery.com\/vi\/wp-json\/wp\/v2\/media\/7227"}],"wp:attachment":[{"href":"https:\/\/www.griffinmachinery.com\/vi\/wp-json\/wp\/v2\/media?parent=7623"}],"wp:term":[{"taxonomy":"product_brand","embeddable":true,"href":"https:\/\/www.griffinmachinery.com\/vi\/wp-json\/wp\/v2\/product_brand?post=7623"},{"taxonomy":"product_cat","embeddable":true,"href":"https:\/\/www.griffinmachinery.com\/vi\/wp-json\/wp\/v2\/product_cat?post=7623"},{"taxonomy":"product_tag","embeddable":true,"href":"https:\/\/www.griffinmachinery.com\/vi\/wp-json\/wp\/v2\/product_tag?post=7623"}],"curies":[{"name":"wp","href":"https:\/\/api.w.org\/{rel}","templated":true}]}}