{"id":7614,"date":"2022-04-07T05:50:37","date_gmt":"2022-04-07T05:50:37","guid":{"rendered":"https:\/\/www.griffinmachinery.com\/chinh-sach-bao-mat\/"},"modified":"2022-06-24T08:31:37","modified_gmt":"2022-06-24T08:31:37","slug":"chinh-sach-bao-mat","status":"publish","type":"page","link":"https:\/\/www.griffinmachinery.com\/vi\/chinh-sach-bao-mat\/","title":{"rendered":"Ch\u00ednh s\u00e1ch b\u1ea3o m\u1eadt"},"content":{"rendered":"\n\n\t<p>Ch\u00e0o m\u1eebng \u0111\u1ebfn v\u1edbi GriffinMachinery! N\u1ebfu b\u1ea1n gh\u00e9 th\u0103m c\u1eeda h\u00e0ng c\u1ee7a ch\u00fang t\u00f4i, \u0111i\u1ec1u \u0111\u00f3 c\u00f3 ngh\u0129a l\u00e0 b\u1ea1n t\u1ef1 \u0111\u1ed9ng ch\u1ea5p nh\u1eadn t\u1ea5t c\u1ea3 c\u00e1c \u0111i\u1ec1u kho\u1ea3n v\u00e0 \u0111i\u1ec1u ki\u1ec7n. Vui l\u00f2ng \u0111\u1ecdc k\u1ef9 t\u1ea5t c\u1ea3 th\u00f4ng tin li\u00ean quan \u0111\u1ebfn c\u00e1c nguy\u00ean t\u1eafc, \u0111i\u1ec1u kho\u1ea3n v\u00e0 th\u1ecfa thu\u1eadn c\u1ee7a ch\u00fang t\u00f4i.<\/p>\n<p>Vi\u1ec7c quan t\u00e2m \u0111\u1ebfn th\u00f4ng tin l\u00e0 r\u1ea5t quan tr\u1ecdng v\u00ec ch\u00fang ta \u0111ang s\u1ed1ng trong m\u1ed9t x\u00e3 h\u1ed9i th\u00f4ng tin v\u00e0 b\u1ea1n kh\u00f4ng th\u1ec3 \u0111\u00e1nh gi\u00e1 th\u1ea5p c\u00e1ch th\u00f4ng tin s\u1ebd \u0111\u01b0\u1ee3c s\u1eed d\u1ee5ng v\u00e0 chia s\u1ebb.<\/p>\n<p>Ni\u1ec1m tin l\u00e0 n\u1ec1n t\u1ea3ng c\u1ee7a t\u00ecnh b\u1ea1n v\u00e0 ch\u00fang t\u00f4i \u0111\u00e1nh gi\u00e1 cao quy\u1ebft \u0111\u1ecbnh c\u1ee7a b\u1ea1n khi ch\u1ecdn c\u1eeda h\u00e0ng c\u1ee7a ch\u00fang t\u00f4i. Ch\u00fang t\u00f4i cung c\u1ea5p cho b\u1ea1n to\u00e0n quy\u1ec1n truy c\u1eadp v\u00e0o c\u00e1c lo\u1ea1i th\u00f4ng tin kh\u00e1c nhau li\u00ean quan \u0111\u1ebfn t\u00e0i kho\u1ea3n c\u1ee7a b\u1ea1n.<\/p>\n<p>Ngo\u00e0i ra, xin l\u01b0u \u00fd r\u1eb1ng trang web c\u1ee7a ch\u00fang t\u00f4i ch\u1ee9a nhi\u1ec1u nh\u00e3n hi\u1ec7u c\u00f3 th\u1ec3 thu\u1ed9c v\u1ec1 c\u1ea3 c\u00f4ng ty ch\u00fang t\u00f4i v\u00e0 c\u00e1c c\u00f4ng ty b\u00ean th\u1ee9 ba.<\/p>\n<p>Vi\u1ec7c s\u1eed d\u1ee5ng bi\u1ec3u tr\u01b0ng, \u200b\u200bbi\u1ec3u t\u01b0\u1ee3ng v\u00e0 t\u00ean d\u1ecbch v\u1ee5 b\u1ecb c\u1ea5m theo b\u1ea5t k\u1ef3 c\u00e1ch n\u00e0o c\u00f3 th\u1ec3 g\u00e2y nh\u1ea7m l\u1eabn cho kh\u00e1ch h\u00e0ng c\u1ee7a ch\u00fang t\u00f4i v\u00e0 s\u1ebd b\u1ecb coi l\u00e0 vi ph\u1ea1m lu\u1eadt b\u1ea3n quy\u1ec1n.<\/p>\n<p>Ch\u00fang t\u00f4i c\u00f3 quy\u1ec1n th\u1ef1c hi\u1ec7n c\u00e1c thay \u0111\u1ed5i \u0111\u1ed1i v\u1edbi c\u00e1c \u0111i\u1ec1u kho\u1ea3n v\u00e0 \u0111i\u1ec1u ki\u1ec7n n\u00e0y b\u1ea5t k\u1ef3 l\u00fac n\u00e0o m\u00e0 kh\u00f4ng c\u1ea7n th\u00f4ng b\u00e1o tr\u01b0\u1edbc.<\/p>\n<p>B\u1eb1ng c\u00e1ch s\u1eed d\u1ee5ng trang web n\u00e0y, b\u1ea1n \u0111\u1ed3ng \u00fd v\u1edbi c\u00e1c \u0111i\u1ec1u kho\u1ea3n c\u1ee7a phi\u00ean b\u1ea3n m\u1edbi nh\u1ea5t c\u1ee7a Ch\u00ednh s\u00e1ch B\u1ea3o m\u1eadt n\u00e0y. Vui l\u00f2ng \u0111\u1ecdc \u0110i\u1ec1u kho\u1ea3n S\u1eed d\u1ee5ng c\u1ee7a ch\u00fang t\u00f4i \u0111\u1ec3 hi\u1ec3u c\u00e1c quy \u0111\u1ecbnh chung v\u1ec1 vi\u1ec7c b\u1ea1n s\u1eed d\u1ee5ng trang web n\u00e0y. Ngo\u1ea1i tr\u1eeb \u0111\u01b0\u1ee3c vi\u1ebft trong b\u1ea5t k\u1ef3 tuy\u00ean b\u1ed1 t\u1eeb ch\u1ed1i tr\u00e1ch nhi\u1ec7m, ch\u00ednh s\u00e1ch, \u0110i\u1ec1u kho\u1ea3n S\u1eed d\u1ee5ng ho\u1eb7c c\u00e1c th\u00f4ng b\u00e1o kh\u00e1c tr\u00ean trang web n\u00e0y, Ch\u00ednh s\u00e1ch B\u1ea3o m\u1eadt v\u00e0 \u0110i\u1ec1u kho\u1ea3n S\u1eed d\u1ee5ng n\u00e0y l\u00e0 th\u1ecfa thu\u1eadn ho\u00e0n ch\u1ec9nh gi\u1eefa b\u1ea1n v\u00e0 GriffinMachinery.com v\u1ec1 vi\u1ec7c b\u1ea1n s\u1eed d\u1ee5ng trang web n\u00e0y. B\u1ea1n c\u00f3 th\u1ec3 ph\u1ea3i tu\u00e2n theo c\u00e1c \u0111i\u1ec1u kho\u1ea3n b\u1ed5 sung c\u00f3 th\u1ec3 \u00e1p d\u1ee5ng khi b\u1ea1n truy c\u1eadp c\u00e1c d\u1ecbch v\u1ee5 ho\u1eb7c t\u00e0i li\u1ec7u c\u1ee5 th\u1ec3 v\u1ec1 c\u00e1c khu v\u1ef1c nh\u1ea5t \u0111\u1ecbnh trong trang web n\u00e0y ho\u1eb7c b\u1eb1ng c\u00e1ch nh\u1ea5p v\u00e0o li\u00ean k\u1ebft t\u1eeb trang web n\u00e0y.<\/p>\n<h2>Gi\u1edbi thi\u1ec7u<\/h2>\n<p>Th\u00f4ng tin ch\u00fang t\u00f4i nh\u1eadn \u0111\u01b0\u1ee3c v\u00e0 c\u00e1ch ch\u00fang t\u00f4i s\u1eed d\u1ee5ng th\u00f4ng tin \u0111\u00f3 ph\u1ee5 thu\u1ed9c v\u00e0o nh\u1eefng g\u00ec b\u1ea1n l\u00e0m khi truy c\u1eadp trang web c\u1ee7a ch\u00fang t\u00f4i. Ch\u00fang t\u00f4i thu th\u1eadp v\u00e0 s\u1eed d\u1ee5ng th\u00f4ng tin phi c\u00e1 nh\u00e2n c\u1ee7a b\u1ea1n (th\u00f4ng tin kh\u00f4ng th\u1ec3 nh\u1eadn d\u1ea1ng c\u00e1 nh\u00e2n b\u1ea1n) kh\u00e1c v\u1edbi th\u00f4ng tin c\u00e1 nh\u00e2n c\u1ee7a b\u1ea1n.<\/p>\n<h2>Th\u00f4ng tin phi c\u00e1 nh\u00e2n l\u00e0 g\u00ec?<\/h2>\n<p>Th\u00f4ng tin phi c\u00e1 nh\u00e2n l\u00e0 th\u00f4ng tin ch\u00fang t\u00f4i thu th\u1eadp th\u00f4ng qua trang web n\u00e0y m\u00e0 kh\u00f4ng x\u00e1c \u0111\u1ecbnh ch\u00fang t\u00f4i l\u00e0 m\u1ed9t c\u00e1 nh\u00e2n. N\u00f3 c\u00f3 th\u1ec3 bao g\u1ed3m nh\u1eefng th\u00f4ng tin nh\u01b0 sau:<\/p>\n<ul>\n<li>lo\u1ea1i ph\u1ea7n m\u1ec1m tr\u00ecnh duy\u1ec7t web b\u1ea1n s\u1eed d\u1ee5ng (v\u00ed d\u1ee5: Netscape Navigator ho\u1eb7c Internet Explorer)<\/li>\n<li>t\u00ean mi\u1ec1n m\u00e0 b\u1ea1n truy c\u1eadp Internet t\u1eeb \u0111\u00f3<\/li>\n<li>\u0111\u1ecba ch\u1ec9 Internet c\u1ee7a trang web m\u00e0 t\u1eeb \u0111\u00f3 b\u1ea1n \u0111\u00e3 li\u00ean k\u1ebft tr\u1ef1c ti\u1ebfp \u0111\u1ebfn trang web c\u1ee7a ch\u00fang t\u00f4i<\/li>\n<li>ng\u00e0y v\u00e0 gi\u1edd b\u1ea1n truy c\u1eadp trang web c\u1ee7a ch\u00fang t\u00f4i<\/li>\n<li>nh\u1eefng trang n\u00e0o b\u1ea1n \u0111\u00e3 truy c\u1eadp tr\u00ean trang web c\u1ee7a ch\u00fang t\u00f4i<\/li>\n<li>c\u00e1c c\u1ee5m t\u1eeb t\u00ecm ki\u1ebfm b\u1ea1n s\u1eed d\u1ee5ng<\/li>\n<li>c\u00e1c li\u00ean k\u1ebft m\u00e0 b\u1ea1n nh\u1ea5p v\u00e0o<\/li>\n<li>th\u00f4ng tin c\u00e1 nh\u00e2n \u0111\u00e3 \u0111\u01b0\u1ee3c th\u1ef1c hi\u1ec7n phi c\u00e1 nh\u00e2n ho\u1eb7c \u1ea9n danh (t\u1ee9c l\u00e0 th\u00f4ng tin kh\u00f4ng c\u00f2n ph\u1ea3n \u00e1nh ho\u1eb7c tham chi\u1ebfu \u0111\u1ebfn m\u1ed9t ng\u01b0\u1eddi d\u00f9ng c\u00f3 th\u1ec3 nh\u1eadn d\u1ea1ng c\u00e1 nh\u00e2n)<\/li>\n<\/ul>\n<p>N\u1ebfu b\u1ea1n truy c\u1eadp trang web c\u1ee7a ch\u00fang t\u00f4i \u0111\u1ec3 \u0111\u1ecdc ho\u1eb7c t\u1ea3i xu\u1ed1ng th\u00f4ng tin, ch\u1eb3ng h\u1ea1n nh\u01b0 th\u00f4ng tin v\u1ec1 t\u00ecnh tr\u1ea1ng s\u1ee9c kh\u1ecfe ho\u1eb7c v\u1ec1 m\u1ed9t trong nh\u1eefng s\u1ea3n ph\u1ea9m c\u1ee7a ch\u00fang t\u00f4i, ch\u00fang t\u00f4i c\u00f3 th\u1ec3 thu th\u1eadp m\u1ed9t s\u1ed1 th\u00f4ng tin phi c\u00e1 nh\u00e2n v\u1ec1 b\u1ea1n t\u1eeb m\u00e1y t\u00ednh c\u1ee7a b\u1ea1n. Th\u00f4ng tin n\u00e0y \u0111\u01b0\u1ee3c thu th\u1eadp t\u1eeb tr\u00ecnh duy\u1ec7t web tr\u00ean m\u00e1y t\u00ednh c\u1ee7a b\u1ea1n: N\u1ebfu b\u1ea1n ch\u1ec9 \u0111\u1ecdc ho\u1eb7c t\u1ea3i xu\u1ed1ng th\u00f4ng tin tr\u00ean trang web c\u1ee7a ch\u00fang t\u00f4i, ch\u00fang t\u00f4i kh\u00f4ng thu th\u1eadp ho\u1eb7c t\u00ecm hi\u1ec3u t\u00ean, \u0111\u1ecba ch\u1ec9 e-mail, \u0111\u1ecba ch\u1ec9 nh\u00e0 ri\u00eang ho\u1eb7c th\u00f4ng tin c\u00e1 nh\u00e2n kh\u00e1c v\u1ec1 b\u1ea1n. Ch\u00fang t\u00f4i c\u00f3 th\u1ec3 \u0111\u1eb7t m\u1ed9t t\u1ec7p v\u0103n b\u1ea3n \u0111\u01b0\u1ee3c g\u1ecdi l\u00e0 cookie trong c\u00e1c t\u1ec7p tr\u00ecnh duy\u1ec7t tr\u00ean m\u00e1y t\u00ednh c\u1ee7a b\u1ea1n khi b\u1ea1n truy c\u1eadp. Cookie c\u00f3 th\u1ec3 \u0111\u01b0\u1ee3c l\u01b0u tr\u1eef tr\u00ean \u1ed5 c\u1ee9ng m\u00e1y t\u00ednh c\u1ee7a b\u1ea1n. Th\u00f4ng tin m\u00e0 ch\u00fang t\u00f4i thu th\u1eadp b\u1eb1ng c\u00e1ch s\u1eed d\u1ee5ng cookie l\u00e0 th\u00f4ng tin phi c\u00e1 nh\u00e2n. B\u1ea1n lu\u00f4n c\u00f3 quy\u1ec1n t\u1eeb ch\u1ed1i cookie c\u1ee7a ch\u00fang t\u00f4i n\u1ebfu tr\u00ecnh duy\u1ec7t c\u1ee7a b\u1ea1n cho ph\u00e9p, nh\u01b0ng m\u1ed9t s\u1ed1 ph\u1ea7n c\u1ee7a trang web c\u1ee7a ch\u00fang t\u00f4i c\u00f3 th\u1ec3 kh\u00f4ng ho\u1ea1t \u0111\u1ed9ng \u0111\u00fang v\u1edbi b\u1ea1n n\u1ebfu b\u1ea1n l\u00e0m nh\u01b0 v\u1eady. Ch\u00fang t\u00f4i s\u1ebd kh\u00f4ng cho ph\u00e9p c\u00e1c b\u00ean th\u1ee9 ba ngo\u00e0i nh\u1eefng c\u00f4ng ty m\u00e0 ch\u00fang t\u00f4i thu\u00ea \u0111\u1ec3 th\u1ef1c hi\u1ec7n c\u00e1c d\u1ecbch v\u1ee5 ho\u1eb7c ch\u1ee9c n\u0103ng thay m\u1eb7t ch\u00fang t\u00f4i \u0111\u1eb7t cookie tr\u00ean trang web c\u1ee7a ch\u00fang t\u00f4i.<\/p>\n<h2>GriffinMachinery.com l\u00e0m g\u00ec v\u1edbi th\u00f4ng tin phi c\u00e1 nh\u00e2n?<\/h2>\n<p>B\u1edfi v\u00ec th\u00f4ng tin phi c\u00e1 nh\u00e2n kh\u00f4ng th\u1ec3 nh\u1eadn d\u1ea1ng b\u1ea1n ho\u1eb7c r\u00e0ng bu\u1ed9c v\u1edbi b\u1ea1n theo b\u1ea5t k\u1ef3 c\u00e1ch n\u00e0o, n\u00ean kh\u00f4ng c\u00f3 h\u1ea1n ch\u1ebf n\u00e0o v\u1ec1 c\u00e1ch ch\u00fang t\u00f4i c\u00f3 th\u1ec3 s\u1eed d\u1ee5ng ho\u1eb7c chia s\u1ebb th\u00f4ng tin phi c\u00e1 nh\u00e2n. Ch\u00fang t\u00f4i lu\u00f4n t\u00ecm c\u00e1ch \u0111\u1ec3 ph\u1ee5c v\u1ee5 b\u1ea1n t\u1ed1t h\u01a1n v\u00e0 c\u1ea3i thi\u1ec7n trang web n\u00e0y. Ch\u00fang t\u00f4i s\u1ebd s\u1eed d\u1ee5ng th\u00f4ng tin phi c\u00e1 nh\u00e2n c\u1ee7a b\u1ea1n \u0111\u1ec3 gi\u00fap ch\u00fang t\u00f4i l\u00e0m cho trang web n\u00e0y h\u1eefu \u00edch h\u01a1n cho kh\u00e1ch truy c\u1eadp. Ch\u00fang t\u00f4i c\u0169ng s\u1ebd s\u1eed d\u1ee5ng th\u00f4ng tin phi c\u00e1 nh\u00e2n cho c\u00e1c m\u1ee5c \u0111\u00edch kinh doanh kh\u00e1c. V\u00ed d\u1ee5: ch\u00fang t\u00f4i c\u00f3 th\u1ec3 s\u1eed d\u1ee5ng th\u00f4ng tin phi c\u00e1 nh\u00e2n ho\u1eb7c t\u1ed5ng h\u1ee3p th\u00f4ng tin phi c\u00e1 nh\u00e2n \u0111\u1ec3:<\/p>\n<ul>\n<li>t\u1ea1o b\u00e1o c\u00e1o s\u1eed d\u1ee5ng n\u1ed9i b\u1ed9 \u0111\u1ec3 ph\u00e1t tri\u1ec3n c\u00e1c ch\u01b0\u01a1ng tr\u00ecnh, s\u1ea3n ph\u1ea9m, d\u1ecbch v\u1ee5 ho\u1eb7c n\u1ed9i dung<\/li>\n<li>t\u00f9y ch\u1ec9nh th\u00f4ng tin ho\u1eb7c d\u1ecbch v\u1ee5 m\u00e0 b\u1ea1n quan t\u00e2m<\/li>\n<li>Chia s\u1ebb n\u00f3 v\u1edbi ho\u1eb7c b\u00e1n n\u00f3 cho c\u00e1c b\u00ean th\u1ee9 ba<\/li>\n<li>cung c\u1ea5p &#8220;th\u1ed1ng k\u00ea l\u01b0u l\u01b0\u1ee3ng truy c\u1eadp&#8221; v\u00e0 &#8220;t\u1ef7 l\u1ec7 ph\u1ea3n h\u1ed3i&#8221; t\u1ed5ng h\u1ee3p cho c\u00e1c b\u00ean th\u1ee9 ba<\/li>\n<li>Th\u00f4ng tin c\u00e1 nh\u00e2n l\u00e0 g\u00ec?<\/li>\n<\/ul>\n<p>Th\u00f4ng tin c\u00e1 nh\u00e2n l\u00e0 th\u00f4ng tin ch\u00fang t\u00f4i thu th\u1eadp th\u00f4ng qua trang web n\u00e0y m\u00e0 ch\u00fang t\u00f4i c\u00f3 th\u1ec3 s\u1eed d\u1ee5ng \u0111\u1ec3 x\u00e1c \u0111\u1ecbnh c\u1ee5 th\u1ec3 b\u1ea1n, ch\u1eb3ng h\u1ea1n nh\u01b0:<\/p>\n<ul>\n<li>T\u00ean<\/li>\n<li>s\u1ed1 \u0111i\u1ec7n tho\u1ea1i<\/li>\n<li>\u0111i\u0323a chi\u0309 email<\/li>\n<li>s\u1ed1 s\u00ea-ri thi\u1ebft b\u1ecb y t\u1ebf<\/li>\n<li>th\u00f4ng tin s\u1ee9c kh\u1ecfe c\u00e1 nh\u00e2n<\/li>\n<li>ng\u00e0y sinh<\/li>\n<\/ul>\n<p>\u1ede m\u1ed9t s\u1ed1 n\u01a1i tr\u00ean trang web n\u00e0y, b\u1ea1n c\u00f3 c\u01a1 h\u1ed9i g\u1eedi cho ch\u00fang t\u00f4i th\u00f4ng tin c\u00e1 nh\u00e2n v\u1ec1 b\u1ea3n th\u00e2n b\u1ea1n, ch\u1ecdn nh\u1eadn th\u00f4ng tin c\u1ee5 th\u1ec3 ho\u1eb7c tham gia v\u00e0o m\u1ed9t ho\u1ea1t \u0111\u1ed9ng. V\u00ed d\u1ee5: b\u1ea1n c\u00f3 th\u1ec3 \u0111i\u1ec1n v\u00e0o bi\u1ec3u m\u1eabu \u0111\u0103ng k\u00fd, m\u1ed9t cu\u1ed9c kh\u1ea3o s\u00e1t ho\u1eb7c m\u1ed9t bi\u1ec3u m\u1eabu e-mail v\u00e0 b\u1ea1n c\u00f3 th\u1ec3 ch\u1ecdn nh\u1eadn t\u00e0i li\u1ec7u gi\u00e1o d\u1ee5c v\u1ec1 c\u00e1c s\u1ea3n ph\u1ea9m v\u00e0 li\u1ec7u ph\u00e1p c\u1ee7a ch\u00fang t\u00f4i.<\/p>\n<p>B\u1ea1n c\u0169ng c\u00f3 th\u1ec3 ch\u1ecdn cho ph\u00e9p ch\u00fang t\u00f4i c\u00e1 nh\u00e2n h\u00f3a c\u00e1c l\u01b0\u1ee3t truy c\u1eadp c\u1ee7a b\u1ea1n v\u00e0o trang web, trong tr\u01b0\u1eddng h\u1ee3p \u0111\u00f3, ch\u00fang t\u00f4i s\u1ebd y\u00eau c\u1ea7u b\u1ea1n cung c\u1ea5p m\u1ed9t s\u1ed1 th\u00f4ng tin c\u00e1 nh\u00e2n nh\u1ea5t \u0111\u1ecbnh \u0111\u1ec3 gi\u00fap c\u00e1c l\u01b0\u1ee3t truy c\u1eadp v\u00e0o trang web c\u1ee7a ch\u00fang t\u00f4i h\u1eefu \u00edch h\u01a1n cho b\u1ea1n. Khi th\u00f4ng tin n\u00e0y \u0111\u01b0\u1ee3c k\u1ebft h\u1ee3p v\u1edbi th\u00f4ng tin phi c\u00e1 nh\u00e2n m\u00e0 ch\u00fang t\u00f4i thu th\u1eadp th\u00f4ng qua cookie (\u0111\u01b0\u1ee3c m\u00f4 t\u1ea3 \u1edf tr\u00ean), ch\u00fang t\u00f4i c\u00f3 th\u1ec3 cho bi\u1ebft r\u1eb1ng b\u1ea1n \u0111\u00e3 truy c\u1eadp trang web c\u1ee7a ch\u00fang t\u00f4i tr\u01b0\u1edbc \u0111\u00e2y v\u00e0 c\u00f3 th\u1ec3 c\u00e1 nh\u00e2n h\u00f3a quy\u1ec1n truy c\u1eadp c\u1ee7a b\u1ea1n v\u00e0o trang web c\u1ee7a ch\u00fang t\u00f4i, ch\u1eb3ng h\u1ea1n nh\u01b0 b\u1eb1ng c\u00e1ch cho b\u1ea1n bi\u1ebft v\u1ec1 c\u00e1c t\u00ednh n\u0103ng m\u1edbi m\u00e0 b\u1ea1n c\u00f3 th\u1ec3 quan t\u00e2m.<\/p>\n<h2>GriffinMachinery.com l\u01b0u gi\u1eef v\u00e0 s\u1eed d\u1ee5ng th\u00f4ng tin c\u00e1 nh\u00e2n nh\u01b0 th\u1ebf n\u00e0o?<\/h2>\n<p>Ch\u00fang t\u00f4i c\u00f3 th\u1ec3 gi\u1eef v\u00e0 s\u1eed d\u1ee5ng th\u00f4ng tin c\u00e1 nh\u00e2n m\u00e0 ch\u00fang t\u00f4i thu th\u1eadp \u0111\u01b0\u1ee3c t\u1eeb b\u1ea1n th\u00f4ng qua trang web n\u00e0y \u0111\u1ec3 cung c\u1ea5p cho b\u1ea1n quy\u1ec1n truy c\u1eadp v\u00e0o trang web n\u00e0y. Ngo\u00e0i ra, ch\u00fang t\u00f4i c\u00f3 th\u1ec3 gi\u1eef v\u00e0 s\u1eed d\u1ee5ng th\u00f4ng tin c\u00e1 nh\u00e2n c\u1ee7a b\u1ea1n:<\/p>\n<ul>\n<li>\u0111\u1ec3 tr\u1ea3 l\u1eddi y\u00eau c\u1ea7u c\u1ee7a b\u1ea1n<\/li>\n<li>\u0111\u1ec3 c\u00e1 nh\u00e2n h\u00f3a quy\u1ec1n truy c\u1eadp c\u1ee7a b\u1ea1n v\u00e0o trang web c\u1ee7a ch\u00fang t\u00f4i, ch\u1eb3ng h\u1ea1n nh\u01b0 b\u1eb1ng c\u00e1ch cho b\u1ea1n bi\u1ebft v\u1ec1 c\u00e1c t\u00ednh n\u0103ng m\u1edbi m\u00e0 b\u1ea1n c\u00f3 th\u1ec3 quan t\u00e2m<\/li>\n<li>\u0111\u1ec3 ph\u00e1t tri\u1ec3n h\u1ed3 s\u01a1, bao g\u1ed3m h\u1ed3 s\u01a1 th\u00f4ng tin c\u00e1 nh\u00e2n c\u1ee7a b\u1ea1n<\/li>\n<li>\u0111\u1ec3 li\u00ean h\u1ec7 v\u1edbi b\u1ea1n v\u1edbi th\u00f4ng tin m\u00e0 b\u1ea1n c\u00f3 th\u1ec3 quan t\u00e2m, bao g\u1ed3m th\u00f4ng tin v\u1ec1 c\u00e1c th\u1eed nghi\u1ec7m l\u00e2m s\u00e0ng v\u00e0 v\u1ec1 c\u00e1c s\u1ea3n ph\u1ea9m v\u00e0 d\u1ecbch v\u1ee5 c\u1ee7a ch\u00fang t\u00f4i v\u00e0 c\u1ee7a nh\u1eefng ng\u01b0\u1eddi kh\u00e1c<\/li>\n<li>cho c\u00e1c m\u1ee5c \u0111\u00edch ph\u00e2n t\u00edch v\u00e0 nghi\u00ean c\u1ee9u, ph\u00e1t tri\u1ec3n v\u00e0 c\u1ea3i ti\u1ebfn c\u00e1c ch\u01b0\u01a1ng tr\u00ecnh, s\u1ea3n ph\u1ea9m, d\u1ecbch v\u1ee5 v\u00e0 n\u1ed9i dung<\/li>\n<li>\u0111\u1ec3 x\u00f3a s\u1ed1 nh\u1eadn d\u1ea1ng c\u00e1 nh\u00e2n c\u1ee7a b\u1ea1n (t\u00ean, \u0111\u1ecba ch\u1ec9 e-mail, s\u1ed1 an sinh x\u00e3 h\u1ed9i, v.v.). Trong tr\u01b0\u1eddng h\u1ee3p n\u00e0y, b\u1ea1n s\u1ebd kh\u00f4ng c\u00f2n \u0111\u01b0\u1ee3c x\u00e1c \u0111\u1ecbnh l\u00e0 m\u1ed9t c\u00e1 nh\u00e2n duy nh\u1ea5t. Khi ch\u00fang t\u00f4i \u0111\u00e3 lo\u1ea1i b\u1ecf th\u00f4ng tin nh\u1eadn d\u1ea1ng, \u0111\u00f3 l\u00e0 th\u00f4ng tin phi c\u00e1 nh\u00e2n v\u00e0 ch\u00fang t\u00f4i c\u00f3 th\u1ec3 coi n\u00f3 nh\u01b0 nh\u1eefng th\u00f4ng tin phi c\u00e1 nh\u00e2n kh\u00e1c.<\/li>\n<li>\u0111\u1ec3 th\u1ef1c thi Tuy\u00ean b\u1ed1 v\u1ec1 Quy\u1ec1n ri\u00eang t\u01b0 n\u00e0y v\u00e0 c\u00e1c quy t\u1eafc kh\u00e1c v\u1ec1 vi\u1ec7c b\u1ea1n s\u1eed d\u1ee5ng trang web n\u00e0y<\/li>\n<li>\u0111\u1ec3 b\u1ea3o v\u1ec7 quy\u1ec1n ho\u1eb7c t\u00e0i s\u1ea3n c\u1ee7a ch\u00fang t\u00f4i<\/li>\n<li>\u0111\u1ec3 b\u1ea3o v\u1ec7 s\u1ee9c kh\u1ecfe, s\u1ef1 an to\u00e0n ho\u1eb7c ph\u00fac l\u1ee3i c\u1ee7a ai \u0111\u00f3<\/li>\n<li>\u0111\u1ec3 tu\u00e2n th\u1ee7 lu\u1eadt ho\u1eb7c quy \u0111\u1ecbnh, l\u1ec7nh t\u00f2a ho\u1eb7c c\u00e1c quy tr\u00ecnh ph\u00e1p l\u00fd kh\u00e1c<\/li>\n<\/ul>\n<p>Ch\u00fang t\u00f4i kh\u00f4ng c\u00f3 ph\u01b0\u01a1ng ph\u00e1p \u0111\u1ec3 xem x\u00e9t th\u00f4ng tin c\u00e1 nh\u00e2n ho\u1eb7c phi c\u00e1 nh\u00e2n \u0111\u01b0\u1ee3c thu th\u1eadp th\u00f4ng qua trang web n\u00e0y.<\/p>\n<h2>GriffinMachinery.com c\u00f3 \u200b\u200bbao gi\u1edd chia s\u1ebb th\u00f4ng tin c\u00e1 nh\u00e2n v\u1edbi b\u00ean th\u1ee9 ba kh\u00f4ng?<\/h2>\n<p>GriffinMachinery.com s\u1ebd kh\u00f4ng chia s\u1ebb th\u00f4ng tin c\u00e1 nh\u00e2n c\u1ee7a b\u1ea1n thu th\u1eadp \u0111\u01b0\u1ee3c t\u1eeb trang web n\u00e0y v\u1edbi m\u1ed9t b\u00ean th\u1ee9 ba kh\u00f4ng li\u00ean quan m\u00e0 kh\u00f4ng c\u00f3 s\u1ef1 cho ph\u00e9p c\u1ee7a b\u1ea1n, tr\u1eeb khi c\u00f3 quy \u0111\u1ecbnh kh\u00e1c trong Tuy\u00ean b\u1ed1 v\u1ec1 Quy\u1ec1n ri\u00eang t\u01b0 n\u00e0y.<\/p>\n<p>Trong qu\u00e1 tr\u00ecnh kinh doanh th\u00f4ng th\u01b0\u1eddng, ch\u00fang t\u00f4i c\u00f3 th\u1ec3 chia s\u1ebb m\u1ed9t s\u1ed1 th\u00f4ng tin c\u00e1 nh\u00e2n v\u1edbi c\u00e1c c\u00f4ng ty m\u00e0 ch\u00fang t\u00f4i thu\u00ea \u0111\u1ec3 th\u1ef1c hi\u1ec7n c\u00e1c d\u1ecbch v\u1ee5 ho\u1eb7c ch\u1ee9c n\u0103ng thay m\u1eb7t ch\u00fang t\u00f4i. Trong m\u1ecdi tr\u01b0\u1eddng h\u1ee3p ch\u00fang t\u00f4i chia s\u1ebb th\u00f4ng tin c\u00e1 nh\u00e2n c\u1ee7a b\u1ea1n v\u1edbi b\u00ean th\u1ee9 ba, ch\u00fang t\u00f4i s\u1ebd kh\u00f4ng cho ph\u00e9p h\u1ecd l\u01b0u gi\u1eef, ti\u1ebft l\u1ed9 ho\u1eb7c s\u1eed d\u1ee5ng th\u00f4ng tin c\u1ee7a b\u1ea1n v\u1edbi ng\u01b0\u1eddi kh\u00e1c ngo\u1ea1i tr\u1eeb m\u1ee5c \u0111\u00edch cung c\u1ea5p c\u00e1c d\u1ecbch v\u1ee5 m\u00e0 ch\u00fang t\u00f4i \u0111\u00e3 y\u00eau c\u1ea7u h\u1ecd cung c\u1ea5p. Ch\u00fang t\u00f4i s\u1ebd kh\u00f4ng b\u00e1n, trao \u0111\u1ed5i ho\u1eb7c c\u00f4ng b\u1ed1 th\u00f4ng tin c\u00e1 nh\u00e2n c\u1ee7a b\u1ea1n, ngo\u1ea1i tr\u1eeb vi\u1ec7c b\u00e1n, s\u00e1p nh\u1eadp, gi\u1ea3i th\u1ec3 ho\u1eb7c mua l\u1ea1i c\u00f4ng ty.<\/p>\n<p>V\u1ec1 m\u1eb7t ph\u00e1p l\u00fd, ch\u00fang t\u00f4i c\u00f3 th\u1ec3 bu\u1ed9c ph\u1ea3i ti\u1ebft l\u1ed9 th\u00f4ng tin c\u00e1 nh\u00e2n c\u1ee7a b\u1ea1n theo l\u1ec7nh t\u00f2a, tr\u00e1t \u0111\u00f2i h\u1ea7u t\u00f2a, l\u1ec7nh kh\u00e1m x\u00e9t, lu\u1eadt ho\u1eb7c quy \u0111\u1ecbnh. Ch\u00fang t\u00f4i c\u00f3 th\u1ec3 h\u1ee3p t\u00e1c v\u1edbi c\u00e1c c\u01a1 quan th\u1ef1c thi ph\u00e1p lu\u1eadt trong vi\u1ec7c \u0111i\u1ec1u tra v\u00e0 truy t\u1ed1 nh\u1eefng kh\u00e1ch truy c\u1eadp trang web vi ph\u1ea1m c\u00e1c quy t\u1eafc c\u1ee7a ch\u00fang t\u00f4i ho\u1eb7c tham gia v\u00e0o c\u00e1c h\u00e0nh vi c\u00f3 h\u1ea1i cho nh\u1eefng kh\u00e1ch truy c\u1eadp kh\u00e1c (ho\u1eb7c b\u1ea5t h\u1ee3p ph\u00e1p).<\/p>\n<h2>C\u00f2n v\u1ec1 quy\u1ec1n ri\u00eang t\u01b0 tr\u00ean c\u00e1c trang web kh\u00e1c?<\/h2>\n<p>Trang web n\u00e0y c\u00f3 th\u1ec3 ch\u1ee9a li\u00ean k\u1ebft \u0111\u1ebfn c\u00e1c trang web kh\u00e1c. M\u1ed9t s\u1ed1 trang web \u0111\u00f3 c\u00f3 th\u1ec3 \u0111\u01b0\u1ee3c v\u1eadn h\u00e0nh b\u1edfi GriffinMachinery v\u00e0 m\u1ed9t s\u1ed1 trang web c\u00f3 th\u1ec3 \u0111\u01b0\u1ee3c v\u1eadn h\u00e0nh b\u1edfi c\u00e1c b\u00ean th\u1ee9 ba. Ch\u00fang t\u00f4i cung c\u1ea5p c\u00e1c li\u00ean k\u1ebft \u0111\u1ec3 thu\u1eadn ti\u1ec7n cho b\u1ea1n, nh\u01b0ng ch\u00fang t\u00f4i kh\u00f4ng xem x\u00e9t, ki\u1ec3m so\u00e1t ho\u1eb7c gi\u00e1m s\u00e1t c\u00e1c ho\u1ea1t \u0111\u1ed9ng b\u1ea3o m\u1eadt c\u1ee7a c\u00e1c trang web do ng\u01b0\u1eddi kh\u00e1c \u0111i\u1ec1u h\u00e0nh. Tuy\u00ean b\u1ed1 v\u1ec1 Quy\u1ec1n ri\u00eang t\u01b0 n\u00e0y kh\u00f4ng \u00e1p d\u1ee5ng cho b\u1ea5t k\u1ef3 trang web n\u00e0o kh\u00e1c, ngay c\u1ea3 c\u00e1c trang web GriffinMachinery.com kh\u00e1c. Ch\u00fang t\u00f4i kh\u00f4ng ch\u1ecbu tr\u00e1ch nhi\u1ec7m v\u1ec1 hi\u1ec7u su\u1ea5t c\u1ee7a c\u00e1c trang web do c\u00e1c b\u00ean th\u1ee9 ba \u0111i\u1ec1u h\u00e0nh ho\u1eb7c c\u00e1c giao d\u1ecbch kinh doanh c\u1ee7a b\u1ea1n v\u1edbi h\u1ecd. Do \u0111\u00f3, b\u1ea5t c\u1ee9 khi n\u00e0o b\u1ea1n r\u1eddi kh\u1ecfi trang web n\u00e0y, ch\u00fang t\u00f4i khuy\u00ean b\u1ea1n n\u00ean xem x\u00e9t c\u00e1c th\u1ef1c ti\u1ec5n v\u1ec1 quy\u1ec1n ri\u00eang t\u01b0 c\u1ee7a t\u1eebng trang web v\u00e0 \u0111\u01b0a ra k\u1ebft lu\u1eadn c\u1ee7a ri\u00eang b\u1ea1n v\u1ec1 t\u00ednh \u0111\u1ea7y \u0111\u1ee7 c\u1ee7a c\u00e1c th\u00f4ng l\u1ec7 n\u00e0y.<\/p>\n<h2>GriffinMachinery.com c\u00f3 \u200b\u200bbao gi\u1edd giao ti\u1ebfp tr\u1ef1c ti\u1ebfp v\u1edbi kh\u00e1ch truy c\u1eadp v\u00e0o trang web n\u00e0y kh\u00f4ng?<\/h2>\n<p>Ch\u00fang t\u00f4i c\u00f3 th\u1ec3 li\u00ean h\u1ec7 v\u1edbi b\u1ea1n \u0111\u1ecbnh k\u1ef3 qua e-mail, th\u01b0 ho\u1eb7c \u0111i\u1ec7n tho\u1ea1i n\u1ebfu b\u1ea1n \u0111\u1ed3ng \u00fd \u0111\u1ec3 li\u00ean h\u1ec7 \u0111\u00f3 cung c\u1ea5p th\u00f4ng tin v\u1ec1 c\u00e1c ch\u01b0\u01a1ng tr\u00ecnh, s\u1ea3n ph\u1ea9m, d\u1ecbch v\u1ee5 v\u00e0 n\u1ed9i dung m\u00e0 b\u1ea1n c\u00f3 th\u1ec3 quan t\u00e2m. Ngo\u00e0i ra, m\u1ed9t s\u1ed1 t\u00ednh n\u0103ng tr\u00ean trang web n\u00e0y cho ph\u00e9p b\u1ea1n giao ti\u1ebfp v\u1edbi ch\u00fang t\u00f4i b\u1eb1ng bi\u1ec3u m\u1eabu tr\u1ef1c tuy\u1ebfn. N\u1ebfu li\u00ean l\u1ea1c c\u1ee7a b\u1ea1n y\u00eau c\u1ea7u ph\u1ea3n h\u1ed3i t\u1eeb ch\u00fang t\u00f4i, ch\u00fang t\u00f4i s\u1ebd g\u1eedi ph\u1ea3n h\u1ed3i cho b\u1ea1n qua e-mail. Ph\u1ea3n h\u1ed3i ho\u1eb7c x\u00e1c nh\u1eadn qua e-mail c\u00f3 th\u1ec3 bao g\u1ed3m th\u00f4ng tin c\u00e1 nh\u00e2n c\u1ee7a b\u1ea1n, bao g\u1ed3m th\u00f4ng tin c\u00e1 nh\u00e2n v\u1ec1 s\u1ee9c kho\u1ebb, t\u00ean, \u0111\u1ecba ch\u1ec9 c\u1ee7a b\u1ea1n, v.v. Ch\u00fang t\u00f4i kh\u00f4ng th\u1ec3 \u0111\u1ea3m b\u1ea3o r\u1eb1ng c\u00e1c e-mail c\u1ee7a ch\u00fang t\u00f4i g\u1eedi \u0111\u1ebfn b\u1ea1n s\u1ebd \u0111\u01b0\u1ee3c b\u1ea3o m\u1eadt kh\u1ecfi b\u1ecb \u0111\u00e1nh ch\u1eb7n tr\u00e1i ph\u00e9p.<\/p>\n<h2>\u0110i\u1ec1u g\u00ec v\u1ec1 b\u1ea3o m\u1eadt trang web?<\/h2>\n<p>An ninh l\u00e0 r\u1ea5t quan tr\u1ecdng \u0111\u1ed1i v\u1edbi ch\u00fang t\u00f4i. Ch\u00fang t\u00f4i c\u0169ng hi\u1ec3u r\u1eb1ng b\u1ea3o m\u1eadt r\u1ea5t quan tr\u1ecdng \u0111\u1ed1i v\u1edbi b\u1ea1n. Ch\u00fang t\u00f4i th\u1ef1c hi\u1ec7n c\u00e1c b\u01b0\u1edbc h\u1ee3p l\u00fd \u0111\u1ec3 b\u1ea3o v\u1ec7 th\u00f4ng tin c\u00e1 nh\u00e2n c\u1ee7a b\u1ea1n kh\u1ecfi b\u1ecb m\u1ea5t, s\u1eed d\u1ee5ng sai v\u00e0 truy c\u1eadp, ti\u1ebft l\u1ed9, thay \u0111\u1ed5i ho\u1eb7c ph\u00e1 h\u1ee7y tr\u00e1i ph\u00e9p. B\u1ea1n n\u00ean nh\u1edb r\u1eb1ng kh\u00f4ng c\u00f3 \u0111\u01b0\u1eddng truy\u1ec1n Internet n\u00e0o l\u00e0 an to\u00e0n 100% ho\u1eb7c kh\u00f4ng c\u00f3 l\u1ed7i. \u0110\u1eb7c bi\u1ec7t, e-mail \u0111\u01b0\u1ee3c g\u1eedi \u0111\u1ebfn ho\u1eb7c t\u1eeb trang web n\u00e0y c\u00f3 th\u1ec3 kh\u00f4ng an to\u00e0n, v\u00e0 do \u0111\u00f3 b\u1ea1n n\u00ean \u0111\u1eb7c bi\u1ec7t l\u01b0u \u00fd trong vi\u1ec7c quy\u1ebft \u0111\u1ecbnh th\u00f4ng tin n\u00e0o b\u1ea1n g\u1eedi cho ch\u00fang t\u00f4i qua e-mail.<\/p>\n\n","protected":false},"excerpt":{"rendered":"<p>Ch\u00e0o m\u1eebng \u0111\u1ebfn v\u1edbi GriffinMachinery! N\u1ebfu b\u1ea1n gh\u00e9 th\u0103m c\u1eeda h\u00e0ng c\u1ee7a ch\u00fang t\u00f4i, \u0111i\u1ec1u \u0111\u00f3 c\u00f3 ngh\u0129a l\u00e0 b\u1ea1n t\u1ef1 \u0111\u1ed9ng ch\u1ea5p nh\u1eadn t\u1ea5t c\u1ea3 c\u00e1c \u0111i\u1ec1u kho\u1ea3n v\u00e0 \u0111i\u1ec1u ki\u1ec7n. Vui l\u00f2ng \u0111\u1ecdc [&hellip;]<\/p>\n","protected":false},"author":1,"featured_media":0,"parent":0,"menu_order":0,"comment_status":"closed","ping_status":"closed","template":"","meta":{"site-sidebar-layout":"default","site-content-layout":"default","ast-site-content-layout":"default","site-content-style":"default","site-sidebar-style":"default","ast-global-header-display":"","ast-banner-title-visibility":"","ast-main-header-display":"","ast-hfb-above-header-display":"","ast-hfb-below-header-display":"","ast-hfb-mobile-header-display":"","site-post-title":"","ast-breadcrumbs-content":"","ast-featured-img":"","footer-sml-layout":"","ast-disable-related-posts":"","theme-transparent-header-meta":"default","adv-header-id-meta":"","stick-header-meta":"default","header-above-stick-meta":"","header-main-stick-meta":"","header-below-stick-meta":"","astra-migrate-meta-layouts":"default","ast-page-background-enabled":"default","ast-page-background-meta":{"desktop":{"background-color":"","background-image":"","background-repeat":"repeat","background-position":"center center","background-size":"auto","background-attachment":"scroll","background-type":"","background-media":"","overlay-type":"","overlay-color":"","overlay-opacity":"","overlay-gradient":""},"tablet":{"background-color":"","background-image":"","background-repeat":"repeat","background-position":"center center","background-size":"auto","background-attachment":"scroll","background-type":"","background-media":"","overlay-type":"","overlay-color":"","overlay-opacity":"","overlay-gradient":""},"mobile":{"background-color":"","background-image":"","background-repeat":"repeat","background-position":"center center","background-size":"auto","background-attachment":"scroll","background-type":"","background-media":"","overlay-type":"","overlay-color":"","overlay-opacity":"","overlay-gradient":""}},"ast-content-background-meta":{"desktop":{"background-color":"var(--ast-global-color-5)","background-image":"","background-repeat":"repeat","background-position":"center center","background-size":"auto","background-attachment":"scroll","background-type":"","background-media":"","overlay-type":"","overlay-color":"","overlay-opacity":"","overlay-gradient":""},"tablet":{"background-color":"var(--ast-global-color-5)","background-image":"","background-repeat":"repeat","background-position":"center center","background-size":"auto","background-attachment":"scroll","background-type":"","background-media":"","overlay-type":"","overlay-color":"","overlay-opacity":"","overlay-gradient":""},"mobile":{"background-color":"var(--ast-global-color-5)","background-image":"","background-repeat":"repeat","background-position":"center center","background-size":"auto","background-attachment":"scroll","background-type":"","background-media":"","overlay-type":"","overlay-color":"","overlay-opacity":"","overlay-gradient":""}},"footnotes":""},"class_list":["post-7614","page","type-page","status-publish","hentry"],"_links":{"self":[{"href":"https:\/\/www.griffinmachinery.com\/vi\/wp-json\/wp\/v2\/pages\/7614","targetHints":{"allow":["GET"]}}],"collection":[{"href":"https:\/\/www.griffinmachinery.com\/vi\/wp-json\/wp\/v2\/pages"}],"about":[{"href":"https:\/\/www.griffinmachinery.com\/vi\/wp-json\/wp\/v2\/types\/page"}],"author":[{"embeddable":true,"href":"https:\/\/www.griffinmachinery.com\/vi\/wp-json\/wp\/v2\/users\/1"}],"replies":[{"embeddable":true,"href":"https:\/\/www.griffinmachinery.com\/vi\/wp-json\/wp\/v2\/comments?post=7614"}],"version-history":[{"count":0,"href":"https:\/\/www.griffinmachinery.com\/vi\/wp-json\/wp\/v2\/pages\/7614\/revisions"}],"wp:attachment":[{"href":"https:\/\/www.griffinmachinery.com\/vi\/wp-json\/wp\/v2\/media?parent=7614"}],"curies":[{"name":"wp","href":"https:\/\/api.w.org\/{rel}","templated":true}]}}