{"id":7610,"date":"2018-06-18T06:57:57","date_gmt":"2018-06-18T06:57:57","guid":{"rendered":"https:\/\/www.griffinmachinery.com\/ve-chung-toi\/"},"modified":"2022-06-24T07:04:36","modified_gmt":"2022-06-24T07:04:36","slug":"ve-chung-toi","status":"publish","type":"page","link":"https:\/\/www.griffinmachinery.com\/vi\/ve-chung-toi\/","title":{"rendered":"V\u1ec1 ch\u00fang t\u00f4i"},"content":{"rendered":"\n\n\t<h1>\n\t\t\t\t\tV\u1ec1 ch\u00fang t\u00f4i\n\t\t\t\t<\/h1>\n\t<h2>\n\t\t\t\t\tCh\u00fang t\u00f4i l\u00e0 \u0111\u1ed1i t\u00e1c \u0111\u00e1ng tin c\u1eady c\u1ee7a b\u1ea1n\n\t\t\t\t<\/h2>\n\t\t\t<p>C\u00f4ng ty TNHH s\u1ea3n xu\u1ea5t c\u00f4ng ngh\u1ec7 Griffin, m\u1ed9t nh\u00e0 m\u00e1y v\u1edbi h\u01a1n m\u01b0\u1eddi n\u0103m kinh nghi\u1ec7m trong l\u0129nh v\u1ef1c d\u1ecbch v\u1ee5 c\u00f4ng nghi\u1ec7p chuy\u00ean nghi\u1ec7p v\u00e0 k\u1ef9 thu\u1eadt, t\u1ecda l\u1ea1c t\u1ea1i th\u00e0nh ph\u1ed1 Th\u01b0\u1eddng Ch\u00e2u, t\u1ec9nh Giang T\u00f4.<\/p>\n<p>\u00a0<\/p>\n<p>C\u00f4ng ty ch\u00fang t\u00f4i c\u00f3 2 nh\u00e0 m\u00e1y s\u1ea3n xu\u1ea5t m\u00e1y x\u00e2y d\u1ef1ng hi\u1ec7n \u0111\u1ea1i l\u1edbn, \u0111\u01b0\u1ee3c trang b\u1ecb to\u00e0n b\u1ed9 d\u00e2y chuy\u1ec1n u\u1ed1n kim lo\u1ea1i t\u1ea5m, c\u1eaft laser, \u0111\u00e1nh b\u00f3ng t\u1ef1 \u0111\u1ed9ng, h\u00e0n t\u1ef1 \u0111\u1ed9ng, chi\u1ebfm di\u1ec7n t\u00edch 500.000m2. Ngo\u00e0i ra, ch\u00fang t\u00f4i c\u00f3 nh\u00f3m R &amp; amp; D c\u1ee7a ri\u00eang m\u00ecnh, c\u00f3 m\u1ed9t s\u1ed1 t\u00e0i n\u0103ng v\u00e0 m\u1ed9t ph\u00f2ng th\u00ed nghi\u1ec7m ki\u1ec3m tra c\u00e1 nh\u00e2n.<\/p>\n<p>\u00a0<\/p>\n<p>V\u1edbi b\u1ec1 d\u00e0y kinh nghi\u1ec7m, ch\u00fang t\u00f4i lu\u00f4n d\u1eabn \u0111\u1ea7u trong vi\u1ec7c thi\u1ebft k\u1ebf v\u00e0 s\u1ea3n xu\u1ea5t m\u00e1y s\u1ea5y phun chi\u1ebft xu\u1ea5t th\u1ea3o d\u01b0\u1ee3c Trung Qu\u1ed1c, m\u00e1y s\u1ea5y phun h\u01b0\u01a1ng li\u1ec7u, m\u00e1y s\u1ea5y phun \u0111\u1ea1m th\u1ee7y ph\u00e2n, m\u00e1y s\u1ea5y c\u01a1m d\u1eeba n\u1ea1o s\u1ea5y, m\u00e1y s\u1ea5y d\u00e2y \u0111ai l\u01b0\u1edbi c\u01a1m d\u1eeba, m\u00e1y s\u1ea5y phun d\u01b0\u1ee3c ph\u1ea9m, m\u00e1y kh\u1eed n\u01b0\u1edbc rau qu\u1ea3 (d\u00e2y \u0111ai l\u01b0\u1edbi m\u00e1y s\u1ea5y), m\u00e1y s\u1ea5y d\u1ecbch v\u1ee5n b\u00e1nh m\u00ec, m\u00e1y s\u1ea5y phun enzyme, d\u00e2y chuy\u1ec1n s\u1ea3n xu\u1ea5t b\u1ed9t g\u00e0, d\u00e2y chuy\u1ec1n ch\u1ebf bi\u1ebfn s\u1ea5y rong bi\u1ec3n, s\u1ea3n xu\u1ea5t gelatin, d\u00e2y chuy\u1ec1n s\u1ea3n xu\u1ea5t WDG, v.v.<\/p>\n<p>\u00a0<\/p>\n<p>D\u1ef1a tr\u00ean vi\u1ec7c duy tr\u00ec ch\u1ea5t l\u01b0\u1ee3ng \u1ed5n \u0111\u1ecbnh c\u1ee7a m\u00e1y s\u1ea5y, tr\u1ed9n, t\u1ea1o h\u1ea1t, nghi\u1ec1n v\u00e0 s\u00e0ng, ch\u00fang t\u00f4i t\u00edch c\u1ef1c nghi\u00ean c\u1ee9u v\u00e0 ph\u00e1t tri\u1ec3n c\u00e1c s\u1ea3n ph\u1ea9m m\u1edbi, nh\u01b0 m\u00e1y \u0111\u1ea7m l\u0103n, h\u1ec7 th\u1ed1ng v\u1eadn chuy\u1ec3n v\u00e0 tr\u1ed9n lu\u1ed3ng kh\u00f4ng kh\u00ed, m\u00e1y s\u1ea5y \u0111ai ch\u00e2n kh\u00f4ng, c\u1ed1 g\u1eafng cung c\u1ea5p c\u00e1c d\u1ef1 \u00e1n ch\u00eca kh\u00f3a trao tay cho kh\u00e1ch h\u00e0ng c\u1ee7a ch\u00fang t\u00f4i.<\/p>\n\t\t\t\t<img loading=\"lazy\" decoding=\"async\" src=\"https:\/\/www.griffinmachinery.com\/wp-content\/uploads\/2022\/03\/company.jpg\" alt=\"C\u00f4ng ty\" itemprop=\"image\" height=\"853\" width=\"1280\" title=\"C\u00f4ng ty\" onerror=\"this.style.display='none'\"  \/>\n\t\t\t\t<img loading=\"lazy\" decoding=\"async\" src=\"https:\/\/www.griffinmachinery.com\/wp-content\/uploads\/2022\/03\/factory.jpg\" alt=\"nh\u00e0 m\u00e1y\" itemprop=\"image\" height=\"853\" width=\"1280\" title=\"nh\u00e0 m\u00e1y\" onerror=\"this.style.display='none'\"  \/>\n\t<h3>\n\t\t\t\t\tNh\u1eefng con s\u1ed1 t\u1ef1 n\u00f3i l\u00ean \u0111i\u1ec1u \u0111\u00f3!\n\t\t\t\t<\/h3>\n\t<h2>\n\t\t\t\t\t20 +\n\t\t\t\t<\/h2>\n\t\t\t<p>Thi\u1ebft b\u1ecb \u0111\u01b0\u1ee3c tuy\u1ec3n ch\u1ecdn<\/p>\n\t<h2>\n\t\t\t\t\t200 +\n\t\t\t\t<\/h2>\n\t\t\t<p>D\u1ef1 \u00e1n &#038; \u1ee8ng d\u1ee5ng<\/p>\n\t<h2>\n\t\t\t\t\t12+\n\t\t\t\t<\/h2>\n\t\t\t<p>Danh m\u1ee5c m\u00e1y<\/p>\n\t\t\t\t<img decoding=\"async\" src=\"https:\/\/www.griffinmachinery.com\/wp-content\/uploads\/2022\/03\/image1.jpg\" alt=\"image1\" itemprop=\"image\"\/>\n\t<h2>\n\t\t\t\t\tS\u1ea3n ph\u1ea9m \u0111\u01b0\u1ee3c ch\u1ee9ng nh\u1eadn\n\t\t\t\t<\/h2>\n\t\t\t\t<img decoding=\"async\" src=\"https:\/\/www.griffinmachinery.com\/wp-content\/uploads\/2022\/03\/certifications.png\" alt=\"certifications\" itemprop=\"image\"\/>\n\t\t\t<p>M\u00e1y s\u1ea5y do Griffin s\u1ea3n xu\u1ea5t \u0111\u00e3 xu\u1ea5t kh\u1ea9u sang nhi\u1ec1u n\u01b0\u1edbc v\u1edbi ho\u1ea1t \u0111\u1ed9ng t\u1ed1t. T\u1ea5t c\u1ea3 c\u00e1c s\u1ea3n ph\u1ea9m c\u00f3 ch\u1ea5t l\u01b0\u1ee3ng ti\u00eau chu\u1ea9n v\u00e0 th\u00f4ng qua c\u00e1c ch\u1ee9ng ch\u1ec9 CE, ISO &amp; SGS.<\/p>\n<p>\u00a0<\/p>\n<p>Ch\u00fang t\u00f4i chuy\u00ean nghi\u00ean c\u1ee9u v\u00e0 ph\u00e1t tri\u1ec3n m\u00e1y s\u1ea5y c\u00f4ng nghi\u1ec7p, ch\u1eb3ng h\u1ea1n nh\u01b0 m\u00e1y s\u1ea5y phun, m\u00e1y s\u1ea5y d\u00e2y \u0111ai l\u01b0\u1edbi, m\u00e1y s\u1ea5y t\u1ea7ng ch\u1ea5t l\u1ecfng, m\u00e1y s\u1ea5y flash, m\u00e1y s\u1ea5y d\u00f2ng kh\u00ed, m\u00e1y s\u1ea5y ch\u00e2n kh\u00f4ng, m\u00e1y s\u1ea5y t\u1ea5m, v.v.<\/p>\n<p>\u00a0<\/p>\n<p>L\u00e0 m\u00e1y ph\u1ee5 tr\u1ee3 cho m\u00e1y s\u1ea5y, ch\u00fang t\u00f4i c\u0169ng cung c\u1ea5p m\u00e1y tr\u1ed9n, m\u00e1y t\u1ea1o h\u1ea1t, m\u00e1y xay v\u00e0 s\u00e0ng, m\u00e1y \u0111\u1ea7m l\u0103n, h\u1ec7 th\u1ed1ng tr\u1ed9n d\u00f2ng kh\u00ed v\u00e0 b\u0103ng t\u1ea3i d\u00f2ng kh\u00ed.<\/p>\n<h2>\n\t\tD\u1ecbch v\u1ee5 c\u1ee7a ch\u00fang t\u00f4i\n\t<\/h2>\n\t<p>N\u1ebfu b\u1ea1n g\u1eb7p b\u1ea5t k\u1ef3 v\u1ea5n \u0111\u1ec1 n\u00e0o trong t\u01b0\u01a1ng lai trong qu\u00e1 tr\u00ecnh th\u1eed nghi\u1ec7m, ch\u00fang t\u00f4i cam k\u1ebft s\u1ebd tr\u1ea3 l\u1eddi cho b\u1ea1n trong v\u00f2ng 48 gi\u1edd v\u00e0 gi\u1ea3i ph\u00e1p \u0111\u01b0\u1ee3c cung c\u1ea5p trong v\u00f2ng 3 ng\u00e0y l\u00e0m vi\u1ec7c. Ch\u00fang t\u00f4i c\u00f3 th\u1ec3 cung c\u1ea5p m\u1ed9t video ho\u1ea1t \u0111\u1ed9ng v\u00e0 m\u1ed9t h\u01b0\u1edbng d\u1eabn v\u1eadn h\u00e0nh b\u1eb1ng ti\u1ebfng Anh. Ch\u00fang t\u00f4i c\u00f3 th\u1ec3 cung c\u1ea5p m\u1ed9t h\u1ed9i ngh\u1ecb truy\u1ec1n h\u00ecnh.<\/p>\n\t<h3>\n\t\t\t\t\tD\u1ecbch v\u1ee5 tr\u01b0\u1edbc\n\t\t\t\t<\/h3>\n\t\t\t<ul>\n<li>D\u1ecbch v\u1ee5 tr\u1ef1c tuy\u1ebfn 24 gi\u1edd \u0111\u1ec3 b\u1ea1n tham kh\u1ea3o \u00fd ki\u1ebfn.<\/li>\n<li>Gi\u00fap ch\u1ecdn m\u00f4 h\u00ecnh ph\u00f9 h\u1ee3p v\u00e0 m\u1ed9t lo\u1ea1t c\u00e1c d\u1ecbch v\u1ee5, ng\u01b0\u1eddi, l\u1eddi khuy\u00ean.<\/li>\n<li>\u0110\u01b0\u1ee3c ch\u1ea5p nh\u1eadn t\u00f9y ch\u1ec9nh cho t\u1ea5t c\u1ea3 c\u00e1c lo\u1ea1i s\u1ea3n ph\u1ea9m \u0111\u1eb7c \u0111i\u1ec3m k\u1ef9 thu\u1eadt.<\/li>\n<li>Ch\u00fang t\u00f4i \u0111\u00e1nh gi\u00e1 cao y\u00eau c\u1ea7u \u0111\u01b0\u1ee3c g\u1eedi cho ch\u00fang t\u00f4i k\u1ecbp th\u1eddi, \u0111\u1ea3m b\u1ea3o cung c\u1ea5p nhanh ch\u00f3ng v\u00e0 c\u1ea1nh tranh.<\/li>\n<\/ul>\n\t<h3>\n\t\t\t\t\tD\u1ecbch v\u1ee5 sau b\u00e1n\n\t\t\t\t<\/h3>\n\t\t\t<ul>\n<li>Ch\u00fang t\u00f4i gi\u1ea3i quy\u1ebft c\u00e1c khi\u1ebfu n\u1ea1i c\u1ee7a b\u1ea1n trong v\u00f2ng 24 gi\u1edd v\u00e0 gi\u1ea3i ph\u00e1p cung c\u1ea5p trong v\u00f2ng 3 ng\u00e0y l\u00e0m vi\u1ec7c.<\/li>\n<li>\u0110\u00e0o t\u1ea1o c\u00e1ch l\u1eafp \u0111\u1eb7t m\u00e1y, \u0111\u00e0o t\u1ea1o c\u00e1ch s\u1eed d\u1ee5ng m\u00e1y. Ch\u00fang t\u00f4i s\u1ebd cung c\u1ea5p m\u1ed9t video v\u1eadn h\u00e0nh v\u00e0 m\u1ed9t h\u01b0\u1edbng d\u1eabn v\u1eadn h\u00e0nh b\u1eb1ng ti\u1ebfng Anh. Ch\u00fang t\u00f4i c\u00f3 th\u1ec3 cung c\u1ea5p video-con.<\/li>\n<li>D\u1ecbch v\u1ee5 b\u1ea3o h\u00e0nh 1 n\u0103m v\u00e0 b\u1ea3o tr\u00ec tr\u1ecdn \u0111\u1eddi; c\u00e1c k\u1ef9 s\u01b0 c\u1ee7a ch\u00fang t\u00f4i c\u00f3 th\u1ec3 \u0111\u1ebfn t\u1eadn n\u01a1i c\u1ee7a b\u1ea1n \u0111\u1ec3 \u0111\u01b0\u1ee3c ph\u1ee5c v\u1ee5 t\u1ed1t h\u01a1n.<\/li>\n<\/ul>\n\t<h3>\n\t\t\t\t\tL\u1eddi cam k\u1ebft\n\t\t\t\t<\/h3>\n\t\t\t<ul>\n<li>Ch\u00fang t\u00f4i s\u1ebd k\u00fd m\u1ed9t th\u01b0 cam k\u1ebft trong khi k\u00fd h\u1ee3p \u0111\u1ed3ng, \u0111i\u1ec1u n\u00e0y s\u1ebd n\u00e2ng cao l\u00f2ng tin c\u1ee7a b\u1ea1n \u0111\u1ed1i v\u1edbi ch\u00fang t\u00f4i.<\/li>\n<li>T\u1ea5t c\u1ea3 h\u00e0ng h\u00f3a \u0111\u1ec1u \u0111\u01b0\u1ee3c ph\u1ee7 m\u00e0ng film v\u00e0 m\u00e0ng b\u1ecdt kh\u00ed tr\u01b0\u1edbc khi \u0111\u00f3ng v\u00e0o th\u00f9ng g\u1ed7 ch\u1eafc ch\u1eafn.<\/li>\n<\/ul>\n\n","protected":false},"excerpt":{"rendered":"<p>V\u1ec1 ch\u00fang t\u00f4i Ch\u00fang t\u00f4i l\u00e0 \u0111\u1ed1i t\u00e1c \u0111\u00e1ng tin c\u1eady c\u1ee7a b\u1ea1n C\u00f4ng ty TNHH s\u1ea3n xu\u1ea5t c\u00f4ng ngh\u1ec7 Griffin, m\u1ed9t nh\u00e0 m\u00e1y v\u1edbi h\u01a1n m\u01b0\u1eddi n\u0103m kinh nghi\u1ec7m trong l\u0129nh v\u1ef1c d\u1ecbch v\u1ee5 [&hellip;]<\/p>\n","protected":false},"author":1,"featured_media":0,"parent":0,"menu_order":0,"comment_status":"closed","ping_status":"closed","template":"","meta":{"site-sidebar-layout":"no-sidebar","site-content-layout":"page-builder","ast-site-content-layout":"default","site-content-style":"default","site-sidebar-style":"default","ast-global-header-display":"","ast-banner-title-visibility":"","ast-main-header-display":"","ast-hfb-above-header-display":"","ast-hfb-below-header-display":"","ast-hfb-mobile-header-display":"","site-post-title":"disabled","ast-breadcrumbs-content":"","ast-featured-img":"disabled","footer-sml-layout":"","ast-disable-related-posts":"","theme-transparent-header-meta":"enabled","adv-header-id-meta":"","stick-header-meta":"default","header-above-stick-meta":"","header-main-stick-meta":"","header-below-stick-meta":"","astra-migrate-meta-layouts":"default","ast-page-background-enabled":"default","ast-page-background-meta":{"desktop":{"background-color":"","background-image":"","background-repeat":"repeat","background-position":"center center","background-size":"auto","background-attachment":"scroll","background-type":"","background-media":"","overlay-type":"","overlay-color":"","overlay-opacity":"","overlay-gradient":""},"tablet":{"background-color":"","background-image":"","background-repeat":"repeat","background-position":"center center","background-size":"auto","background-attachment":"scroll","background-type":"","background-media":"","overlay-type":"","overlay-color":"","overlay-opacity":"","overlay-gradient":""},"mobile":{"background-color":"","background-image":"","background-repeat":"repeat","background-position":"center center","background-size":"auto","background-attachment":"scroll","background-type":"","background-media":"","overlay-type":"","overlay-color":"","overlay-opacity":"","overlay-gradient":""}},"ast-content-background-meta":{"desktop":{"background-color":"var(--ast-global-color-5)","background-image":"","background-repeat":"repeat","background-position":"center center","background-size":"auto","background-attachment":"scroll","background-type":"","background-media":"","overlay-type":"","overlay-color":"","overlay-opacity":"","overlay-gradient":""},"tablet":{"background-color":"var(--ast-global-color-5)","background-image":"","background-repeat":"repeat","background-position":"center center","background-size":"auto","background-attachment":"scroll","background-type":"","background-media":"","overlay-type":"","overlay-color":"","overlay-opacity":"","overlay-gradient":""},"mobile":{"background-color":"var(--ast-global-color-5)","background-image":"","background-repeat":"repeat","background-position":"center center","background-size":"auto","background-attachment":"scroll","background-type":"","background-media":"","overlay-type":"","overlay-color":"","overlay-opacity":"","overlay-gradient":""}},"footnotes":""},"class_list":["post-7610","page","type-page","status-publish","hentry"],"_links":{"self":[{"href":"https:\/\/www.griffinmachinery.com\/vi\/wp-json\/wp\/v2\/pages\/7610","targetHints":{"allow":["GET"]}}],"collection":[{"href":"https:\/\/www.griffinmachinery.com\/vi\/wp-json\/wp\/v2\/pages"}],"about":[{"href":"https:\/\/www.griffinmachinery.com\/vi\/wp-json\/wp\/v2\/types\/page"}],"author":[{"embeddable":true,"href":"https:\/\/www.griffinmachinery.com\/vi\/wp-json\/wp\/v2\/users\/1"}],"replies":[{"embeddable":true,"href":"https:\/\/www.griffinmachinery.com\/vi\/wp-json\/wp\/v2\/comments?post=7610"}],"version-history":[{"count":0,"href":"https:\/\/www.griffinmachinery.com\/vi\/wp-json\/wp\/v2\/pages\/7610\/revisions"}],"wp:attachment":[{"href":"https:\/\/www.griffinmachinery.com\/vi\/wp-json\/wp\/v2\/media?parent=7610"}],"curies":[{"name":"wp","href":"https:\/\/api.w.org\/{rel}","templated":true}]}}