{"id":16365,"date":"2023-03-15T09:33:24","date_gmt":"2023-03-15T09:33:24","guid":{"rendered":"https:\/\/www.griffinmachinery.com\/say-cong-nghiep-rau-qua\/"},"modified":"2023-05-08T06:08:56","modified_gmt":"2023-05-08T06:08:56","slug":"say-cong-nghiep-rau-qua","status":"publish","type":"page","link":"https:\/\/www.griffinmachinery.com\/vi\/say-cong-nghiep-rau-qua\/","title":{"rendered":"S\u1ea5y c\u00f4ng nghi\u1ec7p rau qu\u1ea3"},"content":{"rendered":"\n<h3>\n\t\tM\u00e1y s\u1ea5y rau c\u00f4ng nghi\u1ec7p\n\t<\/h3>\n\t<p>S\u1ea5y rau c\u1ee7 v\u1edbi s\u1ed1 l\u01b0\u1ee3ng l\u1edbn b\u1eb1ng thi\u1ebft b\u1ecb s\u1ea5y c\u00f4ng nghi\u1ec7p gi\u00fap b\u1ea3o qu\u1ea3n rau c\u1ee7 \u0111\u01b0\u1ee3c l\u00e2u h\u01a1n, gi\u1ea3m chi ph\u00ed v\u1eadn chuy\u1ec3n, gi\u1eef nguy\u00ean gi\u00e1 tr\u1ecb dinh d\u01b0\u1ee1ng.<\/p>\n<p>M\u00e1y s\u1ea5y rau c\u00f4ng nghi\u1ec7p th\u01b0\u1eddng \u0111\u01b0\u1ee3c y\u00eau c\u1ea7u ti\u1ebft ki\u1ec7m n\u0103ng l\u01b0\u1ee3ng v\u00e0 t\u1ed1i \u0111a h\u00f3a t\u1ed1c \u0111\u1ed9 s\u1ea5y \u0111\u1ed3ng th\u1eddi gi\u1ea3m thi\u1ec3u thi\u1ec7t h\u1ea1i cho rau.<\/p>\n\t\t\t<a href=\"#\" role=\"button\">\n\t\t\t\t\t\t\tLi\u00ean h\u1ec7 v\u1edbi ch\u00fang t\u00f4i ngay b\u00e2y gi\u1edd\n\t\t\t<\/a>\n\t\t\n<div class=\"wpcf7 no-js\" id=\"wpcf7-f7609-o1\" lang=\"vi-VN\" dir=\"ltr\" data-wpcf7-id=\"7609\">\n<div class=\"screen-reader-response\"><p role=\"status\" aria-live=\"polite\" aria-atomic=\"true\"><\/p> <ul><\/ul><\/div>\n<form action=\"\/vi\/wp-json\/wp\/v2\/pages\/16365#wpcf7-f7609-o1\" method=\"post\" class=\"wpcf7-form init\" aria-label=\"Contact form\" novalidate=\"novalidate\" data-status=\"init\">\n<fieldset class=\"hidden-fields-container\"><input type=\"hidden\" name=\"_wpcf7\" value=\"7609\" \/><input type=\"hidden\" name=\"_wpcf7_version\" value=\"6.1.5\" \/><input type=\"hidden\" name=\"_wpcf7_locale\" value=\"vi_VN\" \/><input type=\"hidden\" name=\"_wpcf7_unit_tag\" value=\"wpcf7-f7609-o1\" \/><input type=\"hidden\" name=\"_wpcf7_container_post\" value=\"0\" \/><input type=\"hidden\" name=\"_wpcf7_posted_data_hash\" value=\"\" \/><input type=\"hidden\" name=\"_wpcf7_recaptcha_response\" value=\"\" \/>\n<\/fieldset>\n<p><label> T\u00ean c\u1ee7a b\u1ea1n<br \/>\n<span class=\"wpcf7-form-control-wrap\" data-name=\"your-name\"><input size=\"40\" maxlength=\"400\" class=\"wpcf7-form-control wpcf7-text wpcf7-validates-as-required\" aria-required=\"true\" aria-invalid=\"false\" value=\"\" type=\"text\" name=\"your-name\" \/><\/span> <\/label>\n<\/p>\n<p><label> Email c\u1ee7a b\u1ea1n<br \/>\n<span class=\"wpcf7-form-control-wrap\" data-name=\"your-email\"><input size=\"40\" maxlength=\"400\" class=\"wpcf7-form-control wpcf7-email wpcf7-validates-as-required wpcf7-text wpcf7-validates-as-email\" aria-required=\"true\" aria-invalid=\"false\" value=\"\" type=\"email\" name=\"your-email\" \/><\/span> <\/label>\n<\/p>\n<p><label> S\u1ed1 \u0111i\u1ec7n tho\u1ea1i (kh\u00f4ng b\u1eaft bu\u1ed9c)<br \/>\n<span class=\"wpcf7-form-control-wrap\" data-name=\"tel-157\"><input size=\"40\" maxlength=\"400\" class=\"wpcf7-form-control wpcf7-tel wpcf7-text wpcf7-validates-as-tel\" aria-invalid=\"false\" value=\"\" type=\"tel\" name=\"tel-157\" \/><\/span> <\/label>\n<\/p>\n<p><label> Tin nh\u1eafn c\u1ee7a b\u1ea1n<br \/>\n<span class=\"wpcf7-form-control-wrap\" data-name=\"your-message\"><textarea cols=\"40\" rows=\"10\" maxlength=\"2000\" class=\"wpcf7-form-control wpcf7-textarea wpcf7-validates-as-required\" aria-required=\"true\" aria-invalid=\"false\" name=\"your-message\"><\/textarea><\/span> <\/label>\n<\/p>\n<p><span class=\"wpcf7-form-control-wrap\" data-name=\"quiz-747\"><label><span class=\"wpcf7-quiz-label\">2+6=?<\/span> <input size=\"40\" class=\"wpcf7-form-control wpcf7-quiz\" autocomplete=\"off\" aria-required=\"true\" aria-invalid=\"false\" type=\"text\" name=\"quiz-747\" \/><\/label><input type=\"hidden\" name=\"_wpcf7_quiz_answer_quiz-747\" value=\"b92383fac706b700c4f8d69faa457125\" \/><\/span>\n<\/p>\n<p><input class=\"wpcf7-form-control wpcf7-submit has-spinner\" type=\"submit\" value=\"N\u1ed9p\" \/>\n<\/p><div class=\"wpcf7-response-output\" aria-hidden=\"true\"><\/div>\n<\/form>\n<\/div>\n\t\n\t<h2>\n\t\t\t\t\tM\u00e1y s\u1ea5y v\u00e0nh \u0111ai l\u01b0\u1edbi \u0111\u1ec3 s\u1ea5y rau\n\t\t\t\t<\/h2>\n\t\t\t\t<img loading=\"lazy\" decoding=\"async\" src=\"https:\/\/www.griffinmachinery.com\/wp-content\/uploads\/2023\/03\/Mesh-Belt-Drying-for-Vegetables.jpg\" alt=\"Mesh Belt Drying for Vegetables\" itemprop=\"image\" height=\"450\" width=\"730\" title=\"Mesh Belt Drying for Vegetables\" onerror=\"this.style.display='none'\"  \/>\n\t<p>M\u00e1y s\u1ea5y \u0111ai l\u01b0\u1edbi l\u00e0 m\u1ed9t c\u00e1ch hi\u1ec7u qu\u1ea3 v\u00e0 hi\u1ec7u qu\u1ea3 cao \u0111\u1ec3 l\u00e0m kh\u00f4 rau, ch\u00fang th\u01b0\u1eddng \u0111\u01b0\u1ee3c s\u1eed d\u1ee5ng \u0111\u1ec3 s\u1ea5y nhi\u1ec1u lo\u1ea1i rau v\u00e0 tr\u00e1i c\u00e2y, bao g\u1ed3m h\u00e0nh, t\u1ecfi, \u1edbt, c\u00e0 chua, c\u00e0 r\u1ed1t, khoai t\u00e2y v\u00e0 n\u1ea5m.<\/p>\n\t<p><strong>Thu\u1eadn l\u1ee3i<\/strong><\/p>\n<ul>\n<li>S\u1ea5y kh\u00f4 hi\u1ec7u qu\u1ea3 v\u00e0 \u0111\u1ed3ng \u0111\u1ec1u<\/li>\n<li>qu\u00e1 tr\u00ecnh li\u00ean t\u1ee5c<\/li>\n<li>c\u00f4ng su\u1ea5t cao<\/li>\n<li>Linh ho\u1ea1t<\/li>\n<\/ul>\n\t<p><strong>Nh\u01b0\u1ee3c \u0111i\u1ec3m<\/strong><\/p>\n<ul>\n<li>H\u1ea1n ch\u1ebf ki\u1ec3m so\u00e1t qu\u00e1 tr\u00ecnh s\u1ea5y kh\u00f4<\/li>\n<li>Ti\u00eau th\u1ee5 n\u0103ng l\u01b0\u1ee3ng<\/li>\n<li>B\u1ea2O TR\u00cc<\/li>\n<li>Y\u00eau c\u1ea7u kh\u00f4ng gian<\/li>\n<\/ul>\n\t\t\t<a href=\"https:\/\/www.griffinmachinery.com\/vi\/may-say-bang-chuyen\/\" target=\"_blank\" role=\"button\" rel=\"noopener\">\n\t\t\t\t\t\t\tBi\u00eat nhi\u00eau h\u01a1n\n\t\t\t<\/a>\n\t\t\t<a href=\"#\" role=\"button\">\n\t\t\t\t\t\t\tg\u1eedi y\u00eau c\u1ea7u ngay b\u00e2y gi\u1edd\n\t\t\t<\/a>\n\t\t\n<div class=\"wpcf7 no-js\" id=\"wpcf7-f7609-o2\" lang=\"vi-VN\" dir=\"ltr\" data-wpcf7-id=\"7609\">\n<div class=\"screen-reader-response\"><p role=\"status\" aria-live=\"polite\" aria-atomic=\"true\"><\/p> <ul><\/ul><\/div>\n<form action=\"\/vi\/wp-json\/wp\/v2\/pages\/16365#wpcf7-f7609-o2\" method=\"post\" class=\"wpcf7-form init\" aria-label=\"Contact form\" novalidate=\"novalidate\" data-status=\"init\">\n<fieldset class=\"hidden-fields-container\"><input type=\"hidden\" name=\"_wpcf7\" value=\"7609\" \/><input type=\"hidden\" name=\"_wpcf7_version\" value=\"6.1.5\" \/><input type=\"hidden\" name=\"_wpcf7_locale\" value=\"vi_VN\" \/><input type=\"hidden\" name=\"_wpcf7_unit_tag\" value=\"wpcf7-f7609-o2\" \/><input type=\"hidden\" name=\"_wpcf7_container_post\" value=\"0\" \/><input type=\"hidden\" name=\"_wpcf7_posted_data_hash\" value=\"\" \/><input type=\"hidden\" name=\"_wpcf7_recaptcha_response\" value=\"\" \/>\n<\/fieldset>\n<p><label> T\u00ean c\u1ee7a b\u1ea1n<br \/>\n<span class=\"wpcf7-form-control-wrap\" data-name=\"your-name\"><input size=\"40\" maxlength=\"400\" class=\"wpcf7-form-control wpcf7-text wpcf7-validates-as-required\" aria-required=\"true\" aria-invalid=\"false\" value=\"\" type=\"text\" name=\"your-name\" \/><\/span> <\/label>\n<\/p>\n<p><label> Email c\u1ee7a b\u1ea1n<br \/>\n<span class=\"wpcf7-form-control-wrap\" data-name=\"your-email\"><input size=\"40\" maxlength=\"400\" class=\"wpcf7-form-control wpcf7-email wpcf7-validates-as-required wpcf7-text wpcf7-validates-as-email\" aria-required=\"true\" aria-invalid=\"false\" value=\"\" type=\"email\" name=\"your-email\" \/><\/span> <\/label>\n<\/p>\n<p><label> S\u1ed1 \u0111i\u1ec7n tho\u1ea1i (kh\u00f4ng b\u1eaft bu\u1ed9c)<br \/>\n<span class=\"wpcf7-form-control-wrap\" data-name=\"tel-157\"><input size=\"40\" maxlength=\"400\" class=\"wpcf7-form-control wpcf7-tel wpcf7-text wpcf7-validates-as-tel\" aria-invalid=\"false\" value=\"\" type=\"tel\" name=\"tel-157\" \/><\/span> <\/label>\n<\/p>\n<p><label> Tin nh\u1eafn c\u1ee7a b\u1ea1n<br \/>\n<span class=\"wpcf7-form-control-wrap\" data-name=\"your-message\"><textarea cols=\"40\" rows=\"10\" maxlength=\"2000\" class=\"wpcf7-form-control wpcf7-textarea wpcf7-validates-as-required\" aria-required=\"true\" aria-invalid=\"false\" name=\"your-message\"><\/textarea><\/span> <\/label>\n<\/p>\n<p><span class=\"wpcf7-form-control-wrap\" data-name=\"quiz-747\"><label><span class=\"wpcf7-quiz-label\">2+6=?<\/span> <input size=\"40\" class=\"wpcf7-form-control wpcf7-quiz\" autocomplete=\"off\" aria-required=\"true\" aria-invalid=\"false\" type=\"text\" name=\"quiz-747\" \/><\/label><input type=\"hidden\" name=\"_wpcf7_quiz_answer_quiz-747\" value=\"b92383fac706b700c4f8d69faa457125\" \/><\/span>\n<\/p>\n<p><input class=\"wpcf7-form-control wpcf7-submit has-spinner\" type=\"submit\" value=\"N\u1ed9p\" \/>\n<\/p><div class=\"wpcf7-response-output\" aria-hidden=\"true\"><\/div>\n<\/form>\n<\/div>\n\t\n\t<h2>\n\t\t\t\t\tL\u00f2 tu\u1ea7n ho\u00e0n kh\u00f4ng kh\u00ed n\u00f3ng \u0111\u1ec3 s\u1ea5y rau\n\t\t\t\t<\/h2>\n\t<p>Rau \u0111\u01b0\u1ee3c \u0111\u1eb7t tr\u00ean khay ho\u1eb7c gi\u00e1 \u0111\u1ee1 v\u00e0 kh\u00f4ng kh\u00ed n\u00f3ng lu\u00e2n chuy\u1ec3n xung quanh ch\u00fang, l\u00e0m kh\u00f4 \u0111\u1ec1u. B\u1ea1n c\u00f3 th\u1ec3 ki\u1ec3m so\u00e1t nhi\u1ec7t \u0111\u1ed9 v\u00e0 \u0111\u1ed9 \u1ea9m c\u1ee7a l\u00f2 \u0111\u1ec3 \u0111\u1ea3m b\u1ea3o rau c\u1ee7 \u0111\u01b0\u1ee3c s\u1ea5y kh\u00f4 trong m\u00f4i tr\u01b0\u1eddng t\u1ed1i \u01b0u.<\/p>\n\t<p><strong>Thu\u1eadn l\u1ee3i<\/strong><\/p>\n<ul>\n<li>L\u00e0m kh\u00f4 nhanh h\u01a1n<\/li>\n<li>Gi\u1eef l\u1ea1i ch\u1ea5t dinh d\u01b0\u1ee1ng<\/li>\n<li>Th\u00e2n thi\u1ec7n v\u1edbi ng\u01b0\u1eddi d\u00f9ng<\/li>\n<\/ul>\n\t<p><strong>Nh\u01b0\u1ee3c \u0111i\u1ec3m<\/strong><\/p>\n<ul>\n<li>Kh\u1ea3 n\u0103ng l\u00e0m kh\u00f4 qu\u00e1 m\u1ee9c<\/li>\n<li>N\u0103ng l\u1ef1c h\u1ea1n ch\u1ebf<\/li>\n<\/ul>\n\t\t\t<a href=\"https:\/\/www.griffinmachinery.com\/vi\/lo-tuan-hoan-khong-khi-nong\/\" target=\"_blank\" role=\"button\" rel=\"noopener\">\n\t\t\t\t\t\t\tBi\u00eat nhi\u00eau h\u01a1n\n\t\t\t<\/a>\n\t\t\t<a href=\"#\" role=\"button\">\n\t\t\t\t\t\t\tg\u1eedi y\u00eau c\u1ea7u ngay b\u00e2y gi\u1edd\n\t\t\t<\/a>\n\t\t\n<div class=\"wpcf7 no-js\" id=\"wpcf7-f7609-o3\" lang=\"vi-VN\" dir=\"ltr\" data-wpcf7-id=\"7609\">\n<div class=\"screen-reader-response\"><p role=\"status\" aria-live=\"polite\" aria-atomic=\"true\"><\/p> <ul><\/ul><\/div>\n<form action=\"\/vi\/wp-json\/wp\/v2\/pages\/16365#wpcf7-f7609-o3\" method=\"post\" class=\"wpcf7-form init\" aria-label=\"Contact form\" novalidate=\"novalidate\" data-status=\"init\">\n<fieldset class=\"hidden-fields-container\"><input type=\"hidden\" name=\"_wpcf7\" value=\"7609\" \/><input type=\"hidden\" name=\"_wpcf7_version\" value=\"6.1.5\" \/><input type=\"hidden\" name=\"_wpcf7_locale\" value=\"vi_VN\" \/><input type=\"hidden\" name=\"_wpcf7_unit_tag\" value=\"wpcf7-f7609-o3\" \/><input type=\"hidden\" name=\"_wpcf7_container_post\" value=\"0\" \/><input type=\"hidden\" name=\"_wpcf7_posted_data_hash\" value=\"\" \/><input type=\"hidden\" name=\"_wpcf7_recaptcha_response\" value=\"\" \/>\n<\/fieldset>\n<p><label> T\u00ean c\u1ee7a b\u1ea1n<br \/>\n<span class=\"wpcf7-form-control-wrap\" data-name=\"your-name\"><input size=\"40\" maxlength=\"400\" class=\"wpcf7-form-control wpcf7-text wpcf7-validates-as-required\" aria-required=\"true\" aria-invalid=\"false\" value=\"\" type=\"text\" name=\"your-name\" \/><\/span> <\/label>\n<\/p>\n<p><label> Email c\u1ee7a b\u1ea1n<br \/>\n<span class=\"wpcf7-form-control-wrap\" data-name=\"your-email\"><input size=\"40\" maxlength=\"400\" class=\"wpcf7-form-control wpcf7-email wpcf7-validates-as-required wpcf7-text wpcf7-validates-as-email\" aria-required=\"true\" aria-invalid=\"false\" value=\"\" type=\"email\" name=\"your-email\" \/><\/span> <\/label>\n<\/p>\n<p><label> S\u1ed1 \u0111i\u1ec7n tho\u1ea1i (kh\u00f4ng b\u1eaft bu\u1ed9c)<br \/>\n<span class=\"wpcf7-form-control-wrap\" data-name=\"tel-157\"><input size=\"40\" maxlength=\"400\" class=\"wpcf7-form-control wpcf7-tel wpcf7-text wpcf7-validates-as-tel\" aria-invalid=\"false\" value=\"\" type=\"tel\" name=\"tel-157\" \/><\/span> <\/label>\n<\/p>\n<p><label> Tin nh\u1eafn c\u1ee7a b\u1ea1n<br \/>\n<span class=\"wpcf7-form-control-wrap\" data-name=\"your-message\"><textarea cols=\"40\" rows=\"10\" maxlength=\"2000\" class=\"wpcf7-form-control wpcf7-textarea wpcf7-validates-as-required\" aria-required=\"true\" aria-invalid=\"false\" name=\"your-message\"><\/textarea><\/span> <\/label>\n<\/p>\n<p><span class=\"wpcf7-form-control-wrap\" data-name=\"quiz-747\"><label><span class=\"wpcf7-quiz-label\">2+6=?<\/span> <input size=\"40\" class=\"wpcf7-form-control wpcf7-quiz\" autocomplete=\"off\" aria-required=\"true\" aria-invalid=\"false\" type=\"text\" name=\"quiz-747\" \/><\/label><input type=\"hidden\" name=\"_wpcf7_quiz_answer_quiz-747\" value=\"b92383fac706b700c4f8d69faa457125\" \/><\/span>\n<\/p>\n<p><input class=\"wpcf7-form-control wpcf7-submit has-spinner\" type=\"submit\" value=\"N\u1ed9p\" \/>\n<\/p><div class=\"wpcf7-response-output\" aria-hidden=\"true\"><\/div>\n<\/form>\n<\/div>\n\t\n\t\t\t\t<img loading=\"lazy\" decoding=\"async\" src=\"https:\/\/www.griffinmachinery.com\/wp-content\/uploads\/2023\/03\/Hot-Air-Circulating-Oven-for-Drying-Vegetables-600x429.jpg\" alt=\"Hot Air Circulating Oven for Drying Vegetables\" itemprop=\"image\" height=\"429\" width=\"600\" title=\"Hot Air Circulating Oven for Drying Vegetables\" onerror=\"this.style.display='none'\"  \/>\n\t<h2>\n\t\t\t\t\tLi\u00ean h\u1ec7 ch\u00fang t\u00f4i\n\t\t\t\t<\/h2>\n\t\t\t<p>H\u00e3y li\u00ean l\u1ea1c v\u1edbi ch\u00fang t\u00f4i ngay b\u00e2y gi\u1edd. Nh\u00f3m c\u1ee7a ch\u00fang t\u00f4i s\u1eb5n s\u00e0ng gi\u00fap b\u1ea1n t\u00ecm ra gi\u1ea3i ph\u00e1p ph\u00f9 h\u1ee3p cho d\u1ef1 \u00e1n s\u1ea5y rau c\u1ee7a b\u1ea1n.<\/p>\n\t\t\t\t<img loading=\"lazy\" decoding=\"async\" src=\"https:\/\/www.griffinmachinery.com\/wp-content\/uploads\/2022\/05\/Industrial-Dryer-Factory.png\" alt=\"Nh\u00e0 m\u00e1y m\u00e1y s\u1ea5y c\u00f4ng nghi\u1ec7p\" itemprop=\"image\" height=\"682\" width=\"1024\" title=\"Nh\u00e0 m\u00e1y m\u00e1y s\u1ea5y c\u00f4ng nghi\u1ec7p\" onerror=\"this.style.display='none'\"  \/>\n\t<iframe src=\"https:\/\/www.google.com\/maps\/embed?pb=!1m18!1m12!1m3!1d3390.2927421824006!2d119.88542131515791!3d31.817019981272452!2m3!1f0!2f0!3f0!3m2!1i1024!2i768!4f13.1!3m3!1m2!1s0x35b4149e3c70d0b3%3A0x8fff5da241c321f8!2sYun%20He%20Lu%2C%20China%2C%20213023!5e0!3m2!1sen!2sus!4v1649332227824!5m2!1sen!2sus\" width=\"100%\" height=\"300\" allowfullscreen=\"\" loading=\"lazy\" referrerpolicy=\"no-referrer-when-downgrade\"><\/iframe>\n\t\n<div class=\"wpcf7 no-js\" id=\"wpcf7-f7609-o4\" lang=\"vi-VN\" dir=\"ltr\" data-wpcf7-id=\"7609\">\n<div class=\"screen-reader-response\"><p role=\"status\" aria-live=\"polite\" aria-atomic=\"true\"><\/p> <ul><\/ul><\/div>\n<form action=\"\/vi\/wp-json\/wp\/v2\/pages\/16365#wpcf7-f7609-o4\" method=\"post\" class=\"wpcf7-form init\" aria-label=\"Contact form\" novalidate=\"novalidate\" data-status=\"init\">\n<fieldset class=\"hidden-fields-container\"><input type=\"hidden\" name=\"_wpcf7\" value=\"7609\" \/><input type=\"hidden\" name=\"_wpcf7_version\" value=\"6.1.5\" \/><input type=\"hidden\" name=\"_wpcf7_locale\" value=\"vi_VN\" \/><input type=\"hidden\" name=\"_wpcf7_unit_tag\" value=\"wpcf7-f7609-o4\" \/><input type=\"hidden\" name=\"_wpcf7_container_post\" value=\"0\" \/><input type=\"hidden\" name=\"_wpcf7_posted_data_hash\" value=\"\" \/><input type=\"hidden\" name=\"_wpcf7_recaptcha_response\" value=\"\" \/>\n<\/fieldset>\n<p><label> T\u00ean c\u1ee7a b\u1ea1n<br \/>\n<span class=\"wpcf7-form-control-wrap\" data-name=\"your-name\"><input size=\"40\" maxlength=\"400\" class=\"wpcf7-form-control wpcf7-text wpcf7-validates-as-required\" aria-required=\"true\" aria-invalid=\"false\" value=\"\" type=\"text\" name=\"your-name\" \/><\/span> <\/label>\n<\/p>\n<p><label> Email c\u1ee7a b\u1ea1n<br \/>\n<span class=\"wpcf7-form-control-wrap\" data-name=\"your-email\"><input size=\"40\" maxlength=\"400\" class=\"wpcf7-form-control wpcf7-email wpcf7-validates-as-required wpcf7-text wpcf7-validates-as-email\" aria-required=\"true\" aria-invalid=\"false\" value=\"\" type=\"email\" name=\"your-email\" \/><\/span> <\/label>\n<\/p>\n<p><label> S\u1ed1 \u0111i\u1ec7n tho\u1ea1i (kh\u00f4ng b\u1eaft bu\u1ed9c)<br \/>\n<span class=\"wpcf7-form-control-wrap\" data-name=\"tel-157\"><input size=\"40\" maxlength=\"400\" class=\"wpcf7-form-control wpcf7-tel wpcf7-text wpcf7-validates-as-tel\" aria-invalid=\"false\" value=\"\" type=\"tel\" name=\"tel-157\" \/><\/span> <\/label>\n<\/p>\n<p><label> Tin nh\u1eafn c\u1ee7a b\u1ea1n<br \/>\n<span class=\"wpcf7-form-control-wrap\" data-name=\"your-message\"><textarea cols=\"40\" rows=\"10\" maxlength=\"2000\" class=\"wpcf7-form-control wpcf7-textarea wpcf7-validates-as-required\" aria-required=\"true\" aria-invalid=\"false\" name=\"your-message\"><\/textarea><\/span> <\/label>\n<\/p>\n<p><span class=\"wpcf7-form-control-wrap\" data-name=\"quiz-747\"><label><span class=\"wpcf7-quiz-label\">2+6=?<\/span> <input size=\"40\" class=\"wpcf7-form-control wpcf7-quiz\" autocomplete=\"off\" aria-required=\"true\" aria-invalid=\"false\" type=\"text\" name=\"quiz-747\" \/><\/label><input type=\"hidden\" name=\"_wpcf7_quiz_answer_quiz-747\" value=\"b92383fac706b700c4f8d69faa457125\" \/><\/span>\n<\/p>\n<p><input class=\"wpcf7-form-control wpcf7-submit has-spinner\" type=\"submit\" value=\"N\u1ed9p\" \/>\n<\/p><div class=\"wpcf7-response-output\" aria-hidden=\"true\"><\/div>\n<\/form>\n<\/div>\n\n\n","protected":false},"excerpt":{"rendered":"<p>M\u00e1y s\u1ea5y rau c\u00f4ng nghi\u1ec7p S\u1ea5y rau c\u1ee7 v\u1edbi s\u1ed1 l\u01b0\u1ee3ng l\u1edbn b\u1eb1ng thi\u1ebft b\u1ecb s\u1ea5y c\u00f4ng nghi\u1ec7p gi\u00fap b\u1ea3o qu\u1ea3n rau c\u1ee7 \u0111\u01b0\u1ee3c l\u00e2u h\u01a1n, gi\u1ea3m chi ph\u00ed v\u1eadn chuy\u1ec3n, gi\u1eef nguy\u00ean gi\u00e1 tr\u1ecb [&hellip;]<\/p>\n","protected":false},"author":1,"featured_media":0,"parent":0,"menu_order":0,"comment_status":"closed","ping_status":"closed","template":"","meta":{"site-sidebar-layout":"no-sidebar","site-content-layout":"page-builder","ast-site-content-layout":"default","site-content-style":"default","site-sidebar-style":"default","ast-global-header-display":"","ast-banner-title-visibility":"","ast-main-header-display":"","ast-hfb-above-header-display":"","ast-hfb-below-header-display":"","ast-hfb-mobile-header-display":"","site-post-title":"disabled","ast-breadcrumbs-content":"","ast-featured-img":"disabled","footer-sml-layout":"","ast-disable-related-posts":"","theme-transparent-header-meta":"default","adv-header-id-meta":"","stick-header-meta":"default","header-above-stick-meta":"","header-main-stick-meta":"","header-below-stick-meta":"","astra-migrate-meta-layouts":"default","ast-page-background-enabled":"default","ast-page-background-meta":{"desktop":{"background-color":"","background-image":"","background-repeat":"repeat","background-position":"center center","background-size":"auto","background-attachment":"scroll","background-type":"","background-media":"","overlay-type":"","overlay-color":"","overlay-opacity":"","overlay-gradient":""},"tablet":{"background-color":"","background-image":"","background-repeat":"repeat","background-position":"center center","background-size":"auto","background-attachment":"scroll","background-type":"","background-media":"","overlay-type":"","overlay-color":"","overlay-opacity":"","overlay-gradient":""},"mobile":{"background-color":"","background-image":"","background-repeat":"repeat","background-position":"center center","background-size":"auto","background-attachment":"scroll","background-type":"","background-media":"","overlay-type":"","overlay-color":"","overlay-opacity":"","overlay-gradient":""}},"ast-content-background-meta":{"desktop":{"background-color":"var(--ast-global-color-5)","background-image":"","background-repeat":"repeat","background-position":"center center","background-size":"auto","background-attachment":"scroll","background-type":"","background-media":"","overlay-type":"","overlay-color":"","overlay-opacity":"","overlay-gradient":""},"tablet":{"background-color":"var(--ast-global-color-5)","background-image":"","background-repeat":"repeat","background-position":"center center","background-size":"auto","background-attachment":"scroll","background-type":"","background-media":"","overlay-type":"","overlay-color":"","overlay-opacity":"","overlay-gradient":""},"mobile":{"background-color":"var(--ast-global-color-5)","background-image":"","background-repeat":"repeat","background-position":"center center","background-size":"auto","background-attachment":"scroll","background-type":"","background-media":"","overlay-type":"","overlay-color":"","overlay-opacity":"","overlay-gradient":""}},"footnotes":""},"class_list":["post-16365","page","type-page","status-publish","hentry"],"_links":{"self":[{"href":"https:\/\/www.griffinmachinery.com\/vi\/wp-json\/wp\/v2\/pages\/16365","targetHints":{"allow":["GET"]}}],"collection":[{"href":"https:\/\/www.griffinmachinery.com\/vi\/wp-json\/wp\/v2\/pages"}],"about":[{"href":"https:\/\/www.griffinmachinery.com\/vi\/wp-json\/wp\/v2\/types\/page"}],"author":[{"embeddable":true,"href":"https:\/\/www.griffinmachinery.com\/vi\/wp-json\/wp\/v2\/users\/1"}],"replies":[{"embeddable":true,"href":"https:\/\/www.griffinmachinery.com\/vi\/wp-json\/wp\/v2\/comments?post=16365"}],"version-history":[{"count":0,"href":"https:\/\/www.griffinmachinery.com\/vi\/wp-json\/wp\/v2\/pages\/16365\/revisions"}],"wp:attachment":[{"href":"https:\/\/www.griffinmachinery.com\/vi\/wp-json\/wp\/v2\/media?parent=16365"}],"curies":[{"name":"wp","href":"https:\/\/api.w.org\/{rel}","templated":true}]}}