{"id":10060,"date":"2022-11-01T10:10:27","date_gmt":"2022-11-01T10:10:27","guid":{"rendered":"https:\/\/www.griffinmachinery.com\/cong-nghiep-hoa-chat-say-kho\/"},"modified":"2023-04-10T07:41:54","modified_gmt":"2023-04-10T07:41:54","slug":"cong-nghiep-hoa-chat-say-kho","status":"publish","type":"page","link":"https:\/\/www.griffinmachinery.com\/vi\/cong-nghiep-hoa-chat-say-kho\/","title":{"rendered":"C\u00f4ng nghi\u1ec7p h\u00f3a ch\u1ea5t s\u1ea5y kh\u00f4"},"content":{"rendered":"\n<h3>\n\t\tM\u00e1y s\u1ea5y \u0111\u01b0\u1ee3c \u1ee9ng d\u1ee5ng trong ng\u00e0nh c\u00f4ng nghi\u1ec7p h\u00f3a ch\u1ea5t\n\t<\/h3>\n\t<p>D\u1ef1 \u00e1n c\u1ee7a Zhongsheng Chemical v\u1edbi s\u1ea3n l\u01b0\u1ee3ng h\u00e0ng n\u0103m 100.000 t\u1ea5n hydrosulfit \u0111ang \u0111\u01b0\u1ee3c tri\u1ec3n khai.<\/p>\n<p>T\u1ed5ng v\u1ed1n \u0111\u1ea7u t\u01b0 c\u1ee7a d\u1ef1 \u00e1n natri dithionite (Na2S2O4) n\u00e0y l\u00e0 100 tri\u1ec7u \u0111\u00f4 la, tr\u00ean di\u1ec7n t\u00edch h\u01a1n 150.000 m\u00e9t vu\u00f4ng.<\/p>\n<p>M\u1ed9t d\u00e2y chuy\u1ec1n s\u1ea3n xu\u1ea5t hydrosulfit 100.000 t\u1ea5n m\u1edbi s\u1ebd \u0111\u01b0\u1ee3c x\u00e2y d\u1ef1ng, v\u1edbi s\u1ea3n l\u01b0\u1ee3ng h\u00e0ng n\u0103m l\u00e0 60.000 t\u1ea5n natri dithionite, v\u00e0 c\u00e1c s\u1ea3n ph\u1ea9m ph\u1ee5 nh\u01b0 natri sulfit v\u00e0 carbon dioxide.<\/p>\n\t\t\t<a href=\"#\" role=\"button\">\n\t\t\t\t\t\t\tLi\u00ean h\u1ec7 v\u1edbi ch\u00fang t\u00f4i ngay b\u00e2y gi\u1edd\n\t\t\t<\/a>\n\t\t\n<div class=\"wpcf7 no-js\" id=\"wpcf7-f7609-o1\" lang=\"vi-VN\" dir=\"ltr\" data-wpcf7-id=\"7609\">\n<div class=\"screen-reader-response\"><p role=\"status\" aria-live=\"polite\" aria-atomic=\"true\"><\/p> <ul><\/ul><\/div>\n<form action=\"\/vi\/wp-json\/wp\/v2\/pages\/10060#wpcf7-f7609-o1\" method=\"post\" class=\"wpcf7-form init\" aria-label=\"Contact form\" novalidate=\"novalidate\" data-status=\"init\">\n<fieldset class=\"hidden-fields-container\"><input type=\"hidden\" name=\"_wpcf7\" value=\"7609\" \/><input type=\"hidden\" name=\"_wpcf7_version\" value=\"6.1.5\" \/><input type=\"hidden\" name=\"_wpcf7_locale\" value=\"vi_VN\" \/><input type=\"hidden\" name=\"_wpcf7_unit_tag\" value=\"wpcf7-f7609-o1\" \/><input type=\"hidden\" name=\"_wpcf7_container_post\" value=\"0\" \/><input type=\"hidden\" name=\"_wpcf7_posted_data_hash\" value=\"\" \/><input type=\"hidden\" name=\"_wpcf7_recaptcha_response\" value=\"\" \/>\n<\/fieldset>\n<p><label> T\u00ean c\u1ee7a b\u1ea1n<br \/>\n<span class=\"wpcf7-form-control-wrap\" data-name=\"your-name\"><input size=\"40\" maxlength=\"400\" class=\"wpcf7-form-control wpcf7-text wpcf7-validates-as-required\" aria-required=\"true\" aria-invalid=\"false\" value=\"\" type=\"text\" name=\"your-name\" \/><\/span> <\/label>\n<\/p>\n<p><label> Email c\u1ee7a b\u1ea1n<br \/>\n<span class=\"wpcf7-form-control-wrap\" data-name=\"your-email\"><input size=\"40\" maxlength=\"400\" class=\"wpcf7-form-control wpcf7-email wpcf7-validates-as-required wpcf7-text wpcf7-validates-as-email\" aria-required=\"true\" aria-invalid=\"false\" value=\"\" type=\"email\" name=\"your-email\" \/><\/span> <\/label>\n<\/p>\n<p><label> S\u1ed1 \u0111i\u1ec7n tho\u1ea1i (kh\u00f4ng b\u1eaft bu\u1ed9c)<br \/>\n<span class=\"wpcf7-form-control-wrap\" data-name=\"tel-157\"><input size=\"40\" maxlength=\"400\" class=\"wpcf7-form-control wpcf7-tel wpcf7-text wpcf7-validates-as-tel\" aria-invalid=\"false\" value=\"\" type=\"tel\" name=\"tel-157\" \/><\/span> <\/label>\n<\/p>\n<p><label> Tin nh\u1eafn c\u1ee7a b\u1ea1n<br \/>\n<span class=\"wpcf7-form-control-wrap\" data-name=\"your-message\"><textarea cols=\"40\" rows=\"10\" maxlength=\"2000\" class=\"wpcf7-form-control wpcf7-textarea wpcf7-validates-as-required\" aria-required=\"true\" aria-invalid=\"false\" name=\"your-message\"><\/textarea><\/span> <\/label>\n<\/p>\n<p><span class=\"wpcf7-form-control-wrap\" data-name=\"quiz-747\"><label><span class=\"wpcf7-quiz-label\">2+6=?<\/span> <input size=\"40\" class=\"wpcf7-form-control wpcf7-quiz\" autocomplete=\"off\" aria-required=\"true\" aria-invalid=\"false\" type=\"text\" name=\"quiz-747\" \/><\/label><input type=\"hidden\" name=\"_wpcf7_quiz_answer_quiz-747\" value=\"b92383fac706b700c4f8d69faa457125\" \/><\/span>\n<\/p>\n<p><input class=\"wpcf7-form-control wpcf7-submit has-spinner\" type=\"submit\" value=\"N\u1ed9p\" \/>\n<\/p><div class=\"wpcf7-response-output\" aria-hidden=\"true\"><\/div>\n<\/form>\n<\/div>\n\t\n<h2>\n\t\tNatri Dithionite (Na2S2O4) B\u1ed9t\n\t<\/h2>\n\t\t\t\t<img loading=\"lazy\" decoding=\"async\" src=\"https:\/\/www.griffinmachinery.com\/wp-content\/uploads\/2022\/11\/sodium-dithionite-powder.png\" alt=\"sodium dithionite powder\" itemprop=\"image\" height=\"588\" width=\"1024\" title=\"sodium dithionite powder\" onerror=\"this.style.display='none'\"  \/>\n\t<p>Natri dithionite l\u00e0 m\u1ed9t ch\u1ea5t kh\u1eed v\u00e0 l\u00e0 m\u1ed9t s\u1ea3n ph\u1ea9m h\u00f3a ch\u1ea5t th\u00e2n thi\u1ec7n v\u1edbi m\u00f4i tr\u01b0\u1eddng. N\u00f3 \u0111\u01b0\u1ee3c s\u1eed d\u1ee5ng r\u1ed9ng r\u00e3i trong d\u1ec7t, in v\u00e0 nhu\u1ed9m, l\u00e0m gi\u1ea5y, c\u00f4ng nghi\u1ec7p h\u00f3a ch\u1ea5t, c\u00f4ng nghi\u1ec7p nh\u1eb9, y h\u1ecdc, \u0111i\u1ec7n t\u1eed, th\u1ef1c ph\u1ea9m v\u00e0 c\u00e1c ng\u00e0nh c\u00f4ng nghi\u1ec7p kh\u00e1c.<\/p>\n<p>V\u1edbi vi\u1ec7c chuy\u1ec3n c\u00e1c ng\u00e0nh c\u00f4ng nghi\u1ec7p gi\u1ea5y v\u00e0 d\u1ec7t may sang \u0110\u00f4ng Nam \u00c1, nhu c\u1ea7u v\u1ec1 b\u1ed9t natri dithionite ng\u00e0y c\u00e0ng t\u0103ng. Nhu c\u1ea7u h\u00e0ng n\u0103m to\u00e0n c\u1ea7u l\u00e0 kho\u1ea3ng 2 tri\u1ec7u t\u1ea5n.<\/p>\n\t<h2>\n\t\t\t\t\tT\u1ed5ng quan d\u1ef1 \u00e1n\n\t\t\t\t<\/h2>\n\t\t\t<p>The project is located in the Chemical Industrial Park, Yulin City, Guangxi Province. The construction officially started in October 2021.<\/p>\n\t\t\t\t<img loading=\"lazy\" decoding=\"async\" src=\"https:\/\/www.griffinmachinery.com\/wp-content\/uploads\/2022\/11\/sodium-dithionite-project-overview.jpg\" alt=\"sodium dithionite project overview\" itemprop=\"image\" height=\"607\" width=\"1080\" title=\"sodium dithionite project overview\" onerror=\"this.style.display='none'\"  \/>\n\t<p>D\u1ef1 \u00e1n t\u1ecda l\u1ea1c t\u1ea1i Khu c\u00f4ng nghi\u1ec7p h\u00f3a ch\u1ea5t, th\u00e0nh ph\u1ed1 Ng\u1ecdc L\u00e2m, t\u1ec9nh Qu\u1ea3ng T\u00e2y. C\u00f4ng tr\u00ecnh ch\u00ednh th\u1ee9c kh\u1edfi c\u00f4ng v\u00e0o th\u00e1ng 10\/2021.<\/p>\n<p>V\u1edbi c\u00e1c ph\u00e2n x\u01b0\u1edfng s\u1ea3n xu\u1ea5t nh\u01b0 t\u1ed5ng h\u1ee3p, trung h\u00f2a, s\u1ea5y kh\u00f4, Jiaoya c\u0169ng nh\u01b0 c\u00e1c c\u00f4ng tr\u00ecnh ch\u00ednh nh\u01b0 n\u0103ng l\u01b0\u1ee3ng, nh\u00e0 kho v\u00e0 c\u00e1c c\u00f4ng tr\u00ecnh t\u1ed5ng th\u1ec3, vi\u1ec7c x\u00e2y d\u1ef1ng c\u00e1c ph\u00e2n x\u01b0\u1edfng \u0111\u00e3 c\u01a1 b\u1ea3n ho\u00e0n th\u00e0nh.<\/p>\n<p>S\u1ef1 xu\u1ea5t hi\u1ec7n c\u1ee7a c\u00e1c l\u00f4 thi\u1ebft b\u1ecb s\u1ea5y quy m\u00f4 l\u1edbn cho th\u1ea5y giai \u0111o\u1ea1n l\u1eafp \u0111\u1eb7t \u0111ang \u0111\u01b0\u1ee3c ti\u1ebfn h\u00e0nh nhanh ch\u00f3ng v\u00e0 d\u1ef1 ki\u1ebfn \u200b\u200bvi\u1ec7c s\u1ea3n xu\u1ea5t th\u1eed nghi\u1ec7m c\u00f3 th\u1ec3 \u0111\u01b0\u1ee3c th\u1ef1c hi\u1ec7n theo k\u1ebf ho\u1ea1ch v\u00e0o th\u00e1ng 2 n\u0103m 2023.<\/p>\n<h5>\n\t\tX\u01b0\u1edfng s\u1ea5y\n\t<\/h5>\n\t\t\t\t<img loading=\"lazy\" decoding=\"async\" src=\"https:\/\/www.griffinmachinery.com\/wp-content\/uploads\/2022\/11\/drying-workshop.jpg\" alt=\"drying workshop\" itemprop=\"image\" height=\"810\" width=\"1080\" title=\"drying workshop\" onerror=\"this.style.display='none'\"  \/>\n<h5>\n\t\tL\u1eafp \u0111\u1eb7t m\u00e1y s\u1ea5y\n\t<\/h5>\n\t\t\t\t<img loading=\"lazy\" decoding=\"async\" src=\"https:\/\/www.griffinmachinery.com\/wp-content\/uploads\/2022\/11\/dryer-installation.jpg\" alt=\"dryer installation\" itemprop=\"image\" height=\"810\" width=\"1080\" title=\"dryer installation\" onerror=\"this.style.display='none'\"  \/>\n<h5>\n\t\tNh\u00e0 m\u00e1y Sulfur Dioxide\n\t<\/h5>\n\t\t\t\t<img loading=\"lazy\" decoding=\"async\" src=\"https:\/\/www.griffinmachinery.com\/wp-content\/uploads\/2022\/11\/sulfur-dioxide-plant.jpg\" alt=\"sulfur dioxide plant\" itemprop=\"image\" height=\"810\" width=\"1080\" title=\"sulfur dioxide plant\" onerror=\"this.style.display='none'\"  \/>\n<h5>\n\t\tC\u01a1 s\u1edf x\u1eed l\u00fd m\u00f4i tr\u01b0\u1eddng\n\t<\/h5>\n\t\t\t\t<img loading=\"lazy\" decoding=\"async\" src=\"https:\/\/www.griffinmachinery.com\/wp-content\/uploads\/2022\/11\/environmental-treatment-facilities.jpg\" alt=\"environmental treatment facilities\" itemprop=\"image\" height=\"810\" width=\"1080\" title=\"environmental treatment facilities\" onerror=\"this.style.display='none'\"  \/>\n\t<h2>\n\t\t\t\t\tLi\u00ean h\u1ec7 v\u1edbi ch\u00fang t\u00f4i\n\t\t\t\t<\/h2>\n\t\t\t<p>Griffin Machinery, m\u1ed9t \u0111\u1ed1i t\u00e1c gi\u00e0u kinh nghi\u1ec7m v\u00e0 \u0111\u00e1ng tin c\u1eady. N\u1ebfu b\u1ea1n c\u0169ng \u0111ang t\u00ecm ki\u1ebfm m\u1ed9t c\u00e1ch l\u00e0m kh\u00f4 s\u1ea3n ph\u1ea9m nh\u1eb9 nh\u00e0ng m\u00e0 hi\u1ec7u qu\u1ea3, h\u00e3y li\u00ean h\u1ec7 v\u1edbi ch\u00fang t\u00f4i \u0111\u1ec3 \u0111\u01b0\u1ee3c t\u01b0 v\u1ea5n. Nh\u00f3m c\u1ee7a ch\u00fang t\u00f4i s\u1eb5n s\u00e0ng gi\u00fap b\u1ea1n t\u00ecm ra gi\u1ea3i ph\u00e1p ph\u00f9 h\u1ee3p cho d\u1ef1 \u00e1n c\u1ee7a b\u1ea1n.<\/p>\n\t<style type=\"text\/css\"><\/style><div class=\"ufaqsw_container_default ufaqsw_container_default_7607 ufaqsw_element_group_src\"> \n\n\t\t\t<h2 class=\"ufaqsw_faq_title ufaqsw_faq_title_7607\">C\u00e2u h\u1ecfi th\u01b0\u1eddng g\u1eb7p<\/h2>\n\t\n\t\n\t\t<div class=\"ufaqsw_toggle_default ufaqsw_toggle_default_7607 ufaqsw_element_src\">\n\t\t\t<div class=\"ufaqsw-toggle-title-area-default ufaqsw-toggle-title-area-default_7607\"\n\t\t\trole=\"button\"\n\t\t\ttabindex=\"0\"\n\t\t\taria-expanded=\"false\"\n\t\t\taria-controls=\"ufaqsw_faq_answer_1_7607\"\n\t\t\taria-label=\"Nh\u00e0 m\u00e1y c\u1ee7a b\u1ea1n \u1edf \u0111\u00e2u?\"\n\t\t\t>\n\t\t\t\t<div class=\"ufaqsw-title-name-default ufaqsw-title-name-default_7607\">\n\t\t\t\t\t<span class=\"ufaqsw-default-icon\">\n\t\t\t\t\t\t<i class=\"fa fa fa-plus\" aria-hidden=\"true\"><\/i>\n\t\t\t\t\t\t<i class=\"fa fa fa-minus\" id=\"ufaqsw_other_style\" aria-hidden=\"true\"><\/i>\n\t\t\t\t\t<\/span>\t\t\t\t\n\t\t\t\t\t<span class=\"ufaqsw-default-title ufaqsw_faq_question_src\">Nh\u00e0 m\u00e1y c\u1ee7a b\u1ea1n \u1edf \u0111\u00e2u?<\/span>\n\t\t\t\t<\/div>\n\t\t\t<\/div>\n\t\t\t<div class=\"ufaqsw-toggle-inner-default ufaqsw-toggle-inner-default_7607 ufaqsw_faq_answer_src\"\n\t\t\tid=\"ufaqsw_faq_answer_1_7607\"\n\t\t\taria-hidden=\"true\"\n\t\t\taria-labelledby=\"ufaqsw_faq_answer_1_7607\"\n\t\t\tstyle=\"display:none\"\t\t\t>\n\t\t\tCh\u00fang t\u00f4i \u0111\u01b0\u1ee3c \u0111\u1eb7t t\u1ea1i th\u00e0nh ph\u1ed1 Th\u01b0\u1eddng Ch\u00e2u g\u1ea7n Th\u01b0\u1ee3ng H\u1ea3i.\t\t\t<\/div>\n\t\t<\/div><!-- END OF TOGGLE -->\n\n\t\t\n\t\t<div class=\"ufaqsw_toggle_default ufaqsw_toggle_default_7607 ufaqsw_element_src\">\n\t\t\t<div class=\"ufaqsw-toggle-title-area-default ufaqsw-toggle-title-area-default_7607\"\n\t\t\trole=\"button\"\n\t\t\ttabindex=\"0\"\n\t\t\taria-expanded=\"false\"\n\t\t\taria-controls=\"ufaqsw_faq_answer_2_7607\"\n\t\t\taria-label=\"Ch\u1ea5t l\u01b0\u1ee3ng m\u00e1y c\u1ee7a b\u1ea1n l\u00e0 g\u00ec?\"\n\t\t\t>\n\t\t\t\t<div class=\"ufaqsw-title-name-default ufaqsw-title-name-default_7607\">\n\t\t\t\t\t<span class=\"ufaqsw-default-icon\">\n\t\t\t\t\t\t<i class=\"fa fa fa-plus\" aria-hidden=\"true\"><\/i>\n\t\t\t\t\t\t<i class=\"fa fa fa-minus\" id=\"ufaqsw_other_style\" aria-hidden=\"true\"><\/i>\n\t\t\t\t\t<\/span>\t\t\t\t\n\t\t\t\t\t<span class=\"ufaqsw-default-title ufaqsw_faq_question_src\">Ch\u1ea5t l\u01b0\u1ee3ng m\u00e1y c\u1ee7a b\u1ea1n l\u00e0 g\u00ec?<\/span>\n\t\t\t\t<\/div>\n\t\t\t<\/div>\n\t\t\t<div class=\"ufaqsw-toggle-inner-default ufaqsw-toggle-inner-default_7607 ufaqsw_faq_answer_src\"\n\t\t\tid=\"ufaqsw_faq_answer_2_7607\"\n\t\t\taria-hidden=\"true\"\n\t\t\taria-labelledby=\"ufaqsw_faq_answer_2_7607\"\n\t\t\tstyle=\"display:none\"\t\t\t>\n\t\t\t<p>C\u00f4ng ty ch\u00fang t\u00f4i tu\u00e2n theo c\u00e1c quy tr\u00ecnh ki\u1ec3m so\u00e1t ch\u1ea5t l\u01b0\u1ee3ng nghi\u00eam ng\u1eb7t v\u00e0 c\u00e1c quy tr\u00ecnh c\u00f3 h\u1ec7 th\u1ed1ng kh\u00e1c nhau. Ch\u00fang t\u00f4i quan t\u00e2m t\u1ed1i \u0111a \u0111\u1ebfn ch\u1ea5t l\u01b0\u1ee3ng \u1edf m\u1ecdi giai \u0111o\u1ea1n c\u1ee7a qu\u00e1 tr\u00ecnh s\u1ea3n xu\u1ea5t. B\u1ea1n c\u00f3 th\u1ec3 y\u00ean t\u00e2m tuy\u1ec7t \u0111\u1ed1i v\u1ec1 ch\u1ea5t l\u01b0\u1ee3ng.<\/p>\n\t\t\t<\/div>\n\t\t<\/div><!-- END OF TOGGLE -->\n\n\t\t\n\t\t<div class=\"ufaqsw_toggle_default ufaqsw_toggle_default_7607 ufaqsw_element_src\">\n\t\t\t<div class=\"ufaqsw-toggle-title-area-default ufaqsw-toggle-title-area-default_7607\"\n\t\t\trole=\"button\"\n\t\t\ttabindex=\"0\"\n\t\t\taria-expanded=\"false\"\n\t\t\taria-controls=\"ufaqsw_faq_answer_3_7607\"\n\t\t\taria-label=\"Th\u1eddi gian b\u1ea3o h\u00e0nh l\u00e0 g\u00ec?\"\n\t\t\t>\n\t\t\t\t<div class=\"ufaqsw-title-name-default ufaqsw-title-name-default_7607\">\n\t\t\t\t\t<span class=\"ufaqsw-default-icon\">\n\t\t\t\t\t\t<i class=\"fa fa fa-plus\" aria-hidden=\"true\"><\/i>\n\t\t\t\t\t\t<i class=\"fa fa fa-minus\" id=\"ufaqsw_other_style\" aria-hidden=\"true\"><\/i>\n\t\t\t\t\t<\/span>\t\t\t\t\n\t\t\t\t\t<span class=\"ufaqsw-default-title ufaqsw_faq_question_src\">Th\u1eddi gian b\u1ea3o h\u00e0nh l\u00e0 g\u00ec?<\/span>\n\t\t\t\t<\/div>\n\t\t\t<\/div>\n\t\t\t<div class=\"ufaqsw-toggle-inner-default ufaqsw-toggle-inner-default_7607 ufaqsw_faq_answer_src\"\n\t\t\tid=\"ufaqsw_faq_answer_3_7607\"\n\t\t\taria-hidden=\"true\"\n\t\t\taria-labelledby=\"ufaqsw_faq_answer_3_7607\"\n\t\t\tstyle=\"display:none\"\t\t\t>\n\t\t\t<p>\u0110\u00e1p \u1ee9ng k\u1ecbp th\u1eddi 24 gi\u1edd cho th\u01b0 v\u00e0 cu\u1ed9c g\u1ecdi \u0111i\u1ec7n tho\u1ea1i. Ch\u00fang t\u00f4i s\u1ebd b\u1ea3o h\u00e0nh m\u1ed9t n\u0103m \u0111\u1ec3 \u0111\u1ea3m b\u1ea3o m\u00e1y c\u1ee7a b\u1ea1n ch\u1ea1y \u1ed5n \u0111\u1ecbnh.<\/p>\n\t\t\t<\/div>\n\t\t<\/div><!-- END OF TOGGLE -->\n\n\t\t\n\t\t<div class=\"ufaqsw_toggle_default ufaqsw_toggle_default_7607 ufaqsw_element_src\">\n\t\t\t<div class=\"ufaqsw-toggle-title-area-default ufaqsw-toggle-title-area-default_7607\"\n\t\t\trole=\"button\"\n\t\t\ttabindex=\"0\"\n\t\t\taria-expanded=\"false\"\n\t\t\taria-controls=\"ufaqsw_faq_answer_4_7607\"\n\t\t\taria-label=\"Th\u1eddi h\u1ea1n thanh to\u00e1n l\u00e0 g\u00ec?\"\n\t\t\t>\n\t\t\t\t<div class=\"ufaqsw-title-name-default ufaqsw-title-name-default_7607\">\n\t\t\t\t\t<span class=\"ufaqsw-default-icon\">\n\t\t\t\t\t\t<i class=\"fa fa fa-plus\" aria-hidden=\"true\"><\/i>\n\t\t\t\t\t\t<i class=\"fa fa fa-minus\" id=\"ufaqsw_other_style\" aria-hidden=\"true\"><\/i>\n\t\t\t\t\t<\/span>\t\t\t\t\n\t\t\t\t\t<span class=\"ufaqsw-default-title ufaqsw_faq_question_src\">Th\u1eddi h\u1ea1n thanh to\u00e1n l\u00e0 g\u00ec?<\/span>\n\t\t\t\t<\/div>\n\t\t\t<\/div>\n\t\t\t<div class=\"ufaqsw-toggle-inner-default ufaqsw-toggle-inner-default_7607 ufaqsw_faq_answer_src\"\n\t\t\tid=\"ufaqsw_faq_answer_4_7607\"\n\t\t\taria-hidden=\"true\"\n\t\t\taria-labelledby=\"ufaqsw_faq_answer_4_7607\"\n\t\t\tstyle=\"display:none\"\t\t\t>\n\t\t\t<p>Th\u1eddi h\u1ea1n thanh to\u00e1n th\u00f4ng th\u01b0\u1eddng c\u1ee7a ch\u00fang t\u00f4i l\u00e0 30% TT tr\u01b0\u1edbc, 70% TT tr\u01b0\u1edbc khi giao h\u00e0ng.<\/p>\n\t\t\t<\/div>\n\t\t<\/div><!-- END OF TOGGLE -->\n\n\t\t\n\t\t<div class=\"ufaqsw_toggle_default ufaqsw_toggle_default_7607 ufaqsw_element_src\">\n\t\t\t<div class=\"ufaqsw-toggle-title-area-default ufaqsw-toggle-title-area-default_7607\"\n\t\t\trole=\"button\"\n\t\t\ttabindex=\"0\"\n\t\t\taria-expanded=\"false\"\n\t\t\taria-controls=\"ufaqsw_faq_answer_5_7607\"\n\t\t\taria-label=\"Gi\u00e1 c\u1ee7a b\u1ea1n c\u00f3 bao g\u1ed3m ph\u00ed v\u1eadn chuy\u1ec3n kh\u00f4ng?\"\n\t\t\t>\n\t\t\t\t<div class=\"ufaqsw-title-name-default ufaqsw-title-name-default_7607\">\n\t\t\t\t\t<span class=\"ufaqsw-default-icon\">\n\t\t\t\t\t\t<i class=\"fa fa fa-plus\" aria-hidden=\"true\"><\/i>\n\t\t\t\t\t\t<i class=\"fa fa fa-minus\" id=\"ufaqsw_other_style\" aria-hidden=\"true\"><\/i>\n\t\t\t\t\t<\/span>\t\t\t\t\n\t\t\t\t\t<span class=\"ufaqsw-default-title ufaqsw_faq_question_src\">Gi\u00e1 c\u1ee7a b\u1ea1n c\u00f3 bao g\u1ed3m ph\u00ed v\u1eadn chuy\u1ec3n kh\u00f4ng?<\/span>\n\t\t\t\t<\/div>\n\t\t\t<\/div>\n\t\t\t<div class=\"ufaqsw-toggle-inner-default ufaqsw-toggle-inner-default_7607 ufaqsw_faq_answer_src\"\n\t\t\tid=\"ufaqsw_faq_answer_5_7607\"\n\t\t\taria-hidden=\"true\"\n\t\t\taria-labelledby=\"ufaqsw_faq_answer_5_7607\"\n\t\t\tstyle=\"display:none\"\t\t\t>\n\t\t\t<p>Gi\u00e1 th\u00f4ng th\u01b0\u1eddng c\u1ee7a ch\u00fang t\u00f4i d\u1ef1a tr\u00ean FOB Th\u01b0\u1ee3ng H\u1ea3i. Ch\u00fang t\u00f4i c\u00f3 th\u1ec3 cung c\u1ea5p b\u00e1o gi\u00e1 CIF theo y\u00eau c\u1ea7u.<\/p>\n\t\t\t<\/div>\n\t\t<\/div><!-- END OF TOGGLE -->\n\n\t\t\n<\/div>\n\n\t<iframe src=\"https:\/\/www.google.com\/maps\/embed?pb=!1m18!1m12!1m3!1d3390.2927421824006!2d119.88542131515791!3d31.817019981272452!2m3!1f0!2f0!3f0!3m2!1i1024!2i768!4f13.1!3m3!1m2!1s0x35b4149e3c70d0b3%3A0x8fff5da241c321f8!2sYun%20He%20Lu%2C%20China%2C%20213023!5e0!3m2!1sen!2sus!4v1649332227824!5m2!1sen!2sus\" width=\"100%\" height=\"450\" allowfullscreen=\"\" loading=\"lazy\" referrerpolicy=\"no-referrer-when-downgrade\"><\/iframe>\n\t\n<div class=\"wpcf7 no-js\" id=\"wpcf7-f7609-o2\" lang=\"vi-VN\" dir=\"ltr\" data-wpcf7-id=\"7609\">\n<div class=\"screen-reader-response\"><p role=\"status\" aria-live=\"polite\" aria-atomic=\"true\"><\/p> <ul><\/ul><\/div>\n<form action=\"\/vi\/wp-json\/wp\/v2\/pages\/10060#wpcf7-f7609-o2\" method=\"post\" class=\"wpcf7-form init\" aria-label=\"Contact form\" novalidate=\"novalidate\" data-status=\"init\">\n<fieldset class=\"hidden-fields-container\"><input type=\"hidden\" name=\"_wpcf7\" value=\"7609\" \/><input type=\"hidden\" name=\"_wpcf7_version\" value=\"6.1.5\" \/><input type=\"hidden\" name=\"_wpcf7_locale\" value=\"vi_VN\" \/><input type=\"hidden\" name=\"_wpcf7_unit_tag\" value=\"wpcf7-f7609-o2\" \/><input type=\"hidden\" name=\"_wpcf7_container_post\" value=\"0\" \/><input type=\"hidden\" name=\"_wpcf7_posted_data_hash\" value=\"\" \/><input type=\"hidden\" name=\"_wpcf7_recaptcha_response\" value=\"\" \/>\n<\/fieldset>\n<p><label> T\u00ean c\u1ee7a b\u1ea1n<br \/>\n<span class=\"wpcf7-form-control-wrap\" data-name=\"your-name\"><input size=\"40\" maxlength=\"400\" class=\"wpcf7-form-control wpcf7-text wpcf7-validates-as-required\" aria-required=\"true\" aria-invalid=\"false\" value=\"\" type=\"text\" name=\"your-name\" \/><\/span> <\/label>\n<\/p>\n<p><label> Email c\u1ee7a b\u1ea1n<br \/>\n<span class=\"wpcf7-form-control-wrap\" data-name=\"your-email\"><input size=\"40\" maxlength=\"400\" class=\"wpcf7-form-control wpcf7-email wpcf7-validates-as-required wpcf7-text wpcf7-validates-as-email\" aria-required=\"true\" aria-invalid=\"false\" value=\"\" type=\"email\" name=\"your-email\" \/><\/span> <\/label>\n<\/p>\n<p><label> S\u1ed1 \u0111i\u1ec7n tho\u1ea1i (kh\u00f4ng b\u1eaft bu\u1ed9c)<br \/>\n<span class=\"wpcf7-form-control-wrap\" data-name=\"tel-157\"><input size=\"40\" maxlength=\"400\" class=\"wpcf7-form-control wpcf7-tel wpcf7-text wpcf7-validates-as-tel\" aria-invalid=\"false\" value=\"\" type=\"tel\" name=\"tel-157\" \/><\/span> <\/label>\n<\/p>\n<p><label> Tin nh\u1eafn c\u1ee7a b\u1ea1n<br \/>\n<span class=\"wpcf7-form-control-wrap\" data-name=\"your-message\"><textarea cols=\"40\" rows=\"10\" maxlength=\"2000\" class=\"wpcf7-form-control wpcf7-textarea wpcf7-validates-as-required\" aria-required=\"true\" aria-invalid=\"false\" name=\"your-message\"><\/textarea><\/span> <\/label>\n<\/p>\n<p><span class=\"wpcf7-form-control-wrap\" data-name=\"quiz-747\"><label><span class=\"wpcf7-quiz-label\">2+6=?<\/span> <input size=\"40\" class=\"wpcf7-form-control wpcf7-quiz\" autocomplete=\"off\" aria-required=\"true\" aria-invalid=\"false\" type=\"text\" name=\"quiz-747\" \/><\/label><input type=\"hidden\" name=\"_wpcf7_quiz_answer_quiz-747\" value=\"b92383fac706b700c4f8d69faa457125\" \/><\/span>\n<\/p>\n<p><input class=\"wpcf7-form-control wpcf7-submit has-spinner\" type=\"submit\" value=\"N\u1ed9p\" \/>\n<\/p><div class=\"wpcf7-response-output\" aria-hidden=\"true\"><\/div>\n<\/form>\n<\/div>\n\n\n","protected":false},"excerpt":{"rendered":"","protected":false},"author":1,"featured_media":0,"parent":0,"menu_order":0,"comment_status":"closed","ping_status":"closed","template":"","meta":{"site-sidebar-layout":"no-sidebar","site-content-layout":"page-builder","ast-site-content-layout":"default","site-content-style":"default","site-sidebar-style":"default","ast-global-header-display":"","ast-banner-title-visibility":"","ast-main-header-display":"","ast-hfb-above-header-display":"","ast-hfb-below-header-display":"","ast-hfb-mobile-header-display":"","site-post-title":"disabled","ast-breadcrumbs-content":"","ast-featured-img":"disabled","footer-sml-layout":"","ast-disable-related-posts":"","theme-transparent-header-meta":"default","adv-header-id-meta":"","stick-header-meta":"default","header-above-stick-meta":"","header-main-stick-meta":"","header-below-stick-meta":"","astra-migrate-meta-layouts":"default","ast-page-background-enabled":"default","ast-page-background-meta":{"desktop":{"background-color":"","background-image":"","background-repeat":"repeat","background-position":"center center","background-size":"auto","background-attachment":"scroll","background-type":"","background-media":"","overlay-type":"","overlay-color":"","overlay-opacity":"","overlay-gradient":""},"tablet":{"background-color":"","background-image":"","background-repeat":"repeat","background-position":"center center","background-size":"auto","background-attachment":"scroll","background-type":"","background-media":"","overlay-type":"","overlay-color":"","overlay-opacity":"","overlay-gradient":""},"mobile":{"background-color":"","background-image":"","background-repeat":"repeat","background-position":"center center","background-size":"auto","background-attachment":"scroll","background-type":"","background-media":"","overlay-type":"","overlay-color":"","overlay-opacity":"","overlay-gradient":""}},"ast-content-background-meta":{"desktop":{"background-color":"var(--ast-global-color-5)","background-image":"","background-repeat":"repeat","background-position":"center center","background-size":"auto","background-attachment":"scroll","background-type":"","background-media":"","overlay-type":"","overlay-color":"","overlay-opacity":"","overlay-gradient":""},"tablet":{"background-color":"var(--ast-global-color-5)","background-image":"","background-repeat":"repeat","background-position":"center center","background-size":"auto","background-attachment":"scroll","background-type":"","background-media":"","overlay-type":"","overlay-color":"","overlay-opacity":"","overlay-gradient":""},"mobile":{"background-color":"var(--ast-global-color-5)","background-image":"","background-repeat":"repeat","background-position":"center center","background-size":"auto","background-attachment":"scroll","background-type":"","background-media":"","overlay-type":"","overlay-color":"","overlay-opacity":"","overlay-gradient":""}},"footnotes":""},"class_list":["post-10060","page","type-page","status-publish","hentry"],"_links":{"self":[{"href":"https:\/\/www.griffinmachinery.com\/vi\/wp-json\/wp\/v2\/pages\/10060","targetHints":{"allow":["GET"]}}],"collection":[{"href":"https:\/\/www.griffinmachinery.com\/vi\/wp-json\/wp\/v2\/pages"}],"about":[{"href":"https:\/\/www.griffinmachinery.com\/vi\/wp-json\/wp\/v2\/types\/page"}],"author":[{"embeddable":true,"href":"https:\/\/www.griffinmachinery.com\/vi\/wp-json\/wp\/v2\/users\/1"}],"replies":[{"embeddable":true,"href":"https:\/\/www.griffinmachinery.com\/vi\/wp-json\/wp\/v2\/comments?post=10060"}],"version-history":[{"count":0,"href":"https:\/\/www.griffinmachinery.com\/vi\/wp-json\/wp\/v2\/pages\/10060\/revisions"}],"wp:attachment":[{"href":"https:\/\/www.griffinmachinery.com\/vi\/wp-json\/wp\/v2\/media?parent=10060"}],"curies":[{"name":"wp","href":"https:\/\/api.w.org\/{rel}","templated":true}]}}