{"id":10025,"date":"2022-10-31T07:44:37","date_gmt":"2022-10-31T07:44:37","guid":{"rendered":"https:\/\/www.griffinmachinery.com\/dich-vu-cua-chung-toi\/"},"modified":"2022-11-13T06:41:36","modified_gmt":"2022-11-13T06:41:36","slug":"dich-vu-cua-chung-toi","status":"publish","type":"page","link":"https:\/\/www.griffinmachinery.com\/vi\/dich-vu-cua-chung-toi\/","title":{"rendered":"D\u1ecbch v\u1ee5 c\u1ee7a ch\u00fang t\u00f4i"},"content":{"rendered":"\n\n\t<h1>\n\t\t\t\t\tD\u1ecbch v\u1ee5 c\u1ee7a ch\u00fang t\u00f4i\n\t\t\t\t<\/h1>\n\t<p>\u0110\u1ec3 chu\u1ea9n h\u00f3a n\u1ed9i dung c\u00e1c d\u1ecbch v\u1ee5 c\u1ee7a m\u00ecnh, ch\u00fang t\u00f4i \u0111\u00e3 li\u1ec7t k\u00ea c\u00e1c danh s\u00e1ch d\u01b0\u1edbi \u0111\u00e2y.<\/p>\n<h3>\n\t\tI. D\u1ecbch v\u1ee5 B\u00e1n h\u00e0ng &#038; B\u00e1n h\u00e0ng tr\u01b0\u1edbc\n\t<\/h3>\n\t\t\t\t<img decoding=\"async\" src=\"https:\/\/www.griffinmachinery.com\/wp-content\/uploads\/2022\/05\/Our-Team-3.png\" alt=\"Our Team 3\" itemprop=\"image\"\/>\n\t<ul>\n<li>H\u1ed7 tr\u1ee3 ch\u1ecdn \u0111\u00fang m\u1eabu thi\u1ebft b\u1ecb.<\/li>\n<li>B\u1ed9 ph\u1eadn k\u1ef9 thu\u1eadt h\u1ee3p t\u00e1c v\u1edbi nh\u00e2n vi\u00ean b\u00e1n h\u00e0ng \u0111\u1ec3 theo d\u00f5i c\u00e1c d\u1ef1 \u00e1n c\u1ee7a kh\u00e1ch h\u00e0ng v\u00e0 hi\u1ec3u nhu c\u1ea7u c\u1ee7a kh\u00e1ch h\u00e0ng v\u1ec1 c\u00e1c y\u00eau c\u1ea7u c\u1ee7a quy tr\u00ecnh s\u1ea3n xu\u1ea5t, quy tr\u00ecnh, l\u00f4, k\u1ef9 thu\u1eadt v\u00e0 x\u00e1c minh.<\/li>\n<li>Nh\u00e2n vi\u00ean d\u1ecbch v\u1ee5 k\u1ef9 thu\u1eadt s\u1ebd li\u00ean l\u1ea1c v\u1edbi kh\u00e1ch h\u00e0ng b\u1ea5t k\u1ef3 l\u00fac n\u00e0o v\u1ec1 c\u00f4ng ngh\u1ec7 ho\u1eb7c k\u1ef9 thu\u1eadt \u0111\u1ec3 \u0111\u01b0a ra c\u00e1c gi\u1ea3i ph\u00e1p.<\/li>\n<li>Cung c\u1ea5p k\u1ecbp th\u1eddi c\u00e1c t\u00e0i li\u1ec7u k\u1ef9 thu\u1eadt v\u00e0 c\u00e1c t\u00e0i li\u1ec7u li\u00ean quan m\u00e0 kh\u00e1ch h\u00e0ng c\u1ea7n.<\/li>\n<\/ul>\n<h3>\n\t\tII. D\u1ecbch v\u1ee5 sau b\u00e1n h\u00e0ng\n\t<\/h3>\n\t\t\t\t<img decoding=\"async\" src=\"https:\/\/www.griffinmachinery.com\/wp-content\/uploads\/2022\/03\/image1.jpg\" alt=\"image1\" itemprop=\"image\"\/>\n\t<p><strong>2.1 C\u00e0i \u0111\u1eb7t &amp; V\u1eadn h\u00e0nh<\/strong><\/p>\n<ul>\n<li>Li\u00ean l\u1ea1c k\u1ecbp th\u1eddi v\u1edbi kh\u00e1ch h\u00e0ng khi thi\u1ebft b\u1ecb \u0111\u01b0\u1ee3c v\u1eadn chuy\u1ec3n \u0111\u1ec3 hi\u1ec3u r\u00f5 k\u1ebf ho\u1ea1ch l\u1eafp \u0111\u1eb7t thi\u1ebft b\u1ecb c\u1ee7a kh\u00e1ch h\u00e0ng.<\/li>\n<li>H\u1ed7 tr\u1ee3 kh\u00e1ch h\u00e0ng ho\u00e0n thi\u1ec7n c\u00f4ng t\u00e1c chu\u1ea9n b\u1ecb tr\u01b0\u1edbc khi l\u1eafp \u0111\u1eb7t thi\u1ebft b\u1ecb, \u0111\u1ed3ng th\u1eddi cung c\u1ea5p cho kh\u00e1ch h\u00e0ng n\u1ed9i dung chi ti\u1ebft c\u1ee7a c\u00f4ng t\u00e1c chu\u1ea9n b\u1ecb l\u1eafp \u0111\u1eb7t thi\u1ebft b\u1ecb.<\/li>\n<li>Sau khi nh\u1eadn \u0111\u01b0\u1ee3c th\u00f4ng b\u00e1o l\u1eafp \u0111\u1eb7t, ch\u00fang t\u00f4i s\u1ebd k\u1ecbp th\u1eddi \u0111\u1ebfn t\u1eadn n\u01a1i kh\u00e1ch h\u00e0ng \u0111\u1ec3 h\u1ee3p t\u00e1c v\u1edbi kh\u00e1ch h\u00e0ng ho\u00e0n thi\u1ec7n vi\u1ec7c th\u00e1o d\u1ee1 thi\u1ebft b\u1ecb v\u00e0 nghi\u1ec7m thu.<\/li>\n<li>H\u1ee3p t\u00e1c v\u1edbi kh\u00e1ch h\u00e0ng \u0111\u1ec3 l\u1eadp ph\u01b0\u01a1ng \u00e1n n\u00e2ng h\u1ea1 trong qu\u00e1 tr\u00ecnh l\u1eafp \u0111\u1eb7t thi\u1ebft b\u1ecb.<\/li>\n<li>H\u01b0\u1edbng d\u1eabn t\u1ea1i ch\u1ed7 c\u00e1c thi\u1ebft b\u1ecb n\u00e2ng h\u1ea1 v\u00e0 \u0111\u1ea5u n\u1ed1i v\u00e0o m\u00f3ng.<\/li>\n<li>G\u1ee1 l\u1ed7i thi\u1ebft b\u1ecb v\u00e0 h\u1ee3p t\u00e1c v\u1edbi kh\u00e1ch h\u00e0ng \u0111\u1ec3 ho\u00e0n t\u1ea5t qu\u00e1 tr\u00ecnh x\u00e1c minh ho\u1ea1t \u0111\u1ed9ng c\u1ee7a thi\u1ebft b\u1ecb.<\/li>\n<li>Ti\u1ebfn h\u00e0nh \u0111\u00e0o t\u1ea1o nh\u00e2n s\u1ef1 li\u00ean quan \u0111\u1ebfn kh\u00e1ch h\u00e0ng v\u00e0 k\u1ebf ho\u1ea1ch \u0111\u00e0o t\u1ea1o s\u1ebd \u0111\u01b0\u1ee3c n\u1ea1p v\u00e0o h\u1ed3 s\u01a1 kh\u00e1ch h\u00e0ng sau khi \u0111\u01b0\u1ee3c kh\u00e1ch h\u00e0ng k\u00fd x\u00e1c nh\u1eadn.<\/li>\n<\/ul>\n<h3>\n\t\tIII. Ngh\u0129a v\u1ee5 c\u1ee7a Kh\u00e1ch h\u00e0ng\n\t<\/h3>\n\t<ul>\n<li>Cho ph\u00e9p nh\u00e2n vi\u00ean d\u1ecbch v\u1ee5 c\u1ee7a ch\u00fang t\u00f4i ti\u1ebfp c\u1eadn an to\u00e0n, k\u1ecbp th\u1eddi v\u00e0 \u0111\u1ea7y \u0111\u1ee7 c\u00e1c s\u1ea3n ph\u1ea9m thi\u1ebft b\u1ecb do Haihong s\u1ea3n xu\u1ea5t \u0111\u1ec3 nh\u00e2n vi\u00ean c\u1ee7a ch\u00fang t\u00f4i c\u00f3 th\u1ec3 th\u1ef1c hi\u1ec7n c\u00e1c d\u1ecbch v\u1ee5.<\/li>\n<li>C\u00e1c c\u00f4ng c\u1ee5, ph\u01b0\u01a1ng ti\u1ec7n ph\u1ee5 tr\u1ee3 v\u00e0 d\u1ecbch v\u1ee5 h\u1ed7 tr\u1ee3 nh\u00e2n s\u1ef1 do nh\u00e2n vi\u00ean c\u1ee7a ch\u00fang t\u00f4i \u0111\u1ec1 xu\u1ea5t \u0111\u01b0\u1ee3c cung c\u1ea5p mi\u1ec5n ph\u00ed \u0111\u1ec3 \u0111\u1ea3m b\u1ea3o d\u1ecbch v\u1ee5 v\u1eadn h\u00e0nh tr\u01a1n tru.<\/li>\n<li>\u0110\u1ec3 \u0111\u1ea3m b\u1ea3o an to\u00e0n, h\u00e3y \u0111\u1ea3m b\u1ea3o r\u1eb1ng nh\u00e2n vi\u00ean c\u1ee7a ch\u00fang t\u00f4i lu\u00f4n \u0111i c\u00f9ng v\u1edbi m\u1ed9t nh\u00e2n vi\u00ean quen thu\u1ed9c v\u1edbi \u0111\u1ecba \u0111i\u1ec3m c\u1ee7a ng\u01b0\u1eddi d\u00f9ng v\u00e0 h\u1ec7 th\u1ed1ng an to\u00e0n khi h\u1ecd \u1edf \u0111\u1ecba \u0111i\u1ec3m c\u1ee7a kh\u00e1ch h\u00e0ng.<\/li>\n<li>Cung c\u1ea5p cho nh\u00e2n vi\u00ean c\u1ee7a ch\u00fang t\u00f4i m\u00f4 t\u1ea3 c\u1ee5 th\u1ec3 v\u1ec1 v\u1ea5n \u0111\u1ec1 thi\u1ebft b\u1ecb \u0111ang g\u1eb7p ph\u1ea3i, cho nh\u00e2n vi\u00ean d\u1ecbch v\u1ee5 bi\u1ebft b\u00e1o c\u00e1o l\u1ed7i l\u00e0 g\u00ec, khi n\u00e0o x\u1ea3y ra v\u00e0 c\u00e1c b\u01b0\u1edbc \u0111\u00e3 \u0111\u01b0\u1ee3c th\u1ef1c hi\u1ec7n \u0111\u1ec3 s\u1eeda l\u1ed7i.<\/li>\n<\/ul>\n\n","protected":false},"excerpt":{"rendered":"<p>D\u1ecbch v\u1ee5 c\u1ee7a ch\u00fang t\u00f4i \u0110\u1ec3 chu\u1ea9n h\u00f3a n\u1ed9i dung c\u00e1c d\u1ecbch v\u1ee5 c\u1ee7a m\u00ecnh, ch\u00fang t\u00f4i \u0111\u00e3 li\u1ec7t k\u00ea c\u00e1c danh s\u00e1ch d\u01b0\u1edbi \u0111\u00e2y. I. D\u1ecbch v\u1ee5 B\u00e1n h\u00e0ng &#038; B\u00e1n h\u00e0ng tr\u01b0\u1edbc H\u1ed7 [&hellip;]<\/p>\n","protected":false},"author":1,"featured_media":0,"parent":0,"menu_order":0,"comment_status":"closed","ping_status":"closed","template":"","meta":{"site-sidebar-layout":"no-sidebar","site-content-layout":"page-builder","ast-site-content-layout":"default","site-content-style":"default","site-sidebar-style":"default","ast-global-header-display":"","ast-banner-title-visibility":"","ast-main-header-display":"","ast-hfb-above-header-display":"","ast-hfb-below-header-display":"","ast-hfb-mobile-header-display":"","site-post-title":"disabled","ast-breadcrumbs-content":"","ast-featured-img":"disabled","footer-sml-layout":"","ast-disable-related-posts":"","theme-transparent-header-meta":"enabled","adv-header-id-meta":"","stick-header-meta":"default","header-above-stick-meta":"","header-main-stick-meta":"","header-below-stick-meta":"","astra-migrate-meta-layouts":"default","ast-page-background-enabled":"default","ast-page-background-meta":{"desktop":{"background-color":"","background-image":"","background-repeat":"repeat","background-position":"center center","background-size":"auto","background-attachment":"scroll","background-type":"","background-media":"","overlay-type":"","overlay-color":"","overlay-opacity":"","overlay-gradient":""},"tablet":{"background-color":"","background-image":"","background-repeat":"repeat","background-position":"center center","background-size":"auto","background-attachment":"scroll","background-type":"","background-media":"","overlay-type":"","overlay-color":"","overlay-opacity":"","overlay-gradient":""},"mobile":{"background-color":"","background-image":"","background-repeat":"repeat","background-position":"center center","background-size":"auto","background-attachment":"scroll","background-type":"","background-media":"","overlay-type":"","overlay-color":"","overlay-opacity":"","overlay-gradient":""}},"ast-content-background-meta":{"desktop":{"background-color":"var(--ast-global-color-5)","background-image":"","background-repeat":"repeat","background-position":"center center","background-size":"auto","background-attachment":"scroll","background-type":"","background-media":"","overlay-type":"","overlay-color":"","overlay-opacity":"","overlay-gradient":""},"tablet":{"background-color":"var(--ast-global-color-5)","background-image":"","background-repeat":"repeat","background-position":"center center","background-size":"auto","background-attachment":"scroll","background-type":"","background-media":"","overlay-type":"","overlay-color":"","overlay-opacity":"","overlay-gradient":""},"mobile":{"background-color":"var(--ast-global-color-5)","background-image":"","background-repeat":"repeat","background-position":"center center","background-size":"auto","background-attachment":"scroll","background-type":"","background-media":"","overlay-type":"","overlay-color":"","overlay-opacity":"","overlay-gradient":""}},"footnotes":""},"class_list":["post-10025","page","type-page","status-publish","hentry"],"_links":{"self":[{"href":"https:\/\/www.griffinmachinery.com\/vi\/wp-json\/wp\/v2\/pages\/10025","targetHints":{"allow":["GET"]}}],"collection":[{"href":"https:\/\/www.griffinmachinery.com\/vi\/wp-json\/wp\/v2\/pages"}],"about":[{"href":"https:\/\/www.griffinmachinery.com\/vi\/wp-json\/wp\/v2\/types\/page"}],"author":[{"embeddable":true,"href":"https:\/\/www.griffinmachinery.com\/vi\/wp-json\/wp\/v2\/users\/1"}],"replies":[{"embeddable":true,"href":"https:\/\/www.griffinmachinery.com\/vi\/wp-json\/wp\/v2\/comments?post=10025"}],"version-history":[{"count":0,"href":"https:\/\/www.griffinmachinery.com\/vi\/wp-json\/wp\/v2\/pages\/10025\/revisions"}],"wp:attachment":[{"href":"https:\/\/www.griffinmachinery.com\/vi\/wp-json\/wp\/v2\/media?parent=10025"}],"curies":[{"name":"wp","href":"https:\/\/api.w.org\/{rel}","templated":true}]}}