{"id":9228,"date":"2022-10-16T07:36:43","date_gmt":"2022-10-16T07:36:43","guid":{"rendered":"https:\/\/www.griffinmachinery.com\/sicak-hava-sirkulasyonlu-firin\/"},"modified":"2023-04-02T07:06:35","modified_gmt":"2023-04-02T07:06:35","slug":"sicak-hava-sirkulasyonlu-firin","status":"publish","type":"product","link":"https:\/\/www.griffinmachinery.com\/tr\/sicak-hava-sirkulasyonlu-firin\/","title":{"rendered":"S\u0131cak Hava Sirk\u00fclasyonlu F\u0131r\u0131n"},"content":{"rendered":"<h2 style=\"text-align: center;\">S\u0131cak Hava Sirk\u00fclasyonlu F\u0131r\u0131n \u0130\u00e7 Yap\u0131s\u0131<\/h2>\n<p><img loading=\"lazy\" decoding=\"async\" class=\"alignnone size-full wp-image-11363\" src=\"https:\/\/www.griffinmachinery.com\/wp-content\/uploads\/2022\/10\/Sicak-Hava-Sirkulasyonlu-Firin-Ic-Yapisi.jpg\" alt=\"S\u0131cak Hava Sirk\u00fclasyonlu F\u0131r\u0131n \u0130\u00e7 Yap\u0131s\u0131\" width=\"1347\" height=\"780\" srcset=\"https:\/\/www.griffinmachinery.com\/wp-content\/uploads\/2022\/10\/Sicak-Hava-Sirkulasyonlu-Firin-Ic-Yapisi.jpg 1347w, https:\/\/www.griffinmachinery.com\/wp-content\/uploads\/2022\/10\/Sicak-Hava-Sirkulasyonlu-Firin-Ic-Yapisi-300x174.jpg 300w, https:\/\/www.griffinmachinery.com\/wp-content\/uploads\/2022\/10\/Sicak-Hava-Sirkulasyonlu-Firin-Ic-Yapisi-1024x593.jpg 1024w, https:\/\/www.griffinmachinery.com\/wp-content\/uploads\/2022\/10\/Sicak-Hava-Sirkulasyonlu-Firin-Ic-Yapisi-768x445.jpg 768w, https:\/\/www.griffinmachinery.com\/wp-content\/uploads\/2022\/10\/Sicak-Hava-Sirkulasyonlu-Firin-Ic-Yapisi-600x347.jpg 600w\" sizes=\"auto, (max-width: 1347px) 100vw, 1347px\" \/><\/p>\n<hr \/>\n<p>F\u0131r\u0131n g\u00f6vdemiz iki yandan hava giri\u015fini benimser ve ortas\u0131ndan geri d\u00f6ner. S\u0131cak hava sirk\u00fclasyon yolu, kutu g\u00f6vdesinde tek tip bir s\u0131cakl\u0131k sa\u011flamak i\u00e7in daha k\u0131sad\u0131r.<\/p>\n<p>Havay\u0131 e\u015fit \u015fekilde temizlemek ve da\u011f\u0131tmak kolayd\u0131r. 2000 s\u0131cak hava sirk\u00fclasyonlu f\u0131r\u0131n\u0131n s\u0131cak hava yolunu toplay\u0131n ve giri\u015f ve \u00e7\u0131k\u0131\u015f aras\u0131ndaki hava da\u011f\u0131l\u0131m\u0131n\u0131n homojenli\u011fini sa\u011flamak i\u00e7in en iyi delme oran\u0131n\u0131 se\u00e7in.<\/p>\n<h2 style=\"text-align: center;\">Teknik parametre<\/h2>\n<table>\n<tbody>\n<tr>\n<td bgcolor=\"#d9edf7\">Modeli<\/td>\n<td bgcolor=\"#d9edf7\">Buharla\u015fma Alan\u0131(\u33a1)<\/td>\n<td bgcolor=\"#d9edf7\">Verimli Hacim(\u33a1)<\/td>\n<td bgcolor=\"#d9edf7\">Kurutma Kapasitesi (kg\/toplu)<\/td>\n<td bgcolor=\"#d9edf7\">Radyat\u00f6r Alan\u0131(\u33a1)<\/td>\n<td bgcolor=\"#d9edf7\">Elektrikli Is\u0131tma G\u00fcc\u00fc (kw)<\/td>\n<td bgcolor=\"#d9edf7\">Fan Hacmi(\u33a1\/h)<\/td>\n<td bgcolor=\"#d9edf7\">Fan G\u00fcc\u00fc (kw)<\/td>\n<\/tr>\n<tr>\n<td>CT-C-O<\/td>\n<td>7.1<\/td>\n<td>1.3<\/td>\n<td>60<\/td>\n<td>15<\/td>\n<td>6-9<\/td>\n<td>4510<\/td>\n<td>0.45<\/td>\n<\/tr>\n<tr>\n<td>CT-C-\u2160<\/td>\n<td>14.1<\/td>\n<td>2.6<\/td>\n<td>120<\/td>\n<td>23<\/td>\n<td>15<\/td>\n<td>4510<\/td>\n<td>0.45<\/td>\n<\/tr>\n<tr>\n<td>CT-C-\u2161<\/td>\n<td>28.3<\/td>\n<td>4.9<\/td>\n<td>240<\/td>\n<td>48<\/td>\n<td>30<\/td>\n<td>9020<\/td>\n<td>0.45\u00d72<\/td>\n<\/tr>\n<tr>\n<td>CT-C-\u2162<\/td>\n<td>42.4<\/td>\n<td>7.4<\/td>\n<td>360<\/td>\n<td>60<\/td>\n<td>45<\/td>\n<td>13530<\/td>\n<td>0.45\u00d73<\/td>\n<\/tr>\n<tr>\n<td>CT-C-\u2163<\/td>\n<td>56.5<\/td>\n<td>10.3<\/td>\n<td>480<\/td>\n<td>96<\/td>\n<td>60<\/td>\n<td>18040<\/td>\n<td>0.45\u00d74<\/td>\n<\/tr>\n<tr>\n<td>CT-\u2160<\/td>\n<td>14.1<\/td>\n<td>2.6<\/td>\n<td>120<\/td>\n<td>23<\/td>\n<td>15<\/td>\n<td>1414<\/td>\n<td>1.1<\/td>\n<\/tr>\n<tr>\n<td>CT-\u2161<\/td>\n<td>28.3<\/td>\n<td>4.9<\/td>\n<td>240<\/td>\n<td>48<\/td>\n<td>30<\/td>\n<td>5230<\/td>\n<td>1.1<\/td>\n<\/tr>\n<tr>\n<td>CT-\u2162<\/td>\n<td>42.4<\/td>\n<td>7.4<\/td>\n<td>360<\/td>\n<td>72<\/td>\n<td>45<\/td>\n<td>9800<\/td>\n<td>2.2<\/td>\n<\/tr>\n<\/tbody>\n<\/table>\n","protected":false},"excerpt":{"rendered":"<ul>\n<li>Is\u0131tma kayna\u011f\u0131 buhar, elektrik, uzak k\u0131z\u0131l\u00f6tesi ve elektrikli buhar i\u00e7erir.<\/li>\n<li>Buharl\u0131 \u0131s\u0131tma i\u00e7in kullan\u0131m s\u0131cakl\u0131\u011f\u0131 50-140 \u2103, \u00fcst limit 150 \u2103&#8217;dir.<\/li>\n<li>Elektrik, uzak k\u0131z\u0131l\u00f6tesi s\u0131cakl\u0131k 50-500\u2103.<\/li>\n<li>Otomatik kontrol sistemi ve bilgisayar kontrol sistemi ile donat\u0131lm\u0131\u015ft\u0131r.<\/li>\n<li>Yayg\u0131n olarak kullan\u0131lan buhar bas\u0131nc\u0131 0.2-0.8Mpa&#8217;d\u0131r (2-8kg\/cm2).<\/li>\n<li>Sipari\u015f verirken \u00f6zel \u00f6zelle\u015ftirme gereksinimleri a\u00e7\u0131klanmaktad\u0131r. Kullan\u0131m s\u0131cakl\u0131\u011f\u0131, sipari\u015f verirken belirtmek i\u00e7in 140 \u2103&#8217;den b\u00fcy\u00fck veya 60 \u2103&#8217;den azd\u0131r.<\/li>\n<li>F\u0131r\u0131n tepsilerimizin boyutlar\u0131 tek tip olup, farkl\u0131 f\u0131r\u0131n modelleri ortak olarak kullan\u0131labilir.<\/li>\n<\/ul>\n","protected":false},"featured_media":9160,"template":"","meta":{"site-sidebar-layout":"default","site-content-layout":"default","ast-site-content-layout":"default","site-content-style":"default","site-sidebar-style":"default","ast-global-header-display":"","ast-banner-title-visibility":"","ast-main-header-display":"","ast-hfb-above-header-display":"","ast-hfb-below-header-display":"","ast-hfb-mobile-header-display":"","site-post-title":"","ast-breadcrumbs-content":"","ast-featured-img":"","footer-sml-layout":"","ast-disable-related-posts":"","theme-transparent-header-meta":"default","adv-header-id-meta":"","stick-header-meta":"default","header-above-stick-meta":"","header-main-stick-meta":"","header-below-stick-meta":"","astra-migrate-meta-layouts":"default","ast-page-background-enabled":"default","ast-page-background-meta":{"desktop":{"background-color":"","background-image":"","background-repeat":"repeat","background-position":"center center","background-size":"auto","background-attachment":"scroll","background-type":"","background-media":"","overlay-type":"","overlay-color":"","overlay-opacity":"","overlay-gradient":""},"tablet":{"background-color":"","background-image":"","background-repeat":"repeat","background-position":"center center","background-size":"auto","background-attachment":"scroll","background-type":"","background-media":"","overlay-type":"","overlay-color":"","overlay-opacity":"","overlay-gradient":""},"mobile":{"background-color":"","background-image":"","background-repeat":"repeat","background-position":"center center","background-size":"auto","background-attachment":"scroll","background-type":"","background-media":"","overlay-type":"","overlay-color":"","overlay-opacity":"","overlay-gradient":""}},"ast-content-background-meta":{"desktop":{"background-color":"var(--ast-global-color-5)","background-image":"","background-repeat":"repeat","background-position":"center center","background-size":"auto","background-attachment":"scroll","background-type":"","background-media":"","overlay-type":"","overlay-color":"","overlay-opacity":"","overlay-gradient":""},"tablet":{"background-color":"var(--ast-global-color-5)","background-image":"","background-repeat":"repeat","background-position":"center center","background-size":"auto","background-attachment":"scroll","background-type":"","background-media":"","overlay-type":"","overlay-color":"","overlay-opacity":"","overlay-gradient":""},"mobile":{"background-color":"var(--ast-global-color-5)","background-image":"","background-repeat":"repeat","background-position":"center center","background-size":"auto","background-attachment":"scroll","background-type":"","background-media":"","overlay-type":"","overlay-color":"","overlay-opacity":"","overlay-gradient":""}}},"product_brand":[],"product_cat":[143],"product_tag":[],"class_list":{"0":"post-9228","1":"product","2":"type-product","3":"status-publish","4":"has-post-thumbnail","6":"product_cat-uncategorized-tr","7":"desktop-align-center","8":"tablet-align-center","9":"mobile-align-center","10":"ast-product-gallery-layout-horizontal","11":"ast-product-tabs-layout-horizontal","12":"ast-qv-on-image","14":"first","15":"instock","16":"shipping-taxable","17":"product-type-simple"},"_links":{"self":[{"href":"https:\/\/www.griffinmachinery.com\/tr\/wp-json\/wp\/v2\/product\/9228","targetHints":{"allow":["GET"]}}],"collection":[{"href":"https:\/\/www.griffinmachinery.com\/tr\/wp-json\/wp\/v2\/product"}],"about":[{"href":"https:\/\/www.griffinmachinery.com\/tr\/wp-json\/wp\/v2\/types\/product"}],"wp:featuredmedia":[{"embeddable":true,"href":"https:\/\/www.griffinmachinery.com\/tr\/wp-json\/wp\/v2\/media\/9160"}],"wp:attachment":[{"href":"https:\/\/www.griffinmachinery.com\/tr\/wp-json\/wp\/v2\/media?parent=9228"}],"wp:term":[{"taxonomy":"product_brand","embeddable":true,"href":"https:\/\/www.griffinmachinery.com\/tr\/wp-json\/wp\/v2\/product_brand?post=9228"},{"taxonomy":"product_cat","embeddable":true,"href":"https:\/\/www.griffinmachinery.com\/tr\/wp-json\/wp\/v2\/product_cat?post=9228"},{"taxonomy":"product_tag","embeddable":true,"href":"https:\/\/www.griffinmachinery.com\/tr\/wp-json\/wp\/v2\/product_tag?post=9228"}],"curies":[{"name":"wp","href":"https:\/\/api.w.org\/{rel}","templated":true}]}}