{"id":4651,"date":"2022-04-04T15:30:06","date_gmt":"2022-04-04T15:30:06","guid":{"rendered":"https:\/\/www.griffinmachinery.com\/dikey-kaynar-akiskan-yatakli-kurutucu\/"},"modified":"2023-03-12T09:14:55","modified_gmt":"2023-03-12T09:14:55","slug":"dikey-kaynar-akiskan-yatakli-kurutucu","status":"publish","type":"product","link":"https:\/\/www.griffinmachinery.com\/tr\/dikey-kaynar-akiskan-yatakli-kurutucu\/","title":{"rendered":"Kaynar Ak\u0131\u015fkan Yatakl\u0131 Kurutucu"},"content":{"rendered":"<h3>Teknik Parametreler<\/h3>\n<table width=\"100%\" cellspacing=\"0\" cellpadding=\"0\">\n<tbody>\n<tr class=\"firstRow\">\n<td colspan=\"2\" bgcolor=\"#d9edf7\"><strong>Item<\/strong><\/td>\n<td>30<\/td>\n<td>60<\/td>\n<td>90<\/td>\n<td>120<\/td>\n<td>150<\/td>\n<td>200<\/td>\n<td>300<\/td>\n<td>500<\/td>\n<td>800-1000<\/td>\n<\/tr>\n<tr>\n<td colspan=\"2\" bgcolor=\"#d9edf7\"><strong>Konteyner hacmi (L)<\/strong><\/td>\n<td>100<\/td>\n<td>220<\/td>\n<td>300<\/td>\n<td>420<\/td>\n<td>500<\/td>\n<td>670<\/td>\n<td>1000<\/td>\n<td>1500<\/td>\n<td rowspan=\"12\">M\u00fc\u015fteri taraf\u0131ndan<\/td>\n<\/tr>\n<tr>\n<td colspan=\"2\" bgcolor=\"#d9edf7\"><strong>\u00dcretken kapasite (Kg\/y\u0131\u011f\u0131n)<\/strong><\/td>\n<td>30<\/td>\n<td>60<\/td>\n<td>90<\/td>\n<td>120<\/td>\n<td>150<\/td>\n<td>200<\/td>\n<td>300<\/td>\n<td>500<\/td>\n<\/tr>\n<tr>\n<td rowspan=\"2\" bgcolor=\"#d9edf7\"><strong>Buhar<\/strong><\/td>\n<td bgcolor=\"#d9edf7\">Bas\u0131n\u00e7 Mpa<\/td>\n<td colspan=\"8\">0.4-0.6<\/td>\n<\/tr>\n<tr>\n<td bgcolor=\"#d9edf7\">T\u00fcketim Kg\/h<\/td>\n<td>70<\/td>\n<td>140<\/td>\n<td>169<\/td>\n<td>211<\/td>\n<td>241<\/td>\n<td>282<\/td>\n<td>366<\/td>\n<td>465<\/td>\n<\/tr>\n<tr>\n<td rowspan=\"2\" bgcolor=\"#d9edf7\"><strong>Bas\u0131n\u00e7l\u0131 hava<\/strong><\/td>\n<td bgcolor=\"#d9edf7\">Bas\u0131n\u00e7 Mpa<\/td>\n<td colspan=\"8\">0.6<\/td>\n<\/tr>\n<tr>\n<td bgcolor=\"#d9edf7\">T\u00fcketim m3 \/dak<\/td>\n<td>0.3<\/td>\n<td>0.6<\/td>\n<td>0.6<\/td>\n<td>0.6<\/td>\n<td>0.6<\/td>\n<td>0.9<\/td>\n<td>0.9<\/td>\n<td>1.1<\/td>\n<\/tr>\n<tr>\n<td colspan=\"2\" bgcolor=\"#d9edf7\"><strong>Fan g\u00fcc\u00fc (kW)<\/strong><\/td>\n<td>5.5<\/td>\n<td>11<\/td>\n<td>15<\/td>\n<td>18.5<\/td>\n<td>22<\/td>\n<td>22<\/td>\n<td>30<\/td>\n<td>45<\/td>\n<\/tr>\n<tr>\n<td colspan=\"2\" bgcolor=\"#d9edf7\"><strong>Giri\u015f havas\u0131 s\u0131cakl\u0131\u011f\u0131 (\u2103)<\/strong><\/td>\n<td colspan=\"8\">Normal s\u0131cakl\u0131k \uff5e 120 \u2103 otomatizm ayar\u0131<\/td>\n<\/tr>\n<tr>\n<td colspan=\"2\" bgcolor=\"#d9edf7\"><strong>Malzeme verimi (%)<\/strong><\/td>\n<td colspan=\"8\">&gt;99<\/td>\n<\/tr>\n<tr>\n<td colspan=\"2\" bgcolor=\"#d9edf7\"><strong>Nihai nem i\u00e7eri\u011fi (%)<\/strong><\/td>\n<td colspan=\"8\">to 0.2<\/td>\n<\/tr>\n<tr>\n<td colspan=\"2\" bgcolor=\"#d9edf7\"><strong>G\u00fcr\u00fclt\u00fc (dB)<\/strong><\/td>\n<td colspan=\"8\">&lt; 75 dB<\/td>\n<\/tr>\n<\/tbody>\n<\/table>\n<hr \/>\n<h3>1. Giri\u015f Hava Ar\u0131tma Sistemi<\/h3>\n<p><strong>1.1 Birincil ve Ara Verimlilik Filtreleri<\/strong><\/p>\n<figure id=\"attachment_8878\" aria-describedby=\"caption-attachment-8878\" style=\"width: 296px\" class=\"wp-caption alignnone\"><img loading=\"lazy\" decoding=\"async\" class=\"wp-image-8866 size-medium\" src=\"https:\/\/www.griffinmachinery.com\/wp-content\/uploads\/2022\/04\/Primary-Efficiency-Filters-296x300.jpg\" alt=\"Primary Efficiency Filters\" width=\"296\" height=\"300\" srcset=\"https:\/\/www.griffinmachinery.com\/wp-content\/uploads\/2022\/04\/Primary-Efficiency-Filters-296x300.jpg 296w, https:\/\/www.griffinmachinery.com\/wp-content\/uploads\/2022\/04\/Primary-Efficiency-Filters-100x100.jpg 100w, https:\/\/www.griffinmachinery.com\/wp-content\/uploads\/2022\/04\/Primary-Efficiency-Filters.jpg 343w\" sizes=\"auto, (max-width: 296px) 100vw, 296px\" \/><figcaption id=\"caption-attachment-8878\" class=\"wp-caption-text\"><center>Birincil Verimlilik Filtreleri<\/center><\/figcaption><\/figure>\n<p>Giri\u015f birincil filtresi (0,15 mm paslanmaz \u00e7elik elek), orta etkili torba filtre (F7).<\/p>\n<p><strong>1.2 Is\u0131t\u0131c\u0131<\/strong><\/p>\n<ul>\n<li>Spiral sarg\u0131l\u0131 sac tipi \u0131s\u0131t\u0131c\u0131.<\/li>\n<li>Is\u0131t\u0131c\u0131 buhar giri\u015fi, pn\u00f6matik oran\u0131 ayarlayabilen bir buhar valfine sahiptir.<\/li>\n<\/ul>\n<p><strong>1.3 Y\u00fcksek Verimli Filtre<\/strong><\/p>\n<figure id=\"attachment_8893\" aria-describedby=\"caption-attachment-8893\" style=\"width: 250px\" class=\"wp-caption alignnone\"><img loading=\"lazy\" decoding=\"async\" class=\"wp-image-8881 size-full\" src=\"https:\/\/www.griffinmachinery.com\/wp-content\/uploads\/2022\/04\/High-efficiency-Filter.jpg\" alt=\"High-efficiency Filter\" width=\"250\" height=\"250\" srcset=\"https:\/\/www.griffinmachinery.com\/wp-content\/uploads\/2022\/04\/High-efficiency-Filter.jpg 250w, https:\/\/www.griffinmachinery.com\/wp-content\/uploads\/2022\/04\/High-efficiency-Filter-150x150.jpg 150w, https:\/\/www.griffinmachinery.com\/wp-content\/uploads\/2022\/04\/High-efficiency-Filter-100x100.jpg 100w\" sizes=\"auto, (max-width: 250px) 100vw, 250px\" \/><figcaption id=\"caption-attachment-8893\" class=\"wp-caption-text\"><center>Y\u00fcksek Verimli Filtre<\/center><\/figcaption><\/figure>\n<ul>\n<li>Termal deformasyonu \u00f6nlemek i\u00e7in paslanmaz \u00e7elik d\u0131\u015f \u00e7er\u00e7eveli terminal y\u00fcksek s\u0131cakl\u0131\u011fa dayan\u0131kl\u0131 y\u00fcksek verimli filtre (H13).<\/li>\n<li>H\u0131zl\u0131 montaj yap\u0131s\u0131.<\/li>\n<li>Alg\u0131lama noktalar\u0131n\u0131 art\u0131rmak i\u00e7in h\u0131zl\u0131 aray\u00fcz dahil olmak \u00fczere y\u00fcksek verimli filtrenin diferansiyel bas\u0131n\u00e7 alg\u0131lamas\u0131.<\/li>\n<\/ul>\n<p><strong>1.4 Hava Giri\u015f Kanal\u0131 ve Hava Giri\u015f Valfi<\/strong><\/p>\n<ul>\n<li>Varilin alt k\u0131sm\u0131na yak\u0131n hava besleme kanal\u0131 i\u00e7in s\u0131cakl\u0131k sens\u00f6r\u00fc h\u0131z aray\u00fcz\u00fc.<\/li>\n<li>Hava giri\u015f hacmini d\u00fczenlemek i\u00e7in pn\u00f6matik hava giri\u015f valfi a\u00e7\u0131kl\u0131\u011f\u0131n\u0131n otomatik olarak ayarlanmas\u0131, vakum beslemesi ile ba\u011flant\u0131l\u0131d\u0131r, b\u00f6ylece besleme h\u0131z\u0131n\u0131 d\u00fczenler.<\/li>\n<li>Proses \u00e7al\u0131\u015fmas\u0131 s\u0131ras\u0131nda tamamen a\u00e7\u0131kt\u0131r ve hava ak\u0131\u015f\u0131n\u0131n geri dolmas\u0131n\u0131 \u00f6nlemek ve \u00e7evrimi\u00e7i temizli\u011fi kolayla\u015ft\u0131rmak i\u00e7in kapatma s\u0131ras\u0131nda tamamen kapal\u0131d\u0131r.<\/li>\n<li>Giri\u015f hava hacmini d\u00fczenlemek, ak\u0131\u015fkanla\u015ft\u0131rma durumunu hassas bir \u015fekilde kontrol etmek ve enerji t\u00fcketimini azaltmak i\u00e7in fan h\u0131z\u0131n\u0131 ayarlamak \u00fczere bir frekans d\u00f6n\u00fc\u015ft\u00fcr\u00fcc\u00fc kullan\u0131n.<\/li>\n<\/ul>\n<h3>2. Ana Bilgisayar Sistemi<\/h3>\n<p><strong>2.1 Ekipman Taban\u0131<\/strong><\/p>\n<ul>\n<li>Sarkan ba\u015fl\u0131 alt silindir, yan destek ile birle\u015ftirilmi\u015f. H\u0131zl\u0131 a\u00e7\u0131lan en al\u00e7ak nokta.<\/li>\n<li>Ekipman ve zeminin kolay temizlenmesi i\u00e7in tahliye ve valf.<\/li>\n<li>Taban, temizleme ba\u015fl\u0131\u011f\u0131 i\u00e7in h\u0131zl\u0131 a\u00e7\u0131lan bir ba\u011flant\u0131 ile donat\u0131lm\u0131\u015ft\u0131r.<\/li>\n<li>Taban\u0131n \u00fczerinde dikey hareketli \u00fcst halka.<\/li>\n<li>Silindiri s\u0131zd\u0131rmaz hale getirmek i\u00e7in \u00fcst halkay\u0131 dikey olarak kald\u0131ran iki kald\u0131rma silindiri.<\/li>\n<li>Taban ve \u00fcst halka aras\u0131nda s\u0131zd\u0131rmazl\u0131k sa\u011flamak i\u00e7in silikon hava yast\u0131\u011f\u0131 kullan\u0131l\u0131r ve kullan\u0131m bas\u0131nc\u0131 0,3MPa&#8217;d\u0131r.<\/li>\n<\/ul>\n<p><strong>2.2 Malzeme Konteyneri<\/strong><\/p>\n<figure id=\"attachment_8953\" aria-describedby=\"caption-attachment-8953\" style=\"width: 300px\" class=\"wp-caption alignnone\"><img loading=\"lazy\" decoding=\"async\" class=\"wp-image-8941 size-medium\" src=\"https:\/\/www.griffinmachinery.com\/wp-content\/uploads\/2022\/04\/Material-container-view-window-300x270.jpg\" alt=\"Material container view window\" width=\"300\" height=\"270\" srcset=\"https:\/\/www.griffinmachinery.com\/wp-content\/uploads\/2022\/04\/Material-container-view-window-300x270.jpg 300w, https:\/\/www.griffinmachinery.com\/wp-content\/uploads\/2022\/04\/Material-container-view-window-768x691.jpg 768w, https:\/\/www.griffinmachinery.com\/wp-content\/uploads\/2022\/04\/Material-container-view-window-600x540.jpg 600w, https:\/\/www.griffinmachinery.com\/wp-content\/uploads\/2022\/04\/Material-container-view-window.jpg 853w\" sizes=\"auto, (max-width: 300px) 100vw, 300px\" \/><figcaption id=\"caption-attachment-8953\" class=\"wp-caption-text\"><center>Malzeme Konteyneri G\u00f6r\u00fcn\u00fcm Penceresi<\/center><\/figcaption><\/figure>\n<ul>\n<li>Konteyner hareketi i\u00e7in araba, frenli y\u00fcksekli\u011fi ayarlanabilir \u00fcniversal tekerlekler ve iki yatay k\u0131lavuz tekerlek, araban\u0131n dengeli bir \u015fekilde yerle\u015ftirilmesini sa\u011flar.<\/li>\n<li>Konteyneri d\u00f6nd\u00fcrmek i\u00e7in araba \u00fczerinde manuel mekanik cihaz.<br \/>\nKap ve ana g\u00f6vdenin e\u015fmerkezlili\u011fini sa\u011flamak i\u00e7in kap konumland\u0131rma cihaz\u0131.<\/li>\n<li>Conta ile birlikte ak\u0131\u015fkanla\u015ft\u0131rma durumunun kolayca g\u00f6zlemlenmesi i\u00e7in kab\u0131n \u00f6n\u00fcnde ve arkas\u0131nda bir pencere.<\/li>\n<li>Kap, hava ge\u00e7irmez bir \u00fcr\u00fcn \u00f6rnekleyici ile donat\u0131lm\u0131\u015ft\u0131r.<\/li>\n<li>Kap, s\u0131cakl\u0131k sens\u00f6rleri i\u00e7in h\u0131zl\u0131 bir aray\u00fcz ile donat\u0131lm\u0131\u015ft\u0131r.<\/li>\n<li>Kab\u0131n alt\u0131ndaki sinterlenmi\u015f a\u011f, hava ak\u0131\u015f\u0131n\u0131n &#8220;ikincil da\u011f\u0131l\u0131m\u0131n\u0131&#8221; \u00f6nler, s\u0131radan eleklerden daha g\u00fc\u00e7l\u00fcd\u00fcr, uzun \u00f6m\u00fcrl\u00fcd\u00fcr, toz s\u0131z\u0131nt\u0131s\u0131n\u0131 \u00f6nler ve de\u011fi\u015ftirilmesi kolayd\u0131r.<\/li>\n<li>Konteyner h\u0131zl\u0131 bir \u015fekilde arabadan ayr\u0131labilir ve asans\u00f6rle birlikte bo\u015faltma i\u00e7in devrilebilir.<\/li>\n<\/ul>\n<p><strong>2.3 Dif\u00fczyon Odas\u0131<\/strong><\/p>\n<ul>\n<li>Yan destekten as\u0131larak yatay olarak d\u0131\u015far\u0131 sallanabilir. Dikey olarak hizalanm\u0131\u015f birden fazla tabanca deli\u011fi, montajdan sonra namlunun i\u00e7 duvar\u0131yla ayn\u0131 hizada olacak \u015fekilde ayna montaj\u0131 i\u00e7in ayr\u0131lm\u0131\u015ft\u0131r.<\/li>\n<li>Contal\u0131 \u00f6n ve arka ni\u015fangah pencereleri. Y\u00fcksek ayd\u0131nlatmal\u0131 so\u011fuk \u0131\u015f\u0131k g\u00f6r\u00fc\u015f lambas\u0131.<\/li>\n<li>Malzeme birikimini \u00f6nlemek i\u00e7in malzemeyi beslemek i\u00e7in ekipman\u0131n kendi negatif bas\u0131nc\u0131n\u0131 kullanarak e\u011fimli a\u00e7\u0131l\u0131 ve h\u0131zl\u0131 a\u00e7\u0131lan manuel kelebek vana (veya otomatik olarak a\u00e7\u0131lan giri\u015f vanas\u0131na ba\u011fl\u0131 otomatik pn\u00f6matik kontrol kelebek vanas\u0131) ile giri\u015fi ayarlay\u0131n.<\/li>\n<li>Namlunun yatay olarak vidaland\u0131ktan sonra yerinde olup olmad\u0131\u011f\u0131n\u0131 de\u011ferlendirmek i\u00e7in dif\u00fczyon odas\u0131n\u0131n arkas\u0131na bir konumland\u0131rma durdurucusu yerle\u015ftirilmi\u015ftir.<\/li>\n<li>\u00c7evrimi\u00e7i temizlik i\u00e7in h\u0131zl\u0131 bir \u015fekilde monte edilebilen bir nozul montaj yuvas\u0131 vard\u0131r.<\/li>\n<\/ul>\n<p><strong>2.4 Filtrasyon Odas\u0131<\/strong><\/p>\n<ul>\n<li>El vinci sistemi: vites de\u011fi\u015ftirme mekanizmas\u0131 filtre kald\u0131rma ve indirmeyi daha hafif hale getirir; kaymaz otomatik fren, filtre kald\u0131rma ve indirmenin g\u00fcvenli\u011fini art\u0131r\u0131r; uyarlanabilir d\u00f6nd\u00fcrme i\u015flevi, \u00e7elik halat\u0131n a\u015f\u0131r\u0131 gerilmesini ve k\u0131r\u0131lmas\u0131n\u0131 \u00f6nler.<\/li>\n<li>Metal olmayan malzemeden yap\u0131lm\u0131\u015f geni\u015f \u00e7apl\u0131 kasnak, \u00e7elik halat ile kasnak aras\u0131ndaki gerilme durumunu iyile\u015ftirir ve \u00e7elik halat\u0131n hizmet \u00f6mr\u00fcn\u00fc uzat\u0131r.<\/li>\n<li>Filtre haznesinin alt flan\u015f\u0131, malzemenin temizlenmesi kolay olmayan kurulum tank\u0131na d\u00fc\u015fmesini \u00f6nlemek i\u00e7in s\u0131zd\u0131rmaz silikon \u015ferit ile ayarlanm\u0131\u015ft\u0131r.<\/li>\n<li>Contal\u0131 b\u00fcy\u00fck temperli cam g\u00f6r\u00fc\u015f penceresi kab\u0131n \u00f6n\u00fcne yerle\u015ftirilmi\u015ftir. \u00dcr\u00fcn filtre torbas\u0131n\u0131n \u00e7al\u0131\u015fma durumunu g\u00f6zlemlemek i\u00e7in kullan\u0131l\u0131r.<\/li>\n<li>Filtre \u00fczerindeki \u00fcr\u00fcn tozunu temizlemek ve ak\u0131\u015fkan yata\u011fa geri d\u00fc\u015fmesini sa\u011flamak i\u00e7in otomatik pn\u00f6matik sal\u0131n\u0131ml\u0131 toz temizleme cihaz\u0131.<br \/>\n\u00c7ift odac\u0131kl\u0131 sal\u0131n\u0131ml\u0131 toz temizleme sistemi, \u00e7ift filtreler d\u00f6n\u00fc\u015f\u00fcml\u00fc olarak tozu temizler ve ak\u0131\u015fkanla\u015ft\u0131rma durumunu sa\u011flamak ve s\u00fcrekli iyi kurutma etkisi sa\u011flamak i\u00e7in s\u00fcrekli \u00e7al\u0131\u015f\u0131r.<\/li>\n<li>Filtre torbas\u0131 tutucusunun d\u00f6nme \u00f6nleyici mekanizmas\u0131, torba tutucunun d\u00f6nerek yakalama torbas\u0131n\u0131n b\u00fck\u00fclmesine ve k\u0131salmas\u0131na neden olmas\u0131n\u0131 ve silindirin yakalama torbas\u0131n\u0131 y\u0131rtmak i\u00e7in gerilmesini \u00f6nler, filtre torbas\u0131n\u0131 d\u00fcz ve d\u00fcz tutar, bu da toz temizli\u011fine yard\u0131mc\u0131 olur ve hizmet \u00f6mr\u00fcn\u00fc uzat\u0131r.<\/li>\n<li>Dikey bas\u0131n\u00e7 tahliye emniyet kap\u0131s\u0131, ekipman\u0131n i\u00e7inde pozitif bas\u0131n\u00e7 g\u00f6r\u00fcnd\u00fc\u011f\u00fcnde otomatik olarak a\u00e7\u0131lacak olan filtre odas\u0131na yerle\u015ftirilmi\u015ftir (bas\u0131n\u00e7 tahliyesi boru hatt\u0131 \u00fczerinden y\u00f6nlendirilebilir).<\/li>\n<li>Otomatik k\u0131lavuzlama ve kilitleme i\u015flevine sahip, sal\u0131n\u0131ml\u0131 cihazla ba\u011flant\u0131l\u0131 \u00f6zel filtre s\u00fcspansiyon yap\u0131s\u0131. Bu i\u015flev, filtrenin silindirin titre\u015fimini iyi bir ge\u00e7ici tepki ile takip etmesini sa\u011flar ve toz temizleme etkisini art\u0131r\u0131r. Ayr\u0131ca, \u00e7elik halat toz temizleme s\u0131ras\u0131nda gerilim alt\u0131nda de\u011fildir ve \u00e7elik halat\u0131n k\u0131r\u0131lmas\u0131 kolay de\u011fildir.<\/li>\n<li>Filtre torbas\u0131 s\u0131zd\u0131rmazl\u0131k ve sabitleme \u015fekli, filtre odas\u0131n\u0131n flan\u015f\u0131ndan d\u0131\u015far\u0131 d\u00f6nen ve d\u0131\u015far\u0131ya sabitlenen orijinal filtre torbas\u0131n\u0131 de\u011fi\u015ftirir, b\u00f6ylece ekipman i\u00e7in GMP gerekliliklerine daha uygun olur. \u00c7al\u0131\u015fanlar\u0131n kullanmas\u0131 i\u00e7in uygundur.<\/li>\n<li>Filtre torbas\u0131 diferansiyel bas\u0131n\u00e7 tespiti, sistemin havaland\u0131rma etkisini yans\u0131tmak i\u00e7in filtre torbas\u0131n\u0131n diferansiyel bas\u0131nc\u0131n\u0131n ger\u00e7ek zamanl\u0131 olarak izlenmesi ve torban\u0131n sa\u011flam olup olmad\u0131\u011f\u0131. Diferansiyel bas\u0131n\u00e7 ekranda g\u00f6r\u00fcnt\u00fclenir ve y\u00fcksek bas\u0131n\u00e7 alarm fonksiyonuna sahiptir.<\/li>\n<\/ul>\n<p><strong>2.5 Destek Kolonu<\/strong><\/p>\n<ul>\n<li>Ekipman namlusunu monte etmek i\u00e7in namlu pivotlu destek kulaklar\u0131.<\/li>\n<li>\u0130\u015f\u00e7ilerin \u00e7al\u0131\u015fmas\u0131n\u0131 d\u00fczenlemek i\u00e7in s\u0131cakl\u0131k sens\u00f6r\u00fcn\u00fc se\u00e7in ve konumland\u0131rma koltu\u011funu yerle\u015ftirin.<\/li>\n<li>Dahili hava kablo borusu ve filtre kald\u0131rma kilitleme \u00e7elik halat, harici hava kablo borusu h\u0131zl\u0131 ba\u011flant\u0131, el krank vin\u00e7 ile.<\/li>\n<\/ul>\n<h3>3. Atomizasyon Sistemi<\/h3>\n<figure id=\"attachment_8938\" aria-describedby=\"caption-attachment-8938\" style=\"width: 300px\" class=\"wp-caption alignnone\"><img loading=\"lazy\" decoding=\"async\" class=\"wp-image-8926 size-medium\" src=\"https:\/\/www.griffinmachinery.com\/wp-content\/uploads\/2022\/04\/single-pressure-type-nozzle-300x252.jpg\" alt=\"single pressure type nozzle\" width=\"300\" height=\"252\" srcset=\"https:\/\/www.griffinmachinery.com\/wp-content\/uploads\/2022\/04\/single-pressure-type-nozzle-300x252.jpg 300w, https:\/\/www.griffinmachinery.com\/wp-content\/uploads\/2022\/04\/single-pressure-type-nozzle-768x646.jpg 768w, https:\/\/www.griffinmachinery.com\/wp-content\/uploads\/2022\/04\/single-pressure-type-nozzle-600x505.jpg 600w, https:\/\/www.griffinmachinery.com\/wp-content\/uploads\/2022\/04\/single-pressure-type-nozzle.jpg 909w\" sizes=\"auto, (max-width: 300px) 100vw, 300px\" \/><figcaption id=\"caption-attachment-8938\" class=\"wp-caption-text\"><center>Tek Bas\u0131n\u00e7l\u0131 Nozul<\/center><\/figcaption><\/figure>\n<ul>\n<li>Tek kafa tek bas\u0131n\u00e7 tipi nozul, iki atomizasyon tasar\u0131m\u0131, &#8220;gaz-s\u0131v\u0131&#8221; kar\u0131\u015f\u0131m oran\u0131n\u0131, y\u00fcksek hassasiyetli CNC i\u015flemeyi, kaliteli atomizasyonu iyile\u015ftirir.<\/li>\n<li>T\u00fcm medya, ilgili boru hatt\u0131n\u0131n koaksiyel tabanca g\u00f6vdesinden noz\u00fcle, konumland\u0131rma pimleri ve kilit somunlar\u0131 ile tabanca g\u00f6vdesine.<\/li>\n<li>Y\u00fcksek kaliteli peristaltik pompa, \u00f6zel kademesiz h\u0131z kontrol s\u00fcr\u00fcc\u00fcs\u00fc.<\/li>\n<li>Bas\u0131n\u00e7 d\u00fc\u015f\u00fcr\u00fcc\u00fc bir valf arac\u0131l\u0131\u011f\u0131yla atomizasyon hava bas\u0131nc\u0131n\u0131n manuel olarak ayarlanmas\u0131.<\/li>\n<\/ul>\n<h3>4. Egzoz Sistemi<\/h3>\n<figure id=\"attachment_8923\" aria-describedby=\"caption-attachment-8923\" style=\"width: 300px\" class=\"wp-caption alignnone\"><img loading=\"lazy\" decoding=\"async\" class=\"wp-image-8911 size-medium\" src=\"https:\/\/www.griffinmachinery.com\/wp-content\/uploads\/2022\/04\/Exhaust-System-300x234.jpg\" alt=\"Exhaust System\" width=\"300\" height=\"234\" srcset=\"https:\/\/www.griffinmachinery.com\/wp-content\/uploads\/2022\/04\/Exhaust-System-300x234.jpg 300w, https:\/\/www.griffinmachinery.com\/wp-content\/uploads\/2022\/04\/Exhaust-System.jpg 359w\" sizes=\"auto, (max-width: 300px) 100vw, 300px\" \/><figcaption id=\"caption-attachment-8923\" class=\"wp-caption-text\"><center>Egzoz Sistemi<\/center><\/figcaption><\/figure>\n<ul>\n<li>Fan, titre\u015fim damperli, patlamaya dayan\u0131kl\u0131 tipte, ar\u0131t\u0131lmam\u0131\u015f bir odaya monte edilmi\u015f bir santrif\u00fcj y\u00fcksek bas\u0131n\u00e7l\u0131 fand\u0131r.<\/li>\n<li>Fan giri\u015fi, fan titre\u015fimini izole etmek i\u00e7in esnek bir ba\u011flant\u0131 yoluyla egzoz kanal\u0131na ba\u011flan\u0131r.<\/li>\n<li>Fan h\u0131z\u0131n\u0131n de\u011fi\u015fken frekans ayar\u0131.<\/li>\n<li>Egzoz kanal\u0131, fandan filtre odas\u0131n\u0131n egzoz portuna giden karbon \u00e7elik egzoz kanal\u0131, ar\u0131tma olmayan odaya monte edilmi\u015ftir.<\/li>\n<li>Susturucu, fan\u0131n g\u00fcr\u00fclt\u00fcs\u00fcn\u00fc azaltmak i\u00e7in karbon \u00e7eli\u011finden yap\u0131lm\u0131\u015ft\u0131r. Egzoz gaz\u0131, susturucudan ge\u00e7tikten sonra kullan\u0131c\u0131 taraf\u0131ndan sa\u011flanan boru sistemi ile atmosfere verilir.<\/li>\n<\/ul>\n<h3>5.\u00a0Kontrol Sistemi<\/h3>\n<figure id=\"attachment_8908\" aria-describedby=\"caption-attachment-8908\" style=\"width: 300px\" class=\"wp-caption alignnone\"><img loading=\"lazy\" decoding=\"async\" class=\"wp-image-8896 size-medium\" src=\"https:\/\/www.griffinmachinery.com\/wp-content\/uploads\/2022\/04\/Control-System-300x229.jpg\" alt=\"Control System\" width=\"300\" height=\"229\" srcset=\"https:\/\/www.griffinmachinery.com\/wp-content\/uploads\/2022\/04\/Control-System-300x229.jpg 300w, https:\/\/www.griffinmachinery.com\/wp-content\/uploads\/2022\/04\/Control-System.jpg 494w\" sizes=\"auto, (max-width: 300px) 100vw, 300px\" \/><figcaption id=\"caption-attachment-8908\" class=\"wp-caption-text\"><center>Kontrol Sistemi<\/center><\/figcaption><\/figure>\n<ul>\n<li>Bir i\u015fletim terminali ve bir ana kontrol elektrik kutusundan olu\u015fur, izole \u00e7al\u0131\u015fma.<\/li>\n<li>\u0130\u015fletim terminalinde bir ekran \u00f6l\u00e7er, bir dokunmatik ekran (kullan\u0131l\u0131yorsa yaz\u0131c\u0131) ve g\u00f6sterge \u0131\u015f\u0131klar\u0131 bulunur.<\/li>\n<li>Ana kontrol elektrik kutusu PLC program kontrol\u00f6r\u00fc, hava anahtarlar\u0131, r\u00f6leler, kontakt\u00f6rler, invert\u00f6rler, gerekli t\u00fcm kontrol cihazlar\u0131 ve t\u00fcm kablolar\u0131 i\u00e7erir.<\/li>\n<li>PLC program kontrol\u00fc, manuel ve otomatik program modu ve gerekli t\u00fcm kilitleme korumas\u0131.<\/li>\n<li>Test durumu ve \u00e7al\u0131\u015fma durumu, iki durumlu kilitleme korumas\u0131 ile ayarlay\u0131n.<br \/>\nTarif parametresi depolama, \u00fc\u00e7 a\u015famal\u0131 g\u00fcvenlik ayar\u0131.<\/li>\n<\/ul>\n<hr \/>\n<p>&nbsp;<\/p>\n","protected":false},"excerpt":{"rendered":"<p>Dikey kaynar ak\u0131\u015fkan yatakl\u0131 kurutma sistemimiz giri\u015f havas\u0131 ar\u0131tma sistemi (hava temizleme, nem alma ve \u0131s\u0131tma i\u00e7in), ana sistem (ekipman taban\u0131, malzeme kab\u0131, dif\u00fczyon odas\u0131, filtrasyon odas\u0131 ve destek kolonu), atomizasyon sistemi (tek kafal\u0131, tek nozullu bas\u0131n\u00e7 tipi nozul, iki a\u015famal\u0131 atomizasyon tasar\u0131m\u0131), egzoz sistemi (patlamaya dayan\u0131kl\u0131 ve \u015fok emici santrif\u00fcj y\u00fcksek bas\u0131n\u00e7l\u0131 fan) ve kontrol sisteminden olu\u015fur.<\/p>\n","protected":false},"featured_media":3594,"template":"","meta":{"site-sidebar-layout":"default","site-content-layout":"default","ast-site-content-layout":"default","site-content-style":"default","site-sidebar-style":"default","ast-global-header-display":"","ast-banner-title-visibility":"","ast-main-header-display":"","ast-hfb-above-header-display":"","ast-hfb-below-header-display":"","ast-hfb-mobile-header-display":"","site-post-title":"","ast-breadcrumbs-content":"","ast-featured-img":"","footer-sml-layout":"","ast-disable-related-posts":"","theme-transparent-header-meta":"default","adv-header-id-meta":"","stick-header-meta":"default","header-above-stick-meta":"","header-main-stick-meta":"","header-below-stick-meta":"","astra-migrate-meta-layouts":"default","ast-page-background-enabled":"default","ast-page-background-meta":{"desktop":{"background-color":"","background-image":"","background-repeat":"repeat","background-position":"center center","background-size":"auto","background-attachment":"scroll","background-type":"","background-media":"","overlay-type":"","overlay-color":"","overlay-opacity":"","overlay-gradient":""},"tablet":{"background-color":"","background-image":"","background-repeat":"repeat","background-position":"center center","background-size":"auto","background-attachment":"scroll","background-type":"","background-media":"","overlay-type":"","overlay-color":"","overlay-opacity":"","overlay-gradient":""},"mobile":{"background-color":"","background-image":"","background-repeat":"repeat","background-position":"center center","background-size":"auto","background-attachment":"scroll","background-type":"","background-media":"","overlay-type":"","overlay-color":"","overlay-opacity":"","overlay-gradient":""}},"ast-content-background-meta":{"desktop":{"background-color":"var(--ast-global-color-5)","background-image":"","background-repeat":"repeat","background-position":"center center","background-size":"auto","background-attachment":"scroll","background-type":"","background-media":"","overlay-type":"","overlay-color":"","overlay-opacity":"","overlay-gradient":""},"tablet":{"background-color":"var(--ast-global-color-5)","background-image":"","background-repeat":"repeat","background-position":"center center","background-size":"auto","background-attachment":"scroll","background-type":"","background-media":"","overlay-type":"","overlay-color":"","overlay-opacity":"","overlay-gradient":""},"mobile":{"background-color":"var(--ast-global-color-5)","background-image":"","background-repeat":"repeat","background-position":"center center","background-size":"auto","background-attachment":"scroll","background-type":"","background-media":"","overlay-type":"","overlay-color":"","overlay-opacity":"","overlay-gradient":""}}},"product_brand":[],"product_cat":[145],"product_tag":[],"class_list":{"0":"post-4651","1":"product","2":"type-product","3":"status-publish","4":"has-post-thumbnail","6":"product_cat-akiskan-yatakli-kurutucu","7":"desktop-align-center","8":"tablet-align-center","9":"mobile-align-center","10":"ast-product-gallery-layout-horizontal","11":"ast-product-tabs-layout-horizontal","12":"ast-qv-on-image","14":"first","15":"instock","16":"shipping-taxable","17":"product-type-simple"},"_links":{"self":[{"href":"https:\/\/www.griffinmachinery.com\/tr\/wp-json\/wp\/v2\/product\/4651","targetHints":{"allow":["GET"]}}],"collection":[{"href":"https:\/\/www.griffinmachinery.com\/tr\/wp-json\/wp\/v2\/product"}],"about":[{"href":"https:\/\/www.griffinmachinery.com\/tr\/wp-json\/wp\/v2\/types\/product"}],"wp:featuredmedia":[{"embeddable":true,"href":"https:\/\/www.griffinmachinery.com\/tr\/wp-json\/wp\/v2\/media\/3594"}],"wp:attachment":[{"href":"https:\/\/www.griffinmachinery.com\/tr\/wp-json\/wp\/v2\/media?parent=4651"}],"wp:term":[{"taxonomy":"product_brand","embeddable":true,"href":"https:\/\/www.griffinmachinery.com\/tr\/wp-json\/wp\/v2\/product_brand?post=4651"},{"taxonomy":"product_cat","embeddable":true,"href":"https:\/\/www.griffinmachinery.com\/tr\/wp-json\/wp\/v2\/product_cat?post=4651"},{"taxonomy":"product_tag","embeddable":true,"href":"https:\/\/www.griffinmachinery.com\/tr\/wp-json\/wp\/v2\/product_tag?post=4651"}],"curies":[{"name":"wp","href":"https:\/\/api.w.org\/{rel}","templated":true}]}}