{"id":4647,"date":"2022-04-04T16:05:33","date_gmt":"2022-04-04T16:05:33","guid":{"rendered":"https:\/\/www.griffinmachinery.com\/vakum-bantli-kurutucu\/"},"modified":"2023-03-12T09:25:23","modified_gmt":"2023-03-12T09:25:23","slug":"vakum-kayis-kurutucu","status":"publish","type":"product","link":"https:\/\/www.griffinmachinery.com\/tr\/vakum-kayis-kurutucu\/","title":{"rendered":"Vakum Kay\u0131\u015fl\u0131 Kurutucusu"},"content":{"rendered":"<h3>\u00c7al\u0131\u015fma Prensibi<\/h3>\n<p>S\u00fcrekli besleme ve s\u00fcrekli bo\u015faltma \u00f6zelli\u011fine sahip vakumlu kurutma ekipman\u0131d\u0131r. Kurutulacak hammadde besleme pompas\u0131 ile kurutucuya ta\u015f\u0131n\u0131r ve da\u011f\u0131t\u0131c\u0131 taraf\u0131ndan konvey\u00f6r bant \u00fczerine e\u015fit olarak da\u011f\u0131t\u0131l\u0131r ve malzemenin kaynama noktas\u0131 s\u0131cakl\u0131\u011f\u0131 y\u00fcksek vakum ile d\u00fc\u015f\u00fcr\u00fcl\u00fcr ve s\u0131v\u0131 hammaddenin nemi do\u011frudan buhara s\u00fcblimle\u015ftirilir ve konvey\u00f6r bant \u0131s\u0131tma plakas\u0131 \u00fczerindedir.<\/p>\n<p>Sabit bir h\u0131zda \u00e7al\u0131\u015f\u0131r ve \u0131s\u0131tma plakas\u0131ndaki \u0131s\u0131 kayna\u011f\u0131 buhar, s\u0131cak su veya elektrikli \u0131s\u0131tma ile \u0131s\u0131t\u0131labilir. Konvey\u00f6r band\u0131n\u0131n \u00e7al\u0131\u015fmas\u0131yla, \u00f6n u\u00e7taki buharla\u015ft\u0131rma ve kurutmadan arka u\u00e7taki so\u011futma tahliyesine kadar, y\u00fcksek ila d\u00fc\u015f\u00fck s\u0131cakl\u0131k aral\u0131\u011f\u0131 malzemenin \u00f6zelliklerine g\u00f6re ayarlanabilir. bo\u015faltma ucu, farkl\u0131 partik\u00fcl boyutlar\u0131nda bitmi\u015f \u00fcr\u00fcnler elde etmek i\u00e7in \u00f6zel bir vakumlu \u00f6\u011f\u00fctme cihaz\u0131 ile donat\u0131lm\u0131\u015ft\u0131r ve kurutulmu\u015f toz daha sonra otomatik olarak paketlenebilir veya i\u015flenebilir.<\/p>\n<h3>Uygulamalar<\/h3>\n<p>Maltoz, malt s\u00fct\u00fc, sakaroz, pancar \u015fekeri, dekstrin, yulaf ezmesi, m\u0131s\u0131r dik lik\u00f6r\u00fc, pirin\u00e7 unu, bal, kahve ve di\u011fer \u015fekerler ile y\u00fcksek \u015feker i\u00e7eri\u011fine sahip \u00e7e\u015fitli maddelerin kurutulmas\u0131 i\u00e7in uygundur. Y\u00fcksek konsantrasyonlu, y\u00fcksek viskoziteli \u00c7in bitki \u00f6z\u00fc \u00f6nemli bir sorunu \u00e7\u00f6zmektedir.<\/p>\n<p>Bu makine sadece \u015fekerli yiyecekler ve geleneksel \u00c7in t\u0131bb\u0131 \u00f6zleri i\u00e7in de\u011fil, ayn\u0131 zamanda \u00c7in ve Bat\u0131 ila\u00e7lar\u0131, polisakkarit ila\u00e7lar\u0131, biyom\u00fchendislik, kimyasal hammaddeler, g\u0131da katk\u0131 maddeleri gibi \u00e7e\u015fitli s\u0131v\u0131 macun benzeri hammaddelerin d\u00fc\u015f\u00fck s\u0131cakl\u0131kta kurutulmas\u0131 i\u00e7in de uygundur. aglomerasyonu kolay, termoplastik, \u0131s\u0131ya duyarl\u0131 \u00fcr\u00fcnler kurutma; Makineyi test etmek i\u00e7in \u015firkete malzeme getirmek i\u00e7in yeni ve eski m\u00fc\u015fterilere ho\u015f geldiniz.<\/p>\n","protected":false},"excerpt":{"rendered":"<ul>\n<li>Eksiksiz bir s\u00fcre\u00e7 otomasyonu, boru hatt\u0131 ve s\u00fcrekli;<\/li>\n<li>Vakum ko\u015fullar\u0131 alt\u0131nda s\u00fcrekli besleme ve bo\u015faltma ger\u00e7ekle\u015ftirin;<\/li>\n<li>Vakum alt\u0131nda komple kurutma, k\u0131rma ve gran\u00fclasyon;<\/li>\n<li>\u0130\u015fletme maliyeti vakum f\u0131r\u0131n\u0131, p\u00fcsk\u00fcrtmeli kurutman\u0131n 1\/3&#8217;\u00fc ve dondurarak kurutman\u0131n 1\/6&#8217;s\u0131 kadard\u0131r;<\/li>\n<li>\u0130kiden fazla operat\u00f6r yoktur, bu da i\u015f\u00e7ilik maliyetlerini b\u00fcy\u00fck \u00f6l\u00e7\u00fcde azalt\u0131r;<\/li>\n<li>Kurutma s\u0131cakl\u0131\u011f\u0131 malzeme proses gereksinimlerine g\u00f6re ayarlanabilir (25\u2103\uff5e150\u2103);<\/li>\n<li>Is\u0131ya duyarl\u0131 malzemeler mutasyona u\u011framaz ve bakterileri kirletmez;<\/li>\n<li>S\u00fcrekli olarak kuru toz \u00fcretmeye ba\u015flamak i\u00e7in 30 ~ 60 dakika, kuru toz \u00e7\u0131k\u0131\u015f oran\u0131% 99&#8217;dur;<\/li>\n<li>Y\u00fcksek viskoziteli ve zor kuruyan \u00e7e\u015fitli s\u0131v\u0131 ve bulama\u00e7 malzemelerin kurutulmas\u0131n\u0131 \u00e7\u00f6zebilir;<\/li>\n<li>GMP gereklilikleri do\u011frultusunda \u00e7evrimi\u00e7i otomatik temizleme.<\/li>\n<\/ul>\n","protected":false},"featured_media":3724,"template":"","meta":{"site-sidebar-layout":"default","site-content-layout":"default","ast-site-content-layout":"default","site-content-style":"default","site-sidebar-style":"default","ast-global-header-display":"","ast-banner-title-visibility":"","ast-main-header-display":"","ast-hfb-above-header-display":"","ast-hfb-below-header-display":"","ast-hfb-mobile-header-display":"","site-post-title":"","ast-breadcrumbs-content":"","ast-featured-img":"","footer-sml-layout":"","ast-disable-related-posts":"","theme-transparent-header-meta":"default","adv-header-id-meta":"","stick-header-meta":"default","header-above-stick-meta":"","header-main-stick-meta":"","header-below-stick-meta":"","astra-migrate-meta-layouts":"default","ast-page-background-enabled":"default","ast-page-background-meta":{"desktop":{"background-color":"","background-image":"","background-repeat":"repeat","background-position":"center center","background-size":"auto","background-attachment":"scroll","background-type":"","background-media":"","overlay-type":"","overlay-color":"","overlay-opacity":"","overlay-gradient":""},"tablet":{"background-color":"","background-image":"","background-repeat":"repeat","background-position":"center center","background-size":"auto","background-attachment":"scroll","background-type":"","background-media":"","overlay-type":"","overlay-color":"","overlay-opacity":"","overlay-gradient":""},"mobile":{"background-color":"","background-image":"","background-repeat":"repeat","background-position":"center center","background-size":"auto","background-attachment":"scroll","background-type":"","background-media":"","overlay-type":"","overlay-color":"","overlay-opacity":"","overlay-gradient":""}},"ast-content-background-meta":{"desktop":{"background-color":"var(--ast-global-color-5)","background-image":"","background-repeat":"repeat","background-position":"center center","background-size":"auto","background-attachment":"scroll","background-type":"","background-media":"","overlay-type":"","overlay-color":"","overlay-opacity":"","overlay-gradient":""},"tablet":{"background-color":"var(--ast-global-color-5)","background-image":"","background-repeat":"repeat","background-position":"center center","background-size":"auto","background-attachment":"scroll","background-type":"","background-media":"","overlay-type":"","overlay-color":"","overlay-opacity":"","overlay-gradient":""},"mobile":{"background-color":"var(--ast-global-color-5)","background-image":"","background-repeat":"repeat","background-position":"center center","background-size":"auto","background-attachment":"scroll","background-type":"","background-media":"","overlay-type":"","overlay-color":"","overlay-opacity":"","overlay-gradient":""}}},"product_brand":[],"product_cat":[144],"product_tag":[],"class_list":{"0":"post-4647","1":"product","2":"type-product","3":"status-publish","4":"has-post-thumbnail","6":"product_cat-vakum-kurutucu","7":"desktop-align-center","8":"tablet-align-center","9":"mobile-align-center","10":"ast-product-gallery-layout-horizontal","11":"ast-product-tabs-layout-horizontal","12":"ast-qv-on-image","14":"first","15":"instock","16":"shipping-taxable","17":"product-type-simple"},"_links":{"self":[{"href":"https:\/\/www.griffinmachinery.com\/tr\/wp-json\/wp\/v2\/product\/4647","targetHints":{"allow":["GET"]}}],"collection":[{"href":"https:\/\/www.griffinmachinery.com\/tr\/wp-json\/wp\/v2\/product"}],"about":[{"href":"https:\/\/www.griffinmachinery.com\/tr\/wp-json\/wp\/v2\/types\/product"}],"wp:featuredmedia":[{"embeddable":true,"href":"https:\/\/www.griffinmachinery.com\/tr\/wp-json\/wp\/v2\/media\/3724"}],"wp:attachment":[{"href":"https:\/\/www.griffinmachinery.com\/tr\/wp-json\/wp\/v2\/media?parent=4647"}],"wp:term":[{"taxonomy":"product_brand","embeddable":true,"href":"https:\/\/www.griffinmachinery.com\/tr\/wp-json\/wp\/v2\/product_brand?post=4647"},{"taxonomy":"product_cat","embeddable":true,"href":"https:\/\/www.griffinmachinery.com\/tr\/wp-json\/wp\/v2\/product_cat?post=4647"},{"taxonomy":"product_tag","embeddable":true,"href":"https:\/\/www.griffinmachinery.com\/tr\/wp-json\/wp\/v2\/product_tag?post=4647"}],"curies":[{"name":"wp","href":"https:\/\/api.w.org\/{rel}","templated":true}]}}