{"id":4646,"date":"2022-04-04T16:13:15","date_gmt":"2022-04-04T16:13:15","guid":{"rendered":"https:\/\/www.griffinmachinery.com\/vakum-kurutma-firini\/"},"modified":"2023-04-02T07:24:23","modified_gmt":"2023-04-02T07:24:23","slug":"vakumlu-kurutma-firini","status":"publish","type":"product","link":"https:\/\/www.griffinmachinery.com\/tr\/vakumlu-kurutma-firini\/","title":{"rendered":"Vakum Kurutma F\u0131r\u0131n\u0131"},"content":{"rendered":"<h3 style=\"text-align: center;\">Vakumlu F\u0131r\u0131n Kurutma Ak\u0131\u015f \u015eemas\u0131<\/h3>\n<p><img loading=\"lazy\" decoding=\"async\" class=\"alignnone size-full wp-image-10671\" src=\"https:\/\/www.griffinmachinery.com\/wp-content\/uploads\/2022\/04\/Vakumlu-Firin-Kurutma-Akis-Semasi.jpg\" alt=\"Vakumlu F\u0131r\u0131n Kurutma Ak\u0131\u015f \u015eemas\u0131\" width=\"1500\" height=\"513\" srcset=\"https:\/\/www.griffinmachinery.com\/wp-content\/uploads\/2022\/04\/Vakumlu-Firin-Kurutma-Akis-Semasi.jpg 1500w, https:\/\/www.griffinmachinery.com\/wp-content\/uploads\/2022\/04\/Vakumlu-Firin-Kurutma-Akis-Semasi-300x103.jpg 300w, https:\/\/www.griffinmachinery.com\/wp-content\/uploads\/2022\/04\/Vakumlu-Firin-Kurutma-Akis-Semasi-1024x350.jpg 1024w, https:\/\/www.griffinmachinery.com\/wp-content\/uploads\/2022\/04\/Vakumlu-Firin-Kurutma-Akis-Semasi-768x263.jpg 768w, https:\/\/www.griffinmachinery.com\/wp-content\/uploads\/2022\/04\/Vakumlu-Firin-Kurutma-Akis-Semasi-600x205.jpg 600w\" sizes=\"auto, (max-width: 1500px) 100vw, 1500px\" \/><\/p>\n<hr \/>\n<h3 style=\"text-align: center;\">Uygulamalar<\/h3>\n<p>Vakumlu kurutma f\u0131r\u0131nlar\u0131, biyokimya, kimyasal eczac\u0131l\u0131k, t\u0131p ve sa\u011fl\u0131k, tar\u0131msal bilimsel ara\u015ft\u0131rma, \u00e7evre koruma ve di\u011fer ara\u015ft\u0131rma uygulamalar\u0131nda, toz kurutma, pi\u015firme ve \u00e7e\u015fitli cam kaplar\u0131n dezenfeksiyonu ve sterilizasyonu i\u00e7in yayg\u0131n olarak kullan\u0131lmaktad\u0131r. \u00d6zellikle \u0131s\u0131ya duyarl\u0131, kolayca ayr\u0131\u015fan, kolayca oksitlenen maddelerin ve karma\u015f\u0131k bile\u015fimli \u00f6\u011felerin h\u0131zl\u0131 ve verimli bir \u015fekilde kurutulmas\u0131 i\u00e7in uygundur.<\/p>\n<hr \/>\n<h3 style=\"text-align: center;\">Teknik Parametreler<\/h3>\n<table>\n<tbody>\n<tr>\n<td rowspan=\"2\" bgcolor=\"#d9edf7\"><strong>ITEM<\/strong><\/td>\n<td style=\"text-align: center;\" colspan=\"3\"><strong>\u015eartname<\/strong><\/td>\n<\/tr>\n<tr>\n<td>FZG-10<\/td>\n<td>FZG-15<\/td>\n<td>FZG-20<\/td>\n<\/tr>\n<tr>\n<td bgcolor=\"#d9edf7\"><strong>Haznenin i\u00e7 boyutu (mm)<\/strong><\/td>\n<td>1500\u00d71060\u00d71220<\/td>\n<td>1500\u00d71400\u00d71220<\/td>\n<td>1500\u00d71800\u00d71220<\/td>\n<\/tr>\n<tr>\n<td bgcolor=\"#d9edf7\"><strong>Haznenin d\u0131\u015f boyutu (mm)<\/strong><\/td>\n<td>1924\u00d71720\u00d71513<\/td>\n<td>1513\u00d71924\u00d72060<\/td>\n<td>1924\u00d72500\u00d71513<\/td>\n<\/tr>\n<tr>\n<td bgcolor=\"#d9edf7\"><strong>Kat kat f\u0131r\u0131n raf\u0131<\/strong><\/td>\n<td>5<\/td>\n<td>8<\/td>\n<td>10<\/td>\n<\/tr>\n<tr>\n<td bgcolor=\"#d9edf7\"><strong>Pi\u015firme raf\u0131 aral\u0131\u011f\u0131 (mm)<\/strong><\/td>\n<td>122<\/td>\n<td>122<\/td>\n<td>122<\/td>\n<\/tr>\n<tr>\n<td bgcolor=\"#d9edf7\"><strong>F\u0131r\u0131n tepsisi boyutu (mm)<\/strong><\/td>\n<td>460\u00d7640\u00d745<\/td>\n<td>460\u00d7640\u00d745<\/td>\n<td>460\u00d7640\u00d745<\/td>\n<\/tr>\n<tr>\n<td bgcolor=\"#d9edf7\"><strong>F\u0131r\u0131n tepsisi say\u0131s\u0131 (adet)<\/strong><\/td>\n<td>20<\/td>\n<td>32<\/td>\n<td>48<\/td>\n<\/tr>\n<tr>\n<td bgcolor=\"#d9edf7\"><strong>Kurutma kapasitesi (kg)<\/strong><\/td>\n<td>50<\/td>\n<td>80<\/td>\n<td>120<\/td>\n<\/tr>\n<tr>\n<td bgcolor=\"#d9edf7\"><strong>Pi\u015firme raf\u0131n\u0131n borusu i\u00e7inde izin verilen bas\u0131n\u00e7 (Mpa)<\/strong><\/td>\n<td style=\"text-align: center;\" colspan=\"3\">\u22640.784<\/td>\n<\/tr>\n<tr>\n<td bgcolor=\"#d9edf7\"><strong>Pi\u015firme deste\u011finin \u00e7al\u0131\u015fma s\u0131cakl\u0131\u011f\u0131<\/strong><\/td>\n<td style=\"text-align: center;\" colspan=\"3\">\u2264150\u2103<\/td>\n<\/tr>\n<tr>\n<td bgcolor=\"#d9edf7\"><strong>A\u011f\u0131rl\u0131k (kg)<\/strong><\/td>\n<td>1400<\/td>\n<td>2100<\/td>\n<td>3200<\/td>\n<\/tr>\n<\/tbody>\n<\/table>\n","protected":false},"excerpt":{"rendered":"<ul>\n<li>Daha d\u00fc\u015f\u00fck s\u0131cakl\u0131klarda daha y\u00fcksek kurutma kapasitesi elde edilebilir ve \u0131s\u0131 enerjisi tam olarak kullan\u0131labilir.<\/li>\n<li>Is\u0131ya duyarl\u0131 ve kolay oksitlenebilen malzemeler gibi malzemeler i\u00e7in uygundur.<\/li>\n<li>Solvent i\u00e7eren ve geri kazan\u0131lmas\u0131 gereken hammaddeleri kurutabilir.<\/li>\n<li>Kurutmadan \u00f6nce dezenfektan i\u015flemini ger\u00e7ekle\u015ftirebilir. Kurutma s\u00fcresi boyunca herhangi bir kirlilik giremez.<\/li>\n<li>Kurutucu statik kurutmaya aittir, malzemeler zarar g\u00f6rmez.<\/li>\n<li>Makine bir t\u00fcr parti tipi i\u015flemdir ve teknik s\u00fcre\u00e7leri herhangi bir zamanda ayarlayabilir.<\/li>\n<li>\u0130\u00e7 \u00fcst k\u0131s\u0131m kemer yap\u0131s\u0131na g\u00f6re tasarlanm\u0131\u015ft\u0131r, yo\u011funla\u015fan suyun geri d\u00fc\u015fmesini etkili bir \u015fekilde \u00f6nleyebilir.<\/li>\n<\/ul>\n","protected":false},"featured_media":3764,"template":"","meta":{"site-sidebar-layout":"default","site-content-layout":"default","ast-site-content-layout":"default","site-content-style":"default","site-sidebar-style":"default","ast-global-header-display":"","ast-banner-title-visibility":"","ast-main-header-display":"","ast-hfb-above-header-display":"","ast-hfb-below-header-display":"","ast-hfb-mobile-header-display":"","site-post-title":"","ast-breadcrumbs-content":"","ast-featured-img":"","footer-sml-layout":"","ast-disable-related-posts":"","theme-transparent-header-meta":"default","adv-header-id-meta":"","stick-header-meta":"default","header-above-stick-meta":"","header-main-stick-meta":"","header-below-stick-meta":"","astra-migrate-meta-layouts":"default","ast-page-background-enabled":"default","ast-page-background-meta":{"desktop":{"background-color":"","background-image":"","background-repeat":"repeat","background-position":"center center","background-size":"auto","background-attachment":"scroll","background-type":"","background-media":"","overlay-type":"","overlay-color":"","overlay-opacity":"","overlay-gradient":""},"tablet":{"background-color":"","background-image":"","background-repeat":"repeat","background-position":"center center","background-size":"auto","background-attachment":"scroll","background-type":"","background-media":"","overlay-type":"","overlay-color":"","overlay-opacity":"","overlay-gradient":""},"mobile":{"background-color":"","background-image":"","background-repeat":"repeat","background-position":"center center","background-size":"auto","background-attachment":"scroll","background-type":"","background-media":"","overlay-type":"","overlay-color":"","overlay-opacity":"","overlay-gradient":""}},"ast-content-background-meta":{"desktop":{"background-color":"var(--ast-global-color-5)","background-image":"","background-repeat":"repeat","background-position":"center center","background-size":"auto","background-attachment":"scroll","background-type":"","background-media":"","overlay-type":"","overlay-color":"","overlay-opacity":"","overlay-gradient":""},"tablet":{"background-color":"var(--ast-global-color-5)","background-image":"","background-repeat":"repeat","background-position":"center center","background-size":"auto","background-attachment":"scroll","background-type":"","background-media":"","overlay-type":"","overlay-color":"","overlay-opacity":"","overlay-gradient":""},"mobile":{"background-color":"var(--ast-global-color-5)","background-image":"","background-repeat":"repeat","background-position":"center center","background-size":"auto","background-attachment":"scroll","background-type":"","background-media":"","overlay-type":"","overlay-color":"","overlay-opacity":"","overlay-gradient":""}}},"product_brand":[],"product_cat":[144],"product_tag":[],"class_list":{"0":"post-4646","1":"product","2":"type-product","3":"status-publish","4":"has-post-thumbnail","6":"product_cat-vakum-kurutucu","7":"desktop-align-center","8":"tablet-align-center","9":"mobile-align-center","10":"ast-product-gallery-layout-horizontal","11":"ast-product-tabs-layout-horizontal","12":"ast-qv-on-image","14":"first","15":"instock","16":"shipping-taxable","17":"product-type-simple"},"_links":{"self":[{"href":"https:\/\/www.griffinmachinery.com\/tr\/wp-json\/wp\/v2\/product\/4646","targetHints":{"allow":["GET"]}}],"collection":[{"href":"https:\/\/www.griffinmachinery.com\/tr\/wp-json\/wp\/v2\/product"}],"about":[{"href":"https:\/\/www.griffinmachinery.com\/tr\/wp-json\/wp\/v2\/types\/product"}],"wp:featuredmedia":[{"embeddable":true,"href":"https:\/\/www.griffinmachinery.com\/tr\/wp-json\/wp\/v2\/media\/3764"}],"wp:attachment":[{"href":"https:\/\/www.griffinmachinery.com\/tr\/wp-json\/wp\/v2\/media?parent=4646"}],"wp:term":[{"taxonomy":"product_brand","embeddable":true,"href":"https:\/\/www.griffinmachinery.com\/tr\/wp-json\/wp\/v2\/product_brand?post=4646"},{"taxonomy":"product_cat","embeddable":true,"href":"https:\/\/www.griffinmachinery.com\/tr\/wp-json\/wp\/v2\/product_cat?post=4646"},{"taxonomy":"product_tag","embeddable":true,"href":"https:\/\/www.griffinmachinery.com\/tr\/wp-json\/wp\/v2\/product_tag?post=4646"}],"curies":[{"name":"wp","href":"https:\/\/api.w.org\/{rel}","templated":true}]}}