{"id":4645,"date":"2022-04-04T16:20:11","date_gmt":"2022-04-04T16:20:11","guid":{"rendered":"https:\/\/www.griffinmachinery.com\/vakumlu-dondurucu-kurutucu\/"},"modified":"2023-03-12T09:31:55","modified_gmt":"2023-03-12T09:31:55","slug":"vakumlu-dondurucu-kurutucu","status":"publish","type":"product","link":"https:\/\/www.griffinmachinery.com\/tr\/vakumlu-dondurucu-kurutucu\/","title":{"rendered":"Dondurarak Kurutma Makinas\u0131"},"content":{"rendered":"<h3>\u00c7al\u0131\u015fma Prensibi<\/h3>\n<p>Malzemedeki s\u0131v\u0131y\u0131 h\u0131zl\u0131 bir \u015fekilde kat\u0131 buza dondurmak ve buzun \u00e7\u00f6z\u00fcnmez hale getirilmesi \u00f6nc\u00fcl\u00fc\u011f\u00fcnde suyu do\u011frudan kat\u0131 halden buharla\u015ft\u0131rmak ve malzemeyi kurutma amac\u0131na ula\u015fmak i\u00e7in buhar\u0131 s\u00fcrekli olarak \u00e7\u0131karmakt\u0131r.<\/p>\n<p>Geleneksel kurutma, malzemenin b\u00fcz\u00fclmesine ve h\u00fccrelerin tahrip olmas\u0131na neden olabilir. Dondurarak kurutma s\u0131ras\u0131nda numunenin yap\u0131s\u0131 bozulmaz \u00e7\u00fcnk\u00fc kat\u0131 bile\u015fenler yerlerinde kat\u0131 buz taraf\u0131ndan desteklenir. Buz s\u00fcblimle\u015ftik\u00e7e, kuru kalan malzemede g\u00f6zenekler b\u0131rak\u0131r. Bu, \u00fcr\u00fcn\u00fcn biyolojik ve kimyasal yap\u0131s\u0131n\u0131n ve aktivitesinin b\u00fct\u00fcnl\u00fc\u011f\u00fcn\u00fc korur.<\/p>\n<h3>Uygulamalar<\/h3>\n<ul>\n<li><strong>G\u0131da end\u00fcstrisi<\/strong>: Vakumlu dondurarak kurutma teknolojisi meyve ve sebzelerin, et ve k\u00fcmes hayvanlar\u0131n\u0131n, su \u00fcr\u00fcnlerinin, \u00e7e\u015fnilerin, haz\u0131r g\u0131dalar\u0131n ve \u00fcnl\u00fc ve y\u00fcksek kaliteli \u00f6zel \u00fcr\u00fcnlerin vb. kurutulmas\u0131nda kullan\u0131labilir. Su iyidir, bitmi\u015f \u00fcr\u00fcn\u00fcn depolanmas\u0131 ve ta\u015f\u0131nmas\u0131 kolayd\u0131r, maliyet azal\u0131r ve raf \u00f6mr\u00fc uzar.<\/li>\n<li><strong>Beslenme ve sa\u011fl\u0131k hizmetleri<\/strong>: Vakumlu dondurarak kurutma i\u015flemi, ar\u0131 s\u00fct\u00fc, ginseng, kaplumba\u011falar ve solucanlar gibi beslenme ve sa\u011fl\u0131k \u00fcr\u00fcnlerinin kurutulmas\u0131nda kullan\u0131l\u0131r, bu da insanlar\u0131n besin \u00fcr\u00fcnlerinin saf ve do\u011fal oldu\u011funa inanmas\u0131n\u0131 sa\u011flar.<\/li>\n<li><strong>\u0130la\u00e7 end\u00fcstrisi<\/strong>: Vakumlu dondurarak kurutma y\u00f6ntemi, serum, plazma, a\u015f\u0131lar, enzimler, antibiyotikler, hormonlar vb. gibi \u00c7in ve Bat\u0131 ila\u00e7lar\u0131n\u0131n dehidrasyonuna ve korunmas\u0131na uygulanabilir.<\/li>\n<li><strong>Biyolojik ara\u015ft\u0131rma<\/strong>: Vakumlu dondurarak kurutma teknolojisi kullan\u0131larak kan, bakteri, arter, kemik, deri, kornea, sinir dokusu ve \u00e7e\u015fitli organlar\u0131n uzun s\u00fcreli korunmas\u0131, kullan\u0131m s\u0131ras\u0131nda sadece su verilerek yenilenebilir ve yine de biyofiziksel \u00f6zelliklerini koruyabilir.<\/li>\n<li><strong>Di\u011ferleri<\/strong>: \u00d6rne\u011fin, havac\u0131l\u0131k ve uzay yal\u0131t\u0131m\u0131 seramik \u00fcretiminde, arkeolojide ah\u015fap ve ipek \u00fcr\u00fcnlerin korunmas\u0131nda, numune \u00fcretiminde, \u00f6zel malzeme haz\u0131rlamada vb. kullan\u0131labilir ve benzersiz etkiler alabilir.<\/li>\n<\/ul>\n","protected":false},"excerpt":{"rendered":"<ul>\n<li>Dondurarak kurutma d\u00fc\u015f\u00fck bir s\u0131cakl\u0131kta ger\u00e7ekle\u015ftirilir, bu nedenle \u00f6zellikle \u0131s\u0131ya duyarl\u0131 bir\u00e7ok madde i\u00e7in uygundur. Proteinler, mikroorganizmalar vb. denat\u00fcre olmaz veya biyolojik aktivitesini kaybetmez. Bu nedenle t\u0131pta yayg\u0131n olarak kullan\u0131lmaktad\u0131r.<\/li>\n<li>D\u00fc\u015f\u00fck s\u0131cakl\u0131kta kuruturken, maddedeki baz\u0131 u\u00e7ucu bile\u015fenlerin kayb\u0131 azd\u0131r, baz\u0131 kimyasal \u00fcr\u00fcnler, ila\u00e7lar ve g\u0131da kurutma i\u00e7in uygundur.<\/li>\n<li>Dondurarak kurutma i\u015flemi s\u0131ras\u0131nda mikroorganizmalar\u0131n b\u00fcy\u00fcmesi ve enzimlerin etkisi devam edemez, bu nedenle orijinal g\u00f6r\u00fcn\u00fcm korunabilir.<\/li>\n<li>Donmu\u015f halde kurutuldu\u011fu i\u00e7in hacim neredeyse de\u011fi\u015fmez, orijinal yap\u0131 korunur ve konsantrasyon olgusu meydana gelmez.<\/li>\n<li>Kurutulmu\u015f madde s\u00fcnger \u015feklinde gev\u015fek ve g\u00f6zeneklidir, su eklendikten sonra h\u0131zla ve tamamen \u00e7\u00f6z\u00fcl\u00fcr ve orijinal \u015feklini neredeyse an\u0131nda geri kazan\u0131r.<\/li>\n<li>Vakum alt\u0131nda \u00e7ok az oksijenle ger\u00e7ekle\u015ftirilir, bu nedenle kolayca oksitlenebilen baz\u0131 maddeler korunur.<\/li>\n<li>Suyun %95-99&#8217;undan fazlas\u0131n\u0131 uzakla\u015ft\u0131rabilir, b\u00f6ylece kurutulmu\u015f \u00fcr\u00fcn bozulmadan uzun s\u00fcre saklanabilir.<\/li>\n<\/ul>\n","protected":false},"featured_media":3804,"template":"","meta":{"site-sidebar-layout":"default","site-content-layout":"default","ast-site-content-layout":"default","site-content-style":"default","site-sidebar-style":"default","ast-global-header-display":"","ast-banner-title-visibility":"","ast-main-header-display":"","ast-hfb-above-header-display":"","ast-hfb-below-header-display":"","ast-hfb-mobile-header-display":"","site-post-title":"","ast-breadcrumbs-content":"","ast-featured-img":"","footer-sml-layout":"","ast-disable-related-posts":"","theme-transparent-header-meta":"default","adv-header-id-meta":"","stick-header-meta":"default","header-above-stick-meta":"","header-main-stick-meta":"","header-below-stick-meta":"","astra-migrate-meta-layouts":"default","ast-page-background-enabled":"default","ast-page-background-meta":{"desktop":{"background-color":"","background-image":"","background-repeat":"repeat","background-position":"center center","background-size":"auto","background-attachment":"scroll","background-type":"","background-media":"","overlay-type":"","overlay-color":"","overlay-opacity":"","overlay-gradient":""},"tablet":{"background-color":"","background-image":"","background-repeat":"repeat","background-position":"center center","background-size":"auto","background-attachment":"scroll","background-type":"","background-media":"","overlay-type":"","overlay-color":"","overlay-opacity":"","overlay-gradient":""},"mobile":{"background-color":"","background-image":"","background-repeat":"repeat","background-position":"center center","background-size":"auto","background-attachment":"scroll","background-type":"","background-media":"","overlay-type":"","overlay-color":"","overlay-opacity":"","overlay-gradient":""}},"ast-content-background-meta":{"desktop":{"background-color":"var(--ast-global-color-5)","background-image":"","background-repeat":"repeat","background-position":"center center","background-size":"auto","background-attachment":"scroll","background-type":"","background-media":"","overlay-type":"","overlay-color":"","overlay-opacity":"","overlay-gradient":""},"tablet":{"background-color":"var(--ast-global-color-5)","background-image":"","background-repeat":"repeat","background-position":"center center","background-size":"auto","background-attachment":"scroll","background-type":"","background-media":"","overlay-type":"","overlay-color":"","overlay-opacity":"","overlay-gradient":""},"mobile":{"background-color":"var(--ast-global-color-5)","background-image":"","background-repeat":"repeat","background-position":"center center","background-size":"auto","background-attachment":"scroll","background-type":"","background-media":"","overlay-type":"","overlay-color":"","overlay-opacity":"","overlay-gradient":""}}},"product_brand":[],"product_cat":[144],"product_tag":[],"class_list":{"0":"post-4645","1":"product","2":"type-product","3":"status-publish","4":"has-post-thumbnail","6":"product_cat-vakum-kurutucu","7":"desktop-align-center","8":"tablet-align-center","9":"mobile-align-center","10":"ast-product-gallery-layout-horizontal","11":"ast-product-tabs-layout-horizontal","12":"ast-qv-on-image","14":"first","15":"instock","16":"shipping-taxable","17":"product-type-simple"},"_links":{"self":[{"href":"https:\/\/www.griffinmachinery.com\/tr\/wp-json\/wp\/v2\/product\/4645","targetHints":{"allow":["GET"]}}],"collection":[{"href":"https:\/\/www.griffinmachinery.com\/tr\/wp-json\/wp\/v2\/product"}],"about":[{"href":"https:\/\/www.griffinmachinery.com\/tr\/wp-json\/wp\/v2\/types\/product"}],"wp:featuredmedia":[{"embeddable":true,"href":"https:\/\/www.griffinmachinery.com\/tr\/wp-json\/wp\/v2\/media\/3804"}],"wp:attachment":[{"href":"https:\/\/www.griffinmachinery.com\/tr\/wp-json\/wp\/v2\/media?parent=4645"}],"wp:term":[{"taxonomy":"product_brand","embeddable":true,"href":"https:\/\/www.griffinmachinery.com\/tr\/wp-json\/wp\/v2\/product_brand?post=4645"},{"taxonomy":"product_cat","embeddable":true,"href":"https:\/\/www.griffinmachinery.com\/tr\/wp-json\/wp\/v2\/product_cat?post=4645"},{"taxonomy":"product_tag","embeddable":true,"href":"https:\/\/www.griffinmachinery.com\/tr\/wp-json\/wp\/v2\/product_tag?post=4645"}],"curies":[{"name":"wp","href":"https:\/\/api.w.org\/{rel}","templated":true}]}}