{"id":6185,"date":"2022-06-08T07:11:33","date_gmt":"2022-06-08T07:11:33","guid":{"rendered":"https:\/\/www.griffinmachinery.com\/projeler\/"},"modified":"2022-06-08T11:09:05","modified_gmt":"2022-06-08T11:09:05","slug":"projeler","status":"publish","type":"page","link":"https:\/\/www.griffinmachinery.com\/tr\/projeler\/","title":{"rendered":"Projeler"},"content":{"rendered":"\n<h3>\n\t\tProjelerimiz Hakk\u0131nda Daha Fazla Bilgi Edinin\n\t<\/h3>\n\t<p>\u015eirketimiz, her zaman oldu\u011fu gibi, ekipman kalitesini iyile\u015ftirmeye \u00f6ncelik verecek ve t\u00fcm yeni ve eski m\u00fc\u015fterilerin, \u015firketimizin ekipmanlar\u0131n\u0131 kulland\u0131ktan sonra ideal sonu\u00e7lara ula\u015fmas\u0131n\u0131 umacakt\u0131r.<\/p>\n<p>T\u00fcm \u00fcreticileri sorgulamaya davet ediyoruz ve size t\u00fcm kalbimizle y\u00fcksek kaliteli ekipman ve hizmetler sunaca\u011f\u0131z.<\/p>\n\t\t\t<a href=\"https:\/\/www.griffinmachinery.com\/tr\/bize-ulasin\/\" target=\"_self\" role=\"button\" rel=\"noopener\">\n\t\t\t\t\t\t\t\u015eimdi Bizimle \u0130leti\u015fime Ge\u00e7in\n\t\t\t<\/a>\n\t<h2>\n\t\t\t\t\tbaharat Kurutma\n\t\t\t\t<\/h2>\n\t\t\t<p>Malezya&#8217;dan bir \u015firket, baharat kurutmas\u0131 i\u00e7in titre\u015fimli ak\u0131\u015fkan yatakl\u0131 kurutucu sipari\u015f etti.<\/p>\n\t\t\t\t<img loading=\"lazy\" decoding=\"async\" src=\"https:\/\/www.griffinmachinery.com\/wp-content\/uploads\/2022\/06\/Vibrating-Fluidized-Bed-Project-1.jpg\" alt=\"Titre\u015fimli Ak\u0131\u015fkan Yatak Projesi (1)\" itemprop=\"image\" height=\"375\" width=\"500\" title=\"Titre\u015fimli Ak\u0131\u015fkan Yatak Projesi (1)\" onerror=\"this.style.display='none'\"  \/>\n\t\t\t\t<img loading=\"lazy\" decoding=\"async\" src=\"https:\/\/www.griffinmachinery.com\/wp-content\/uploads\/2022\/06\/Vibrating-Fluidized-Bed-Project-2.jpg\" alt=\"Titre\u015fimli Ak\u0131\u015fkan Yatak Projesi (2)\" itemprop=\"image\" height=\"375\" width=\"500\" title=\"Titre\u015fimli Ak\u0131\u015fkan Yatak Projesi (2)\" onerror=\"this.style.display='none'\"  \/>\n\t\t\t\t<img loading=\"lazy\" decoding=\"async\" src=\"https:\/\/www.griffinmachinery.com\/wp-content\/uploads\/2022\/06\/Vibrating-Fluidized-Bed-Project-3.jpg\" alt=\"Titre\u015fimli Ak\u0131\u015fkan Yatak Projesi (3)\" itemprop=\"image\" height=\"375\" width=\"500\" title=\"Titre\u015fimli Ak\u0131\u015fkan Yatak Projesi (3)\" onerror=\"this.style.display='none'\"  \/>\n\t<p>Malezya&#8217;da bir \u015firket taraf\u0131ndan sipari\u015f edilen titre\u015fimli ak\u0131\u015fkan yatak tamamland\u0131 ve muayeneden ge\u00e7tikten sonra Ocak ay\u0131 ba\u015flar\u0131nda y\u00fcklenip sevk edilecek. Bu ekipman esas olarak baharat kurutma i\u00e7in kullan\u0131l\u0131r.<\/p>\n\t<h2>\n\t\t\t\t\tKahve \u00dcretim Hatt\u0131\n\t\t\t\t<\/h2>\n\t\t\t<p>Endonezyal\u0131 m\u00fc\u015fterimiz i\u00e7in y\u0131ll\u0131k 50.000 ton ekipman sistemi \u00fcretimi.<\/p>\n\t\t\t\t<img loading=\"lazy\" decoding=\"async\" src=\"https:\/\/www.griffinmachinery.com\/wp-content\/uploads\/2022\/06\/Coffee-Equipment-System-3.jpg\" alt=\"Kahve Ekipmanlar\u0131 Sistemi (3)\" itemprop=\"image\" height=\"666\" width=\"500\" title=\"Kahve Ekipmanlar\u0131 Sistemi (3)\" onerror=\"this.style.display='none'\"  \/>\n\t\t\t\t<img loading=\"lazy\" decoding=\"async\" src=\"https:\/\/www.griffinmachinery.com\/wp-content\/uploads\/2022\/06\/Coffee-Equipment-System-2.jpg\" alt=\"Kahve Ekipmanlar\u0131 Sistemi (2)\" itemprop=\"image\" height=\"666\" width=\"500\" title=\"Kahve Ekipmanlar\u0131 Sistemi (2)\" onerror=\"this.style.display='none'\"  \/>\n\t\t\t\t<img loading=\"lazy\" decoding=\"async\" src=\"https:\/\/www.griffinmachinery.com\/wp-content\/uploads\/2022\/06\/Coffee-Equipment-System-1.jpg\" alt=\"Kahve Ekipmanlar\u0131 Sistemi (1)\" itemprop=\"image\" height=\"666\" width=\"500\" title=\"Kahve Ekipmanlar\u0131 Sistemi (1)\" onerror=\"this.style.display='none'\"  \/>\n\t<p>\u015eirketimiz taraf\u0131ndan Endonezyal\u0131 m\u00fc\u015fteriler i\u00e7in tasarlanan ve \u00fcretilen y\u0131ll\u0131k 50.000 ton kapasiteli kahve \u00fcretim hatt\u0131, 18-20 Mart 2021 tarihleri \u200b\u200baras\u0131nda teslim edilecek. May\u0131s ay\u0131nda yerinde \u00fcretim ve kuruluma ba\u015flanacak olan tesis, y\u0131l sonunda faaliyete ge\u00e7ecek.<\/p>\n<p>Bu \u00fcretim hatt\u0131, \u015fimdiye kadar \u00c7in&#8217;de ihra\u00e7 edilen en b\u00fcy\u00fck kahve \u00fcretim hatt\u0131d\u0131r.<\/p>\n\t<h2>\n\t\t\t\t\tPil Katot Malzemeleri\n\t\t\t\t<\/h2>\n\t\t\t<p>Firmam\u0131z taraf\u0131ndan \u015eanghay&#8217;daki bir \u015firket i\u00e7in \u00fcretilen LPG-300 santrif\u00fcj spreyli kurutucu.<\/p>\n\t\t\t\t<img loading=\"lazy\" decoding=\"async\" src=\"https:\/\/www.griffinmachinery.com\/wp-content\/uploads\/2022\/06\/Battery-Cathode-Materials-Project-1.jpg\" alt=\"Ak\u00fc Katot Malzemeleri Projesi (1)\" itemprop=\"image\" height=\"375\" width=\"500\" title=\"Ak\u00fc Katot Malzemeleri Projesi (1)\" onerror=\"this.style.display='none'\"  \/>\n\t\t\t\t<img loading=\"lazy\" decoding=\"async\" src=\"https:\/\/www.griffinmachinery.com\/wp-content\/uploads\/2022\/06\/Battery-Cathode-Materials-Project-2.jpg\" alt=\"Ak\u00fc Katot Malzemeleri Projesi (2)\" itemprop=\"image\" height=\"375\" width=\"500\" title=\"Ak\u00fc Katot Malzemeleri Projesi (2)\" onerror=\"this.style.display='none'\"  \/>\n\t\t\t\t<img loading=\"lazy\" decoding=\"async\" src=\"https:\/\/www.griffinmachinery.com\/wp-content\/uploads\/2022\/06\/Battery-Cathode-Materials-Project-3.jpg\" alt=\"Ak\u00fc Katot Malzemeleri Projesi (3)\" itemprop=\"image\" height=\"375\" width=\"500\" title=\"Ak\u00fc Katot Malzemeleri Projesi (3)\" onerror=\"this.style.display='none'\"  \/>\n\t<p>16 Ocak 2022&#8217;de firmam\u0131z taraf\u0131ndan \u015eanghay&#8217;da pil katot malzemelerinin ara\u015ft\u0131r\u0131lmas\u0131, geli\u015ftirilmesi ve \u00fcretimi konusunda uzmanla\u015fm\u0131\u015f bir \u015firket i\u00e7in \u00fcretilen LPG-300 santrif\u00fcj spreyli kurutucu tamamland\u0131.<\/p>\n<p>Ekipman\u0131n \u00e7ap\u0131 3,6 metre ve y\u00fcksekli\u011fi 8 metredir. Neredeyse kusursuz tasar\u0131m, deneyimli teknisyenler taraf\u0131ndan yap\u0131lan \u00fcretim ve m\u00fc\u015fteri odakl\u0131 hizmet anlay\u0131\u015f\u0131 ile firmam\u0131z m\u00fc\u015fteri biriminin \u00f6vg\u00fcs\u00fcn\u00fc kazanm\u0131\u015ft\u0131r.<\/p>\n\t<h2>\n\t\t\t\t\tG\u0131da Kurutma\n\t\t\t\t<\/h2>\n\t\t\t<p>Bir Avrupal\u0131 \u015firket taraf\u0131ndan g\u0131da kurutma i\u00e7in sipari\u015f edilen b\u00fcy\u00fck \u00f6l\u00e7ekli titre\u015fimli ak\u0131\u015fkan yatakl\u0131 bir makine.<\/p>\n\t\t\t\t<img loading=\"lazy\" decoding=\"async\" src=\"https:\/\/www.griffinmachinery.com\/wp-content\/uploads\/2022\/06\/Food-Drying-Project-1.jpg\" alt=\"G\u0131da Kurutma Projesi (1)\" itemprop=\"image\" height=\"333\" width=\"500\" title=\"G\u0131da Kurutma Projesi (1)\" onerror=\"this.style.display='none'\"  \/>\n\t\t\t\t<img loading=\"lazy\" decoding=\"async\" src=\"https:\/\/www.griffinmachinery.com\/wp-content\/uploads\/2022\/06\/Food-Drying-Project-2.jpg\" alt=\"G\u0131da Kurutma Projesi (2)\" itemprop=\"image\" height=\"333\" width=\"500\" title=\"G\u0131da Kurutma Projesi (2)\" onerror=\"this.style.display='none'\"  \/>\n\t\t\t\t<img loading=\"lazy\" decoding=\"async\" src=\"https:\/\/www.griffinmachinery.com\/wp-content\/uploads\/2022\/06\/Food-Drying-Project-3.jpg\" alt=\"G\u0131da Kurutma Projesi (3)\" itemprop=\"image\" height=\"333\" width=\"500\" title=\"G\u0131da Kurutma Projesi (3)\" onerror=\"this.style.display='none'\"  \/>\n\t<p>Avrupal\u0131 \u200b\u200bbir firma taraf\u0131ndan sipari\u015f edilen b\u00fcy\u00fck \u00f6l\u00e7ekli titre\u015fimli ak\u0131\u015fkan yatak tamamlanm\u0131\u015f olup, muayeneden ge\u00e7tikten sonra 10 May\u0131s 2022 tarihinde y\u00fcklenip sevk edilecektir.<\/p>\n<p>Ekipman 1.2*9.5m&#8217;dir ve esas olarak g\u0131da kurutma i\u00e7in kullan\u0131l\u0131r. Haziran ay\u0131nda kurulup devreye al\u0131nmas\u0131 ve \u00fcretime ge\u00e7mesi bekleniyor.<\/p>\n\t<h2>\n\t\t\t\t\tG\u0131da Kurutma\n\t\t\t\t<\/h2>\n\t\t\t<p>Bir ABD \u015firketi taraf\u0131ndan g\u0131da kurutma i\u00e7in sipari\u015f edilen iki adet LPG-800 b\u00fcy\u00fck \u00f6l\u00e7ekli santrif\u00fcj p\u00fcsk\u00fcrtmeli kurutucu.<\/p>\n\t\t\t\t<img loading=\"lazy\" decoding=\"async\" src=\"https:\/\/www.griffinmachinery.com\/wp-content\/uploads\/2022\/06\/US-Food-Drying-Project-1.jpg\" alt=\"ABD G\u0131da Kurutma Projesi (1)\" itemprop=\"image\" height=\"666\" width=\"500\" title=\"ABD G\u0131da Kurutma Projesi (1)\" onerror=\"this.style.display='none'\"  \/>\n\t\t\t\t<img loading=\"lazy\" decoding=\"async\" src=\"https:\/\/www.griffinmachinery.com\/wp-content\/uploads\/2022\/06\/US-Food-Drying-Project-2.jpg\" alt=\"ABD G\u0131da Kurutma Projesi (2)\" itemprop=\"image\" height=\"666\" width=\"500\" title=\"ABD G\u0131da Kurutma Projesi (2)\" onerror=\"this.style.display='none'\"  \/>\n\t\t\t\t<img loading=\"lazy\" decoding=\"async\" src=\"https:\/\/www.griffinmachinery.com\/wp-content\/uploads\/2022\/06\/US-Food-Drying-Project-3.jpg\" alt=\"ABD G\u0131da Kurutma Projesi (3)\" itemprop=\"image\" height=\"666\" width=\"500\" title=\"ABD G\u0131da Kurutma Projesi (3)\" onerror=\"this.style.display='none'\"  \/>\n\t<p>\u015eirketimizin 2021 y\u0131l\u0131 A\u011fustos ay\u0131 ortalar\u0131nda ABD&#8217;ye g\u00f6nderdi\u011fi iki adet LPG-800 b\u00fcy\u00fck \u00f6l\u00e7ekli santrif\u00fcj spreyli kurutucu kurulum a\u015famas\u0131na girmi\u015ftir.<\/p>\n<p>Bu santrif\u00fcj p\u00fcsk\u00fcrtmeli kurutucu esas olarak g\u0131dalar\u0131 kurutmak i\u00e7in kullan\u0131l\u0131r. \u015eirketimizin teknisyenleri, bu ekipman\u0131n ilgili proses teknolojisinde bir\u00e7ok iyile\u015ftirme yapt\u0131. Orijinal ekipmanla kar\u015f\u0131la\u015ft\u0131r\u0131ld\u0131\u011f\u0131nda, bu ekipman\u0131n yap\u0131, enerji tasarrufu ve i\u015fleme kalitesi a\u00e7\u0131s\u0131ndan \u00f6nemli \u00f6l\u00e7\u00fcde geli\u015ftirilmi\u015f bir\u00e7ok avantaj\u0131 vard\u0131r.<\/p>\n\t<h2>\n\t\t\t\t\tBizimle temasa ge\u00e7in\n\t\t\t\t<\/h2>\n\t\t\t<p>Griffin Machinery, deneyimli ve g\u00fcvenilir bir ortak.<\/p>\n<p>Ayr\u0131ca \u00fcr\u00fcn\u00fcn\u00fcz\u00fc kurutmak i\u00e7in nazik ama etkili bir yol ar\u0131yorsan\u0131z, tavsiye i\u00e7in l\u00fctfen bizimle ileti\u015fime ge\u00e7in. Ekibimiz, projeniz i\u00e7in do\u011fru \u00e7\u00f6z\u00fcm\u00fc bulman\u0131za yard\u0131mc\u0131 olmaya haz\u0131r.<\/p>\n\t<style type=\"text\/css\"><\/style><div class=\"ufaqsw_container_default ufaqsw_container_default_4638 ufaqsw_element_group_src\"> \n\n\t\t\t<h2 class=\"ufaqsw_faq_title ufaqsw_faq_title_4638\">S\u0131k\u00e7a Sorulan Sorular<\/h2>\n\t\n\t\n\t\t<div class=\"ufaqsw_toggle_default ufaqsw_toggle_default_4638 ufaqsw_element_src\">\n\t\t\t<div class=\"ufaqsw-toggle-title-area-default ufaqsw-toggle-title-area-default_4638\"\n\t\t\trole=\"button\"\n\t\t\ttabindex=\"0\"\n\t\t\taria-expanded=\"false\"\n\t\t\taria-controls=\"ufaqsw_faq_answer_1_4638\"\n\t\t\taria-label=\"Fabrikan\u0131z Nerede?\"\n\t\t\t>\n\t\t\t\t<div class=\"ufaqsw-title-name-default ufaqsw-title-name-default_4638\">\n\t\t\t\t\t<span class=\"ufaqsw-default-icon\">\n\t\t\t\t\t\t<i class=\"fa fa fa-plus\" aria-hidden=\"true\"><\/i>\n\t\t\t\t\t\t<i class=\"fa fa fa-minus\" id=\"ufaqsw_other_style\" aria-hidden=\"true\"><\/i>\n\t\t\t\t\t<\/span>\t\t\t\t\n\t\t\t\t\t<span class=\"ufaqsw-default-title ufaqsw_faq_question_src\">Fabrikan\u0131z Nerede?<\/span>\n\t\t\t\t<\/div>\n\t\t\t<\/div>\n\t\t\t<div class=\"ufaqsw-toggle-inner-default ufaqsw-toggle-inner-default_4638 ufaqsw_faq_answer_src\"\n\t\t\tid=\"ufaqsw_faq_answer_1_4638\"\n\t\t\taria-hidden=\"true\"\n\t\t\taria-labelledby=\"ufaqsw_faq_answer_1_4638\"\n\t\t\tstyle=\"display:none\"\t\t\t>\n\t\t\t\u015eangay yak\u0131nlar\u0131ndaki Changzhou \u015fehrinde bulunuyoruz.\t\t\t<\/div>\n\t\t<\/div><!-- END OF TOGGLE -->\n\n\t\t\n\t\t<div class=\"ufaqsw_toggle_default ufaqsw_toggle_default_4638 ufaqsw_element_src\">\n\t\t\t<div class=\"ufaqsw-toggle-title-area-default ufaqsw-toggle-title-area-default_4638\"\n\t\t\trole=\"button\"\n\t\t\ttabindex=\"0\"\n\t\t\taria-expanded=\"false\"\n\t\t\taria-controls=\"ufaqsw_faq_answer_2_4638\"\n\t\t\taria-label=\"Makinenizin Kalitesi Nedir?\"\n\t\t\t>\n\t\t\t\t<div class=\"ufaqsw-title-name-default ufaqsw-title-name-default_4638\">\n\t\t\t\t\t<span class=\"ufaqsw-default-icon\">\n\t\t\t\t\t\t<i class=\"fa fa fa-plus\" aria-hidden=\"true\"><\/i>\n\t\t\t\t\t\t<i class=\"fa fa fa-minus\" id=\"ufaqsw_other_style\" aria-hidden=\"true\"><\/i>\n\t\t\t\t\t<\/span>\t\t\t\t\n\t\t\t\t\t<span class=\"ufaqsw-default-title ufaqsw_faq_question_src\">Makinenizin Kalitesi Nedir?<\/span>\n\t\t\t\t<\/div>\n\t\t\t<\/div>\n\t\t\t<div class=\"ufaqsw-toggle-inner-default ufaqsw-toggle-inner-default_4638 ufaqsw_faq_answer_src\"\n\t\t\tid=\"ufaqsw_faq_answer_2_4638\"\n\t\t\taria-hidden=\"true\"\n\t\t\taria-labelledby=\"ufaqsw_faq_answer_2_4638\"\n\t\t\tstyle=\"display:none\"\t\t\t>\n\t\t\t<p>\u015eirketimiz s\u0131k\u0131 kalite kontrollerini ve \u00e7e\u015fitli sistematik prosed\u00fcrleri takip etmektedir. \u00dcretim s\u00fcrecinin her a\u015famas\u0131nda kaliteye azami \u00f6zen g\u00f6steriyoruz. Kaliteden kesinlikle emin olabilirsiniz.<\/p>\n\t\t\t<\/div>\n\t\t<\/div><!-- END OF TOGGLE -->\n\n\t\t\n\t\t<div class=\"ufaqsw_toggle_default ufaqsw_toggle_default_4638 ufaqsw_element_src\">\n\t\t\t<div class=\"ufaqsw-toggle-title-area-default ufaqsw-toggle-title-area-default_4638\"\n\t\t\trole=\"button\"\n\t\t\ttabindex=\"0\"\n\t\t\taria-expanded=\"false\"\n\t\t\taria-controls=\"ufaqsw_faq_answer_3_4638\"\n\t\t\taria-label=\"Garanti S\u00fcresi Ne Kadard\u0131r?\"\n\t\t\t>\n\t\t\t\t<div class=\"ufaqsw-title-name-default ufaqsw-title-name-default_4638\">\n\t\t\t\t\t<span class=\"ufaqsw-default-icon\">\n\t\t\t\t\t\t<i class=\"fa fa fa-plus\" aria-hidden=\"true\"><\/i>\n\t\t\t\t\t\t<i class=\"fa fa fa-minus\" id=\"ufaqsw_other_style\" aria-hidden=\"true\"><\/i>\n\t\t\t\t\t<\/span>\t\t\t\t\n\t\t\t\t\t<span class=\"ufaqsw-default-title ufaqsw_faq_question_src\">Garanti S\u00fcresi Ne Kadard\u0131r?<\/span>\n\t\t\t\t<\/div>\n\t\t\t<\/div>\n\t\t\t<div class=\"ufaqsw-toggle-inner-default ufaqsw-toggle-inner-default_4638 ufaqsw_faq_answer_src\"\n\t\t\tid=\"ufaqsw_faq_answer_3_4638\"\n\t\t\taria-hidden=\"true\"\n\t\t\taria-labelledby=\"ufaqsw_faq_answer_3_4638\"\n\t\t\tstyle=\"display:none\"\t\t\t>\n\t\t\t<p>Posta ve telefon \u00e7a\u011fr\u0131lar\u0131na 24 saat zaman\u0131nda yan\u0131t. Makinenizin tutarl\u0131 bir \u015fekilde \u00e7al\u0131\u015ft\u0131\u011f\u0131ndan emin olmak i\u00e7in bir y\u0131ll\u0131k garanti verece\u011fiz.<\/p>\n\t\t\t<\/div>\n\t\t<\/div><!-- END OF TOGGLE -->\n\n\t\t\n\t\t<div class=\"ufaqsw_toggle_default ufaqsw_toggle_default_4638 ufaqsw_element_src\">\n\t\t\t<div class=\"ufaqsw-toggle-title-area-default ufaqsw-toggle-title-area-default_4638\"\n\t\t\trole=\"button\"\n\t\t\ttabindex=\"0\"\n\t\t\taria-expanded=\"false\"\n\t\t\taria-controls=\"ufaqsw_faq_answer_4_4638\"\n\t\t\taria-label=\"\u00d6deme S\u00fcresi Nedir?\"\n\t\t\t>\n\t\t\t\t<div class=\"ufaqsw-title-name-default ufaqsw-title-name-default_4638\">\n\t\t\t\t\t<span class=\"ufaqsw-default-icon\">\n\t\t\t\t\t\t<i class=\"fa fa fa-plus\" aria-hidden=\"true\"><\/i>\n\t\t\t\t\t\t<i class=\"fa fa fa-minus\" id=\"ufaqsw_other_style\" aria-hidden=\"true\"><\/i>\n\t\t\t\t\t<\/span>\t\t\t\t\n\t\t\t\t\t<span class=\"ufaqsw-default-title ufaqsw_faq_question_src\">\u00d6deme S\u00fcresi Nedir?<\/span>\n\t\t\t\t<\/div>\n\t\t\t<\/div>\n\t\t\t<div class=\"ufaqsw-toggle-inner-default ufaqsw-toggle-inner-default_4638 ufaqsw_faq_answer_src\"\n\t\t\tid=\"ufaqsw_faq_answer_4_4638\"\n\t\t\taria-hidden=\"true\"\n\t\t\taria-labelledby=\"ufaqsw_faq_answer_4_4638\"\n\t\t\tstyle=\"display:none\"\t\t\t>\n\t\t\t<p>Normal \u00f6deme s\u00fcremiz pe\u015fin% 30 TT, sevkiyat \u00f6ncesi% 70 TT&#8217;dir.<\/p>\n\t\t\t<\/div>\n\t\t<\/div><!-- END OF TOGGLE -->\n\n\t\t\n\t\t<div class=\"ufaqsw_toggle_default ufaqsw_toggle_default_4638 ufaqsw_element_src\">\n\t\t\t<div class=\"ufaqsw-toggle-title-area-default ufaqsw-toggle-title-area-default_4638\"\n\t\t\trole=\"button\"\n\t\t\ttabindex=\"0\"\n\t\t\taria-expanded=\"false\"\n\t\t\taria-controls=\"ufaqsw_faq_answer_5_4638\"\n\t\t\taria-label=\"Fiyat\u0131n\u0131za Navlun Dahil mi?\"\n\t\t\t>\n\t\t\t\t<div class=\"ufaqsw-title-name-default ufaqsw-title-name-default_4638\">\n\t\t\t\t\t<span class=\"ufaqsw-default-icon\">\n\t\t\t\t\t\t<i class=\"fa fa fa-plus\" aria-hidden=\"true\"><\/i>\n\t\t\t\t\t\t<i class=\"fa fa fa-minus\" id=\"ufaqsw_other_style\" aria-hidden=\"true\"><\/i>\n\t\t\t\t\t<\/span>\t\t\t\t\n\t\t\t\t\t<span class=\"ufaqsw-default-title ufaqsw_faq_question_src\">Fiyat\u0131n\u0131za Navlun Dahil mi?<\/span>\n\t\t\t\t<\/div>\n\t\t\t<\/div>\n\t\t\t<div class=\"ufaqsw-toggle-inner-default ufaqsw-toggle-inner-default_4638 ufaqsw_faq_answer_src\"\n\t\t\tid=\"ufaqsw_faq_answer_5_4638\"\n\t\t\taria-hidden=\"true\"\n\t\t\taria-labelledby=\"ufaqsw_faq_answer_5_4638\"\n\t\t\tstyle=\"display:none\"\t\t\t>\n\t\t\t<p>Normal fiyat\u0131m\u0131z FOB \u015eangay&#8217;a dayanmaktad\u0131r. Talep \u00fczerine bir CIF teklifi sa\u011flayabiliriz.<\/p>\n\t\t\t<\/div>\n\t\t<\/div><!-- END OF TOGGLE -->\n\n\t\t\n<\/div>\n\n\t<iframe src=\"https:\/\/www.google.com\/maps\/embed?pb=!1m18!1m12!1m3!1d3390.2927421824006!2d119.88542131515791!3d31.817019981272452!2m3!1f0!2f0!3f0!3m2!1i1024!2i768!4f13.1!3m3!1m2!1s0x35b4149e3c70d0b3%3A0x8fff5da241c321f8!2sYun%20He%20Lu%2C%20China%2C%20213023!5e0!3m2!1sen!2sus!4v1649332227824!5m2!1sen!2sus\" width=\"100%\" height=\"450\" allowfullscreen=\"\" loading=\"lazy\" referrerpolicy=\"no-referrer-when-downgrade\"><\/iframe>\n\t\n<div class=\"wpcf7 no-js\" id=\"wpcf7-f4640-o1\" lang=\"tr-TR\" dir=\"ltr\" data-wpcf7-id=\"4640\">\n<div class=\"screen-reader-response\"><p role=\"status\" aria-live=\"polite\" aria-atomic=\"true\"><\/p> <ul><\/ul><\/div>\n<form action=\"\/tr\/wp-json\/wp\/v2\/pages\/6185#wpcf7-f4640-o1\" method=\"post\" class=\"wpcf7-form init\" aria-label=\"\u0130leti\u015fim Formu\" novalidate=\"novalidate\" data-status=\"init\">\n<fieldset class=\"hidden-fields-container\"><input type=\"hidden\" name=\"_wpcf7\" value=\"4640\" \/><input type=\"hidden\" name=\"_wpcf7_version\" value=\"6.1.5\" \/><input type=\"hidden\" name=\"_wpcf7_locale\" value=\"tr_TR\" \/><input type=\"hidden\" name=\"_wpcf7_unit_tag\" value=\"wpcf7-f4640-o1\" \/><input type=\"hidden\" name=\"_wpcf7_container_post\" value=\"0\" \/><input type=\"hidden\" name=\"_wpcf7_posted_data_hash\" value=\"\" \/><input type=\"hidden\" name=\"_wpcf7_recaptcha_response\" value=\"\" \/>\n<\/fieldset>\n<p><label> Sizin ad\u0131n\u0131z<br \/>\n<span class=\"wpcf7-form-control-wrap\" data-name=\"your-name\"><input size=\"40\" maxlength=\"400\" class=\"wpcf7-form-control wpcf7-text wpcf7-validates-as-required\" aria-required=\"true\" aria-invalid=\"false\" value=\"\" type=\"text\" name=\"your-name\" \/><\/span> <\/label>\n<\/p>\n<p><label> E-posta adresiniz<br \/>\n<span class=\"wpcf7-form-control-wrap\" data-name=\"your-email\"><input size=\"40\" maxlength=\"400\" class=\"wpcf7-form-control wpcf7-email wpcf7-validates-as-required wpcf7-text wpcf7-validates-as-email\" aria-required=\"true\" aria-invalid=\"false\" value=\"\" type=\"email\" name=\"your-email\" \/><\/span> <\/label>\n<\/p>\n<p><label> Telefon numaras\u0131 (iste\u011fe ba\u011fl\u0131)<br \/>\n<span class=\"wpcf7-form-control-wrap\" data-name=\"tel-157\"><input size=\"40\" maxlength=\"400\" class=\"wpcf7-form-control wpcf7-tel wpcf7-text wpcf7-validates-as-tel\" aria-invalid=\"false\" value=\"\" type=\"tel\" name=\"tel-157\" \/><\/span> <\/label>\n<\/p>\n<p><label> Mesaj\u0131n\u0131z<br \/>\n<span class=\"wpcf7-form-control-wrap\" data-name=\"your-message\"><textarea cols=\"40\" rows=\"10\" maxlength=\"2000\" class=\"wpcf7-form-control wpcf7-textarea wpcf7-validates-as-required\" aria-required=\"true\" aria-invalid=\"false\" name=\"your-message\"><\/textarea><\/span> <\/label>\n<\/p>\n<p><span class=\"wpcf7-form-control-wrap\" data-name=\"quiz-747\"><label><span class=\"wpcf7-quiz-label\">2+6=?<\/span> <input size=\"40\" class=\"wpcf7-form-control wpcf7-quiz\" autocomplete=\"off\" aria-required=\"true\" aria-invalid=\"false\" type=\"text\" name=\"quiz-747\" \/><\/label><input type=\"hidden\" name=\"_wpcf7_quiz_answer_quiz-747\" value=\"b92383fac706b700c4f8d69faa457125\" \/><\/span>\n<\/p>\n<p><input class=\"wpcf7-form-control wpcf7-submit has-spinner\" type=\"submit\" value=\"G\u00f6nder\" \/>\n<\/p><div class=\"wpcf7-response-output\" aria-hidden=\"true\"><\/div>\n<\/form>\n<\/div>\n\n\n","protected":false},"excerpt":{"rendered":"","protected":false},"author":1,"featured_media":0,"parent":0,"menu_order":0,"comment_status":"closed","ping_status":"closed","template":"","meta":{"site-sidebar-layout":"no-sidebar","site-content-layout":"page-builder","ast-site-content-layout":"default","site-content-style":"default","site-sidebar-style":"default","ast-global-header-display":"","ast-banner-title-visibility":"","ast-main-header-display":"","ast-hfb-above-header-display":"","ast-hfb-below-header-display":"","ast-hfb-mobile-header-display":"","site-post-title":"disabled","ast-breadcrumbs-content":"","ast-featured-img":"disabled","footer-sml-layout":"","ast-disable-related-posts":"","theme-transparent-header-meta":"default","adv-header-id-meta":"","stick-header-meta":"default","header-above-stick-meta":"","header-main-stick-meta":"","header-below-stick-meta":"","astra-migrate-meta-layouts":"default","ast-page-background-enabled":"default","ast-page-background-meta":{"desktop":{"background-color":"","background-image":"","background-repeat":"repeat","background-position":"center center","background-size":"auto","background-attachment":"scroll","background-type":"","background-media":"","overlay-type":"","overlay-color":"","overlay-opacity":"","overlay-gradient":""},"tablet":{"background-color":"","background-image":"","background-repeat":"repeat","background-position":"center center","background-size":"auto","background-attachment":"scroll","background-type":"","background-media":"","overlay-type":"","overlay-color":"","overlay-opacity":"","overlay-gradient":""},"mobile":{"background-color":"","background-image":"","background-repeat":"repeat","background-position":"center center","background-size":"auto","background-attachment":"scroll","background-type":"","background-media":"","overlay-type":"","overlay-color":"","overlay-opacity":"","overlay-gradient":""}},"ast-content-background-meta":{"desktop":{"background-color":"var(--ast-global-color-5)","background-image":"","background-repeat":"repeat","background-position":"center center","background-size":"auto","background-attachment":"scroll","background-type":"","background-media":"","overlay-type":"","overlay-color":"","overlay-opacity":"","overlay-gradient":""},"tablet":{"background-color":"var(--ast-global-color-5)","background-image":"","background-repeat":"repeat","background-position":"center center","background-size":"auto","background-attachment":"scroll","background-type":"","background-media":"","overlay-type":"","overlay-color":"","overlay-opacity":"","overlay-gradient":""},"mobile":{"background-color":"var(--ast-global-color-5)","background-image":"","background-repeat":"repeat","background-position":"center center","background-size":"auto","background-attachment":"scroll","background-type":"","background-media":"","overlay-type":"","overlay-color":"","overlay-opacity":"","overlay-gradient":""}},"footnotes":""},"class_list":["post-6185","page","type-page","status-publish","hentry"],"_links":{"self":[{"href":"https:\/\/www.griffinmachinery.com\/tr\/wp-json\/wp\/v2\/pages\/6185","targetHints":{"allow":["GET"]}}],"collection":[{"href":"https:\/\/www.griffinmachinery.com\/tr\/wp-json\/wp\/v2\/pages"}],"about":[{"href":"https:\/\/www.griffinmachinery.com\/tr\/wp-json\/wp\/v2\/types\/page"}],"author":[{"embeddable":true,"href":"https:\/\/www.griffinmachinery.com\/tr\/wp-json\/wp\/v2\/users\/1"}],"replies":[{"embeddable":true,"href":"https:\/\/www.griffinmachinery.com\/tr\/wp-json\/wp\/v2\/comments?post=6185"}],"version-history":[{"count":0,"href":"https:\/\/www.griffinmachinery.com\/tr\/wp-json\/wp\/v2\/pages\/6185\/revisions"}],"wp:attachment":[{"href":"https:\/\/www.griffinmachinery.com\/tr\/wp-json\/wp\/v2\/media?parent=6185"}],"curies":[{"name":"wp","href":"https:\/\/api.w.org\/{rel}","templated":true}]}}