{"id":4634,"date":"2022-04-07T05:50:37","date_gmt":"2022-04-07T05:50:37","guid":{"rendered":"https:\/\/www.griffinmachinery.com\/gizlilik-politikasi\/"},"modified":"2022-05-26T09:38:16","modified_gmt":"2022-05-26T09:38:16","slug":"gizlilik-politikasi","status":"publish","type":"page","link":"https:\/\/www.griffinmachinery.com\/tr\/gizlilik-politikasi\/","title":{"rendered":"Gizlilik Politikas\u0131"},"content":{"rendered":"\n\n\t<p>GriffinMachinery&#8217;e ho\u015f geldiniz! Ma\u011fazam\u0131z\u0131 ziyaret etmeniz, t\u00fcm bu h\u00fck\u00fcm ve ko\u015fullar\u0131 otomatik olarak kabul etti\u011finiz anlam\u0131na gelir. L\u00fctfen y\u00f6nergelerimiz, \u015fartlar\u0131m\u0131z ve anla\u015fmalar\u0131m\u0131zla ilgili t\u00fcm bilgileri dikkatlice okuyun.<\/p>\n<p>Bilgiye \u00f6nem vermek \u00e7ok \u00f6nemlidir \u00e7\u00fcnk\u00fc bilgi toplumunda ya\u015f\u0131yoruz ve bilginin nas\u0131l kullan\u0131laca\u011f\u0131n\u0131 ve payla\u015f\u0131laca\u011f\u0131n\u0131 hafife alamazs\u0131n\u0131z.<\/p>\n<p>G\u00fcven, dostlu\u011fun temel ta\u015f\u0131d\u0131r ve ma\u011fazam\u0131z\u0131 se\u00e7me karar\u0131n\u0131z i\u00e7in te\u015fekk\u00fcr ederiz. Hesab\u0131n\u0131zla ilgili farkl\u0131 bilgi t\u00fcrlerine tam eri\u015fim sa\u011fl\u0131yoruz.<\/p>\n<p>Ayr\u0131ca, web sitemizin hem \u015firketimize hem de \u00fc\u00e7\u00fcnc\u00fc taraf \u015firketlere ait olabilecek \u00e7ok say\u0131da ticari marka i\u00e7erdi\u011fini l\u00fctfen unutmay\u0131n.<\/p>\n<p>Logolar\u0131n, simgelerin ve hizmet adlar\u0131n\u0131n m\u00fc\u015fterilerimiz aras\u0131nda kar\u0131\u015f\u0131kl\u0131\u011fa neden olabilecek herhangi bir \u015fekilde kullan\u0131lmas\u0131 yasakt\u0131r ve telif hakk\u0131 yasas\u0131n\u0131n ihlali olarak kabul edilecektir.<\/p>\n<p>Bu h\u00fck\u00fcm ve ko\u015fullarda \u00f6nceden bildirimde bulunmaks\u0131z\u0131n diledi\u011fimiz zaman de\u011fi\u015fiklik yapma hakk\u0131m\u0131z sakl\u0131d\u0131r.<\/p>\n<p>Bu web sitesini kullanarak, bu Gizlilik Politikas\u0131n\u0131n en son s\u00fcr\u00fcm\u00fcn\u00fcn \u015fartlar\u0131n\u0131 kabul etmi\u015f olursunuz. Bu web sitesini kullan\u0131m\u0131n\u0131zla ilgili genel kurallar\u0131 anlamak i\u00e7in l\u00fctfen Kullan\u0131m Ko\u015fullar\u0131m\u0131z\u0131 okuyun. Bu web sitesindeki di\u011fer feragatnamelerde, politikalarda, Kullan\u0131m Ko\u015fullar\u0131nda veya di\u011fer bildirimlerde yaz\u0131l\u0131 olanlar hari\u00e7 olmak \u00fczere, bu Gizlilik Politikas\u0131 ve Kullan\u0131m Ko\u015fullar\u0131, bu web sitesini kullan\u0131m\u0131n\u0131zla ilgili olarak sizinle GriffinMachinery.com aras\u0131ndaki s\u00f6zle\u015fmenin tamam\u0131n\u0131 olu\u015fturur. Bu web sitesindeki belirli alanlardaki belirli hizmetlere veya materyallere eri\u015fti\u011finizde veya bu web sitesindeki bir ba\u011flant\u0131y\u0131 izleyerek ge\u00e7erli olabilecek ek ko\u015fullara tabi olabilirsiniz.<\/p>\n<h2>Giri\u015f<\/h2>\n<p>Ald\u0131\u011f\u0131m\u0131z bilgiler ve bunlar\u0131 nas\u0131l kulland\u0131\u011f\u0131m\u0131z, web sitemizi ziyaret ederken ne yapt\u0131\u011f\u0131n\u0131za ba\u011fl\u0131d\u0131r. Ki\u015fisel olmayan bilgilerinizi (sizi ki\u015fisel olarak tan\u0131mlayamayan bilgiler) ki\u015fisel bilgilerinizden farkl\u0131 \u015fekilde toplar ve kullan\u0131r\u0131z.<\/p>\n<h2>Ki\u015fisel olmayan bilgiler nedir?<\/h2>\n<p>Ki\u015fisel olmayan bilgiler, bu web sitesi arac\u0131l\u0131\u011f\u0131yla toplad\u0131\u011f\u0131m\u0131z ve bizi bireysel bir ki\u015fi olarak tan\u0131mlamayan bilgilerdir. A\u015fa\u011f\u0131dakiler gibi bilgileri i\u00e7erebilir:<\/p>\n<ul>\n<li>kulland\u0131\u011f\u0131n\u0131z web taray\u0131c\u0131 yaz\u0131l\u0131m\u0131n\u0131n t\u00fcr\u00fc (\u00f6rne\u011fin, Netscape Navigator veya Internet Explorer)<\/li>\n<li>\u0130nternete eri\u015fti\u011finiz alan ad\u0131n\u0131n ad\u0131<\/li>\n<li>do\u011frudan web sitemize ba\u011fland\u0131\u011f\u0131n\u0131z web sitesinin internet adresi<\/li>\n<li>web sitemize eri\u015fti\u011finiz tarih ve saat<\/li>\n<li>web sitemizde hangi sayfalar\u0131 ziyaret etti\u011finiz<\/li>\n<li>kulland\u0131\u011f\u0131n\u0131z arama terimleri<\/li>\n<li>t\u0131klad\u0131\u011f\u0131n\u0131z ba\u011flant\u0131lar<\/li>\n<li>ki\u015fisel olmayan veya anonim hale getirilmi\u015f ki\u015fisel bilgiler (yani, art\u0131k bireysel olarak tan\u0131mlanabilir bir kullan\u0131c\u0131y\u0131 yans\u0131tmayan veya ona at\u0131fta bulunmayan bilgiler)<\/li>\n<\/ul>\n<p>Bir sa\u011fl\u0131k durumu veya \u00fcr\u00fcnlerimizden biri hakk\u0131nda bilgi gibi bilgileri okumak veya indirmek i\u00e7in web sitemizi ziyaret ederseniz, bilgisayar\u0131n\u0131zdan sizinle ilgili ki\u015fisel olmayan baz\u0131 bilgileri toplayabiliriz. Bu bilgiler bilgisayar\u0131n\u0131z\u0131n web taray\u0131c\u0131s\u0131ndan toplan\u0131r: Web sitemizdeki bilgileri yaln\u0131zca okur veya indirirseniz, ad\u0131n\u0131z\u0131, e-posta adresinizi, ev adresinizi veya sizinle ilgili di\u011fer ki\u015fisel bilgileri toplamay\u0131z veya \u00f6\u011frenmeyiz. Ziyaret etti\u011finizde bilgisayar\u0131n\u0131z\u0131n taray\u0131c\u0131 dosyalar\u0131na \u00e7erez ad\u0131 verilen bir metin dosyas\u0131 yerle\u015ftirebiliriz. \u00c7erez bilgisayar\u0131n\u0131z\u0131n sabit diskinde saklanabilir. \u00c7erezleri kullanarak toplad\u0131\u011f\u0131m\u0131z bilgiler ki\u015fisel olmayan bilgilerdir. Taray\u0131c\u0131n\u0131z izin veriyorsa \u00e7erezlerimizi reddetmekte her zaman \u00f6zg\u00fcrs\u00fcn\u00fcz, ancak bunu yaparsan\u0131z web sitemizin baz\u0131 b\u00f6l\u00fcmleri sizin i\u00e7in d\u00fczg\u00fcn \u00e7al\u0131\u015fmayabilir. Bizim ad\u0131m\u0131za hizmet veya i\u015flevleri yerine getirmesi i\u00e7in kiralad\u0131\u011f\u0131m\u0131z \u015firketler d\u0131\u015f\u0131ndaki \u00fc\u00e7\u00fcnc\u00fc taraflar\u0131n web sitemize \u00e7erez yerle\u015ftirmesine izin vermeyece\u011fiz.<\/p>\n<h2>GriffinMachinery.com ki\u015fisel olmayan bilgilerle ne yapar?<\/h2>\n<p>Ki\u015fisel olmayan bilgiler sizi tan\u0131mlayamad\u0131\u011f\u0131ndan veya herhangi bir \u015fekilde size ba\u011flanamad\u0131\u011f\u0131ndan, ki\u015fisel olmayan bilgileri kullanma veya payla\u015fma yollar\u0131m\u0131z \u00fczerinde herhangi bir k\u0131s\u0131tlama yoktur. Her zaman size daha iyi hizmet vermenin ve bu web sitesini geli\u015ftirmenin yollar\u0131n\u0131 ar\u0131yoruz. Sizden ald\u0131\u011f\u0131m\u0131z ki\u015fisel olmayan bilgileri, bu web sitesini ziyaret\u00e7iler i\u00e7in daha yararl\u0131 hale getirmemize yard\u0131mc\u0131 olmas\u0131 i\u00e7in kullanaca\u011f\u0131z. Ki\u015fisel olmayan bilgileri di\u011fer ticari ama\u00e7lar i\u00e7in de kullanaca\u011f\u0131z. \u00d6rne\u011fin, ki\u015fisel olmayan bilgileri veya toplu ki\u015fisel olmayan bilgileri a\u015fa\u011f\u0131dakiler i\u00e7in kullanabiliriz:<\/p>\n<ul>\n<li>programlar, \u00fcr\u00fcnler, hizmetler veya i\u00e7erik geli\u015ftirmek i\u00e7in dahili kullan\u0131ma y\u00f6nelik raporlar olu\u015fturmak<\/li>\n<li>ilginizi \u00e7eken bilgi veya hizmetleri \u00f6zelle\u015ftirmek<\/li>\n<li>\u00dc\u00e7\u00fcnc\u00fc taraflarla payla\u015fmak veya \u00fc\u00e7\u00fcnc\u00fc taraflara satmak<\/li>\n<li>\u00fc\u00e7\u00fcnc\u00fc taraflara toplu &#8220;trafik istatistikleri&#8221; ve &#8220;yan\u0131t oranlar\u0131&#8221; sa\u011flamak<\/li>\n<\/ul>\n<h2>Ki\u015fisel bilgi nedir?<\/h2>\n<p>Ki\u015fisel bilgiler, bu web sitesi arac\u0131l\u0131\u011f\u0131yla toplad\u0131\u011f\u0131m\u0131z ve sizi \u00f6zel olarak tan\u0131mlamak i\u00e7in kullanabilece\u011fimiz bilgilerdir, \u00f6rne\u011fin sizin bilgileriniz:<\/p>\n<ul>\n<li>isim<\/li>\n<li>telefon numaras\u0131<\/li>\n<li>e-posta adresi<\/li>\n<li>t\u0131bbi cihaz seri numaras\u0131<\/li>\n<li>ki\u015fisel sa\u011fl\u0131k bilgileri<\/li>\n<li>Do\u011fum tarihi<\/li>\n<\/ul>\n<p>Bu web sitesinin baz\u0131 yerlerinde, bize kendiniz hakk\u0131nda ki\u015fisel bilgiler g\u00f6nderme, belirli bilgileri almay\u0131 se\u00e7me veya bir etkinli\u011fe kat\u0131lma f\u0131rsat\u0131na sahipsiniz. \u00d6rne\u011fin, bir kay\u0131t formu, bir anket veya bir e-posta formu doldurabilir ve \u00fcr\u00fcnlerimiz ve tedavilerimiz hakk\u0131nda e\u011fitim materyalleri almay\u0131 se\u00e7ebilirsiniz.<\/p>\n<p>Ayr\u0131ca, web sitesine yapt\u0131\u011f\u0131n\u0131z ziyaretleri ki\u015fiselle\u015ftirmemize izin vermeyi de se\u00e7ebilirsiniz; bu durumda, web sitemize yapt\u0131\u011f\u0131n\u0131z ziyaretleri sizin i\u00e7in daha yararl\u0131 hale getirmek i\u00e7in sizden belirli ki\u015fisel bilgiler isteyece\u011fiz. Bu bilgiler, \u00e7erezler arac\u0131l\u0131\u011f\u0131yla toplad\u0131\u011f\u0131m\u0131z ki\u015fisel olmayan bilgilerle (yukar\u0131da a\u00e7\u0131klanm\u0131\u015ft\u0131r) birle\u015ftirildi\u011finde, web sitemizi daha \u00f6nce ziyaret etti\u011finizi anlayabilir ve \u00f6rne\u011fin ilginizi \u00e7ekebilecek yeni \u00f6zellikler hakk\u0131nda size bilgi vererek web sitemize eri\u015fiminizi ki\u015fiselle\u015ftirebiliriz.<\/p>\n<h2>GriffinMachinery.com ki\u015fisel bilgileri nas\u0131l saklar ve kullan\u0131r?<\/h2>\n<p>Bu web sitesi arac\u0131l\u0131\u011f\u0131yla sizden toplad\u0131\u011f\u0131m\u0131z ki\u015fisel bilgileri, size bu web sitesine eri\u015fim sa\u011flamak i\u00e7in saklayabilir ve kullanabiliriz. Ayr\u0131ca, ki\u015fisel bilgilerinizi saklayabilir ve kullanabiliriz:<\/p>\n<ul>\n<li>taleplerinize yan\u0131t vermek i\u00e7in<\/li>\n<li>web sitemize eri\u015fiminizi ki\u015fiselle\u015ftirmek i\u00e7in, \u00f6rne\u011fin, ilginizi \u00e7ekebilecek yeni \u00f6zellikler hakk\u0131nda size bilgi vererek<\/li>\n<li>ki\u015fisel bilgilerinizin kay\u0131tlar\u0131 da dahil olmak \u00fczere kay\u0131tlar geli\u015ftirmek<\/li>\n<li>klinik ara\u015ft\u0131rmalar ve bizim ve ba\u015fkalar\u0131n\u0131n \u00fcr\u00fcn ve hizmetleri hakk\u0131nda bilgiler de dahil olmak \u00fczere ilginizi \u00e7ekebilecek bilgilerle sizinle ileti\u015fime ge\u00e7mek i\u00e7in<\/li>\n<li>analitik ama\u00e7larla ve programlar\u0131, \u00fcr\u00fcnleri, hizmetleri ve i\u00e7eri\u011fi ara\u015ft\u0131rmak, geli\u015ftirmek ve iyile\u015ftirmek i\u00e7in<\/li>\n<li>ki\u015fisel tan\u0131mlay\u0131c\u0131lar\u0131n\u0131z\u0131 (ad\u0131n\u0131z, e-posta adresiniz, sosyal g\u00fcvenlik numaran\u0131z vb.) Bu durumda, art\u0131k tek bir benzersiz birey olarak tan\u0131mlanmayacaks\u0131n\u0131z. Bilgileri kimliksizle\u015ftirdikten sonra, bu ki\u015fisel olmayan bilgilerdir ve di\u011fer ki\u015fisel olmayan bilgiler gibi ele alabiliriz.<\/li>\n<li>Bu Gizlilik Bildirimini ve bu web sitesini kullan\u0131m\u0131n\u0131zla ilgili di\u011fer kurallar\u0131 uygulamak i\u00e7in<\/li>\n<li>haklar\u0131m\u0131z\u0131 veya m\u00fclkiyetimizi korumak i\u00e7in<\/li>\n<li>birinin sa\u011fl\u0131\u011f\u0131n\u0131, g\u00fcvenli\u011fini veya refah\u0131n\u0131 korumak i\u00e7in<\/li>\n<li>bir yasa veya y\u00f6netmeli\u011fe, mahkeme emrine veya di\u011fer yasal s\u00fcre\u00e7lere uymak i\u00e7in<\/li>\n<\/ul>\n<p>Bu site arac\u0131l\u0131\u011f\u0131yla toplanan ki\u015fisel veya ki\u015fisel olmayan bilgileri g\u00f6zden ge\u00e7irmek i\u00e7in bir y\u00f6ntemimiz yoktur.<\/p>\n<h2>GriffinMachinery.com ki\u015fisel bilgileri hi\u00e7 \u00fc\u00e7\u00fcnc\u00fc \u015fah\u0131slarla payla\u015f\u0131yor mu?<\/h2>\n<p>GriffinMachinery.com, bu Gizlilik Bildiriminde aksi belirtilmedik\u00e7e, bu web sitesinden toplanan ki\u015fisel bilgilerinizi izniniz olmadan ilgisiz bir \u00fc\u00e7\u00fcnc\u00fc tarafla payla\u015fmayacakt\u0131r.<\/p>\n<p>\u0130\u015fin ola\u011fan ak\u0131\u015f\u0131 i\u00e7inde, baz\u0131 ki\u015fisel bilgileri bizim ad\u0131m\u0131za hizmet veya i\u015flevleri yerine getirmeleri i\u00e7in kiralad\u0131\u011f\u0131m\u0131z \u015firketlerle payla\u015fabiliriz. Ki\u015fisel bilgilerinizi \u00fc\u00e7\u00fcnc\u00fc bir tarafla payla\u015ft\u0131\u011f\u0131m\u0131z t\u00fcm durumlarda, onlardan sa\u011flamalar\u0131n\u0131 istedi\u011fimiz hizmetleri sa\u011flama amac\u0131 d\u0131\u015f\u0131nda bilgilerinizi saklama, if\u015fa etme veya ba\u015fkalar\u0131yla kullanma yetkisi vermeyece\u011fiz. Kurumsal bir sat\u0131\u015f, birle\u015fme, tasfiye veya devralma ile ba\u011flant\u0131l\u0131 olanlar d\u0131\u015f\u0131nda ki\u015fisel bilgilerinizi satmayacak, takas etmeyecek veya yay\u0131nlamayaca\u011f\u0131z.<\/p>\n<p>Bir mahkeme emri, mahkeme celbi, arama emri, yasa veya y\u00f6netmeli\u011fe yan\u0131t olarak ki\u015fisel bilgilerinizi yay\u0131nlamak i\u00e7in yasal olarak zorlanabiliriz. Kurallar\u0131m\u0131z\u0131 ihlal eden veya di\u011fer ziyaret\u00e7ilere zararl\u0131 (veya yasa d\u0131\u015f\u0131) davran\u0131\u015flarda bulunan web sitesi ziyaret\u00e7ilerinin soru\u015fturulmas\u0131 ve kovu\u015fturulmas\u0131nda kolluk kuvvetleri ile i\u015fbirli\u011fi yapabiliriz.<\/p>\n<h2>Peki ya di\u011fer web sitelerindeki gizlilik?<\/h2>\n<p>Bu web sitesi di\u011fer web sitelerine ba\u011flant\u0131lar i\u00e7erebilir. Bu web sitelerinden baz\u0131lar\u0131 GriffinMachinery taraf\u0131ndan, baz\u0131lar\u0131 ise \u00fc\u00e7\u00fcnc\u00fc taraflarca i\u015fletiliyor olabilir. Ba\u011flant\u0131lar\u0131 size kolayl\u0131k sa\u011flamak i\u00e7in sa\u011fl\u0131yoruz, ancak ba\u015fkalar\u0131 taraf\u0131ndan i\u015fletilen web sitelerinin gizlilik uygulamalar\u0131n\u0131 g\u00f6zden ge\u00e7irmiyor, kontrol etmiyor veya izlemiyoruz. Bu Gizlilik Bildirimi, di\u011fer GriffinMachinery.com web siteleri de dahil olmak \u00fczere ba\u015fka hi\u00e7bir web sitesi i\u00e7in ge\u00e7erli de\u011fildir. \u00dc\u00e7\u00fcnc\u00fc taraflarca i\u015fletilen web sitelerinin performans\u0131ndan veya onlarla olan ticari ili\u015fkilerinizden sorumlu de\u011filiz. Bu nedenle, bu web sitesinden her ayr\u0131ld\u0131\u011f\u0131n\u0131zda, her web sitesinin gizlilik uygulamalar\u0131n\u0131 incelemenizi ve bu uygulamalar\u0131n yeterlili\u011fine ili\u015fkin kendi kararlar\u0131n\u0131z\u0131 vermenizi \u00f6neririz.<\/p>\n<h2>GriffinMachinery.com bu web sitesinin ziyaret\u00e7ileriyle hi\u00e7 do\u011frudan ileti\u015fim kuruyor mu?<\/h2>\n<p>\u0130lginizi \u00e7ekebilecek programlar, \u00fcr\u00fcnler, hizmetler ve i\u00e7erik hakk\u0131nda bilgi vermek i\u00e7in sizinle e-posta, posta veya telefon yoluyla periyodik olarak ileti\u015fime ge\u00e7ebiliriz. Ayr\u0131ca, bu web sitesindeki baz\u0131 \u00f6zellikler, \u00e7evrimi\u00e7i bir form kullanarak bizimle ileti\u015fim kurman\u0131za olanak tan\u0131r. \u0130leti\u015fiminiz bizden bir yan\u0131t talep ediyorsa, size e-posta yoluyla bir yan\u0131t g\u00f6nderece\u011fiz. E-posta yan\u0131t\u0131 veya onay\u0131, sa\u011fl\u0131\u011f\u0131n\u0131zla ilgili ki\u015fisel bilgiler, ad\u0131n\u0131z, adresiniz vb. dahil olmak \u00fczere ki\u015fisel bilgilerinizi i\u00e7erebilir. Size g\u00f6nderdi\u011fimiz e-postalar\u0131n yetkisiz m\u00fcdahalelere kar\u015f\u0131 g\u00fcvenli olaca\u011f\u0131n\u0131 garanti edemeyiz.<\/p>\n<h2>Web sitesi g\u00fcvenli\u011fi ne olacak?<\/h2>\n<p>G\u00fcvenlik bizim i\u00e7in \u00e7ok \u00f6nemlidir. G\u00fcvenli\u011fin sizin i\u00e7in de \u00f6nemli oldu\u011funu biliyoruz. Ki\u015fisel bilgilerinizi kay\u0131p, k\u00f6t\u00fcye kullan\u0131m ve yetkisiz eri\u015fim, if\u015fa, de\u011fi\u015ftirme veya imhaya kar\u015f\u0131 korumak i\u00e7in makul ad\u0131mlar at\u0131yoruz. Hi\u00e7bir internet iletiminin %100 g\u00fcvenli veya hatas\u0131z olmad\u0131\u011f\u0131n\u0131 unutmamal\u0131s\u0131n\u0131z. \u00d6zellikle, bu siteye veya bu siteden g\u00f6nderilen e-posta g\u00fcvenli olmayabilir ve bu nedenle bize e-posta yoluyla hangi bilgileri g\u00f6nderece\u011finize karar verirken \u00f6zel dikkat g\u00f6stermelisiniz.<\/p>\n\n","protected":false},"excerpt":{"rendered":"<p>GriffinMachinery&#8217;e ho\u015f geldiniz! Ma\u011fazam\u0131z\u0131 ziyaret etmeniz, t\u00fcm bu h\u00fck\u00fcm ve ko\u015fullar\u0131 otomatik olarak kabul etti\u011finiz anlam\u0131na gelir. L\u00fctfen y\u00f6nergelerimiz, \u015fartlar\u0131m\u0131z ve anla\u015fmalar\u0131m\u0131zla ilgili t\u00fcm bilgileri dikkatlice okuyun. Bilgiye \u00f6nem vermek \u00e7ok \u00f6nemlidir \u00e7\u00fcnk\u00fc bilgi toplumunda [&hellip;]<\/p>\n","protected":false},"author":1,"featured_media":0,"parent":0,"menu_order":0,"comment_status":"closed","ping_status":"closed","template":"","meta":{"site-sidebar-layout":"default","site-content-layout":"default","ast-site-content-layout":"default","site-content-style":"default","site-sidebar-style":"default","ast-global-header-display":"","ast-banner-title-visibility":"","ast-main-header-display":"","ast-hfb-above-header-display":"","ast-hfb-below-header-display":"","ast-hfb-mobile-header-display":"","site-post-title":"","ast-breadcrumbs-content":"","ast-featured-img":"","footer-sml-layout":"","ast-disable-related-posts":"","theme-transparent-header-meta":"default","adv-header-id-meta":"","stick-header-meta":"default","header-above-stick-meta":"","header-main-stick-meta":"","header-below-stick-meta":"","astra-migrate-meta-layouts":"default","ast-page-background-enabled":"default","ast-page-background-meta":{"desktop":{"background-color":"","background-image":"","background-repeat":"repeat","background-position":"center center","background-size":"auto","background-attachment":"scroll","background-type":"","background-media":"","overlay-type":"","overlay-color":"","overlay-opacity":"","overlay-gradient":""},"tablet":{"background-color":"","background-image":"","background-repeat":"repeat","background-position":"center center","background-size":"auto","background-attachment":"scroll","background-type":"","background-media":"","overlay-type":"","overlay-color":"","overlay-opacity":"","overlay-gradient":""},"mobile":{"background-color":"","background-image":"","background-repeat":"repeat","background-position":"center center","background-size":"auto","background-attachment":"scroll","background-type":"","background-media":"","overlay-type":"","overlay-color":"","overlay-opacity":"","overlay-gradient":""}},"ast-content-background-meta":{"desktop":{"background-color":"var(--ast-global-color-5)","background-image":"","background-repeat":"repeat","background-position":"center center","background-size":"auto","background-attachment":"scroll","background-type":"","background-media":"","overlay-type":"","overlay-color":"","overlay-opacity":"","overlay-gradient":""},"tablet":{"background-color":"var(--ast-global-color-5)","background-image":"","background-repeat":"repeat","background-position":"center center","background-size":"auto","background-attachment":"scroll","background-type":"","background-media":"","overlay-type":"","overlay-color":"","overlay-opacity":"","overlay-gradient":""},"mobile":{"background-color":"var(--ast-global-color-5)","background-image":"","background-repeat":"repeat","background-position":"center center","background-size":"auto","background-attachment":"scroll","background-type":"","background-media":"","overlay-type":"","overlay-color":"","overlay-opacity":"","overlay-gradient":""}},"footnotes":""},"class_list":["post-4634","page","type-page","status-publish","hentry"],"_links":{"self":[{"href":"https:\/\/www.griffinmachinery.com\/tr\/wp-json\/wp\/v2\/pages\/4634","targetHints":{"allow":["GET"]}}],"collection":[{"href":"https:\/\/www.griffinmachinery.com\/tr\/wp-json\/wp\/v2\/pages"}],"about":[{"href":"https:\/\/www.griffinmachinery.com\/tr\/wp-json\/wp\/v2\/types\/page"}],"author":[{"embeddable":true,"href":"https:\/\/www.griffinmachinery.com\/tr\/wp-json\/wp\/v2\/users\/1"}],"replies":[{"embeddable":true,"href":"https:\/\/www.griffinmachinery.com\/tr\/wp-json\/wp\/v2\/comments?post=4634"}],"version-history":[{"count":0,"href":"https:\/\/www.griffinmachinery.com\/tr\/wp-json\/wp\/v2\/pages\/4634\/revisions"}],"wp:attachment":[{"href":"https:\/\/www.griffinmachinery.com\/tr\/wp-json\/wp\/v2\/media?parent=4634"}],"curies":[{"name":"wp","href":"https:\/\/api.w.org\/{rel}","templated":true}]}}