{"id":16263,"date":"2023-03-14T05:52:53","date_gmt":"2023-03-14T05:52:53","guid":{"rendered":"https:\/\/www.griffinmachinery.com\/et-endustrisi-kurutma\/"},"modified":"2023-04-17T06:15:53","modified_gmt":"2023-04-17T06:15:53","slug":"et-endustrisi-kurutma","status":"publish","type":"page","link":"https:\/\/www.griffinmachinery.com\/tr\/et-endustrisi-kurutma\/","title":{"rendered":"Et End\u00fcstrisi Kurutma"},"content":{"rendered":"\n<h3>\n\t\tEnd\u00fcstriyel Et Kurutma Makinesi\n\t<\/h3>\n\t<p>Et \u00fcr\u00fcnlerindeki nemi alarak kurutmak ve korumak i\u00e7in tasarlanm\u0131\u015f \u00f6zel bir ekipman par\u00e7as\u0131d\u0131r. Bu tip makine, et i\u015fleme end\u00fcstrisinde sars\u0131nt\u0131l\u0131, bal\u0131k ve sosis yap\u0131m\u0131 gibi \u00e7e\u015fitli uygulamalar i\u00e7in yayg\u0131n olarak kullan\u0131lmaktad\u0131r.<\/p>\n<p>\u015eu anda piyasada bulunan en yayg\u0131n end\u00fcstriyel et kurutma ekipman\u0131, \u00f6rg\u00fc kay\u0131\u015fl\u0131 kurutucular ve s\u0131cak hava sirk\u00fclasyonlu f\u0131r\u0131nlard\u0131r.<\/p>\n<p>Uygun olan\u0131 se\u00e7erken, makinenin boyutu ve kapasitesi, etin cinsi ve kurutma derecesi gibi fakt\u00f6rleri g\u00f6z \u00f6n\u00fcnde bulundurmal\u0131s\u0131n\u0131z.<\/p>\n\t\t\t<a href=\"#\" role=\"button\">\n\t\t\t\t\t\t\t\u015eimdi Bizimle \u0130leti\u015fime Ge\u00e7in\n\t\t\t<\/a>\n\t\t\n<div class=\"wpcf7 no-js\" id=\"wpcf7-f4640-o1\" lang=\"tr-TR\" dir=\"ltr\" data-wpcf7-id=\"4640\">\n<div class=\"screen-reader-response\"><p role=\"status\" aria-live=\"polite\" aria-atomic=\"true\"><\/p> <ul><\/ul><\/div>\n<form action=\"\/tr\/wp-json\/wp\/v2\/pages\/16263#wpcf7-f4640-o1\" method=\"post\" class=\"wpcf7-form init\" aria-label=\"\u0130leti\u015fim Formu\" novalidate=\"novalidate\" data-status=\"init\">\n<fieldset class=\"hidden-fields-container\"><input type=\"hidden\" name=\"_wpcf7\" value=\"4640\" \/><input type=\"hidden\" name=\"_wpcf7_version\" value=\"6.1.5\" \/><input type=\"hidden\" name=\"_wpcf7_locale\" value=\"tr_TR\" \/><input type=\"hidden\" name=\"_wpcf7_unit_tag\" value=\"wpcf7-f4640-o1\" \/><input type=\"hidden\" name=\"_wpcf7_container_post\" value=\"0\" \/><input type=\"hidden\" name=\"_wpcf7_posted_data_hash\" value=\"\" \/><input type=\"hidden\" name=\"_wpcf7_recaptcha_response\" value=\"\" \/>\n<\/fieldset>\n<p><label> Sizin ad\u0131n\u0131z<br \/>\n<span class=\"wpcf7-form-control-wrap\" data-name=\"your-name\"><input size=\"40\" maxlength=\"400\" class=\"wpcf7-form-control wpcf7-text wpcf7-validates-as-required\" aria-required=\"true\" aria-invalid=\"false\" value=\"\" type=\"text\" name=\"your-name\" \/><\/span> <\/label>\n<\/p>\n<p><label> E-posta adresiniz<br \/>\n<span class=\"wpcf7-form-control-wrap\" data-name=\"your-email\"><input size=\"40\" maxlength=\"400\" class=\"wpcf7-form-control wpcf7-email wpcf7-validates-as-required wpcf7-text wpcf7-validates-as-email\" aria-required=\"true\" aria-invalid=\"false\" value=\"\" type=\"email\" name=\"your-email\" \/><\/span> <\/label>\n<\/p>\n<p><label> Telefon numaras\u0131 (iste\u011fe ba\u011fl\u0131)<br \/>\n<span class=\"wpcf7-form-control-wrap\" data-name=\"tel-157\"><input size=\"40\" maxlength=\"400\" class=\"wpcf7-form-control wpcf7-tel wpcf7-text wpcf7-validates-as-tel\" aria-invalid=\"false\" value=\"\" type=\"tel\" name=\"tel-157\" \/><\/span> <\/label>\n<\/p>\n<p><label> Mesaj\u0131n\u0131z<br \/>\n<span class=\"wpcf7-form-control-wrap\" data-name=\"your-message\"><textarea cols=\"40\" rows=\"10\" maxlength=\"2000\" class=\"wpcf7-form-control wpcf7-textarea wpcf7-validates-as-required\" aria-required=\"true\" aria-invalid=\"false\" name=\"your-message\"><\/textarea><\/span> <\/label>\n<\/p>\n<p><span class=\"wpcf7-form-control-wrap\" data-name=\"quiz-747\"><label><span class=\"wpcf7-quiz-label\">2+6=?<\/span> <input size=\"40\" class=\"wpcf7-form-control wpcf7-quiz\" autocomplete=\"off\" aria-required=\"true\" aria-invalid=\"false\" type=\"text\" name=\"quiz-747\" \/><\/label><input type=\"hidden\" name=\"_wpcf7_quiz_answer_quiz-747\" value=\"b92383fac706b700c4f8d69faa457125\" \/><\/span>\n<\/p>\n<p><input class=\"wpcf7-form-control wpcf7-submit has-spinner\" type=\"submit\" value=\"G\u00f6nder\" \/>\n<\/p><div class=\"wpcf7-response-output\" aria-hidden=\"true\"><\/div>\n<\/form>\n<\/div>\n\t\n\t<h2>\n\t\t\t\t\tEt Kurutma i\u00e7in \u00d6rg\u00fc Bantl\u0131 Kurutucu\n\t\t\t\t<\/h2>\n\t\t\t\t<img loading=\"lazy\" decoding=\"async\" src=\"https:\/\/www.griffinmachinery.com\/wp-content\/uploads\/2023\/03\/Mesh-Belt-Drying-for-Meat.jpg\" alt=\"Mesh Belt Drying for Meat\" itemprop=\"image\" height=\"500\" width=\"920\" title=\"Mesh Belt Drying for Meat\" onerror=\"this.style.display='none'\"  \/>\n\t<p>Eti \u0131s\u0131t\u0131lm\u0131\u015f bir b\u00f6lmeden ta\u015f\u0131mak i\u00e7in a\u011fdan yap\u0131lm\u0131\u015f bir ta\u015f\u0131ma band\u0131 kullan\u0131r. Et kurutucudan ge\u00e7erken, \u00f6rg\u00fc kay\u0131\u015ftan s\u0131cak hava \u00fcflenerek nemi buharla\u015ft\u0131r\u0131r. G\u00fcvenli ve tutarl\u0131 sonu\u00e7lar elde etmek i\u00e7in et kurutman\u0131n s\u0131cakl\u0131k, nem ve hava ak\u0131\u015f\u0131n\u0131n dikkatli bir \u015fekilde kontrol edilmesini gerektirdi\u011fine dikkat etmelisiniz.<\/p>\n\t<p>Eti \u0131s\u0131t\u0131lm\u0131\u015f bir b\u00f6lmeden ta\u015f\u0131mak i\u00e7in a\u011fdan yap\u0131lm\u0131\u015f bir ta\u015f\u0131ma band\u0131 kullan\u0131r. Et kurutucudan ge\u00e7erken, \u00f6rg\u00fc kay\u0131\u015ftan s\u0131cak hava \u00fcflenerek nemi buharla\u015ft\u0131r\u0131r. G\u00fcvenli ve tutarl\u0131 sonu\u00e7lar elde etmek i\u00e7in et kurutman\u0131n s\u0131cakl\u0131k, nem ve hava ak\u0131\u015f\u0131n\u0131n dikkatli bir \u015fekilde kontrol edilmesini gerektirdi\u011fine dikkat etmelisiniz.<\/p>\n\t<p><strong>Avantajlar<\/strong><\/p>\n<ul>\n<li>\u00fcniform kurutma<\/li>\n<li>Enerji verimlili\u011fi<\/li>\n<li>Y\u00fcksek kapasiteli<\/li>\n<\/ul>\n\t<p><strong>Dezavantajlar\u0131<\/strong><\/p>\n<ul>\n<li>Maliyet<\/li>\n<li>Uzay gereksinimleri<\/li>\n<li>Zaman t\u00fckeniyor<\/li>\n<li>Teknik uzmanl\u0131k<\/li>\n<\/ul>\n\t\t\t<a href=\"https:\/\/www.griffinmachinery.com\/tr\/orgu-kayis-kurutucu\/\" target=\"_blank\" role=\"button\" rel=\"noopener\">\n\t\t\t\t\t\t\tDaha Fazla Bilgi\n\t\t\t<\/a>\n\t\t\t<a href=\"#\" role=\"button\">\n\t\t\t\t\t\t\t\u015eimdi Soru\u015fturma G\u00f6nder\n\t\t\t<\/a>\n\t\t\n<div class=\"wpcf7 no-js\" id=\"wpcf7-f4640-o2\" lang=\"tr-TR\" dir=\"ltr\" data-wpcf7-id=\"4640\">\n<div class=\"screen-reader-response\"><p role=\"status\" aria-live=\"polite\" aria-atomic=\"true\"><\/p> <ul><\/ul><\/div>\n<form action=\"\/tr\/wp-json\/wp\/v2\/pages\/16263#wpcf7-f4640-o2\" method=\"post\" class=\"wpcf7-form init\" aria-label=\"\u0130leti\u015fim Formu\" novalidate=\"novalidate\" data-status=\"init\">\n<fieldset class=\"hidden-fields-container\"><input type=\"hidden\" name=\"_wpcf7\" value=\"4640\" \/><input type=\"hidden\" name=\"_wpcf7_version\" value=\"6.1.5\" \/><input type=\"hidden\" name=\"_wpcf7_locale\" value=\"tr_TR\" \/><input type=\"hidden\" name=\"_wpcf7_unit_tag\" value=\"wpcf7-f4640-o2\" \/><input type=\"hidden\" name=\"_wpcf7_container_post\" value=\"0\" \/><input type=\"hidden\" name=\"_wpcf7_posted_data_hash\" value=\"\" \/><input type=\"hidden\" name=\"_wpcf7_recaptcha_response\" value=\"\" \/>\n<\/fieldset>\n<p><label> Sizin ad\u0131n\u0131z<br \/>\n<span class=\"wpcf7-form-control-wrap\" data-name=\"your-name\"><input size=\"40\" maxlength=\"400\" class=\"wpcf7-form-control wpcf7-text wpcf7-validates-as-required\" aria-required=\"true\" aria-invalid=\"false\" value=\"\" type=\"text\" name=\"your-name\" \/><\/span> <\/label>\n<\/p>\n<p><label> E-posta adresiniz<br \/>\n<span class=\"wpcf7-form-control-wrap\" data-name=\"your-email\"><input size=\"40\" maxlength=\"400\" class=\"wpcf7-form-control wpcf7-email wpcf7-validates-as-required wpcf7-text wpcf7-validates-as-email\" aria-required=\"true\" aria-invalid=\"false\" value=\"\" type=\"email\" name=\"your-email\" \/><\/span> <\/label>\n<\/p>\n<p><label> Telefon numaras\u0131 (iste\u011fe ba\u011fl\u0131)<br \/>\n<span class=\"wpcf7-form-control-wrap\" data-name=\"tel-157\"><input size=\"40\" maxlength=\"400\" class=\"wpcf7-form-control wpcf7-tel wpcf7-text wpcf7-validates-as-tel\" aria-invalid=\"false\" value=\"\" type=\"tel\" name=\"tel-157\" \/><\/span> <\/label>\n<\/p>\n<p><label> Mesaj\u0131n\u0131z<br \/>\n<span class=\"wpcf7-form-control-wrap\" data-name=\"your-message\"><textarea cols=\"40\" rows=\"10\" maxlength=\"2000\" class=\"wpcf7-form-control wpcf7-textarea wpcf7-validates-as-required\" aria-required=\"true\" aria-invalid=\"false\" name=\"your-message\"><\/textarea><\/span> <\/label>\n<\/p>\n<p><span class=\"wpcf7-form-control-wrap\" data-name=\"quiz-747\"><label><span class=\"wpcf7-quiz-label\">2+6=?<\/span> <input size=\"40\" class=\"wpcf7-form-control wpcf7-quiz\" autocomplete=\"off\" aria-required=\"true\" aria-invalid=\"false\" type=\"text\" name=\"quiz-747\" \/><\/label><input type=\"hidden\" name=\"_wpcf7_quiz_answer_quiz-747\" value=\"b92383fac706b700c4f8d69faa457125\" \/><\/span>\n<\/p>\n<p><input class=\"wpcf7-form-control wpcf7-submit has-spinner\" type=\"submit\" value=\"G\u00f6nder\" \/>\n<\/p><div class=\"wpcf7-response-output\" aria-hidden=\"true\"><\/div>\n<\/form>\n<\/div>\n\t\n\t<h2>\n\t\t\t\t\tEt Kurutma i\u00e7in S\u0131cak Hava Dola\u015f\u0131ml\u0131 F\u0131r\u0131n\n\t\t\t\t<\/h2>\n\t<p>S\u0131cak hava sirk\u00fclasyonlu bir f\u0131r\u0131n, et kurutmak i\u00e7in iyi bir se\u00e7enek olabilir, \u00e7\u00fcnk\u00fc f\u0131r\u0131n boyunca tutarl\u0131 ve kontroll\u00fc bir s\u0131cakl\u0131k sa\u011flar, bu da etin e\u015fit \u015fekilde ve istenen oranda kurumas\u0131n\u0131 sa\u011flamaya yard\u0131mc\u0131 olabilir.<\/p>\n\t<p><strong>Avantajlar<\/strong><\/p>\n<ul>\n<li>Daha H\u0131zl\u0131 Kurutma<\/li>\n<li>G\u00fcvenli<\/li>\n<li>Kolayl\u0131k<\/li>\n<\/ul>\n\t<p><strong>Dezavantajlar\u0131<\/strong><\/p>\n<ul>\n<li>Elektrik Kullan\u0131m\u0131<\/li>\n<li>S\u0131n\u0131rl\u0131 kapasite<\/li>\n<li>Her Et \u0130\u00e7in Uygun De\u011fildir<\/li>\n<\/ul>\n\t\t\t<a href=\"https:\/\/www.griffinmachinery.com\/tr\/sicak-hava-sirkulasyonlu-firin\/\" target=\"_blank\" role=\"button\" rel=\"noopener\">\n\t\t\t\t\t\t\tDaha Fazla Bilgi\n\t\t\t<\/a>\n\t\t\t<a href=\"#\" role=\"button\">\n\t\t\t\t\t\t\t\u015eimdi Soru\u015fturma G\u00f6nder\n\t\t\t<\/a>\n\t\t\n<div class=\"wpcf7 no-js\" id=\"wpcf7-f4640-o3\" lang=\"tr-TR\" dir=\"ltr\" data-wpcf7-id=\"4640\">\n<div class=\"screen-reader-response\"><p role=\"status\" aria-live=\"polite\" aria-atomic=\"true\"><\/p> <ul><\/ul><\/div>\n<form action=\"\/tr\/wp-json\/wp\/v2\/pages\/16263#wpcf7-f4640-o3\" method=\"post\" class=\"wpcf7-form init\" aria-label=\"\u0130leti\u015fim Formu\" novalidate=\"novalidate\" data-status=\"init\">\n<fieldset class=\"hidden-fields-container\"><input type=\"hidden\" name=\"_wpcf7\" value=\"4640\" \/><input type=\"hidden\" name=\"_wpcf7_version\" value=\"6.1.5\" \/><input type=\"hidden\" name=\"_wpcf7_locale\" value=\"tr_TR\" \/><input type=\"hidden\" name=\"_wpcf7_unit_tag\" value=\"wpcf7-f4640-o3\" \/><input type=\"hidden\" name=\"_wpcf7_container_post\" value=\"0\" \/><input type=\"hidden\" name=\"_wpcf7_posted_data_hash\" value=\"\" \/><input type=\"hidden\" name=\"_wpcf7_recaptcha_response\" value=\"\" \/>\n<\/fieldset>\n<p><label> Sizin ad\u0131n\u0131z<br \/>\n<span class=\"wpcf7-form-control-wrap\" data-name=\"your-name\"><input size=\"40\" maxlength=\"400\" class=\"wpcf7-form-control wpcf7-text wpcf7-validates-as-required\" aria-required=\"true\" aria-invalid=\"false\" value=\"\" type=\"text\" name=\"your-name\" \/><\/span> <\/label>\n<\/p>\n<p><label> E-posta adresiniz<br \/>\n<span class=\"wpcf7-form-control-wrap\" data-name=\"your-email\"><input size=\"40\" maxlength=\"400\" class=\"wpcf7-form-control wpcf7-email wpcf7-validates-as-required wpcf7-text wpcf7-validates-as-email\" aria-required=\"true\" aria-invalid=\"false\" value=\"\" type=\"email\" name=\"your-email\" \/><\/span> <\/label>\n<\/p>\n<p><label> Telefon numaras\u0131 (iste\u011fe ba\u011fl\u0131)<br \/>\n<span class=\"wpcf7-form-control-wrap\" data-name=\"tel-157\"><input size=\"40\" maxlength=\"400\" class=\"wpcf7-form-control wpcf7-tel wpcf7-text wpcf7-validates-as-tel\" aria-invalid=\"false\" value=\"\" type=\"tel\" name=\"tel-157\" \/><\/span> <\/label>\n<\/p>\n<p><label> Mesaj\u0131n\u0131z<br \/>\n<span class=\"wpcf7-form-control-wrap\" data-name=\"your-message\"><textarea cols=\"40\" rows=\"10\" maxlength=\"2000\" class=\"wpcf7-form-control wpcf7-textarea wpcf7-validates-as-required\" aria-required=\"true\" aria-invalid=\"false\" name=\"your-message\"><\/textarea><\/span> <\/label>\n<\/p>\n<p><span class=\"wpcf7-form-control-wrap\" data-name=\"quiz-747\"><label><span class=\"wpcf7-quiz-label\">2+6=?<\/span> <input size=\"40\" class=\"wpcf7-form-control wpcf7-quiz\" autocomplete=\"off\" aria-required=\"true\" aria-invalid=\"false\" type=\"text\" name=\"quiz-747\" \/><\/label><input type=\"hidden\" name=\"_wpcf7_quiz_answer_quiz-747\" value=\"b92383fac706b700c4f8d69faa457125\" \/><\/span>\n<\/p>\n<p><input class=\"wpcf7-form-control wpcf7-submit has-spinner\" type=\"submit\" value=\"G\u00f6nder\" \/>\n<\/p><div class=\"wpcf7-response-output\" aria-hidden=\"true\"><\/div>\n<\/form>\n<\/div>\n\t\n\t\t\t\t<img loading=\"lazy\" decoding=\"async\" src=\"https:\/\/www.griffinmachinery.com\/wp-content\/uploads\/2023\/03\/Hot-Air-Circulating-Oven-for-Meat-Drying.jpg\" alt=\"Hot Air Circulating Oven for Meat Drying\" itemprop=\"image\" height=\"465\" width=\"650\" title=\"Hot Air Circulating Oven for Meat Drying\" onerror=\"this.style.display='none'\"  \/>\n\t<h2>\n\t\t\t\t\tBize Ula\u015f\u0131n\n\t\t\t\t<\/h2>\n\t\t\t<p>\u015eimdi bizimle ileti\u015fime ge\u00e7in. Ekibimiz, et kurutma projeniz i\u00e7in do\u011fru \u00e7\u00f6z\u00fcm\u00fc bulman\u0131za yard\u0131mc\u0131 olmaya haz\u0131r.<\/p>\n\t\t\t\t<img loading=\"lazy\" decoding=\"async\" src=\"https:\/\/www.griffinmachinery.com\/wp-content\/uploads\/2022\/05\/Industrial-Dryer-Factory.png\" alt=\"End\u00fcstriyel Kurutucu Fabrikas\u0131\" itemprop=\"image\" height=\"682\" width=\"1024\" title=\"End\u00fcstriyel Kurutucu Fabrikas\u0131\" onerror=\"this.style.display='none'\"  \/>\n\t<iframe src=\"https:\/\/www.google.com\/maps\/embed?pb=!1m18!1m12!1m3!1d3390.2927421824006!2d119.88542131515791!3d31.817019981272452!2m3!1f0!2f0!3f0!3m2!1i1024!2i768!4f13.1!3m3!1m2!1s0x35b4149e3c70d0b3%3A0x8fff5da241c321f8!2sYun%20He%20Lu%2C%20China%2C%20213023!5e0!3m2!1sen!2sus!4v1649332227824!5m2!1sen!2sus\" width=\"100%\" height=\"300\" allowfullscreen=\"\" loading=\"lazy\" referrerpolicy=\"no-referrer-when-downgrade\"><\/iframe>\n\t\n<div class=\"wpcf7 no-js\" id=\"wpcf7-f4640-o4\" lang=\"tr-TR\" dir=\"ltr\" data-wpcf7-id=\"4640\">\n<div class=\"screen-reader-response\"><p role=\"status\" aria-live=\"polite\" aria-atomic=\"true\"><\/p> <ul><\/ul><\/div>\n<form action=\"\/tr\/wp-json\/wp\/v2\/pages\/16263#wpcf7-f4640-o4\" method=\"post\" class=\"wpcf7-form init\" aria-label=\"\u0130leti\u015fim Formu\" novalidate=\"novalidate\" data-status=\"init\">\n<fieldset class=\"hidden-fields-container\"><input type=\"hidden\" name=\"_wpcf7\" value=\"4640\" \/><input type=\"hidden\" name=\"_wpcf7_version\" value=\"6.1.5\" \/><input type=\"hidden\" name=\"_wpcf7_locale\" value=\"tr_TR\" \/><input type=\"hidden\" name=\"_wpcf7_unit_tag\" value=\"wpcf7-f4640-o4\" \/><input type=\"hidden\" name=\"_wpcf7_container_post\" value=\"0\" \/><input type=\"hidden\" name=\"_wpcf7_posted_data_hash\" value=\"\" \/><input type=\"hidden\" name=\"_wpcf7_recaptcha_response\" value=\"\" \/>\n<\/fieldset>\n<p><label> Sizin ad\u0131n\u0131z<br \/>\n<span class=\"wpcf7-form-control-wrap\" data-name=\"your-name\"><input size=\"40\" maxlength=\"400\" class=\"wpcf7-form-control wpcf7-text wpcf7-validates-as-required\" aria-required=\"true\" aria-invalid=\"false\" value=\"\" type=\"text\" name=\"your-name\" \/><\/span> <\/label>\n<\/p>\n<p><label> E-posta adresiniz<br \/>\n<span class=\"wpcf7-form-control-wrap\" data-name=\"your-email\"><input size=\"40\" maxlength=\"400\" class=\"wpcf7-form-control wpcf7-email wpcf7-validates-as-required wpcf7-text wpcf7-validates-as-email\" aria-required=\"true\" aria-invalid=\"false\" value=\"\" type=\"email\" name=\"your-email\" \/><\/span> <\/label>\n<\/p>\n<p><label> Telefon numaras\u0131 (iste\u011fe ba\u011fl\u0131)<br \/>\n<span class=\"wpcf7-form-control-wrap\" data-name=\"tel-157\"><input size=\"40\" maxlength=\"400\" class=\"wpcf7-form-control wpcf7-tel wpcf7-text wpcf7-validates-as-tel\" aria-invalid=\"false\" value=\"\" type=\"tel\" name=\"tel-157\" \/><\/span> <\/label>\n<\/p>\n<p><label> Mesaj\u0131n\u0131z<br \/>\n<span class=\"wpcf7-form-control-wrap\" data-name=\"your-message\"><textarea cols=\"40\" rows=\"10\" maxlength=\"2000\" class=\"wpcf7-form-control wpcf7-textarea wpcf7-validates-as-required\" aria-required=\"true\" aria-invalid=\"false\" name=\"your-message\"><\/textarea><\/span> <\/label>\n<\/p>\n<p><span class=\"wpcf7-form-control-wrap\" data-name=\"quiz-747\"><label><span class=\"wpcf7-quiz-label\">2+6=?<\/span> <input size=\"40\" class=\"wpcf7-form-control wpcf7-quiz\" autocomplete=\"off\" aria-required=\"true\" aria-invalid=\"false\" type=\"text\" name=\"quiz-747\" \/><\/label><input type=\"hidden\" name=\"_wpcf7_quiz_answer_quiz-747\" value=\"b92383fac706b700c4f8d69faa457125\" \/><\/span>\n<\/p>\n<p><input class=\"wpcf7-form-control wpcf7-submit has-spinner\" type=\"submit\" value=\"G\u00f6nder\" \/>\n<\/p><div class=\"wpcf7-response-output\" aria-hidden=\"true\"><\/div>\n<\/form>\n<\/div>\n\n\n","protected":false},"excerpt":{"rendered":"<p>End\u00fcstriyel Et Kurutma Makinesi Et \u00fcr\u00fcnlerindeki nemi alarak kurutmak ve korumak i\u00e7in tasarlanm\u0131\u015f \u00f6zel bir ekipman par\u00e7as\u0131d\u0131r. Bu tip makine, et i\u015fleme end\u00fcstrisinde sars\u0131nt\u0131l\u0131, bal\u0131k ve sosis yap\u0131m\u0131 gibi \u00e7e\u015fitli uygulamalar i\u00e7in yayg\u0131n olarak kullan\u0131lmaktad\u0131r. [&hellip;]<\/p>\n","protected":false},"author":1,"featured_media":0,"parent":0,"menu_order":0,"comment_status":"closed","ping_status":"closed","template":"","meta":{"site-sidebar-layout":"no-sidebar","site-content-layout":"page-builder","ast-site-content-layout":"default","site-content-style":"default","site-sidebar-style":"default","ast-global-header-display":"","ast-banner-title-visibility":"","ast-main-header-display":"","ast-hfb-above-header-display":"","ast-hfb-below-header-display":"","ast-hfb-mobile-header-display":"","site-post-title":"disabled","ast-breadcrumbs-content":"","ast-featured-img":"disabled","footer-sml-layout":"","ast-disable-related-posts":"","theme-transparent-header-meta":"default","adv-header-id-meta":"","stick-header-meta":"default","header-above-stick-meta":"","header-main-stick-meta":"","header-below-stick-meta":"","astra-migrate-meta-layouts":"default","ast-page-background-enabled":"default","ast-page-background-meta":{"desktop":{"background-color":"","background-image":"","background-repeat":"repeat","background-position":"center center","background-size":"auto","background-attachment":"scroll","background-type":"","background-media":"","overlay-type":"","overlay-color":"","overlay-opacity":"","overlay-gradient":""},"tablet":{"background-color":"","background-image":"","background-repeat":"repeat","background-position":"center center","background-size":"auto","background-attachment":"scroll","background-type":"","background-media":"","overlay-type":"","overlay-color":"","overlay-opacity":"","overlay-gradient":""},"mobile":{"background-color":"","background-image":"","background-repeat":"repeat","background-position":"center center","background-size":"auto","background-attachment":"scroll","background-type":"","background-media":"","overlay-type":"","overlay-color":"","overlay-opacity":"","overlay-gradient":""}},"ast-content-background-meta":{"desktop":{"background-color":"var(--ast-global-color-5)","background-image":"","background-repeat":"repeat","background-position":"center center","background-size":"auto","background-attachment":"scroll","background-type":"","background-media":"","overlay-type":"","overlay-color":"","overlay-opacity":"","overlay-gradient":""},"tablet":{"background-color":"var(--ast-global-color-5)","background-image":"","background-repeat":"repeat","background-position":"center center","background-size":"auto","background-attachment":"scroll","background-type":"","background-media":"","overlay-type":"","overlay-color":"","overlay-opacity":"","overlay-gradient":""},"mobile":{"background-color":"var(--ast-global-color-5)","background-image":"","background-repeat":"repeat","background-position":"center center","background-size":"auto","background-attachment":"scroll","background-type":"","background-media":"","overlay-type":"","overlay-color":"","overlay-opacity":"","overlay-gradient":""}},"footnotes":""},"class_list":["post-16263","page","type-page","status-publish","hentry"],"_links":{"self":[{"href":"https:\/\/www.griffinmachinery.com\/tr\/wp-json\/wp\/v2\/pages\/16263","targetHints":{"allow":["GET"]}}],"collection":[{"href":"https:\/\/www.griffinmachinery.com\/tr\/wp-json\/wp\/v2\/pages"}],"about":[{"href":"https:\/\/www.griffinmachinery.com\/tr\/wp-json\/wp\/v2\/types\/page"}],"author":[{"embeddable":true,"href":"https:\/\/www.griffinmachinery.com\/tr\/wp-json\/wp\/v2\/users\/1"}],"replies":[{"embeddable":true,"href":"https:\/\/www.griffinmachinery.com\/tr\/wp-json\/wp\/v2\/comments?post=16263"}],"version-history":[{"count":0,"href":"https:\/\/www.griffinmachinery.com\/tr\/wp-json\/wp\/v2\/pages\/16263\/revisions"}],"wp:attachment":[{"href":"https:\/\/www.griffinmachinery.com\/tr\/wp-json\/wp\/v2\/media?parent=16263"}],"curies":[{"name":"wp","href":"https:\/\/api.w.org\/{rel}","templated":true}]}}