{"id":10023,"date":"2022-10-31T07:44:37","date_gmt":"2022-10-31T07:44:37","guid":{"rendered":"https:\/\/www.griffinmachinery.com\/hizmetlerimiz\/"},"modified":"2022-11-13T06:37:05","modified_gmt":"2022-11-13T06:37:05","slug":"hizmetlerimiz","status":"publish","type":"page","link":"https:\/\/www.griffinmachinery.com\/tr\/hizmetlerimiz\/","title":{"rendered":"Hizmetlerimiz"},"content":{"rendered":"\n\n\t<h1>\n\t\t\t\t\tHizmetlerimiz\n\t\t\t\t<\/h1>\n\t<p>Hizmetlerimizin i\u00e7eri\u011fini standart hale getirmek i\u00e7in a\u015fa\u011f\u0131daki listeleri listeledik.<\/p>\n<h3>\n\t\tI. Sat\u0131\u015f \u00d6ncesi ve Sat\u0131\u015f Hizmetleri\n\t<\/h3>\n\t\t\t\t<img decoding=\"async\" src=\"https:\/\/www.griffinmachinery.com\/wp-content\/uploads\/2022\/05\/Our-Team-3.png\" alt=\"Our Team 3\" itemprop=\"image\"\/>\n\t<ul>\n<li>Do\u011fru ekipman modelini se\u00e7meye yard\u0131mc\u0131 olun.<\/li>\n<li>Teknik departman, m\u00fc\u015fteri projelerini takip etmek ve \u00fcretim s\u00fcreci gereksinimleri, s\u00fcre\u00e7ler, partiler, m\u00fchendislik ve do\u011frulama a\u00e7\u0131s\u0131ndan m\u00fc\u015fteri ihtiya\u00e7lar\u0131n\u0131 anlamak i\u00e7in sat\u0131\u015f g\u00f6revlileriyle i\u015fbirli\u011fi yapar.<\/li>\n<li>Teknik servis personeli, \u00e7\u00f6z\u00fcmleri form\u00fcle etmek i\u00e7in teknoloji veya m\u00fchendislik a\u00e7\u0131s\u0131ndan her zaman m\u00fc\u015fteri ile ileti\u015fim kuracakt\u0131r.<\/li>\n<li>M\u00fc\u015fterilerin ihtiya\u00e7 duydu\u011fu teknik belgeleri ve ilgili malzemeleri zaman\u0131nda sa\u011flamak.<\/li>\n<\/ul>\n<h3>\n\t\tII. Sat\u0131\u015f Sonras\u0131 Hizmetler\n\t<\/h3>\n\t\t\t\t<img decoding=\"async\" src=\"https:\/\/www.griffinmachinery.com\/wp-content\/uploads\/2022\/03\/image1.jpg\" alt=\"image1\" itemprop=\"image\"\/>\n\t<p><strong>2.1 Kurulum ve Devreye Alma<\/strong><\/p>\n<ul>\n<li>M\u00fc\u015fterinin ekipman kurulum planlar\u0131n\u0131 anlamak i\u00e7in ekipman sevk edildi\u011finde m\u00fc\u015fterilerle zaman\u0131nda ileti\u015fim kurun.<\/li>\n<li>M\u00fc\u015fterilerin ekipman kurulumundan \u00f6nce haz\u0131rl\u0131\u011f\u0131 tamamlamalar\u0131na yard\u0131mc\u0131 olun ve m\u00fc\u015fterilere ekipman kurulum haz\u0131rl\u0131\u011f\u0131n\u0131n ayr\u0131nt\u0131l\u0131 i\u00e7eri\u011fini sa\u011flay\u0131n.<\/li>\n<li>Kurulum bildirimini ald\u0131ktan sonra, ekipman\u0131n paketten \u00e7\u0131kar\u0131lmas\u0131n\u0131 ve kabul edilmesini tamamlamak i\u00e7in m\u00fc\u015fteri ile i\u015fbirli\u011fi yapmak i\u00e7in zaman\u0131nda m\u00fc\u015fteri sitesine gidece\u011fiz.<\/li>\n<li>Ekipman kurulumu s\u0131ras\u0131nda kald\u0131rma planlar\u0131n\u0131 form\u00fcle etmek i\u00e7in m\u00fc\u015fterilerle i\u015fbirli\u011fi yap\u0131n.<\/li>\n<li>Ekipman kald\u0131rma ve temele ba\u011flant\u0131 i\u00e7in yerinde rehberlik.<\/li>\n<li>Ekipmanda hata ay\u0131klay\u0131n ve ekipman \u00e7al\u0131\u015fma do\u011frulamas\u0131n\u0131 tamamlamak i\u00e7in m\u00fc\u015fterilerle i\u015fbirli\u011fi yap\u0131n.<\/li>\n<li>M\u00fc\u015fteri ile ilgili personele e\u011fitim verilir ve e\u011fitim plan\u0131 m\u00fc\u015fteri taraf\u0131ndan imzalan\u0131p onayland\u0131ktan sonra m\u00fc\u015fteri dosyas\u0131na y\u00fcklenir.<\/li>\n<\/ul>\n<h3>\n\t\tIII. M\u00fc\u015fteri Y\u00fck\u00fcml\u00fcl\u00fckleri\n\t<\/h3>\n\t<ul>\n<li>Personelimizin hizmetleri yerine getirebilmesi i\u00e7in servis personelimizin Haihong taraf\u0131ndan \u00fcretilen ekipman \u00fcr\u00fcnlerine g\u00fcvenli, zaman\u0131nda ve yeterli eri\u015fime sahip olmas\u0131n\u0131 sa\u011flamak.<\/li>\n<li>Hizmetin sorunsuz i\u015flemesi i\u00e7in personelimiz taraf\u0131ndan \u00f6nerilen ara\u00e7lar, yard\u0131mc\u0131 tesisler ve personel destek hizmetleri \u00fccretsiz olarak sa\u011flanmaktad\u0131r.<\/li>\n<li>G\u00fcvenlik i\u00e7in, m\u00fc\u015fteri sahas\u0131ndayken personelimize her zaman kullan\u0131c\u0131n\u0131n sahas\u0131na ve g\u00fcvenlik sistemine a\u015fina olan bir \u00e7al\u0131\u015fan\u0131n e\u015flik etmesini sa\u011flay\u0131n.<\/li>\n<li>Personelimize ekipman\u0131n kar\u015f\u0131la\u015ft\u0131\u011f\u0131 sorunun \u00f6zel bir tan\u0131m\u0131n\u0131 sa\u011flay\u0131n, servis personeline ar\u0131za raporunun ne oldu\u011funu, ne zaman olu\u015ftu\u011funu ve ar\u0131zay\u0131 d\u00fczeltmek i\u00e7in hangi ad\u0131mlar\u0131n at\u0131ld\u0131\u011f\u0131n\u0131 bildirin.<\/li>\n<\/ul>\n\n","protected":false},"excerpt":{"rendered":"<p>Hizmetlerimiz Hizmetlerimizin i\u00e7eri\u011fini standart hale getirmek i\u00e7in a\u015fa\u011f\u0131daki listeleri listeledik. I. Sat\u0131\u015f \u00d6ncesi ve Sat\u0131\u015f Hizmetleri Do\u011fru ekipman modelini se\u00e7meye yard\u0131mc\u0131 olun. Teknik departman, m\u00fc\u015fteri projelerini takip etmek ve \u00fcretim s\u00fcreci gereksinimleri, s\u00fcre\u00e7ler, partiler, m\u00fchendislik [&hellip;]<\/p>\n","protected":false},"author":1,"featured_media":0,"parent":0,"menu_order":0,"comment_status":"closed","ping_status":"closed","template":"","meta":{"site-sidebar-layout":"no-sidebar","site-content-layout":"page-builder","ast-site-content-layout":"default","site-content-style":"default","site-sidebar-style":"default","ast-global-header-display":"","ast-banner-title-visibility":"","ast-main-header-display":"","ast-hfb-above-header-display":"","ast-hfb-below-header-display":"","ast-hfb-mobile-header-display":"","site-post-title":"disabled","ast-breadcrumbs-content":"","ast-featured-img":"disabled","footer-sml-layout":"","ast-disable-related-posts":"","theme-transparent-header-meta":"enabled","adv-header-id-meta":"","stick-header-meta":"default","header-above-stick-meta":"","header-main-stick-meta":"","header-below-stick-meta":"","astra-migrate-meta-layouts":"default","ast-page-background-enabled":"default","ast-page-background-meta":{"desktop":{"background-color":"","background-image":"","background-repeat":"repeat","background-position":"center center","background-size":"auto","background-attachment":"scroll","background-type":"","background-media":"","overlay-type":"","overlay-color":"","overlay-opacity":"","overlay-gradient":""},"tablet":{"background-color":"","background-image":"","background-repeat":"repeat","background-position":"center center","background-size":"auto","background-attachment":"scroll","background-type":"","background-media":"","overlay-type":"","overlay-color":"","overlay-opacity":"","overlay-gradient":""},"mobile":{"background-color":"","background-image":"","background-repeat":"repeat","background-position":"center center","background-size":"auto","background-attachment":"scroll","background-type":"","background-media":"","overlay-type":"","overlay-color":"","overlay-opacity":"","overlay-gradient":""}},"ast-content-background-meta":{"desktop":{"background-color":"var(--ast-global-color-5)","background-image":"","background-repeat":"repeat","background-position":"center center","background-size":"auto","background-attachment":"scroll","background-type":"","background-media":"","overlay-type":"","overlay-color":"","overlay-opacity":"","overlay-gradient":""},"tablet":{"background-color":"var(--ast-global-color-5)","background-image":"","background-repeat":"repeat","background-position":"center center","background-size":"auto","background-attachment":"scroll","background-type":"","background-media":"","overlay-type":"","overlay-color":"","overlay-opacity":"","overlay-gradient":""},"mobile":{"background-color":"var(--ast-global-color-5)","background-image":"","background-repeat":"repeat","background-position":"center center","background-size":"auto","background-attachment":"scroll","background-type":"","background-media":"","overlay-type":"","overlay-color":"","overlay-opacity":"","overlay-gradient":""}},"footnotes":""},"class_list":["post-10023","page","type-page","status-publish","hentry"],"_links":{"self":[{"href":"https:\/\/www.griffinmachinery.com\/tr\/wp-json\/wp\/v2\/pages\/10023","targetHints":{"allow":["GET"]}}],"collection":[{"href":"https:\/\/www.griffinmachinery.com\/tr\/wp-json\/wp\/v2\/pages"}],"about":[{"href":"https:\/\/www.griffinmachinery.com\/tr\/wp-json\/wp\/v2\/types\/page"}],"author":[{"embeddable":true,"href":"https:\/\/www.griffinmachinery.com\/tr\/wp-json\/wp\/v2\/users\/1"}],"replies":[{"embeddable":true,"href":"https:\/\/www.griffinmachinery.com\/tr\/wp-json\/wp\/v2\/comments?post=10023"}],"version-history":[{"count":0,"href":"https:\/\/www.griffinmachinery.com\/tr\/wp-json\/wp\/v2\/pages\/10023\/revisions"}],"wp:attachment":[{"href":"https:\/\/www.griffinmachinery.com\/tr\/wp-json\/wp\/v2\/media?parent=10023"}],"curies":[{"name":"wp","href":"https:\/\/api.w.org\/{rel}","templated":true}]}}