{"id":9220,"date":"2022-10-16T07:36:43","date_gmt":"2022-10-16T07:36:43","guid":{"rendered":"https:\/\/www.griffinmachinery.com\/forno-de-circulacao-de-ar-quente\/"},"modified":"2023-04-02T07:04:05","modified_gmt":"2023-04-02T07:04:05","slug":"forno-de-circulacao-de-ar-quente","status":"publish","type":"product","link":"https:\/\/www.griffinmachinery.com\/pt-br\/forno-de-circulacao-de-ar-quente\/","title":{"rendered":"Forno de Circula\u00e7\u00e3o de Ar Quente"},"content":{"rendered":"<h2 style=\"text-align: center;\">Estrutura interna do forno de circula\u00e7\u00e3o de ar quente<\/h2>\n<p><img loading=\"lazy\" decoding=\"async\" class=\"alignnone size-full wp-image-11303\" src=\"https:\/\/www.griffinmachinery.com\/wp-content\/uploads\/2022\/10\/Estrutura-interna-do-forno-de-circulacao-de-ar-quente.jpg\" alt=\"Estrutura interna do forno de circula\u00e7\u00e3o de ar quente\" width=\"1347\" height=\"780\" srcset=\"https:\/\/www.griffinmachinery.com\/wp-content\/uploads\/2022\/10\/Estrutura-interna-do-forno-de-circulacao-de-ar-quente.jpg 1347w, https:\/\/www.griffinmachinery.com\/wp-content\/uploads\/2022\/10\/Estrutura-interna-do-forno-de-circulacao-de-ar-quente-300x174.jpg 300w, https:\/\/www.griffinmachinery.com\/wp-content\/uploads\/2022\/10\/Estrutura-interna-do-forno-de-circulacao-de-ar-quente-1024x593.jpg 1024w, https:\/\/www.griffinmachinery.com\/wp-content\/uploads\/2022\/10\/Estrutura-interna-do-forno-de-circulacao-de-ar-quente-768x445.jpg 768w, https:\/\/www.griffinmachinery.com\/wp-content\/uploads\/2022\/10\/Estrutura-interna-do-forno-de-circulacao-de-ar-quente-600x347.jpg 600w\" sizes=\"auto, (max-width: 1347px) 100vw, 1347px\" \/><\/p>\n<hr \/>\n<p>Nosso corpo do forno adota duas entradas de ar laterais e volta pelo meio. A rota de circula\u00e7\u00e3o de ar quente \u00e9 mais curta para garantir uma temperatura uniforme no corpo da caixa.<\/p>\n<p>\u00c9 f\u00e1cil de limpar e distribuir o ar uniformemente. Recolha a pista de ar quente de 2000 fornos de circula\u00e7\u00e3o de ar quente e escolha a melhor rela\u00e7\u00e3o de puncionamento para garantir a uniformidade da distribui\u00e7\u00e3o do ar entre a entrada e a sa\u00edda.<\/p>\n<h2 style=\"text-align: center;\">Par\u00e2metro t\u00e9cnico<\/h2>\n<table>\n<tbody>\n<tr>\n<td bgcolor=\"#d9edf7\">Modelo<\/td>\n<td bgcolor=\"#d9edf7\">\u00c1rea de evapora\u00e7\u00e3o (\u33a1)<\/td>\n<td bgcolor=\"#d9edf7\">Volume Eficiente(\u33a1)<\/td>\n<td bgcolor=\"#d9edf7\">Capacidade de secagem (kg\/lote)<\/td>\n<td bgcolor=\"#d9edf7\">\u00c1rea do Radiador (\u33a1)<\/td>\n<td bgcolor=\"#d9edf7\">Pot\u00eancia de aquecimento el\u00e9trico (kw)<\/td>\n<td bgcolor=\"#d9edf7\">Volume do Ventilador (\u33a1\/h)<\/td>\n<td bgcolor=\"#d9edf7\">Pot\u00eancia do Ventilador (kw)<\/td>\n<\/tr>\n<tr>\n<td>CT-C-O<\/td>\n<td>7.1<\/td>\n<td>1.3<\/td>\n<td>60<\/td>\n<td>15<\/td>\n<td>6-9<\/td>\n<td>4510<\/td>\n<td>0.45<\/td>\n<\/tr>\n<tr>\n<td>CT-C-\u2160<\/td>\n<td>14.1<\/td>\n<td>2.6<\/td>\n<td>120<\/td>\n<td>23<\/td>\n<td>15<\/td>\n<td>4510<\/td>\n<td>0.45<\/td>\n<\/tr>\n<tr>\n<td>CT-C-\u2161<\/td>\n<td>28.3<\/td>\n<td>4.9<\/td>\n<td>240<\/td>\n<td>48<\/td>\n<td>30<\/td>\n<td>9020<\/td>\n<td>0.45\u00d72<\/td>\n<\/tr>\n<tr>\n<td>CT-C-\u2162<\/td>\n<td>42.4<\/td>\n<td>7.4<\/td>\n<td>360<\/td>\n<td>60<\/td>\n<td>45<\/td>\n<td>13530<\/td>\n<td>0.45\u00d73<\/td>\n<\/tr>\n<tr>\n<td>CT-C-\u2163<\/td>\n<td>56.5<\/td>\n<td>10.3<\/td>\n<td>480<\/td>\n<td>96<\/td>\n<td>60<\/td>\n<td>18040<\/td>\n<td>0.45\u00d74<\/td>\n<\/tr>\n<tr>\n<td>CT-\u2160<\/td>\n<td>14.1<\/td>\n<td>2.6<\/td>\n<td>120<\/td>\n<td>23<\/td>\n<td>15<\/td>\n<td>1414<\/td>\n<td>1.1<\/td>\n<\/tr>\n<tr>\n<td>CT-\u2161<\/td>\n<td>28.3<\/td>\n<td>4.9<\/td>\n<td>240<\/td>\n<td>48<\/td>\n<td>30<\/td>\n<td>5230<\/td>\n<td>1.1<\/td>\n<\/tr>\n<tr>\n<td>CT-\u2162<\/td>\n<td>42.4<\/td>\n<td>7.4<\/td>\n<td>360<\/td>\n<td>72<\/td>\n<td>45<\/td>\n<td>9800<\/td>\n<td>2.2<\/td>\n<\/tr>\n<\/tbody>\n<\/table>\n","protected":false},"excerpt":{"rendered":"<ul>\n<li>A fonte de aquecimento inclui vapor, eletricidade, infravermelho distante e vapor el\u00e9trico.<\/li>\n<li>A temperatura de uso para aquecimento a vapor \u00e9 de 50-140\u2103, com limite superior de 150\u2103.<\/li>\n<li>Eletricidade, temperatura infravermelha distante 50-500\u2103.<\/li>\n<li>Equipado com sistema de controle autom\u00e1tico e sistema de controle por computador.<\/li>\n<li>A press\u00e3o de vapor comumente usada \u00e9 0,2-0,8Mpa (2-8kg\/cm2).<\/li>\n<li>Requisitos especiais de personaliza\u00e7\u00e3o s\u00e3o explicados ao fazer o pedido. A temperatura de uso \u00e9 superior a 140 \u2103 ou inferior a 60 \u2103, para especificar ao fazer o pedido.<\/li>\n<li>O tamanho das nossas assadeiras \u00e9 uniforme, e diferentes modelos de forno podem ser usados \u200b\u200bem comum.<\/li>\n<\/ul>\n","protected":false},"featured_media":9156,"template":"","meta":{"site-sidebar-layout":"default","site-content-layout":"default","ast-site-content-layout":"default","site-content-style":"default","site-sidebar-style":"default","ast-global-header-display":"","ast-banner-title-visibility":"","ast-main-header-display":"","ast-hfb-above-header-display":"","ast-hfb-below-header-display":"","ast-hfb-mobile-header-display":"","site-post-title":"","ast-breadcrumbs-content":"","ast-featured-img":"","footer-sml-layout":"","ast-disable-related-posts":"","theme-transparent-header-meta":"default","adv-header-id-meta":"","stick-header-meta":"default","header-above-stick-meta":"","header-main-stick-meta":"","header-below-stick-meta":"","astra-migrate-meta-layouts":"default","ast-page-background-enabled":"default","ast-page-background-meta":{"desktop":{"background-color":"","background-image":"","background-repeat":"repeat","background-position":"center center","background-size":"auto","background-attachment":"scroll","background-type":"","background-media":"","overlay-type":"","overlay-color":"","overlay-opacity":"","overlay-gradient":""},"tablet":{"background-color":"","background-image":"","background-repeat":"repeat","background-position":"center center","background-size":"auto","background-attachment":"scroll","background-type":"","background-media":"","overlay-type":"","overlay-color":"","overlay-opacity":"","overlay-gradient":""},"mobile":{"background-color":"","background-image":"","background-repeat":"repeat","background-position":"center center","background-size":"auto","background-attachment":"scroll","background-type":"","background-media":"","overlay-type":"","overlay-color":"","overlay-opacity":"","overlay-gradient":""}},"ast-content-background-meta":{"desktop":{"background-color":"var(--ast-global-color-5)","background-image":"","background-repeat":"repeat","background-position":"center center","background-size":"auto","background-attachment":"scroll","background-type":"","background-media":"","overlay-type":"","overlay-color":"","overlay-opacity":"","overlay-gradient":""},"tablet":{"background-color":"var(--ast-global-color-5)","background-image":"","background-repeat":"repeat","background-position":"center center","background-size":"auto","background-attachment":"scroll","background-type":"","background-media":"","overlay-type":"","overlay-color":"","overlay-opacity":"","overlay-gradient":""},"mobile":{"background-color":"var(--ast-global-color-5)","background-image":"","background-repeat":"repeat","background-position":"center center","background-size":"auto","background-attachment":"scroll","background-type":"","background-media":"","overlay-type":"","overlay-color":"","overlay-opacity":"","overlay-gradient":""}}},"product_brand":[],"product_cat":[161],"product_tag":[],"class_list":{"0":"post-9220","1":"product","2":"type-product","3":"status-publish","4":"has-post-thumbnail","6":"product_cat-sem-categoria","7":"desktop-align-center","8":"tablet-align-center","9":"mobile-align-center","10":"ast-product-gallery-layout-horizontal","11":"ast-product-tabs-layout-horizontal","12":"ast-qv-on-image","14":"first","15":"instock","16":"shipping-taxable","17":"product-type-simple"},"_links":{"self":[{"href":"https:\/\/www.griffinmachinery.com\/pt-br\/wp-json\/wp\/v2\/product\/9220","targetHints":{"allow":["GET"]}}],"collection":[{"href":"https:\/\/www.griffinmachinery.com\/pt-br\/wp-json\/wp\/v2\/product"}],"about":[{"href":"https:\/\/www.griffinmachinery.com\/pt-br\/wp-json\/wp\/v2\/types\/product"}],"wp:featuredmedia":[{"embeddable":true,"href":"https:\/\/www.griffinmachinery.com\/pt-br\/wp-json\/wp\/v2\/media\/9156"}],"wp:attachment":[{"href":"https:\/\/www.griffinmachinery.com\/pt-br\/wp-json\/wp\/v2\/media?parent=9220"}],"wp:term":[{"taxonomy":"product_brand","embeddable":true,"href":"https:\/\/www.griffinmachinery.com\/pt-br\/wp-json\/wp\/v2\/product_brand?post=9220"},{"taxonomy":"product_cat","embeddable":true,"href":"https:\/\/www.griffinmachinery.com\/pt-br\/wp-json\/wp\/v2\/product_cat?post=9220"},{"taxonomy":"product_tag","embeddable":true,"href":"https:\/\/www.griffinmachinery.com\/pt-br\/wp-json\/wp\/v2\/product_tag?post=9220"}],"curies":[{"name":"wp","href":"https:\/\/api.w.org\/{rel}","templated":true}]}}