{"id":4841,"date":"2022-04-04T15:30:06","date_gmt":"2022-04-04T15:30:06","guid":{"rendered":"https:\/\/www.griffinmachinery.com\/secador-de-leito-fluidizado-vertical\/"},"modified":"2023-03-11T03:09:42","modified_gmt":"2023-03-11T03:09:42","slug":"secador-de-leito-de-ebulicao-vertical","status":"publish","type":"product","link":"https:\/\/www.griffinmachinery.com\/pt-br\/secador-de-leito-de-ebulicao-vertical\/","title":{"rendered":"Secador de Leito Fluidizado a Fervura por Lote"},"content":{"rendered":"<h3>Par\u00e2metros t\u00e9cnicos<\/h3>\n<table width=\"100%\" cellspacing=\"0\" cellpadding=\"0\">\n<tbody>\n<tr class=\"firstRow\">\n<td colspan=\"2\" bgcolor=\"#d9edf7\"><strong>Item<\/strong><\/td>\n<td>30<\/td>\n<td>60<\/td>\n<td>90<\/td>\n<td>120<\/td>\n<td>150<\/td>\n<td>200<\/td>\n<td>300<\/td>\n<td>500<\/td>\n<td>800-1000<\/td>\n<\/tr>\n<tr>\n<td colspan=\"2\" bgcolor=\"#d9edf7\"><strong>O volume do Recipiente (L)<\/strong><\/td>\n<td>100<\/td>\n<td>220<\/td>\n<td>300<\/td>\n<td>420<\/td>\n<td>500<\/td>\n<td>670<\/td>\n<td>1000<\/td>\n<td>1500<\/td>\n<td rowspan=\"12\">Por cliente<\/td>\n<\/tr>\n<tr>\n<td colspan=\"2\" bgcolor=\"#d9edf7\"><strong>Capacidade produtiva (Kg\/lote)<\/strong><\/td>\n<td>30<\/td>\n<td>60<\/td>\n<td>90<\/td>\n<td>120<\/td>\n<td>150<\/td>\n<td>200<\/td>\n<td>300<\/td>\n<td>500<\/td>\n<\/tr>\n<tr>\n<td rowspan=\"2\" bgcolor=\"#d9edf7\"><strong>Vapor<\/strong><\/td>\n<td bgcolor=\"#d9edf7\">Press\u00e3o Mpa<\/td>\n<td colspan=\"8\">0.4-0.6<\/td>\n<\/tr>\n<tr>\n<td bgcolor=\"#d9edf7\">Consumo Kg\/h<\/td>\n<td>70<\/td>\n<td>140<\/td>\n<td>169<\/td>\n<td>211<\/td>\n<td>241<\/td>\n<td>282<\/td>\n<td>366<\/td>\n<td>465<\/td>\n<\/tr>\n<tr>\n<td rowspan=\"2\" bgcolor=\"#d9edf7\"><strong>Ar comprimido<\/strong><\/td>\n<td bgcolor=\"#d9edf7\">Press\u00e3o Mpa<\/td>\n<td colspan=\"8\">0.6<\/td>\n<\/tr>\n<tr>\n<td bgcolor=\"#d9edf7\">Consumo m3\/min<\/td>\n<td>0.3<\/td>\n<td>0.6<\/td>\n<td>0.6<\/td>\n<td>0.6<\/td>\n<td>0.6<\/td>\n<td>0.9<\/td>\n<td>0.9<\/td>\n<td>1.1<\/td>\n<\/tr>\n<tr>\n<td colspan=\"2\" bgcolor=\"#d9edf7\"><strong>Pot\u00eancia do ventilador (kW)<\/strong><\/td>\n<td>5.5<\/td>\n<td>11<\/td>\n<td>15<\/td>\n<td>18.5<\/td>\n<td>22<\/td>\n<td>22<\/td>\n<td>30<\/td>\n<td>45<\/td>\n<\/tr>\n<tr>\n<td colspan=\"2\" bgcolor=\"#d9edf7\"><strong>Temperatura do ar de entrada (\u2103)<\/strong><\/td>\n<td colspan=\"8\">Temperatura normal \uff5e120\u2103ajuste autom\u00e1tico<\/td>\n<\/tr>\n<tr>\n<td colspan=\"2\" bgcolor=\"#d9edf7\"><strong>O rendimento do material (%)<\/strong><\/td>\n<td colspan=\"8\">&gt;99<\/td>\n<\/tr>\n<tr>\n<td colspan=\"2\" bgcolor=\"#d9edf7\"><strong>Teor de umidade final (%)<\/strong><\/td>\n<td colspan=\"8\">para 0,2<\/td>\n<\/tr>\n<tr>\n<td colspan=\"2\" bgcolor=\"#d9edf7\"><strong>Ru\u00eddo (dB)<\/strong><\/td>\n<td colspan=\"8\">&lt; 75 dB<\/td>\n<\/tr>\n<\/tbody>\n<\/table>\n<hr \/>\n<h3>1. Sistema de Tratamento de Ar de Entrada<\/h3>\n<p><strong>1.1 Filtros de Efici\u00eancia Prim\u00e1ria e Intermedi\u00e1ria<\/strong><\/p>\n<figure id=\"attachment_8874\" aria-describedby=\"caption-attachment-8874\" style=\"width: 296px\" class=\"wp-caption alignnone\"><img loading=\"lazy\" decoding=\"async\" class=\"wp-image-8866 size-medium\" src=\"https:\/\/www.griffinmachinery.com\/wp-content\/uploads\/2022\/04\/Primary-Efficiency-Filters-296x300.jpg\" alt=\"Primary Efficiency Filters\" width=\"296\" height=\"300\" srcset=\"https:\/\/www.griffinmachinery.com\/wp-content\/uploads\/2022\/04\/Primary-Efficiency-Filters-296x300.jpg 296w, https:\/\/www.griffinmachinery.com\/wp-content\/uploads\/2022\/04\/Primary-Efficiency-Filters-100x100.jpg 100w, https:\/\/www.griffinmachinery.com\/wp-content\/uploads\/2022\/04\/Primary-Efficiency-Filters.jpg 343w\" sizes=\"auto, (max-width: 296px) 100vw, 296px\" \/><figcaption id=\"caption-attachment-8874\" class=\"wp-caption-text\"><center>Filtros de Efici\u00eancia Prim\u00e1ria<\/center><\/figcaption><\/figure>\n<p>Filtro prim\u00e1rio de entrada (tela de a\u00e7o inoxid\u00e1vel de 0,15mm), filtro de bolsa de efeito m\u00e9dio (F7).<\/p>\n<p><strong>1.2 Aquecedor<\/strong><\/p>\n<ul>\n<li>Aquecedor tipo chapa espiralada.<\/li>\n<li>A entrada de vapor do aquecedor tem uma v\u00e1lvula de vapor, que pode ajustar a rela\u00e7\u00e3o pneum\u00e1tica.<\/li>\n<\/ul>\n<p><strong>1.3 Filtro de alta efici\u00eancia<\/strong><\/p>\n<figure id=\"attachment_8889\" aria-describedby=\"caption-attachment-8889\" style=\"width: 250px\" class=\"wp-caption alignnone\"><img loading=\"lazy\" decoding=\"async\" class=\"wp-image-8881 size-full\" src=\"https:\/\/www.griffinmachinery.com\/wp-content\/uploads\/2022\/04\/High-efficiency-Filter.jpg\" alt=\"High-efficiency Filter\" width=\"250\" height=\"250\" srcset=\"https:\/\/www.griffinmachinery.com\/wp-content\/uploads\/2022\/04\/High-efficiency-Filter.jpg 250w, https:\/\/www.griffinmachinery.com\/wp-content\/uploads\/2022\/04\/High-efficiency-Filter-150x150.jpg 150w, https:\/\/www.griffinmachinery.com\/wp-content\/uploads\/2022\/04\/High-efficiency-Filter-100x100.jpg 100w\" sizes=\"auto, (max-width: 250px) 100vw, 250px\" \/><figcaption id=\"caption-attachment-8889\" class=\"wp-caption-text\"><center>Filtro de alta efici\u00eancia<\/center><\/figcaption><\/figure>\n<ul>\n<li>Filtro terminal resistente a altas temperaturas de alta efici\u00eancia (H13) com estrutura externa de a\u00e7o inoxid\u00e1vel para evitar deforma\u00e7\u00f5es t\u00e9rmicas.<\/li>\n<li>Estrutura de montagem r\u00e1pida.<\/li>\n<li>Detec\u00e7\u00e3o diferencial de press\u00e3o do filtro de alta efici\u00eancia, incluindo interface r\u00e1pida para aumentar os pontos de detec\u00e7\u00e3o.<\/li>\n<\/ul>\n<p><strong>1.4 Duto de entrada de ar e v\u00e1lvula de entrada de ar<\/strong><\/p>\n<ul>\n<li>Interface de velocidade do sensor de temperatura para o duto de fornecimento de ar pr\u00f3ximo ao fundo do barril.<\/li>\n<li>Ajuste autom\u00e1tico da abertura da v\u00e1lvula de entrada de ar pneum\u00e1tico para regular o volume de entrada de ar, ligado \u00e0 alimenta\u00e7\u00e3o a v\u00e1cuo, regulando assim a velocidade de alimenta\u00e7\u00e3o.<\/li>\n<li>\u00c9 totalmente aberta durante a opera\u00e7\u00e3o do processo e totalmente fechada durante o desligamento para evitar o enchimento do fluxo de ar e facilitar a limpeza on-line.<\/li>\n<li>Adota um conversor de freq\u00fc\u00eancia para ajustar a velocidade do ventilador para regular o volume de entrada de ar, controlar com precis\u00e3o o estado de fluidiza\u00e7\u00e3o e reduzir o consumo de energia.<\/li>\n<\/ul>\n<h3>2. Sistema hospedeiro<\/h3>\n<p><strong>2.1 Base de equipamento<\/strong><\/p>\n<ul>\n<li>Cilindro inferior do cabe\u00e7ote suspenso, acoplado a um suporte lateral. Ponto mais baixo com abertura r\u00e1pida.<\/li>\n<li>dreno e v\u00e1lvula para facilitar a limpeza do equipamento e do piso.<\/li>\n<li>A base \u00e9 equipada com uma conex\u00e3o de abertura r\u00e1pida para o cabe\u00e7ote de limpeza.<\/li>\n<li>Anel superior m\u00f3vel vertical acima da base.<\/li>\n<li>Dois cilindros de eleva\u00e7\u00e3o, levantando verticalmente o anel superior para fazer o cilindro selado.<\/li>\n<li>Saco de ar de silicone \u00e9 usado para selar entre a base e o anel superior, e a press\u00e3o de uso \u00e9 de 0,3MPa.<\/li>\n<\/ul>\n<p><strong>2.2 Recipiente de material<\/strong><\/p>\n<figure id=\"attachment_8949\" aria-describedby=\"caption-attachment-8949\" style=\"width: 300px\" class=\"wp-caption alignnone\"><img loading=\"lazy\" decoding=\"async\" class=\"wp-image-8941 size-medium\" src=\"https:\/\/www.griffinmachinery.com\/wp-content\/uploads\/2022\/04\/Material-container-view-window-300x270.jpg\" alt=\"Material container view window\" width=\"300\" height=\"270\" srcset=\"https:\/\/www.griffinmachinery.com\/wp-content\/uploads\/2022\/04\/Material-container-view-window-300x270.jpg 300w, https:\/\/www.griffinmachinery.com\/wp-content\/uploads\/2022\/04\/Material-container-view-window-768x691.jpg 768w, https:\/\/www.griffinmachinery.com\/wp-content\/uploads\/2022\/04\/Material-container-view-window-600x540.jpg 600w, https:\/\/www.griffinmachinery.com\/wp-content\/uploads\/2022\/04\/Material-container-view-window.jpg 853w\" sizes=\"auto, (max-width: 300px) 100vw, 300px\" \/><figcaption id=\"caption-attachment-8949\" class=\"wp-caption-text\"><center>Janela de Vista do Container de Material<\/center><\/figcaption><\/figure>\n<ul>\n<li>Carrinho para movimenta\u00e7\u00e3o de containers, rodas universais ajust\u00e1veis em altura com freios e duas rodas guias horizontais garantem uma inser\u00e7\u00e3o equilibrada do carrinho.<\/li>\n<li>O dispositivo mec\u00e2nico manual sobre o carrinho para girar o cont\u00eainer.<br \/>\nDispositivo de posicionamento da embarca\u00e7\u00e3o para garantir a concentricidade da embarca\u00e7\u00e3o e do corpo principal.<\/li>\n<li>Uma janela na frente e atr\u00e1s do recipiente para f\u00e1cil observa\u00e7\u00e3o da condi\u00e7\u00e3o de fluidiza\u00e7\u00e3o, com a junta de veda\u00e7\u00e3o.<\/li>\n<li>A embarca\u00e7\u00e3o \u00e9 equipada com um amostrador de produto herm\u00e9tico.<\/li>\n<li>O vaso \u00e9 equipado com uma interface r\u00e1pida para os sensores de temperatura.<\/li>\n<li>A malha sinterizada no fundo do recipiente evita a &#8220;distribui\u00e7\u00e3o secund\u00e1ria&#8221; do fluxo de ar, \u00e9 mais forte que as telas comuns, tem uma longa vida \u00fatil, evita vazamentos de p\u00f3 e \u00e9 f\u00e1cil de substituir.<\/li>\n<li>O recipiente pode ser rapidamente desconectado do carrinho e tombado para descarga em conjunto com o elevador.<\/li>\n<\/ul>\n<p><strong>2.3 C\u00e2mara de difus\u00e3o<\/strong><\/p>\n<ul>\n<li>Suspenso do suporte lateral, ele pode ser balan\u00e7ado horizontalmente. V\u00e1rios furos de pistola alinhados verticalmente s\u00e3o reservados para montagem do mandril, nivelados com a parede interna do cano ap\u00f3s a instala\u00e7\u00e3o.<\/li>\n<li>Visores frontais e traseiros com gaxeta. L\u00e2mpada de vis\u00e3o de luz fria altamente iluminada.<\/li>\n<li>Configurar a entrada com \u00e2ngulo inclinado e v\u00e1lvula borboleta manual de libera\u00e7\u00e3o r\u00e1pida (ou v\u00e1lvula borboleta de controle pneum\u00e1tico autom\u00e1tico, ligada \u00e0 abertura autom\u00e1tica da v\u00e1lvula de entrada), utilizando a pr\u00f3pria press\u00e3o negativa do equipamento para alimentar o material para evitar o ac\u00famulo de material.<\/li>\n<li>Uma rolha de posicionamento \u00e9 colocada na parte traseira da c\u00e2mara de difus\u00e3o para julgar se o barril est\u00e1 no lugar ap\u00f3s ser aparafusado horizontalmente.<\/li>\n<li>H\u00e1 um assento de montagem do bocal para limpeza on-line que pode ser instalado rapidamente.<\/li>\n<\/ul>\n<p><strong>2.4 C\u00e2mara de Filtra\u00e7\u00e3o<\/strong><\/p>\n<ul>\n<li>Sistema de guincho manual: o mecanismo de mudan\u00e7a de marcha torna o levantamento e a descida do filtro mais leves; o freio autom\u00e1tico antiderrapante melhora a seguran\u00e7a do levantamento e descida do filtro; a fun\u00e7\u00e3o de rota\u00e7\u00e3o adaptativa evita que o cabo de a\u00e7o fique sobre-tensionado e se quebre.<\/li>\n<li>A polia de grande di\u00e2metro feita de material n\u00e3o met\u00e1lico melhora a condi\u00e7\u00e3o de tens\u00e3o entre o cabo de a\u00e7o e a polia e aumenta a vida \u00fatil do cabo de a\u00e7o.<\/li>\n<li>A flange inferior da c\u00e2mara do filtro \u00e9 ajustada com fita de silicone de veda\u00e7\u00e3o para evitar que o material caia no tanque de instala\u00e7\u00e3o, o que n\u00e3o \u00e9 f\u00e1cil de limpar.<\/li>\n<li>Uma grande janela de vidro temperado com junta \u00e9 colocada na frente do recipiente. Utilizado para observar as condi\u00e7\u00f5es de trabalho da bolsa do filtro do produto.<\/li>\n<li>Dispositivo autom\u00e1tico de limpeza pneum\u00e1tica oscilante do p\u00f3 para limpar o p\u00f3 do produto no filtro e faz\u00ea-lo cair de volta para o leito fluidizado.<br \/>\nSistema de limpeza a p\u00f3 oscilante de c\u00e2mara dupla, filtros duplos limpam alternadamente o p\u00f3 e trabalham continuamente para assegurar o estado de fluidiza\u00e7\u00e3o e realizar um bom efeito de secagem cont\u00ednuo.<\/li>\n<li>Mecanismo anti-rota\u00e7\u00e3o do suporte da bolsa do filtro, evitando que o suporte da bolsa gire para fazer com que a bolsa de reten\u00e7\u00e3o seja torcida e encurtada, e o cilindro se estique para rasgar a bolsa de reten\u00e7\u00e3o, mantendo a bolsa do filtro plana e reta, o que \u00e9 prop\u00edcio \u00e0 limpeza do p\u00f3 e prolongando a vida \u00fatil.<\/li>\n<li>A porta de seguran\u00e7a de al\u00edvio de press\u00e3o vertical \u00e9 colocada na sala do filtro, que se abrir\u00e1 automaticamente quando a press\u00e3o positiva aparecer dentro do equipamento (o al\u00edvio de press\u00e3o pode ser direcionado atrav\u00e9s da tubula\u00e7\u00e3o).<\/li>\n<li>Estrutura especial de suspens\u00e3o do filtro, conectada com o dispositivo oscilante, com fun\u00e7\u00e3o de guiamento e travamento autom\u00e1tico. Esta fun\u00e7\u00e3o faz o filtro seguir a vibra\u00e7\u00e3o do cilindro com boa resposta transit\u00f3ria e melhora o efeito de limpeza do p\u00f3. Al\u00e9m disso, o cabo de a\u00e7o n\u00e3o est\u00e1 sob tens\u00e3o durante a limpeza a p\u00f3, e o cabo de a\u00e7o n\u00e3o \u00e9 f\u00e1cil de quebrar.<\/li>\n<li>A forma de veda\u00e7\u00e3o e fixa\u00e7\u00e3o da bolsa do filtro muda a bolsa do filtro original que sai da flange da c\u00e2mara do filtro e se fixa no exterior, de modo a estar mais de acordo com os requisitos de GMP do equipamento. \u00c9 conveniente para os trabalhadores operarem.<\/li>\n<li>Detec\u00e7\u00e3o da press\u00e3o diferencial da bolsa filtrante, monitoramento em tempo real da press\u00e3o diferencial da bolsa filtrante para refletir o efeito de ventila\u00e7\u00e3o do sistema, bem como se a bolsa est\u00e1 intacta. A press\u00e3o diferencial \u00e9 exibida na tela e tem uma fun\u00e7\u00e3o de alarme de alta press\u00e3o.<\/li>\n<\/ul>\n<p><strong>2.5 Coluna de suporte<\/strong><\/p>\n<ul>\n<li>Orelhas de apoio com piv\u00f4 de barril para montagem do barril do equipamento.<\/li>\n<li>Coloca\u00e7\u00e3o do sensor de temperatura e do assento de posicionamento para regular o funcionamento dos trabalhadores.<\/li>\n<li>Tubo de cabo de ar embutido e cabo de a\u00e7o de travamento do elevador do filtro, conex\u00e3o r\u00e1pida do tubo de cabo de ar externo, com guincho de manivela manual.<\/li>\n<\/ul>\n<h3>3. Sistema de Atomiza\u00e7\u00e3o<\/h3>\n<figure id=\"attachment_8934\" aria-describedby=\"caption-attachment-8934\" style=\"width: 300px\" class=\"wp-caption alignnone\"><img loading=\"lazy\" decoding=\"async\" class=\"wp-image-8926 size-medium\" src=\"https:\/\/www.griffinmachinery.com\/wp-content\/uploads\/2022\/04\/single-pressure-type-nozzle-300x252.jpg\" alt=\"single pressure type nozzle\" width=\"300\" height=\"252\" srcset=\"https:\/\/www.griffinmachinery.com\/wp-content\/uploads\/2022\/04\/single-pressure-type-nozzle-300x252.jpg 300w, https:\/\/www.griffinmachinery.com\/wp-content\/uploads\/2022\/04\/single-pressure-type-nozzle-768x646.jpg 768w, https:\/\/www.griffinmachinery.com\/wp-content\/uploads\/2022\/04\/single-pressure-type-nozzle-600x505.jpg 600w, https:\/\/www.griffinmachinery.com\/wp-content\/uploads\/2022\/04\/single-pressure-type-nozzle.jpg 909w\" sizes=\"auto, (max-width: 300px) 100vw, 300px\" \/><figcaption id=\"caption-attachment-8934\" class=\"wp-caption-text\"><center>Bocal de press\u00e3o \u00fanico<\/center><\/figcaption><\/figure>\n<ul>\n<li>Bico de cabe\u00e7a \u00fanica tipo press\u00e3o, projeto de duas atomiza\u00e7\u00f5es, melhora a rela\u00e7\u00e3o de mistura &#8220;g\u00e1s-l\u00edquido&#8221;, usinagem CNC de alta precis\u00e3o, atomiza\u00e7\u00e3o de boa qualidade.<\/li>\n<li>Todos os meios do corpo coaxial de sua respectiva tubula\u00e7\u00e3o para o bico, o corpo da pistola com pinos de posicionamento e porcas de trava.<\/li>\n<li>Bomba perist\u00e1ltica de alta qualidade, acionamento especial de controle de velocidade sem passos.<\/li>\n<li>Ajuste manual da press\u00e3o de ar de atomiza\u00e7\u00e3o por meio de uma v\u00e1lvula redutora de press\u00e3o.<\/li>\n<\/ul>\n<h3>4. Sistema de exaust\u00e3o<\/h3>\n<figure id=\"attachment_8919\" aria-describedby=\"caption-attachment-8919\" style=\"width: 300px\" class=\"wp-caption alignnone\"><img loading=\"lazy\" decoding=\"async\" class=\"wp-image-8911 size-medium\" src=\"https:\/\/www.griffinmachinery.com\/wp-content\/uploads\/2022\/04\/Exhaust-System-300x234.jpg\" alt=\"Exhaust System\" width=\"300\" height=\"234\" srcset=\"https:\/\/www.griffinmachinery.com\/wp-content\/uploads\/2022\/04\/Exhaust-System-300x234.jpg 300w, https:\/\/www.griffinmachinery.com\/wp-content\/uploads\/2022\/04\/Exhaust-System.jpg 359w\" sizes=\"auto, (max-width: 300px) 100vw, 300px\" \/><figcaption id=\"caption-attachment-8919\" class=\"wp-caption-text\"><center>Sistema de exaust\u00e3o<\/center><\/figcaption><\/figure>\n<ul>\n<li>O ventilador \u00e9 um ventilador centr\u00edfugo de alta press\u00e3o com amortecedor de vibra\u00e7\u00e3o, tipo a prova de explos\u00e3o, instalado em uma sala n\u00e3o purificada.<\/li>\n<li>A entrada do ventilador \u00e9 conectada ao duto de exaust\u00e3o atrav\u00e9s de uma junta flex\u00edvel para isolar a vibra\u00e7\u00e3o do ventilador.<\/li>\n<li>Ajuste de freq\u00fc\u00eancia vari\u00e1vel da velocidade do ventilador.<\/li>\n<li>Duto de exaust\u00e3o, duto de exaust\u00e3o em a\u00e7o carbono do ventilador at\u00e9 a porta de exaust\u00e3o da sala de filtros, instalado na sala de n\u00e3o-purifica\u00e7\u00e3o.<\/li>\n<li>O silenciador \u00e9 feito de a\u00e7o carbono para reduzir o ru\u00eddo do ventilador. O g\u00e1s de exaust\u00e3o \u00e9 introduzido na atmosfera pelo sistema de tubula\u00e7\u00e3o fornecido pelo usu\u00e1rio ap\u00f3s passar pelo silenciador.<\/li>\n<\/ul>\n<h3>5. Sistema de controle<\/h3>\n<figure id=\"attachment_8904\" aria-describedby=\"caption-attachment-8904\" style=\"width: 300px\" class=\"wp-caption alignnone\"><img loading=\"lazy\" decoding=\"async\" class=\"wp-image-8896 size-medium\" src=\"https:\/\/www.griffinmachinery.com\/wp-content\/uploads\/2022\/04\/Control-System-300x229.jpg\" alt=\"Control System\" width=\"300\" height=\"229\" srcset=\"https:\/\/www.griffinmachinery.com\/wp-content\/uploads\/2022\/04\/Control-System-300x229.jpg 300w, https:\/\/www.griffinmachinery.com\/wp-content\/uploads\/2022\/04\/Control-System.jpg 494w\" sizes=\"auto, (max-width: 300px) 100vw, 300px\" \/><figcaption id=\"caption-attachment-8904\" class=\"wp-caption-text\"><center>Sistema de controle<\/center><\/figcaption><\/figure>\n<ul>\n<li>Consiste de um terminal operacional e uma caixa el\u00e9trica de controle principal, opera\u00e7\u00e3o isolada.<\/li>\n<li>O terminal de opera\u00e7\u00e3o tem um medidor de tela, uma tela t\u00e1til (impressora, se usada) e luzes indicadoras.<\/li>\n<li>A caixa el\u00e9trica de controle principal cont\u00e9m o controlador de programa PLC, interruptores pneum\u00e1ticos, rel\u00e9s, contatores, inversores, todos os aparelhos de controle necess\u00e1rios e toda a fia\u00e7\u00e3o.<\/li>\n<li>Controle de programa PLC, modo de programa manual e autom\u00e1tico, e todas as prote\u00e7\u00f5es de intertravamento necess\u00e1rias.<\/li>\n<li>Conjunto com estado de teste e estado de funcionamento, prote\u00e7\u00e3o de intertravamento de dois estados. Armazenamento de par\u00e2metros de receita, ajuste de seguran\u00e7a em tr\u00eas est\u00e1gios.<\/li>\n<\/ul>\n<hr \/>\n<p>&nbsp;<\/p>\n","protected":false},"excerpt":{"rendered":"<p>Nosso sistema de secagem vertical de leito de fluido fervente \u00e9 composto de sistema de tratamento de ar de entrada (para purifica\u00e7\u00e3o, desumidifica\u00e7\u00e3o e aquecimento do ar), sistema host (base do equipamento, recipiente de material, c\u00e2mara de difus\u00e3o, c\u00e2mara de filtra\u00e7\u00e3o e coluna de apoio), sistema de atomiza\u00e7\u00e3o (bico tipo cabe\u00e7a \u00fanica, bico tipo press\u00e3o de um bico, projeto de atomiza\u00e7\u00e3o de dois est\u00e1gios), sistema de exaust\u00e3o (ventilador centr\u00edfugo de alta press\u00e3o \u00e0 prova de explos\u00e3o e absor\u00e7\u00e3o de choque) e sistema de controle.<\/p>\n","protected":false},"featured_media":3590,"template":"","meta":{"site-sidebar-layout":"default","site-content-layout":"default","ast-site-content-layout":"default","site-content-style":"default","site-sidebar-style":"default","ast-global-header-display":"","ast-banner-title-visibility":"","ast-main-header-display":"","ast-hfb-above-header-display":"","ast-hfb-below-header-display":"","ast-hfb-mobile-header-display":"","site-post-title":"","ast-breadcrumbs-content":"","ast-featured-img":"","footer-sml-layout":"","ast-disable-related-posts":"","theme-transparent-header-meta":"default","adv-header-id-meta":"","stick-header-meta":"default","header-above-stick-meta":"","header-main-stick-meta":"","header-below-stick-meta":"","astra-migrate-meta-layouts":"default","ast-page-background-enabled":"default","ast-page-background-meta":{"desktop":{"background-color":"","background-image":"","background-repeat":"repeat","background-position":"center center","background-size":"auto","background-attachment":"scroll","background-type":"","background-media":"","overlay-type":"","overlay-color":"","overlay-opacity":"","overlay-gradient":""},"tablet":{"background-color":"","background-image":"","background-repeat":"repeat","background-position":"center center","background-size":"auto","background-attachment":"scroll","background-type":"","background-media":"","overlay-type":"","overlay-color":"","overlay-opacity":"","overlay-gradient":""},"mobile":{"background-color":"","background-image":"","background-repeat":"repeat","background-position":"center center","background-size":"auto","background-attachment":"scroll","background-type":"","background-media":"","overlay-type":"","overlay-color":"","overlay-opacity":"","overlay-gradient":""}},"ast-content-background-meta":{"desktop":{"background-color":"var(--ast-global-color-5)","background-image":"","background-repeat":"repeat","background-position":"center center","background-size":"auto","background-attachment":"scroll","background-type":"","background-media":"","overlay-type":"","overlay-color":"","overlay-opacity":"","overlay-gradient":""},"tablet":{"background-color":"var(--ast-global-color-5)","background-image":"","background-repeat":"repeat","background-position":"center center","background-size":"auto","background-attachment":"scroll","background-type":"","background-media":"","overlay-type":"","overlay-color":"","overlay-opacity":"","overlay-gradient":""},"mobile":{"background-color":"var(--ast-global-color-5)","background-image":"","background-repeat":"repeat","background-position":"center center","background-size":"auto","background-attachment":"scroll","background-type":"","background-media":"","overlay-type":"","overlay-color":"","overlay-opacity":"","overlay-gradient":""}}},"product_brand":[],"product_cat":[163],"product_tag":[],"class_list":{"0":"post-4841","1":"product","2":"type-product","3":"status-publish","4":"has-post-thumbnail","6":"product_cat-secador-de-leito-fluido","7":"desktop-align-center","8":"tablet-align-center","9":"mobile-align-center","10":"ast-product-gallery-layout-horizontal","11":"ast-product-tabs-layout-horizontal","12":"ast-qv-on-image","14":"first","15":"instock","16":"shipping-taxable","17":"product-type-simple"},"_links":{"self":[{"href":"https:\/\/www.griffinmachinery.com\/pt-br\/wp-json\/wp\/v2\/product\/4841","targetHints":{"allow":["GET"]}}],"collection":[{"href":"https:\/\/www.griffinmachinery.com\/pt-br\/wp-json\/wp\/v2\/product"}],"about":[{"href":"https:\/\/www.griffinmachinery.com\/pt-br\/wp-json\/wp\/v2\/types\/product"}],"wp:featuredmedia":[{"embeddable":true,"href":"https:\/\/www.griffinmachinery.com\/pt-br\/wp-json\/wp\/v2\/media\/3590"}],"wp:attachment":[{"href":"https:\/\/www.griffinmachinery.com\/pt-br\/wp-json\/wp\/v2\/media?parent=4841"}],"wp:term":[{"taxonomy":"product_brand","embeddable":true,"href":"https:\/\/www.griffinmachinery.com\/pt-br\/wp-json\/wp\/v2\/product_brand?post=4841"},{"taxonomy":"product_cat","embeddable":true,"href":"https:\/\/www.griffinmachinery.com\/pt-br\/wp-json\/wp\/v2\/product_cat?post=4841"},{"taxonomy":"product_tag","embeddable":true,"href":"https:\/\/www.griffinmachinery.com\/pt-br\/wp-json\/wp\/v2\/product_tag?post=4841"}],"curies":[{"name":"wp","href":"https:\/\/api.w.org\/{rel}","templated":true}]}}