{"id":4836,"date":"2022-04-04T16:13:15","date_gmt":"2022-04-04T16:13:15","guid":{"rendered":"https:\/\/www.griffinmachinery.com\/forno-de-secagem-a-vacuo\/"},"modified":"2023-04-02T07:26:58","modified_gmt":"2023-04-02T07:26:58","slug":"forno-de-secagem-a-vacuo","status":"publish","type":"product","link":"https:\/\/www.griffinmachinery.com\/pt-br\/forno-de-secagem-a-vacuo\/","title":{"rendered":"Forno de Secagem a V\u00e1cuo"},"content":{"rendered":"<h3 style=\"text-align: center;\">Fluxograma de secagem em forno a v\u00e1cuo<\/h3>\n<p><img loading=\"lazy\" decoding=\"async\" class=\"alignnone size-full wp-image-10604\" src=\"https:\/\/www.griffinmachinery.com\/wp-content\/uploads\/2022\/04\/Fluxograma-de-secagem-em-forno-a-vacuo.jpg\" alt=\"Fluxograma de secagem em forno a v\u00e1cuo\" width=\"1500\" height=\"513\" srcset=\"https:\/\/www.griffinmachinery.com\/wp-content\/uploads\/2022\/04\/Fluxograma-de-secagem-em-forno-a-vacuo.jpg 1500w, https:\/\/www.griffinmachinery.com\/wp-content\/uploads\/2022\/04\/Fluxograma-de-secagem-em-forno-a-vacuo-300x103.jpg 300w, https:\/\/www.griffinmachinery.com\/wp-content\/uploads\/2022\/04\/Fluxograma-de-secagem-em-forno-a-vacuo-1024x350.jpg 1024w, https:\/\/www.griffinmachinery.com\/wp-content\/uploads\/2022\/04\/Fluxograma-de-secagem-em-forno-a-vacuo-768x263.jpg 768w, https:\/\/www.griffinmachinery.com\/wp-content\/uploads\/2022\/04\/Fluxograma-de-secagem-em-forno-a-vacuo-600x205.jpg 600w\" sizes=\"auto, (max-width: 1500px) 100vw, 1500px\" \/><\/p>\n<hr \/>\n<h3 style=\"text-align: center;\">Formul\u00e1rios<\/h3>\n<p>Os fornos de secagem a v\u00e1cuo s\u00e3o amplamente utilizados em bioqu\u00edmica, farm\u00e1cia qu\u00edmica, medicina e sa\u00fade, pesquisa cient\u00edfica agr\u00edcola, prote\u00e7\u00e3o ambiental e outras aplica\u00e7\u00f5es de pesquisa, para secagem de p\u00f3, cozimento e desinfec\u00e7\u00e3o e esteriliza\u00e7\u00e3o de v\u00e1rios recipientes de vidro. \u00c9 especialmente adequado para secagem r\u00e1pida e eficiente de subst\u00e2ncias sens\u00edveis ao calor, facilmente decompostas, facilmente oxidadas e itens de composi\u00e7\u00e3o complexa.<\/p>\n<hr \/>\n<h3 style=\"text-align: center;\">Par\u00e2metros t\u00e9cnicos<\/h3>\n<table>\n<tbody>\n<tr>\n<td rowspan=\"2\" bgcolor=\"#d9edf7\"><strong>ITEM<\/strong><\/td>\n<td style=\"text-align: center;\" colspan=\"3\"><strong>Especifica\u00e7\u00e3o<\/strong><\/td>\n<\/tr>\n<tr>\n<td>FZG-10<\/td>\n<td>FZG-15<\/td>\n<td>FZG-20<\/td>\n<\/tr>\n<tr>\n<td bgcolor=\"#d9edf7\"><strong>Tamanho interior da c\u00e2mara (mm)<\/strong><\/td>\n<td>1500\u00d71060\u00d71220<\/td>\n<td>1500\u00d71400\u00d71220<\/td>\n<td>1500\u00d71800\u00d71220<\/td>\n<\/tr>\n<tr>\n<td bgcolor=\"#d9edf7\"><strong>Tamanho exterior da c\u00e2mara (mm)<\/strong><\/td>\n<td>1924\u00d71720\u00d71513<\/td>\n<td>1513\u00d71924\u00d72060<\/td>\n<td>1924\u00d72500\u00d71513<\/td>\n<\/tr>\n<tr>\n<td bgcolor=\"#d9edf7\"><strong>Camadas de prateleira de cozimento<\/strong><\/td>\n<td>5<\/td>\n<td>8<\/td>\n<td>10<\/td>\n<\/tr>\n<tr>\n<td bgcolor=\"#d9edf7\"><strong>Intervalo da prateleira de cozedura (mm)<\/strong><\/td>\n<td>122<\/td>\n<td>122<\/td>\n<td>122<\/td>\n<\/tr>\n<tr>\n<td bgcolor=\"#d9edf7\"><strong>Tamanho da assadeira (mm)<\/strong><\/td>\n<td>460\u00d7640\u00d745<\/td>\n<td>460\u00d7640\u00d745<\/td>\n<td>460\u00d7640\u00d745<\/td>\n<\/tr>\n<tr>\n<td bgcolor=\"#d9edf7\"><strong>N\u00famero de uma assadeira (pcs)<\/strong><\/td>\n<td>20<\/td>\n<td>32<\/td>\n<td>48<\/td>\n<\/tr>\n<tr>\n<td bgcolor=\"#d9edf7\"><strong>Capacidade de secagem (kg)<\/strong><\/td>\n<td>50<\/td>\n<td>80<\/td>\n<td>120<\/td>\n<\/tr>\n<tr>\n<td bgcolor=\"#d9edf7\"><strong>Press\u00e3o permitida dentro do tubo da prateleira de cozimento (Mpa)<\/strong><\/td>\n<td style=\"text-align: center;\" colspan=\"3\">\u22640.784<\/td>\n<\/tr>\n<tr>\n<td bgcolor=\"#d9edf7\"><strong>A temperatura de opera\u00e7\u00e3o do suporte de cozimento<\/strong><\/td>\n<td style=\"text-align: center;\" colspan=\"3\">\u2264150\u2103<\/td>\n<\/tr>\n<tr>\n<td bgcolor=\"#d9edf7\"><strong>Peso (kg)<\/strong><\/td>\n<td>1400<\/td>\n<td>2100<\/td>\n<td>3200<\/td>\n<\/tr>\n<\/tbody>\n<\/table>\n","protected":false},"excerpt":{"rendered":"<ul>\n<li>Pode obter maior capacidade de secagem em temperaturas mais baixas e a energia t\u00e9rmica pode ser totalmente usada.<\/li>\n<li>\u00c9 adequado para materiais como materiais sens\u00edveis ao calor e facilmente oxid\u00e1veis.<\/li>\n<li>Pode secar mat\u00e9rias-primas que cont\u00eam solvente e que precisam ser recuperadas.<\/li>\n<li>Antes de secar, pode realizar o tratamento desinfetante. Durante o per\u00edodo de secagem, qualquer impureza n\u00e3o pode entrar.<\/li>\n<li>O secador pertence \u00e0 secagem est\u00e1tica, os materiais n\u00e3o ser\u00e3o danificados.<\/li>\n<li>A m\u00e1quina \u00e9 um tipo de opera\u00e7\u00e3o do tipo lote e pode ajustar os processos t\u00e9cnicos a qualquer momento.<\/li>\n<li>A parte superior interna \u00e9 projetada para arquear a estrutura, pode efetivamente evitar a queda de \u00e1gua condensada.<\/li>\n<\/ul>\n","protected":false},"featured_media":3760,"template":"","meta":{"site-sidebar-layout":"default","site-content-layout":"default","ast-site-content-layout":"default","site-content-style":"default","site-sidebar-style":"default","ast-global-header-display":"","ast-banner-title-visibility":"","ast-main-header-display":"","ast-hfb-above-header-display":"","ast-hfb-below-header-display":"","ast-hfb-mobile-header-display":"","site-post-title":"","ast-breadcrumbs-content":"","ast-featured-img":"","footer-sml-layout":"","ast-disable-related-posts":"","theme-transparent-header-meta":"default","adv-header-id-meta":"","stick-header-meta":"default","header-above-stick-meta":"","header-main-stick-meta":"","header-below-stick-meta":"","astra-migrate-meta-layouts":"default","ast-page-background-enabled":"default","ast-page-background-meta":{"desktop":{"background-color":"","background-image":"","background-repeat":"repeat","background-position":"center center","background-size":"auto","background-attachment":"scroll","background-type":"","background-media":"","overlay-type":"","overlay-color":"","overlay-opacity":"","overlay-gradient":""},"tablet":{"background-color":"","background-image":"","background-repeat":"repeat","background-position":"center center","background-size":"auto","background-attachment":"scroll","background-type":"","background-media":"","overlay-type":"","overlay-color":"","overlay-opacity":"","overlay-gradient":""},"mobile":{"background-color":"","background-image":"","background-repeat":"repeat","background-position":"center center","background-size":"auto","background-attachment":"scroll","background-type":"","background-media":"","overlay-type":"","overlay-color":"","overlay-opacity":"","overlay-gradient":""}},"ast-content-background-meta":{"desktop":{"background-color":"var(--ast-global-color-5)","background-image":"","background-repeat":"repeat","background-position":"center center","background-size":"auto","background-attachment":"scroll","background-type":"","background-media":"","overlay-type":"","overlay-color":"","overlay-opacity":"","overlay-gradient":""},"tablet":{"background-color":"var(--ast-global-color-5)","background-image":"","background-repeat":"repeat","background-position":"center center","background-size":"auto","background-attachment":"scroll","background-type":"","background-media":"","overlay-type":"","overlay-color":"","overlay-opacity":"","overlay-gradient":""},"mobile":{"background-color":"var(--ast-global-color-5)","background-image":"","background-repeat":"repeat","background-position":"center center","background-size":"auto","background-attachment":"scroll","background-type":"","background-media":"","overlay-type":"","overlay-color":"","overlay-opacity":"","overlay-gradient":""}}},"product_brand":[],"product_cat":[162],"product_tag":[],"class_list":{"0":"post-4836","1":"product","2":"type-product","3":"status-publish","4":"has-post-thumbnail","6":"product_cat-secador-a-vacuo","7":"desktop-align-center","8":"tablet-align-center","9":"mobile-align-center","10":"ast-product-gallery-layout-horizontal","11":"ast-product-tabs-layout-horizontal","12":"ast-qv-on-image","14":"first","15":"instock","16":"shipping-taxable","17":"product-type-simple"},"_links":{"self":[{"href":"https:\/\/www.griffinmachinery.com\/pt-br\/wp-json\/wp\/v2\/product\/4836","targetHints":{"allow":["GET"]}}],"collection":[{"href":"https:\/\/www.griffinmachinery.com\/pt-br\/wp-json\/wp\/v2\/product"}],"about":[{"href":"https:\/\/www.griffinmachinery.com\/pt-br\/wp-json\/wp\/v2\/types\/product"}],"wp:featuredmedia":[{"embeddable":true,"href":"https:\/\/www.griffinmachinery.com\/pt-br\/wp-json\/wp\/v2\/media\/3760"}],"wp:attachment":[{"href":"https:\/\/www.griffinmachinery.com\/pt-br\/wp-json\/wp\/v2\/media?parent=4836"}],"wp:term":[{"taxonomy":"product_brand","embeddable":true,"href":"https:\/\/www.griffinmachinery.com\/pt-br\/wp-json\/wp\/v2\/product_brand?post=4836"},{"taxonomy":"product_cat","embeddable":true,"href":"https:\/\/www.griffinmachinery.com\/pt-br\/wp-json\/wp\/v2\/product_cat?post=4836"},{"taxonomy":"product_tag","embeddable":true,"href":"https:\/\/www.griffinmachinery.com\/pt-br\/wp-json\/wp\/v2\/product_tag?post=4836"}],"curies":[{"name":"wp","href":"https:\/\/api.w.org\/{rel}","templated":true}]}}