{"id":6181,"date":"2022-06-08T07:11:33","date_gmt":"2022-06-08T07:11:33","guid":{"rendered":"https:\/\/www.griffinmachinery.com\/projetos\/"},"modified":"2022-06-08T11:24:53","modified_gmt":"2022-06-08T11:24:53","slug":"projetos","status":"publish","type":"page","link":"https:\/\/www.griffinmachinery.com\/pt-br\/projetos\/","title":{"rendered":"Projetos"},"content":{"rendered":"\n<h3>\n\t\tSaiba mais sobre nossos projetos aqui\n\t<\/h3>\n\t<p>Nossa empresa, como sempre, dar\u00e1 prioridade m\u00e1xima \u00e0 melhoria da qualidade do equipamento e espera que todos os clientes novos e antigos possam alcan\u00e7ar os resultados ideais depois de usar o equipamento da nossa empresa.<\/p>\n<p>Congratulamo-nos com todos os fabricantes para perguntar, e de todo o cora\u00e7\u00e3o forneceremos equipamentos e servi\u00e7os de alta qualidade.<\/p>\n\t\t\t<a href=\"https:\/\/www.griffinmachinery.com\/pt-br\/contato\/\" target=\"_self\" role=\"button\" rel=\"noopener\">\n\t\t\t\t\t\t\tEntre em contato conosco agora\n\t\t\t<\/a>\n\t<h2>\n\t\t\t\t\tSecagem de temperos\n\t\t\t\t<\/h2>\n\t\t\t<p>Uma empresa da Mal\u00e1sia encomendou o secador de leito fluidizado vibrat\u00f3rio para secagem de temperos.<\/p>\n\t\t\t\t<img loading=\"lazy\" decoding=\"async\" src=\"https:\/\/www.griffinmachinery.com\/wp-content\/uploads\/2022\/06\/Vibrating-Fluidized-Bed-Project-1.jpg\" alt=\"Projeto de Leito Fluidizado Vibrante (1)\" itemprop=\"image\" height=\"375\" width=\"500\" title=\"Projeto de Leito Fluidizado Vibrante (1)\" onerror=\"this.style.display='none'\"  \/>\n\t\t\t\t<img loading=\"lazy\" decoding=\"async\" src=\"https:\/\/www.griffinmachinery.com\/wp-content\/uploads\/2022\/06\/Vibrating-Fluidized-Bed-Project-2.jpg\" alt=\"Projeto de Leito Fluidizado Vibrante (2)\" itemprop=\"image\" height=\"375\" width=\"500\" title=\"Projeto de Leito Fluidizado Vibrante (2)\" onerror=\"this.style.display='none'\"  \/>\n\t\t\t\t<img loading=\"lazy\" decoding=\"async\" src=\"https:\/\/www.griffinmachinery.com\/wp-content\/uploads\/2022\/06\/Vibrating-Fluidized-Bed-Project-3.jpg\" alt=\"Projeto de Leito Fluidizado Vibrante (3)\" itemprop=\"image\" height=\"375\" width=\"500\" title=\"Projeto de Leito Fluidizado Vibrante (3)\" onerror=\"this.style.display='none'\"  \/>\n\t<p>O leito fluidizado vibrat\u00f3rio encomendado por uma empresa da Mal\u00e1sia foi conclu\u00eddo e ser\u00e1 carregado e enviado no in\u00edcio de janeiro ap\u00f3s passar pela inspe\u00e7\u00e3o. Este equipamento \u00e9 usado principalmente para secagem de temperos.<\/p>\n\t<h2>\n\t\t\t\t\tLinha de produ\u00e7\u00e3o de caf\u00e9\n\t\t\t\t<\/h2>\n\t\t\t<p>Produ\u00e7\u00e3o anual de 50.000 toneladas de sistema de equipamentos para nosso cliente indon\u00e9sio.<\/p>\n\t\t\t\t<img loading=\"lazy\" decoding=\"async\" src=\"https:\/\/www.griffinmachinery.com\/wp-content\/uploads\/2022\/06\/Coffee-Equipment-System-3.jpg\" alt=\"Sistema de Equipamento de Caf\u00e9 (3)\" itemprop=\"image\" height=\"666\" width=\"500\" title=\"Sistema de Equipamento de Caf\u00e9 (3)\" onerror=\"this.style.display='none'\"  \/>\n\t\t\t\t<img loading=\"lazy\" decoding=\"async\" src=\"https:\/\/www.griffinmachinery.com\/wp-content\/uploads\/2022\/06\/Coffee-Equipment-System-2.jpg\" alt=\"Sistema de Equipamento de Caf\u00e9 (2)\" itemprop=\"image\" height=\"666\" width=\"500\" title=\"Sistema de Equipamento de Caf\u00e9 (2)\" onerror=\"this.style.display='none'\"  \/>\n\t\t\t\t<img loading=\"lazy\" decoding=\"async\" src=\"https:\/\/www.griffinmachinery.com\/wp-content\/uploads\/2022\/06\/Coffee-Equipment-System-1.jpg\" alt=\"Sistema de Equipamento de Caf\u00e9 (1)\" itemprop=\"image\" height=\"666\" width=\"500\" title=\"Sistema de Equipamento de Caf\u00e9 (1)\" onerror=\"this.style.display='none'\"  \/>\n\t<p>A linha de produ\u00e7\u00e3o de caf\u00e9 com uma produ\u00e7\u00e3o anual de 50.000 toneladas projetada e fabricada por nossa empresa para clientes indon\u00e9sios ser\u00e1 entregue de 18 a 20 de mar\u00e7o de 2021. A produ\u00e7\u00e3o e instala\u00e7\u00e3o no local come\u00e7ar\u00e3o em maio e come\u00e7ar\u00e3o a funcionar no final do ano.<\/p>\n<p>Esta linha de produ\u00e7\u00e3o \u00e9 a maior linha de produ\u00e7\u00e3o de caf\u00e9 exportada na China at\u00e9 agora.<\/p>\n\t<h2>\n\t\t\t\t\tMateriais do c\u00e1todo da bateria\n\t\t\t\t<\/h2>\n\t\t\t<p>Secador de spray centr\u00edfugo LPG-300 produzido por nossa empresa para uma empresa em Xangai.<\/p>\n\t\t\t\t<img loading=\"lazy\" decoding=\"async\" src=\"https:\/\/www.griffinmachinery.com\/wp-content\/uploads\/2022\/06\/Battery-Cathode-Materials-Project-1.jpg\" alt=\"Projeto de Materiais Cat\u00f3dicos de Bateria (1)\" itemprop=\"image\" height=\"375\" width=\"500\" title=\"Projeto de Materiais Cat\u00f3dicos de Bateria (1)\" onerror=\"this.style.display='none'\"  \/>\n\t\t\t\t<img loading=\"lazy\" decoding=\"async\" src=\"https:\/\/www.griffinmachinery.com\/wp-content\/uploads\/2022\/06\/Battery-Cathode-Materials-Project-2.jpg\" alt=\"Projeto de Materiais Cat\u00f3dicos de Bateria (2)\" itemprop=\"image\" height=\"375\" width=\"500\" title=\"Projeto de Materiais Cat\u00f3dicos de Bateria (2)\" onerror=\"this.style.display='none'\"  \/>\n\t\t\t\t<img loading=\"lazy\" decoding=\"async\" src=\"https:\/\/www.griffinmachinery.com\/wp-content\/uploads\/2022\/06\/Battery-Cathode-Materials-Project-3.jpg\" alt=\"Projeto de Materiais Cat\u00f3dicos de Bateria (3)\" itemprop=\"image\" height=\"375\" width=\"500\" title=\"Projeto de Materiais Cat\u00f3dicos de Bateria (3)\" onerror=\"this.style.display='none'\"  \/>\n\t<p>Em 16 de janeiro de 2022, foi conclu\u00eddo o secador por pulveriza\u00e7\u00e3o centr\u00edfugo LPG-300 produzido por nossa empresa para uma empresa em Xangai especializada em pesquisa, desenvolvimento e produ\u00e7\u00e3o de materiais cat\u00f3dicos de bateria.<\/p>\n<p>O equipamento tem um di\u00e2metro de 3,6 metros e uma altura de 8 metros. Com design quase perfeito, produ\u00e7\u00e3o por t\u00e9cnicos experientes e atitude de servi\u00e7o orientada para o cliente, nossa empresa ganhou elogios da unidade do cliente.<\/p>\n\t<h2>\n\t\t\t\t\tSecagem de Alimentos\n\t\t\t\t<\/h2>\n\t\t\t<p>Uma m\u00e1quina de leito fluidizado vibrat\u00f3rio de grande escala encomendada por uma empresa europeia para secagem de alimentos.<\/p>\n\t\t\t\t<img loading=\"lazy\" decoding=\"async\" src=\"https:\/\/www.griffinmachinery.com\/wp-content\/uploads\/2022\/06\/Food-Drying-Project-1.jpg\" alt=\"Projeto de Secagem de Alimentos (1)\" itemprop=\"image\" height=\"333\" width=\"500\" title=\"Projeto de Secagem de Alimentos (1)\" onerror=\"this.style.display='none'\"  \/>\n\t\t\t\t<img loading=\"lazy\" decoding=\"async\" src=\"https:\/\/www.griffinmachinery.com\/wp-content\/uploads\/2022\/06\/Food-Drying-Project-2.jpg\" alt=\"Projeto de Secagem de Alimentos (2)\" itemprop=\"image\" height=\"333\" width=\"500\" title=\"Projeto de Secagem de Alimentos (2)\" onerror=\"this.style.display='none'\"  \/>\n\t\t\t\t<img loading=\"lazy\" decoding=\"async\" src=\"https:\/\/www.griffinmachinery.com\/wp-content\/uploads\/2022\/06\/Food-Drying-Project-3.jpg\" alt=\"Projeto de Secagem de Alimentos (3)\" itemprop=\"image\" height=\"333\" width=\"500\" title=\"Projeto de Secagem de Alimentos (3)\" onerror=\"this.style.display='none'\"  \/>\n\t<p>O leito fluidizado vibrat\u00f3rio de grande escala encomendado por uma empresa europeia foi conclu\u00eddo e ser\u00e1 carregado e enviado em 10 de maio de 2022 ap\u00f3s passar na inspe\u00e7\u00e3o.<\/p>\n<p>O equipamento tem 1,2*9,5 m e \u00e9 usado principalmente para secagem de alimentos. Espera-se que seja instalado e comissionado e colocado em produ\u00e7\u00e3o em junho.<\/p>\n\t<h2>\n\t\t\t\t\tSecagem de Alimentos\n\t\t\t\t<\/h2>\n\t\t\t<p>Dois secadores de pulveriza\u00e7\u00e3o centr\u00edfugos de grande porte LPG-800 encomendados por uma empresa norte-americana para secagem de alimentos.<\/p>\n\t\t\t\t<img loading=\"lazy\" decoding=\"async\" src=\"https:\/\/www.griffinmachinery.com\/wp-content\/uploads\/2022\/06\/US-Food-Drying-Project-1.jpg\" alt=\"Projeto de Secagem de Alimentos dos EUA (1)\" itemprop=\"image\" height=\"666\" width=\"500\" title=\"Projeto de Secagem de Alimentos dos EUA (1)\" onerror=\"this.style.display='none'\"  \/>\n\t\t\t\t<img loading=\"lazy\" decoding=\"async\" src=\"https:\/\/www.griffinmachinery.com\/wp-content\/uploads\/2022\/06\/US-Food-Drying-Project-2.jpg\" alt=\"Projeto de Secagem de Alimentos dos EUA (2)\" itemprop=\"image\" height=\"666\" width=\"500\" title=\"Projeto de Secagem de Alimentos dos EUA (2)\" onerror=\"this.style.display='none'\"  \/>\n\t\t\t\t<img loading=\"lazy\" decoding=\"async\" src=\"https:\/\/www.griffinmachinery.com\/wp-content\/uploads\/2022\/06\/US-Food-Drying-Project-3.jpg\" alt=\"Projeto de Secagem de Alimentos dos EUA (3)\" itemprop=\"image\" height=\"666\" width=\"500\" title=\"Projeto de Secagem de Alimentos dos EUA (3)\" onerror=\"this.style.display='none'\"  \/>\n\t<p>Os dois secadores de pulveriza\u00e7\u00e3o centr\u00edfugos de grande escala LPG-800 que nossa empresa enviou para os EUA em meados de agosto de 2021 entraram na fase de instala\u00e7\u00e3o.<\/p>\n<p>Este secador de spray centr\u00edfugo \u00e9 usado principalmente para secar alimentos. Os t\u00e9cnicos da nossa empresa fizeram muitas melhorias na tecnologia de processo relacionada a este equipamento. Comparado com o equipamento original, este equipamento tem muitas vantagens em termos de estrutura, economia de energia e qualidade de processamento, significativamente melhoradas.<\/p>\n\t<h2>\n\t\t\t\t\tEntre em contato conosco\n\t\t\t\t<\/h2>\n\t\t\t<p>Griffin Machinery, um parceiro experiente e confi\u00e1vel.<\/p>\n<p>Se voc\u00ea tamb\u00e9m est\u00e1 procurando uma maneira suave e eficaz de secar seu produto, entre em contato conosco para obter orienta\u00e7\u00e3o. Nossa equipe est\u00e1 pronta para ajud\u00e1-lo a encontrar a solu\u00e7\u00e3o certa para o seu projeto.<\/p>\n\t<style type=\"text\/css\"><\/style><div class=\"ufaqsw_container_default ufaqsw_container_default_4828 ufaqsw_element_group_src\"> \n\n\t\t\t<h2 class=\"ufaqsw_faq_title ufaqsw_faq_title_4828\">Perguntas Frequentes<\/h2>\n\t\n\t\n\t\t<div class=\"ufaqsw_toggle_default ufaqsw_toggle_default_4828 ufaqsw_element_src\">\n\t\t\t<div class=\"ufaqsw-toggle-title-area-default ufaqsw-toggle-title-area-default_4828\"\n\t\t\trole=\"button\"\n\t\t\ttabindex=\"0\"\n\t\t\taria-expanded=\"false\"\n\t\t\taria-controls=\"ufaqsw_faq_answer_1_4828\"\n\t\t\taria-label=\"Onde est\u00e1 sua f\u00e1brica?\"\n\t\t\t>\n\t\t\t\t<div class=\"ufaqsw-title-name-default ufaqsw-title-name-default_4828\">\n\t\t\t\t\t<span class=\"ufaqsw-default-icon\">\n\t\t\t\t\t\t<i class=\"fa fa fa-plus\" aria-hidden=\"true\"><\/i>\n\t\t\t\t\t\t<i class=\"fa fa fa-minus\" id=\"ufaqsw_other_style\" aria-hidden=\"true\"><\/i>\n\t\t\t\t\t<\/span>\t\t\t\t\n\t\t\t\t\t<span class=\"ufaqsw-default-title ufaqsw_faq_question_src\">Onde est\u00e1 sua f\u00e1brica?<\/span>\n\t\t\t\t<\/div>\n\t\t\t<\/div>\n\t\t\t<div class=\"ufaqsw-toggle-inner-default ufaqsw-toggle-inner-default_4828 ufaqsw_faq_answer_src\"\n\t\t\tid=\"ufaqsw_faq_answer_1_4828\"\n\t\t\taria-hidden=\"true\"\n\t\t\taria-labelledby=\"ufaqsw_faq_answer_1_4828\"\n\t\t\tstyle=\"display:none\"\t\t\t>\n\t\t\tEstamos localizados na cidade de Changzhou, perto de Xangai.\t\t\t<\/div>\n\t\t<\/div><!-- END OF TOGGLE -->\n\n\t\t\n\t\t<div class=\"ufaqsw_toggle_default ufaqsw_toggle_default_4828 ufaqsw_element_src\">\n\t\t\t<div class=\"ufaqsw-toggle-title-area-default ufaqsw-toggle-title-area-default_4828\"\n\t\t\trole=\"button\"\n\t\t\ttabindex=\"0\"\n\t\t\taria-expanded=\"false\"\n\t\t\taria-controls=\"ufaqsw_faq_answer_2_4828\"\n\t\t\taria-label=\"Qual \u00e9 a qualidade da sua m\u00e1quina?\"\n\t\t\t>\n\t\t\t\t<div class=\"ufaqsw-title-name-default ufaqsw-title-name-default_4828\">\n\t\t\t\t\t<span class=\"ufaqsw-default-icon\">\n\t\t\t\t\t\t<i class=\"fa fa fa-plus\" aria-hidden=\"true\"><\/i>\n\t\t\t\t\t\t<i class=\"fa fa fa-minus\" id=\"ufaqsw_other_style\" aria-hidden=\"true\"><\/i>\n\t\t\t\t\t<\/span>\t\t\t\t\n\t\t\t\t\t<span class=\"ufaqsw-default-title ufaqsw_faq_question_src\">Qual \u00e9 a qualidade da sua m\u00e1quina?<\/span>\n\t\t\t\t<\/div>\n\t\t\t<\/div>\n\t\t\t<div class=\"ufaqsw-toggle-inner-default ufaqsw-toggle-inner-default_4828 ufaqsw_faq_answer_src\"\n\t\t\tid=\"ufaqsw_faq_answer_2_4828\"\n\t\t\taria-hidden=\"true\"\n\t\t\taria-labelledby=\"ufaqsw_faq_answer_2_4828\"\n\t\t\tstyle=\"display:none\"\t\t\t>\n\t\t\t<p>Nossa empresa segue rigorosos controles de qualidade e diversos procedimentos sistem\u00e1ticos. Prezamos pela qualidade em todas as etapas do processo de fabrica\u00e7\u00e3o. Voc\u00ea pode ter certeza da qualidade absolutamente.<\/p>\n\t\t\t<\/div>\n\t\t<\/div><!-- END OF TOGGLE -->\n\n\t\t\n\t\t<div class=\"ufaqsw_toggle_default ufaqsw_toggle_default_4828 ufaqsw_element_src\">\n\t\t\t<div class=\"ufaqsw-toggle-title-area-default ufaqsw-toggle-title-area-default_4828\"\n\t\t\trole=\"button\"\n\t\t\ttabindex=\"0\"\n\t\t\taria-expanded=\"false\"\n\t\t\taria-controls=\"ufaqsw_faq_answer_3_4828\"\n\t\t\taria-label=\"Qual \u00e9 o per\u00edodo de garantia?\"\n\t\t\t>\n\t\t\t\t<div class=\"ufaqsw-title-name-default ufaqsw-title-name-default_4828\">\n\t\t\t\t\t<span class=\"ufaqsw-default-icon\">\n\t\t\t\t\t\t<i class=\"fa fa fa-plus\" aria-hidden=\"true\"><\/i>\n\t\t\t\t\t\t<i class=\"fa fa fa-minus\" id=\"ufaqsw_other_style\" aria-hidden=\"true\"><\/i>\n\t\t\t\t\t<\/span>\t\t\t\t\n\t\t\t\t\t<span class=\"ufaqsw-default-title ufaqsw_faq_question_src\">Qual \u00e9 o per\u00edodo de garantia?<\/span>\n\t\t\t\t<\/div>\n\t\t\t<\/div>\n\t\t\t<div class=\"ufaqsw-toggle-inner-default ufaqsw-toggle-inner-default_4828 ufaqsw_faq_answer_src\"\n\t\t\tid=\"ufaqsw_faq_answer_3_4828\"\n\t\t\taria-hidden=\"true\"\n\t\t\taria-labelledby=\"ufaqsw_faq_answer_3_4828\"\n\t\t\tstyle=\"display:none\"\t\t\t>\n\t\t\t<p>24 horas de resposta oportuna para e-mail e telefonemas. Forneceremos uma garantia de um ano para garantir que sua m\u00e1quina funcione de forma consistente.<\/p>\n\t\t\t<\/div>\n\t\t<\/div><!-- END OF TOGGLE -->\n\n\t\t\n\t\t<div class=\"ufaqsw_toggle_default ufaqsw_toggle_default_4828 ufaqsw_element_src\">\n\t\t\t<div class=\"ufaqsw-toggle-title-area-default ufaqsw-toggle-title-area-default_4828\"\n\t\t\trole=\"button\"\n\t\t\ttabindex=\"0\"\n\t\t\taria-expanded=\"false\"\n\t\t\taria-controls=\"ufaqsw_faq_answer_4_4828\"\n\t\t\taria-label=\"Qual \u00e9 o prazo de pagamento?\"\n\t\t\t>\n\t\t\t\t<div class=\"ufaqsw-title-name-default ufaqsw-title-name-default_4828\">\n\t\t\t\t\t<span class=\"ufaqsw-default-icon\">\n\t\t\t\t\t\t<i class=\"fa fa fa-plus\" aria-hidden=\"true\"><\/i>\n\t\t\t\t\t\t<i class=\"fa fa fa-minus\" id=\"ufaqsw_other_style\" aria-hidden=\"true\"><\/i>\n\t\t\t\t\t<\/span>\t\t\t\t\n\t\t\t\t\t<span class=\"ufaqsw-default-title ufaqsw_faq_question_src\">Qual \u00e9 o prazo de pagamento?<\/span>\n\t\t\t\t<\/div>\n\t\t\t<\/div>\n\t\t\t<div class=\"ufaqsw-toggle-inner-default ufaqsw-toggle-inner-default_4828 ufaqsw_faq_answer_src\"\n\t\t\tid=\"ufaqsw_faq_answer_4_4828\"\n\t\t\taria-hidden=\"true\"\n\t\t\taria-labelledby=\"ufaqsw_faq_answer_4_4828\"\n\t\t\tstyle=\"display:none\"\t\t\t>\n\t\t\t<p>Nosso prazo de pagamento regular \u00e9 de 30% tt adiantado, 70% tt antes do envio.<\/p>\n\t\t\t<\/div>\n\t\t<\/div><!-- END OF TOGGLE -->\n\n\t\t\n\t\t<div class=\"ufaqsw_toggle_default ufaqsw_toggle_default_4828 ufaqsw_element_src\">\n\t\t\t<div class=\"ufaqsw-toggle-title-area-default ufaqsw-toggle-title-area-default_4828\"\n\t\t\trole=\"button\"\n\t\t\ttabindex=\"0\"\n\t\t\taria-expanded=\"false\"\n\t\t\taria-controls=\"ufaqsw_faq_answer_5_4828\"\n\t\t\taria-label=\"Seu pre\u00e7o inclui frete?\"\n\t\t\t>\n\t\t\t\t<div class=\"ufaqsw-title-name-default ufaqsw-title-name-default_4828\">\n\t\t\t\t\t<span class=\"ufaqsw-default-icon\">\n\t\t\t\t\t\t<i class=\"fa fa fa-plus\" aria-hidden=\"true\"><\/i>\n\t\t\t\t\t\t<i class=\"fa fa fa-minus\" id=\"ufaqsw_other_style\" aria-hidden=\"true\"><\/i>\n\t\t\t\t\t<\/span>\t\t\t\t\n\t\t\t\t\t<span class=\"ufaqsw-default-title ufaqsw_faq_question_src\">Seu pre\u00e7o inclui frete?<\/span>\n\t\t\t\t<\/div>\n\t\t\t<\/div>\n\t\t\t<div class=\"ufaqsw-toggle-inner-default ufaqsw-toggle-inner-default_4828 ufaqsw_faq_answer_src\"\n\t\t\tid=\"ufaqsw_faq_answer_5_4828\"\n\t\t\taria-hidden=\"true\"\n\t\t\taria-labelledby=\"ufaqsw_faq_answer_5_4828\"\n\t\t\tstyle=\"display:none\"\t\t\t>\n\t\t\t<p>Nosso pre\u00e7o usual \u00e9 baseado em FOB Shanghai. Podemos fornecer uma cota\u00e7\u00e3o CIF mediante solicita\u00e7\u00e3o.<\/p>\n\t\t\t<\/div>\n\t\t<\/div><!-- END OF TOGGLE -->\n\n\t\t\n<\/div>\n\n\t<iframe src=\"https:\/\/www.google.com\/maps\/embed?pb=!1m18!1m12!1m3!1d3390.2927421824006!2d119.88542131515791!3d31.817019981272452!2m3!1f0!2f0!3f0!3m2!1i1024!2i768!4f13.1!3m3!1m2!1s0x35b4149e3c70d0b3%3A0x8fff5da241c321f8!2sYun%20He%20Lu%2C%20China%2C%20213023!5e0!3m2!1sen!2sus!4v1649332227824!5m2!1sen!2sus\" width=\"100%\" height=\"450\" allowfullscreen=\"\" loading=\"lazy\" referrerpolicy=\"no-referrer-when-downgrade\"><\/iframe>\n\t\n<div class=\"wpcf7 no-js\" id=\"wpcf7-f4830-o1\" lang=\"pt-BR\" dir=\"ltr\" data-wpcf7-id=\"4830\">\n<div class=\"screen-reader-response\"><p role=\"status\" aria-live=\"polite\" aria-atomic=\"true\"><\/p> <ul><\/ul><\/div>\n<form action=\"\/pt-br\/wp-json\/wp\/v2\/pages\/6181#wpcf7-f4830-o1\" method=\"post\" class=\"wpcf7-form init\" aria-label=\"Formul\u00e1rios de contato\" novalidate=\"novalidate\" data-status=\"init\">\n<fieldset class=\"hidden-fields-container\"><input type=\"hidden\" name=\"_wpcf7\" value=\"4830\" \/><input type=\"hidden\" name=\"_wpcf7_version\" value=\"6.1.5\" \/><input type=\"hidden\" name=\"_wpcf7_locale\" value=\"pt_BR\" \/><input type=\"hidden\" name=\"_wpcf7_unit_tag\" value=\"wpcf7-f4830-o1\" \/><input type=\"hidden\" name=\"_wpcf7_container_post\" value=\"0\" \/><input type=\"hidden\" name=\"_wpcf7_posted_data_hash\" value=\"\" \/><input type=\"hidden\" name=\"_wpcf7_recaptcha_response\" value=\"\" \/>\n<\/fieldset>\n<p><label> Seu nome<br \/>\n<span class=\"wpcf7-form-control-wrap\" data-name=\"your-name\"><input size=\"40\" maxlength=\"400\" class=\"wpcf7-form-control wpcf7-text wpcf7-validates-as-required\" aria-required=\"true\" aria-invalid=\"false\" value=\"\" type=\"text\" name=\"your-name\" \/><\/span> <\/label>\n<\/p>\n<p><label> Seu e-mail<br \/>\n<span class=\"wpcf7-form-control-wrap\" data-name=\"your-email\"><input size=\"40\" maxlength=\"400\" class=\"wpcf7-form-control wpcf7-email wpcf7-validates-as-required wpcf7-text wpcf7-validates-as-email\" aria-required=\"true\" aria-invalid=\"false\" value=\"\" type=\"email\" name=\"your-email\" \/><\/span> <\/label>\n<\/p>\n<p><label> N\u00famero de telefone (opcional)<br \/>\n<span class=\"wpcf7-form-control-wrap\" data-name=\"tel-157\"><input size=\"40\" maxlength=\"400\" class=\"wpcf7-form-control wpcf7-tel wpcf7-text wpcf7-validates-as-tel\" aria-invalid=\"false\" value=\"\" type=\"tel\" name=\"tel-157\" \/><\/span> <\/label>\n<\/p>\n<p><label> Sua mensagem<br \/>\n<span class=\"wpcf7-form-control-wrap\" data-name=\"your-message\"><textarea cols=\"40\" rows=\"10\" maxlength=\"2000\" class=\"wpcf7-form-control wpcf7-textarea wpcf7-validates-as-required\" aria-required=\"true\" aria-invalid=\"false\" name=\"your-message\"><\/textarea><\/span> <\/label>\n<\/p>\n<p><span class=\"wpcf7-form-control-wrap\" data-name=\"quiz-747\"><label><span class=\"wpcf7-quiz-label\">2+6=?<\/span> <input size=\"40\" class=\"wpcf7-form-control wpcf7-quiz\" autocomplete=\"off\" aria-required=\"true\" aria-invalid=\"false\" type=\"text\" name=\"quiz-747\" \/><\/label><input type=\"hidden\" name=\"_wpcf7_quiz_answer_quiz-747\" value=\"b92383fac706b700c4f8d69faa457125\" \/><\/span>\n<\/p>\n<p><input class=\"wpcf7-form-control wpcf7-submit has-spinner\" type=\"submit\" value=\"Enviar\" \/>\n<\/p><div class=\"wpcf7-response-output\" aria-hidden=\"true\"><\/div>\n<\/form>\n<\/div>\n\n\n","protected":false},"excerpt":{"rendered":"","protected":false},"author":1,"featured_media":0,"parent":0,"menu_order":0,"comment_status":"closed","ping_status":"closed","template":"","meta":{"site-sidebar-layout":"no-sidebar","site-content-layout":"page-builder","ast-site-content-layout":"default","site-content-style":"default","site-sidebar-style":"default","ast-global-header-display":"","ast-banner-title-visibility":"","ast-main-header-display":"","ast-hfb-above-header-display":"","ast-hfb-below-header-display":"","ast-hfb-mobile-header-display":"","site-post-title":"disabled","ast-breadcrumbs-content":"","ast-featured-img":"disabled","footer-sml-layout":"","ast-disable-related-posts":"","theme-transparent-header-meta":"default","adv-header-id-meta":"","stick-header-meta":"default","header-above-stick-meta":"","header-main-stick-meta":"","header-below-stick-meta":"","astra-migrate-meta-layouts":"default","ast-page-background-enabled":"default","ast-page-background-meta":{"desktop":{"background-color":"","background-image":"","background-repeat":"repeat","background-position":"center center","background-size":"auto","background-attachment":"scroll","background-type":"","background-media":"","overlay-type":"","overlay-color":"","overlay-opacity":"","overlay-gradient":""},"tablet":{"background-color":"","background-image":"","background-repeat":"repeat","background-position":"center center","background-size":"auto","background-attachment":"scroll","background-type":"","background-media":"","overlay-type":"","overlay-color":"","overlay-opacity":"","overlay-gradient":""},"mobile":{"background-color":"","background-image":"","background-repeat":"repeat","background-position":"center center","background-size":"auto","background-attachment":"scroll","background-type":"","background-media":"","overlay-type":"","overlay-color":"","overlay-opacity":"","overlay-gradient":""}},"ast-content-background-meta":{"desktop":{"background-color":"var(--ast-global-color-5)","background-image":"","background-repeat":"repeat","background-position":"center center","background-size":"auto","background-attachment":"scroll","background-type":"","background-media":"","overlay-type":"","overlay-color":"","overlay-opacity":"","overlay-gradient":""},"tablet":{"background-color":"var(--ast-global-color-5)","background-image":"","background-repeat":"repeat","background-position":"center center","background-size":"auto","background-attachment":"scroll","background-type":"","background-media":"","overlay-type":"","overlay-color":"","overlay-opacity":"","overlay-gradient":""},"mobile":{"background-color":"var(--ast-global-color-5)","background-image":"","background-repeat":"repeat","background-position":"center center","background-size":"auto","background-attachment":"scroll","background-type":"","background-media":"","overlay-type":"","overlay-color":"","overlay-opacity":"","overlay-gradient":""}},"footnotes":""},"class_list":["post-6181","page","type-page","status-publish","hentry"],"_links":{"self":[{"href":"https:\/\/www.griffinmachinery.com\/pt-br\/wp-json\/wp\/v2\/pages\/6181","targetHints":{"allow":["GET"]}}],"collection":[{"href":"https:\/\/www.griffinmachinery.com\/pt-br\/wp-json\/wp\/v2\/pages"}],"about":[{"href":"https:\/\/www.griffinmachinery.com\/pt-br\/wp-json\/wp\/v2\/types\/page"}],"author":[{"embeddable":true,"href":"https:\/\/www.griffinmachinery.com\/pt-br\/wp-json\/wp\/v2\/users\/1"}],"replies":[{"embeddable":true,"href":"https:\/\/www.griffinmachinery.com\/pt-br\/wp-json\/wp\/v2\/comments?post=6181"}],"version-history":[{"count":0,"href":"https:\/\/www.griffinmachinery.com\/pt-br\/wp-json\/wp\/v2\/pages\/6181\/revisions"}],"wp:attachment":[{"href":"https:\/\/www.griffinmachinery.com\/pt-br\/wp-json\/wp\/v2\/media?parent=6181"}],"curies":[{"name":"wp","href":"https:\/\/api.w.org\/{rel}","templated":true}]}}