{"id":4824,"date":"2018-06-18T06:57:36","date_gmt":"2018-06-18T06:57:36","guid":{"rendered":"https:\/\/www.griffinmachinery.com\/inicial\/"},"modified":"2023-03-11T02:33:24","modified_gmt":"2023-03-11T02:33:24","slug":"inicial","status":"publish","type":"page","link":"https:\/\/www.griffinmachinery.com\/pt-br\/","title":{"rendered":"Inicial"},"content":{"rendered":"\r\n<p><img loading=\"lazy\" decoding=\"async\" title=\"equipamento de secagem\" src=\"https:\/\/www.griffinmachinery.com\/wp-content\/uploads\/2022\/03\/drying-equipment.png\" alt=\"equipamento de secagem\" width=\"570\" height=\"438\" \/><\/p>\r\n<h4>Fabricante de secadores industriais<\/h4>\r\n<h2>Fornecedor de Equipamentos e Sistemas de Secagem<\/h2>\r\n<p>Somos especializados em pesquisar e desenvolver secadores e solu\u00e7\u00f5es industriais, como secadores de spray, secadores de esteira de malha, secadores de leito fluidizado, secadores de flash girat\u00f3rio, secadores de fluxo de ar, secadores a v\u00e1cuo, secadores de bandeja, fornos de secagem e assim por diante.<\/p>\r\n<p><a role=\"button\" href=\"https:\/\/www.griffinmachinery.com\/pt-br\/produtos\/\" target=\"_self\" rel=\"noopener\"> Confira Nossos Produtos <\/a><\/p>\r\n<ul>\r\n<li>\r\n<h4>Tecnologia avan\u00e7ada<\/h4>\r\n<p>\u00danico para tecnologia<\/p>\r\n<\/li>\r\n<\/ul>\r\n<ul>\r\n<li>\r\n<h4>Alta qualidade<\/h4>\r\n<p>Efici\u00eancia e Inteligente<\/p>\r\n<\/li>\r\n<\/ul>\r\n<ul>\r\n<li>\r\n<h4>Servi\u00e7o profissional<\/h4>\r\n<p>Servi\u00e7o de pr\u00e9 e p\u00f3s-venda<\/p>\r\n<\/li>\r\n<\/ul>\r\n<ul>\r\n<li>\r\n<h4>Provedor de solu\u00e7\u00f5es<\/h4>\r\n<p>Suporte 24 horas<\/p>\r\n<\/li>\r\n<\/ul>\r\n<h2>Nossos principais equipamentos<\/h2>\r\n<div class=\"woocommerce columns-4 \"><ul class=\"products columns-4\">\n<li class=\"desktop-align-center tablet-align-center mobile-align-center ast-product-gallery-layout-horizontal ast-product-tabs-layout-horizontal ast-qv-on-image product type-product post-4838 status-publish first instock product_cat-secador-a-vacuo has-post-thumbnail shipping-taxable product-type-simple\">\n\t<a href=\"https:\/\/www.griffinmachinery.com\/pt-br\/secador-a-vacuo-de-cone-duplo\/\" class=\"woocommerce-LoopProduct-link woocommerce-loop-product__link\"><img loading=\"lazy\" decoding=\"async\" width=\"300\" height=\"300\" src=\"https:\/\/www.griffinmachinery.com\/wp-content\/uploads\/2022\/04\/Double-Cone-Vacuum-Dryer-1-300x300.jpg\" class=\"attachment-woocommerce_thumbnail size-woocommerce_thumbnail\" alt=\"Secador a V\u00e1cuo de Cone Duplo (1)\" srcset=\"https:\/\/www.griffinmachinery.com\/wp-content\/uploads\/2022\/04\/Double-Cone-Vacuum-Dryer-1-300x300.jpg 300w, https:\/\/www.griffinmachinery.com\/wp-content\/uploads\/2022\/04\/Double-Cone-Vacuum-Dryer-1-150x150.jpg 150w, https:\/\/www.griffinmachinery.com\/wp-content\/uploads\/2022\/04\/Double-Cone-Vacuum-Dryer-1-100x100.jpg 100w, https:\/\/www.griffinmachinery.com\/wp-content\/uploads\/2022\/04\/Double-Cone-Vacuum-Dryer-1.jpg 600w\" sizes=\"auto, (max-width: 300px) 100vw, 300px\" \/><h2 class=\"woocommerce-loop-product__title\">Secador a V\u00e1cuo de Cone Duplo<\/h2>\n<\/a><a href=\"https:\/\/www.griffinmachinery.com\/pt-br\/secador-a-vacuo-de-cone-duplo\/\" aria-describedby=\"woocommerce_loop_add_to_cart_link_describedby_4838\" data-quantity=\"1\" class=\"button product_type_simple \" data-product_id=\"4838\" data-product_sku=\"\" aria-label=\"Leia mais sobre &ldquo;Secador a V\u00e1cuo de Cone Duplo&rdquo;\" rel=\"nofollow\" data-success_message=\"\">Leia mais<\/a>\t<span id=\"woocommerce_loop_add_to_cart_link_describedby_4838\" class=\"screen-reader-text\">\n\t\t\t<\/span>\n<\/li>\n<li class=\"desktop-align-center tablet-align-center mobile-align-center ast-product-gallery-layout-horizontal ast-product-tabs-layout-horizontal ast-qv-on-image product type-product post-4839 status-publish instock product_cat-sem-categoria has-post-thumbnail shipping-taxable product-type-simple\">\n\t<a href=\"https:\/\/www.griffinmachinery.com\/pt-br\/secador-de-malha\/\" class=\"woocommerce-LoopProduct-link woocommerce-loop-product__link\"><img loading=\"lazy\" decoding=\"async\" width=\"300\" height=\"300\" src=\"https:\/\/www.griffinmachinery.com\/wp-content\/uploads\/2022\/04\/Mesh-Belt-Dryer-1-300x300.jpg\" class=\"attachment-woocommerce_thumbnail size-woocommerce_thumbnail\" alt=\"Secador de Correia de Malha (1)\" srcset=\"https:\/\/www.griffinmachinery.com\/wp-content\/uploads\/2022\/04\/Mesh-Belt-Dryer-1-300x300.jpg 300w, https:\/\/www.griffinmachinery.com\/wp-content\/uploads\/2022\/04\/Mesh-Belt-Dryer-1-150x150.jpg 150w, https:\/\/www.griffinmachinery.com\/wp-content\/uploads\/2022\/04\/Mesh-Belt-Dryer-1-100x100.jpg 100w, https:\/\/www.griffinmachinery.com\/wp-content\/uploads\/2022\/04\/Mesh-Belt-Dryer-1.jpg 600w\" sizes=\"auto, (max-width: 300px) 100vw, 300px\" \/><h2 class=\"woocommerce-loop-product__title\">Secador de Banda<\/h2>\n<\/a><a href=\"https:\/\/www.griffinmachinery.com\/pt-br\/secador-de-malha\/\" aria-describedby=\"woocommerce_loop_add_to_cart_link_describedby_4839\" data-quantity=\"1\" class=\"button product_type_simple \" data-product_id=\"4839\" data-product_sku=\"\" aria-label=\"Leia mais sobre &ldquo;Secador de Banda&rdquo;\" rel=\"nofollow\" data-success_message=\"\">Leia mais<\/a>\t<span id=\"woocommerce_loop_add_to_cart_link_describedby_4839\" class=\"screen-reader-text\">\n\t\t\t<\/span>\n<\/li>\n<li class=\"desktop-align-center tablet-align-center mobile-align-center ast-product-gallery-layout-horizontal ast-product-tabs-layout-horizontal ast-qv-on-image product type-product post-4837 status-publish instock product_cat-secador-a-vacuo has-post-thumbnail shipping-taxable product-type-simple\">\n\t<a href=\"https:\/\/www.griffinmachinery.com\/pt-br\/secador-de-correia-a-vacuo\/\" class=\"woocommerce-LoopProduct-link woocommerce-loop-product__link\"><img loading=\"lazy\" decoding=\"async\" width=\"300\" height=\"300\" src=\"https:\/\/www.griffinmachinery.com\/wp-content\/uploads\/2022\/04\/Vacuum-Belt-Dryer-1-300x300.jpg\" class=\"attachment-woocommerce_thumbnail size-woocommerce_thumbnail\" alt=\"Secador de Correia a V\u00e1cuo (1)\" srcset=\"https:\/\/www.griffinmachinery.com\/wp-content\/uploads\/2022\/04\/Vacuum-Belt-Dryer-1-300x300.jpg 300w, https:\/\/www.griffinmachinery.com\/wp-content\/uploads\/2022\/04\/Vacuum-Belt-Dryer-1-150x150.jpg 150w, https:\/\/www.griffinmachinery.com\/wp-content\/uploads\/2022\/04\/Vacuum-Belt-Dryer-1-100x100.jpg 100w, https:\/\/www.griffinmachinery.com\/wp-content\/uploads\/2022\/04\/Vacuum-Belt-Dryer-1.jpg 600w\" sizes=\"auto, (max-width: 300px) 100vw, 300px\" \/><h2 class=\"woocommerce-loop-product__title\">Secador de Correia a V\u00e1cuo<\/h2>\n<\/a><a href=\"https:\/\/www.griffinmachinery.com\/pt-br\/secador-de-correia-a-vacuo\/\" aria-describedby=\"woocommerce_loop_add_to_cart_link_describedby_4837\" data-quantity=\"1\" class=\"button product_type_simple \" data-product_id=\"4837\" data-product_sku=\"\" aria-label=\"Leia mais sobre &ldquo;Secador de Correia a V\u00e1cuo&rdquo;\" rel=\"nofollow\" data-success_message=\"\">Leia mais<\/a>\t<span id=\"woocommerce_loop_add_to_cart_link_describedby_4837\" class=\"screen-reader-text\">\n\t\t\t<\/span>\n<\/li>\n<li class=\"desktop-align-center tablet-align-center mobile-align-center ast-product-gallery-layout-horizontal ast-product-tabs-layout-horizontal ast-qv-on-image product type-product post-4840 status-publish last instock product_cat-secador-de-leito-fluido has-post-thumbnail shipping-taxable product-type-simple\">\n\t<a href=\"https:\/\/www.griffinmachinery.com\/pt-br\/secador-de-leito-de-fluido-vibratorio\/\" class=\"woocommerce-LoopProduct-link woocommerce-loop-product__link\"><img loading=\"lazy\" decoding=\"async\" width=\"300\" height=\"300\" src=\"https:\/\/www.griffinmachinery.com\/wp-content\/uploads\/2022\/04\/Vibrating-Fluid-Bed-Dryer-1-300x300.jpg\" class=\"attachment-woocommerce_thumbnail size-woocommerce_thumbnail\" alt=\"Secador de Leito Fluido vibrat\u00f3rio (1)\" srcset=\"https:\/\/www.griffinmachinery.com\/wp-content\/uploads\/2022\/04\/Vibrating-Fluid-Bed-Dryer-1-300x300.jpg 300w, https:\/\/www.griffinmachinery.com\/wp-content\/uploads\/2022\/04\/Vibrating-Fluid-Bed-Dryer-1-150x150.jpg 150w, https:\/\/www.griffinmachinery.com\/wp-content\/uploads\/2022\/04\/Vibrating-Fluid-Bed-Dryer-1-768x768.jpg 768w, https:\/\/www.griffinmachinery.com\/wp-content\/uploads\/2022\/04\/Vibrating-Fluid-Bed-Dryer-1-600x600.jpg 600w, https:\/\/www.griffinmachinery.com\/wp-content\/uploads\/2022\/04\/Vibrating-Fluid-Bed-Dryer-1-100x100.jpg 100w, https:\/\/www.griffinmachinery.com\/wp-content\/uploads\/2022\/04\/Vibrating-Fluid-Bed-Dryer-1.jpg 1001w\" sizes=\"auto, (max-width: 300px) 100vw, 300px\" \/><img loading=\"lazy\" decoding=\"async\" width=\"300\" height=\"300\" src=\"https:\/\/www.griffinmachinery.com\/wp-content\/uploads\/2022\/04\/Vibrating-Fluid-Bed-Dryer-2-300x300.jpg\" class=\"show-on-hover\" alt=\"Secador de Leito Fluido vibrat\u00f3rio (2)\" srcset=\"https:\/\/www.griffinmachinery.com\/wp-content\/uploads\/2022\/04\/Vibrating-Fluid-Bed-Dryer-2-300x300.jpg 300w, https:\/\/www.griffinmachinery.com\/wp-content\/uploads\/2022\/04\/Vibrating-Fluid-Bed-Dryer-2-150x150.jpg 150w, https:\/\/www.griffinmachinery.com\/wp-content\/uploads\/2022\/04\/Vibrating-Fluid-Bed-Dryer-2-100x100.jpg 100w, https:\/\/www.griffinmachinery.com\/wp-content\/uploads\/2022\/04\/Vibrating-Fluid-Bed-Dryer-2.jpg 600w\" sizes=\"auto, (max-width: 300px) 100vw, 300px\" \/><h2 class=\"woocommerce-loop-product__title\">Secador de Leito Fluidizado Vibrat\u00f3rio<\/h2>\n<\/a><a href=\"https:\/\/www.griffinmachinery.com\/pt-br\/secador-de-leito-de-fluido-vibratorio\/\" aria-describedby=\"woocommerce_loop_add_to_cart_link_describedby_4840\" data-quantity=\"1\" class=\"button product_type_simple \" data-product_id=\"4840\" data-product_sku=\"\" aria-label=\"Leia mais sobre &ldquo;Secador de Leito Fluidizado Vibrat\u00f3rio&rdquo;\" rel=\"nofollow\" data-success_message=\"\">Leia mais<\/a>\t<span id=\"woocommerce_loop_add_to_cart_link_describedby_4840\" class=\"screen-reader-text\">\n\t\t\t<\/span>\n<\/li>\n<li class=\"desktop-align-center tablet-align-center mobile-align-center ast-product-gallery-layout-horizontal ast-product-tabs-layout-horizontal ast-qv-on-image product type-product post-4844 status-publish first instock product_cat-spray-secador has-post-thumbnail shipping-taxable product-type-simple\">\n\t<a href=\"https:\/\/www.griffinmachinery.com\/pt-br\/centrifugo-pulverizador-secador\/\" class=\"woocommerce-LoopProduct-link woocommerce-loop-product__link\"><img loading=\"lazy\" decoding=\"async\" width=\"300\" height=\"300\" src=\"https:\/\/www.griffinmachinery.com\/wp-content\/uploads\/2022\/04\/Centrifugal-Spray-Dryer-300x300.jpg\" class=\"attachment-woocommerce_thumbnail size-woocommerce_thumbnail\" alt=\"Secador de Pulveriza\u00e7\u00e3o Centr\u00edfugo\" srcset=\"https:\/\/www.griffinmachinery.com\/wp-content\/uploads\/2022\/04\/Centrifugal-Spray-Dryer-300x300.jpg 300w, https:\/\/www.griffinmachinery.com\/wp-content\/uploads\/2022\/04\/Centrifugal-Spray-Dryer-150x150.jpg 150w, https:\/\/www.griffinmachinery.com\/wp-content\/uploads\/2022\/04\/Centrifugal-Spray-Dryer-100x100.jpg 100w, https:\/\/www.griffinmachinery.com\/wp-content\/uploads\/2022\/04\/Centrifugal-Spray-Dryer.jpg 600w\" sizes=\"auto, (max-width: 300px) 100vw, 300px\" \/><h2 class=\"woocommerce-loop-product__title\">Secador de Pulveriza\u00e7\u00e3o Centr\u00edfugo<\/h2>\n<\/a><a href=\"https:\/\/www.griffinmachinery.com\/pt-br\/centrifugo-pulverizador-secador\/\" aria-describedby=\"woocommerce_loop_add_to_cart_link_describedby_4844\" data-quantity=\"1\" class=\"button product_type_simple \" data-product_id=\"4844\" data-product_sku=\"\" aria-label=\"Leia mais sobre &ldquo;Secador de Pulveriza\u00e7\u00e3o Centr\u00edfugo&rdquo;\" rel=\"nofollow\" data-success_message=\"\">Leia mais<\/a>\t<span id=\"woocommerce_loop_add_to_cart_link_describedby_4844\" class=\"screen-reader-text\">\n\t\t\t<\/span>\n<\/li>\n<li class=\"desktop-align-center tablet-align-center mobile-align-center ast-product-gallery-layout-horizontal ast-product-tabs-layout-horizontal ast-qv-on-image product type-product post-4842 status-publish instock product_cat-spray-secador has-post-thumbnail shipping-taxable product-type-simple\">\n\t<a href=\"https:\/\/www.griffinmachinery.com\/pt-br\/secador-de-spray-de-circuito-fechado\/\" class=\"woocommerce-LoopProduct-link woocommerce-loop-product__link\"><img loading=\"lazy\" decoding=\"async\" width=\"300\" height=\"300\" src=\"https:\/\/www.griffinmachinery.com\/wp-content\/uploads\/2022\/04\/Closed-Cycle-Spray-Dryer-1-300x300.jpg\" class=\"attachment-woocommerce_thumbnail size-woocommerce_thumbnail\" alt=\"Secador de Pulveriza\u00e7\u00e3o de Ciclo Fechado\" srcset=\"https:\/\/www.griffinmachinery.com\/wp-content\/uploads\/2022\/04\/Closed-Cycle-Spray-Dryer-1-300x300.jpg 300w, https:\/\/www.griffinmachinery.com\/wp-content\/uploads\/2022\/04\/Closed-Cycle-Spray-Dryer-1-150x150.jpg 150w, https:\/\/www.griffinmachinery.com\/wp-content\/uploads\/2022\/04\/Closed-Cycle-Spray-Dryer-1-768x768.jpg 768w, https:\/\/www.griffinmachinery.com\/wp-content\/uploads\/2022\/04\/Closed-Cycle-Spray-Dryer-1-600x600.jpg 600w, https:\/\/www.griffinmachinery.com\/wp-content\/uploads\/2022\/04\/Closed-Cycle-Spray-Dryer-1-100x100.jpg 100w, https:\/\/www.griffinmachinery.com\/wp-content\/uploads\/2022\/04\/Closed-Cycle-Spray-Dryer-1.jpg 800w\" sizes=\"auto, (max-width: 300px) 100vw, 300px\" \/><h2 class=\"woocommerce-loop-product__title\">Secador de Pulveriza\u00e7\u00e3o de Circuito Fechado<\/h2>\n<\/a><a href=\"https:\/\/www.griffinmachinery.com\/pt-br\/secador-de-spray-de-circuito-fechado\/\" aria-describedby=\"woocommerce_loop_add_to_cart_link_describedby_4842\" data-quantity=\"1\" class=\"button product_type_simple \" data-product_id=\"4842\" data-product_sku=\"\" aria-label=\"Leia mais sobre &ldquo;Secador de Pulveriza\u00e7\u00e3o de Circuito Fechado&rdquo;\" rel=\"nofollow\" data-success_message=\"\">Leia mais<\/a>\t<span id=\"woocommerce_loop_add_to_cart_link_describedby_4842\" class=\"screen-reader-text\">\n\t\t\t<\/span>\n<\/li>\n<li class=\"desktop-align-center tablet-align-center mobile-align-center ast-product-gallery-layout-horizontal ast-product-tabs-layout-horizontal ast-qv-on-image product type-product post-4843 status-publish instock product_cat-spray-secador has-post-thumbnail shipping-taxable product-type-simple\">\n\t<a href=\"https:\/\/www.griffinmachinery.com\/pt-br\/secador-de-pressao\/\" class=\"woocommerce-LoopProduct-link woocommerce-loop-product__link\"><img loading=\"lazy\" decoding=\"async\" width=\"300\" height=\"300\" src=\"https:\/\/www.griffinmachinery.com\/wp-content\/uploads\/2022\/04\/Pressure-Spray-Dryer-1-300x300.jpg\" class=\"attachment-woocommerce_thumbnail size-woocommerce_thumbnail\" alt=\"Secador de Pulveriza\u00e7\u00e3o de Press\u00e3o (1)\" srcset=\"https:\/\/www.griffinmachinery.com\/wp-content\/uploads\/2022\/04\/Pressure-Spray-Dryer-1-300x300.jpg 300w, https:\/\/www.griffinmachinery.com\/wp-content\/uploads\/2022\/04\/Pressure-Spray-Dryer-1-150x150.jpg 150w, https:\/\/www.griffinmachinery.com\/wp-content\/uploads\/2022\/04\/Pressure-Spray-Dryer-1-100x100.jpg 100w, https:\/\/www.griffinmachinery.com\/wp-content\/uploads\/2022\/04\/Pressure-Spray-Dryer-1.jpg 600w\" sizes=\"auto, (max-width: 300px) 100vw, 300px\" \/><h2 class=\"woocommerce-loop-product__title\">Secador de Pulveriza\u00e7\u00e3o de Press\u00e3o<\/h2>\n<\/a><a href=\"https:\/\/www.griffinmachinery.com\/pt-br\/secador-de-pressao\/\" aria-describedby=\"woocommerce_loop_add_to_cart_link_describedby_4843\" data-quantity=\"1\" class=\"button product_type_simple \" data-product_id=\"4843\" data-product_sku=\"\" aria-label=\"Leia mais sobre &ldquo;Secador de Pulveriza\u00e7\u00e3o de Press\u00e3o&rdquo;\" rel=\"nofollow\" data-success_message=\"\">Leia mais<\/a>\t<span id=\"woocommerce_loop_add_to_cart_link_describedby_4843\" class=\"screen-reader-text\">\n\t\t\t<\/span>\n<\/li>\n<li class=\"desktop-align-center tablet-align-center mobile-align-center ast-product-gallery-layout-horizontal ast-product-tabs-layout-horizontal ast-qv-on-image product type-product post-4835 status-publish last instock product_cat-secador-a-vacuo has-post-thumbnail shipping-taxable product-type-simple\">\n\t<a href=\"https:\/\/www.griffinmachinery.com\/pt-br\/secadores-a-vacuo-congelados\/\" class=\"woocommerce-LoopProduct-link woocommerce-loop-product__link\"><img loading=\"lazy\" decoding=\"async\" width=\"300\" height=\"300\" src=\"https:\/\/www.griffinmachinery.com\/wp-content\/uploads\/2022\/04\/Vacuum-Freeze-Dryer-1-300x300.jpg\" class=\"attachment-woocommerce_thumbnail size-woocommerce_thumbnail\" alt=\"Secadores a v\u00e1cuo congelados (1)\" srcset=\"https:\/\/www.griffinmachinery.com\/wp-content\/uploads\/2022\/04\/Vacuum-Freeze-Dryer-1-300x300.jpg 300w, https:\/\/www.griffinmachinery.com\/wp-content\/uploads\/2022\/04\/Vacuum-Freeze-Dryer-1-150x150.jpg 150w, https:\/\/www.griffinmachinery.com\/wp-content\/uploads\/2022\/04\/Vacuum-Freeze-Dryer-1-100x100.jpg 100w, https:\/\/www.griffinmachinery.com\/wp-content\/uploads\/2022\/04\/Vacuum-Freeze-Dryer-1.jpg 600w\" sizes=\"auto, (max-width: 300px) 100vw, 300px\" \/><h2 class=\"woocommerce-loop-product__title\">Secadores a v\u00e1cuo congelados<\/h2>\n<\/a><a href=\"https:\/\/www.griffinmachinery.com\/pt-br\/secadores-a-vacuo-congelados\/\" aria-describedby=\"woocommerce_loop_add_to_cart_link_describedby_4835\" data-quantity=\"1\" class=\"button product_type_simple \" data-product_id=\"4835\" data-product_sku=\"\" aria-label=\"Leia mais sobre &ldquo;Secadores a v\u00e1cuo congelados&rdquo;\" rel=\"nofollow\" data-success_message=\"\">Leia mais<\/a>\t<span id=\"woocommerce_loop_add_to_cart_link_describedby_4835\" class=\"screen-reader-text\">\n\t\t\t<\/span>\n<\/li>\n<\/ul>\n<\/div>\r\n<h3>Verifique todos os equipamentos de secagem industrial<\/h3>\r\n<p><a role=\"button\" href=\"https:\/\/www.griffinmachinery.com\/pt-br\/produtos\/\" target=\"_self\" rel=\"noopener\"> Verifique agora <\/a><\/p>\r\n<h2>Sobre n\u00f3s<\/h2>\r\n<p>A Griffin Machinery \u00e9 uma grande empresa da ind\u00fastria de equipamentos de secagem da China, com direitos de importa\u00e7\u00e3o e exporta\u00e7\u00e3o autossustent\u00e1veis. Como vice-presidente da unidade da China General Machinery &amp; Drying Equipment Industry Association, membro da China Pharmaceutical Equipment Industry Association, membro da China Food Additives Industry Association.<\/p>\r\n<p>Nossa empresa passou pelo sistema de gest\u00e3o de qualidade ISO 9001:2000 e pela certifica\u00e7\u00e3o do sistema de gest\u00e3o ambiental ISO 14001:2004, e est\u00e1 liderando o desenvolvimento da ind\u00fastria com seus melhores esfor\u00e7os.<\/p>\r\n<p><img loading=\"lazy\" decoding=\"async\" title=\"F\u00e1brica de secadores industriais\" src=\"https:\/\/www.griffinmachinery.com\/wp-content\/uploads\/2022\/05\/Industrial-Dryer-Factory-600x400.png\" alt=\"F\u00e1brica de secadores industriais\" width=\"600\" height=\"400\" \/> <img loading=\"lazy\" decoding=\"async\" title=\"oficina 1\" src=\"https:\/\/www.griffinmachinery.com\/wp-content\/uploads\/2022\/05\/workshop-1.png\" alt=\"oficina 1\" width=\"1024\" height=\"682\" \/> <img loading=\"lazy\" decoding=\"async\" title=\"oficina 2\" src=\"https:\/\/www.griffinmachinery.com\/wp-content\/uploads\/2022\/05\/workshop-2.png\" alt=\"oficina 2\" width=\"1024\" height=\"682\" \/><\/p>\r\n<h2>Nosso time<\/h2>\r\n<p>Nossa empresa reuniu um grande n\u00famero de profissionais de alto n\u00edvel e alta qualidade; usando o sistema ERP avan\u00e7ado para implementar uma organiza\u00e7\u00e3o eficaz, coordena\u00e7\u00e3o, controle e gest\u00e3o padronizada dos v\u00e1rios recursos da empresa e todo o processo de produ\u00e7\u00e3o e opera\u00e7\u00e3o.<\/p>\r\n<p><img loading=\"lazy\" decoding=\"async\" title=\"Nosso time 1\" src=\"https:\/\/www.griffinmachinery.com\/wp-content\/uploads\/2022\/05\/Our-Team-1.png\" alt=\"Nosso time 1\" width=\"1024\" height=\"682\" \/> <img loading=\"lazy\" decoding=\"async\" title=\"Nosso time 2\" src=\"https:\/\/www.griffinmachinery.com\/wp-content\/uploads\/2022\/05\/Our-Team-2.png\" alt=\"Nosso time 2\" width=\"1024\" height=\"682\" \/> <img loading=\"lazy\" decoding=\"async\" title=\"Nosso time 3\" src=\"https:\/\/www.griffinmachinery.com\/wp-content\/uploads\/2022\/05\/Our-Team-3.png\" alt=\"Nosso time 3\" width=\"1024\" height=\"682\" \/><\/p>\r\n<h2>Pesquisa e Design<\/h2>\r\n<p>Ao mesmo tempo, implementamos interc\u00e2mbios t\u00e9cnicos com institui\u00e7\u00f5es de pesquisa cient\u00edfica relevantes e especialistas seniores do setor h\u00e1 muito tempo e desenvolvemos constantemente ideias para aprimorar as capacidades de pesquisa cient\u00edfica e inova\u00e7\u00e3o.<\/p>\r\n<p><img loading=\"lazy\" decoding=\"async\" title=\"Pesquisa e Design\" src=\"https:\/\/www.griffinmachinery.com\/wp-content\/uploads\/2022\/05\/RD.png\" alt=\"Pesquisa e Design\" width=\"400\" height=\"533\" \/> <img loading=\"lazy\" decoding=\"async\" title=\"Pesquisa e Design 1\" src=\"https:\/\/www.griffinmachinery.com\/wp-content\/uploads\/2022\/05\/RD-1.png\" alt=\"Pesquisa e Design 1\" width=\"400\" height=\"533\" \/> <img loading=\"lazy\" decoding=\"async\" title=\"Pesquisa e Design 2\" src=\"https:\/\/www.griffinmachinery.com\/wp-content\/uploads\/2022\/05\/RD-2.png\" alt=\"Pesquisa e Design 2\" width=\"400\" height=\"533\" \/> <img loading=\"lazy\" decoding=\"async\" title=\"Pesquisa e Design 3\" src=\"https:\/\/www.griffinmachinery.com\/wp-content\/uploads\/2022\/05\/RD-3.png\" alt=\"Pesquisa e Design 3\" width=\"400\" height=\"533\" \/><\/p>\r\n<h2>Nossos projetos<\/h2>\r\n<p>Nossos clientes v\u00eam de todo o mundo: EUA, Brasil, Cor\u00e9ia, Tail\u00e2ndia, Vietn\u00e3, Indon\u00e9sia, Mal\u00e1sia, Filipinas e outros pa\u00edses.<\/p>\r\n<p><img loading=\"lazy\" decoding=\"async\" title=\"Projeto de M\u00e1quina de Secagem Industrial\" src=\"https:\/\/www.griffinmachinery.com\/wp-content\/uploads\/2022\/05\/Industrial-Drying-Machine-Project.png\" alt=\"Projeto de M\u00e1quina de Secagem Industrial\" width=\"400\" height=\"533\" \/> <img loading=\"lazy\" decoding=\"async\" title=\"Projeto de M\u00e1quina de Secagem Industrial 1\" src=\"https:\/\/www.griffinmachinery.com\/wp-content\/uploads\/2022\/05\/Industrial-Drying-Machine-Project-1.png\" alt=\"Projeto de M\u00e1quina de Secagem Industrial 1\" width=\"400\" height=\"533\" \/> <img loading=\"lazy\" decoding=\"async\" title=\"Projeto de M\u00e1quina de Secagem Industrial 2\" src=\"https:\/\/www.griffinmachinery.com\/wp-content\/uploads\/2022\/05\/Industrial-Drying-Machine-Project-2.png\" alt=\"Projeto de M\u00e1quina de Secagem Industrial 2\" width=\"400\" height=\"533\" \/> <img loading=\"lazy\" decoding=\"async\" title=\"Projeto de M\u00e1quina de Secagem Industrial 3\" src=\"https:\/\/www.griffinmachinery.com\/wp-content\/uploads\/2022\/05\/Industrial-Drying-Machine-Project-3.png\" alt=\"Projeto de M\u00e1quina de Secagem Industrial 3\" width=\"400\" height=\"533\" \/><\/p>\r\n","protected":false},"excerpt":{"rendered":"<p>Fabricante de secadores industriais Fornecedor de Equipamentos e Sistemas de Secagem Somos especializados em pesquisar e desenvolver secadores e solu\u00e7\u00f5es industriais, como secadores de spray, secadores de esteira de malha, secadores de leito fluidizado, secadores [&hellip;]<\/p>\n","protected":false},"author":1,"featured_media":0,"parent":0,"menu_order":0,"comment_status":"closed","ping_status":"closed","template":"","meta":{"site-sidebar-layout":"no-sidebar","site-content-layout":"page-builder","ast-site-content-layout":"default","site-content-style":"default","site-sidebar-style":"default","ast-global-header-display":"","ast-banner-title-visibility":"","ast-main-header-display":"","ast-hfb-above-header-display":"","ast-hfb-below-header-display":"","ast-hfb-mobile-header-display":"","site-post-title":"disabled","ast-breadcrumbs-content":"","ast-featured-img":"disabled","footer-sml-layout":"","ast-disable-related-posts":"","theme-transparent-header-meta":"enabled","adv-header-id-meta":"","stick-header-meta":"default","header-above-stick-meta":"","header-main-stick-meta":"","header-below-stick-meta":"","astra-migrate-meta-layouts":"default","ast-page-background-enabled":"default","ast-page-background-meta":{"desktop":{"background-color":"","background-image":"","background-repeat":"repeat","background-position":"center center","background-size":"auto","background-attachment":"scroll","background-type":"","background-media":"","overlay-type":"","overlay-color":"","overlay-opacity":"","overlay-gradient":""},"tablet":{"background-color":"","background-image":"","background-repeat":"repeat","background-position":"center center","background-size":"auto","background-attachment":"scroll","background-type":"","background-media":"","overlay-type":"","overlay-color":"","overlay-opacity":"","overlay-gradient":""},"mobile":{"background-color":"","background-image":"","background-repeat":"repeat","background-position":"center center","background-size":"auto","background-attachment":"scroll","background-type":"","background-media":"","overlay-type":"","overlay-color":"","overlay-opacity":"","overlay-gradient":""}},"ast-content-background-meta":{"desktop":{"background-color":"var(--ast-global-color-5)","background-image":"","background-repeat":"repeat","background-position":"center center","background-size":"auto","background-attachment":"scroll","background-type":"","background-media":"","overlay-type":"","overlay-color":"","overlay-opacity":"","overlay-gradient":""},"tablet":{"background-color":"var(--ast-global-color-5)","background-image":"","background-repeat":"repeat","background-position":"center center","background-size":"auto","background-attachment":"scroll","background-type":"","background-media":"","overlay-type":"","overlay-color":"","overlay-opacity":"","overlay-gradient":""},"mobile":{"background-color":"var(--ast-global-color-5)","background-image":"","background-repeat":"repeat","background-position":"center center","background-size":"auto","background-attachment":"scroll","background-type":"","background-media":"","overlay-type":"","overlay-color":"","overlay-opacity":"","overlay-gradient":""}},"footnotes":""},"class_list":["post-4824","page","type-page","status-publish","hentry"],"_links":{"self":[{"href":"https:\/\/www.griffinmachinery.com\/pt-br\/wp-json\/wp\/v2\/pages\/4824","targetHints":{"allow":["GET"]}}],"collection":[{"href":"https:\/\/www.griffinmachinery.com\/pt-br\/wp-json\/wp\/v2\/pages"}],"about":[{"href":"https:\/\/www.griffinmachinery.com\/pt-br\/wp-json\/wp\/v2\/types\/page"}],"author":[{"embeddable":true,"href":"https:\/\/www.griffinmachinery.com\/pt-br\/wp-json\/wp\/v2\/users\/1"}],"replies":[{"embeddable":true,"href":"https:\/\/www.griffinmachinery.com\/pt-br\/wp-json\/wp\/v2\/comments?post=4824"}],"version-history":[{"count":0,"href":"https:\/\/www.griffinmachinery.com\/pt-br\/wp-json\/wp\/v2\/pages\/4824\/revisions"}],"wp:attachment":[{"href":"https:\/\/www.griffinmachinery.com\/pt-br\/wp-json\/wp\/v2\/media?parent=4824"}],"curies":[{"name":"wp","href":"https:\/\/api.w.org\/{rel}","templated":true}]}}