{"id":4823,"date":"2022-04-07T05:50:37","date_gmt":"2022-04-07T05:50:37","guid":{"rendered":"https:\/\/www.griffinmachinery.com\/politica-de-privacidade\/"},"modified":"2022-05-31T13:55:07","modified_gmt":"2022-05-31T13:55:07","slug":"politica-de-privacidade","status":"publish","type":"page","link":"https:\/\/www.griffinmachinery.com\/pt-br\/politica-de-privacidade\/","title":{"rendered":"Pol\u00edtica de Privacidade"},"content":{"rendered":"\n\n\t<p>Bem-vindo \u00e0 GriffinMachinery! Se visitar a nossa loja significa que aceita automaticamente todos estes termos e condi\u00e7\u00f5es. Leia atentamente todas as informa\u00e7\u00f5es sobre nossas diretrizes, termos e acordos.<\/p>\n<p>\u00c9 muito importante se preocupar com a informa\u00e7\u00e3o porque estamos vivendo em uma sociedade informacional e n\u00e3o se pode subestimar a forma como a informa\u00e7\u00e3o ser\u00e1 usada e compartilhada.<\/p>\n<p>A confian\u00e7a \u00e9 a pedra angular da amizade e agradecemos a sua decis\u00e3o de escolher a nossa loja. Estamos dando a voc\u00ea acesso total a diferentes tipos de informa\u00e7\u00f5es sobre sua conta.<\/p>\n<p>Al\u00e9m disso, observe que nosso site cont\u00e9m v\u00e1rias marcas registradas que podem pertencer tanto \u00e0 nossa empresa quanto a empresas de terceiros.<\/p>\n<p>O uso de logotipos, \u00edcones e nomes de servi\u00e7os \u00e9 proibido de qualquer maneira que possa causar confus\u00e3o entre nossos clientes e ser\u00e1 considerado uma viola\u00e7\u00e3o da lei de direitos autorais.<\/p>\n<p>Reservamo-nos o direito de fazer altera\u00e7\u00f5es a estes termos e condi\u00e7\u00f5es a qualquer momento sem aviso pr\u00e9vio.<\/p>\n<p>Ao usar este site, voc\u00ea concorda com os termos da vers\u00e3o mais recente desta Pol\u00edtica de Privacidade. Por favor, leia nossos Termos de Uso para entender as regras gerais sobre o uso deste site. Exceto conforme escrito em quaisquer outras isen\u00e7\u00f5es de responsabilidade, pol\u00edticas, Termos de Uso ou outros avisos neste site, esta Pol\u00edtica de Privacidade e os Termos de Uso s\u00e3o o acordo completo entre voc\u00ea e a GriffinMachinery.com com rela\u00e7\u00e3o ao uso deste site. Voc\u00ea pode estar sujeito a termos adicionais que podem ser aplicados ao acessar servi\u00e7os ou materiais espec\u00edficos em determinadas \u00e1reas deste site ou ao seguir um link deste site.<\/p>\n<h2>Introdu\u00e7\u00e3o<\/h2>\n<p>As informa\u00e7\u00f5es que recebemos e como as usamos dependem do que voc\u00ea faz ao visitar nosso site. Coletamos e usamos suas informa\u00e7\u00f5es n\u00e3o pessoais (informa\u00e7\u00f5es que n\u00e3o s\u00e3o identific\u00e1veis \u200b\u200bpara voc\u00ea pessoalmente) de maneira diferente das suas informa\u00e7\u00f5es pessoais.<\/p>\n<h2>O que s\u00e3o informa\u00e7\u00f5es n\u00e3o pessoais?<\/h2>\n<p>Informa\u00e7\u00f5es n\u00e3o pessoais s\u00e3o as informa\u00e7\u00f5es que coletamos por meio deste site que n\u00e3o nos identificam como uma pessoa f\u00edsica. Pode incluir informa\u00e7\u00f5es como as seguintes:<\/p>\n<ul>\n<li>o tipo de software de navegador da Web que voc\u00ea usa (por exemplo, Netscape Navigator ou Internet Explorer)<\/li>\n<li>o nome do dom\u00ednio a partir do qual voc\u00ea acessa a Internet<\/li>\n<li>o endere\u00e7o de Internet do site a partir do qual voc\u00ea se conectou diretamente ao nosso site<\/li>\n<li>a data e hora de acesso ao nosso site<\/li>\n<li>quais p\u00e1ginas voc\u00ea visitou em nosso site<\/li>\n<li>os termos de pesquisa que voc\u00ea usa<\/li>\n<li>os links em que voc\u00ea clica<\/li>\n<li>informa\u00e7\u00f5es pessoais que se tornaram n\u00e3o pessoais ou an\u00f4nimas (ou seja, informa\u00e7\u00f5es que n\u00e3o refletem mais ou fazem refer\u00eancia a um usu\u00e1rio individualmente identific\u00e1vel)<\/li>\n<\/ul>\n<p>Se voc\u00ea visitar nosso site para ler ou fazer download de informa\u00e7\u00f5es, como informa\u00e7\u00f5es sobre uma condi\u00e7\u00e3o de sa\u00fade ou sobre um de nossos produtos, poderemos coletar determinadas informa\u00e7\u00f5es n\u00e3o pessoais sobre voc\u00ea em seu computador. Essas informa\u00e7\u00f5es s\u00e3o coletadas do navegador da web do seu computador: Se voc\u00ea apenas ler ou baixar informa\u00e7\u00f5es em nosso site, n\u00e3o coletaremos ou saberemos seu nome, endere\u00e7o de e-mail, endere\u00e7o residencial ou outras informa\u00e7\u00f5es pessoais sobre voc\u00ea. Podemos colocar um arquivo de texto chamado cookie nos arquivos do navegador do seu computador quando voc\u00ea o visita. O cookie pode ser armazenado no disco r\u00edgido do seu computador. As informa\u00e7\u00f5es que coletamos usando cookies s\u00e3o informa\u00e7\u00f5es n\u00e3o pessoais. Voc\u00ea est\u00e1 sempre livre para recusar nossos cookies se o seu navegador permitir, mas algumas partes do nosso site podem n\u00e3o funcionar corretamente para voc\u00ea se voc\u00ea fizer isso. N\u00e3o permitiremos que terceiros, exceto as empresas que contratamos, executem servi\u00e7os ou fun\u00e7\u00f5es em nosso nome, coloquem cookies em nosso site.<\/p>\n<h2>O que GriffinMachinery.com faz com informa\u00e7\u00f5es n\u00e3o pessoais?<\/h2>\n<p>Como as informa\u00e7\u00f5es n\u00e3o pessoais n\u00e3o podem identific\u00e1-lo ou estar vinculadas a voc\u00ea de forma alguma, n\u00e3o h\u00e1 restri\u00e7\u00f5es sobre as maneiras pelas quais podemos usar ou compartilhar informa\u00e7\u00f5es n\u00e3o pessoais. Estamos sempre procurando maneiras de melhor atend\u00ea-lo e melhorar este site. Usaremos suas informa\u00e7\u00f5es n\u00e3o pessoais para nos ajudar a tornar este site mais \u00fatil para os visitantes. Tamb\u00e9m usaremos informa\u00e7\u00f5es n\u00e3o pessoais para outros fins comerciais. Por exemplo, podemos usar informa\u00e7\u00f5es n\u00e3o pessoais ou agregar informa\u00e7\u00f5es n\u00e3o pessoais para:<\/p>\n<ul>\n<li>criar relat\u00f3rios para uso interno para desenvolver programas, produtos, servi\u00e7os ou conte\u00fado<\/li>\n<li>personalizar as informa\u00e7\u00f5es ou servi\u00e7os que s\u00e3o de seu interesse<\/li>\n<li>Compartilhe ou venda para terceiros<\/li>\n<li>fornecer &#8220;estat\u00edsticas de tr\u00e1fego&#8221; agregadas e &#8220;taxas de resposta&#8221; a terceiros<\/li>\n<li>O que s\u00e3o informa\u00e7\u00f5es pessoais?<\/li>\n<\/ul>\n<p>Informa\u00e7\u00f5es pessoais s\u00e3o as informa\u00e7\u00f5es que coletamos por meio deste site que podemos usar para identific\u00e1-lo especificamente, como:<\/p>\n<ul>\n<li>nome<\/li>\n<li>n\u00famero de telefone<\/li>\n<li>endere\u00e7o de email<\/li>\n<li>n\u00famero de s\u00e9rie do dispositivo m\u00e9dico<\/li>\n<li>informa\u00e7\u00f5es pessoais de sa\u00fade<\/li>\n<li>data de nascimento<\/li>\n<\/ul>\n<p>Em alguns lugares deste site, voc\u00ea tem a oportunidade de nos enviar informa\u00e7\u00f5es pessoais sobre voc\u00ea, optar por receber informa\u00e7\u00f5es espec\u00edficas ou participar de uma atividade. Por exemplo, voc\u00ea pode preencher um formul\u00e1rio de registro, uma pesquisa ou um formul\u00e1rio de e-mail e pode optar por receber material educacional sobre nossos produtos e terapias.<\/p>\n<p>Voc\u00ea tamb\u00e9m pode optar por permitir que personalizemos suas visitas ao site, caso em que solicitaremos determinadas informa\u00e7\u00f5es pessoais para tornar suas visitas ao nosso site mais \u00fateis para voc\u00ea. Quando essas informa\u00e7\u00f5es s\u00e3o combinadas com as informa\u00e7\u00f5es n\u00e3o pessoais que coletamos por meio de cookies (descritos acima), podemos dizer que voc\u00ea j\u00e1 visitou nosso site antes e podemos personalizar seu acesso ao nosso site, por exemplo, informando sobre novos recursos que podem ser do seu interesse.<\/p>\n<h2>Como GriffinMachinery.com mant\u00e9m e usa informa\u00e7\u00f5es pessoais?<\/h2>\n<p>Podemos manter e usar as informa\u00e7\u00f5es pessoais que coletamos de voc\u00ea por meio deste site para fornecer acesso a este site. Al\u00e9m disso, podemos manter e usar suas informa\u00e7\u00f5es pessoais:<\/p>\n<ul>\n<li>para responder aos seus pedidos<\/li>\n<li>para personalizar seu acesso ao nosso site, por exemplo, informando sobre novos recursos que podem ser do seu interesse<\/li>\n<li>para desenvolver registros, incluindo registros de suas informa\u00e7\u00f5es pessoais<\/li>\n<li>para contat\u00e1-lo com informa\u00e7\u00f5es que possam ser de seu interesse, incluindo informa\u00e7\u00f5es sobre ensaios cl\u00ednicos e sobre produtos e servi\u00e7os nossos e de outros<\/li>\n<li>para fins anal\u00edticos e para pesquisar, desenvolver e melhorar programas, produtos, servi\u00e7os e conte\u00fado<\/li>\n<li>para remover seus identificadores pessoais (seu nome, endere\u00e7o de e-mail, n\u00famero de seguran\u00e7a social, etc). Nesse caso, voc\u00ea n\u00e3o seria mais identificado como um \u00fanico indiv\u00edduo \u00fanico. Assim que tivermos informa\u00e7\u00f5es desidentificadas, trata-se de informa\u00e7\u00f5es n\u00e3o pessoais e podemos trat\u00e1-las como outras informa\u00e7\u00f5es n\u00e3o pessoais.<\/li>\n<li>para fazer cumprir esta Declara\u00e7\u00e3o de Privacidade e outras regras sobre o uso deste site<\/li>\n<li>para proteger nossos direitos ou propriedade<\/li>\n<li>para proteger a sa\u00fade, seguran\u00e7a ou bem-estar de algu\u00e9m<\/li>\n<li>para cumprir uma lei ou regulamento, ordem judicial ou outros processos legais<\/li>\n<\/ul>\n<p>N\u00e3o temos um m\u00e9todo para revisar informa\u00e7\u00f5es pessoais ou n\u00e3o pessoais coletadas por meio deste site.<\/p>\n<h2>A GriffinMachinery.com alguma vez compartilha informa\u00e7\u00f5es pessoais com terceiros?<\/h2>\n<p>A GriffinMachinery.com n\u00e3o compartilhar\u00e1 suas informa\u00e7\u00f5es pessoais coletadas neste site com terceiros n\u00e3o relacionados sem sua permiss\u00e3o, exceto conforme disposto de outra forma nesta Declara\u00e7\u00e3o de Privacidade.<\/p>\n<p>No curso normal dos neg\u00f3cios, podemos compartilhar algumas informa\u00e7\u00f5es pessoais com empresas que contratamos para realizar servi\u00e7os ou fun\u00e7\u00f5es em nosso nome. Em todos os casos em que compartilharmos suas informa\u00e7\u00f5es pessoais com terceiros, n\u00e3o os autorizaremos a manter, divulgar ou usar suas informa\u00e7\u00f5es com terceiros, exceto para fins de fornecer os servi\u00e7os que solicitamos. N\u00e3o venderemos, trocaremos ou publicaremos suas informa\u00e7\u00f5es pessoais, exceto em conjunto com uma venda, fus\u00e3o, dissolu\u00e7\u00e3o ou aquisi\u00e7\u00e3o corporativa.<\/p>\n<p>Podemos ser legalmente obrigados a divulgar suas informa\u00e7\u00f5es pessoais em resposta a uma ordem judicial, intima\u00e7\u00e3o, mandado de busca, lei ou regulamento. Podemos cooperar com as autoridades policiais para investigar e processar os visitantes do site que violam nossas regras ou se envolvem em comportamentos prejudiciais a outros visitantes (ou ilegais).<\/p>\n<h2>E quanto \u00e0 privacidade em outros sites?<\/h2>\n<p>Este site pode conter links para outros sites. Alguns desses sites podem ser operados pela GriffinMachinery e alguns podem ser operados por terceiros. Fornecemos os links para sua conveni\u00eancia, mas n\u00e3o revisamos, controlamos ou monitoramos as pr\u00e1ticas de privacidade de sites operados por terceiros. Esta Declara\u00e7\u00e3o de Privacidade n\u00e3o se aplica a nenhum outro site, mesmo aos outros sites GriffinMachinery.com. N\u00e3o somos respons\u00e1veis \u200b\u200bpelo desempenho de sites operados por terceiros ou por seus neg\u00f3cios com eles. Portanto, sempre que voc\u00ea sair deste site, recomendamos que voc\u00ea revise as pr\u00e1ticas de privacidade de cada site e tire suas pr\u00f3prias conclus\u00f5es sobre a adequa\u00e7\u00e3o dessas pr\u00e1ticas.<\/p>\n<h2>A GriffinMachinery.com alguma vez se comunica diretamente com os visitantes deste site?<\/h2>\n<p>Podemos contat\u00e1-lo periodicamente por e-mail, correio ou telefone se voc\u00ea concordar com esse contato para fornecer informa\u00e7\u00f5es sobre programas, produtos, servi\u00e7os e conte\u00fado que possam ser de seu interesse. Al\u00e9m disso, alguns dos recursos deste site permitem que voc\u00ea se comunique conosco usando um formul\u00e1rio online. Se sua comunica\u00e7\u00e3o solicitar uma resposta nossa, enviaremos uma resposta por e-mail. A resposta ou confirma\u00e7\u00e3o de e-mail pode incluir suas informa\u00e7\u00f5es pessoais, incluindo informa\u00e7\u00f5es pessoais sobre sua sa\u00fade, seu nome, endere\u00e7o, etc. N\u00e3o podemos garantir que nossos e-mails para voc\u00ea estejam protegidos contra intercepta\u00e7\u00e3o n\u00e3o autorizada.<\/p>\n<h2>E a seguran\u00e7a do site?<\/h2>\n<p>A seguran\u00e7a \u00e9 muito importante para n\u00f3s. Tamb\u00e9m entendemos que a seguran\u00e7a \u00e9 importante para voc\u00ea. Tomamos medidas razo\u00e1veis \u200b\u200bpara proteger suas informa\u00e7\u00f5es pessoais contra perda, uso indevido e acesso n\u00e3o autorizado, divulga\u00e7\u00e3o, altera\u00e7\u00e3o ou destrui\u00e7\u00e3o. Voc\u00ea deve ter em mente que nenhuma transmiss\u00e3o pela Internet \u00e9 100% segura ou livre de erros. Em particular, e-mails enviados de ou para este site podem n\u00e3o ser seguros e, portanto, voc\u00ea deve tomar cuidado especial ao decidir quais informa\u00e7\u00f5es nos envia por e-mail.<\/p>\n\n","protected":false},"excerpt":{"rendered":"<p>Bem-vindo \u00e0 GriffinMachinery! Se visitar a nossa loja significa que aceita automaticamente todos estes termos e condi\u00e7\u00f5es. Leia atentamente todas as informa\u00e7\u00f5es sobre nossas diretrizes, termos e acordos. \u00c9 muito importante se preocupar com a [&hellip;]<\/p>\n","protected":false},"author":1,"featured_media":0,"parent":0,"menu_order":0,"comment_status":"closed","ping_status":"closed","template":"","meta":{"site-sidebar-layout":"default","site-content-layout":"default","ast-site-content-layout":"default","site-content-style":"default","site-sidebar-style":"default","ast-global-header-display":"","ast-banner-title-visibility":"","ast-main-header-display":"","ast-hfb-above-header-display":"","ast-hfb-below-header-display":"","ast-hfb-mobile-header-display":"","site-post-title":"","ast-breadcrumbs-content":"","ast-featured-img":"","footer-sml-layout":"","ast-disable-related-posts":"","theme-transparent-header-meta":"default","adv-header-id-meta":"","stick-header-meta":"default","header-above-stick-meta":"","header-main-stick-meta":"","header-below-stick-meta":"","astra-migrate-meta-layouts":"default","ast-page-background-enabled":"default","ast-page-background-meta":{"desktop":{"background-color":"","background-image":"","background-repeat":"repeat","background-position":"center center","background-size":"auto","background-attachment":"scroll","background-type":"","background-media":"","overlay-type":"","overlay-color":"","overlay-opacity":"","overlay-gradient":""},"tablet":{"background-color":"","background-image":"","background-repeat":"repeat","background-position":"center center","background-size":"auto","background-attachment":"scroll","background-type":"","background-media":"","overlay-type":"","overlay-color":"","overlay-opacity":"","overlay-gradient":""},"mobile":{"background-color":"","background-image":"","background-repeat":"repeat","background-position":"center center","background-size":"auto","background-attachment":"scroll","background-type":"","background-media":"","overlay-type":"","overlay-color":"","overlay-opacity":"","overlay-gradient":""}},"ast-content-background-meta":{"desktop":{"background-color":"var(--ast-global-color-5)","background-image":"","background-repeat":"repeat","background-position":"center center","background-size":"auto","background-attachment":"scroll","background-type":"","background-media":"","overlay-type":"","overlay-color":"","overlay-opacity":"","overlay-gradient":""},"tablet":{"background-color":"var(--ast-global-color-5)","background-image":"","background-repeat":"repeat","background-position":"center center","background-size":"auto","background-attachment":"scroll","background-type":"","background-media":"","overlay-type":"","overlay-color":"","overlay-opacity":"","overlay-gradient":""},"mobile":{"background-color":"var(--ast-global-color-5)","background-image":"","background-repeat":"repeat","background-position":"center center","background-size":"auto","background-attachment":"scroll","background-type":"","background-media":"","overlay-type":"","overlay-color":"","overlay-opacity":"","overlay-gradient":""}},"footnotes":""},"class_list":["post-4823","page","type-page","status-publish","hentry"],"_links":{"self":[{"href":"https:\/\/www.griffinmachinery.com\/pt-br\/wp-json\/wp\/v2\/pages\/4823","targetHints":{"allow":["GET"]}}],"collection":[{"href":"https:\/\/www.griffinmachinery.com\/pt-br\/wp-json\/wp\/v2\/pages"}],"about":[{"href":"https:\/\/www.griffinmachinery.com\/pt-br\/wp-json\/wp\/v2\/types\/page"}],"author":[{"embeddable":true,"href":"https:\/\/www.griffinmachinery.com\/pt-br\/wp-json\/wp\/v2\/users\/1"}],"replies":[{"embeddable":true,"href":"https:\/\/www.griffinmachinery.com\/pt-br\/wp-json\/wp\/v2\/comments?post=4823"}],"version-history":[{"count":0,"href":"https:\/\/www.griffinmachinery.com\/pt-br\/wp-json\/wp\/v2\/pages\/4823\/revisions"}],"wp:attachment":[{"href":"https:\/\/www.griffinmachinery.com\/pt-br\/wp-json\/wp\/v2\/media?parent=4823"}],"curies":[{"name":"wp","href":"https:\/\/api.w.org\/{rel}","templated":true}]}}