{"id":4822,"date":"2018-06-18T06:58:10","date_gmt":"2018-06-18T06:58:10","guid":{"rendered":"https:\/\/www.griffinmachinery.com\/contato\/"},"modified":"2023-05-08T02:56:07","modified_gmt":"2023-05-08T02:56:07","slug":"contato","status":"publish","type":"page","link":"https:\/\/www.griffinmachinery.com\/pt-br\/contato\/","title":{"rendered":"Contato"},"content":{"rendered":"\n\n\t<h1>\n\t\t\t\t\tEntre em contato\n\t\t\t\t<\/h1>\n\t\n<div class=\"wpcf7 no-js\" id=\"wpcf7-f4830-o1\" lang=\"pt-BR\" dir=\"ltr\" data-wpcf7-id=\"4830\">\n<div class=\"screen-reader-response\"><p role=\"status\" aria-live=\"polite\" aria-atomic=\"true\"><\/p> <ul><\/ul><\/div>\n<form action=\"\/pt-br\/wp-json\/wp\/v2\/pages\/4822#wpcf7-f4830-o1\" method=\"post\" class=\"wpcf7-form init\" aria-label=\"Formul\u00e1rios de contato\" novalidate=\"novalidate\" data-status=\"init\">\n<fieldset class=\"hidden-fields-container\"><input type=\"hidden\" name=\"_wpcf7\" value=\"4830\" \/><input type=\"hidden\" name=\"_wpcf7_version\" value=\"6.1.5\" \/><input type=\"hidden\" name=\"_wpcf7_locale\" value=\"pt_BR\" \/><input type=\"hidden\" name=\"_wpcf7_unit_tag\" value=\"wpcf7-f4830-o1\" \/><input type=\"hidden\" name=\"_wpcf7_container_post\" value=\"0\" \/><input type=\"hidden\" name=\"_wpcf7_posted_data_hash\" value=\"\" \/><input type=\"hidden\" name=\"_wpcf7_recaptcha_response\" value=\"\" \/>\n<\/fieldset>\n<p><label> Seu nome<br \/>\n<span class=\"wpcf7-form-control-wrap\" data-name=\"your-name\"><input size=\"40\" maxlength=\"400\" class=\"wpcf7-form-control wpcf7-text wpcf7-validates-as-required\" aria-required=\"true\" aria-invalid=\"false\" value=\"\" type=\"text\" name=\"your-name\" \/><\/span> <\/label>\n<\/p>\n<p><label> Seu e-mail<br \/>\n<span class=\"wpcf7-form-control-wrap\" data-name=\"your-email\"><input size=\"40\" maxlength=\"400\" class=\"wpcf7-form-control wpcf7-email wpcf7-validates-as-required wpcf7-text wpcf7-validates-as-email\" aria-required=\"true\" aria-invalid=\"false\" value=\"\" type=\"email\" name=\"your-email\" \/><\/span> <\/label>\n<\/p>\n<p><label> N\u00famero de telefone (opcional)<br \/>\n<span class=\"wpcf7-form-control-wrap\" data-name=\"tel-157\"><input size=\"40\" maxlength=\"400\" class=\"wpcf7-form-control wpcf7-tel wpcf7-text wpcf7-validates-as-tel\" aria-invalid=\"false\" value=\"\" type=\"tel\" name=\"tel-157\" \/><\/span> <\/label>\n<\/p>\n<p><label> Sua mensagem<br \/>\n<span class=\"wpcf7-form-control-wrap\" data-name=\"your-message\"><textarea cols=\"40\" rows=\"10\" maxlength=\"2000\" class=\"wpcf7-form-control wpcf7-textarea wpcf7-validates-as-required\" aria-required=\"true\" aria-invalid=\"false\" name=\"your-message\"><\/textarea><\/span> <\/label>\n<\/p>\n<p><span class=\"wpcf7-form-control-wrap\" data-name=\"quiz-747\"><label><span class=\"wpcf7-quiz-label\">2+6=?<\/span> <input size=\"40\" class=\"wpcf7-form-control wpcf7-quiz\" autocomplete=\"off\" aria-required=\"true\" aria-invalid=\"false\" type=\"text\" name=\"quiz-747\" \/><\/label><input type=\"hidden\" name=\"_wpcf7_quiz_answer_quiz-747\" value=\"b92383fac706b700c4f8d69faa457125\" \/><\/span>\n<\/p>\n<p><input class=\"wpcf7-form-control wpcf7-submit has-spinner\" type=\"submit\" value=\"Enviar\" \/>\n<\/p><div class=\"wpcf7-response-output\" aria-hidden=\"true\"><\/div>\n<\/form>\n<\/div>\n\n\t<p>A fim de fornecer solu\u00e7\u00f5es t\u00e9cnicas espec\u00edficas e detalhadas. Forne\u00e7a-nos as seguintes informa\u00e7\u00f5es abaixo:<\/p>\n<ol>\n<li>Nome do material:<\/li>\n<li>Requisitos de produ\u00e7\u00e3o:<\/li>\n<li>Tipos de fontes de calor:<\/li>\n<li>Umidade inicial do material \/ umidade final (teor de s\u00f3lidos):<\/li>\n<\/ol>\n<h2>\n\t\tEntrando em contato conosco!\n\t<\/h2>\n\t<ul>\n\t\t<li>\t\t\t\t\n\t\t No. 198, Yunhe Rd, Chang Zhou<p>&#8211; 213023, Jiangsu, China<\/p><\/li>\t<\/ul>\n\t<ul>\n\t\t<li>\t\t\t\t\n\t\t+86-17605290094<\/li>\t<\/ul>\n\t<ul>\n\t\t<li>\t\t\t\t\n\t\tinfo@griffinmachinery.com<\/li>\t<\/ul>\n\t<style type=\"text\/css\"><\/style><div class=\"ufaqsw_container_default ufaqsw_container_default_4828 ufaqsw_element_group_src\"> \n\n\t\t\t<h2 class=\"ufaqsw_faq_title ufaqsw_faq_title_4828\">Perguntas Frequentes<\/h2>\n\t\n\t\n\t\t<div class=\"ufaqsw_toggle_default ufaqsw_toggle_default_4828 ufaqsw_element_src\">\n\t\t\t<div class=\"ufaqsw-toggle-title-area-default ufaqsw-toggle-title-area-default_4828\"\n\t\t\trole=\"button\"\n\t\t\ttabindex=\"0\"\n\t\t\taria-expanded=\"false\"\n\t\t\taria-controls=\"ufaqsw_faq_answer_1_4828\"\n\t\t\taria-label=\"Onde est\u00e1 sua f\u00e1brica?\"\n\t\t\t>\n\t\t\t\t<div class=\"ufaqsw-title-name-default ufaqsw-title-name-default_4828\">\n\t\t\t\t\t<span class=\"ufaqsw-default-icon\">\n\t\t\t\t\t\t<i class=\"fa fa fa-plus\" aria-hidden=\"true\"><\/i>\n\t\t\t\t\t\t<i class=\"fa fa fa-minus\" id=\"ufaqsw_other_style\" aria-hidden=\"true\"><\/i>\n\t\t\t\t\t<\/span>\t\t\t\t\n\t\t\t\t\t<span class=\"ufaqsw-default-title ufaqsw_faq_question_src\">Onde est\u00e1 sua f\u00e1brica?<\/span>\n\t\t\t\t<\/div>\n\t\t\t<\/div>\n\t\t\t<div class=\"ufaqsw-toggle-inner-default ufaqsw-toggle-inner-default_4828 ufaqsw_faq_answer_src\"\n\t\t\tid=\"ufaqsw_faq_answer_1_4828\"\n\t\t\taria-hidden=\"true\"\n\t\t\taria-labelledby=\"ufaqsw_faq_answer_1_4828\"\n\t\t\tstyle=\"display:none\"\t\t\t>\n\t\t\tEstamos localizados na cidade de Changzhou, perto de Xangai.\t\t\t<\/div>\n\t\t<\/div><!-- END OF TOGGLE -->\n\n\t\t\n\t\t<div class=\"ufaqsw_toggle_default ufaqsw_toggle_default_4828 ufaqsw_element_src\">\n\t\t\t<div class=\"ufaqsw-toggle-title-area-default ufaqsw-toggle-title-area-default_4828\"\n\t\t\trole=\"button\"\n\t\t\ttabindex=\"0\"\n\t\t\taria-expanded=\"false\"\n\t\t\taria-controls=\"ufaqsw_faq_answer_2_4828\"\n\t\t\taria-label=\"Qual \u00e9 a qualidade da sua m\u00e1quina?\"\n\t\t\t>\n\t\t\t\t<div class=\"ufaqsw-title-name-default ufaqsw-title-name-default_4828\">\n\t\t\t\t\t<span class=\"ufaqsw-default-icon\">\n\t\t\t\t\t\t<i class=\"fa fa fa-plus\" aria-hidden=\"true\"><\/i>\n\t\t\t\t\t\t<i class=\"fa fa fa-minus\" id=\"ufaqsw_other_style\" aria-hidden=\"true\"><\/i>\n\t\t\t\t\t<\/span>\t\t\t\t\n\t\t\t\t\t<span class=\"ufaqsw-default-title ufaqsw_faq_question_src\">Qual \u00e9 a qualidade da sua m\u00e1quina?<\/span>\n\t\t\t\t<\/div>\n\t\t\t<\/div>\n\t\t\t<div class=\"ufaqsw-toggle-inner-default ufaqsw-toggle-inner-default_4828 ufaqsw_faq_answer_src\"\n\t\t\tid=\"ufaqsw_faq_answer_2_4828\"\n\t\t\taria-hidden=\"true\"\n\t\t\taria-labelledby=\"ufaqsw_faq_answer_2_4828\"\n\t\t\tstyle=\"display:none\"\t\t\t>\n\t\t\t<p>Nossa empresa segue rigorosos controles de qualidade e diversos procedimentos sistem\u00e1ticos. Prezamos pela qualidade em todas as etapas do processo de fabrica\u00e7\u00e3o. Voc\u00ea pode ter certeza da qualidade absolutamente.<\/p>\n\t\t\t<\/div>\n\t\t<\/div><!-- END OF TOGGLE -->\n\n\t\t\n\t\t<div class=\"ufaqsw_toggle_default ufaqsw_toggle_default_4828 ufaqsw_element_src\">\n\t\t\t<div class=\"ufaqsw-toggle-title-area-default ufaqsw-toggle-title-area-default_4828\"\n\t\t\trole=\"button\"\n\t\t\ttabindex=\"0\"\n\t\t\taria-expanded=\"false\"\n\t\t\taria-controls=\"ufaqsw_faq_answer_3_4828\"\n\t\t\taria-label=\"Qual \u00e9 o per\u00edodo de garantia?\"\n\t\t\t>\n\t\t\t\t<div class=\"ufaqsw-title-name-default ufaqsw-title-name-default_4828\">\n\t\t\t\t\t<span class=\"ufaqsw-default-icon\">\n\t\t\t\t\t\t<i class=\"fa fa fa-plus\" aria-hidden=\"true\"><\/i>\n\t\t\t\t\t\t<i class=\"fa fa fa-minus\" id=\"ufaqsw_other_style\" aria-hidden=\"true\"><\/i>\n\t\t\t\t\t<\/span>\t\t\t\t\n\t\t\t\t\t<span class=\"ufaqsw-default-title ufaqsw_faq_question_src\">Qual \u00e9 o per\u00edodo de garantia?<\/span>\n\t\t\t\t<\/div>\n\t\t\t<\/div>\n\t\t\t<div class=\"ufaqsw-toggle-inner-default ufaqsw-toggle-inner-default_4828 ufaqsw_faq_answer_src\"\n\t\t\tid=\"ufaqsw_faq_answer_3_4828\"\n\t\t\taria-hidden=\"true\"\n\t\t\taria-labelledby=\"ufaqsw_faq_answer_3_4828\"\n\t\t\tstyle=\"display:none\"\t\t\t>\n\t\t\t<p>24 horas de resposta oportuna para e-mail e telefonemas. Forneceremos uma garantia de um ano para garantir que sua m\u00e1quina funcione de forma consistente.<\/p>\n\t\t\t<\/div>\n\t\t<\/div><!-- END OF TOGGLE -->\n\n\t\t\n\t\t<div class=\"ufaqsw_toggle_default ufaqsw_toggle_default_4828 ufaqsw_element_src\">\n\t\t\t<div class=\"ufaqsw-toggle-title-area-default ufaqsw-toggle-title-area-default_4828\"\n\t\t\trole=\"button\"\n\t\t\ttabindex=\"0\"\n\t\t\taria-expanded=\"false\"\n\t\t\taria-controls=\"ufaqsw_faq_answer_4_4828\"\n\t\t\taria-label=\"Qual \u00e9 o prazo de pagamento?\"\n\t\t\t>\n\t\t\t\t<div class=\"ufaqsw-title-name-default ufaqsw-title-name-default_4828\">\n\t\t\t\t\t<span class=\"ufaqsw-default-icon\">\n\t\t\t\t\t\t<i class=\"fa fa fa-plus\" aria-hidden=\"true\"><\/i>\n\t\t\t\t\t\t<i class=\"fa fa fa-minus\" id=\"ufaqsw_other_style\" aria-hidden=\"true\"><\/i>\n\t\t\t\t\t<\/span>\t\t\t\t\n\t\t\t\t\t<span class=\"ufaqsw-default-title ufaqsw_faq_question_src\">Qual \u00e9 o prazo de pagamento?<\/span>\n\t\t\t\t<\/div>\n\t\t\t<\/div>\n\t\t\t<div class=\"ufaqsw-toggle-inner-default ufaqsw-toggle-inner-default_4828 ufaqsw_faq_answer_src\"\n\t\t\tid=\"ufaqsw_faq_answer_4_4828\"\n\t\t\taria-hidden=\"true\"\n\t\t\taria-labelledby=\"ufaqsw_faq_answer_4_4828\"\n\t\t\tstyle=\"display:none\"\t\t\t>\n\t\t\t<p>Nosso prazo de pagamento regular \u00e9 de 30% tt adiantado, 70% tt antes do envio.<\/p>\n\t\t\t<\/div>\n\t\t<\/div><!-- END OF TOGGLE -->\n\n\t\t\n\t\t<div class=\"ufaqsw_toggle_default ufaqsw_toggle_default_4828 ufaqsw_element_src\">\n\t\t\t<div class=\"ufaqsw-toggle-title-area-default ufaqsw-toggle-title-area-default_4828\"\n\t\t\trole=\"button\"\n\t\t\ttabindex=\"0\"\n\t\t\taria-expanded=\"false\"\n\t\t\taria-controls=\"ufaqsw_faq_answer_5_4828\"\n\t\t\taria-label=\"Seu pre\u00e7o inclui frete?\"\n\t\t\t>\n\t\t\t\t<div class=\"ufaqsw-title-name-default ufaqsw-title-name-default_4828\">\n\t\t\t\t\t<span class=\"ufaqsw-default-icon\">\n\t\t\t\t\t\t<i class=\"fa fa fa-plus\" aria-hidden=\"true\"><\/i>\n\t\t\t\t\t\t<i class=\"fa fa fa-minus\" id=\"ufaqsw_other_style\" aria-hidden=\"true\"><\/i>\n\t\t\t\t\t<\/span>\t\t\t\t\n\t\t\t\t\t<span class=\"ufaqsw-default-title ufaqsw_faq_question_src\">Seu pre\u00e7o inclui frete?<\/span>\n\t\t\t\t<\/div>\n\t\t\t<\/div>\n\t\t\t<div class=\"ufaqsw-toggle-inner-default ufaqsw-toggle-inner-default_4828 ufaqsw_faq_answer_src\"\n\t\t\tid=\"ufaqsw_faq_answer_5_4828\"\n\t\t\taria-hidden=\"true\"\n\t\t\taria-labelledby=\"ufaqsw_faq_answer_5_4828\"\n\t\t\tstyle=\"display:none\"\t\t\t>\n\t\t\t<p>Nosso pre\u00e7o usual \u00e9 baseado em FOB Shanghai. Podemos fornecer uma cota\u00e7\u00e3o CIF mediante solicita\u00e7\u00e3o.<\/p>\n\t\t\t<\/div>\n\t\t<\/div><!-- END OF TOGGLE -->\n\n\t\t\n<\/div>\n\n<h2>\n\t\tVisite-Nos\n\t<\/h2>\n\t<iframe src=\"https:\/\/www.google.com\/maps\/embed?pb=!1m18!1m12!1m3!1d3390.2927421824006!2d119.88542131515791!3d31.817019981272452!2m3!1f0!2f0!3f0!3m2!1i1024!2i768!4f13.1!3m3!1m2!1s0x35b4149e3c70d0b3%3A0x8fff5da241c321f8!2sYun%20He%20Lu%2C%20China%2C%20213023!5e0!3m2!1sen!2sus!4v1649332227824!5m2!1sen!2sus\" width=\"100%\" height=\"450\" allowfullscreen=\"\" loading=\"lazy\" referrerpolicy=\"no-referrer-when-downgrade\"><\/iframe>\n\n","protected":false},"excerpt":{"rendered":"","protected":false},"author":1,"featured_media":0,"parent":0,"menu_order":0,"comment_status":"closed","ping_status":"closed","template":"","meta":{"site-sidebar-layout":"no-sidebar","site-content-layout":"page-builder","ast-site-content-layout":"default","site-content-style":"default","site-sidebar-style":"default","ast-global-header-display":"","ast-banner-title-visibility":"","ast-main-header-display":"","ast-hfb-above-header-display":"","ast-hfb-below-header-display":"","ast-hfb-mobile-header-display":"","site-post-title":"disabled","ast-breadcrumbs-content":"","ast-featured-img":"disabled","footer-sml-layout":"","ast-disable-related-posts":"","theme-transparent-header-meta":"enabled","adv-header-id-meta":"","stick-header-meta":"","header-above-stick-meta":"","header-main-stick-meta":"","header-below-stick-meta":"","astra-migrate-meta-layouts":"default","ast-page-background-enabled":"default","ast-page-background-meta":{"desktop":{"background-color":"","background-image":"","background-repeat":"repeat","background-position":"center center","background-size":"auto","background-attachment":"scroll","background-type":"","background-media":"","overlay-type":"","overlay-color":"","overlay-opacity":"","overlay-gradient":""},"tablet":{"background-color":"","background-image":"","background-repeat":"repeat","background-position":"center center","background-size":"auto","background-attachment":"scroll","background-type":"","background-media":"","overlay-type":"","overlay-color":"","overlay-opacity":"","overlay-gradient":""},"mobile":{"background-color":"","background-image":"","background-repeat":"repeat","background-position":"center center","background-size":"auto","background-attachment":"scroll","background-type":"","background-media":"","overlay-type":"","overlay-color":"","overlay-opacity":"","overlay-gradient":""}},"ast-content-background-meta":{"desktop":{"background-color":"var(--ast-global-color-5)","background-image":"","background-repeat":"repeat","background-position":"center center","background-size":"auto","background-attachment":"scroll","background-type":"","background-media":"","overlay-type":"","overlay-color":"","overlay-opacity":"","overlay-gradient":""},"tablet":{"background-color":"var(--ast-global-color-5)","background-image":"","background-repeat":"repeat","background-position":"center center","background-size":"auto","background-attachment":"scroll","background-type":"","background-media":"","overlay-type":"","overlay-color":"","overlay-opacity":"","overlay-gradient":""},"mobile":{"background-color":"var(--ast-global-color-5)","background-image":"","background-repeat":"repeat","background-position":"center center","background-size":"auto","background-attachment":"scroll","background-type":"","background-media":"","overlay-type":"","overlay-color":"","overlay-opacity":"","overlay-gradient":""}},"footnotes":""},"class_list":["post-4822","page","type-page","status-publish","hentry"],"_links":{"self":[{"href":"https:\/\/www.griffinmachinery.com\/pt-br\/wp-json\/wp\/v2\/pages\/4822","targetHints":{"allow":["GET"]}}],"collection":[{"href":"https:\/\/www.griffinmachinery.com\/pt-br\/wp-json\/wp\/v2\/pages"}],"about":[{"href":"https:\/\/www.griffinmachinery.com\/pt-br\/wp-json\/wp\/v2\/types\/page"}],"author":[{"embeddable":true,"href":"https:\/\/www.griffinmachinery.com\/pt-br\/wp-json\/wp\/v2\/users\/1"}],"replies":[{"embeddable":true,"href":"https:\/\/www.griffinmachinery.com\/pt-br\/wp-json\/wp\/v2\/comments?post=4822"}],"version-history":[{"count":0,"href":"https:\/\/www.griffinmachinery.com\/pt-br\/wp-json\/wp\/v2\/pages\/4822\/revisions"}],"wp:attachment":[{"href":"https:\/\/www.griffinmachinery.com\/pt-br\/wp-json\/wp\/v2\/media?parent=4822"}],"curies":[{"name":"wp","href":"https:\/\/api.w.org\/{rel}","templated":true}]}}