{"id":4820,"date":"2018-06-18T06:57:57","date_gmt":"2018-06-18T06:57:57","guid":{"rendered":"https:\/\/www.griffinmachinery.com\/sobre-nos\/"},"modified":"2023-05-16T10:50:45","modified_gmt":"2023-05-16T10:50:45","slug":"sobre-nos","status":"publish","type":"page","link":"https:\/\/www.griffinmachinery.com\/pt-br\/sobre-nos\/","title":{"rendered":"Sobre n\u00f3s"},"content":{"rendered":"\n\n\t<h1>\n\t\t\t\t\tSobre n\u00f3s\n\t\t\t\t<\/h1>\n\t\t\t\n\t<h2>\n\t\t\t\t\tSomos o seu parceiro de confian\u00e7a\n\t\t\t\t<\/h2>\n\t\t\t<p>Griffin Technology Manufacturing Co., Ltd. uma f\u00e1brica com mais de dez anos de experi\u00eancia em servi\u00e7o industrial profissional e t\u00e9cnico, est\u00e1 localizada na cidade de changzhou de jiangsu.<\/p>\n<p>\u00a0<\/p>\n<p>Nossa empresa possui 2 grandes f\u00e1bricas de m\u00e1quinas de constru\u00e7\u00e3o modernas, equipadas com toda a linha de dobra de chapa, corte a laser, polimento autom\u00e1tico, soldagem autom\u00e1tica, ocupa uma \u00e1rea de 500.000 metros quadrados. Al\u00e9m disso, temos nossa pr\u00f3pria equipe de P&amp;D, que conta com v\u00e1rios talentos, e um laborat\u00f3rio de testes individual.<\/p>\n<p>\u00a0<\/p>\n<p>Com rica experi\u00eancia, continuamos liderando no design e fabrica\u00e7\u00e3o de secador de spray de extrato de ervas chinesas, secador de spray aromatizante, secador de spray de prote\u00edna hidrolisada, m\u00e1quina de secagem de coco desidratado, secador de cinto de malha de carne de coco, secador de spray farmac\u00eautico, desidratadores de vegetais e frutas (cinto de malha secador), secador de leito fluidizado de migalhas de p\u00e3o, secador de spray de enzima, linha de produ\u00e7\u00e3o de frango em p\u00f3, linha de processamento de secagem de algas marinhas, produ\u00e7\u00e3o de gelatina, linha de produ\u00e7\u00e3o WDG e assim por diante.<\/p>\n<p>\u00a0<\/p>\n<p>Com base em manter a qualidade est\u00e1vel das m\u00e1quinas de secagem, mistura, granula\u00e7\u00e3o, tritura\u00e7\u00e3o e peneiramento, pesquisamos e desenvolvemos ativamente novos produtos, como compactadores de rolos, sistemas de transporte e mistura de fluxo de ar, secador de correia a v\u00e1cuo, tentamos fornecer projetos turnkey para nossos clientes.<\/p>\n\t\t\t\t<img loading=\"lazy\" decoding=\"async\" src=\"https:\/\/www.griffinmachinery.com\/wp-content\/uploads\/2022\/03\/company.jpg\" alt=\"companhia\" itemprop=\"image\" height=\"853\" width=\"1280\" title=\"companhia\" onerror=\"this.style.display='none'\"  \/>\n\t\t\t\t<img loading=\"lazy\" decoding=\"async\" src=\"https:\/\/www.griffinmachinery.com\/wp-content\/uploads\/2022\/03\/factory.jpg\" alt=\"f\u00e1brica\" itemprop=\"image\" height=\"853\" width=\"1280\" title=\"f\u00e1brica\" onerror=\"this.style.display='none'\"  \/>\n\t<h3>\n\t\t\t\t\tOs n\u00fameros falam por si!\n\t\t\t\t<\/h3>\n\t<h2>\n\t\t\t\t\t20 +\n\t\t\t\t<\/h2>\n\t\t\t<p>Equipamento curado<\/p>\n\t<h2>\n\t\t\t\t\t200 +\n\t\t\t\t<\/h2>\n\t\t\t<p>Projetos e aplicativos<\/p>\n\t<h2>\n\t\t\t\t\t12+\n\t\t\t\t<\/h2>\n\t\t\t<p>Categorias de m\u00e1quinas<\/p>\n\t\t\t\t<img decoding=\"async\" src=\"https:\/\/www.griffinmachinery.com\/wp-content\/uploads\/2022\/03\/image1.jpg\" alt=\"image1\" itemprop=\"image\"\/>\n\t<h2>\n\t\t\t\t\tProdutos certificados\n\t\t\t\t<\/h2>\n\t\t\t\t<img decoding=\"async\" src=\"https:\/\/www.griffinmachinery.com\/wp-content\/uploads\/2022\/03\/certifications.png\" alt=\"certifications\" itemprop=\"image\"\/>\n\t\t\t<p>As m\u00e1quinas de secagem produzidas pela Griffin foram exportadas para muitos pa\u00edses com opera\u00e7\u00e3o bem. Todos os produtos s\u00e3o de qualidade padr\u00e3o e passaram pelas certifica\u00e7\u00f5es CE, ISO e SGS.<\/p>\n<p>\u00a0<\/p>\n<p>Somos especializados em pesquisar e desenvolver m\u00e1quina de secar industrial, como secador de spray, secador de esteira de malha, secador de leito fluidizado, secador de flash, secador de fluxo de ar, secador a v\u00e1cuo, secador de placa e assim por diante.<\/p>\n<p>\u00a0<\/p>\n<p>Como m\u00e1quinas auxiliares para m\u00e1quina de secagem, tamb\u00e9m fornecemos misturador, granulador, moedor e peneira, compactador de rolos, sistema de mistura de fluxo de ar e transportador de fluxo de ar.<\/p>\n<h2>\n\t\tNossos servi\u00e7os\n\t<\/h2>\n\t<p>Se voc\u00ea enfrentar algum problema no futuro durante o processo de teste, prometemos que lhe daremos uma resposta dentro de 48 horas e uma solu\u00e7\u00e3o fornecida dentro de 3 dias \u00fateis. Podemos oferecer um v\u00eddeo de opera\u00e7\u00e3o e um manual de opera\u00e7\u00e3o em ingl\u00eas. Podemos fornecer uma videoconfer\u00eancia.<\/p>\n\t<h3>\n\t\t\t\t\tPr\u00e9-servi\u00e7o\n\t\t\t\t<\/h3>\n\t\t\t<ul>\n<li>Servi\u00e7o on-line 24 Horas para sua consulta.<\/li>\n<li>Ajude a escolher o modelo certo, e uma s\u00e9rie de servi\u00e7os, pessoa, conselho.<\/li>\n<li>Aceita personaliza\u00e7\u00e3o para todos os tipos de produtos de especifica\u00e7\u00e3o especial.<\/li>\n<li>Valorizamos a consulta enviada a tempo, garantindo uma oferta r\u00e1pida e competitiva.<\/li>\n<\/ul>\n\t<h3>\n\t\t\t\t\tServi\u00e7o P\u00f3s-venda\n\t\t\t\t<\/h3>\n\t\t\t<ul>\n<li>Lidamos com suas reclama\u00e7\u00f5es em 24 horas e fornecemos a solu\u00e7\u00e3o em 3 dias \u00fateis.<\/li>\n<li>Treinamento de como instalar a m\u00e1quina, treinamento de como usar a m\u00e1quina. Oferecemos um v\u00eddeo de opera\u00e7\u00e3o e um manual de opera\u00e7\u00e3o em ingl\u00eas. Podemos fornecer um v\u00eddeo-con.<\/li>\n<li>1 ano de servi\u00e7o de garantia e toda a manuten\u00e7\u00e3o vital\u00edcia; nossos engenheiros poderiam ir ao seu lugar para um melhor servi\u00e7o necessariamente.<\/li>\n<\/ul>\n\t<h3>\n\t\t\t\t\tCompromisso\n\t\t\t\t<\/h3>\n\t\t\t<ul>\n<li>Assinaremos uma carta de compromisso enquanto assinamos o contrato, o que melhorar\u00e1 sua confian\u00e7a em n\u00f3s.<\/li>\n<li>Todas as mercadorias s\u00e3o cobertas com filme e bolhas de ar antes de serem colocadas na caixa forte de madeira.<\/li>\n<\/ul>\n\n","protected":false},"excerpt":{"rendered":"<p>Sobre n\u00f3s Somos o seu parceiro de confian\u00e7a Griffin Technology Manufacturing Co., Ltd. uma f\u00e1brica com mais de dez anos de experi\u00eancia em servi\u00e7o industrial profissional e t\u00e9cnico, est\u00e1 localizada na cidade de changzhou de [&hellip;]<\/p>\n","protected":false},"author":1,"featured_media":0,"parent":0,"menu_order":0,"comment_status":"closed","ping_status":"closed","template":"","meta":{"site-sidebar-layout":"no-sidebar","site-content-layout":"page-builder","ast-site-content-layout":"default","site-content-style":"default","site-sidebar-style":"default","ast-global-header-display":"","ast-banner-title-visibility":"","ast-main-header-display":"","ast-hfb-above-header-display":"","ast-hfb-below-header-display":"","ast-hfb-mobile-header-display":"","site-post-title":"disabled","ast-breadcrumbs-content":"","ast-featured-img":"disabled","footer-sml-layout":"","ast-disable-related-posts":"","theme-transparent-header-meta":"enabled","adv-header-id-meta":"","stick-header-meta":"default","header-above-stick-meta":"","header-main-stick-meta":"","header-below-stick-meta":"","astra-migrate-meta-layouts":"default","ast-page-background-enabled":"default","ast-page-background-meta":{"desktop":{"background-color":"","background-image":"","background-repeat":"repeat","background-position":"center center","background-size":"auto","background-attachment":"scroll","background-type":"","background-media":"","overlay-type":"","overlay-color":"","overlay-opacity":"","overlay-gradient":""},"tablet":{"background-color":"","background-image":"","background-repeat":"repeat","background-position":"center center","background-size":"auto","background-attachment":"scroll","background-type":"","background-media":"","overlay-type":"","overlay-color":"","overlay-opacity":"","overlay-gradient":""},"mobile":{"background-color":"","background-image":"","background-repeat":"repeat","background-position":"center center","background-size":"auto","background-attachment":"scroll","background-type":"","background-media":"","overlay-type":"","overlay-color":"","overlay-opacity":"","overlay-gradient":""}},"ast-content-background-meta":{"desktop":{"background-color":"var(--ast-global-color-5)","background-image":"","background-repeat":"repeat","background-position":"center center","background-size":"auto","background-attachment":"scroll","background-type":"","background-media":"","overlay-type":"","overlay-color":"","overlay-opacity":"","overlay-gradient":""},"tablet":{"background-color":"var(--ast-global-color-5)","background-image":"","background-repeat":"repeat","background-position":"center center","background-size":"auto","background-attachment":"scroll","background-type":"","background-media":"","overlay-type":"","overlay-color":"","overlay-opacity":"","overlay-gradient":""},"mobile":{"background-color":"var(--ast-global-color-5)","background-image":"","background-repeat":"repeat","background-position":"center center","background-size":"auto","background-attachment":"scroll","background-type":"","background-media":"","overlay-type":"","overlay-color":"","overlay-opacity":"","overlay-gradient":""}},"footnotes":""},"class_list":["post-4820","page","type-page","status-publish","hentry"],"_links":{"self":[{"href":"https:\/\/www.griffinmachinery.com\/pt-br\/wp-json\/wp\/v2\/pages\/4820","targetHints":{"allow":["GET"]}}],"collection":[{"href":"https:\/\/www.griffinmachinery.com\/pt-br\/wp-json\/wp\/v2\/pages"}],"about":[{"href":"https:\/\/www.griffinmachinery.com\/pt-br\/wp-json\/wp\/v2\/types\/page"}],"author":[{"embeddable":true,"href":"https:\/\/www.griffinmachinery.com\/pt-br\/wp-json\/wp\/v2\/users\/1"}],"replies":[{"embeddable":true,"href":"https:\/\/www.griffinmachinery.com\/pt-br\/wp-json\/wp\/v2\/comments?post=4820"}],"version-history":[{"count":0,"href":"https:\/\/www.griffinmachinery.com\/pt-br\/wp-json\/wp\/v2\/pages\/4820\/revisions"}],"wp:attachment":[{"href":"https:\/\/www.griffinmachinery.com\/pt-br\/wp-json\/wp\/v2\/media?parent=4820"}],"curies":[{"name":"wp","href":"https:\/\/api.w.org\/{rel}","templated":true}]}}