{"id":10019,"date":"2022-10-31T07:44:37","date_gmt":"2022-10-31T07:44:37","guid":{"rendered":"https:\/\/www.griffinmachinery.com\/nossos-servicos\/"},"modified":"2022-11-13T06:27:33","modified_gmt":"2022-11-13T06:27:33","slug":"nossos-servicos","status":"publish","type":"page","link":"https:\/\/www.griffinmachinery.com\/pt-br\/nossos-servicos\/","title":{"rendered":"Nossos servi\u00e7os"},"content":{"rendered":"\n\n\t<h1>\n\t\t\t\t\tNossos servi\u00e7os\n\t\t\t\t<\/h1>\n\t<p>Para padronizar o conte\u00fado de nossos servi\u00e7os, listamos as seguintes listas abaixo.<\/p>\n<h3>\n\t\tI. Servi\u00e7os de pr\u00e9-venda e venda\n\t<\/h3>\n\t\t\t\t<img decoding=\"async\" src=\"https:\/\/www.griffinmachinery.com\/wp-content\/uploads\/2022\/05\/Our-Team-3.png\" alt=\"Our Team 3\" itemprop=\"image\"\/>\n\t<ul>\n<li>Auxiliar na escolha do modelo de equipamento correto.<\/li>\n<li>O departamento t\u00e9cnico coopera com os vendedores para acompanhar os projetos do cliente e entender as necessidades do cliente em termos de requisitos do processo de produ\u00e7\u00e3o, processos, lotes, engenharia e verifica\u00e7\u00e3o.<\/li>\n<li>O pessoal de servi\u00e7o t\u00e9cnico deve se comunicar com o cliente a qualquer momento em termos de tecnologia ou engenharia para formular solu\u00e7\u00f5es.<\/li>\n<li>Fornecer documentos t\u00e9cnicos e materiais relacionados necess\u00e1rios aos clientes em tempo h\u00e1bil.<\/li>\n<\/ul>\n<h3>\n\t\tII. Servi\u00e7os p\u00f3s-venda\n\t<\/h3>\n\t\t\t\t<img decoding=\"async\" src=\"https:\/\/www.griffinmachinery.com\/wp-content\/uploads\/2022\/03\/image1.jpg\" alt=\"image1\" itemprop=\"image\"\/>\n\t<p><strong>2.1 Instala\u00e7\u00e3o e Comissionamento<\/strong><\/p>\n<ul>\n<li>Comunique-se com os clientes em tempo h\u00e1bil quando o equipamento for enviado para entender os planos de instala\u00e7\u00e3o do equipamento do cliente.<\/li>\n<li>Ajude os clientes a concluir a prepara\u00e7\u00e3o antes da instala\u00e7\u00e3o do equipamento e forne\u00e7a aos clientes o conte\u00fado detalhado da prepara\u00e7\u00e3o da instala\u00e7\u00e3o do equipamento.<\/li>\n<li>Ap\u00f3s receber o aviso de instala\u00e7\u00e3o, iremos ao local do cliente a tempo de cooperar com o cliente para concluir a desembalagem e aceita\u00e7\u00e3o do equipamento.<\/li>\n<li>Cooperar com os clientes para formular planos de i\u00e7amento durante a instala\u00e7\u00e3o do equipamento.<\/li>\n<li>Orienta\u00e7\u00e3o no local de i\u00e7amento de equipamentos e conex\u00e3o \u00e0 funda\u00e7\u00e3o.<\/li>\n<li>Depure o equipamento e coopere com os clientes para concluir a verifica\u00e7\u00e3o da opera\u00e7\u00e3o do equipamento.<\/li>\n<li>Realize treinamento para o pessoal relacionado ao cliente e o plano de treinamento ser\u00e1 carregado no arquivo do cliente ap\u00f3s ser assinado e confirmado pelo cliente.<\/li>\n<\/ul>\n<h3>\n\t\tIII. Obriga\u00e7\u00f5es do Cliente\n\t<\/h3>\n\t<ul>\n<li>Para permitir que nosso pessoal de servi\u00e7o tenha acesso seguro, oportuno e adequado aos produtos de equipamentos fabricados pela Haihong para que nosso pessoal possa realizar os servi\u00e7os.<\/li>\n<li>As ferramentas, instala\u00e7\u00f5es auxiliares e servi\u00e7os de apoio ao pessoal propostos por nossa equipe s\u00e3o fornecidos gratuitamente para garantir o bom funcionamento do servi\u00e7o.<\/li>\n<li>Por seguran\u00e7a, certifique-se de que nossa equipe esteja sempre acompanhada por um funcion\u00e1rio que esteja familiarizado com o local do usu\u00e1rio e com o sistema de seguran\u00e7a quando estiver no local do cliente.<\/li>\n<li>Forne\u00e7a \u00e0 nossa equipe uma descri\u00e7\u00e3o espec\u00edfica do problema que o equipamento est\u00e1 enfrentando, informe a equipe de servi\u00e7o qual foi o relat\u00f3rio de falha, quando ocorreu e quais medidas foram tomadas para corrigir a falha.<\/li>\n<\/ul>\n\n","protected":false},"excerpt":{"rendered":"<p>Nossos servi\u00e7os Para padronizar o conte\u00fado de nossos servi\u00e7os, listamos as seguintes listas abaixo. I. Servi\u00e7os de pr\u00e9-venda e venda Auxiliar na escolha do modelo de equipamento correto. O departamento t\u00e9cnico coopera com os vendedores [&hellip;]<\/p>\n","protected":false},"author":1,"featured_media":0,"parent":0,"menu_order":0,"comment_status":"closed","ping_status":"closed","template":"","meta":{"site-sidebar-layout":"no-sidebar","site-content-layout":"page-builder","ast-site-content-layout":"default","site-content-style":"default","site-sidebar-style":"default","ast-global-header-display":"","ast-banner-title-visibility":"","ast-main-header-display":"","ast-hfb-above-header-display":"","ast-hfb-below-header-display":"","ast-hfb-mobile-header-display":"","site-post-title":"disabled","ast-breadcrumbs-content":"","ast-featured-img":"disabled","footer-sml-layout":"","ast-disable-related-posts":"","theme-transparent-header-meta":"enabled","adv-header-id-meta":"","stick-header-meta":"default","header-above-stick-meta":"","header-main-stick-meta":"","header-below-stick-meta":"","astra-migrate-meta-layouts":"default","ast-page-background-enabled":"default","ast-page-background-meta":{"desktop":{"background-color":"","background-image":"","background-repeat":"repeat","background-position":"center center","background-size":"auto","background-attachment":"scroll","background-type":"","background-media":"","overlay-type":"","overlay-color":"","overlay-opacity":"","overlay-gradient":""},"tablet":{"background-color":"","background-image":"","background-repeat":"repeat","background-position":"center center","background-size":"auto","background-attachment":"scroll","background-type":"","background-media":"","overlay-type":"","overlay-color":"","overlay-opacity":"","overlay-gradient":""},"mobile":{"background-color":"","background-image":"","background-repeat":"repeat","background-position":"center center","background-size":"auto","background-attachment":"scroll","background-type":"","background-media":"","overlay-type":"","overlay-color":"","overlay-opacity":"","overlay-gradient":""}},"ast-content-background-meta":{"desktop":{"background-color":"var(--ast-global-color-5)","background-image":"","background-repeat":"repeat","background-position":"center center","background-size":"auto","background-attachment":"scroll","background-type":"","background-media":"","overlay-type":"","overlay-color":"","overlay-opacity":"","overlay-gradient":""},"tablet":{"background-color":"var(--ast-global-color-5)","background-image":"","background-repeat":"repeat","background-position":"center center","background-size":"auto","background-attachment":"scroll","background-type":"","background-media":"","overlay-type":"","overlay-color":"","overlay-opacity":"","overlay-gradient":""},"mobile":{"background-color":"var(--ast-global-color-5)","background-image":"","background-repeat":"repeat","background-position":"center center","background-size":"auto","background-attachment":"scroll","background-type":"","background-media":"","overlay-type":"","overlay-color":"","overlay-opacity":"","overlay-gradient":""}},"footnotes":""},"class_list":["post-10019","page","type-page","status-publish","hentry"],"_links":{"self":[{"href":"https:\/\/www.griffinmachinery.com\/pt-br\/wp-json\/wp\/v2\/pages\/10019","targetHints":{"allow":["GET"]}}],"collection":[{"href":"https:\/\/www.griffinmachinery.com\/pt-br\/wp-json\/wp\/v2\/pages"}],"about":[{"href":"https:\/\/www.griffinmachinery.com\/pt-br\/wp-json\/wp\/v2\/types\/page"}],"author":[{"embeddable":true,"href":"https:\/\/www.griffinmachinery.com\/pt-br\/wp-json\/wp\/v2\/users\/1"}],"replies":[{"embeddable":true,"href":"https:\/\/www.griffinmachinery.com\/pt-br\/wp-json\/wp\/v2\/comments?post=10019"}],"version-history":[{"count":0,"href":"https:\/\/www.griffinmachinery.com\/pt-br\/wp-json\/wp\/v2\/pages\/10019\/revisions"}],"wp:attachment":[{"href":"https:\/\/www.griffinmachinery.com\/pt-br\/wp-json\/wp\/v2\/media?parent=10019"}],"curies":[{"name":"wp","href":"https:\/\/api.w.org\/{rel}","templated":true}]}}