{"id":7938,"date":"2022-07-03T07:34:31","date_gmt":"2022-07-03T07:34:31","guid":{"rendered":"https:\/\/www.griffinmachinery.com\/pigment-industry-drying\/"},"modified":"2023-04-10T06:52:14","modified_gmt":"2023-04-10T06:52:14","slug":"pigmentindustrie-drogen","status":"publish","type":"page","link":"https:\/\/www.griffinmachinery.com\/nl\/pigmentindustrie-drogen\/","title":{"rendered":"Pigmentindustrie drogen"},"content":{"rendered":"\n<h3>\n\t\tDrogermachine toegepast in de pigmentindustrie\n\t<\/h3>\n\t<p>Hoog rendement, laag verbruik en lage vervuiling zijn de belangrijkste indicatoren geworden van een set hoogwaardige pagment-droogmachines.<\/p>\n<p>Deze indicatoren hebben een belangrijke praktische betekenis voor de meeste pigmentfabrikanten om het energieverbruik effectief te verminderen, de productiekosten te verlagen en het concurrentievermogen van de markt te verbeteren.<\/p>\n\t\t\t<a href=\"#\" role=\"button\">\n\t\t\t\t\t\t\tNeem nu contact met ons op\n\t\t\t<\/a>\n\t\t\n<div class=\"wpcf7 no-js\" id=\"wpcf7-f6921-o1\" lang=\"nl-NL\" dir=\"ltr\" data-wpcf7-id=\"6921\">\n<div class=\"screen-reader-response\"><p role=\"status\" aria-live=\"polite\" aria-atomic=\"true\"><\/p> <ul><\/ul><\/div>\n<form action=\"\/nl\/wp-json\/wp\/v2\/pages\/7938#wpcf7-f6921-o1\" method=\"post\" class=\"wpcf7-form init\" aria-label=\"Contactformulier\" novalidate=\"novalidate\" data-status=\"init\">\n<fieldset class=\"hidden-fields-container\"><input type=\"hidden\" name=\"_wpcf7\" value=\"6921\" \/><input type=\"hidden\" name=\"_wpcf7_version\" value=\"6.1.5\" \/><input type=\"hidden\" name=\"_wpcf7_locale\" value=\"nl_NL\" \/><input type=\"hidden\" name=\"_wpcf7_unit_tag\" value=\"wpcf7-f6921-o1\" \/><input type=\"hidden\" name=\"_wpcf7_container_post\" value=\"0\" \/><input type=\"hidden\" name=\"_wpcf7_posted_data_hash\" value=\"\" \/><input type=\"hidden\" name=\"_wpcf7_recaptcha_response\" value=\"\" \/>\n<\/fieldset>\n<p><label> Uw naam<br \/>\n<span class=\"wpcf7-form-control-wrap\" data-name=\"your-name\"><input size=\"40\" maxlength=\"400\" class=\"wpcf7-form-control wpcf7-text wpcf7-validates-as-required\" aria-required=\"true\" aria-invalid=\"false\" value=\"\" type=\"text\" name=\"your-name\" \/><\/span> <\/label>\n<\/p>\n<p><label> Jouw email<br \/>\n<span class=\"wpcf7-form-control-wrap\" data-name=\"your-email\"><input size=\"40\" maxlength=\"400\" class=\"wpcf7-form-control wpcf7-email wpcf7-validates-as-required wpcf7-text wpcf7-validates-as-email\" aria-required=\"true\" aria-invalid=\"false\" value=\"\" type=\"email\" name=\"your-email\" \/><\/span> <\/label>\n<\/p>\n<p><label> Uw telefoonnummer (optioneel)<br \/>\n<span class=\"wpcf7-form-control-wrap\" data-name=\"tel-157\"><input size=\"40\" maxlength=\"400\" class=\"wpcf7-form-control wpcf7-tel wpcf7-text wpcf7-validates-as-tel\" aria-invalid=\"false\" value=\"\" type=\"tel\" name=\"tel-157\" \/><\/span> <\/label>\n<\/p>\n<p><label> Uw bericht<br \/>\n<span class=\"wpcf7-form-control-wrap\" data-name=\"your-message\"><textarea cols=\"40\" rows=\"10\" maxlength=\"2000\" class=\"wpcf7-form-control wpcf7-textarea wpcf7-validates-as-required\" aria-required=\"true\" aria-invalid=\"false\" name=\"your-message\"><\/textarea><\/span> <\/label>\n<\/p>\n<p><span class=\"wpcf7-form-control-wrap\" data-name=\"quiz-747\"><label><span class=\"wpcf7-quiz-label\">2+6=?<\/span> <input size=\"40\" class=\"wpcf7-form-control wpcf7-quiz\" autocomplete=\"off\" aria-required=\"true\" aria-invalid=\"false\" type=\"text\" name=\"quiz-747\" \/><\/label><input type=\"hidden\" name=\"_wpcf7_quiz_answer_quiz-747\" value=\"b92383fac706b700c4f8d69faa457125\" \/><\/span>\n<\/p>\n<p><input class=\"wpcf7-form-control wpcf7-submit has-spinner\" type=\"submit\" value=\"Indienen\" \/>\n<\/p><div class=\"wpcf7-response-output\" aria-hidden=\"true\"><\/div>\n<\/form>\n<\/div>\n\t\n\t<h2>\n\t\t\t\t\tIJzeroxidepigmentdroger\n\t\t\t\t<\/h2>\n\t\t\t<p>IJzeroxide is het op \u00e9\u00e9n na grootste anorganische pigment na titaniumdioxide en het grootste anorganische kleurpigment.<\/p>\n\t\t\t\t<img loading=\"lazy\" decoding=\"async\" src=\"https:\/\/www.griffinmachinery.com\/wp-content\/uploads\/2022\/04\/Mesh-Belt-Dryer-1-300x300.jpg\" alt=\"Mesh riem droger (1)\" itemprop=\"image\" height=\"300\" width=\"300\" height=\"300\" width=\"300\" title=\"Mesh riem droger (1)\" onerror=\"this.style.display='none'\"  \/>\n\t\t\t\t<img loading=\"lazy\" decoding=\"async\" src=\"https:\/\/www.griffinmachinery.com\/wp-content\/uploads\/2022\/04\/Mesh-Belt-Dryer-2-300x300.jpg\" alt=\"Mesh riem droger (2)\" itemprop=\"image\" height=\"300\" width=\"300\" height=\"300\" width=\"300\" title=\"Mesh riem droger (2)\" onerror=\"this.style.display='none'\"  \/>\n\t\t\t\t<img loading=\"lazy\" decoding=\"async\" src=\"https:\/\/www.griffinmachinery.com\/wp-content\/uploads\/2022\/04\/Mesh-Belt-Dryer-3-300x300.jpg\" alt=\"Mesh riem droger (3)\" itemprop=\"image\" height=\"300\" width=\"300\" height=\"300\" width=\"300\" title=\"Mesh riem droger (3)\" onerror=\"this.style.display='none'\"  \/>\n\t\t\t\t<img decoding=\"async\" src=\"https:\/\/www.griffinmachinery.com\/wp-content\/plugins\/beaver-builder-lite-version\/img\/pixel.png\" alt=\"\" itemprop=\"image\" onerror=\"this.style.display='none'\"  \/>\n\t<p>Ook in de pigmentindustrie worden al enkele jaren <a href=\"https:\/\/www.griffinmachinery.com\/nl\/mesh-riem-droger\/\"><strong>banddrogers<\/strong><\/a> gebruikt. Overeenkomstig de kenmerken van banddrogers en pigmentdroging heeft Griffin Machinery banddrogers speciaal ontworpen voor het drogen van ijzeroxidepigment.<\/p>\n<p>Door het circulerende luchtvolume te vergroten, een luchttoevoer en uniforme luchtplaat in de apparatuur toe te voegen en verschillende circulatiemethoden en vochtverwijderingshoeveelheden in verschillende droogfasen te ontwerpen, wordt de productie-effici\u00ebntie van de speciale banddroger voor pigmenten steeds hoger, en de mate van automatisering is verbeterd. Het verbruik wordt steeds lager, de productkwaliteit is stabiel en er is in principe geen stof bij het drogen.<\/p>\n<h2>Verbetermaatregelen<\/h2>\n<h3>1. Gebruik geschikte vormmachines<\/h3>\n<p>De uniforme vormgeving van het materiaal zal de droogtijd verkorten, de productiviteit verbeteren en het verbruik verminderen. Ongelijkmatig vormen zal de droogtijd kunstmatig verlengen en tegelijkertijd zal het ongelijkmatige verspreiding over het gehele gaasoppervlak veroorzaken, de hete lucht kortsluiten, de vochtafvoertemperatuur verhogen en energie verspillen. Het meesleuren van stof is ernstig, waardoor de belasting van de uitlaatgasbehandelingsinrichting toeneemt.<\/p>\n<h3>2. Redelijke regeling van het luchtvolume in de droogoven<\/h3>\n<p>De circulerende hete lucht in de droogkast wordt zoveel mogelijk gelijkmatig over het gehele gaasoppervlak verdeeld, dus het ontwerp van de luchtuitlaat en de luchtafvoerpositie moet redelijk zijn en het kortsluitingsverschijnsel van de lucht moet zoveel mogelijk worden vermeden mogelijk, omdat de warmteoverdrachtsco\u00ebffici\u00ebnt van het systeem gerelateerd is aan de windsnelheid die tijdens het droogproces door het materiaal gaat. De windsnelheid kan de warmteoverdrachtsco\u00ebffici\u00ebnt van het systeem verhogen, en het verhogen van de warmteoverdrachtsco\u00ebffici\u00ebnt van het systeem kan de droogcapaciteit in de droogfase met constante snelheid verbeteren. Aan beide zijden van de gaasband moeten luchtschotten worden aangebracht. Door de verhoogde weerstand nadat de gaasband is toegevoerd, is de kans groot dat de hete lucht aan beide zijden van de gaasband wordt kortgesloten. De droogeffici\u00ebntie zal afnemen.<\/p>\n<h3>3. Redelijke controle van vochtverwijdering<\/h3>\n<p>De hoeveelheid ontvochtigende lucht is van invloed op het energieverbruik en de productie-effici\u00ebntie van het drogen. De hoeveelheid ontvochtigende lucht zal de productiviteit verbeteren, maar het energieverbruik verhogen. Daarom is het ook belangrijk om de juiste hoeveelheid ontvochtigingslucht te kiezen.<\/p>\n<h2>Werkingsprincipe van de anorganische pigmentdroger van ijzeroxide:<\/h2>\n<p>Het natte materiaal van ijzeroxide wordt gelijkmatig verdeeld over de gaasband door de feeder en de gaasband is gemaakt van 12-60 mesh roestvrijstalen gaas. Aangedreven door de transmissie om in de droger te bewegen. De droger bestaat uit meerdere units, elke unit circuleert de hete lucht onafhankelijk, een deel van het uitlaatgas wordt afgevoerd door een speciale ontvochtigingsventilator en het uitlaatgas wordt geregeld door een regelklep. Droog en verwijder vocht. De gaasband beweegt langzaam en de loopsnelheid kan vrij worden aangepast aan de materiaaltemperatuur en het gedroogde eindproduct valt continu in de ontvanger. De bovenste en onderste circulatie-eenheden kunnen flexibel worden uitgerust volgens de behoeften van de gebruiker en het aantal eenheden kan worden geselecteerd op basis van de behoeften.<\/p>\n<h2>IJzeroxide pigment droger structuur<\/h2>\n<p>Het speciale banddrogersysteem van ijzeroxide omvat: pigmentvormsysteem, doeksysteem, transportsysteem, verwarmingseenheid, uitlaatgasbehandelingssysteem, elektrisch regelsysteem, enz.<\/p>\n<h3>Pigmentvormsysteem<\/h3>\n<p>Vanwege de procesverschillen van verschillende ondernemingen is het vochtgehalte van de pigmentfiltercake niet hetzelfde, en het gebruik van verschillende vormsystemen op basis van verschillende vochtgehaltes zal de banddroger helpen zijn capaciteit uit te oefenen. Een geschikt vormsysteem heeft een directe invloed op de drooguniformiteit, de productiecapaciteit van de apparatuur, het energieverbruik en de uitlaatgasbehandelingsapparatuur.<\/p>\n<h3>Doek systeem<\/h3>\n<p>Over het algemeen hebben het roterende type, het zwenktype en het paar roller-extrusietype geen doeksysteem nodig. Hun afvoerbreedte is over het algemeen gelijk aan de breedte van de banddroger. Het extrusievormsysteem heeft een doeksysteem nodig, dat een composiet is. De bewegende riem verspreidt het ge\u00ebxtrudeerde materiaal gelijkmatig over de gaasband door middel van een tweedimensionale beweging.<\/p>\n<h3>Lopende band systeem<\/h3>\n<p>Het transportsysteem gebruikt de gaasband die aan beide zijden door de kettingen wordt gesleept en roteert in de droogbox. Het transportsysteem moet rekening houden met het draagvermogen van de gaasband. Vanwege het zware natte materiaal moet de onderste steunstang van de gaasband dicht zijn, en in het algemeen is er \u00e9\u00e9n verbonden met \u00e9\u00e9n steunstang. . Er moeten schotten aan beide zijden van de gaasband zijn, enerzijds om materiaallekkage te voorkomen en anderzijds om kortsluiting van hete lucht te voorkomen, wat het droogvermogen be\u00efnvloedt.<\/p>\n<h3>Droogeenheid<\/h3>\n<p>De banddroger is over het algemeen verdeeld in zeven tot acht onafhankelijke circulatie-eenheden. Elke unit wordt apart verwarmd. Er worden verschillende verwarmingstemperaturen gebruikt volgens verschillende droogstadia. De box is ge\u00efsoleerd, voorzien van heaters, circulatieventilatoren en inspectieluiken.<\/p>\n<h3>Uitlaatgasbehandelingssysteem<\/h3>\n<p>Het uitlaatgasbehandelingssysteem en het vochtverwijderingssysteem van de apparatuur zijn met elkaar verbonden en het pulszakfilter wordt voornamelijk gebruikt. Het vochtafvoersysteem van de banddroger is verdeeld in twee fasen. In de eerste fase ontsnapt, vanwege het hoge vochtgehalte van het materiaal, bijna geen stof wanneer de vormtoestand goed is, dus het uitlaatgas van de eerste fase wordt direct afgevoerd en de tweede fase wordt gepulseerd. Zak filter.<\/p>\n<h3>Elektrisch besturingssysteem<\/h3>\n<p>De werking van de banddroger is relatief eenvoudig, voornamelijk inclusief de temperatuurregeling, de werking en snelheidsregeling van de transportband, de werking van de ventilator, de vergrendeling van elk systeem, enz. Elke eenheid kan onafhankelijk instellen en automatisch de temperatuur via de proportionele stoomregelklep.<\/p>\n\t<h2>\n\t\t\t\t\tNeem contact op met ons\n\t\t\t\t<\/h2>\n\t\t\t<p>Griffin Machinery, een ervaren en betrouwbare partner.<\/p>\n<p>Als u ook op zoek bent naar een zachte, maar effectieve manier om uw product te drogen, neem dan contact met ons op voor advies. Ons team staat klaar om u te helpen bij het vinden van de juiste oplossing voor uw project.<\/p>\n\t<style type=\"text\/css\"><\/style><div class=\"ufaqsw_container_default ufaqsw_container_default_6919 ufaqsw_element_group_src\"> \n\n\t\t\t<h2 class=\"ufaqsw_faq_title ufaqsw_faq_title_6919\">Veelgestelde vragen<\/h2>\n\t\n\t\n\t\t<div class=\"ufaqsw_toggle_default ufaqsw_toggle_default_6919 ufaqsw_element_src\">\n\t\t\t<div class=\"ufaqsw-toggle-title-area-default ufaqsw-toggle-title-area-default_6919\"\n\t\t\trole=\"button\"\n\t\t\ttabindex=\"0\"\n\t\t\taria-expanded=\"false\"\n\t\t\taria-controls=\"ufaqsw_faq_answer_1_6919\"\n\t\t\taria-label=\"Waar is uw fabriek?\"\n\t\t\t>\n\t\t\t\t<div class=\"ufaqsw-title-name-default ufaqsw-title-name-default_6919\">\n\t\t\t\t\t<span class=\"ufaqsw-default-icon\">\n\t\t\t\t\t\t<i class=\"fa fa fa-plus\" aria-hidden=\"true\"><\/i>\n\t\t\t\t\t\t<i class=\"fa fa fa-minus\" id=\"ufaqsw_other_style\" aria-hidden=\"true\"><\/i>\n\t\t\t\t\t<\/span>\t\t\t\t\n\t\t\t\t\t<span class=\"ufaqsw-default-title ufaqsw_faq_question_src\">Waar is uw fabriek?<\/span>\n\t\t\t\t<\/div>\n\t\t\t<\/div>\n\t\t\t<div class=\"ufaqsw-toggle-inner-default ufaqsw-toggle-inner-default_6919 ufaqsw_faq_answer_src\"\n\t\t\tid=\"ufaqsw_faq_answer_1_6919\"\n\t\t\taria-hidden=\"true\"\n\t\t\taria-labelledby=\"ufaqsw_faq_answer_1_6919\"\n\t\t\tstyle=\"display:none\"\t\t\t>\n\t\t\tWij zijn gevestigd in Changzhou City in de buurt van Shanghai.\t\t\t<\/div>\n\t\t<\/div><!-- END OF TOGGLE -->\n\n\t\t\n\t\t<div class=\"ufaqsw_toggle_default ufaqsw_toggle_default_6919 ufaqsw_element_src\">\n\t\t\t<div class=\"ufaqsw-toggle-title-area-default ufaqsw-toggle-title-area-default_6919\"\n\t\t\trole=\"button\"\n\t\t\ttabindex=\"0\"\n\t\t\taria-expanded=\"false\"\n\t\t\taria-controls=\"ufaqsw_faq_answer_2_6919\"\n\t\t\taria-label=\"Wat is de kwaliteit van uw machine?\"\n\t\t\t>\n\t\t\t\t<div class=\"ufaqsw-title-name-default ufaqsw-title-name-default_6919\">\n\t\t\t\t\t<span class=\"ufaqsw-default-icon\">\n\t\t\t\t\t\t<i class=\"fa fa fa-plus\" aria-hidden=\"true\"><\/i>\n\t\t\t\t\t\t<i class=\"fa fa fa-minus\" id=\"ufaqsw_other_style\" aria-hidden=\"true\"><\/i>\n\t\t\t\t\t<\/span>\t\t\t\t\n\t\t\t\t\t<span class=\"ufaqsw-default-title ufaqsw_faq_question_src\">Wat is de kwaliteit van uw machine?<\/span>\n\t\t\t\t<\/div>\n\t\t\t<\/div>\n\t\t\t<div class=\"ufaqsw-toggle-inner-default ufaqsw-toggle-inner-default_6919 ufaqsw_faq_answer_src\"\n\t\t\tid=\"ufaqsw_faq_answer_2_6919\"\n\t\t\taria-hidden=\"true\"\n\t\t\taria-labelledby=\"ufaqsw_faq_answer_2_6919\"\n\t\t\tstyle=\"display:none\"\t\t\t>\n\t\t\t<p>Ons bedrijf volgt strikte kwaliteitscontroles en verschillende systematische procedures. We besteden de grootste zorg aan kwaliteit in elke fase van het productieproces. U kunt absoluut zeker zijn van de kwaliteit.<\/p>\n\t\t\t<\/div>\n\t\t<\/div><!-- END OF TOGGLE -->\n\n\t\t\n\t\t<div class=\"ufaqsw_toggle_default ufaqsw_toggle_default_6919 ufaqsw_element_src\">\n\t\t\t<div class=\"ufaqsw-toggle-title-area-default ufaqsw-toggle-title-area-default_6919\"\n\t\t\trole=\"button\"\n\t\t\ttabindex=\"0\"\n\t\t\taria-expanded=\"false\"\n\t\t\taria-controls=\"ufaqsw_faq_answer_3_6919\"\n\t\t\taria-label=\"Wat is de garantieperiode?\"\n\t\t\t>\n\t\t\t\t<div class=\"ufaqsw-title-name-default ufaqsw-title-name-default_6919\">\n\t\t\t\t\t<span class=\"ufaqsw-default-icon\">\n\t\t\t\t\t\t<i class=\"fa fa fa-plus\" aria-hidden=\"true\"><\/i>\n\t\t\t\t\t\t<i class=\"fa fa fa-minus\" id=\"ufaqsw_other_style\" aria-hidden=\"true\"><\/i>\n\t\t\t\t\t<\/span>\t\t\t\t\n\t\t\t\t\t<span class=\"ufaqsw-default-title ufaqsw_faq_question_src\">Wat is de garantieperiode?<\/span>\n\t\t\t\t<\/div>\n\t\t\t<\/div>\n\t\t\t<div class=\"ufaqsw-toggle-inner-default ufaqsw-toggle-inner-default_6919 ufaqsw_faq_answer_src\"\n\t\t\tid=\"ufaqsw_faq_answer_3_6919\"\n\t\t\taria-hidden=\"true\"\n\t\t\taria-labelledby=\"ufaqsw_faq_answer_3_6919\"\n\t\t\tstyle=\"display:none\"\t\t\t>\n\t\t\t<p>24 uur tijdige reactie op mail en telefoontjes. We bieden een garantie van \u00e9\u00e9n jaar om ervoor te zorgen dat uw machine consistent blijft werken.<\/p>\n\t\t\t<\/div>\n\t\t<\/div><!-- END OF TOGGLE -->\n\n\t\t\n\t\t<div class=\"ufaqsw_toggle_default ufaqsw_toggle_default_6919 ufaqsw_element_src\">\n\t\t\t<div class=\"ufaqsw-toggle-title-area-default ufaqsw-toggle-title-area-default_6919\"\n\t\t\trole=\"button\"\n\t\t\ttabindex=\"0\"\n\t\t\taria-expanded=\"false\"\n\t\t\taria-controls=\"ufaqsw_faq_answer_4_6919\"\n\t\t\taria-label=\"Wat is de betalingstermijn?\"\n\t\t\t>\n\t\t\t\t<div class=\"ufaqsw-title-name-default ufaqsw-title-name-default_6919\">\n\t\t\t\t\t<span class=\"ufaqsw-default-icon\">\n\t\t\t\t\t\t<i class=\"fa fa fa-plus\" aria-hidden=\"true\"><\/i>\n\t\t\t\t\t\t<i class=\"fa fa fa-minus\" id=\"ufaqsw_other_style\" aria-hidden=\"true\"><\/i>\n\t\t\t\t\t<\/span>\t\t\t\t\n\t\t\t\t\t<span class=\"ufaqsw-default-title ufaqsw_faq_question_src\">Wat is de betalingstermijn?<\/span>\n\t\t\t\t<\/div>\n\t\t\t<\/div>\n\t\t\t<div class=\"ufaqsw-toggle-inner-default ufaqsw-toggle-inner-default_6919 ufaqsw_faq_answer_src\"\n\t\t\tid=\"ufaqsw_faq_answer_4_6919\"\n\t\t\taria-hidden=\"true\"\n\t\t\taria-labelledby=\"ufaqsw_faq_answer_4_6919\"\n\t\t\tstyle=\"display:none\"\t\t\t>\n\t\t\t<p>Onze reguliere betalingstermijn is 30% TT vooraf, 70% TT v\u00f3\u00f3r verzending.<\/p>\n\t\t\t<\/div>\n\t\t<\/div><!-- END OF TOGGLE -->\n\n\t\t\n\t\t<div class=\"ufaqsw_toggle_default ufaqsw_toggle_default_6919 ufaqsw_element_src\">\n\t\t\t<div class=\"ufaqsw-toggle-title-area-default ufaqsw-toggle-title-area-default_6919\"\n\t\t\trole=\"button\"\n\t\t\ttabindex=\"0\"\n\t\t\taria-expanded=\"false\"\n\t\t\taria-controls=\"ufaqsw_faq_answer_5_6919\"\n\t\t\taria-label=\"Is uw prijs inclusief vracht?\"\n\t\t\t>\n\t\t\t\t<div class=\"ufaqsw-title-name-default ufaqsw-title-name-default_6919\">\n\t\t\t\t\t<span class=\"ufaqsw-default-icon\">\n\t\t\t\t\t\t<i class=\"fa fa fa-plus\" aria-hidden=\"true\"><\/i>\n\t\t\t\t\t\t<i class=\"fa fa fa-minus\" id=\"ufaqsw_other_style\" aria-hidden=\"true\"><\/i>\n\t\t\t\t\t<\/span>\t\t\t\t\n\t\t\t\t\t<span class=\"ufaqsw-default-title ufaqsw_faq_question_src\">Is uw prijs inclusief vracht?<\/span>\n\t\t\t\t<\/div>\n\t\t\t<\/div>\n\t\t\t<div class=\"ufaqsw-toggle-inner-default ufaqsw-toggle-inner-default_6919 ufaqsw_faq_answer_src\"\n\t\t\tid=\"ufaqsw_faq_answer_5_6919\"\n\t\t\taria-hidden=\"true\"\n\t\t\taria-labelledby=\"ufaqsw_faq_answer_5_6919\"\n\t\t\tstyle=\"display:none\"\t\t\t>\n\t\t\t<p>Onze gebruikelijke prijs is gebaseerd op FOB Shanghai. Op verzoek kunnen we een CIF-offerte maken.<\/p>\n\t\t\t<\/div>\n\t\t<\/div><!-- END OF TOGGLE -->\n\n\t\t\n<\/div>\n\n\t<iframe src=\"https:\/\/www.google.com\/maps\/embed?pb=!1m18!1m12!1m3!1d3390.2927421824006!2d119.88542131515791!3d31.817019981272452!2m3!1f0!2f0!3f0!3m2!1i1024!2i768!4f13.1!3m3!1m2!1s0x35b4149e3c70d0b3%3A0x8fff5da241c321f8!2sYun%20He%20Lu%2C%20China%2C%20213023!5e0!3m2!1sen!2sus!4v1649332227824!5m2!1sen!2sus\" width=\"100%\" height=\"450\" allowfullscreen=\"\" loading=\"lazy\" referrerpolicy=\"no-referrer-when-downgrade\"><\/iframe>\n\t\n<div class=\"wpcf7 no-js\" id=\"wpcf7-f6921-o2\" lang=\"nl-NL\" dir=\"ltr\" data-wpcf7-id=\"6921\">\n<div class=\"screen-reader-response\"><p role=\"status\" aria-live=\"polite\" aria-atomic=\"true\"><\/p> <ul><\/ul><\/div>\n<form action=\"\/nl\/wp-json\/wp\/v2\/pages\/7938#wpcf7-f6921-o2\" method=\"post\" class=\"wpcf7-form init\" aria-label=\"Contactformulier\" novalidate=\"novalidate\" data-status=\"init\">\n<fieldset class=\"hidden-fields-container\"><input type=\"hidden\" name=\"_wpcf7\" value=\"6921\" \/><input type=\"hidden\" name=\"_wpcf7_version\" value=\"6.1.5\" \/><input type=\"hidden\" name=\"_wpcf7_locale\" value=\"nl_NL\" \/><input type=\"hidden\" name=\"_wpcf7_unit_tag\" value=\"wpcf7-f6921-o2\" \/><input type=\"hidden\" name=\"_wpcf7_container_post\" value=\"0\" \/><input type=\"hidden\" name=\"_wpcf7_posted_data_hash\" value=\"\" \/><input type=\"hidden\" name=\"_wpcf7_recaptcha_response\" value=\"\" \/>\n<\/fieldset>\n<p><label> Uw naam<br \/>\n<span class=\"wpcf7-form-control-wrap\" data-name=\"your-name\"><input size=\"40\" maxlength=\"400\" class=\"wpcf7-form-control wpcf7-text wpcf7-validates-as-required\" aria-required=\"true\" aria-invalid=\"false\" value=\"\" type=\"text\" name=\"your-name\" \/><\/span> <\/label>\n<\/p>\n<p><label> Jouw email<br \/>\n<span class=\"wpcf7-form-control-wrap\" data-name=\"your-email\"><input size=\"40\" maxlength=\"400\" class=\"wpcf7-form-control wpcf7-email wpcf7-validates-as-required wpcf7-text wpcf7-validates-as-email\" aria-required=\"true\" aria-invalid=\"false\" value=\"\" type=\"email\" name=\"your-email\" \/><\/span> <\/label>\n<\/p>\n<p><label> Uw telefoonnummer (optioneel)<br \/>\n<span class=\"wpcf7-form-control-wrap\" data-name=\"tel-157\"><input size=\"40\" maxlength=\"400\" class=\"wpcf7-form-control wpcf7-tel wpcf7-text wpcf7-validates-as-tel\" aria-invalid=\"false\" value=\"\" type=\"tel\" name=\"tel-157\" \/><\/span> <\/label>\n<\/p>\n<p><label> Uw bericht<br \/>\n<span class=\"wpcf7-form-control-wrap\" data-name=\"your-message\"><textarea cols=\"40\" rows=\"10\" maxlength=\"2000\" class=\"wpcf7-form-control wpcf7-textarea wpcf7-validates-as-required\" aria-required=\"true\" aria-invalid=\"false\" name=\"your-message\"><\/textarea><\/span> <\/label>\n<\/p>\n<p><span class=\"wpcf7-form-control-wrap\" data-name=\"quiz-747\"><label><span class=\"wpcf7-quiz-label\">2+6=?<\/span> <input size=\"40\" class=\"wpcf7-form-control wpcf7-quiz\" autocomplete=\"off\" aria-required=\"true\" aria-invalid=\"false\" type=\"text\" name=\"quiz-747\" \/><\/label><input type=\"hidden\" name=\"_wpcf7_quiz_answer_quiz-747\" value=\"b92383fac706b700c4f8d69faa457125\" \/><\/span>\n<\/p>\n<p><input class=\"wpcf7-form-control wpcf7-submit has-spinner\" type=\"submit\" value=\"Indienen\" \/>\n<\/p><div class=\"wpcf7-response-output\" aria-hidden=\"true\"><\/div>\n<\/form>\n<\/div>\n\n\n","protected":false},"excerpt":{"rendered":"","protected":false},"author":1,"featured_media":0,"parent":0,"menu_order":0,"comment_status":"closed","ping_status":"closed","template":"","meta":{"site-sidebar-layout":"no-sidebar","site-content-layout":"page-builder","ast-site-content-layout":"default","site-content-style":"default","site-sidebar-style":"default","ast-global-header-display":"","ast-banner-title-visibility":"","ast-main-header-display":"","ast-hfb-above-header-display":"","ast-hfb-below-header-display":"","ast-hfb-mobile-header-display":"","site-post-title":"disabled","ast-breadcrumbs-content":"","ast-featured-img":"disabled","footer-sml-layout":"","ast-disable-related-posts":"","theme-transparent-header-meta":"default","adv-header-id-meta":"","stick-header-meta":"default","header-above-stick-meta":"","header-main-stick-meta":"","header-below-stick-meta":"","astra-migrate-meta-layouts":"default","ast-page-background-enabled":"default","ast-page-background-meta":{"desktop":{"background-color":"","background-image":"","background-repeat":"repeat","background-position":"center center","background-size":"auto","background-attachment":"scroll","background-type":"","background-media":"","overlay-type":"","overlay-color":"","overlay-opacity":"","overlay-gradient":""},"tablet":{"background-color":"","background-image":"","background-repeat":"repeat","background-position":"center center","background-size":"auto","background-attachment":"scroll","background-type":"","background-media":"","overlay-type":"","overlay-color":"","overlay-opacity":"","overlay-gradient":""},"mobile":{"background-color":"","background-image":"","background-repeat":"repeat","background-position":"center center","background-size":"auto","background-attachment":"scroll","background-type":"","background-media":"","overlay-type":"","overlay-color":"","overlay-opacity":"","overlay-gradient":""}},"ast-content-background-meta":{"desktop":{"background-color":"var(--ast-global-color-5)","background-image":"","background-repeat":"repeat","background-position":"center center","background-size":"auto","background-attachment":"scroll","background-type":"","background-media":"","overlay-type":"","overlay-color":"","overlay-opacity":"","overlay-gradient":""},"tablet":{"background-color":"var(--ast-global-color-5)","background-image":"","background-repeat":"repeat","background-position":"center center","background-size":"auto","background-attachment":"scroll","background-type":"","background-media":"","overlay-type":"","overlay-color":"","overlay-opacity":"","overlay-gradient":""},"mobile":{"background-color":"var(--ast-global-color-5)","background-image":"","background-repeat":"repeat","background-position":"center center","background-size":"auto","background-attachment":"scroll","background-type":"","background-media":"","overlay-type":"","overlay-color":"","overlay-opacity":"","overlay-gradient":""}},"footnotes":""},"class_list":["post-7938","page","type-page","status-publish","hentry"],"_links":{"self":[{"href":"https:\/\/www.griffinmachinery.com\/nl\/wp-json\/wp\/v2\/pages\/7938","targetHints":{"allow":["GET"]}}],"collection":[{"href":"https:\/\/www.griffinmachinery.com\/nl\/wp-json\/wp\/v2\/pages"}],"about":[{"href":"https:\/\/www.griffinmachinery.com\/nl\/wp-json\/wp\/v2\/types\/page"}],"author":[{"embeddable":true,"href":"https:\/\/www.griffinmachinery.com\/nl\/wp-json\/wp\/v2\/users\/1"}],"replies":[{"embeddable":true,"href":"https:\/\/www.griffinmachinery.com\/nl\/wp-json\/wp\/v2\/comments?post=7938"}],"version-history":[{"count":0,"href":"https:\/\/www.griffinmachinery.com\/nl\/wp-json\/wp\/v2\/pages\/7938\/revisions"}],"wp:attachment":[{"href":"https:\/\/www.griffinmachinery.com\/nl\/wp-json\/wp\/v2\/media?parent=7938"}],"curies":[{"name":"wp","href":"https:\/\/api.w.org\/{rel}","templated":true}]}}