{"id":6913,"date":"2018-06-18T06:57:36","date_gmt":"2018-06-18T06:57:36","guid":{"rendered":"https:\/\/www.griffinmachinery.com\/startpagina\/"},"modified":"2022-10-18T06:44:22","modified_gmt":"2022-10-18T06:44:22","slug":"startpagina","status":"publish","type":"page","link":"https:\/\/www.griffinmachinery.com\/nl\/","title":{"rendered":"Startpagina"},"content":{"rendered":"\n\n\t\t\t\t<img loading=\"lazy\" decoding=\"async\" src=\"https:\/\/www.griffinmachinery.com\/wp-content\/uploads\/2022\/03\/drying-equipment.png\" alt=\"droogapparatuur\" itemprop=\"image\" height=\"438\" width=\"570\" title=\"droogapparatuur\" onerror=\"this.style.display='none'\"  \/>\n\t<h4>\n\t\t\t\t\tFabrikant van industri\u00eble drogers\n\t\t\t\t<\/h4>\n\t<h2>\n\t\t\t\t\tLeverancier van droogapparatuur en -systemen\n\t\t\t\t<\/h2>\n\t\t\t<p>Wij zijn gespecialiseerd in het onderzoeken en ontwikkelen van industri\u00eble drogers en oplossingen, zoals sproeidrogers, gaasbanddrogers, wervelbeddrogers, spin-flashdrogers, luchtstroomdrogers, vacu\u00fcmdrogers, trayplate-drogers, droogovens, enzovoort.<\/p>\n\t\t\t<a href=\"https:\/\/www.griffinmachinery.com\/nl\/producten\/\" target=\"_self\" role=\"button\" rel=\"noopener\">\n\t\t\t\t\t\tBekijk onze producten\n\t\t<\/a>\n\t<ul>\n\t\t<li>\t\t\t\t\n\t\t<h4>Geavanceerde technologie<\/h4><p>Uniek voor Tech<\/p><\/li>\t<\/ul>\n\t<ul>\n\t\t<li>\t\t\t\t\n\t\t<h4>Van hoge kwaliteit<\/h4><p>Effici\u00ebntie en intelligent<\/p><\/li>\t<\/ul>\n\t<ul>\n\t\t<li>\t\t\t\t\n\t\t<h4>Pro-service<\/h4><p>Pre &amp; After-service:<\/p><\/li>\t<\/ul>\n\t<ul>\n\t\t<li>\t\t\t\t\n\t\t<h4>Oplossingsprovider<\/h4><p>24\/7 ondersteuning<\/p><\/li>\t<\/ul>\n\t<h2>\n\t\t\t\t\tOnze belangrijkste uitrusting\n\t\t\t\t<\/h2>\n\t<div class=\"woocommerce columns-4 \"><ul class=\"products columns-4\">\n<li class=\"desktop-align-center tablet-align-center mobile-align-center ast-product-gallery-layout-horizontal ast-product-tabs-layout-horizontal ast-qv-on-image product type-product post-6930 status-publish first instock product_cat-geen-categorie has-post-thumbnail shipping-taxable product-type-simple\">\n\t<a href=\"https:\/\/www.griffinmachinery.com\/nl\/mesh-riem-droger\/\" class=\"woocommerce-LoopProduct-link woocommerce-loop-product__link\"><img loading=\"lazy\" decoding=\"async\" width=\"300\" height=\"300\" src=\"https:\/\/www.griffinmachinery.com\/wp-content\/uploads\/2022\/04\/Mesh-Belt-Dryer-1-300x300.jpg\" class=\"attachment-woocommerce_thumbnail size-woocommerce_thumbnail\" alt=\"Mesh riem droger (1)\" srcset=\"https:\/\/www.griffinmachinery.com\/wp-content\/uploads\/2022\/04\/Mesh-Belt-Dryer-1-300x300.jpg 300w, https:\/\/www.griffinmachinery.com\/wp-content\/uploads\/2022\/04\/Mesh-Belt-Dryer-1-150x150.jpg 150w, https:\/\/www.griffinmachinery.com\/wp-content\/uploads\/2022\/04\/Mesh-Belt-Dryer-1-100x100.jpg 100w, https:\/\/www.griffinmachinery.com\/wp-content\/uploads\/2022\/04\/Mesh-Belt-Dryer-1.jpg 600w\" sizes=\"auto, (max-width: 300px) 100vw, 300px\" \/><h2 class=\"woocommerce-loop-product__title\">Banddroger<\/h2>\n<\/a><a href=\"https:\/\/www.griffinmachinery.com\/nl\/mesh-riem-droger\/\" aria-describedby=\"woocommerce_loop_add_to_cart_link_describedby_6930\" data-quantity=\"1\" class=\"button product_type_simple \" data-product_id=\"6930\" data-product_sku=\"\" aria-label=\"Lees meer over &ldquo;Banddroger&rdquo;\" rel=\"nofollow\" data-success_message=\"\">Lees verder<\/a>\t<span id=\"woocommerce_loop_add_to_cart_link_describedby_6930\" class=\"screen-reader-text\">\n\t\t\t<\/span>\n<\/li>\n<li class=\"desktop-align-center tablet-align-center mobile-align-center ast-product-gallery-layout-horizontal ast-product-tabs-layout-horizontal ast-qv-on-image product type-product post-6935 status-publish instock product_cat-sproeidroger has-post-thumbnail shipping-taxable product-type-simple\">\n\t<a href=\"https:\/\/www.griffinmachinery.com\/nl\/centrifugale-sproeidroger\/\" class=\"woocommerce-LoopProduct-link woocommerce-loop-product__link\"><img loading=\"lazy\" decoding=\"async\" width=\"300\" height=\"300\" src=\"https:\/\/www.griffinmachinery.com\/wp-content\/uploads\/2022\/04\/Centrifugal-Spray-Dryer-300x300.jpg\" class=\"attachment-woocommerce_thumbnail size-woocommerce_thumbnail\" alt=\"Centrifugale sproeidroger\" srcset=\"https:\/\/www.griffinmachinery.com\/wp-content\/uploads\/2022\/04\/Centrifugal-Spray-Dryer-300x300.jpg 300w, https:\/\/www.griffinmachinery.com\/wp-content\/uploads\/2022\/04\/Centrifugal-Spray-Dryer-150x150.jpg 150w, https:\/\/www.griffinmachinery.com\/wp-content\/uploads\/2022\/04\/Centrifugal-Spray-Dryer-100x100.jpg 100w, https:\/\/www.griffinmachinery.com\/wp-content\/uploads\/2022\/04\/Centrifugal-Spray-Dryer.jpg 600w\" sizes=\"auto, (max-width: 300px) 100vw, 300px\" \/><h2 class=\"woocommerce-loop-product__title\">Centrifugale Sproeidroger<\/h2>\n<\/a><a href=\"https:\/\/www.griffinmachinery.com\/nl\/centrifugale-sproeidroger\/\" aria-describedby=\"woocommerce_loop_add_to_cart_link_describedby_6935\" data-quantity=\"1\" class=\"button product_type_simple \" data-product_id=\"6935\" data-product_sku=\"\" aria-label=\"Lees meer over &ldquo;Centrifugale Sproeidroger&rdquo;\" rel=\"nofollow\" data-success_message=\"\">Lees verder<\/a>\t<span id=\"woocommerce_loop_add_to_cart_link_describedby_6935\" class=\"screen-reader-text\">\n\t\t\t<\/span>\n<\/li>\n<li class=\"desktop-align-center tablet-align-center mobile-align-center ast-product-gallery-layout-horizontal ast-product-tabs-layout-horizontal ast-qv-on-image product type-product post-6934 status-publish instock product_cat-sproeidroger has-post-thumbnail shipping-taxable product-type-simple\">\n\t<a href=\"https:\/\/www.griffinmachinery.com\/nl\/druksproeidroger\/\" class=\"woocommerce-LoopProduct-link woocommerce-loop-product__link\"><img loading=\"lazy\" decoding=\"async\" width=\"300\" height=\"300\" src=\"https:\/\/www.griffinmachinery.com\/wp-content\/uploads\/2022\/04\/Pressure-Spray-Dryer-1-300x300.jpg\" class=\"attachment-woocommerce_thumbnail size-woocommerce_thumbnail\" alt=\"Druksproeidroger (1)\" srcset=\"https:\/\/www.griffinmachinery.com\/wp-content\/uploads\/2022\/04\/Pressure-Spray-Dryer-1-300x300.jpg 300w, https:\/\/www.griffinmachinery.com\/wp-content\/uploads\/2022\/04\/Pressure-Spray-Dryer-1-150x150.jpg 150w, https:\/\/www.griffinmachinery.com\/wp-content\/uploads\/2022\/04\/Pressure-Spray-Dryer-1-100x100.jpg 100w, https:\/\/www.griffinmachinery.com\/wp-content\/uploads\/2022\/04\/Pressure-Spray-Dryer-1.jpg 600w\" sizes=\"auto, (max-width: 300px) 100vw, 300px\" \/><h2 class=\"woocommerce-loop-product__title\">Druksproeidroger<\/h2>\n<\/a><a href=\"https:\/\/www.griffinmachinery.com\/nl\/druksproeidroger\/\" aria-describedby=\"woocommerce_loop_add_to_cart_link_describedby_6934\" data-quantity=\"1\" class=\"button product_type_simple \" data-product_id=\"6934\" data-product_sku=\"\" aria-label=\"Lees meer over &ldquo;Druksproeidroger&rdquo;\" rel=\"nofollow\" data-success_message=\"\">Lees verder<\/a>\t<span id=\"woocommerce_loop_add_to_cart_link_describedby_6934\" class=\"screen-reader-text\">\n\t\t\t<\/span>\n<\/li>\n<li class=\"desktop-align-center tablet-align-center mobile-align-center ast-product-gallery-layout-horizontal ast-product-tabs-layout-horizontal ast-qv-on-image product type-product post-6931 status-publish last instock product_cat-wervelbeddroger has-post-thumbnail shipping-taxable product-type-simple\">\n\t<a href=\"https:\/\/www.griffinmachinery.com\/nl\/vibrerende-wervelbeddroger\/\" class=\"woocommerce-LoopProduct-link woocommerce-loop-product__link\"><img loading=\"lazy\" decoding=\"async\" width=\"300\" height=\"300\" src=\"https:\/\/www.griffinmachinery.com\/wp-content\/uploads\/2022\/04\/Vibrating-Fluid-Bed-Dryer-1-300x300.jpg\" class=\"attachment-woocommerce_thumbnail size-woocommerce_thumbnail\" alt=\"Vibrerende wervelbeddroger (1)\" srcset=\"https:\/\/www.griffinmachinery.com\/wp-content\/uploads\/2022\/04\/Vibrating-Fluid-Bed-Dryer-1-300x300.jpg 300w, https:\/\/www.griffinmachinery.com\/wp-content\/uploads\/2022\/04\/Vibrating-Fluid-Bed-Dryer-1-150x150.jpg 150w, https:\/\/www.griffinmachinery.com\/wp-content\/uploads\/2022\/04\/Vibrating-Fluid-Bed-Dryer-1-768x768.jpg 768w, https:\/\/www.griffinmachinery.com\/wp-content\/uploads\/2022\/04\/Vibrating-Fluid-Bed-Dryer-1-600x600.jpg 600w, https:\/\/www.griffinmachinery.com\/wp-content\/uploads\/2022\/04\/Vibrating-Fluid-Bed-Dryer-1-100x100.jpg 100w, https:\/\/www.griffinmachinery.com\/wp-content\/uploads\/2022\/04\/Vibrating-Fluid-Bed-Dryer-1.jpg 1001w\" sizes=\"auto, (max-width: 300px) 100vw, 300px\" \/><img loading=\"lazy\" decoding=\"async\" width=\"300\" height=\"300\" src=\"https:\/\/www.griffinmachinery.com\/wp-content\/uploads\/2022\/04\/Vibrating-Fluid-Bed-Dryer-2-300x300.jpg\" class=\"show-on-hover\" alt=\"Vibrerende wervelbeddroger (2)\" srcset=\"https:\/\/www.griffinmachinery.com\/wp-content\/uploads\/2022\/04\/Vibrating-Fluid-Bed-Dryer-2-300x300.jpg 300w, https:\/\/www.griffinmachinery.com\/wp-content\/uploads\/2022\/04\/Vibrating-Fluid-Bed-Dryer-2-150x150.jpg 150w, https:\/\/www.griffinmachinery.com\/wp-content\/uploads\/2022\/04\/Vibrating-Fluid-Bed-Dryer-2-100x100.jpg 100w, https:\/\/www.griffinmachinery.com\/wp-content\/uploads\/2022\/04\/Vibrating-Fluid-Bed-Dryer-2.jpg 600w\" sizes=\"auto, (max-width: 300px) 100vw, 300px\" \/><h2 class=\"woocommerce-loop-product__title\">Horizontale vibrerende wervelbeddroger<\/h2>\n<\/a><a href=\"https:\/\/www.griffinmachinery.com\/nl\/vibrerende-wervelbeddroger\/\" aria-describedby=\"woocommerce_loop_add_to_cart_link_describedby_6931\" data-quantity=\"1\" class=\"button product_type_simple \" data-product_id=\"6931\" data-product_sku=\"\" aria-label=\"Lees meer over &ldquo;Horizontale vibrerende wervelbeddroger&rdquo;\" rel=\"nofollow\" data-success_message=\"\">Lees verder<\/a>\t<span id=\"woocommerce_loop_add_to_cart_link_describedby_6931\" class=\"screen-reader-text\">\n\t\t\t<\/span>\n<\/li>\n<li class=\"desktop-align-center tablet-align-center mobile-align-center ast-product-gallery-layout-horizontal ast-product-tabs-layout-horizontal ast-qv-on-image product type-product post-6933 status-publish first instock product_cat-sproeidroger has-post-thumbnail shipping-taxable product-type-simple\">\n\t<a href=\"https:\/\/www.griffinmachinery.com\/nl\/sproeidroger-met-gesloten-lus\/\" class=\"woocommerce-LoopProduct-link woocommerce-loop-product__link\"><img loading=\"lazy\" decoding=\"async\" width=\"300\" height=\"300\" src=\"https:\/\/www.griffinmachinery.com\/wp-content\/uploads\/2022\/04\/Closed-Cycle-Spray-Dryer-1-300x300.jpg\" class=\"attachment-woocommerce_thumbnail size-woocommerce_thumbnail\" alt=\"Sproeidroger met gesloten cyclus\" srcset=\"https:\/\/www.griffinmachinery.com\/wp-content\/uploads\/2022\/04\/Closed-Cycle-Spray-Dryer-1-300x300.jpg 300w, https:\/\/www.griffinmachinery.com\/wp-content\/uploads\/2022\/04\/Closed-Cycle-Spray-Dryer-1-150x150.jpg 150w, https:\/\/www.griffinmachinery.com\/wp-content\/uploads\/2022\/04\/Closed-Cycle-Spray-Dryer-1-768x768.jpg 768w, https:\/\/www.griffinmachinery.com\/wp-content\/uploads\/2022\/04\/Closed-Cycle-Spray-Dryer-1-600x600.jpg 600w, https:\/\/www.griffinmachinery.com\/wp-content\/uploads\/2022\/04\/Closed-Cycle-Spray-Dryer-1-100x100.jpg 100w, https:\/\/www.griffinmachinery.com\/wp-content\/uploads\/2022\/04\/Closed-Cycle-Spray-Dryer-1.jpg 800w\" sizes=\"auto, (max-width: 300px) 100vw, 300px\" \/><h2 class=\"woocommerce-loop-product__title\">Sproeidroger met gesloten lus<\/h2>\n<\/a><a href=\"https:\/\/www.griffinmachinery.com\/nl\/sproeidroger-met-gesloten-lus\/\" aria-describedby=\"woocommerce_loop_add_to_cart_link_describedby_6933\" data-quantity=\"1\" class=\"button product_type_simple \" data-product_id=\"6933\" data-product_sku=\"\" aria-label=\"Lees meer over &ldquo;Sproeidroger met gesloten lus&rdquo;\" rel=\"nofollow\" data-success_message=\"\">Lees verder<\/a>\t<span id=\"woocommerce_loop_add_to_cart_link_describedby_6933\" class=\"screen-reader-text\">\n\t\t\t<\/span>\n<\/li>\n<li class=\"desktop-align-center tablet-align-center mobile-align-center ast-product-gallery-layout-horizontal ast-product-tabs-layout-horizontal ast-qv-on-image product type-product post-6926 status-publish instock product_cat-vacuum-droger has-post-thumbnail shipping-taxable product-type-simple\">\n\t<a href=\"https:\/\/www.griffinmachinery.com\/nl\/vacuum-vriesdroger\/\" class=\"woocommerce-LoopProduct-link woocommerce-loop-product__link\"><img loading=\"lazy\" decoding=\"async\" width=\"300\" height=\"300\" src=\"https:\/\/www.griffinmachinery.com\/wp-content\/uploads\/2022\/04\/Vacuum-Freeze-Dryer-1-300x300.jpg\" class=\"attachment-woocommerce_thumbnail size-woocommerce_thumbnail\" alt=\"Vacu\u00fcm vriesdroger (1)\" srcset=\"https:\/\/www.griffinmachinery.com\/wp-content\/uploads\/2022\/04\/Vacuum-Freeze-Dryer-1-300x300.jpg 300w, https:\/\/www.griffinmachinery.com\/wp-content\/uploads\/2022\/04\/Vacuum-Freeze-Dryer-1-150x150.jpg 150w, https:\/\/www.griffinmachinery.com\/wp-content\/uploads\/2022\/04\/Vacuum-Freeze-Dryer-1-100x100.jpg 100w, https:\/\/www.griffinmachinery.com\/wp-content\/uploads\/2022\/04\/Vacuum-Freeze-Dryer-1.jpg 600w\" sizes=\"auto, (max-width: 300px) 100vw, 300px\" \/><h2 class=\"woocommerce-loop-product__title\">Vacu\u00fcm vriesdroger<\/h2>\n<\/a><a href=\"https:\/\/www.griffinmachinery.com\/nl\/vacuum-vriesdroger\/\" aria-describedby=\"woocommerce_loop_add_to_cart_link_describedby_6926\" data-quantity=\"1\" class=\"button product_type_simple \" data-product_id=\"6926\" data-product_sku=\"\" aria-label=\"Lees meer over &ldquo;Vacu\u00fcm vriesdroger&rdquo;\" rel=\"nofollow\" data-success_message=\"\">Lees verder<\/a>\t<span id=\"woocommerce_loop_add_to_cart_link_describedby_6926\" class=\"screen-reader-text\">\n\t\t\t<\/span>\n<\/li>\n<li class=\"desktop-align-center tablet-align-center mobile-align-center ast-product-gallery-layout-horizontal ast-product-tabs-layout-horizontal ast-qv-on-image product type-product post-6928 status-publish instock product_cat-vacuum-droger has-post-thumbnail shipping-taxable product-type-simple\">\n\t<a href=\"https:\/\/www.griffinmachinery.com\/nl\/vacuumbanddroger\/\" class=\"woocommerce-LoopProduct-link woocommerce-loop-product__link\"><img loading=\"lazy\" decoding=\"async\" width=\"300\" height=\"300\" src=\"https:\/\/www.griffinmachinery.com\/wp-content\/uploads\/2022\/04\/Vacuum-Belt-Dryer-1-300x300.jpg\" class=\"attachment-woocommerce_thumbnail size-woocommerce_thumbnail\" alt=\"Vacu\u00fcmbanddroger (1)\" srcset=\"https:\/\/www.griffinmachinery.com\/wp-content\/uploads\/2022\/04\/Vacuum-Belt-Dryer-1-300x300.jpg 300w, https:\/\/www.griffinmachinery.com\/wp-content\/uploads\/2022\/04\/Vacuum-Belt-Dryer-1-150x150.jpg 150w, https:\/\/www.griffinmachinery.com\/wp-content\/uploads\/2022\/04\/Vacuum-Belt-Dryer-1-100x100.jpg 100w, https:\/\/www.griffinmachinery.com\/wp-content\/uploads\/2022\/04\/Vacuum-Belt-Dryer-1.jpg 600w\" sizes=\"auto, (max-width: 300px) 100vw, 300px\" \/><h2 class=\"woocommerce-loop-product__title\">Vacu\u00fcmbanddroger<\/h2>\n<\/a><a href=\"https:\/\/www.griffinmachinery.com\/nl\/vacuumbanddroger\/\" aria-describedby=\"woocommerce_loop_add_to_cart_link_describedby_6928\" data-quantity=\"1\" class=\"button product_type_simple \" data-product_id=\"6928\" data-product_sku=\"\" aria-label=\"Lees meer over &ldquo;Vacu\u00fcmbanddroger&rdquo;\" rel=\"nofollow\" data-success_message=\"\">Lees verder<\/a>\t<span id=\"woocommerce_loop_add_to_cart_link_describedby_6928\" class=\"screen-reader-text\">\n\t\t\t<\/span>\n<\/li>\n<li class=\"desktop-align-center tablet-align-center mobile-align-center ast-product-gallery-layout-horizontal ast-product-tabs-layout-horizontal ast-qv-on-image product type-product post-6929 status-publish last instock product_cat-vacuum-droger has-post-thumbnail shipping-taxable product-type-simple\">\n\t<a href=\"https:\/\/www.griffinmachinery.com\/nl\/vacuumdroger-met-dubbele-kegel\/\" class=\"woocommerce-LoopProduct-link woocommerce-loop-product__link\"><img loading=\"lazy\" decoding=\"async\" width=\"300\" height=\"300\" src=\"https:\/\/www.griffinmachinery.com\/wp-content\/uploads\/2022\/04\/Double-Cone-Vacuum-Dryer-1-300x300.jpg\" class=\"attachment-woocommerce_thumbnail size-woocommerce_thumbnail\" alt=\"Vacu\u00fcmdroger met dubbele kegel (1)\" srcset=\"https:\/\/www.griffinmachinery.com\/wp-content\/uploads\/2022\/04\/Double-Cone-Vacuum-Dryer-1-300x300.jpg 300w, https:\/\/www.griffinmachinery.com\/wp-content\/uploads\/2022\/04\/Double-Cone-Vacuum-Dryer-1-150x150.jpg 150w, https:\/\/www.griffinmachinery.com\/wp-content\/uploads\/2022\/04\/Double-Cone-Vacuum-Dryer-1-100x100.jpg 100w, https:\/\/www.griffinmachinery.com\/wp-content\/uploads\/2022\/04\/Double-Cone-Vacuum-Dryer-1.jpg 600w\" sizes=\"auto, (max-width: 300px) 100vw, 300px\" \/><h2 class=\"woocommerce-loop-product__title\">Vacu\u00fcmdroger met dubbele kegel<\/h2>\n<\/a><a href=\"https:\/\/www.griffinmachinery.com\/nl\/vacuumdroger-met-dubbele-kegel\/\" aria-describedby=\"woocommerce_loop_add_to_cart_link_describedby_6929\" data-quantity=\"1\" class=\"button product_type_simple \" data-product_id=\"6929\" data-product_sku=\"\" aria-label=\"Lees meer over &ldquo;Vacu\u00fcmdroger met dubbele kegel&rdquo;\" rel=\"nofollow\" data-success_message=\"\">Lees verder<\/a>\t<span id=\"woocommerce_loop_add_to_cart_link_describedby_6929\" class=\"screen-reader-text\">\n\t\t\t<\/span>\n<\/li>\n<\/ul>\n<\/div>\n\t<h3>\n\t\t\t\t\tBekijk al onze industri\u00eble droogapparatuur\n\t\t\t\t<\/h3>\n\t\t\t<a href=\"https:\/\/www.griffinmachinery.com\/nl\/producten\/\" target=\"_self\" role=\"button\" rel=\"noopener\">\n\t\t\t\t\t\tCheck nu\n\t\t<\/a>\n\t<h2>Over ons<\/h2>\n<p>Griffin Machinery is een grote onderneming in de Chinese industrie voor droogapparatuur, met zelfvoorzienende import- en exportrechten. Als vice-voorzitter van China General Machinery &amp; Drying Equipment Industry Association, lid van China Pharmaceutical Equipment Industry Association, lid van China Food Additives Industry Association.<\/p>\n<p>Ons bedrijf was geslaagd voor het ISO 9001:2000-kwaliteitsbeheersysteem en ISO 14001:2004-certificering van het milieubeheersysteem, en leidt de ontwikkeling van de industrie met zijn beste inspanningen.<\/p>\n\t\t\t\t<img loading=\"lazy\" decoding=\"async\" src=\"https:\/\/www.griffinmachinery.com\/wp-content\/uploads\/2022\/05\/Industrial-Dryer-Factory-600x400.png\" alt=\"Industri\u00eble drogerfabriek\" itemprop=\"image\" height=\"400\" width=\"600\" title=\"Industri\u00eble drogerfabriek\" onerror=\"this.style.display='none'\"  \/>\n\t\t\t\t<img loading=\"lazy\" decoding=\"async\" src=\"https:\/\/www.griffinmachinery.com\/wp-content\/uploads\/2022\/05\/workshop-1.png\" alt=\"werkplaats 1\" itemprop=\"image\" height=\"682\" width=\"1024\" title=\"werkplaats 1\" onerror=\"this.style.display='none'\"  \/>\n\t\t\t\t<img loading=\"lazy\" decoding=\"async\" src=\"https:\/\/www.griffinmachinery.com\/wp-content\/uploads\/2022\/05\/workshop-2.png\" alt=\"werkplaats 2\" itemprop=\"image\" height=\"682\" width=\"1024\" title=\"werkplaats 2\" onerror=\"this.style.display='none'\"  \/>\n\t<h2>Ons team<\/h2>\n<p>Ons bedrijf heeft een groot aantal hoogwaardige professionals verzameld; met behulp van een geavanceerd ERP-systeem om een effectieve organisatie, co\u00f6rdinatie, controle en gestandaardiseerd beheer van de verschillende middelen van het bedrijf en het gehele productie- en exploitatieproces te implementeren.<\/p>\n\t\t\t\t<img loading=\"lazy\" decoding=\"async\" src=\"https:\/\/www.griffinmachinery.com\/wp-content\/uploads\/2022\/05\/Our-Team-1.png\" alt=\"Ons team 1\" itemprop=\"image\" height=\"682\" width=\"1024\" title=\"Ons team 1\" onerror=\"this.style.display='none'\"  \/>\n\t\t\t\t<img loading=\"lazy\" decoding=\"async\" src=\"https:\/\/www.griffinmachinery.com\/wp-content\/uploads\/2022\/05\/Our-Team-2.png\" alt=\"Ons team 2\" itemprop=\"image\" height=\"682\" width=\"1024\" title=\"Ons team 2\" onerror=\"this.style.display='none'\"  \/>\n\t\t\t\t<img loading=\"lazy\" decoding=\"async\" src=\"https:\/\/www.griffinmachinery.com\/wp-content\/uploads\/2022\/05\/Our-Team-3.png\" alt=\"Ons team 3\" itemprop=\"image\" height=\"682\" width=\"1024\" title=\"Ons team 3\" onerror=\"this.style.display='none'\"  \/>\n\t<h2>Onderzoeksopzet<\/h2>\n<p>Tegelijkertijd voeren we al heel lang technische uitwisselingen uit met relevante wetenschappelijke onderzoeksinstellingen en senior experts in de industrie, en ontwikkelen we voortdurend idee\u00ebn om de wetenschappelijke onderzoeks- en innovatiecapaciteiten te verbeteren.<\/p>\n\t\t\t\t<img loading=\"lazy\" decoding=\"async\" src=\"https:\/\/www.griffinmachinery.com\/wp-content\/uploads\/2022\/05\/RD.png\" alt=\"Onderzoeksopzet\" itemprop=\"image\" height=\"533\" width=\"400\" title=\"Onderzoeksopzet\" onerror=\"this.style.display='none'\"  \/>\n\t\t\t\t<img loading=\"lazy\" decoding=\"async\" src=\"https:\/\/www.griffinmachinery.com\/wp-content\/uploads\/2022\/05\/RD-1.png\" alt=\"Onderzoeksopzet\" itemprop=\"image\" height=\"533\" width=\"400\" title=\"Onderzoeksopzet\" onerror=\"this.style.display='none'\"  \/>\n\t\t\t\t<img loading=\"lazy\" decoding=\"async\" src=\"https:\/\/www.griffinmachinery.com\/wp-content\/uploads\/2022\/05\/RD-2.png\" alt=\"Onderzoeksopzet\" itemprop=\"image\" height=\"533\" width=\"400\" title=\"Onderzoeksopzet\" onerror=\"this.style.display='none'\"  \/>\n\t\t\t\t<img loading=\"lazy\" decoding=\"async\" src=\"https:\/\/www.griffinmachinery.com\/wp-content\/uploads\/2022\/05\/RD-3.png\" alt=\"Onderzoeksopzet\" itemprop=\"image\" height=\"533\" width=\"400\" title=\"Onderzoeksopzet\" onerror=\"this.style.display='none'\"  \/>\n\t<h2>Onze projecten<\/h2>\n<p>Onze klanten komen van over de hele wereld: VS, Brazili\u00eb, Korea, Thailand, Vietnam, Indonesi\u00eb, Maleisi\u00eb, de Filippijnen en andere landen.<\/p>\n\t\t\t\t<img loading=\"lazy\" decoding=\"async\" src=\"https:\/\/www.griffinmachinery.com\/wp-content\/uploads\/2022\/05\/Industrial-Drying-Machine-Project.png\" alt=\"Industrieel droogmachineproject\" itemprop=\"image\" height=\"533\" width=\"400\" title=\"Industrieel droogmachineproject\" onerror=\"this.style.display='none'\"  \/>\n\t\t\t\t<img loading=\"lazy\" decoding=\"async\" src=\"https:\/\/www.griffinmachinery.com\/wp-content\/uploads\/2022\/05\/Industrial-Drying-Machine-Project-1.png\" alt=\"Industrieel droogmachineproject 1\" itemprop=\"image\" height=\"533\" width=\"400\" title=\"Industrieel droogmachineproject 1\" onerror=\"this.style.display='none'\"  \/>\n\t\t\t\t<img loading=\"lazy\" decoding=\"async\" src=\"https:\/\/www.griffinmachinery.com\/wp-content\/uploads\/2022\/05\/Industrial-Drying-Machine-Project-2.png\" alt=\"Industrieel droogmachineproject 2\" itemprop=\"image\" height=\"533\" width=\"400\" title=\"Industrieel droogmachineproject 2\" onerror=\"this.style.display='none'\"  \/>\n\t\t\t\t<img loading=\"lazy\" decoding=\"async\" src=\"https:\/\/www.griffinmachinery.com\/wp-content\/uploads\/2022\/05\/Industrial-Drying-Machine-Project-3.png\" alt=\"Industrieel droogmachineproject 3\" itemprop=\"image\" height=\"533\" width=\"400\" title=\"Industrieel droogmachineproject 3\" onerror=\"this.style.display='none'\"  \/>\n\n","protected":false},"excerpt":{"rendered":"<p>Fabrikant van industri\u00eble drogers Leverancier van droogapparatuur en -systemen Wij zijn gespecialiseerd in het onderzoeken en ontwikkelen van industri\u00eble drogers en oplossingen, zoals sproeidrogers, gaasbanddrogers, wervelbeddrogers, spin-flashdrogers, luchtstroomdrogers, vacu\u00fcmdrogers, trayplate-drogers, droogovens, enzovoort. Bekijk onze producten [&hellip;]<\/p>\n","protected":false},"author":1,"featured_media":0,"parent":0,"menu_order":0,"comment_status":"closed","ping_status":"closed","template":"","meta":{"site-sidebar-layout":"no-sidebar","site-content-layout":"page-builder","ast-site-content-layout":"default","site-content-style":"default","site-sidebar-style":"default","ast-global-header-display":"","ast-banner-title-visibility":"","ast-main-header-display":"","ast-hfb-above-header-display":"","ast-hfb-below-header-display":"","ast-hfb-mobile-header-display":"","site-post-title":"disabled","ast-breadcrumbs-content":"","ast-featured-img":"disabled","footer-sml-layout":"","ast-disable-related-posts":"","theme-transparent-header-meta":"enabled","adv-header-id-meta":"","stick-header-meta":"default","header-above-stick-meta":"","header-main-stick-meta":"","header-below-stick-meta":"","astra-migrate-meta-layouts":"default","ast-page-background-enabled":"default","ast-page-background-meta":{"desktop":{"background-color":"","background-image":"","background-repeat":"repeat","background-position":"center center","background-size":"auto","background-attachment":"scroll","background-type":"","background-media":"","overlay-type":"","overlay-color":"","overlay-opacity":"","overlay-gradient":""},"tablet":{"background-color":"","background-image":"","background-repeat":"repeat","background-position":"center center","background-size":"auto","background-attachment":"scroll","background-type":"","background-media":"","overlay-type":"","overlay-color":"","overlay-opacity":"","overlay-gradient":""},"mobile":{"background-color":"","background-image":"","background-repeat":"repeat","background-position":"center center","background-size":"auto","background-attachment":"scroll","background-type":"","background-media":"","overlay-type":"","overlay-color":"","overlay-opacity":"","overlay-gradient":""}},"ast-content-background-meta":{"desktop":{"background-color":"var(--ast-global-color-5)","background-image":"","background-repeat":"repeat","background-position":"center center","background-size":"auto","background-attachment":"scroll","background-type":"","background-media":"","overlay-type":"","overlay-color":"","overlay-opacity":"","overlay-gradient":""},"tablet":{"background-color":"var(--ast-global-color-5)","background-image":"","background-repeat":"repeat","background-position":"center center","background-size":"auto","background-attachment":"scroll","background-type":"","background-media":"","overlay-type":"","overlay-color":"","overlay-opacity":"","overlay-gradient":""},"mobile":{"background-color":"var(--ast-global-color-5)","background-image":"","background-repeat":"repeat","background-position":"center center","background-size":"auto","background-attachment":"scroll","background-type":"","background-media":"","overlay-type":"","overlay-color":"","overlay-opacity":"","overlay-gradient":""}},"footnotes":""},"class_list":["post-6913","page","type-page","status-publish","hentry"],"_links":{"self":[{"href":"https:\/\/www.griffinmachinery.com\/nl\/wp-json\/wp\/v2\/pages\/6913","targetHints":{"allow":["GET"]}}],"collection":[{"href":"https:\/\/www.griffinmachinery.com\/nl\/wp-json\/wp\/v2\/pages"}],"about":[{"href":"https:\/\/www.griffinmachinery.com\/nl\/wp-json\/wp\/v2\/types\/page"}],"author":[{"embeddable":true,"href":"https:\/\/www.griffinmachinery.com\/nl\/wp-json\/wp\/v2\/users\/1"}],"replies":[{"embeddable":true,"href":"https:\/\/www.griffinmachinery.com\/nl\/wp-json\/wp\/v2\/comments?post=6913"}],"version-history":[{"count":0,"href":"https:\/\/www.griffinmachinery.com\/nl\/wp-json\/wp\/v2\/pages\/6913\/revisions"}],"wp:attachment":[{"href":"https:\/\/www.griffinmachinery.com\/nl\/wp-json\/wp\/v2\/media?parent=6913"}],"curies":[{"name":"wp","href":"https:\/\/api.w.org\/{rel}","templated":true}]}}