{"id":5834,"date":"2022-04-04T16:05:33","date_gmt":"2022-04-04T16:05:33","guid":{"rendered":"https:\/\/www.griffinmachinery.com\/essiccatore-a-nastro-sottovuoto\/"},"modified":"2023-03-10T10:50:18","modified_gmt":"2023-03-10T10:50:18","slug":"asciugatore-a-nastro-sottovuoto","status":"publish","type":"product","link":"https:\/\/www.griffinmachinery.com\/it\/asciugatore-a-nastro-sottovuoto\/","title":{"rendered":"Essiccatore a Nastro Sottovuoto"},"content":{"rendered":"<h3>Principio di funzionamento<\/h3>\n<p>\u00c8 un&#8217;apparecchiatura di essiccazione sottovuoto con alimentazione continua e scarico continuo. La materia prima da essiccare viene trasportata nell&#8217;essiccatore dalla pompa di alimentazione e distribuita uniformemente sul nastro trasportatore dal distributore, e la temperatura del punto di ebollizione del materiale viene abbassata dall&#8217;alto vuoto e l&#8217;umidit\u00e0 della materia prima liquida viene direttamente sublimato al vapore e il nastro trasportatore si trova sulla piastra riscaldante.<\/p>\n<p>Funziona a velocit\u00e0 costante e la fonte di calore nella piastra riscaldante pu\u00f2 essere riscaldata da vapore, acqua calda o riscaldamento elettrico. Attraverso il funzionamento del nastro trasportatore, dall&#8217;evaporazione e dall&#8217;essiccazione all&#8217;estremit\u00e0 anteriore allo scarico di raffreddamento all&#8217;estremit\u00e0 posteriore, \u00e8 possibile regolare l&#8217;intervallo di temperatura da alto a basso in base alle caratteristiche del materiale., l&#8217;estremit\u00e0 di scarico \u00e8 dotata con apposito dispositivo di polverizzazione sottovuoto per ottenere prodotti finiti di diverse granulometrie, e la polvere essiccata pu\u00f2 essere confezionata o lavorata automaticamente in un secondo momento.<\/p>\n<h3>Applicazioni<\/h3>\n<p>\u00c8 adatto per essiccare maltosio, latte di malto, saccarosio, zucchero di barbabietola, destrina, farina d&#8217;avena, liquore di mais, farina di riso, miele, caff\u00e8 e altri zuccheri e varie sostanze ad alto contenuto zuccherino. L&#8217;estratto di erbe cinesi ad alta concentrazione e alta viscosit\u00e0 risolve un grave problema.<\/p>\n<p>Questa macchina non \u00e8 adatta solo per alimenti zuccherati ed estratti di medicina tradizionale cinese, ma \u00e8 adatta anche per l&#8217;essiccazione a bassa temperatura di varie materie prime liquide pastose come medicinali cinesi e occidentali, medicinali polisaccaridi, bioingegneria, materie prime chimiche, additivi alimentari, ecc., Essiccazione di prodotti termoplastici facilmente agglomerati, termosensibili; accogliere nuovi e vecchi clienti per portare materiali all&#8217;azienda per testare la macchina.<\/p>\n","protected":false},"excerpt":{"rendered":"<ul>\n<li>Un set completo di automazione dei processi, pipeline e continuo;<\/li>\n<li>Realizza alimentazione e scarico continui in condizioni di vuoto;<\/li>\n<li>Essiccazione completa, frantumazione e granulazione sotto vuoto;<\/li>\n<li>Il costo di esercizio \u00e8 di 1\/3 di forno sottovuoto, atomizzazione e 1\/6 di liofilizzazione;<\/li>\n<li>Non ci sono pi\u00f9 di due operatori, il che riduce notevolmente i costi del lavoro;<\/li>\n<li>La temperatura di essiccazione pu\u00f2 essere regolata in base ai requisiti di processo del materiale (25\u2103~150\u2103);<\/li>\n<li>I materiali termosensibili non mutano e non contaminano i batteri;<\/li>\n<li>30 ~ 60 minuti per iniziare a produrre continuamente polvere secca, la velocit\u00e0 di uscita della polvere secca \u00e8 del 99%;<\/li>\n<li>Pu\u00f2 risolvere l&#8217;essiccazione di vari materiali liquidi e liquami con viscosit\u00e0 elevata e essiccazione difficile;<\/li>\n<li>Pulizia automatica online, in linea con i requisiti GMP.<\/li>\n<\/ul>\n","protected":false},"featured_media":5835,"template":"","meta":{"site-sidebar-layout":"default","site-content-layout":"default","ast-site-content-layout":"default","site-content-style":"default","site-sidebar-style":"default","ast-global-header-display":"","ast-banner-title-visibility":"","ast-main-header-display":"","ast-hfb-above-header-display":"","ast-hfb-below-header-display":"","ast-hfb-mobile-header-display":"","site-post-title":"","ast-breadcrumbs-content":"","ast-featured-img":"","footer-sml-layout":"","ast-disable-related-posts":"","theme-transparent-header-meta":"default","adv-header-id-meta":"","stick-header-meta":"default","header-above-stick-meta":"","header-main-stick-meta":"","header-below-stick-meta":"","astra-migrate-meta-layouts":"default","ast-page-background-enabled":"default","ast-page-background-meta":{"desktop":{"background-color":"","background-image":"","background-repeat":"repeat","background-position":"center center","background-size":"auto","background-attachment":"scroll","background-type":"","background-media":"","overlay-type":"","overlay-color":"","overlay-opacity":"","overlay-gradient":""},"tablet":{"background-color":"","background-image":"","background-repeat":"repeat","background-position":"center center","background-size":"auto","background-attachment":"scroll","background-type":"","background-media":"","overlay-type":"","overlay-color":"","overlay-opacity":"","overlay-gradient":""},"mobile":{"background-color":"","background-image":"","background-repeat":"repeat","background-position":"center center","background-size":"auto","background-attachment":"scroll","background-type":"","background-media":"","overlay-type":"","overlay-color":"","overlay-opacity":"","overlay-gradient":""}},"ast-content-background-meta":{"desktop":{"background-color":"var(--ast-global-color-5)","background-image":"","background-repeat":"repeat","background-position":"center center","background-size":"auto","background-attachment":"scroll","background-type":"","background-media":"","overlay-type":"","overlay-color":"","overlay-opacity":"","overlay-gradient":""},"tablet":{"background-color":"var(--ast-global-color-5)","background-image":"","background-repeat":"repeat","background-position":"center center","background-size":"auto","background-attachment":"scroll","background-type":"","background-media":"","overlay-type":"","overlay-color":"","overlay-opacity":"","overlay-gradient":""},"mobile":{"background-color":"var(--ast-global-color-5)","background-image":"","background-repeat":"repeat","background-position":"center center","background-size":"auto","background-attachment":"scroll","background-type":"","background-media":"","overlay-type":"","overlay-color":"","overlay-opacity":"","overlay-gradient":""}}},"product_brand":[],"product_cat":[180],"product_tag":[],"class_list":{"0":"post-5834","1":"product","2":"type-product","3":"status-publish","4":"has-post-thumbnail","6":"product_cat-essiccatore-sottovuoto","7":"desktop-align-center","8":"tablet-align-center","9":"mobile-align-center","10":"ast-product-gallery-layout-horizontal","11":"ast-product-tabs-layout-horizontal","12":"ast-qv-on-image","14":"first","15":"instock","16":"shipping-taxable","17":"product-type-simple"},"_links":{"self":[{"href":"https:\/\/www.griffinmachinery.com\/it\/wp-json\/wp\/v2\/product\/5834","targetHints":{"allow":["GET"]}}],"collection":[{"href":"https:\/\/www.griffinmachinery.com\/it\/wp-json\/wp\/v2\/product"}],"about":[{"href":"https:\/\/www.griffinmachinery.com\/it\/wp-json\/wp\/v2\/types\/product"}],"wp:featuredmedia":[{"embeddable":true,"href":"https:\/\/www.griffinmachinery.com\/it\/wp-json\/wp\/v2\/media\/5835"}],"wp:attachment":[{"href":"https:\/\/www.griffinmachinery.com\/it\/wp-json\/wp\/v2\/media?parent=5834"}],"wp:term":[{"taxonomy":"product_brand","embeddable":true,"href":"https:\/\/www.griffinmachinery.com\/it\/wp-json\/wp\/v2\/product_brand?post=5834"},{"taxonomy":"product_cat","embeddable":true,"href":"https:\/\/www.griffinmachinery.com\/it\/wp-json\/wp\/v2\/product_cat?post=5834"},{"taxonomy":"product_tag","embeddable":true,"href":"https:\/\/www.griffinmachinery.com\/it\/wp-json\/wp\/v2\/product_tag?post=5834"}],"curies":[{"name":"wp","href":"https:\/\/api.w.org\/{rel}","templated":true}]}}