{"id":5829,"date":"2022-04-04T16:13:15","date_gmt":"2022-04-04T16:13:15","guid":{"rendered":"https:\/\/www.griffinmachinery.com\/forno-di-essiccazione-sottovuoto\/"},"modified":"2023-04-02T07:27:28","modified_gmt":"2023-04-02T07:27:28","slug":"forno-di-essiccazione-sottovuoto","status":"publish","type":"product","link":"https:\/\/www.griffinmachinery.com\/it\/forno-di-essiccazione-sottovuoto\/","title":{"rendered":"Forno di Essiccazione Sottovuoto"},"content":{"rendered":"<h3 style=\"text-align: center;\">Diagramma di flusso dell&#8217;essiccamento in forno sottovuoto<\/h3>\n<p><img loading=\"lazy\" decoding=\"async\" class=\"alignnone size-full wp-image-10588\" src=\"https:\/\/www.griffinmachinery.com\/wp-content\/uploads\/2022\/04\/Diagramma-di-flusso-dellessiccamento-in-forno-sottovuoto.jpg\" alt=\"Diagramma di flusso dell'essiccamento in forno sottovuoto\" width=\"1500\" height=\"513\" srcset=\"https:\/\/www.griffinmachinery.com\/wp-content\/uploads\/2022\/04\/Diagramma-di-flusso-dellessiccamento-in-forno-sottovuoto.jpg 1500w, https:\/\/www.griffinmachinery.com\/wp-content\/uploads\/2022\/04\/Diagramma-di-flusso-dellessiccamento-in-forno-sottovuoto-300x103.jpg 300w, https:\/\/www.griffinmachinery.com\/wp-content\/uploads\/2022\/04\/Diagramma-di-flusso-dellessiccamento-in-forno-sottovuoto-1024x350.jpg 1024w, https:\/\/www.griffinmachinery.com\/wp-content\/uploads\/2022\/04\/Diagramma-di-flusso-dellessiccamento-in-forno-sottovuoto-768x263.jpg 768w, https:\/\/www.griffinmachinery.com\/wp-content\/uploads\/2022\/04\/Diagramma-di-flusso-dellessiccamento-in-forno-sottovuoto-600x205.jpg 600w\" sizes=\"auto, (max-width: 1500px) 100vw, 1500px\" \/><\/p>\n<hr \/>\n<h3 style=\"text-align: center;\">Applicazioni<\/h3>\n<p>I forni di essiccazione sottovuoto sono ampiamente utilizzati in biochimica, farmacia chimica, medicina e salute, ricerca scientifica agricola, protezione ambientale e altre applicazioni di ricerca, per l&#8217;essiccazione della polvere, la cottura al forno, la disinfezione e la sterilizzazione di vari contenitori di vetro. \u00c8 particolarmente adatto per un&#8217;essiccazione rapida ed efficiente di sostanze termosensibili, facilmente decomponibili, facilmente ossidabili e articoli a composizione complessa.<\/p>\n<hr \/>\n<h3 style=\"text-align: center;\">Parametri tecnici<\/h3>\n<table>\n<tbody>\n<tr>\n<td rowspan=\"2\" bgcolor=\"#d9edf7\"><strong>ITEM<\/strong><\/td>\n<td style=\"text-align: center;\" colspan=\"3\"><strong>Specifica<\/strong><\/td>\n<\/tr>\n<tr>\n<td>FZG-10<\/td>\n<td>FZG-15<\/td>\n<td>FZG-20<\/td>\n<\/tr>\n<tr>\n<td bgcolor=\"#d9edf7\"><strong>Dimensioni interne della camera (mm)<\/strong><\/td>\n<td>1500\u00d71060\u00d71220<\/td>\n<td>1500\u00d71400\u00d71220<\/td>\n<td>1500\u00d71800\u00d71220<\/td>\n<\/tr>\n<tr>\n<td bgcolor=\"#d9edf7\"><strong>Dimensioni esterne della camera (mm)<\/strong><\/td>\n<td>1924\u00d71720\u00d71513<\/td>\n<td>1513\u00d71924\u00d72060<\/td>\n<td>1924\u00d72500\u00d71513<\/td>\n<\/tr>\n<tr>\n<td bgcolor=\"#d9edf7\"><strong>Strati di ripiano da forno<\/strong><\/td>\n<td>5<\/td>\n<td>8<\/td>\n<td>10<\/td>\n<\/tr>\n<tr>\n<td bgcolor=\"#d9edf7\"><strong>Intervallo della griglia di cottura (mm)<\/strong><\/td>\n<td>122<\/td>\n<td>122<\/td>\n<td>122<\/td>\n<\/tr>\n<tr>\n<td bgcolor=\"#d9edf7\"><strong>Dimensioni teglia (mm)<\/strong><\/td>\n<td>460\u00d7640\u00d745<\/td>\n<td>460\u00d7640\u00d745<\/td>\n<td>460\u00d7640\u00d745<\/td>\n<\/tr>\n<tr>\n<td bgcolor=\"#d9edf7\"><strong>Numero di una teglia(pz)<\/strong><\/td>\n<td>20<\/td>\n<td>32<\/td>\n<td>48<\/td>\n<\/tr>\n<tr>\n<td bgcolor=\"#d9edf7\"><strong>Capacit\u00e0 di asciugatura (kg)<\/strong><\/td>\n<td>50<\/td>\n<td>80<\/td>\n<td>120<\/td>\n<\/tr>\n<tr>\n<td bgcolor=\"#d9edf7\"><strong>Pressione consentita all&#8217;interno del tubo della griglia di cottura (Mpa)<\/strong><\/td>\n<td style=\"text-align: center;\" colspan=\"3\">\u22640.784<\/td>\n<\/tr>\n<tr>\n<td bgcolor=\"#d9edf7\"><strong>La temperatura di funzionamento del supporto di cottura<\/strong><\/td>\n<td style=\"text-align: center;\" colspan=\"3\">\u2264150\u2103<\/td>\n<\/tr>\n<tr>\n<td bgcolor=\"#d9edf7\"><strong>Peso (kg)<\/strong><\/td>\n<td>1400<\/td>\n<td>2100<\/td>\n<td>3200<\/td>\n<\/tr>\n<\/tbody>\n<\/table>\n","protected":false},"excerpt":{"rendered":"<ul>\n<li>Pu\u00f2 ottenere una maggiore capacit\u00e0 di essiccazione a temperature pi\u00f9 basse e l&#8217;energia termica pu\u00f2 essere utilizzata completamente.<\/li>\n<li>\u00c8 adatto per materiali come materiali sensibili al calore e facilmente ossidabili.<\/li>\n<li>Pu\u00f2 essiccare materie prime che contengono solventi e che devono essere recuperate.<\/li>\n<li>Prima dell&#8217;essiccazione pu\u00f2 effettuare il trattamento disinfettante. Durante il periodo di asciugatura, qualsiasi impurit\u00e0 non pu\u00f2 entrarvi.<\/li>\n<li>L&#8217;essiccatore appartiene all&#8217;essiccazione statica, i materiali non verranno danneggiati.<\/li>\n<li>La macchina \u00e8 una sorta di operazione di tipo batch e pu\u00f2 regolare i processi tecnici in qualsiasi momento.<\/li>\n<li>La parte superiore interna \u00e8 progettata per inarcare la struttura, pu\u00f2 evitare efficacemente la caduta dell&#8217;acqua condensata.<\/li>\n<\/ul>\n","protected":false},"featured_media":5830,"template":"","meta":{"site-sidebar-layout":"default","site-content-layout":"default","ast-site-content-layout":"default","site-content-style":"default","site-sidebar-style":"default","ast-global-header-display":"","ast-banner-title-visibility":"","ast-main-header-display":"","ast-hfb-above-header-display":"","ast-hfb-below-header-display":"","ast-hfb-mobile-header-display":"","site-post-title":"","ast-breadcrumbs-content":"","ast-featured-img":"","footer-sml-layout":"","ast-disable-related-posts":"","theme-transparent-header-meta":"default","adv-header-id-meta":"","stick-header-meta":"default","header-above-stick-meta":"","header-main-stick-meta":"","header-below-stick-meta":"","astra-migrate-meta-layouts":"default","ast-page-background-enabled":"default","ast-page-background-meta":{"desktop":{"background-color":"","background-image":"","background-repeat":"repeat","background-position":"center center","background-size":"auto","background-attachment":"scroll","background-type":"","background-media":"","overlay-type":"","overlay-color":"","overlay-opacity":"","overlay-gradient":""},"tablet":{"background-color":"","background-image":"","background-repeat":"repeat","background-position":"center center","background-size":"auto","background-attachment":"scroll","background-type":"","background-media":"","overlay-type":"","overlay-color":"","overlay-opacity":"","overlay-gradient":""},"mobile":{"background-color":"","background-image":"","background-repeat":"repeat","background-position":"center center","background-size":"auto","background-attachment":"scroll","background-type":"","background-media":"","overlay-type":"","overlay-color":"","overlay-opacity":"","overlay-gradient":""}},"ast-content-background-meta":{"desktop":{"background-color":"var(--ast-global-color-5)","background-image":"","background-repeat":"repeat","background-position":"center center","background-size":"auto","background-attachment":"scroll","background-type":"","background-media":"","overlay-type":"","overlay-color":"","overlay-opacity":"","overlay-gradient":""},"tablet":{"background-color":"var(--ast-global-color-5)","background-image":"","background-repeat":"repeat","background-position":"center center","background-size":"auto","background-attachment":"scroll","background-type":"","background-media":"","overlay-type":"","overlay-color":"","overlay-opacity":"","overlay-gradient":""},"mobile":{"background-color":"var(--ast-global-color-5)","background-image":"","background-repeat":"repeat","background-position":"center center","background-size":"auto","background-attachment":"scroll","background-type":"","background-media":"","overlay-type":"","overlay-color":"","overlay-opacity":"","overlay-gradient":""}}},"product_brand":[],"product_cat":[180],"product_tag":[],"class_list":{"0":"post-5829","1":"product","2":"type-product","3":"status-publish","4":"has-post-thumbnail","6":"product_cat-essiccatore-sottovuoto","7":"desktop-align-center","8":"tablet-align-center","9":"mobile-align-center","10":"ast-product-gallery-layout-horizontal","11":"ast-product-tabs-layout-horizontal","12":"ast-qv-on-image","14":"first","15":"instock","16":"shipping-taxable","17":"product-type-simple"},"_links":{"self":[{"href":"https:\/\/www.griffinmachinery.com\/it\/wp-json\/wp\/v2\/product\/5829","targetHints":{"allow":["GET"]}}],"collection":[{"href":"https:\/\/www.griffinmachinery.com\/it\/wp-json\/wp\/v2\/product"}],"about":[{"href":"https:\/\/www.griffinmachinery.com\/it\/wp-json\/wp\/v2\/types\/product"}],"wp:featuredmedia":[{"embeddable":true,"href":"https:\/\/www.griffinmachinery.com\/it\/wp-json\/wp\/v2\/media\/5830"}],"wp:attachment":[{"href":"https:\/\/www.griffinmachinery.com\/it\/wp-json\/wp\/v2\/media?parent=5829"}],"wp:term":[{"taxonomy":"product_brand","embeddable":true,"href":"https:\/\/www.griffinmachinery.com\/it\/wp-json\/wp\/v2\/product_brand?post=5829"},{"taxonomy":"product_cat","embeddable":true,"href":"https:\/\/www.griffinmachinery.com\/it\/wp-json\/wp\/v2\/product_cat?post=5829"},{"taxonomy":"product_tag","embeddable":true,"href":"https:\/\/www.griffinmachinery.com\/it\/wp-json\/wp\/v2\/product_tag?post=5829"}],"curies":[{"name":"wp","href":"https:\/\/api.w.org\/{rel}","templated":true}]}}