{"id":9213,"date":"2022-10-16T07:36:43","date_gmt":"2022-10-16T07:36:43","guid":{"rendered":"https:\/\/www.griffinmachinery.com\/four-a-circulation-dair-chaud\/"},"modified":"2023-04-02T06:59:49","modified_gmt":"2023-04-02T06:59:49","slug":"four-a-circulation-dair-chaud","status":"publish","type":"product","link":"https:\/\/www.griffinmachinery.com\/fr\/four-a-circulation-dair-chaud\/","title":{"rendered":"Four \u00e0 Circulation d&rsquo;air Chaud"},"content":{"rendered":"<h2 style=\"text-align: center;\">Structure interne du four \u00e0 circulation d&rsquo;air chaud<\/h2>\n<p><img loading=\"lazy\" decoding=\"async\" class=\"alignnone size-full wp-image-11227\" src=\"https:\/\/www.griffinmachinery.com\/wp-content\/uploads\/2022\/10\/Structure-interne-du-four-a-circulation-dair-chaud.jpg\" alt=\"Structure interne du four \u00e0 circulation d'air chaud\" width=\"1347\" height=\"780\" srcset=\"https:\/\/www.griffinmachinery.com\/wp-content\/uploads\/2022\/10\/Structure-interne-du-four-a-circulation-dair-chaud.jpg 1347w, https:\/\/www.griffinmachinery.com\/wp-content\/uploads\/2022\/10\/Structure-interne-du-four-a-circulation-dair-chaud-300x174.jpg 300w, https:\/\/www.griffinmachinery.com\/wp-content\/uploads\/2022\/10\/Structure-interne-du-four-a-circulation-dair-chaud-1024x593.jpg 1024w, https:\/\/www.griffinmachinery.com\/wp-content\/uploads\/2022\/10\/Structure-interne-du-four-a-circulation-dair-chaud-768x445.jpg 768w, https:\/\/www.griffinmachinery.com\/wp-content\/uploads\/2022\/10\/Structure-interne-du-four-a-circulation-dair-chaud-600x347.jpg 600w\" sizes=\"auto, (max-width: 1347px) 100vw, 1347px\" \/><\/p>\n<hr \/>\n<p>Notre corps de four adopte une entr\u00e9e d&rsquo;air \u00e0 deux c\u00f4t\u00e9s et un retour par le milieu. Le trajet de circulation d&rsquo;air chaud est plus court pour assurer une temp\u00e9rature uniforme dans le corps de la bo\u00eete.<\/p>\n<p>Il est facile \u00e0 nettoyer et \u00e0 r\u00e9partir l&rsquo;air uniform\u00e9ment. R\u00e9cup\u00e9rez la piste d&rsquo;air chaud de 2000 fours \u00e0 circulation d&rsquo;air chaud et choisissez le meilleur rapport de poin\u00e7onnage pour assurer l&rsquo;uniformit\u00e9 de la r\u00e9partition de l&rsquo;air entre l&rsquo;entr\u00e9e et la sortie.<\/p>\n<h2 style=\"text-align: center;\">Param\u00e8tre Technique<\/h2>\n<table>\n<tbody>\n<tr>\n<td bgcolor=\"#d9edf7\">Mod\u00e8le<\/td>\n<td bgcolor=\"#d9edf7\">Zone d&rsquo;\u00e9vaporation (\u33a1)<\/td>\n<td bgcolor=\"#d9edf7\">Volume efficace (\u33a1)<\/td>\n<td bgcolor=\"#d9edf7\">Capacit\u00e9 de s\u00e9chage (kg\/lot)<\/td>\n<td bgcolor=\"#d9edf7\">Zone de radiateur (\u33a1)<\/td>\n<td bgcolor=\"#d9edf7\">Puissance de chauffage \u00e9lectrique (kw)<\/td>\n<td bgcolor=\"#d9edf7\">Volume du ventilateur (\u33a1\/h)<\/td>\n<td bgcolor=\"#d9edf7\">Puissance du ventilateur(kw)<\/td>\n<\/tr>\n<tr>\n<td>CT-C-O<\/td>\n<td>7.1<\/td>\n<td>1.3<\/td>\n<td>60<\/td>\n<td>15<\/td>\n<td>6-9<\/td>\n<td>4510<\/td>\n<td>0.45<\/td>\n<\/tr>\n<tr>\n<td>CT-C-\u2160<\/td>\n<td>14.1<\/td>\n<td>2.6<\/td>\n<td>120<\/td>\n<td>23<\/td>\n<td>15<\/td>\n<td>4510<\/td>\n<td>0.45<\/td>\n<\/tr>\n<tr>\n<td>CT-C-\u2161<\/td>\n<td>28.3<\/td>\n<td>4.9<\/td>\n<td>240<\/td>\n<td>48<\/td>\n<td>30<\/td>\n<td>9020<\/td>\n<td>0.45\u00d72<\/td>\n<\/tr>\n<tr>\n<td>CT-C-\u2162<\/td>\n<td>42.4<\/td>\n<td>7.4<\/td>\n<td>360<\/td>\n<td>60<\/td>\n<td>45<\/td>\n<td>13530<\/td>\n<td>0.45\u00d73<\/td>\n<\/tr>\n<tr>\n<td>CT-C-\u2163<\/td>\n<td>56.5<\/td>\n<td>10.3<\/td>\n<td>480<\/td>\n<td>96<\/td>\n<td>60<\/td>\n<td>18040<\/td>\n<td>0.45\u00d74<\/td>\n<\/tr>\n<tr>\n<td>CT-\u2160<\/td>\n<td>14.1<\/td>\n<td>2.6<\/td>\n<td>120<\/td>\n<td>23<\/td>\n<td>15<\/td>\n<td>1414<\/td>\n<td>1.1<\/td>\n<\/tr>\n<tr>\n<td>CT-\u2161<\/td>\n<td>28.3<\/td>\n<td>4.9<\/td>\n<td>240<\/td>\n<td>48<\/td>\n<td>30<\/td>\n<td>5230<\/td>\n<td>1.1<\/td>\n<\/tr>\n<tr>\n<td>CT-\u2162<\/td>\n<td>42.4<\/td>\n<td>7.4<\/td>\n<td>360<\/td>\n<td>72<\/td>\n<td>45<\/td>\n<td>9800<\/td>\n<td>2.2<\/td>\n<\/tr>\n<\/tbody>\n<\/table>\n","protected":false},"excerpt":{"rendered":"<ul>\n<li>La source de chauffage comprend la vapeur, l&rsquo;\u00e9lectricit\u00e9, l&rsquo;infrarouge lointain et la vapeur \u00e9lectrique.<\/li>\n<li>La temp\u00e9rature d&rsquo;utilisation pour le chauffage \u00e0 la vapeur est de 50-140\u2103, avec une limite sup\u00e9rieure de 150\u2103.<\/li>\n<li>\u00c9lectricit\u00e9, temp\u00e9rature infrarouge lointaine 50-500\u2103.<\/li>\n<li>\u00c9quip\u00e9 d&rsquo;un syst\u00e8me de contr\u00f4le automatique et d&rsquo;un syst\u00e8me de contr\u00f4le par ordinateur.<\/li>\n<li>La pression de vapeur couramment utilis\u00e9e est de 0,2 \u00e0 0,8 MPa (2 \u00e0 8 kg\/cm2).<\/li>\n<li>Les exigences particuli\u00e8res de personnalisation sont expliqu\u00e9es lors de la commande. La temp\u00e9rature d&rsquo;utilisation est sup\u00e9rieure \u00e0 140\u2103 ou inf\u00e9rieure \u00e0 60\u2103, \u00e0 pr\u00e9ciser lors de la commande.<\/li>\n<li>La taille de nos plaques de cuisson est uniforme et diff\u00e9rents mod\u00e8les de four peuvent \u00eatre utilis\u00e9s en commun.<\/li>\n<\/ul>\n","protected":false},"featured_media":9152,"template":"","meta":{"site-sidebar-layout":"default","site-content-layout":"default","ast-site-content-layout":"default","site-content-style":"default","site-sidebar-style":"default","ast-global-header-display":"","ast-banner-title-visibility":"","ast-main-header-display":"","ast-hfb-above-header-display":"","ast-hfb-below-header-display":"","ast-hfb-mobile-header-display":"","site-post-title":"","ast-breadcrumbs-content":"","ast-featured-img":"","footer-sml-layout":"","ast-disable-related-posts":"","theme-transparent-header-meta":"default","adv-header-id-meta":"","stick-header-meta":"default","header-above-stick-meta":"","header-main-stick-meta":"","header-below-stick-meta":"","astra-migrate-meta-layouts":"default","ast-page-background-enabled":"default","ast-page-background-meta":{"desktop":{"background-color":"","background-image":"","background-repeat":"repeat","background-position":"center center","background-size":"auto","background-attachment":"scroll","background-type":"","background-media":"","overlay-type":"","overlay-color":"","overlay-opacity":"","overlay-gradient":""},"tablet":{"background-color":"","background-image":"","background-repeat":"repeat","background-position":"center center","background-size":"auto","background-attachment":"scroll","background-type":"","background-media":"","overlay-type":"","overlay-color":"","overlay-opacity":"","overlay-gradient":""},"mobile":{"background-color":"","background-image":"","background-repeat":"repeat","background-position":"center center","background-size":"auto","background-attachment":"scroll","background-type":"","background-media":"","overlay-type":"","overlay-color":"","overlay-opacity":"","overlay-gradient":""}},"ast-content-background-meta":{"desktop":{"background-color":"var(--ast-global-color-5)","background-image":"","background-repeat":"repeat","background-position":"center center","background-size":"auto","background-attachment":"scroll","background-type":"","background-media":"","overlay-type":"","overlay-color":"","overlay-opacity":"","overlay-gradient":""},"tablet":{"background-color":"var(--ast-global-color-5)","background-image":"","background-repeat":"repeat","background-position":"center center","background-size":"auto","background-attachment":"scroll","background-type":"","background-media":"","overlay-type":"","overlay-color":"","overlay-opacity":"","overlay-gradient":""},"mobile":{"background-color":"var(--ast-global-color-5)","background-image":"","background-repeat":"repeat","background-position":"center center","background-size":"auto","background-attachment":"scroll","background-type":"","background-media":"","overlay-type":"","overlay-color":"","overlay-opacity":"","overlay-gradient":""}}},"product_brand":[],"product_cat":[173],"product_tag":[],"class_list":{"0":"post-9213","1":"product","2":"type-product","3":"status-publish","4":"has-post-thumbnail","6":"product_cat-non-classe","7":"desktop-align-center","8":"tablet-align-center","9":"mobile-align-center","10":"ast-product-gallery-layout-horizontal","11":"ast-product-tabs-layout-horizontal","12":"ast-qv-on-image","14":"first","15":"instock","16":"shipping-taxable","17":"product-type-simple"},"_links":{"self":[{"href":"https:\/\/www.griffinmachinery.com\/fr\/wp-json\/wp\/v2\/product\/9213","targetHints":{"allow":["GET"]}}],"collection":[{"href":"https:\/\/www.griffinmachinery.com\/fr\/wp-json\/wp\/v2\/product"}],"about":[{"href":"https:\/\/www.griffinmachinery.com\/fr\/wp-json\/wp\/v2\/types\/product"}],"wp:featuredmedia":[{"embeddable":true,"href":"https:\/\/www.griffinmachinery.com\/fr\/wp-json\/wp\/v2\/media\/9152"}],"wp:attachment":[{"href":"https:\/\/www.griffinmachinery.com\/fr\/wp-json\/wp\/v2\/media?parent=9213"}],"wp:term":[{"taxonomy":"product_brand","embeddable":true,"href":"https:\/\/www.griffinmachinery.com\/fr\/wp-json\/wp\/v2\/product_brand?post=9213"},{"taxonomy":"product_cat","embeddable":true,"href":"https:\/\/www.griffinmachinery.com\/fr\/wp-json\/wp\/v2\/product_cat?post=9213"},{"taxonomy":"product_tag","embeddable":true,"href":"https:\/\/www.griffinmachinery.com\/fr\/wp-json\/wp\/v2\/product_tag?post=9213"}],"curies":[{"name":"wp","href":"https:\/\/api.w.org\/{rel}","templated":true}]}}