{"id":5321,"date":"2022-04-04T15:30:06","date_gmt":"2022-04-04T15:30:06","guid":{"rendered":"https:\/\/www.griffinmachinery.com\/secheur-vertical-a-lit-fluidise-bouillant\/"},"modified":"2023-03-09T07:17:06","modified_gmt":"2023-03-09T07:17:06","slug":"secheur-a-lit-fluidique-bouillant-vertical","status":"publish","type":"product","link":"https:\/\/www.griffinmachinery.com\/fr\/secheur-a-lit-fluidique-bouillant-vertical\/","title":{"rendered":"S\u00e9choir \u00e0 lit Fluidis\u00e9 Statique"},"content":{"rendered":"<h3>Param\u00e8tres techniques<\/h3>\n<table width=\"100%\" cellspacing=\"0\" cellpadding=\"0\">\n<tbody>\n<tr class=\"firstRow\">\n<td colspan=\"2\" bgcolor=\"#d9edf7\"><strong>Item<\/strong><\/td>\n<td>30<\/td>\n<td>60<\/td>\n<td>90<\/td>\n<td>120<\/td>\n<td>150<\/td>\n<td>200<\/td>\n<td>300<\/td>\n<td>500<\/td>\n<td>800-1000<\/td>\n<\/tr>\n<tr>\n<td colspan=\"2\" bgcolor=\"#d9edf7\"><strong>Le volume du conteneur (L)<\/strong><\/td>\n<td>100<\/td>\n<td>220<\/td>\n<td>300<\/td>\n<td>420<\/td>\n<td>500<\/td>\n<td>670<\/td>\n<td>1000<\/td>\n<td>1500<\/td>\n<td rowspan=\"12\">Par client<\/td>\n<\/tr>\n<tr>\n<td colspan=\"2\" bgcolor=\"#d9edf7\"><strong>Capacit\u00e9 de production(Kg\/lot)<\/strong><\/td>\n<td>30<\/td>\n<td>60<\/td>\n<td>90<\/td>\n<td>120<\/td>\n<td>150<\/td>\n<td>200<\/td>\n<td>300<\/td>\n<td>500<\/td>\n<\/tr>\n<tr>\n<td rowspan=\"2\" bgcolor=\"#d9edf7\"><strong>Vapeur<\/strong><\/td>\n<td bgcolor=\"#d9edf7\">Pression MPa<\/td>\n<td colspan=\"8\">0.4-0.6<\/td>\n<\/tr>\n<tr>\n<td bgcolor=\"#d9edf7\">Consommation Kg\/h<\/td>\n<td>70<\/td>\n<td>140<\/td>\n<td>169<\/td>\n<td>211<\/td>\n<td>241<\/td>\n<td>282<\/td>\n<td>366<\/td>\n<td>465<\/td>\n<\/tr>\n<tr>\n<td rowspan=\"2\" bgcolor=\"#d9edf7\"><strong>Air comprim\u00e9<\/strong><\/td>\n<td bgcolor=\"#d9edf7\">Pression MPa<\/td>\n<td colspan=\"8\">0.6<\/td>\n<\/tr>\n<tr>\n<td bgcolor=\"#d9edf7\">Consommation m3 \/min<\/td>\n<td>0.3<\/td>\n<td>0.6<\/td>\n<td>0.6<\/td>\n<td>0.6<\/td>\n<td>0.6<\/td>\n<td>0.9<\/td>\n<td>0.9<\/td>\n<td>1.1<\/td>\n<\/tr>\n<tr>\n<td colspan=\"2\" bgcolor=\"#d9edf7\"><strong>Puissance du ventilateur(kW)<\/strong><\/td>\n<td>5.5<\/td>\n<td>11<\/td>\n<td>15<\/td>\n<td>18.5<\/td>\n<td>22<\/td>\n<td>22<\/td>\n<td>30<\/td>\n<td>45<\/td>\n<\/tr>\n<tr>\n<td colspan=\"2\" bgcolor=\"#d9edf7\"><strong>Temp\u00e9rature de l&rsquo;air d&rsquo;admission(\u2103)<\/strong><\/td>\n<td colspan=\"8\">Temp\u00e9rature normale \uff5e120\u2103ajustement automatique<\/td>\n<\/tr>\n<tr>\n<td colspan=\"2\" bgcolor=\"#d9edf7\"><strong>Le rendement du mat\u00e9riau (%)<\/strong><\/td>\n<td colspan=\"8\">&gt;99<\/td>\n<\/tr>\n<tr>\n<td colspan=\"2\" bgcolor=\"#d9edf7\"><strong>Teneur en humidit\u00e9 finale(%)<\/strong><\/td>\n<td colspan=\"8\">to 0.2<\/td>\n<\/tr>\n<tr>\n<td colspan=\"2\" bgcolor=\"#d9edf7\"><strong>Bruit (dB)<\/strong><\/td>\n<td colspan=\"8\">&lt; 75 dB<\/td>\n<\/tr>\n<\/tbody>\n<\/table>\n<hr \/>\n<h3>1. Syst\u00e8me de traitement de l&rsquo;air d&rsquo;entr\u00e9e<\/h3>\n<p><strong>1.1 Filtres \u00e0 efficacit\u00e9 primaire et interm\u00e9diaire<\/strong><\/p>\n<figure id=\"attachment_8870\" aria-describedby=\"caption-attachment-8870\" style=\"width: 296px\" class=\"wp-caption alignnone\"><img loading=\"lazy\" decoding=\"async\" class=\"wp-image-8866 size-medium\" src=\"https:\/\/www.griffinmachinery.com\/wp-content\/uploads\/2022\/04\/Primary-Efficiency-Filters-296x300.jpg\" alt=\"Primary Efficiency Filters\" width=\"296\" height=\"300\" srcset=\"https:\/\/www.griffinmachinery.com\/wp-content\/uploads\/2022\/04\/Primary-Efficiency-Filters-296x300.jpg 296w, https:\/\/www.griffinmachinery.com\/wp-content\/uploads\/2022\/04\/Primary-Efficiency-Filters-100x100.jpg 100w, https:\/\/www.griffinmachinery.com\/wp-content\/uploads\/2022\/04\/Primary-Efficiency-Filters.jpg 343w\" sizes=\"auto, (max-width: 296px) 100vw, 296px\" \/><figcaption id=\"caption-attachment-8870\" class=\"wp-caption-text\"><center>Filtres \u00e0 efficacit\u00e9 primaire<\/center><\/figcaption><\/figure>\n<p>Filtre primaire d&rsquo;entr\u00e9e (tamis en acier inoxydable de 0,15 mm), filtre \u00e0 manches \u00e0 effet moyen (F7).<\/p>\n<p><strong>1.2 Chauffage<\/strong><\/p>\n<ul>\n<li>R\u00e9chauffeur de type feuille enroul\u00e9e en spirale.<\/li>\n<li>L&rsquo;entr\u00e9e de vapeur du r\u00e9chauffeur est \u00e9quip\u00e9e d&rsquo;une vanne de vapeur, qui permet de r\u00e9gler le rapport pneumatique.<\/li>\n<\/ul>\n<p><strong>1.3 Filtre \u00e0 haute efficacit\u00e9<\/strong><\/p>\n<figure id=\"attachment_8885\" aria-describedby=\"caption-attachment-8885\" style=\"width: 250px\" class=\"wp-caption alignnone\"><img loading=\"lazy\" decoding=\"async\" class=\"wp-image-8881 size-full\" src=\"https:\/\/www.griffinmachinery.com\/wp-content\/uploads\/2022\/04\/High-efficiency-Filter.jpg\" alt=\"High-efficiency Filter\" width=\"250\" height=\"250\" srcset=\"https:\/\/www.griffinmachinery.com\/wp-content\/uploads\/2022\/04\/High-efficiency-Filter.jpg 250w, https:\/\/www.griffinmachinery.com\/wp-content\/uploads\/2022\/04\/High-efficiency-Filter-150x150.jpg 150w, https:\/\/www.griffinmachinery.com\/wp-content\/uploads\/2022\/04\/High-efficiency-Filter-100x100.jpg 100w\" sizes=\"auto, (max-width: 250px) 100vw, 250px\" \/><figcaption id=\"caption-attachment-8885\" class=\"wp-caption-text\"><center>Filtre \u00e0 haute efficacit\u00e9<\/center><\/figcaption><\/figure>\n<ul>\n<li>Filtre haute efficacit\u00e9 (H13) r\u00e9sistant aux hautes temp\u00e9ratures avec cadre ext\u00e9rieur en acier inoxydable pour \u00e9viter toute d\u00e9formation thermique.<\/li>\n<li>Structure \u00e0 montage rapide.<\/li>\n<li>D\u00e9tection de la pression diff\u00e9rentielle du filtre \u00e0 haute efficacit\u00e9, incluant une interface rapide pour augmenter les points de d\u00e9tection.<\/li>\n<\/ul>\n<p><strong>1.4 Conduit d&rsquo;entr\u00e9e d&rsquo;air et vanne d&rsquo;entr\u00e9e d&rsquo;air<\/strong><\/p>\n<ul>\n<li>Interface de vitesse du capteur de temp\u00e9rature pour le conduit d&rsquo;alimentation en air pr\u00e8s du fond du baril.<\/li>\n<li>R\u00e9glage automatique de l&rsquo;ouverture de la vanne d&rsquo;entr\u00e9e d&rsquo;air pneumatique pour r\u00e9guler le volume d&rsquo;entr\u00e9e d&rsquo;air, li\u00e9 \u00e0 l&rsquo;alimentation en vide, r\u00e9gulant ainsi la vitesse d&rsquo;alimentation.<\/li>\n<li>Elle est enti\u00e8rement ouverte pendant le fonctionnement du processus et enti\u00e8rement ferm\u00e9e pendant l&rsquo;arr\u00eat pour \u00e9viter le refoulement du flux d&rsquo;air et faciliter le nettoyage en ligne.<\/li>\n<li>Adopter un convertisseur de fr\u00e9quence pour ajuster la vitesse du ventilateur afin de r\u00e9guler le volume d&rsquo;air d&rsquo;entr\u00e9e, contr\u00f4ler pr\u00e9cis\u00e9ment l&rsquo;\u00e9tat de fluidisation et r\u00e9duire la consommation d&rsquo;\u00e9nergie.<\/li>\n<\/ul>\n<h3>2. Syst\u00e8me h\u00f4te<\/h3>\n<p><strong>2.1 Base de l&rsquo;\u00e9quipement<\/strong><\/p>\n<ul>\n<li>Cylindre inf\u00e9rieur \u00e0 t\u00eate en porte-\u00e0-faux, coupl\u00e9 \u00e0 un support lat\u00e9ral. Point le plus bas avec ouverture rapide.<\/li>\n<li>drain et valve pour un nettoyage facile de l&rsquo;\u00e9quipement et du sol.<\/li>\n<li>La base est \u00e9quip\u00e9e d&rsquo;un raccord \u00e0 ouverture rapide pour la t\u00eate de nettoyage.<\/li>\n<li>Anneau sup\u00e9rieur mobile verticalement au-dessus de la base.<\/li>\n<li>Deux cylindres de levage, soulevant verticalement l&rsquo;anneau sup\u00e9rieur pour rendre le cylindre \u00e9tanche.<\/li>\n<li>Un coussin d&rsquo;air en silicone est utilis\u00e9 pour assurer l&rsquo;\u00e9tanch\u00e9it\u00e9 entre la base et l&rsquo;anneau sup\u00e9rieur, et la pression d&rsquo;utilisation est de 0,3 MPa.<\/li>\n<\/ul>\n<p><strong>2.2 Conteneur de mat\u00e9riaux<\/strong><\/p>\n<figure id=\"attachment_8945\" aria-describedby=\"caption-attachment-8945\" style=\"width: 300px\" class=\"wp-caption alignnone\"><img loading=\"lazy\" decoding=\"async\" class=\"wp-image-8941 size-medium\" src=\"https:\/\/www.griffinmachinery.com\/wp-content\/uploads\/2022\/04\/Material-container-view-window-300x270.jpg\" alt=\"Material container view window\" width=\"300\" height=\"270\" srcset=\"https:\/\/www.griffinmachinery.com\/wp-content\/uploads\/2022\/04\/Material-container-view-window-300x270.jpg 300w, https:\/\/www.griffinmachinery.com\/wp-content\/uploads\/2022\/04\/Material-container-view-window-768x691.jpg 768w, https:\/\/www.griffinmachinery.com\/wp-content\/uploads\/2022\/04\/Material-container-view-window-600x540.jpg 600w, https:\/\/www.griffinmachinery.com\/wp-content\/uploads\/2022\/04\/Material-container-view-window.jpg 853w\" sizes=\"auto, (max-width: 300px) 100vw, 300px\" \/><figcaption id=\"caption-attachment-8945\" class=\"wp-caption-text\"><center>Fen\u00eatre de visualisation du conteneur de mat\u00e9riaux<\/center><\/figcaption><\/figure>\n<ul>\n<li>Chariot pour le d\u00e9placement du conteneur, roues universelles r\u00e9glables en hauteur avec freins, et deux roues de guidage horizontales assurent une insertion \u00e9quilibr\u00e9e du chariot.<\/li>\n<li>Dispositif m\u00e9canique manuel sur le chariot pour la rotation du conteneur.<br \/>\nDispositif de positionnement de la cuve pour assurer la concentricit\u00e9 de la cuve et du corps principal.<\/li>\n<li>Une fen\u00eatre \u00e0 l&rsquo;avant et \u00e0 l&rsquo;arri\u00e8re de la cuve pour une observation facile de l&rsquo;\u00e9tat de fluidisation, avec le joint d&rsquo;\u00e9tanch\u00e9it\u00e9.<\/li>\n<li>La cuve est \u00e9quip\u00e9e d&rsquo;un \u00e9chantillonneur de produit \u00e9tanche \u00e0 l&rsquo;air.<\/li>\n<li>La cuve est \u00e9quip\u00e9e d&rsquo;une interface rapide pour les capteurs de temp\u00e9rature.<\/li>\n<li>La maille fritt\u00e9e au fond du r\u00e9cipient \u00e9vite la \u00ab\u00a0distribution secondaire\u00a0\u00bb du flux d&rsquo;air, est plus r\u00e9sistante que les grilles ordinaires, a une longue dur\u00e9e de vie, emp\u00eache les fuites de poudre et est facile \u00e0 remplacer.<\/li>\n<li>Le conteneur peut \u00eatre rapidement d\u00e9connect\u00e9 du chariot et bascul\u00e9 pour \u00eatre d\u00e9charg\u00e9 en m\u00eame temps que l&rsquo;\u00e9l\u00e9vateur.<\/li>\n<\/ul>\n<p><strong>2.3 Chambre de diffusion<\/strong><\/p>\n<ul>\n<li>Suspendue au support lat\u00e9ral, elle peut \u00eatre bascul\u00e9e horizontalement. Plusieurs trous de canon align\u00e9s verticalement sont r\u00e9serv\u00e9s au montage du mandrin, affleurant la paroi int\u00e9rieure du canon apr\u00e8s installation.<\/li>\n<li>Fen\u00eatres de vis\u00e9e avant et arri\u00e8re avec joint d&rsquo;\u00e9tanch\u00e9it\u00e9. Lampe de vis\u00e9e \u00e0 lumi\u00e8re froide tr\u00e8s \u00e9clair\u00e9e.<\/li>\n<li>Installation de l&rsquo;entr\u00e9e avec un angle inclin\u00e9 et une vanne papillon manuelle \u00e0 ouverture rapide (ou une vanne papillon \u00e0 commande pneumatique automatique, li\u00e9e \u00e0 l&rsquo;ouverture automatique de la vanne d&rsquo;entr\u00e9e), en utilisant la propre pression n\u00e9gative de l&rsquo;\u00e9quipement pour alimenter le mat\u00e9riau afin d&rsquo;\u00e9viter l&rsquo;accumulation de mat\u00e9riau.<\/li>\n<li>Une but\u00e9e de positionnement est plac\u00e9e \u00e0 l&rsquo;arri\u00e8re de la chambre de diffusion pour juger si le baril est en place apr\u00e8s avoir \u00e9t\u00e9 viss\u00e9 horizontalement.<\/li>\n<li>Il existe un si\u00e8ge de montage de la buse pour le nettoyage en ligne qui peut \u00eatre install\u00e9 rapidement.<\/li>\n<\/ul>\n<p><strong>2.4 Chambre de filtration<\/strong><\/p>\n<ul>\n<li>Syst\u00e8me de treuil manuel : le m\u00e9canisme de changement de vitesse rend le levage et l&rsquo;abaissement du filtre plus l\u00e9ger ; le frein automatique antid\u00e9rapant am\u00e9liore la s\u00e9curit\u00e9 du levage et de l&rsquo;abaissement du filtre ; la fonction de rotation adaptative emp\u00eache la surtension et la rupture du c\u00e2ble en acier.<\/li>\n<li>La poulie de grand diam\u00e8tre en mat\u00e9riau non m\u00e9tallique am\u00e9liore les conditions de tension entre le c\u00e2ble en acier et la poulie et augmente la dur\u00e9e de vie du c\u00e2ble en acier.<\/li>\n<li>La bride inf\u00e9rieure de la chambre de filtration est \u00e9quip\u00e9e d&rsquo;une bande de silicone d&rsquo;\u00e9tanch\u00e9it\u00e9 pour \u00e9viter que le mat\u00e9riau ne tombe dans le r\u00e9servoir d&rsquo;installation qui n&rsquo;est pas facile \u00e0 nettoyer.<\/li>\n<li>Un grand hublot en verre tremp\u00e9 avec joint d&rsquo;\u00e9tanch\u00e9it\u00e9 est plac\u00e9 \u00e0 l&rsquo;avant du conteneur. Elle permet d&rsquo;observer l&rsquo;\u00e9tat de fonctionnement du sac filtrant du produit.<\/li>\n<li>Dispositif automatique pneumatique de nettoyage de poudre par oscillation pour nettoyer la poudre du produit sur le filtre et la faire retomber dans le lit fluidis\u00e9.<br \/>\nSyst\u00e8me de nettoyage de poudre par oscillation \u00e0 double chambre, les doubles filtres nettoient alternativement la poudre et travaillent en continu pour assurer l&rsquo;\u00e9tat de fluidisation et r\u00e9aliser un bon effet de s\u00e9chage continu.<\/li>\n<li>M\u00e9canisme anti-rotation du support de sac filtrant, \u00e9vitant que le support de sac ne tourne pour provoquer la torsion et le raccourcissement du sac de pi\u00e9geage, et que le cylindre ne s&rsquo;\u00e9tire pour d\u00e9chirer le sac de pi\u00e9geage, gardant le sac filtrant plat et droit, ce qui est propice au nettoyage de la poudre et prolonge la dur\u00e9e de vie.<\/li>\n<li>Une porte de s\u00e9curit\u00e9 verticale de d\u00e9charge de pression est install\u00e9e dans la salle de filtration, qui s&rsquo;ouvre automatiquement lorsqu&rsquo;une pression positive appara\u00eet \u00e0 l&rsquo;int\u00e9rieur de l&rsquo;\u00e9quipement (la d\u00e9charge de pression peut \u00eatre dirig\u00e9e par le pipeline).<\/li>\n<li>Structure sp\u00e9ciale de suspension du filtre, reli\u00e9e au dispositif oscillant, avec fonction de guidage et de verrouillage automatique. Cette fonction permet au filtre de suivre la vibration du cylindre avec une bonne r\u00e9ponse transitoire et am\u00e9liore l&rsquo;effet de nettoyage des poudres. De plus, le c\u00e2ble en acier n&rsquo;est pas sous tension pendant le nettoyage de la poudre, et le c\u00e2ble en acier n&rsquo;est pas facile \u00e0 casser.<\/li>\n<li>La fa\u00e7on de sceller et de fixer le sac filtrant change le sac filtrant original qui sort de la bride de la chambre du filtre et se fixe \u00e0 l&rsquo;ext\u00e9rieur, de sorte qu&rsquo;il est plus conforme aux exigences des BPF pour l&rsquo;\u00e9quipement. Il est facile \u00e0 utiliser pour les travailleurs.<\/li>\n<li>D\u00e9tection de la pression diff\u00e9rentielle du sac filtrant, surveillance en temps r\u00e9el de la pression diff\u00e9rentielle du sac filtrant pour refl\u00e9ter l&rsquo;effet de ventilation du syst\u00e8me, ainsi que pour savoir si le sac est intact. La pression diff\u00e9rentielle est affich\u00e9e sur l&rsquo;\u00e9cran et dispose d&rsquo;une fonction d&rsquo;alarme de haute pression.<\/li>\n<\/ul>\n<p><strong>2.5 Colonne de support<\/strong><\/p>\n<ul>\n<li>Oreilles de support avec pivot de barillet pour le montage du barillet de l&rsquo;\u00e9quipement.<\/li>\n<li>Prise de capteur de temp\u00e9rature et si\u00e8ge de positionnement pour r\u00e9guler l&rsquo;op\u00e9ration des travailleurs.<\/li>\n<li>C\u00e2ble d&rsquo;air int\u00e9gr\u00e9 et c\u00e2ble d&rsquo;acier de verrouillage du filtre de levage, connexion rapide du c\u00e2ble d&rsquo;air externe, avec treuil \u00e0 manivelle.<\/li>\n<\/ul>\n<h3>3. Syst\u00e8me d&rsquo;atomisation<\/h3>\n<figure id=\"attachment_8930\" aria-describedby=\"caption-attachment-8930\" style=\"width: 300px\" class=\"wp-caption alignnone\"><img loading=\"lazy\" decoding=\"async\" class=\"wp-image-8926 size-medium\" src=\"https:\/\/www.griffinmachinery.com\/wp-content\/uploads\/2022\/04\/single-pressure-type-nozzle-300x252.jpg\" alt=\"single pressure type nozzle\" width=\"300\" height=\"252\" srcset=\"https:\/\/www.griffinmachinery.com\/wp-content\/uploads\/2022\/04\/single-pressure-type-nozzle-300x252.jpg 300w, https:\/\/www.griffinmachinery.com\/wp-content\/uploads\/2022\/04\/single-pressure-type-nozzle-768x646.jpg 768w, https:\/\/www.griffinmachinery.com\/wp-content\/uploads\/2022\/04\/single-pressure-type-nozzle-600x505.jpg 600w, https:\/\/www.griffinmachinery.com\/wp-content\/uploads\/2022\/04\/single-pressure-type-nozzle.jpg 909w\" sizes=\"auto, (max-width: 300px) 100vw, 300px\" \/><figcaption id=\"caption-attachment-8930\" class=\"wp-caption-text\"><center>Buse \u00e0 pression unique<\/center><\/figcaption><\/figure>\n<ul>\n<li>Buse \u00e0 t\u00eate unique et \u00e0 pression unique, conception \u00e0 deux atomisations, am\u00e9lioration du rapport de m\u00e9lange \u00ab\u00a0gaz-liquide\u00a0\u00bb, usinage CNC de haute pr\u00e9cision, atomisation de bonne qualit\u00e9.<\/li>\n<li>Tous les m\u00e9dias du corps coaxial du pistolet de leur pipeline respectif dans la buse, le corps du pistolet avec des goupilles de positionnement et des \u00e9crous de blocage.<\/li>\n<li>Pompe p\u00e9ristaltique de haute qualit\u00e9, variateur de vitesse sp\u00e9cial sans palier.<\/li>\n<li>R\u00e9glage manuel de la pression de l&rsquo;air de pulv\u00e9risation au moyen d&rsquo;une valve de r\u00e9duction de pression.<\/li>\n<\/ul>\n<h3>4. Syst\u00e8me d&rsquo;\u00e9chappement<\/h3>\n<figure id=\"attachment_8915\" aria-describedby=\"caption-attachment-8915\" style=\"width: 300px\" class=\"wp-caption alignnone\"><img loading=\"lazy\" decoding=\"async\" class=\"wp-image-8911 size-medium\" src=\"https:\/\/www.griffinmachinery.com\/wp-content\/uploads\/2022\/04\/Exhaust-System-300x234.jpg\" alt=\"Exhaust System\" width=\"300\" height=\"234\" srcset=\"https:\/\/www.griffinmachinery.com\/wp-content\/uploads\/2022\/04\/Exhaust-System-300x234.jpg 300w, https:\/\/www.griffinmachinery.com\/wp-content\/uploads\/2022\/04\/Exhaust-System.jpg 359w\" sizes=\"auto, (max-width: 300px) 100vw, 300px\" \/><figcaption id=\"caption-attachment-8915\" class=\"wp-caption-text\"><center>Syst\u00e8me d&rsquo;\u00e9chappement<\/center><\/figcaption><\/figure>\n<ul>\n<li>Le ventilateur est un ventilateur centrifuge \u00e0 haute pression avec amortisseur de vibrations, de type antid\u00e9flagrant, install\u00e9 dans une pi\u00e8ce non purifi\u00e9e.<\/li>\n<li>L&rsquo;entr\u00e9e du ventilateur est reli\u00e9e au conduit d&rsquo;\u00e9vacuation par un joint flexible pour isoler les vibrations du ventilateur.<\/li>\n<li>R\u00e9glage \u00e0 fr\u00e9quence variable de la vitesse du ventilateur.<\/li>\n<li>Conduit d&rsquo;\u00e9vacuation, conduit d&rsquo;\u00e9vacuation en acier au carbone allant du ventilateur \u00e0 l&rsquo;orifice d&rsquo;\u00e9vacuation de la salle de filtration, install\u00e9 dans la salle non purifi\u00e9e.<\/li>\n<li>Le silencieux est en acier au carbone pour r\u00e9duire le bruit du ventilateur. Les gaz d&rsquo;\u00e9chappement sont introduits dans l&rsquo;atmosph\u00e8re par le syst\u00e8me de tuyauterie fourni par l&rsquo;utilisateur apr\u00e8s avoir travers\u00e9 le silencieux.<\/li>\n<\/ul>\n<h3>5. Syst\u00e8me de contr\u00f4le<\/h3>\n<figure id=\"attachment_8900\" aria-describedby=\"caption-attachment-8900\" style=\"width: 300px\" class=\"wp-caption alignnone\"><img loading=\"lazy\" decoding=\"async\" class=\"wp-image-8896 size-medium\" src=\"https:\/\/www.griffinmachinery.com\/wp-content\/uploads\/2022\/04\/Control-System-300x229.jpg\" alt=\"Control System\" width=\"300\" height=\"229\" srcset=\"https:\/\/www.griffinmachinery.com\/wp-content\/uploads\/2022\/04\/Control-System-300x229.jpg 300w, https:\/\/www.griffinmachinery.com\/wp-content\/uploads\/2022\/04\/Control-System.jpg 494w\" sizes=\"auto, (max-width: 300px) 100vw, 300px\" \/><figcaption id=\"caption-attachment-8900\" class=\"wp-caption-text\"><center>Syst\u00e8me de contr\u00f4le<\/center><\/figcaption><\/figure>\n<ul>\n<li>Constitu\u00e9 d&rsquo;un terminal de commande et d&rsquo;un bo\u00eetier \u00e9lectrique de commande principal, \u00e0 fonctionnement isol\u00e9.<\/li>\n<li>Le terminal de commande est \u00e9quip\u00e9 d&rsquo;un compteur d&rsquo;affichage, d&rsquo;un \u00e9cran tactile (imprimante, si utilis\u00e9e) et de voyants lumineux.<\/li>\n<li>Le bo\u00eetier \u00e9lectrique de commande principal contient le contr\u00f4leur de programme PLC, les interrupteurs pneumatiques, les relais, les contacteurs, les inverseurs, tous les appareils de commande n\u00e9cessaires et tout le c\u00e2blage.<\/li>\n<li>Contr\u00f4leur de programme PLC, mode de programmation manuel et automatique, et toutes les protections de verrouillage n\u00e9cessaires.<\/li>\n<li>R\u00e9glage avec \u00e9tat de test et \u00e9tat de fonctionnement, protection par verrouillage \u00e0 deux \u00e9tats. Stockage des param\u00e8tres de recette, r\u00e9glage de s\u00e9curit\u00e9 \u00e0 trois niveaux.<\/li>\n<\/ul>\n<hr \/>\n<p>&nbsp;<\/p>\n","protected":false},"excerpt":{"rendered":"<p>Notre syst\u00e8me de s\u00e9chage vertical \u00e0 lit fluidis\u00e9 bouillonnant est compos\u00e9 d&rsquo;un syst\u00e8me de traitement de l&rsquo;air d&rsquo;entr\u00e9e (pour la purification de l&rsquo;air, la d\u00e9shumidification et le chauffage), d&rsquo;un syst\u00e8me h\u00f4te (base de l&rsquo;\u00e9quipement, conteneur des mat\u00e9riaux, chambre de diffusion, chambre de filtration et colonne de support), d&rsquo;un syst\u00e8me d&rsquo;atomisation (buse de type pression \u00e0 une t\u00eate et \u00e0 une buse, conception d&rsquo;atomisation \u00e0 deux \u00e9tages), d&rsquo;un syst\u00e8me d&rsquo;\u00e9chappement (ventilateur centrifuge \u00e0 haute pression antid\u00e9flagrant et amortissant les chocs) et d&rsquo;un syst\u00e8me de contr\u00f4le.<\/p>\n","protected":false},"featured_media":3589,"template":"","meta":{"site-sidebar-layout":"default","site-content-layout":"default","ast-site-content-layout":"default","site-content-style":"default","site-sidebar-style":"default","ast-global-header-display":"","ast-banner-title-visibility":"","ast-main-header-display":"","ast-hfb-above-header-display":"","ast-hfb-below-header-display":"","ast-hfb-mobile-header-display":"","site-post-title":"","ast-breadcrumbs-content":"","ast-featured-img":"","footer-sml-layout":"","ast-disable-related-posts":"","theme-transparent-header-meta":"default","adv-header-id-meta":"","stick-header-meta":"default","header-above-stick-meta":"","header-main-stick-meta":"","header-below-stick-meta":"","astra-migrate-meta-layouts":"default","ast-page-background-enabled":"default","ast-page-background-meta":{"desktop":{"background-color":"","background-image":"","background-repeat":"repeat","background-position":"center center","background-size":"auto","background-attachment":"scroll","background-type":"","background-media":"","overlay-type":"","overlay-color":"","overlay-opacity":"","overlay-gradient":""},"tablet":{"background-color":"","background-image":"","background-repeat":"repeat","background-position":"center center","background-size":"auto","background-attachment":"scroll","background-type":"","background-media":"","overlay-type":"","overlay-color":"","overlay-opacity":"","overlay-gradient":""},"mobile":{"background-color":"","background-image":"","background-repeat":"repeat","background-position":"center center","background-size":"auto","background-attachment":"scroll","background-type":"","background-media":"","overlay-type":"","overlay-color":"","overlay-opacity":"","overlay-gradient":""}},"ast-content-background-meta":{"desktop":{"background-color":"var(--ast-global-color-5)","background-image":"","background-repeat":"repeat","background-position":"center center","background-size":"auto","background-attachment":"scroll","background-type":"","background-media":"","overlay-type":"","overlay-color":"","overlay-opacity":"","overlay-gradient":""},"tablet":{"background-color":"var(--ast-global-color-5)","background-image":"","background-repeat":"repeat","background-position":"center center","background-size":"auto","background-attachment":"scroll","background-type":"","background-media":"","overlay-type":"","overlay-color":"","overlay-opacity":"","overlay-gradient":""},"mobile":{"background-color":"var(--ast-global-color-5)","background-image":"","background-repeat":"repeat","background-position":"center center","background-size":"auto","background-attachment":"scroll","background-type":"","background-media":"","overlay-type":"","overlay-color":"","overlay-opacity":"","overlay-gradient":""}}},"product_brand":[],"product_cat":[175],"product_tag":[],"class_list":{"0":"post-5321","1":"product","2":"type-product","3":"status-publish","4":"has-post-thumbnail","6":"product_cat-secheur-a-lit-fluidise","7":"desktop-align-center","8":"tablet-align-center","9":"mobile-align-center","10":"ast-product-gallery-layout-horizontal","11":"ast-product-tabs-layout-horizontal","12":"ast-qv-on-image","14":"first","15":"instock","16":"shipping-taxable","17":"product-type-simple"},"_links":{"self":[{"href":"https:\/\/www.griffinmachinery.com\/fr\/wp-json\/wp\/v2\/product\/5321","targetHints":{"allow":["GET"]}}],"collection":[{"href":"https:\/\/www.griffinmachinery.com\/fr\/wp-json\/wp\/v2\/product"}],"about":[{"href":"https:\/\/www.griffinmachinery.com\/fr\/wp-json\/wp\/v2\/types\/product"}],"wp:featuredmedia":[{"embeddable":true,"href":"https:\/\/www.griffinmachinery.com\/fr\/wp-json\/wp\/v2\/media\/3589"}],"wp:attachment":[{"href":"https:\/\/www.griffinmachinery.com\/fr\/wp-json\/wp\/v2\/media?parent=5321"}],"wp:term":[{"taxonomy":"product_brand","embeddable":true,"href":"https:\/\/www.griffinmachinery.com\/fr\/wp-json\/wp\/v2\/product_brand?post=5321"},{"taxonomy":"product_cat","embeddable":true,"href":"https:\/\/www.griffinmachinery.com\/fr\/wp-json\/wp\/v2\/product_cat?post=5321"},{"taxonomy":"product_tag","embeddable":true,"href":"https:\/\/www.griffinmachinery.com\/fr\/wp-json\/wp\/v2\/product_tag?post=5321"}],"curies":[{"name":"wp","href":"https:\/\/api.w.org\/{rel}","templated":true}]}}