{"id":5317,"date":"2022-04-04T16:05:33","date_gmt":"2022-04-04T16:05:33","guid":{"rendered":"https:\/\/www.griffinmachinery.com\/secheur-a-bande-sous-vide\/"},"modified":"2023-03-09T07:38:50","modified_gmt":"2023-03-09T07:38:50","slug":"secheur-a-bande-sous-vide","status":"publish","type":"product","link":"https:\/\/www.griffinmachinery.com\/fr\/secheur-a-bande-sous-vide\/","title":{"rendered":"S\u00e9cheur \u00e0 Bande Sous Vide"},"content":{"rendered":"<h3>Principe de fonctionnement<\/h3>\n<p>C&rsquo;est un \u00e9quipement de s\u00e9chage sous vide avec alimentation continue et d\u00e9charge continue. La mati\u00e8re premi\u00e8re \u00e0 s\u00e9cher est transport\u00e9e dans le s\u00e9choir par la pompe d&rsquo;alimentation et uniform\u00e9ment r\u00e9partie sur la bande transporteuse par le distributeur, et la temp\u00e9rature du point d&rsquo;\u00e9bullition du mat\u00e9riau est abaiss\u00e9e par le vide pouss\u00e9, et l&rsquo;humidit\u00e9 de la mati\u00e8re premi\u00e8re liquide est directement sublim\u00e9 \u00e0 la vapeur, et la bande transporteuse est sur la plaque chauffante.<\/p>\n<p>Il fonctionne \u00e0 vitesse constante et la source de chaleur dans la plaque chauffante peut \u00eatre chauff\u00e9e par de la vapeur, de l&rsquo;eau chaude ou un chauffage \u00e9lectrique. Gr\u00e2ce au fonctionnement de la bande transporteuse, de l&rsquo;\u00e9vaporation et du s\u00e9chage \u00e0 l&rsquo;extr\u00e9mit\u00e9 avant \u00e0 la d\u00e9charge de refroidissement \u00e0 l&rsquo;extr\u00e9mit\u00e9 arri\u00e8re, la plage de temp\u00e9rature de haut en bas peut \u00eatre ajust\u00e9e en fonction des caract\u00e9ristiques du mat\u00e9riau., l&rsquo;extr\u00e9mit\u00e9 de d\u00e9charge est \u00e9quip\u00e9e avec un dispositif de pulv\u00e9risation sous vide sp\u00e9cifique pour obtenir des produits finis de diff\u00e9rentes tailles de particules, et la poudre s\u00e9ch\u00e9e peut \u00eatre automatiquement emball\u00e9e ou trait\u00e9e ult\u00e9rieurement.<\/p>\n<h3>Applications<\/h3>\n<p>Il convient au s\u00e9chage du maltose, du lait de malt, du saccharose, du sucre de betterave, de la dextrine, de la farine d&rsquo;avoine, de la liqueur de ma\u00efs, de la farine de riz, du miel, du caf\u00e9 et d&rsquo;autres sucres et de diverses substances \u00e0 haute teneur en sucre. L&rsquo;extrait d&rsquo;herbes chinoises \u00e0 haute concentration et haute viscosit\u00e9 r\u00e9sout un probl\u00e8me majeur.<\/p>\n<p>Cette machine convient non seulement aux extraits d&rsquo;aliments sucr\u00e9s et de m\u00e9decine traditionnelle chinoise, mais \u00e9galement au s\u00e9chage \u00e0 basse temp\u00e9rature de diverses mati\u00e8res premi\u00e8res p\u00e2teuses liquides telles que les m\u00e9dicaments chinois et occidentaux, les m\u00e9dicaments polysaccharidiques, la bio-ing\u00e9nierie, les mati\u00e8res premi\u00e8res chimiques, les additifs alimentaires, etc., Facile \u00e0 agglom\u00e9rer, s\u00e9chage des produits thermoplastiques et thermosensibles; accueillir les nouveaux et anciens clients pour apporter des mat\u00e9riaux \u00e0 l&rsquo;entreprise pour tester la machine.<\/p>\n","protected":false},"excerpt":{"rendered":"<ul>\n<li>Un ensemble complet d&rsquo;automatisation de processus, pipeline et continu ;<\/li>\n<li>R\u00e9aliser une alimentation et une d\u00e9charge continues dans des conditions de vide ;<\/li>\n<li>S\u00e9chage complet, concassage et granulation sous vide ;<\/li>\n<li>Le co\u00fbt de fonctionnement est de 1\/3 d&rsquo;\u00e9tuve sous vide, de s\u00e9chage par atomisation et de 1\/6 de lyophilisation ;<\/li>\n<li>Il n&rsquo;y a pas plus de deux op\u00e9rateurs, ce qui r\u00e9duit consid\u00e9rablement les co\u00fbts de main-d&rsquo;\u0153uvre ;<\/li>\n<li>La temp\u00e9rature de s\u00e9chage peut \u00eatre ajust\u00e9e en fonction des exigences du processus mat\u00e9riel (25\u2103\uff5e150\u2103);<\/li>\n<li>Les mat\u00e9riaux thermosensibles ne mutent pas et ne contaminent pas les bact\u00e9ries ;<\/li>\n<li>30 ~ 60 minutes pour commencer \u00e0 produire de la poudre s\u00e8che en continu, le taux de sortie de poudre s\u00e8che est de 99 % ;<\/li>\n<li>Il peut r\u00e9soudre le s\u00e9chage de divers mat\u00e9riaux liquides et en suspension \u00e0 haute viscosit\u00e9 et \u00e0 s\u00e9chage difficile;<\/li>\n<li>Nettoyage automatique en ligne, conform\u00e9ment aux exigences GMP.<\/li>\n<\/ul>\n","protected":false},"featured_media":3719,"template":"","meta":{"site-sidebar-layout":"default","site-content-layout":"default","ast-site-content-layout":"default","site-content-style":"default","site-sidebar-style":"default","ast-global-header-display":"","ast-banner-title-visibility":"","ast-main-header-display":"","ast-hfb-above-header-display":"","ast-hfb-below-header-display":"","ast-hfb-mobile-header-display":"","site-post-title":"","ast-breadcrumbs-content":"","ast-featured-img":"","footer-sml-layout":"","ast-disable-related-posts":"","theme-transparent-header-meta":"default","adv-header-id-meta":"","stick-header-meta":"default","header-above-stick-meta":"","header-main-stick-meta":"","header-below-stick-meta":"","astra-migrate-meta-layouts":"default","ast-page-background-enabled":"default","ast-page-background-meta":{"desktop":{"background-color":"","background-image":"","background-repeat":"repeat","background-position":"center center","background-size":"auto","background-attachment":"scroll","background-type":"","background-media":"","overlay-type":"","overlay-color":"","overlay-opacity":"","overlay-gradient":""},"tablet":{"background-color":"","background-image":"","background-repeat":"repeat","background-position":"center center","background-size":"auto","background-attachment":"scroll","background-type":"","background-media":"","overlay-type":"","overlay-color":"","overlay-opacity":"","overlay-gradient":""},"mobile":{"background-color":"","background-image":"","background-repeat":"repeat","background-position":"center center","background-size":"auto","background-attachment":"scroll","background-type":"","background-media":"","overlay-type":"","overlay-color":"","overlay-opacity":"","overlay-gradient":""}},"ast-content-background-meta":{"desktop":{"background-color":"var(--ast-global-color-5)","background-image":"","background-repeat":"repeat","background-position":"center center","background-size":"auto","background-attachment":"scroll","background-type":"","background-media":"","overlay-type":"","overlay-color":"","overlay-opacity":"","overlay-gradient":""},"tablet":{"background-color":"var(--ast-global-color-5)","background-image":"","background-repeat":"repeat","background-position":"center center","background-size":"auto","background-attachment":"scroll","background-type":"","background-media":"","overlay-type":"","overlay-color":"","overlay-opacity":"","overlay-gradient":""},"mobile":{"background-color":"var(--ast-global-color-5)","background-image":"","background-repeat":"repeat","background-position":"center center","background-size":"auto","background-attachment":"scroll","background-type":"","background-media":"","overlay-type":"","overlay-color":"","overlay-opacity":"","overlay-gradient":""}}},"product_brand":[],"product_cat":[174],"product_tag":[],"class_list":{"0":"post-5317","1":"product","2":"type-product","3":"status-publish","4":"has-post-thumbnail","6":"product_cat-secheur-sous-vide","7":"desktop-align-center","8":"tablet-align-center","9":"mobile-align-center","10":"ast-product-gallery-layout-horizontal","11":"ast-product-tabs-layout-horizontal","12":"ast-qv-on-image","14":"first","15":"instock","16":"shipping-taxable","17":"product-type-simple"},"_links":{"self":[{"href":"https:\/\/www.griffinmachinery.com\/fr\/wp-json\/wp\/v2\/product\/5317","targetHints":{"allow":["GET"]}}],"collection":[{"href":"https:\/\/www.griffinmachinery.com\/fr\/wp-json\/wp\/v2\/product"}],"about":[{"href":"https:\/\/www.griffinmachinery.com\/fr\/wp-json\/wp\/v2\/types\/product"}],"wp:featuredmedia":[{"embeddable":true,"href":"https:\/\/www.griffinmachinery.com\/fr\/wp-json\/wp\/v2\/media\/3719"}],"wp:attachment":[{"href":"https:\/\/www.griffinmachinery.com\/fr\/wp-json\/wp\/v2\/media?parent=5317"}],"wp:term":[{"taxonomy":"product_brand","embeddable":true,"href":"https:\/\/www.griffinmachinery.com\/fr\/wp-json\/wp\/v2\/product_brand?post=5317"},{"taxonomy":"product_cat","embeddable":true,"href":"https:\/\/www.griffinmachinery.com\/fr\/wp-json\/wp\/v2\/product_cat?post=5317"},{"taxonomy":"product_tag","embeddable":true,"href":"https:\/\/www.griffinmachinery.com\/fr\/wp-json\/wp\/v2\/product_tag?post=5317"}],"curies":[{"name":"wp","href":"https:\/\/api.w.org\/{rel}","templated":true}]}}