{"id":5316,"date":"2022-04-04T16:13:15","date_gmt":"2022-04-04T16:13:15","guid":{"rendered":"https:\/\/www.griffinmachinery.com\/four-de-sechage-sous-vide\/"},"modified":"2023-04-02T07:28:39","modified_gmt":"2023-04-02T07:28:39","slug":"four-de-sechage-sous-vide","status":"publish","type":"product","link":"https:\/\/www.griffinmachinery.com\/fr\/four-de-sechage-sous-vide\/","title":{"rendered":"Four Sous Vide"},"content":{"rendered":"<h3 style=\"text-align: center;\">Organigramme de s\u00e9chage au four sous vide<\/h3>\n<p><img loading=\"lazy\" decoding=\"async\" class=\"alignnone size-full wp-image-10542\" src=\"https:\/\/www.griffinmachinery.com\/wp-content\/uploads\/2022\/04\/Organigramme-de-sechage-au-four-sous-vide.jpg\" alt=\"Organigramme de s\u00e9chage au four sous vide\" width=\"1500\" height=\"513\" srcset=\"https:\/\/www.griffinmachinery.com\/wp-content\/uploads\/2022\/04\/Organigramme-de-sechage-au-four-sous-vide.jpg 1500w, https:\/\/www.griffinmachinery.com\/wp-content\/uploads\/2022\/04\/Organigramme-de-sechage-au-four-sous-vide-300x103.jpg 300w, https:\/\/www.griffinmachinery.com\/wp-content\/uploads\/2022\/04\/Organigramme-de-sechage-au-four-sous-vide-1024x350.jpg 1024w, https:\/\/www.griffinmachinery.com\/wp-content\/uploads\/2022\/04\/Organigramme-de-sechage-au-four-sous-vide-768x263.jpg 768w, https:\/\/www.griffinmachinery.com\/wp-content\/uploads\/2022\/04\/Organigramme-de-sechage-au-four-sous-vide-600x205.jpg 600w\" sizes=\"auto, (max-width: 1500px) 100vw, 1500px\" \/><\/p>\n<hr \/>\n<h3 style=\"text-align: center;\">Applications<\/h3>\n<p>Les fours de s\u00e9chage sous vide sont largement utilis\u00e9s dans la biochimie, la pharmacie chimique, la m\u00e9decine et la sant\u00e9, la recherche scientifique agricole, la protection de l&rsquo;environnement et d&rsquo;autres applications de recherche, pour le s\u00e9chage des poudres, la cuisson et la d\u00e9sinfection et la st\u00e9rilisation de divers r\u00e9cipients en verre. Il est particuli\u00e8rement adapt\u00e9 au s\u00e9chage rapide et efficace de substances sensibles \u00e0 la chaleur, facilement d\u00e9composables et facilement oxydables et d&rsquo;articles de composition complexe.<\/p>\n<hr \/>\n<h3 style=\"text-align: center;\">Param\u00e8tres techniques<\/h3>\n<table>\n<tbody>\n<tr>\n<td rowspan=\"2\" bgcolor=\"#d9edf7\"><strong>ITEM<\/strong><\/td>\n<td style=\"text-align: center;\" colspan=\"3\"><strong>sp\u00e9cification<\/strong><\/td>\n<\/tr>\n<tr>\n<td>FZG-10<\/td>\n<td>FZG-15<\/td>\n<td>FZG-20<\/td>\n<\/tr>\n<tr>\n<td bgcolor=\"#d9edf7\"><strong>Taille int\u00e9rieure de la chambre (mm)<\/strong><\/td>\n<td>1500\u00d71060\u00d71220<\/td>\n<td>1500\u00d71400\u00d71220<\/td>\n<td>1500\u00d71800\u00d71220<\/td>\n<\/tr>\n<tr>\n<td bgcolor=\"#d9edf7\"><strong>Taille ext\u00e9rieure de la chambre (mm)<\/strong><\/td>\n<td>1924\u00d71720\u00d71513<\/td>\n<td>1513\u00d71924\u00d72060<\/td>\n<td>1924\u00d72500\u00d71513<\/td>\n<\/tr>\n<tr>\n<td bgcolor=\"#d9edf7\"><strong>Couches d&rsquo;\u00e9tag\u00e8re de cuisson<\/strong><\/td>\n<td>5<\/td>\n<td>8<\/td>\n<td>10<\/td>\n<\/tr>\n<tr>\n<td bgcolor=\"#d9edf7\"><strong>Intervalle de l&rsquo;\u00e9tag\u00e8re de cuisson (mm)<\/strong><\/td>\n<td>122<\/td>\n<td>122<\/td>\n<td>122<\/td>\n<\/tr>\n<tr>\n<td bgcolor=\"#d9edf7\"><strong>Taille de la plaque de cuisson (mm)<\/strong><\/td>\n<td>460\u00d7640\u00d745<\/td>\n<td>460\u00d7640\u00d745<\/td>\n<td>460\u00d7640\u00d745<\/td>\n<\/tr>\n<tr>\n<td bgcolor=\"#d9edf7\"><strong>Nombre d&rsquo;une plaque de cuisson (pcs)<\/strong><\/td>\n<td>20<\/td>\n<td>32<\/td>\n<td>48<\/td>\n<\/tr>\n<tr>\n<td bgcolor=\"#d9edf7\"><strong>Capacit\u00e9 de s\u00e9chage (kg)<\/strong><\/td>\n<td>50<\/td>\n<td>80<\/td>\n<td>120<\/td>\n<\/tr>\n<tr>\n<td bgcolor=\"#d9edf7\"><strong>Pression autoris\u00e9e \u00e0 l&rsquo;int\u00e9rieur du tuyau de l&rsquo;\u00e9tag\u00e8re de cuisson (Mpa)<\/strong><\/td>\n<td style=\"text-align: center;\" colspan=\"3\">\u22640.784<\/td>\n<\/tr>\n<tr>\n<td bgcolor=\"#d9edf7\"><strong>La temp\u00e9rature de fonctionnement du support de cuisson<\/strong><\/td>\n<td style=\"text-align: center;\" colspan=\"3\">\u2264150\u2103<\/td>\n<\/tr>\n<tr>\n<td bgcolor=\"#d9edf7\"><strong>poids (kg)<\/strong><\/td>\n<td>1400<\/td>\n<td>2100<\/td>\n<td>3200<\/td>\n<\/tr>\n<\/tbody>\n<\/table>\n","protected":false},"excerpt":{"rendered":"<ul>\n<li>Il peut obtenir une capacit\u00e9 de s\u00e9chage plus \u00e9lev\u00e9e \u00e0 des temp\u00e9ratures plus basses et l&rsquo;\u00e9nergie thermique peut \u00eatre pleinement utilis\u00e9e.<\/li>\n<li>Il convient aux mat\u00e9riaux tels que les mat\u00e9riaux thermosensibles et facilement oxydables.<\/li>\n<li>Il peut s\u00e9cher des mati\u00e8res premi\u00e8res qui contiennent du solvant et qui doivent \u00eatre r\u00e9cup\u00e9r\u00e9es.<\/li>\n<li>Avant le s\u00e9chage, il peut effectuer le traitement d\u00e9sinfectant. Pendant la p\u00e9riode de s\u00e9chage, aucune impuret\u00e9 ne peut y p\u00e9n\u00e9trer.<\/li>\n<li>Le s\u00e9choir appartient au s\u00e9chage statique, les mat\u00e9riaux ne seront pas endommag\u00e9s.<\/li>\n<li>La machine est une sorte d&rsquo;op\u00e9ration de type batch et peut ajuster les processus techniques \u00e0 tout moment.<\/li>\n<li>Le dessus int\u00e9rieur est con\u00e7u pour arquer la structure, il peut efficacement \u00e9viter la chute de l&rsquo;eau condens\u00e9e.<\/li>\n<\/ul>\n","protected":false},"featured_media":3759,"template":"","meta":{"site-sidebar-layout":"default","site-content-layout":"default","ast-site-content-layout":"default","site-content-style":"default","site-sidebar-style":"default","ast-global-header-display":"","ast-banner-title-visibility":"","ast-main-header-display":"","ast-hfb-above-header-display":"","ast-hfb-below-header-display":"","ast-hfb-mobile-header-display":"","site-post-title":"","ast-breadcrumbs-content":"","ast-featured-img":"","footer-sml-layout":"","ast-disable-related-posts":"","theme-transparent-header-meta":"default","adv-header-id-meta":"","stick-header-meta":"default","header-above-stick-meta":"","header-main-stick-meta":"","header-below-stick-meta":"","astra-migrate-meta-layouts":"default","ast-page-background-enabled":"default","ast-page-background-meta":{"desktop":{"background-color":"","background-image":"","background-repeat":"repeat","background-position":"center center","background-size":"auto","background-attachment":"scroll","background-type":"","background-media":"","overlay-type":"","overlay-color":"","overlay-opacity":"","overlay-gradient":""},"tablet":{"background-color":"","background-image":"","background-repeat":"repeat","background-position":"center center","background-size":"auto","background-attachment":"scroll","background-type":"","background-media":"","overlay-type":"","overlay-color":"","overlay-opacity":"","overlay-gradient":""},"mobile":{"background-color":"","background-image":"","background-repeat":"repeat","background-position":"center center","background-size":"auto","background-attachment":"scroll","background-type":"","background-media":"","overlay-type":"","overlay-color":"","overlay-opacity":"","overlay-gradient":""}},"ast-content-background-meta":{"desktop":{"background-color":"var(--ast-global-color-5)","background-image":"","background-repeat":"repeat","background-position":"center center","background-size":"auto","background-attachment":"scroll","background-type":"","background-media":"","overlay-type":"","overlay-color":"","overlay-opacity":"","overlay-gradient":""},"tablet":{"background-color":"var(--ast-global-color-5)","background-image":"","background-repeat":"repeat","background-position":"center center","background-size":"auto","background-attachment":"scroll","background-type":"","background-media":"","overlay-type":"","overlay-color":"","overlay-opacity":"","overlay-gradient":""},"mobile":{"background-color":"var(--ast-global-color-5)","background-image":"","background-repeat":"repeat","background-position":"center center","background-size":"auto","background-attachment":"scroll","background-type":"","background-media":"","overlay-type":"","overlay-color":"","overlay-opacity":"","overlay-gradient":""}}},"product_brand":[],"product_cat":[174],"product_tag":[],"class_list":{"0":"post-5316","1":"product","2":"type-product","3":"status-publish","4":"has-post-thumbnail","6":"product_cat-secheur-sous-vide","7":"desktop-align-center","8":"tablet-align-center","9":"mobile-align-center","10":"ast-product-gallery-layout-horizontal","11":"ast-product-tabs-layout-horizontal","12":"ast-qv-on-image","14":"first","15":"instock","16":"shipping-taxable","17":"product-type-simple"},"_links":{"self":[{"href":"https:\/\/www.griffinmachinery.com\/fr\/wp-json\/wp\/v2\/product\/5316","targetHints":{"allow":["GET"]}}],"collection":[{"href":"https:\/\/www.griffinmachinery.com\/fr\/wp-json\/wp\/v2\/product"}],"about":[{"href":"https:\/\/www.griffinmachinery.com\/fr\/wp-json\/wp\/v2\/types\/product"}],"wp:featuredmedia":[{"embeddable":true,"href":"https:\/\/www.griffinmachinery.com\/fr\/wp-json\/wp\/v2\/media\/3759"}],"wp:attachment":[{"href":"https:\/\/www.griffinmachinery.com\/fr\/wp-json\/wp\/v2\/media?parent=5316"}],"wp:term":[{"taxonomy":"product_brand","embeddable":true,"href":"https:\/\/www.griffinmachinery.com\/fr\/wp-json\/wp\/v2\/product_brand?post=5316"},{"taxonomy":"product_cat","embeddable":true,"href":"https:\/\/www.griffinmachinery.com\/fr\/wp-json\/wp\/v2\/product_cat?post=5316"},{"taxonomy":"product_tag","embeddable":true,"href":"https:\/\/www.griffinmachinery.com\/fr\/wp-json\/wp\/v2\/product_tag?post=5316"}],"curies":[{"name":"wp","href":"https:\/\/api.w.org\/{rel}","templated":true}]}}