{"id":5302,"date":"2018-06-18T06:58:10","date_gmt":"2018-06-18T06:58:10","guid":{"rendered":"https:\/\/www.griffinmachinery.com\/contactez-nous\/"},"modified":"2023-05-08T03:21:16","modified_gmt":"2023-05-08T03:21:16","slug":"contactez-nous","status":"publish","type":"page","link":"https:\/\/www.griffinmachinery.com\/fr\/contactez-nous\/","title":{"rendered":"Contactez-nous"},"content":{"rendered":"\n\n\t<h1>\n\t\t\t\t\tEntrer en contact\n\t\t\t\t<\/h1>\n\t\n<div class=\"wpcf7 no-js\" id=\"wpcf7-f5308-o1\" lang=\"fr-FR\" dir=\"ltr\" data-wpcf7-id=\"5308\">\n<div class=\"screen-reader-response\"><p role=\"status\" aria-live=\"polite\" aria-atomic=\"true\"><\/p> <ul><\/ul><\/div>\n<form action=\"\/fr\/wp-json\/wp\/v2\/pages\/5302#wpcf7-f5308-o1\" method=\"post\" class=\"wpcf7-form init\" aria-label=\"Formulaire de contact\" novalidate=\"novalidate\" data-status=\"init\">\n<fieldset class=\"hidden-fields-container\"><input type=\"hidden\" name=\"_wpcf7\" value=\"5308\" \/><input type=\"hidden\" name=\"_wpcf7_version\" value=\"6.1.5\" \/><input type=\"hidden\" name=\"_wpcf7_locale\" value=\"fr_FR\" \/><input type=\"hidden\" name=\"_wpcf7_unit_tag\" value=\"wpcf7-f5308-o1\" \/><input type=\"hidden\" name=\"_wpcf7_container_post\" value=\"0\" \/><input type=\"hidden\" name=\"_wpcf7_posted_data_hash\" value=\"\" \/><input type=\"hidden\" name=\"_wpcf7_recaptcha_response\" value=\"\" \/>\n<\/fieldset>\n<p><label> Votre nom<br \/>\n<span class=\"wpcf7-form-control-wrap\" data-name=\"your-name\"><input size=\"40\" maxlength=\"400\" class=\"wpcf7-form-control wpcf7-text wpcf7-validates-as-required\" aria-required=\"true\" aria-invalid=\"false\" value=\"\" type=\"text\" name=\"your-name\" \/><\/span> <\/label>\n<\/p>\n<p><label> Votre e-mail<br \/>\n<span class=\"wpcf7-form-control-wrap\" data-name=\"your-email\"><input size=\"40\" maxlength=\"400\" class=\"wpcf7-form-control wpcf7-email wpcf7-validates-as-required wpcf7-text wpcf7-validates-as-email\" aria-required=\"true\" aria-invalid=\"false\" value=\"\" type=\"email\" name=\"your-email\" \/><\/span> <\/label>\n<\/p>\n<p><label> T\u00e9l\u00e9phone (facultatif)<br \/>\n<span class=\"wpcf7-form-control-wrap\" data-name=\"tel-157\"><input size=\"40\" maxlength=\"400\" class=\"wpcf7-form-control wpcf7-tel wpcf7-text wpcf7-validates-as-tel\" aria-invalid=\"false\" value=\"\" type=\"tel\" name=\"tel-157\" \/><\/span> <\/label>\n<\/p>\n<p><label> Votre message<br \/>\n<span class=\"wpcf7-form-control-wrap\" data-name=\"your-message\"><textarea cols=\"40\" rows=\"10\" maxlength=\"2000\" class=\"wpcf7-form-control wpcf7-textarea wpcf7-validates-as-required\" aria-required=\"true\" aria-invalid=\"false\" name=\"your-message\"><\/textarea><\/span> <\/label>\n<\/p>\n<p><span class=\"wpcf7-form-control-wrap\" data-name=\"quiz-747\"><label><span class=\"wpcf7-quiz-label\">2+6=?<\/span> <input size=\"40\" class=\"wpcf7-form-control wpcf7-quiz\" autocomplete=\"off\" aria-required=\"true\" aria-invalid=\"false\" type=\"text\" name=\"quiz-747\" \/><\/label><input type=\"hidden\" name=\"_wpcf7_quiz_answer_quiz-747\" value=\"b92383fac706b700c4f8d69faa457125\" \/><\/span>\n<\/p>\n<p><input class=\"wpcf7-form-control wpcf7-submit has-spinner\" type=\"submit\" value=\"Envoyer\" \/>\n<\/p><div class=\"wpcf7-response-output\" aria-hidden=\"true\"><\/div>\n<\/form>\n<\/div>\n\n\t<p>Afin de vous apporter des solutions techniques pr\u00e9cises et d\u00e9taill\u00e9es. Veuillez nous fournir les informations suivantes ci-dessous\u00a0:<\/p>\n<ol>\n<li>Nom du mat\u00e9riau\u00a0:<\/li>\n<li>Exigences de fabrication :<\/li>\n<li>Types de sources de chaleur\u00a0:<\/li>\n<li>Mat\u00e9riau humidit\u00e9 initiale \/ humidit\u00e9 finale (teneur en solides)\u00a0:<\/li>\n<\/ol>\n<h2>\n\t\tEntrez en contact avec nous !\n\t<\/h2>\n\t<ul>\n\t\t<li>\t\t\t\t\n\t\t No. 198, Yunhe Rd, Chang Zhou<p>&#8211; 213023, Jiangsu, China<\/p><\/li>\t<\/ul>\n\t<ul>\n\t\t<li>\t\t\t\t\n\t\t+86-17605290094<\/li>\t<\/ul>\n\t<ul>\n\t\t<li>\t\t\t\t\n\t\tinfo@griffinmachinery.com<\/li>\t<\/ul>\n\t<style type=\"text\/css\"><\/style><div class=\"ufaqsw_container_default ufaqsw_container_default_5309 ufaqsw_element_group_src\"> \n\n\t\t\t<h2 class=\"ufaqsw_faq_title ufaqsw_faq_title_5309\">Foire aux Questions<\/h2>\n\t\n\t\n\t\t<div class=\"ufaqsw_toggle_default ufaqsw_toggle_default_5309 ufaqsw_element_src\">\n\t\t\t<div class=\"ufaqsw-toggle-title-area-default ufaqsw-toggle-title-area-default_5309\"\n\t\t\trole=\"button\"\n\t\t\ttabindex=\"0\"\n\t\t\taria-expanded=\"false\"\n\t\t\taria-controls=\"ufaqsw_faq_answer_1_5309\"\n\t\t\taria-label=\"O\u00f9 est votre usine ?\"\n\t\t\t>\n\t\t\t\t<div class=\"ufaqsw-title-name-default ufaqsw-title-name-default_5309\">\n\t\t\t\t\t<span class=\"ufaqsw-default-icon\">\n\t\t\t\t\t\t<i class=\"fa fa fa-plus\" aria-hidden=\"true\"><\/i>\n\t\t\t\t\t\t<i class=\"fa fa fa-minus\" id=\"ufaqsw_other_style\" aria-hidden=\"true\"><\/i>\n\t\t\t\t\t<\/span>\t\t\t\t\n\t\t\t\t\t<span class=\"ufaqsw-default-title ufaqsw_faq_question_src\">O\u00f9 est votre usine ?<\/span>\n\t\t\t\t<\/div>\n\t\t\t<\/div>\n\t\t\t<div class=\"ufaqsw-toggle-inner-default ufaqsw-toggle-inner-default_5309 ufaqsw_faq_answer_src\"\n\t\t\tid=\"ufaqsw_faq_answer_1_5309\"\n\t\t\taria-hidden=\"true\"\n\t\t\taria-labelledby=\"ufaqsw_faq_answer_1_5309\"\n\t\t\tstyle=\"display:none\"\t\t\t>\n\t\t\tNous sommes situ\u00e9s dans la ville de Changzhou pr\u00e8s de Shanghai.\t\t\t<\/div>\n\t\t<\/div><!-- END OF TOGGLE -->\n\n\t\t\n\t\t<div class=\"ufaqsw_toggle_default ufaqsw_toggle_default_5309 ufaqsw_element_src\">\n\t\t\t<div class=\"ufaqsw-toggle-title-area-default ufaqsw-toggle-title-area-default_5309\"\n\t\t\trole=\"button\"\n\t\t\ttabindex=\"0\"\n\t\t\taria-expanded=\"false\"\n\t\t\taria-controls=\"ufaqsw_faq_answer_2_5309\"\n\t\t\taria-label=\"Quelle est la qualit\u00e9 de votre machine ?\"\n\t\t\t>\n\t\t\t\t<div class=\"ufaqsw-title-name-default ufaqsw-title-name-default_5309\">\n\t\t\t\t\t<span class=\"ufaqsw-default-icon\">\n\t\t\t\t\t\t<i class=\"fa fa fa-plus\" aria-hidden=\"true\"><\/i>\n\t\t\t\t\t\t<i class=\"fa fa fa-minus\" id=\"ufaqsw_other_style\" aria-hidden=\"true\"><\/i>\n\t\t\t\t\t<\/span>\t\t\t\t\n\t\t\t\t\t<span class=\"ufaqsw-default-title ufaqsw_faq_question_src\">Quelle est la qualit\u00e9 de votre machine ?<\/span>\n\t\t\t\t<\/div>\n\t\t\t<\/div>\n\t\t\t<div class=\"ufaqsw-toggle-inner-default ufaqsw-toggle-inner-default_5309 ufaqsw_faq_answer_src\"\n\t\t\tid=\"ufaqsw_faq_answer_2_5309\"\n\t\t\taria-hidden=\"true\"\n\t\t\taria-labelledby=\"ufaqsw_faq_answer_2_5309\"\n\t\t\tstyle=\"display:none\"\t\t\t>\n\t\t\t<p>Notre soci\u00e9t\u00e9 suit des contr\u00f4les de qualit\u00e9 stricts et diverses proc\u00e9dures syst\u00e9matiques. Nous accordons le plus grand soin \u00e0 la qualit\u00e9 \u00e0 chaque \u00e9tape du processus de fabrication. Vous pouvez \u00eatre assur\u00e9 de la qualit\u00e9 absolument.<\/p>\n\t\t\t<\/div>\n\t\t<\/div><!-- END OF TOGGLE -->\n\n\t\t\n\t\t<div class=\"ufaqsw_toggle_default ufaqsw_toggle_default_5309 ufaqsw_element_src\">\n\t\t\t<div class=\"ufaqsw-toggle-title-area-default ufaqsw-toggle-title-area-default_5309\"\n\t\t\trole=\"button\"\n\t\t\ttabindex=\"0\"\n\t\t\taria-expanded=\"false\"\n\t\t\taria-controls=\"ufaqsw_faq_answer_3_5309\"\n\t\t\taria-label=\"Quelle est la p\u00e9riode de garantie ?\"\n\t\t\t>\n\t\t\t\t<div class=\"ufaqsw-title-name-default ufaqsw-title-name-default_5309\">\n\t\t\t\t\t<span class=\"ufaqsw-default-icon\">\n\t\t\t\t\t\t<i class=\"fa fa fa-plus\" aria-hidden=\"true\"><\/i>\n\t\t\t\t\t\t<i class=\"fa fa fa-minus\" id=\"ufaqsw_other_style\" aria-hidden=\"true\"><\/i>\n\t\t\t\t\t<\/span>\t\t\t\t\n\t\t\t\t\t<span class=\"ufaqsw-default-title ufaqsw_faq_question_src\">Quelle est la p\u00e9riode de garantie ?<\/span>\n\t\t\t\t<\/div>\n\t\t\t<\/div>\n\t\t\t<div class=\"ufaqsw-toggle-inner-default ufaqsw-toggle-inner-default_5309 ufaqsw_faq_answer_src\"\n\t\t\tid=\"ufaqsw_faq_answer_3_5309\"\n\t\t\taria-hidden=\"true\"\n\t\t\taria-labelledby=\"ufaqsw_faq_answer_3_5309\"\n\t\t\tstyle=\"display:none\"\t\t\t>\n\t\t\t<p>R\u00e9ponse rapide 24 heures sur 24 au courrier et aux appels t\u00e9l\u00e9phoniques. Nous fournirons une garantie d&rsquo;un an pour vous assurer que votre machine fonctionne de mani\u00e8re coh\u00e9rente.<\/p>\n\t\t\t<\/div>\n\t\t<\/div><!-- END OF TOGGLE -->\n\n\t\t\n\t\t<div class=\"ufaqsw_toggle_default ufaqsw_toggle_default_5309 ufaqsw_element_src\">\n\t\t\t<div class=\"ufaqsw-toggle-title-area-default ufaqsw-toggle-title-area-default_5309\"\n\t\t\trole=\"button\"\n\t\t\ttabindex=\"0\"\n\t\t\taria-expanded=\"false\"\n\t\t\taria-controls=\"ufaqsw_faq_answer_4_5309\"\n\t\t\taria-label=\"Quel est le d\u00e9lai de paiement ?\"\n\t\t\t>\n\t\t\t\t<div class=\"ufaqsw-title-name-default ufaqsw-title-name-default_5309\">\n\t\t\t\t\t<span class=\"ufaqsw-default-icon\">\n\t\t\t\t\t\t<i class=\"fa fa fa-plus\" aria-hidden=\"true\"><\/i>\n\t\t\t\t\t\t<i class=\"fa fa fa-minus\" id=\"ufaqsw_other_style\" aria-hidden=\"true\"><\/i>\n\t\t\t\t\t<\/span>\t\t\t\t\n\t\t\t\t\t<span class=\"ufaqsw-default-title ufaqsw_faq_question_src\">Quel est le d\u00e9lai de paiement ?<\/span>\n\t\t\t\t<\/div>\n\t\t\t<\/div>\n\t\t\t<div class=\"ufaqsw-toggle-inner-default ufaqsw-toggle-inner-default_5309 ufaqsw_faq_answer_src\"\n\t\t\tid=\"ufaqsw_faq_answer_4_5309\"\n\t\t\taria-hidden=\"true\"\n\t\t\taria-labelledby=\"ufaqsw_faq_answer_4_5309\"\n\t\t\tstyle=\"display:none\"\t\t\t>\n\t\t\t<p>Notre d\u00e9lai de paiement r\u00e9gulier est de 30% TT \u00e0 l&rsquo;avance, 70% TT avant exp\u00e9dition.<\/p>\n\t\t\t<\/div>\n\t\t<\/div><!-- END OF TOGGLE -->\n\n\t\t\n\t\t<div class=\"ufaqsw_toggle_default ufaqsw_toggle_default_5309 ufaqsw_element_src\">\n\t\t\t<div class=\"ufaqsw-toggle-title-area-default ufaqsw-toggle-title-area-default_5309\"\n\t\t\trole=\"button\"\n\t\t\ttabindex=\"0\"\n\t\t\taria-expanded=\"false\"\n\t\t\taria-controls=\"ufaqsw_faq_answer_5_5309\"\n\t\t\taria-label=\"Votre prix comprend-il le transport ?\"\n\t\t\t>\n\t\t\t\t<div class=\"ufaqsw-title-name-default ufaqsw-title-name-default_5309\">\n\t\t\t\t\t<span class=\"ufaqsw-default-icon\">\n\t\t\t\t\t\t<i class=\"fa fa fa-plus\" aria-hidden=\"true\"><\/i>\n\t\t\t\t\t\t<i class=\"fa fa fa-minus\" id=\"ufaqsw_other_style\" aria-hidden=\"true\"><\/i>\n\t\t\t\t\t<\/span>\t\t\t\t\n\t\t\t\t\t<span class=\"ufaqsw-default-title ufaqsw_faq_question_src\">Votre prix comprend-il le transport ?<\/span>\n\t\t\t\t<\/div>\n\t\t\t<\/div>\n\t\t\t<div class=\"ufaqsw-toggle-inner-default ufaqsw-toggle-inner-default_5309 ufaqsw_faq_answer_src\"\n\t\t\tid=\"ufaqsw_faq_answer_5_5309\"\n\t\t\taria-hidden=\"true\"\n\t\t\taria-labelledby=\"ufaqsw_faq_answer_5_5309\"\n\t\t\tstyle=\"display:none\"\t\t\t>\n\t\t\t<p>Notre prix habituel est bas\u00e9 sur FOB Shanghai. Nous pouvons fournir un devis CIF sur demande.<\/p>\n\t\t\t<\/div>\n\t\t<\/div><!-- END OF TOGGLE -->\n\n\t\t\n<\/div>\n\n<h2>\n\t\tRendez nous visite\n\t<\/h2>\n\t<iframe src=\"https:\/\/www.google.com\/maps\/embed?pb=!1m18!1m12!1m3!1d3390.2927421824006!2d119.88542131515791!3d31.817019981272452!2m3!1f0!2f0!3f0!3m2!1i1024!2i768!4f13.1!3m3!1m2!1s0x35b4149e3c70d0b3%3A0x8fff5da241c321f8!2sYun%20He%20Lu%2C%20China%2C%20213023!5e0!3m2!1sen!2sus!4v1649332227824!5m2!1sen!2sus\" width=\"100%\" height=\"450\" allowfullscreen=\"\" loading=\"lazy\" referrerpolicy=\"no-referrer-when-downgrade\"><\/iframe>\n\n","protected":false},"excerpt":{"rendered":"","protected":false},"author":1,"featured_media":0,"parent":0,"menu_order":0,"comment_status":"closed","ping_status":"closed","template":"","meta":{"site-sidebar-layout":"no-sidebar","site-content-layout":"page-builder","ast-site-content-layout":"default","site-content-style":"default","site-sidebar-style":"default","ast-global-header-display":"","ast-banner-title-visibility":"","ast-main-header-display":"","ast-hfb-above-header-display":"","ast-hfb-below-header-display":"","ast-hfb-mobile-header-display":"","site-post-title":"disabled","ast-breadcrumbs-content":"","ast-featured-img":"disabled","footer-sml-layout":"","ast-disable-related-posts":"","theme-transparent-header-meta":"enabled","adv-header-id-meta":"","stick-header-meta":"","header-above-stick-meta":"","header-main-stick-meta":"","header-below-stick-meta":"","astra-migrate-meta-layouts":"default","ast-page-background-enabled":"default","ast-page-background-meta":{"desktop":{"background-color":"","background-image":"","background-repeat":"repeat","background-position":"center center","background-size":"auto","background-attachment":"scroll","background-type":"","background-media":"","overlay-type":"","overlay-color":"","overlay-opacity":"","overlay-gradient":""},"tablet":{"background-color":"","background-image":"","background-repeat":"repeat","background-position":"center center","background-size":"auto","background-attachment":"scroll","background-type":"","background-media":"","overlay-type":"","overlay-color":"","overlay-opacity":"","overlay-gradient":""},"mobile":{"background-color":"","background-image":"","background-repeat":"repeat","background-position":"center center","background-size":"auto","background-attachment":"scroll","background-type":"","background-media":"","overlay-type":"","overlay-color":"","overlay-opacity":"","overlay-gradient":""}},"ast-content-background-meta":{"desktop":{"background-color":"var(--ast-global-color-5)","background-image":"","background-repeat":"repeat","background-position":"center center","background-size":"auto","background-attachment":"scroll","background-type":"","background-media":"","overlay-type":"","overlay-color":"","overlay-opacity":"","overlay-gradient":""},"tablet":{"background-color":"var(--ast-global-color-5)","background-image":"","background-repeat":"repeat","background-position":"center center","background-size":"auto","background-attachment":"scroll","background-type":"","background-media":"","overlay-type":"","overlay-color":"","overlay-opacity":"","overlay-gradient":""},"mobile":{"background-color":"var(--ast-global-color-5)","background-image":"","background-repeat":"repeat","background-position":"center center","background-size":"auto","background-attachment":"scroll","background-type":"","background-media":"","overlay-type":"","overlay-color":"","overlay-opacity":"","overlay-gradient":""}},"footnotes":""},"class_list":["post-5302","page","type-page","status-publish","hentry"],"_links":{"self":[{"href":"https:\/\/www.griffinmachinery.com\/fr\/wp-json\/wp\/v2\/pages\/5302","targetHints":{"allow":["GET"]}}],"collection":[{"href":"https:\/\/www.griffinmachinery.com\/fr\/wp-json\/wp\/v2\/pages"}],"about":[{"href":"https:\/\/www.griffinmachinery.com\/fr\/wp-json\/wp\/v2\/types\/page"}],"author":[{"embeddable":true,"href":"https:\/\/www.griffinmachinery.com\/fr\/wp-json\/wp\/v2\/users\/1"}],"replies":[{"embeddable":true,"href":"https:\/\/www.griffinmachinery.com\/fr\/wp-json\/wp\/v2\/comments?post=5302"}],"version-history":[{"count":0,"href":"https:\/\/www.griffinmachinery.com\/fr\/wp-json\/wp\/v2\/pages\/5302\/revisions"}],"wp:attachment":[{"href":"https:\/\/www.griffinmachinery.com\/fr\/wp-json\/wp\/v2\/media?parent=5302"}],"curies":[{"name":"wp","href":"https:\/\/api.w.org\/{rel}","templated":true}]}}