{"id":10015,"date":"2022-10-31T07:44:37","date_gmt":"2022-10-31T07:44:37","guid":{"rendered":"https:\/\/www.griffinmachinery.com\/nos-services\/"},"modified":"2022-11-13T06:15:45","modified_gmt":"2022-11-13T06:15:45","slug":"nos-services","status":"publish","type":"page","link":"https:\/\/www.griffinmachinery.com\/fr\/nos-services\/","title":{"rendered":"Nos services"},"content":{"rendered":"\n\n\t<h1>\n\t\t\t\t\tNos services\n\t\t\t\t<\/h1>\n\t<p>Afin d&rsquo;uniformiser le contenu de nos services, nous avons list\u00e9 ci-dessous les listes suivantes.<\/p>\n<h3>\n\t\tI. Services de pr\u00e9-vente et de vente\n\t<\/h3>\n\t\t\t\t<img decoding=\"async\" src=\"https:\/\/www.griffinmachinery.com\/wp-content\/uploads\/2022\/05\/Our-Team-3.png\" alt=\"Our Team 3\" itemprop=\"image\"\/>\n\t<ul>\n<li>Aider \u00e0 choisir le bon mod\u00e8le d&rsquo;\u00e9quipement.<\/li>\n<li>Le service technique coop\u00e8re avec les vendeurs pour suivre les projets des clients et comprendre les besoins des clients en termes d&rsquo;exigences de processus de production, de processus, de lots, d&rsquo;ing\u00e9nierie et de v\u00e9rification.<\/li>\n<li>Le personnel du service technique communiquera avec le client \u00e0 tout moment en termes de technologie ou d&rsquo;ing\u00e9nierie pour formuler des solutions.<\/li>\n<li>Fournir les documents techniques et le mat\u00e9riel connexe n\u00e9cessaires aux clients en temps opportun.<\/li>\n<\/ul>\n<h3>\n\t\tII. Services apr\u00e8s-vente\n\t<\/h3>\n\t\t\t\t<img decoding=\"async\" src=\"https:\/\/www.griffinmachinery.com\/wp-content\/uploads\/2022\/03\/image1.jpg\" alt=\"image1\" itemprop=\"image\"\/>\n\t<p><strong>2.1 Installation et mise en service<\/strong><\/p>\n<ul>\n<li>Communiquer avec les clients en temps opportun lorsque l&rsquo;\u00e9quipement est exp\u00e9di\u00e9 pour comprendre les plans d&rsquo;installation de l&rsquo;\u00e9quipement du client.<\/li>\n<li>Aider les clients \u00e0 terminer la pr\u00e9paration avant l&rsquo;installation de l&rsquo;\u00e9quipement et fournir aux clients un contenu d\u00e9taill\u00e9 de la pr\u00e9paration de l&rsquo;installation de l&rsquo;\u00e9quipement.<\/li>\n<li>Apr\u00e8s r\u00e9ception de l&rsquo;avis d&rsquo;installation, nous nous rendrons sur le site du client \u00e0 temps pour coop\u00e9rer avec le client afin de terminer le d\u00e9ballage et l&rsquo;acceptation de l&rsquo;\u00e9quipement.<\/li>\n<li>Coop\u00e9rer avec les clients pour formuler des plans de levage lors de l&rsquo;installation des \u00e9quipements.<\/li>\n<li>Guidage sur site du levage de l&rsquo;\u00e9quipement et de la connexion \u00e0 la fondation.<\/li>\n<li>D\u00e9boguez l&rsquo;\u00e9quipement et coop\u00e9rez avec les clients pour effectuer la v\u00e9rification du fonctionnement de l&rsquo;\u00e9quipement.<\/li>\n<li>Effectuez une formation pour le personnel li\u00e9 au client et le plan de formation sera charg\u00e9 dans le dossier du client apr\u00e8s avoir \u00e9t\u00e9 sign\u00e9 et confirm\u00e9 par le client.<\/li>\n<\/ul>\n<h3>\n\t\tIII. Obligations du client\n\t<\/h3>\n\t<ul>\n<li>Pour permettre \u00e0 notre personnel de service d&rsquo;avoir un acc\u00e8s s\u00fbr, opportun et ad\u00e9quat aux produits d&rsquo;\u00e9quipement fabriqu\u00e9s par Haihong afin que notre personnel puisse effectuer des services.<\/li>\n<li>Les outils, installations auxiliaires et services d&rsquo;assistance au personnel propos\u00e9s par notre personnel sont fournis gratuitement pour assurer le bon fonctionnement du service.<\/li>\n<li>Pour la s\u00e9curit\u00e9, assurez-vous que notre personnel est toujours accompagn\u00e9 d&rsquo;un employ\u00e9 connaissant le site de l&rsquo;utilisateur et le syst\u00e8me de s\u00e9curit\u00e9 lorsqu&rsquo;il se trouve sur le site du client.<\/li>\n<li>Fournissez \u00e0 notre personnel une description pr\u00e9cise du probl\u00e8me auquel l&rsquo;\u00e9quipement est confront\u00e9, faites savoir au personnel de service quel \u00e9tait le rapport de panne, quand il s&rsquo;est produit et quelles mesures ont \u00e9t\u00e9 prises pour corriger la panne.<\/li>\n<\/ul>\n\n","protected":false},"excerpt":{"rendered":"<p>Nos services Afin d&rsquo;uniformiser le contenu de nos services, nous avons list\u00e9 ci-dessous les listes suivantes. I. Services de pr\u00e9-vente et de vente Aider \u00e0 choisir le bon mod\u00e8le d&rsquo;\u00e9quipement. Le service technique coop\u00e8re avec [&hellip;]<\/p>\n","protected":false},"author":1,"featured_media":0,"parent":0,"menu_order":0,"comment_status":"closed","ping_status":"closed","template":"","meta":{"site-sidebar-layout":"no-sidebar","site-content-layout":"page-builder","ast-site-content-layout":"default","site-content-style":"default","site-sidebar-style":"default","ast-global-header-display":"","ast-banner-title-visibility":"","ast-main-header-display":"","ast-hfb-above-header-display":"","ast-hfb-below-header-display":"","ast-hfb-mobile-header-display":"","site-post-title":"disabled","ast-breadcrumbs-content":"","ast-featured-img":"disabled","footer-sml-layout":"","ast-disable-related-posts":"","theme-transparent-header-meta":"enabled","adv-header-id-meta":"","stick-header-meta":"default","header-above-stick-meta":"","header-main-stick-meta":"","header-below-stick-meta":"","astra-migrate-meta-layouts":"default","ast-page-background-enabled":"default","ast-page-background-meta":{"desktop":{"background-color":"","background-image":"","background-repeat":"repeat","background-position":"center center","background-size":"auto","background-attachment":"scroll","background-type":"","background-media":"","overlay-type":"","overlay-color":"","overlay-opacity":"","overlay-gradient":""},"tablet":{"background-color":"","background-image":"","background-repeat":"repeat","background-position":"center center","background-size":"auto","background-attachment":"scroll","background-type":"","background-media":"","overlay-type":"","overlay-color":"","overlay-opacity":"","overlay-gradient":""},"mobile":{"background-color":"","background-image":"","background-repeat":"repeat","background-position":"center center","background-size":"auto","background-attachment":"scroll","background-type":"","background-media":"","overlay-type":"","overlay-color":"","overlay-opacity":"","overlay-gradient":""}},"ast-content-background-meta":{"desktop":{"background-color":"var(--ast-global-color-5)","background-image":"","background-repeat":"repeat","background-position":"center center","background-size":"auto","background-attachment":"scroll","background-type":"","background-media":"","overlay-type":"","overlay-color":"","overlay-opacity":"","overlay-gradient":""},"tablet":{"background-color":"var(--ast-global-color-5)","background-image":"","background-repeat":"repeat","background-position":"center center","background-size":"auto","background-attachment":"scroll","background-type":"","background-media":"","overlay-type":"","overlay-color":"","overlay-opacity":"","overlay-gradient":""},"mobile":{"background-color":"var(--ast-global-color-5)","background-image":"","background-repeat":"repeat","background-position":"center center","background-size":"auto","background-attachment":"scroll","background-type":"","background-media":"","overlay-type":"","overlay-color":"","overlay-opacity":"","overlay-gradient":""}},"footnotes":""},"class_list":["post-10015","page","type-page","status-publish","hentry"],"_links":{"self":[{"href":"https:\/\/www.griffinmachinery.com\/fr\/wp-json\/wp\/v2\/pages\/10015","targetHints":{"allow":["GET"]}}],"collection":[{"href":"https:\/\/www.griffinmachinery.com\/fr\/wp-json\/wp\/v2\/pages"}],"about":[{"href":"https:\/\/www.griffinmachinery.com\/fr\/wp-json\/wp\/v2\/types\/page"}],"author":[{"embeddable":true,"href":"https:\/\/www.griffinmachinery.com\/fr\/wp-json\/wp\/v2\/users\/1"}],"replies":[{"embeddable":true,"href":"https:\/\/www.griffinmachinery.com\/fr\/wp-json\/wp\/v2\/comments?post=10015"}],"version-history":[{"count":0,"href":"https:\/\/www.griffinmachinery.com\/fr\/wp-json\/wp\/v2\/pages\/10015\/revisions"}],"wp:attachment":[{"href":"https:\/\/www.griffinmachinery.com\/fr\/wp-json\/wp\/v2\/media?parent=10015"}],"curies":[{"name":"wp","href":"https:\/\/api.w.org\/{rel}","templated":true}]}}