{"id":9224,"date":"2022-10-16T07:36:43","date_gmt":"2022-10-16T07:36:43","guid":{"rendered":"https:\/\/www.griffinmachinery.com\/horno-de-circulacion-de-aire-caliente\/"},"modified":"2023-04-02T07:05:43","modified_gmt":"2023-04-02T07:05:43","slug":"horno-de-circulacion-de-aire-caliente","status":"publish","type":"product","link":"https:\/\/www.griffinmachinery.com\/es\/horno-de-circulacion-de-aire-caliente\/","title":{"rendered":"Horno de Circulaci\u00f3n de Aire Caliente"},"content":{"rendered":"<h2 style=\"text-align: center;\">Estructura Interna del Horno de Circulaci\u00f3n de Aire Caliente<\/h2>\n<p><img loading=\"lazy\" decoding=\"async\" class=\"alignnone size-full wp-image-11333\" src=\"https:\/\/www.griffinmachinery.com\/wp-content\/uploads\/2022\/10\/Estructura-interna-del-horno-de-circulacion-de-aire-caliente.jpg\" alt=\"Estructura interna del horno de circulaci\u00f3n de aire caliente\" width=\"1347\" height=\"780\" srcset=\"https:\/\/www.griffinmachinery.com\/wp-content\/uploads\/2022\/10\/Estructura-interna-del-horno-de-circulacion-de-aire-caliente.jpg 1347w, https:\/\/www.griffinmachinery.com\/wp-content\/uploads\/2022\/10\/Estructura-interna-del-horno-de-circulacion-de-aire-caliente-300x174.jpg 300w, https:\/\/www.griffinmachinery.com\/wp-content\/uploads\/2022\/10\/Estructura-interna-del-horno-de-circulacion-de-aire-caliente-1024x593.jpg 1024w, https:\/\/www.griffinmachinery.com\/wp-content\/uploads\/2022\/10\/Estructura-interna-del-horno-de-circulacion-de-aire-caliente-768x445.jpg 768w, https:\/\/www.griffinmachinery.com\/wp-content\/uploads\/2022\/10\/Estructura-interna-del-horno-de-circulacion-de-aire-caliente-600x347.jpg 600w\" sizes=\"auto, (max-width: 1347px) 100vw, 1347px\" \/><\/p>\n<hr \/>\n<p>El cuerpo de nuestro horno adopta dos entradas de aire laterales y la parte posterior por el medio. La ruta de circulaci\u00f3n del aire caliente es m\u00e1s corta para garantizar una temperatura uniforme en el cuerpo de la caja.<\/p>\n<p>Es f\u00e1cil de limpiar y distribuir el aire uniformemente. Recopile la pista de aire caliente de 2000 hornos de circulaci\u00f3n de aire caliente y elija la mejor relaci\u00f3n de perforaci\u00f3n para garantizar la uniformidad de la distribuci\u00f3n del aire entre la entrada y la salida.<\/p>\n<h2 style=\"text-align: center;\">Par\u00e1metro t\u00e9cnico<\/h2>\n<table>\n<tbody>\n<tr>\n<td bgcolor=\"#d9edf7\">Modelo<\/td>\n<td bgcolor=\"#d9edf7\">\u00c1rea de evaporaci\u00f3n (\u33a1)<\/td>\n<td bgcolor=\"#d9edf7\">Volumen eficiente (\u33a1)<\/td>\n<td bgcolor=\"#d9edf7\">Capacidad de secado (kg\/lote)<\/td>\n<td bgcolor=\"#d9edf7\">\u00c1rea del radiador (\u33a1)<\/td>\n<td bgcolor=\"#d9edf7\">Potencia de calefacci\u00f3n el\u00e9ctrica (kw)<\/td>\n<td bgcolor=\"#d9edf7\">Volumen del ventilador (\u33a1\/h)<\/td>\n<td bgcolor=\"#d9edf7\">Potencia del ventilador (kilovatios)<\/td>\n<\/tr>\n<tr>\n<td>CT-C-O<\/td>\n<td>7.1<\/td>\n<td>1.3<\/td>\n<td>60<\/td>\n<td>15<\/td>\n<td>6-9<\/td>\n<td>4510<\/td>\n<td>0.45<\/td>\n<\/tr>\n<tr>\n<td>CT-C-\u2160<\/td>\n<td>14.1<\/td>\n<td>2.6<\/td>\n<td>120<\/td>\n<td>23<\/td>\n<td>15<\/td>\n<td>4510<\/td>\n<td>0.45<\/td>\n<\/tr>\n<tr>\n<td>CT-C-\u2161<\/td>\n<td>28.3<\/td>\n<td>4.9<\/td>\n<td>240<\/td>\n<td>48<\/td>\n<td>30<\/td>\n<td>9020<\/td>\n<td>0.45\u00d72<\/td>\n<\/tr>\n<tr>\n<td>CT-C-\u2162<\/td>\n<td>42.4<\/td>\n<td>7.4<\/td>\n<td>360<\/td>\n<td>60<\/td>\n<td>45<\/td>\n<td>13530<\/td>\n<td>0.45\u00d73<\/td>\n<\/tr>\n<tr>\n<td>CT-C-\u2163<\/td>\n<td>56.5<\/td>\n<td>10.3<\/td>\n<td>480<\/td>\n<td>96<\/td>\n<td>60<\/td>\n<td>18040<\/td>\n<td>0.45\u00d74<\/td>\n<\/tr>\n<tr>\n<td>CT-\u2160<\/td>\n<td>14.1<\/td>\n<td>2.6<\/td>\n<td>120<\/td>\n<td>23<\/td>\n<td>15<\/td>\n<td>1414<\/td>\n<td>1.1<\/td>\n<\/tr>\n<tr>\n<td>CT-\u2161<\/td>\n<td>28.3<\/td>\n<td>4.9<\/td>\n<td>240<\/td>\n<td>48<\/td>\n<td>30<\/td>\n<td>5230<\/td>\n<td>1.1<\/td>\n<\/tr>\n<tr>\n<td>CT-\u2162<\/td>\n<td>42.4<\/td>\n<td>7.4<\/td>\n<td>360<\/td>\n<td>72<\/td>\n<td>45<\/td>\n<td>9800<\/td>\n<td>2.2<\/td>\n<\/tr>\n<\/tbody>\n<\/table>\n","protected":false},"excerpt":{"rendered":"<ul>\n<li>La fuente de calor incluye vapor, electricidad, infrarrojo lejano y vapor el\u00e9ctrico.<\/li>\n<li>La temperatura de uso para el calentamiento con vapor es de 50 a 140 \u2103, con un l\u00edmite superior de 150 \u2103.<\/li>\n<li>Electricidad, temperatura infrarroja lejana 50-500 \u2103.<\/li>\n<li>Equipado con sistema de control autom\u00e1tico y sistema de control por computadora.<\/li>\n<li>La presi\u00f3n de vapor com\u00fanmente utilizada es de 0,2-0,8 Mpa (2-8 kg\/cm2).<\/li>\n<li>Los requisitos especiales de personalizaci\u00f3n se explican al realizar el pedido. La temperatura de uso es superior a 140\u2103 o inferior a 60\u2103, especificar al realizar el pedido.<\/li>\n<li>El tama\u00f1o de nuestras bandejas para hornear es uniforme y se pueden usar diferentes modelos de horno en com\u00fan.<\/li>\n<\/ul>\n","protected":false},"featured_media":9158,"template":"","meta":{"site-sidebar-layout":"default","site-content-layout":"default","ast-site-content-layout":"default","site-content-style":"default","site-sidebar-style":"default","ast-global-header-display":"","ast-banner-title-visibility":"","ast-main-header-display":"","ast-hfb-above-header-display":"","ast-hfb-below-header-display":"","ast-hfb-mobile-header-display":"","site-post-title":"","ast-breadcrumbs-content":"","ast-featured-img":"","footer-sml-layout":"","ast-disable-related-posts":"","theme-transparent-header-meta":"default","adv-header-id-meta":"","stick-header-meta":"default","header-above-stick-meta":"","header-main-stick-meta":"","header-below-stick-meta":"","astra-migrate-meta-layouts":"default","ast-page-background-enabled":"default","ast-page-background-meta":{"desktop":{"background-color":"","background-image":"","background-repeat":"repeat","background-position":"center center","background-size":"auto","background-attachment":"scroll","background-type":"","background-media":"","overlay-type":"","overlay-color":"","overlay-opacity":"","overlay-gradient":""},"tablet":{"background-color":"","background-image":"","background-repeat":"repeat","background-position":"center center","background-size":"auto","background-attachment":"scroll","background-type":"","background-media":"","overlay-type":"","overlay-color":"","overlay-opacity":"","overlay-gradient":""},"mobile":{"background-color":"","background-image":"","background-repeat":"repeat","background-position":"center center","background-size":"auto","background-attachment":"scroll","background-type":"","background-media":"","overlay-type":"","overlay-color":"","overlay-opacity":"","overlay-gradient":""}},"ast-content-background-meta":{"desktop":{"background-color":"var(--ast-global-color-5)","background-image":"","background-repeat":"repeat","background-position":"center center","background-size":"auto","background-attachment":"scroll","background-type":"","background-media":"","overlay-type":"","overlay-color":"","overlay-opacity":"","overlay-gradient":""},"tablet":{"background-color":"var(--ast-global-color-5)","background-image":"","background-repeat":"repeat","background-position":"center center","background-size":"auto","background-attachment":"scroll","background-type":"","background-media":"","overlay-type":"","overlay-color":"","overlay-opacity":"","overlay-gradient":""},"mobile":{"background-color":"var(--ast-global-color-5)","background-image":"","background-repeat":"repeat","background-position":"center center","background-size":"auto","background-attachment":"scroll","background-type":"","background-media":"","overlay-type":"","overlay-color":"","overlay-opacity":"","overlay-gradient":""}}},"product_brand":[],"product_cat":[139],"product_tag":[],"class_list":{"0":"post-9224","1":"product","2":"type-product","3":"status-publish","4":"has-post-thumbnail","6":"product_cat-sin-categoria","7":"desktop-align-center","8":"tablet-align-center","9":"mobile-align-center","10":"ast-product-gallery-layout-horizontal","11":"ast-product-tabs-layout-horizontal","12":"ast-qv-on-image","14":"first","15":"instock","16":"shipping-taxable","17":"product-type-simple"},"_links":{"self":[{"href":"https:\/\/www.griffinmachinery.com\/es\/wp-json\/wp\/v2\/product\/9224","targetHints":{"allow":["GET"]}}],"collection":[{"href":"https:\/\/www.griffinmachinery.com\/es\/wp-json\/wp\/v2\/product"}],"about":[{"href":"https:\/\/www.griffinmachinery.com\/es\/wp-json\/wp\/v2\/types\/product"}],"wp:featuredmedia":[{"embeddable":true,"href":"https:\/\/www.griffinmachinery.com\/es\/wp-json\/wp\/v2\/media\/9158"}],"wp:attachment":[{"href":"https:\/\/www.griffinmachinery.com\/es\/wp-json\/wp\/v2\/media?parent=9224"}],"wp:term":[{"taxonomy":"product_brand","embeddable":true,"href":"https:\/\/www.griffinmachinery.com\/es\/wp-json\/wp\/v2\/product_brand?post=9224"},{"taxonomy":"product_cat","embeddable":true,"href":"https:\/\/www.griffinmachinery.com\/es\/wp-json\/wp\/v2\/product_cat?post=9224"},{"taxonomy":"product_tag","embeddable":true,"href":"https:\/\/www.griffinmachinery.com\/es\/wp-json\/wp\/v2\/product_tag?post=9224"}],"curies":[{"name":"wp","href":"https:\/\/api.w.org\/{rel}","templated":true}]}}