{"id":4585,"date":"2022-04-04T15:30:06","date_gmt":"2022-04-04T15:30:06","guid":{"rendered":"https:\/\/www.griffinmachinery.com\/secador-vertical-de-lecho-fluido-en-ebullicion\/"},"modified":"2023-03-10T08:01:19","modified_gmt":"2023-03-10T08:01:19","slug":"secador-de-lecho-de-fluido-en-ebullicion","status":"publish","type":"product","link":"https:\/\/www.griffinmachinery.com\/es\/secador-de-lecho-de-fluido-en-ebullicion\/","title":{"rendered":"Secador de Lecho Fluidizado de Ebullici\u00f3n por Lotes"},"content":{"rendered":"<h3>Par\u00e1metros t\u00e9cnicos<\/h3>\n<table width=\"100%\" cellspacing=\"0\" cellpadding=\"0\">\n<tbody>\n<tr class=\"firstRow\">\n<td colspan=\"2\" bgcolor=\"#d9edf7\"><strong>Item<\/strong><\/td>\n<td>30<\/td>\n<td>60<\/td>\n<td>90<\/td>\n<td>120<\/td>\n<td>150<\/td>\n<td>200<\/td>\n<td>300<\/td>\n<td>500<\/td>\n<td>800-1000<\/td>\n<\/tr>\n<tr>\n<td colspan=\"2\" bgcolor=\"#d9edf7\"><strong>El volumen del contenedor (L)<\/strong><\/td>\n<td>100<\/td>\n<td>220<\/td>\n<td>300<\/td>\n<td>420<\/td>\n<td>500<\/td>\n<td>670<\/td>\n<td>1000<\/td>\n<td>1500<\/td>\n<td rowspan=\"12\">Por cliente<\/td>\n<\/tr>\n<tr>\n<td colspan=\"2\" bgcolor=\"#d9edf7\"><strong>Capacidad productiva (Kg\/lote)<\/strong><\/td>\n<td>30<\/td>\n<td>60<\/td>\n<td>90<\/td>\n<td>120<\/td>\n<td>150<\/td>\n<td>200<\/td>\n<td>300<\/td>\n<td>500<\/td>\n<\/tr>\n<tr>\n<td rowspan=\"2\" bgcolor=\"#d9edf7\"><strong>Vapor<\/strong><\/td>\n<td bgcolor=\"#d9edf7\">Presi\u00f3n Mpa<\/td>\n<td colspan=\"8\">0.4-0.6<\/td>\n<\/tr>\n<tr>\n<td bgcolor=\"#d9edf7\">Consumo Kg\/h<\/td>\n<td>70<\/td>\n<td>140<\/td>\n<td>169<\/td>\n<td>211<\/td>\n<td>241<\/td>\n<td>282<\/td>\n<td>366<\/td>\n<td>465<\/td>\n<\/tr>\n<tr>\n<td rowspan=\"2\" bgcolor=\"#d9edf7\"><strong>Aire comprimido<\/strong><\/td>\n<td bgcolor=\"#d9edf7\">Presi\u00f3n Mpa<\/td>\n<td colspan=\"8\">0.6<\/td>\n<\/tr>\n<tr>\n<td bgcolor=\"#d9edf7\">Consumo m3 \/min<\/td>\n<td>0.3<\/td>\n<td>0.6<\/td>\n<td>0.6<\/td>\n<td>0.6<\/td>\n<td>0.6<\/td>\n<td>0.9<\/td>\n<td>0.9<\/td>\n<td>1.1<\/td>\n<\/tr>\n<tr>\n<td colspan=\"2\" bgcolor=\"#d9edf7\"><strong>Potencia del ventilador (kW)<\/strong><\/td>\n<td>5.5<\/td>\n<td>11<\/td>\n<td>15<\/td>\n<td>18.5<\/td>\n<td>22<\/td>\n<td>22<\/td>\n<td>30<\/td>\n<td>45<\/td>\n<\/tr>\n<tr>\n<td colspan=\"2\" bgcolor=\"#d9edf7\"><strong>Temperatura del aire de entrada(\u2103)<\/strong><\/td>\n<td colspan=\"8\">Temperatura normal \uff5e120\u2103automatismo ajustar<\/td>\n<\/tr>\n<tr>\n<td colspan=\"2\" bgcolor=\"#d9edf7\"><strong>El rendimiento del material (%)<\/strong><\/td>\n<td colspan=\"8\">&gt;99<\/td>\n<\/tr>\n<tr>\n<td colspan=\"2\" bgcolor=\"#d9edf7\"><strong>Contenido de humedad final(%)<\/strong><\/td>\n<td colspan=\"8\">to 0.2<\/td>\n<\/tr>\n<tr>\n<td colspan=\"2\" bgcolor=\"#d9edf7\"><strong>Ruido (dB)<\/strong><\/td>\n<td colspan=\"8\">&lt; 75 dB<\/td>\n<\/tr>\n<\/tbody>\n<\/table>\n<hr \/>\n<h3>1. Sistema de tratamiento del aire de entrada<\/h3>\n<p><strong>1.1 Filtros de eficacia primaria e intermedia<\/strong><\/p>\n<figure id=\"attachment_8876\" aria-describedby=\"caption-attachment-8876\" style=\"width: 296px\" class=\"wp-caption alignnone\"><img loading=\"lazy\" decoding=\"async\" class=\"wp-image-8866 size-medium\" src=\"https:\/\/www.griffinmachinery.com\/wp-content\/uploads\/2022\/04\/Primary-Efficiency-Filters-296x300.jpg\" alt=\"Primary Efficiency Filters\" width=\"296\" height=\"300\" srcset=\"https:\/\/www.griffinmachinery.com\/wp-content\/uploads\/2022\/04\/Primary-Efficiency-Filters-296x300.jpg 296w, https:\/\/www.griffinmachinery.com\/wp-content\/uploads\/2022\/04\/Primary-Efficiency-Filters-100x100.jpg 100w, https:\/\/www.griffinmachinery.com\/wp-content\/uploads\/2022\/04\/Primary-Efficiency-Filters.jpg 343w\" sizes=\"auto, (max-width: 296px) 100vw, 296px\" \/><figcaption id=\"caption-attachment-8876\" class=\"wp-caption-text\"><center>Filtros de eficacia primaria<\/center><\/figcaption><\/figure>\n<p>Filtro primario de entrada (malla de acero inoxidable de 0,15 mm), filtro de bolsa de efecto medio (F7).<\/p>\n<p><strong>1.2 Calentador<\/strong><\/p>\n<ul>\n<li>Calentador de l\u00e1minas en espiral.<\/li>\n<li>La entrada de vapor del calentador tiene una v\u00e1lvula de vapor, que puede ajustar la relaci\u00f3n neum\u00e1tica.<\/li>\n<\/ul>\n<p><strong>1.3 Filtro de alta eficiencia<\/strong><\/p>\n<figure id=\"attachment_8891\" aria-describedby=\"caption-attachment-8891\" style=\"width: 250px\" class=\"wp-caption alignnone\"><img loading=\"lazy\" decoding=\"async\" class=\"wp-image-8881 size-full\" src=\"https:\/\/www.griffinmachinery.com\/wp-content\/uploads\/2022\/04\/High-efficiency-Filter.jpg\" alt=\"High-efficiency Filter\" width=\"250\" height=\"250\" srcset=\"https:\/\/www.griffinmachinery.com\/wp-content\/uploads\/2022\/04\/High-efficiency-Filter.jpg 250w, https:\/\/www.griffinmachinery.com\/wp-content\/uploads\/2022\/04\/High-efficiency-Filter-150x150.jpg 150w, https:\/\/www.griffinmachinery.com\/wp-content\/uploads\/2022\/04\/High-efficiency-Filter-100x100.jpg 100w\" sizes=\"auto, (max-width: 250px) 100vw, 250px\" \/><figcaption id=\"caption-attachment-8891\" class=\"wp-caption-text\"><center>Filtro de alta eficiencia<\/center><\/figcaption><\/figure>\n<ul>\n<li>Filtro de alta eficiencia resistente a las altas temperaturas (H13) con marco exterior de acero inoxidable para evitar la deformaci\u00f3n t\u00e9rmica.<\/li>\n<li>Estructura de montaje r\u00e1pido.<\/li>\n<li>Detecci\u00f3n de la presi\u00f3n diferencial del filtro de alta eficiencia, incluyendo una interfaz r\u00e1pida para aumentar los puntos de detecci\u00f3n.<\/li>\n<\/ul>\n<p><strong>1.4 Conducto de entrada de aire y v\u00e1lvula de entrada de aire<\/strong><\/p>\n<ul>\n<li>Interfaz de velocidad del sensor de temperatura para el conducto de suministro de aire cerca del fondo del barril.<\/li>\n<li>Ajuste autom\u00e1tico de la apertura de la v\u00e1lvula neum\u00e1tica de entrada de aire para regular el volumen de entrada de aire, vinculado con la alimentaci\u00f3n de vac\u00edo, regulando as\u00ed la velocidad de alimentaci\u00f3n.<\/li>\n<li>Est\u00e1 totalmente abierta durante el funcionamiento del proceso y totalmente cerrada durante la parada para evitar el relleno del flujo de aire y facilitar la limpieza en l\u00ednea.<\/li>\n<li>Adopta un convertidor de frecuencia para ajustar la velocidad del ventilador para regular el volumen de aire de entrada, controlar con precisi\u00f3n el estado de fluidificaci\u00f3n y reducir el consumo de energ\u00eda.<\/li>\n<\/ul>\n<h3>2. Sistema anfitri\u00f3n<\/h3>\n<p><strong>2.1 Base del equipo<\/strong><\/p>\n<ul>\n<li>Cilindro inferior de cabeza saliente, acoplado con soporte lateral. Punto m\u00e1s bajo con apertura r\u00e1pida.<\/li>\n<li>Drenaje y v\u00e1lvula para facilitar la limpieza del equipo y del suelo.<\/li>\n<li>La base est\u00e1 equipada con una conexi\u00f3n de apertura r\u00e1pida para el cabezal de limpieza.<\/li>\n<li>Anillo superior m\u00f3vil verticalmente sobre la base.<\/li>\n<li>Dos cilindros de elevaci\u00f3n, que levantan verticalmente el anillo superior para que el cilindro quede sellado.<\/li>\n<li>La bolsa de aire de silicona se utiliza para sellar entre la base y el anillo superior, y la presi\u00f3n de uso es de 0,3MPa.<\/li>\n<\/ul>\n<p><strong>2.2 Contenedor de material<\/strong><\/p>\n<figure id=\"attachment_8951\" aria-describedby=\"caption-attachment-8951\" style=\"width: 300px\" class=\"wp-caption alignnone\"><img loading=\"lazy\" decoding=\"async\" class=\"wp-image-8941 size-medium\" src=\"https:\/\/www.griffinmachinery.com\/wp-content\/uploads\/2022\/04\/Material-container-view-window-300x270.jpg\" alt=\"Material container view window\" width=\"300\" height=\"270\" srcset=\"https:\/\/www.griffinmachinery.com\/wp-content\/uploads\/2022\/04\/Material-container-view-window-300x270.jpg 300w, https:\/\/www.griffinmachinery.com\/wp-content\/uploads\/2022\/04\/Material-container-view-window-768x691.jpg 768w, https:\/\/www.griffinmachinery.com\/wp-content\/uploads\/2022\/04\/Material-container-view-window-600x540.jpg 600w, https:\/\/www.griffinmachinery.com\/wp-content\/uploads\/2022\/04\/Material-container-view-window.jpg 853w\" sizes=\"auto, (max-width: 300px) 100vw, 300px\" \/><figcaption id=\"caption-attachment-8951\" class=\"wp-caption-text\"><center>Ventana de visualizaci\u00f3n del contenedor de material<\/center><\/figcaption><\/figure>\n<ul>\n<li>Carro para el movimiento del contenedor, ruedas universales ajustables en altura con frenos, y dos ruedas gu\u00eda horizontales aseguran una inserci\u00f3n equilibrada del carro.<\/li>\n<li>Dispositivo mec\u00e1nico manual en el carro para girar el contenedor.<br \/>\nDispositivo de posicionamiento del recipiente para asegurar la concentricidad del recipiente y el cuerpo principal.<\/li>\n<li>Una ventana en la parte delantera y trasera del recipiente para observar f\u00e1cilmente el estado de fluidificaci\u00f3n, con la junta.<\/li>\n<li>El recipiente est\u00e1 equipado con un muestreador de producto herm\u00e9tico.<\/li>\n<li>El recipiente est\u00e1 equipado con una interfaz r\u00e1pida para los sensores de temperatura.<\/li>\n<li>La malla sinterizada del fondo del recipiente evita la \u00abdistribuci\u00f3n secundaria\u00bb del flujo de aire, es m\u00e1s resistente que las mallas ordinarias, tiene una larga vida \u00fatil, evita las fugas de polvo y es f\u00e1cil de sustituir.<\/li>\n<li>El contenedor puede desconectarse r\u00e1pidamente del carro y volcarse para su descarga junto con el elevador.<\/li>\n<\/ul>\n<p><strong>2.3 C\u00e1mara de difusi\u00f3n<\/strong><\/p>\n<ul>\n<li>Suspendida del soporte lateral, puede bascular horizontalmente. Se reservan m\u00faltiples orificios del ca\u00f1\u00f3n alineados verticalmente para el montaje del mandril, a ras de la pared interior del ca\u00f1\u00f3n despu\u00e9s de la instalaci\u00f3n.<\/li>\n<li>Mirillas delantera y trasera con junta. L\u00e1mpara de mira de luz fr\u00eda altamente iluminada.<\/li>\n<li>Ajuste de la entrada con \u00e1ngulo inclinado y v\u00e1lvula de mariposa manual de liberaci\u00f3n r\u00e1pida (o v\u00e1lvula de mariposa de control neum\u00e1tico autom\u00e1tico, vinculada con la v\u00e1lvula de entrada de apertura autom\u00e1tica), utilizando la propia presi\u00f3n negativa del equipo para alimentar el material y evitar la acumulaci\u00f3n de material.<\/li>\n<li>En la parte posterior de la c\u00e1mara de difusi\u00f3n hay un tap\u00f3n de posicionamiento para juzgar si el barril est\u00e1 en su lugar despu\u00e9s de ser atornillado horizontalmente.<\/li>\n<li>Hay un asiento de montaje de la boquilla para la limpieza en l\u00ednea que se puede instalar r\u00e1pidamente.<\/li>\n<\/ul>\n<p><strong>2.4 C\u00e1mara de filtraci\u00f3n<\/strong><\/p>\n<ul>\n<li>Sistema de cabrestante manual: el mecanismo de cambio de marchas hace que la elevaci\u00f3n y el descenso del filtro sean m\u00e1s ligeros; el freno autom\u00e1tico antideslizante mejora la seguridad de la elevaci\u00f3n y el descenso del filtro; la funci\u00f3n de rotaci\u00f3n adaptable evita que el cable de acero se tense en exceso y se rompa.<\/li>\n<li>La polea de gran di\u00e1metro hecha de material no met\u00e1lico mejora las condiciones de tensi\u00f3n entre el cable de acero y la polea y aumenta la vida \u00fatil del cable de acero.<\/li>\n<li>La brida inferior de la c\u00e1mara de filtrado se ajusta con una tira de silicona de sellado para evitar que el material caiga en el tanque de instalaci\u00f3n que no es f\u00e1cil de limpiar.<\/li>\n<li>La ventana de visi\u00f3n de vidrio templado grande con junta se establece en la parte delantera del contenedor. Se utiliza para observar el estado de funcionamiento de la bolsa de filtro del producto.<\/li>\n<li>Dispositivo neum\u00e1tico autom\u00e1tico de limpieza de polvo oscilante para limpiar el polvo del producto en el filtro y hacer que caiga de nuevo al lecho fluidizado.<br \/>\nSistema de limpieza de polvo por oscilaci\u00f3n de doble c\u00e1mara, los filtros dobles limpian alternativamente el polvo y trabajan continuamente para asegurar el estado de fluidificaci\u00f3n y realizar un buen efecto de secado continuo.<\/li>\n<li>Mecanismo anti-rotaci\u00f3n del soporte de la bolsa filtrante, evitando que el soporte de la bolsa gire para causar que la bolsa de captura se tuerza y acorte, y que el cilindro se estire para romper la bolsa de captura, manteniendo la bolsa filtrante plana y recta, lo que es propicio para la limpieza del polvo y la prolongaci\u00f3n de la vida \u00fatil.<\/li>\n<li>La puerta de seguridad de alivio de presi\u00f3n vertical se establece en la sala de filtrado, que se abrir\u00e1 autom\u00e1ticamente cuando aparezca una presi\u00f3n positiva en el interior del equipo (el alivio de presi\u00f3n puede ser dirigido a trav\u00e9s de la tuber\u00eda).<\/li>\n<li>Estructura especial de suspensi\u00f3n del filtro, conectada con el dispositivo oscilante, con funci\u00f3n de gu\u00eda y bloqueo autom\u00e1tico. Esta funci\u00f3n hace que el filtro siga la vibraci\u00f3n del cilindro con una buena respuesta transitoria y mejora el efecto de limpieza del polvo. Adem\u00e1s, el cable de acero no est\u00e1 bajo tensi\u00f3n durante la limpieza de polvo, y el cable de acero no es f\u00e1cil de romper.<\/li>\n<li>La forma de sellado y fijaci\u00f3n de la bolsa de filtro cambia el giro original de la bolsa de filtro fuera de la brida de la c\u00e1mara de filtro y la fijaci\u00f3n en el exterior, por lo que est\u00e1 m\u00e1s en l\u00ednea con los requisitos de GMP para el equipo Es conveniente para los trabajadores para operar.<\/li>\n<li>Detecci\u00f3n de la presi\u00f3n diferencial de la bolsa de filtro, monitoreo en tiempo real de la presi\u00f3n diferencial de la bolsa de filtro para reflejar el efecto de ventilaci\u00f3n del sistema, as\u00ed como si la bolsa est\u00e1 intacta. La presi\u00f3n diferencial se muestra en la pantalla y tiene una funci\u00f3n de alarma de alta presi\u00f3n.<\/li>\n<\/ul>\n<p><strong>2.5 Columna de soporte<\/strong><\/p>\n<ul>\n<li>Orejas de soporte con pivote para montar el barril del equipo.<\/li>\n<li>Ajuste del sensor de temperatura de recogida y colocar el asiento de posicionamiento para regular la operaci\u00f3n de los trabajadores.<\/li>\n<li>Construido en el tubo de cable de aire y la cuerda de acero de bloqueo de elevaci\u00f3n del filtro, la conexi\u00f3n r\u00e1pida del tubo de cable de aire externo, con cabrestante de manivela.<\/li>\n<\/ul>\n<h3>3. Sistema de atomizaci\u00f3n<\/h3>\n<figure id=\"attachment_8936\" aria-describedby=\"caption-attachment-8936\" style=\"width: 300px\" class=\"wp-caption alignnone\"><img loading=\"lazy\" decoding=\"async\" class=\"wp-image-8926 size-medium\" src=\"https:\/\/www.griffinmachinery.com\/wp-content\/uploads\/2022\/04\/single-pressure-type-nozzle-300x252.jpg\" alt=\"single pressure type nozzle\" width=\"300\" height=\"252\" srcset=\"https:\/\/www.griffinmachinery.com\/wp-content\/uploads\/2022\/04\/single-pressure-type-nozzle-300x252.jpg 300w, https:\/\/www.griffinmachinery.com\/wp-content\/uploads\/2022\/04\/single-pressure-type-nozzle-768x646.jpg 768w, https:\/\/www.griffinmachinery.com\/wp-content\/uploads\/2022\/04\/single-pressure-type-nozzle-600x505.jpg 600w, https:\/\/www.griffinmachinery.com\/wp-content\/uploads\/2022\/04\/single-pressure-type-nozzle.jpg 909w\" sizes=\"auto, (max-width: 300px) 100vw, 300px\" \/><figcaption id=\"caption-attachment-8936\" class=\"wp-caption-text\"><center>Boquilla de presi\u00f3n \u00fanica<\/center><\/figcaption><\/figure>\n<ul>\n<li>Boquilla de un solo cabezal de una sola presi\u00f3n, dise\u00f1o de dos atomizaciones, mejorar la relaci\u00f3n de mezcla \u00abgas-l\u00edquido\u00bb, mecanizado CNC de alta precisi\u00f3n, atomizaci\u00f3n de buena calidad.<\/li>\n<li>Todos los medios de comunicaci\u00f3n desde el cuerpo de la pistola coaxial de su respectiva tuber\u00eda en la boquilla, el cuerpo de la pistola con pasadores de posicionamiento y tuercas de seguridad.<\/li>\n<li>Bomba perist\u00e1ltica de alta calidad, accionamiento especial de control de velocidad sin escalones.<\/li>\n<li>Ajuste manual de la presi\u00f3n del aire de atomizaci\u00f3n mediante una v\u00e1lvula reductora de presi\u00f3n.<\/li>\n<\/ul>\n<h3>4. Sistema de escape<\/h3>\n<figure id=\"attachment_8921\" aria-describedby=\"caption-attachment-8921\" style=\"width: 300px\" class=\"wp-caption alignnone\"><img loading=\"lazy\" decoding=\"async\" class=\"wp-image-8911 size-medium\" src=\"https:\/\/www.griffinmachinery.com\/wp-content\/uploads\/2022\/04\/Exhaust-System-300x234.jpg\" alt=\"Exhaust System\" width=\"300\" height=\"234\" srcset=\"https:\/\/www.griffinmachinery.com\/wp-content\/uploads\/2022\/04\/Exhaust-System-300x234.jpg 300w, https:\/\/www.griffinmachinery.com\/wp-content\/uploads\/2022\/04\/Exhaust-System.jpg 359w\" sizes=\"auto, (max-width: 300px) 100vw, 300px\" \/><figcaption id=\"caption-attachment-8921\" class=\"wp-caption-text\"><center>Sistema de escape<\/center><\/figcaption><\/figure>\n<ul>\n<li>El ventilador es un ventilador centr\u00edfugo de alta presi\u00f3n con amortiguador de vibraciones, de tipo antiexplosivo, instalado en una sala no purificada.<\/li>\n<li>La entrada del ventilador est\u00e1 conectada al conducto de escape a trav\u00e9s de una junta flexible para aislar las vibraciones del ventilador.<\/li>\n<li>Ajuste de frecuencia variable de la velocidad del ventilador.<\/li>\n<li>Conducto de escape, conducto de escape de acero al carbono desde el ventilador hasta el puerto de escape de la sala de filtrado, instalado en la sala no purificada.<\/li>\n<li>El silenciador es de acero al carbono para reducir el ruido del ventilador. El gas de escape se introduce en la atm\u00f3sfera por el sistema de tuber\u00edas proporcionado por el usuario despu\u00e9s de pasar por el silenciador.<\/li>\n<\/ul>\n<h3>5. Sistema de control<\/h3>\n<figure id=\"attachment_8906\" aria-describedby=\"caption-attachment-8906\" style=\"width: 300px\" class=\"wp-caption alignnone\"><img loading=\"lazy\" decoding=\"async\" class=\"wp-image-8896 size-medium\" src=\"https:\/\/www.griffinmachinery.com\/wp-content\/uploads\/2022\/04\/Control-System-300x229.jpg\" alt=\"Control System\" width=\"300\" height=\"229\" srcset=\"https:\/\/www.griffinmachinery.com\/wp-content\/uploads\/2022\/04\/Control-System-300x229.jpg 300w, https:\/\/www.griffinmachinery.com\/wp-content\/uploads\/2022\/04\/Control-System.jpg 494w\" sizes=\"auto, (max-width: 300px) 100vw, 300px\" \/><figcaption id=\"caption-attachment-8906\" class=\"wp-caption-text\"><center>Sistema de control<\/center><\/figcaption><\/figure>\n<ul>\n<li>Consiste en un terminal de operaci\u00f3n y una caja el\u00e9ctrica de control principal, de operaci\u00f3n aislada.<\/li>\n<li>El terminal de operaci\u00f3n tiene un medidor de visualizaci\u00f3n, una pantalla t\u00e1ctil (impresora, si se utiliza) y luces indicadoras.<\/li>\n<li>La caja el\u00e9ctrica de control principal contiene el controlador del programa PLC, interruptores de aire, rel\u00e9s, contactores, inversores, todos los aparatos de control necesarios y todo el cableado.<\/li>\n<li>Control del programa PLC, modo de programaci\u00f3n manual y autom\u00e1tico, y toda la protecci\u00f3n de enclavamiento necesaria.<\/li>\n<li>Conjunto con estado de prueba y estado de trabajo, protecci\u00f3n de enclavamiento de dos estados. Almacenamiento de los par\u00e1metros de las recetas, ajuste de seguridad en tres etapas.<\/li>\n<\/ul>\n<hr \/>\n<p>&nbsp;<\/p>\n","protected":false},"excerpt":{"rendered":"<p>Nuestro sistema de secado vertical en lecho fluido en ebullici\u00f3n se compone de un sistema de tratamiento de aire de entrada (para la purificaci\u00f3n del aire, deshumidificaci\u00f3n y calentamiento), sistema de alojamiento (base del equipo, contenedor de material, c\u00e1mara de difusi\u00f3n, c\u00e1mara de filtraci\u00f3n y columna de soporte), sistema de atomizaci\u00f3n (cabezal \u00fanico, boquilla de presi\u00f3n de tipo simple, dise\u00f1o de atomizaci\u00f3n de dos etapas), sistema de escape (ventilador centr\u00edfugo de alta presi\u00f3n a prueba de explosiones y absorci\u00f3n de impactos), y sistema de control.<\/p>\n","protected":false},"featured_media":3592,"template":"","meta":{"site-sidebar-layout":"default","site-content-layout":"default","ast-site-content-layout":"default","site-content-style":"default","site-sidebar-style":"default","ast-global-header-display":"","ast-banner-title-visibility":"","ast-main-header-display":"","ast-hfb-above-header-display":"","ast-hfb-below-header-display":"","ast-hfb-mobile-header-display":"","site-post-title":"","ast-breadcrumbs-content":"","ast-featured-img":"","footer-sml-layout":"","ast-disable-related-posts":"","theme-transparent-header-meta":"default","adv-header-id-meta":"","stick-header-meta":"default","header-above-stick-meta":"","header-main-stick-meta":"","header-below-stick-meta":"","astra-migrate-meta-layouts":"default","ast-page-background-enabled":"default","ast-page-background-meta":{"desktop":{"background-color":"","background-image":"","background-repeat":"repeat","background-position":"center center","background-size":"auto","background-attachment":"scroll","background-type":"","background-media":"","overlay-type":"","overlay-color":"","overlay-opacity":"","overlay-gradient":""},"tablet":{"background-color":"","background-image":"","background-repeat":"repeat","background-position":"center center","background-size":"auto","background-attachment":"scroll","background-type":"","background-media":"","overlay-type":"","overlay-color":"","overlay-opacity":"","overlay-gradient":""},"mobile":{"background-color":"","background-image":"","background-repeat":"repeat","background-position":"center center","background-size":"auto","background-attachment":"scroll","background-type":"","background-media":"","overlay-type":"","overlay-color":"","overlay-opacity":"","overlay-gradient":""}},"ast-content-background-meta":{"desktop":{"background-color":"var(--ast-global-color-5)","background-image":"","background-repeat":"repeat","background-position":"center center","background-size":"auto","background-attachment":"scroll","background-type":"","background-media":"","overlay-type":"","overlay-color":"","overlay-opacity":"","overlay-gradient":""},"tablet":{"background-color":"var(--ast-global-color-5)","background-image":"","background-repeat":"repeat","background-position":"center center","background-size":"auto","background-attachment":"scroll","background-type":"","background-media":"","overlay-type":"","overlay-color":"","overlay-opacity":"","overlay-gradient":""},"mobile":{"background-color":"var(--ast-global-color-5)","background-image":"","background-repeat":"repeat","background-position":"center center","background-size":"auto","background-attachment":"scroll","background-type":"","background-media":"","overlay-type":"","overlay-color":"","overlay-opacity":"","overlay-gradient":""}}},"product_brand":[],"product_cat":[141],"product_tag":[],"class_list":{"0":"post-4585","1":"product","2":"type-product","3":"status-publish","4":"has-post-thumbnail","6":"product_cat-secador-de-lecho-fluidizado","7":"desktop-align-center","8":"tablet-align-center","9":"mobile-align-center","10":"ast-product-gallery-layout-horizontal","11":"ast-product-tabs-layout-horizontal","12":"ast-qv-on-image","14":"first","15":"instock","16":"shipping-taxable","17":"product-type-simple"},"_links":{"self":[{"href":"https:\/\/www.griffinmachinery.com\/es\/wp-json\/wp\/v2\/product\/4585","targetHints":{"allow":["GET"]}}],"collection":[{"href":"https:\/\/www.griffinmachinery.com\/es\/wp-json\/wp\/v2\/product"}],"about":[{"href":"https:\/\/www.griffinmachinery.com\/es\/wp-json\/wp\/v2\/types\/product"}],"wp:featuredmedia":[{"embeddable":true,"href":"https:\/\/www.griffinmachinery.com\/es\/wp-json\/wp\/v2\/media\/3592"}],"wp:attachment":[{"href":"https:\/\/www.griffinmachinery.com\/es\/wp-json\/wp\/v2\/media?parent=4585"}],"wp:term":[{"taxonomy":"product_brand","embeddable":true,"href":"https:\/\/www.griffinmachinery.com\/es\/wp-json\/wp\/v2\/product_brand?post=4585"},{"taxonomy":"product_cat","embeddable":true,"href":"https:\/\/www.griffinmachinery.com\/es\/wp-json\/wp\/v2\/product_cat?post=4585"},{"taxonomy":"product_tag","embeddable":true,"href":"https:\/\/www.griffinmachinery.com\/es\/wp-json\/wp\/v2\/product_tag?post=4585"}],"curies":[{"name":"wp","href":"https:\/\/api.w.org\/{rel}","templated":true}]}}