{"id":4581,"date":"2022-04-04T16:05:33","date_gmt":"2022-04-04T16:05:33","guid":{"rendered":"https:\/\/www.griffinmachinery.com\/secadora-de-cinta-al-vacio\/"},"modified":"2023-03-10T08:25:37","modified_gmt":"2023-03-10T08:25:37","slug":"secadora-de-cinta-al-vacio","status":"publish","type":"product","link":"https:\/\/www.griffinmachinery.com\/es\/secadora-de-cinta-al-vacio\/","title":{"rendered":"Secador de Banda al Vac\u00edo"},"content":{"rendered":"<h3>Principio de funcionamiento<\/h3>\n<p>Es un equipo de secado al vac\u00edo con alimentaci\u00f3n continua y descarga continua. La materia prima a secar es transportada al secador por la bomba de alimentaci\u00f3n y distribuida uniformemente en la cinta transportadora por el distribuidor, y la temperatura del punto de ebullici\u00f3n del material se reduce por el alto vac\u00edo, y la humedad de la materia prima l\u00edquida se sublima directamente al vapor, y la cinta transportadora est\u00e1 en la placa de calentamiento.<\/p>\n<p>Funciona a una velocidad constante, y la fuente de calor en la placa de calentamiento puede ser calentada por vapor, agua caliente o calefacci\u00f3n el\u00e9ctrica. Mediante el funcionamiento de la cinta transportadora, desde la evaporaci\u00f3n y el secado en el extremo delantero hasta la descarga de enfriamiento en el extremo trasero, el rango de temperatura de alto a bajo puede ajustarse seg\u00fan las caracter\u00edsticas del material., el extremo de descarga est\u00e1 equipado con un dispositivo espec\u00edfico de pulverizaci\u00f3n al vac\u00edo para conseguir productos acabados de diferentes tama\u00f1os de part\u00edcula, y el polvo seco puede envasarse autom\u00e1ticamente o procesarse posteriormente.<\/p>\n<h3>Aplicaciones<\/h3>\n<p>Es adecuado para el secado de maltosa, leche de malta, sacarosa, az\u00facar de remolacha, dextrina, avena, licor de ma\u00edz, harina de arroz, miel, caf\u00e9 y otros az\u00facares y diversas sustancias con alto contenido de az\u00facar. El extracto de hierbas chinas de alta concentraci\u00f3n y viscosidad resuelve un problema importante.<\/p>\n<p>Esta m\u00e1quina no s\u00f3lo es adecuada para alimentos azucarados y extractos de medicina tradicional china, sino tambi\u00e9n para el secado a baja temperatura de diversas materias primas l\u00edquidas pastosas como medicinas chinas y occidentales, medicinas de polisac\u00e1ridos, bioingenier\u00eda, materias primas qu\u00edmicas, aditivos alimentarios, etc., f\u00e1cil de aglomerar, termopl\u00e1stico, secado de productos sensibles al calor; bienvenidos los nuevos y viejos clientes a traer materiales a la empresa para probar la m\u00e1quina.<\/p>\n","protected":false},"excerpt":{"rendered":"<ul>\n<li>Un conjunto completo de automatizaci\u00f3n de procesos, pipeline y continuo;<\/li>\n<li>Realiza la alimentaci\u00f3n y descarga continua en condiciones de vac\u00edo;<\/li>\n<li>Secado completo, trituraci\u00f3n y granulaci\u00f3n al vac\u00edo;<\/li>\n<li>El coste de funcionamiento es 1\/3 del horno de vac\u00edo, del secado por aspersi\u00f3n y 1\/6 del liofilizado;<\/li>\n<li>No hay m\u00e1s de dos operarios, lo que reduce enormemente los costes de mano de obra;<\/li>\n<li>La temperatura de secado puede ajustarse seg\u00fan los requisitos del proceso del material (25\u2103\uff5e150\u2103);<\/li>\n<li>Los materiales sensibles al calor no mutan y no contaminan las bacterias;<\/li>\n<li>30 ~ 60 minutos para empezar a producir polvo seco continuamente, la tasa de salida de polvo seco es del 99%;<\/li>\n<li>Puede resolver el secado de varios materiales l\u00edquidos y lodos con alta viscosidad y dif\u00edcil secado;<\/li>\n<li>Limpieza autom\u00e1tica en l\u00ednea, de acuerdo con los requisitos de las GMP.<\/li>\n<\/ul>\n","protected":false},"featured_media":3722,"template":"","meta":{"site-sidebar-layout":"default","site-content-layout":"default","ast-site-content-layout":"default","site-content-style":"default","site-sidebar-style":"default","ast-global-header-display":"","ast-banner-title-visibility":"","ast-main-header-display":"","ast-hfb-above-header-display":"","ast-hfb-below-header-display":"","ast-hfb-mobile-header-display":"","site-post-title":"","ast-breadcrumbs-content":"","ast-featured-img":"","footer-sml-layout":"","ast-disable-related-posts":"","theme-transparent-header-meta":"default","adv-header-id-meta":"","stick-header-meta":"default","header-above-stick-meta":"","header-main-stick-meta":"","header-below-stick-meta":"","astra-migrate-meta-layouts":"default","ast-page-background-enabled":"default","ast-page-background-meta":{"desktop":{"background-color":"","background-image":"","background-repeat":"repeat","background-position":"center center","background-size":"auto","background-attachment":"scroll","background-type":"","background-media":"","overlay-type":"","overlay-color":"","overlay-opacity":"","overlay-gradient":""},"tablet":{"background-color":"","background-image":"","background-repeat":"repeat","background-position":"center center","background-size":"auto","background-attachment":"scroll","background-type":"","background-media":"","overlay-type":"","overlay-color":"","overlay-opacity":"","overlay-gradient":""},"mobile":{"background-color":"","background-image":"","background-repeat":"repeat","background-position":"center center","background-size":"auto","background-attachment":"scroll","background-type":"","background-media":"","overlay-type":"","overlay-color":"","overlay-opacity":"","overlay-gradient":""}},"ast-content-background-meta":{"desktop":{"background-color":"var(--ast-global-color-5)","background-image":"","background-repeat":"repeat","background-position":"center center","background-size":"auto","background-attachment":"scroll","background-type":"","background-media":"","overlay-type":"","overlay-color":"","overlay-opacity":"","overlay-gradient":""},"tablet":{"background-color":"var(--ast-global-color-5)","background-image":"","background-repeat":"repeat","background-position":"center center","background-size":"auto","background-attachment":"scroll","background-type":"","background-media":"","overlay-type":"","overlay-color":"","overlay-opacity":"","overlay-gradient":""},"mobile":{"background-color":"var(--ast-global-color-5)","background-image":"","background-repeat":"repeat","background-position":"center center","background-size":"auto","background-attachment":"scroll","background-type":"","background-media":"","overlay-type":"","overlay-color":"","overlay-opacity":"","overlay-gradient":""}}},"product_brand":[],"product_cat":[140],"product_tag":[],"class_list":{"0":"post-4581","1":"product","2":"type-product","3":"status-publish","4":"has-post-thumbnail","6":"product_cat-secadores-al-vacio","7":"desktop-align-center","8":"tablet-align-center","9":"mobile-align-center","10":"ast-product-gallery-layout-horizontal","11":"ast-product-tabs-layout-horizontal","12":"ast-qv-on-image","14":"first","15":"instock","16":"shipping-taxable","17":"product-type-simple"},"_links":{"self":[{"href":"https:\/\/www.griffinmachinery.com\/es\/wp-json\/wp\/v2\/product\/4581","targetHints":{"allow":["GET"]}}],"collection":[{"href":"https:\/\/www.griffinmachinery.com\/es\/wp-json\/wp\/v2\/product"}],"about":[{"href":"https:\/\/www.griffinmachinery.com\/es\/wp-json\/wp\/v2\/types\/product"}],"wp:featuredmedia":[{"embeddable":true,"href":"https:\/\/www.griffinmachinery.com\/es\/wp-json\/wp\/v2\/media\/3722"}],"wp:attachment":[{"href":"https:\/\/www.griffinmachinery.com\/es\/wp-json\/wp\/v2\/media?parent=4581"}],"wp:term":[{"taxonomy":"product_brand","embeddable":true,"href":"https:\/\/www.griffinmachinery.com\/es\/wp-json\/wp\/v2\/product_brand?post=4581"},{"taxonomy":"product_cat","embeddable":true,"href":"https:\/\/www.griffinmachinery.com\/es\/wp-json\/wp\/v2\/product_cat?post=4581"},{"taxonomy":"product_tag","embeddable":true,"href":"https:\/\/www.griffinmachinery.com\/es\/wp-json\/wp\/v2\/product_tag?post=4581"}],"curies":[{"name":"wp","href":"https:\/\/api.w.org\/{rel}","templated":true}]}}