{"id":7952,"date":"2022-07-03T07:34:31","date_gmt":"2022-07-03T07:34:31","guid":{"rendered":"https:\/\/www.griffinmachinery.com\/pigment-industry-drying\/"},"modified":"2023-04-10T06:40:16","modified_gmt":"2023-04-10T06:40:16","slug":"secado-de-la-industria-de-pigmentos","status":"publish","type":"page","link":"https:\/\/www.griffinmachinery.com\/es\/secado-de-la-industria-de-pigmentos\/","title":{"rendered":"Secado de la industria de pigmentos"},"content":{"rendered":"\n<h3>\n\t\tM\u00e1quina secadora aplicada en la industria de pigmentos\n\t<\/h3>\n\t<p>La alta eficiencia, el bajo consumo y la baja contaminaci\u00f3n se han convertido en los principales indicadores de un conjunto de secadoras de papel de alta calidad.<\/p>\n<p>Estos indicadores tienen un significado pr\u00e1ctico importante para la mayor\u00eda de los fabricantes de pigmentos para reducir efectivamente el consumo de energ\u00eda, reducir los costos de producci\u00f3n y mejorar la competitividad del mercado.<\/p>\n\t\t\t<a href=\"#\" role=\"button\">\n\t\t\t\t\t\t\tP\u00f3ngase en contacto con nosotros\n\t\t\t<\/a>\n\t\t\n<div class=\"wpcf7 no-js\" id=\"wpcf7-f4589-o1\" lang=\"es-ES\" dir=\"ltr\" data-wpcf7-id=\"4589\">\n<div class=\"screen-reader-response\"><p role=\"status\" aria-live=\"polite\" aria-atomic=\"true\"><\/p> <ul><\/ul><\/div>\n<form action=\"\/es\/wp-json\/wp\/v2\/pages\/7952#wpcf7-f4589-o1\" method=\"post\" class=\"wpcf7-form init\" aria-label=\"Formulario de contacto\" novalidate=\"novalidate\" data-status=\"init\">\n<fieldset class=\"hidden-fields-container\"><input type=\"hidden\" name=\"_wpcf7\" value=\"4589\" \/><input type=\"hidden\" name=\"_wpcf7_version\" value=\"6.1.5\" \/><input type=\"hidden\" name=\"_wpcf7_locale\" value=\"es_ES\" \/><input type=\"hidden\" name=\"_wpcf7_unit_tag\" value=\"wpcf7-f4589-o1\" \/><input type=\"hidden\" name=\"_wpcf7_container_post\" value=\"0\" \/><input type=\"hidden\" name=\"_wpcf7_posted_data_hash\" value=\"\" \/><input type=\"hidden\" name=\"_wpcf7_recaptcha_response\" value=\"\" \/>\n<\/fieldset>\n<p><label> Su nombre<br \/>\n<span class=\"wpcf7-form-control-wrap\" data-name=\"your-name\"><input size=\"40\" maxlength=\"400\" class=\"wpcf7-form-control wpcf7-text wpcf7-validates-as-required\" aria-required=\"true\" aria-invalid=\"false\" value=\"\" type=\"text\" name=\"your-name\" \/><\/span> <\/label>\n<\/p>\n<p><label> Tu correo electr\u00f3nico<br \/>\n<span class=\"wpcf7-form-control-wrap\" data-name=\"your-email\"><input size=\"40\" maxlength=\"400\" class=\"wpcf7-form-control wpcf7-email wpcf7-validates-as-required wpcf7-text wpcf7-validates-as-email\" aria-required=\"true\" aria-invalid=\"false\" value=\"\" type=\"email\" name=\"your-email\" \/><\/span> <\/label>\n<\/p>\n<p><label> Numero de tel\u00e9fono (opcional)<br \/>\n<span class=\"wpcf7-form-control-wrap\" data-name=\"tel-157\"><input size=\"40\" maxlength=\"400\" class=\"wpcf7-form-control wpcf7-tel wpcf7-text wpcf7-validates-as-tel\" aria-invalid=\"false\" value=\"\" type=\"tel\" name=\"tel-157\" \/><\/span> <\/label>\n<\/p>\n<p><label> Su mensaje<br \/>\n<span class=\"wpcf7-form-control-wrap\" data-name=\"your-message\"><textarea cols=\"40\" rows=\"10\" maxlength=\"2000\" class=\"wpcf7-form-control wpcf7-textarea wpcf7-validates-as-required\" aria-required=\"true\" aria-invalid=\"false\" name=\"your-message\"><\/textarea><\/span> <\/label>\n<\/p>\n<p><span class=\"wpcf7-form-control-wrap\" data-name=\"quiz-747\"><label><span class=\"wpcf7-quiz-label\">2+6=?<\/span> <input size=\"40\" class=\"wpcf7-form-control wpcf7-quiz\" autocomplete=\"off\" aria-required=\"true\" aria-invalid=\"false\" type=\"text\" name=\"quiz-747\" \/><\/label><input type=\"hidden\" name=\"_wpcf7_quiz_answer_quiz-747\" value=\"b92383fac706b700c4f8d69faa457125\" \/><\/span>\n<\/p>\n<p><input class=\"wpcf7-form-control wpcf7-submit has-spinner\" type=\"submit\" value=\"Enviar\" \/>\n<\/p><div class=\"wpcf7-response-output\" aria-hidden=\"true\"><\/div>\n<\/form>\n<\/div>\n\t\n\t<h2>\n\t\t\t\t\tSecador de pigmento de \u00f3xido de hierro\n\t\t\t\t<\/h2>\n\t\t\t<p>El \u00f3xido de hierro es el segundo pigmento inorg\u00e1nico m\u00e1s grande despu\u00e9s del di\u00f3xido de titanio y el pigmento inorg\u00e1nico de color m\u00e1s grande.<\/p>\n\t\t\t\t<img loading=\"lazy\" decoding=\"async\" src=\"https:\/\/www.griffinmachinery.com\/wp-content\/uploads\/2022\/04\/Mesh-Belt-Dryer-1-300x300.jpg\" alt=\"Secador de cinta de malla\" itemprop=\"image\" height=\"300\" width=\"300\" height=\"300\" width=\"300\" title=\"Secador de cinta de malla\" onerror=\"this.style.display='none'\"  \/>\n\t\t\t\t<img loading=\"lazy\" decoding=\"async\" src=\"https:\/\/www.griffinmachinery.com\/wp-content\/uploads\/2022\/04\/Mesh-Belt-Dryer-2-300x300.jpg\" alt=\"Secador de cinta de malla\" itemprop=\"image\" height=\"300\" width=\"300\" height=\"300\" width=\"300\" title=\"Secador de cinta de malla\" onerror=\"this.style.display='none'\"  \/>\n\t\t\t\t<img loading=\"lazy\" decoding=\"async\" src=\"https:\/\/www.griffinmachinery.com\/wp-content\/uploads\/2022\/04\/Mesh-Belt-Dryer-3-300x300.jpg\" alt=\"Secador de cinta de malla\" itemprop=\"image\" height=\"300\" width=\"300\" height=\"300\" width=\"300\" title=\"Secador de cinta de malla\" onerror=\"this.style.display='none'\"  \/>\n\t\t\t\t<img decoding=\"async\" src=\"https:\/\/www.griffinmachinery.com\/wp-content\/plugins\/beaver-builder-lite-version\/img\/pixel.png\" alt=\"\" itemprop=\"image\" onerror=\"this.style.display='none'\"  \/>\n\t<p>Los <a href=\"https:\/\/www.griffinmachinery.com\/es\/secador-de-cinta-de-malla\/\"><strong>secadores de banda<\/strong><\/a> tambi\u00e9n se han utilizado en la industria de los pigmentos durante varios a\u00f1os. De acuerdo con las caracter\u00edsticas de los secadores de banda y el secado de pigmentos, Griffin Machinery tiene secadores de banda especialmente dise\u00f1ados para el secado de pigmentos de \u00f3xido de hierro.<\/p>\n<p>Al aumentar el volumen de aire circulante, agregar un suministro de aire y una placa de aire uniforme en el equipo, y dise\u00f1ar diferentes m\u00e9todos de circulaci\u00f3n y cantidades de eliminaci\u00f3n de humedad en diferentes etapas de secado, la eficiencia de producci\u00f3n del secador de banda especial para pigmentos es cada vez mayor, y se mejora el grado de automatizaci\u00f3n. El consumo es cada vez m\u00e1s bajo, la calidad del producto es estable y b\u00e1sicamente no hay polvo durante el secado.<\/p>\n<h2>Medidas de mejora<\/h2>\n<h3>1. Utilice m\u00e1quinas formadoras adecuadas<\/h3>\n<p>El moldeado uniforme del material acortar\u00e1 el tiempo de secado, mejorar\u00e1 la productividad y reducir\u00e1 el consumo. El moldeado desigual aumentar\u00e1 artificialmente el tiempo de secado y, al mismo tiempo, causar\u00e1 una distribuci\u00f3n desigual en toda la superficie de la malla, provocar\u00e1 un cortocircuito en el aire caliente, aumentar\u00e1 la temperatura de escape de la humedad y desperdiciar\u00e1 energ\u00eda. El arrastre de polvo es grave, lo que aumenta la carga del dispositivo de tratamiento de gases de escape.<\/p>\n<h3>2. Disposici\u00f3n razonable del volumen de aire en el horno de secado<\/h3>\n<p>El aire caliente que circula en la caja de secado se distribuye de manera uniforme en toda la superficie de la malla tanto como sea posible, por lo que el dise\u00f1o de la salida de aire y la posici\u00f3n del aire de retorno deben ser razonables, y el fen\u00f3meno de cortocircuito del aire debe evitarse en la medida de lo posible. posible, porque el coeficiente de transferencia de calor del sistema est\u00e1 relacionado con la velocidad del viento que atraviesa el material durante el proceso de secado. La velocidad del viento puede aumentar el coeficiente de transferencia de calor del sistema y aumentar el coeficiente de transferencia de calor del sistema puede mejorar la capacidad de secado en la etapa de secado a velocidad constante. Se deben agregar deflectores de aire en ambos lados del cintur\u00f3n de malla. Debido a la mayor resistencia despu\u00e9s de alimentar la correa de malla, es probable que el aire caliente entre en cortocircuito desde ambos lados de la correa de malla. La eficiencia del secado disminuir\u00e1.<\/p>\n<h3>3. Control razonable de la eliminaci\u00f3n de humedad<\/h3>\n<p>La cantidad de aire deshumidificador afectar\u00e1 el consumo de energ\u00eda y la eficiencia de producci\u00f3n del secado. La cantidad de aire deshumidificador mejorar\u00e1 la productividad, pero aumentar\u00e1 el consumo de energ\u00eda. Por lo tanto, tambi\u00e9n es importante elegir la cantidad adecuada de aire deshumidificador.<\/p>\n<h2>Principio de funcionamiento del secador de pigmentos inorg\u00e1nicos de \u00f3xido de hierro<\/h2>\n<p>El material h\u00famedo de \u00f3xido de hierro se distribuye uniformemente en la correa de malla por el alimentador, y la correa de malla est\u00e1 hecha de malla de alambre de acero inoxidable de malla 12-60. Impulsado por la transmisi\u00f3n para moverse en la secadora. La secadora consta de varias unidades, cada unidad hace circular el aire caliente de forma independiente, parte de los gases de escape son descargados por un ventilador especial de deshumidificaci\u00f3n y los gases de escape son controlados por una v\u00e1lvula reguladora. Secar y eliminar la humedad. La correa de malla se mueve lentamente y la velocidad de funcionamiento se puede ajustar libremente de acuerdo con la temperatura del material, y el producto terminado seco cae continuamente en el receptor. Las unidades de circulaci\u00f3n superior e inferior se pueden equipar de manera flexible seg\u00fan las necesidades del usuario, y la cantidad de unidades se puede seleccionar seg\u00fan las necesidades.<\/p>\n<h2>Estructura del secador de pigmento de \u00f3xido de hierro<\/h2>\n<p>El sistema secador de banda especial de \u00f3xido de hierro incluye: sistema de moldeo de pigmentos, sistema de tela, sistema de transporte, unidad de calefacci\u00f3n, sistema de tratamiento de gases de escape, sistema de control el\u00e9ctrico, etc.<\/p>\n<h3>Sistema de moldeo de pigmentos<\/h3>\n<p>Debido a las diferencias de proceso de varias empresas, el contenido de humedad de la torta del filtro de pigmento no es el mismo, y el uso de diferentes sistemas de moldeo de acuerdo con el contenido de humedad diferente ayudar\u00e1 al secador de banda a ejercer su capacidad. Un sistema de moldeo adecuado tiene un impacto directo en la uniformidad del secado, la capacidad de producci\u00f3n del equipo, el consumo de energ\u00eda y los dispositivos de tratamiento de gases de escape.<\/p>\n<h3>Sistema de tela<\/h3>\n<p>Generalmente, el tipo rotativo, el tipo oscilante y el tipo de extrusi\u00f3n de dos rodillos no necesitan un sistema de tela. Su ancho de descarga es generalmente el mismo que el ancho del secador de banda. El sistema de moldeo por extrusi\u00f3n necesita un sistema de tela, que es un material compuesto. La banda m\u00f3vil distribuye el material extruido uniformemente sobre la banda de malla a trav\u00e9s de un movimiento bidimensional.<\/p>\n<h3>Sistema de transporte<\/h3>\n<p>El sistema de transporte utiliza la correa de malla para ser arrastrado por las cadenas en ambos lados y gira en la caja de secado. El sistema de transporte debe considerar la capacidad de carga de la correa de malla. Debido al material h\u00famedo pesado, la varilla de soporte inferior de la correa de malla debe ser densa y, por lo general, una est\u00e1 conectada a una varilla de soporte. . Debe haber deflectores en ambos lados de la correa de malla, por un lado para evitar fugas de material, por otro lado para evitar el cortocircuito de aire caliente, que afecta la capacidad de secado.<\/p>\n<h3>Unidad de secado<\/h3>\n<p>El secador de banda generalmente se divide en siete u ocho unidades de circulaci\u00f3n independientes. Cada unidad se calienta por separado. Se utilizan diferentes temperaturas de calentamiento de acuerdo con las diferentes etapas de secado. La caja est\u00e1 aislada, equipada con calentadores, ventiladores de circulaci\u00f3n y puertas de inspecci\u00f3n.<\/p>\n<h3>Sistema de tratamiento de gases de escape<\/h3>\n<p>El sistema de tratamiento de gases de escape y el sistema de eliminaci\u00f3n de humedad del equipo est\u00e1n conectados entre s\u00ed, y se utiliza principalmente el filtro de bolsa de pulso. El sistema de eliminaci\u00f3n de humedad del secador de banda se divide en dos etapas. En la primera etapa, debido al alto contenido de humedad del material, casi no se escapa polvo cuando el estado de moldeo es bueno, por lo que el gas de escape de la primera etapa se descarga directamente y la segunda etapa se pulsa. Filtro de bolsa.<\/p>\n<h3>Sistema de control el\u00e9ctrico<\/h3>\n<p>El funcionamiento de la secadora de banda es relativamente simple, e incluye principalmente el control de la temperatura, el funcionamiento y la regulaci\u00f3n de la velocidad de la banda transportadora de malla, el funcionamiento del ventilador, el enclavamiento de cada sistema, etc. Cada unidad puede configurar de forma independiente y controlar autom\u00e1ticamente el temperatura a trav\u00e9s de la v\u00e1lvula de control proporcional de vapor.<\/p>\n\t<h2>\n\t\t\t\t\tP\u00f3ngase en contacto con nosotros\n\t\t\t\t<\/h2>\n\t\t\t<p>Griffin Machinery, un socio experimentado y confiable.<\/p>\n<p>Si tambi\u00e9n est\u00e1 buscando una forma suave pero efectiva de secar su producto, cont\u00e1ctenos para recibir asesoramiento. Nuestro equipo est\u00e1 listo para ayudarlo a encontrar la soluci\u00f3n adecuada para su proyecto.<\/p>\n\t<style type=\"text\/css\"><\/style><div class=\"ufaqsw_container_default ufaqsw_container_default_4590 ufaqsw_element_group_src\"> \n\n\t\t\t<h2 class=\"ufaqsw_faq_title ufaqsw_faq_title_4590\">Preguntas Frecuentes<\/h2>\n\t\n\t\n\t\t<div class=\"ufaqsw_toggle_default ufaqsw_toggle_default_4590 ufaqsw_element_src\">\n\t\t\t<div class=\"ufaqsw-toggle-title-area-default ufaqsw-toggle-title-area-default_4590\"\n\t\t\trole=\"button\"\n\t\t\ttabindex=\"0\"\n\t\t\taria-expanded=\"false\"\n\t\t\taria-controls=\"ufaqsw_faq_answer_1_4590\"\n\t\t\taria-label=\"\u00bfD\u00f3nde est\u00e1 su f\u00e1brica?\"\n\t\t\t>\n\t\t\t\t<div class=\"ufaqsw-title-name-default ufaqsw-title-name-default_4590\">\n\t\t\t\t\t<span class=\"ufaqsw-default-icon\">\n\t\t\t\t\t\t<i class=\"fa fa fa-plus\" aria-hidden=\"true\"><\/i>\n\t\t\t\t\t\t<i class=\"fa fa fa-minus\" id=\"ufaqsw_other_style\" aria-hidden=\"true\"><\/i>\n\t\t\t\t\t<\/span>\t\t\t\t\n\t\t\t\t\t<span class=\"ufaqsw-default-title ufaqsw_faq_question_src\">\u00bfD\u00f3nde est\u00e1 su f\u00e1brica?<\/span>\n\t\t\t\t<\/div>\n\t\t\t<\/div>\n\t\t\t<div class=\"ufaqsw-toggle-inner-default ufaqsw-toggle-inner-default_4590 ufaqsw_faq_answer_src\"\n\t\t\tid=\"ufaqsw_faq_answer_1_4590\"\n\t\t\taria-hidden=\"true\"\n\t\t\taria-labelledby=\"ufaqsw_faq_answer_1_4590\"\n\t\t\tstyle=\"display:none\"\t\t\t>\n\t\t\tEstamos situados en la ciudad de Changzhou, cerca de Shanghai.\t\t\t<\/div>\n\t\t<\/div><!-- END OF TOGGLE -->\n\n\t\t\n\t\t<div class=\"ufaqsw_toggle_default ufaqsw_toggle_default_4590 ufaqsw_element_src\">\n\t\t\t<div class=\"ufaqsw-toggle-title-area-default ufaqsw-toggle-title-area-default_4590\"\n\t\t\trole=\"button\"\n\t\t\ttabindex=\"0\"\n\t\t\taria-expanded=\"false\"\n\t\t\taria-controls=\"ufaqsw_faq_answer_2_4590\"\n\t\t\taria-label=\"\u00bfCu\u00e1l es la calidad de su m\u00e1quina?\"\n\t\t\t>\n\t\t\t\t<div class=\"ufaqsw-title-name-default ufaqsw-title-name-default_4590\">\n\t\t\t\t\t<span class=\"ufaqsw-default-icon\">\n\t\t\t\t\t\t<i class=\"fa fa fa-plus\" aria-hidden=\"true\"><\/i>\n\t\t\t\t\t\t<i class=\"fa fa fa-minus\" id=\"ufaqsw_other_style\" aria-hidden=\"true\"><\/i>\n\t\t\t\t\t<\/span>\t\t\t\t\n\t\t\t\t\t<span class=\"ufaqsw-default-title ufaqsw_faq_question_src\">\u00bfCu\u00e1l es la calidad de su m\u00e1quina?<\/span>\n\t\t\t\t<\/div>\n\t\t\t<\/div>\n\t\t\t<div class=\"ufaqsw-toggle-inner-default ufaqsw-toggle-inner-default_4590 ufaqsw_faq_answer_src\"\n\t\t\tid=\"ufaqsw_faq_answer_2_4590\"\n\t\t\taria-hidden=\"true\"\n\t\t\taria-labelledby=\"ufaqsw_faq_answer_2_4590\"\n\t\t\tstyle=\"display:none\"\t\t\t>\n\t\t\t<p>Nuestra empresa sigue estrictos controles de calidad y diversos procedimientos sistem\u00e1ticos. Cuidamos al m\u00e1ximo la calidad en cada etapa del proceso de fabricaci\u00f3n. Puede estar seguro de la calidad absolutamente.<\/p>\n\t\t\t<\/div>\n\t\t<\/div><!-- END OF TOGGLE -->\n\n\t\t\n\t\t<div class=\"ufaqsw_toggle_default ufaqsw_toggle_default_4590 ufaqsw_element_src\">\n\t\t\t<div class=\"ufaqsw-toggle-title-area-default ufaqsw-toggle-title-area-default_4590\"\n\t\t\trole=\"button\"\n\t\t\ttabindex=\"0\"\n\t\t\taria-expanded=\"false\"\n\t\t\taria-controls=\"ufaqsw_faq_answer_3_4590\"\n\t\t\taria-label=\"\u00bfCu\u00e1l es el periodo de garant\u00eda?\"\n\t\t\t>\n\t\t\t\t<div class=\"ufaqsw-title-name-default ufaqsw-title-name-default_4590\">\n\t\t\t\t\t<span class=\"ufaqsw-default-icon\">\n\t\t\t\t\t\t<i class=\"fa fa fa-plus\" aria-hidden=\"true\"><\/i>\n\t\t\t\t\t\t<i class=\"fa fa fa-minus\" id=\"ufaqsw_other_style\" aria-hidden=\"true\"><\/i>\n\t\t\t\t\t<\/span>\t\t\t\t\n\t\t\t\t\t<span class=\"ufaqsw-default-title ufaqsw_faq_question_src\">\u00bfCu\u00e1l es el periodo de garant\u00eda?<\/span>\n\t\t\t\t<\/div>\n\t\t\t<\/div>\n\t\t\t<div class=\"ufaqsw-toggle-inner-default ufaqsw-toggle-inner-default_4590 ufaqsw_faq_answer_src\"\n\t\t\tid=\"ufaqsw_faq_answer_3_4590\"\n\t\t\taria-hidden=\"true\"\n\t\t\taria-labelledby=\"ufaqsw_faq_answer_3_4590\"\n\t\t\tstyle=\"display:none\"\t\t\t>\n\t\t\t<p>Respuesta oportuna en 24 horas al correo y a las llamadas telef\u00f3nicas. Proporcionaremos una garant\u00eda de un a\u00f1o para asegurarnos de que su m\u00e1quina funcione de forma consistente.<\/p>\n\t\t\t<\/div>\n\t\t<\/div><!-- END OF TOGGLE -->\n\n\t\t\n\t\t<div class=\"ufaqsw_toggle_default ufaqsw_toggle_default_4590 ufaqsw_element_src\">\n\t\t\t<div class=\"ufaqsw-toggle-title-area-default ufaqsw-toggle-title-area-default_4590\"\n\t\t\trole=\"button\"\n\t\t\ttabindex=\"0\"\n\t\t\taria-expanded=\"false\"\n\t\t\taria-controls=\"ufaqsw_faq_answer_4_4590\"\n\t\t\taria-label=\"\u00bfCu\u00e1l es el plazo de pago?\"\n\t\t\t>\n\t\t\t\t<div class=\"ufaqsw-title-name-default ufaqsw-title-name-default_4590\">\n\t\t\t\t\t<span class=\"ufaqsw-default-icon\">\n\t\t\t\t\t\t<i class=\"fa fa fa-plus\" aria-hidden=\"true\"><\/i>\n\t\t\t\t\t\t<i class=\"fa fa fa-minus\" id=\"ufaqsw_other_style\" aria-hidden=\"true\"><\/i>\n\t\t\t\t\t<\/span>\t\t\t\t\n\t\t\t\t\t<span class=\"ufaqsw-default-title ufaqsw_faq_question_src\">\u00bfCu\u00e1l es el plazo de pago?<\/span>\n\t\t\t\t<\/div>\n\t\t\t<\/div>\n\t\t\t<div class=\"ufaqsw-toggle-inner-default ufaqsw-toggle-inner-default_4590 ufaqsw_faq_answer_src\"\n\t\t\tid=\"ufaqsw_faq_answer_4_4590\"\n\t\t\taria-hidden=\"true\"\n\t\t\taria-labelledby=\"ufaqsw_faq_answer_4_4590\"\n\t\t\tstyle=\"display:none\"\t\t\t>\n\t\t\t<p>Nuestro plazo de pago habitual es 30% TT por adelantado, 70% TT antes del env\u00edo.<\/p>\n\t\t\t<\/div>\n\t\t<\/div><!-- END OF TOGGLE -->\n\n\t\t\n\t\t<div class=\"ufaqsw_toggle_default ufaqsw_toggle_default_4590 ufaqsw_element_src\">\n\t\t\t<div class=\"ufaqsw-toggle-title-area-default ufaqsw-toggle-title-area-default_4590\"\n\t\t\trole=\"button\"\n\t\t\ttabindex=\"0\"\n\t\t\taria-expanded=\"false\"\n\t\t\taria-controls=\"ufaqsw_faq_answer_5_4590\"\n\t\t\taria-label=\"\u00bfIncluye el precio el flete?\"\n\t\t\t>\n\t\t\t\t<div class=\"ufaqsw-title-name-default ufaqsw-title-name-default_4590\">\n\t\t\t\t\t<span class=\"ufaqsw-default-icon\">\n\t\t\t\t\t\t<i class=\"fa fa fa-plus\" aria-hidden=\"true\"><\/i>\n\t\t\t\t\t\t<i class=\"fa fa fa-minus\" id=\"ufaqsw_other_style\" aria-hidden=\"true\"><\/i>\n\t\t\t\t\t<\/span>\t\t\t\t\n\t\t\t\t\t<span class=\"ufaqsw-default-title ufaqsw_faq_question_src\">\u00bfIncluye el precio el flete?<\/span>\n\t\t\t\t<\/div>\n\t\t\t<\/div>\n\t\t\t<div class=\"ufaqsw-toggle-inner-default ufaqsw-toggle-inner-default_4590 ufaqsw_faq_answer_src\"\n\t\t\tid=\"ufaqsw_faq_answer_5_4590\"\n\t\t\taria-hidden=\"true\"\n\t\t\taria-labelledby=\"ufaqsw_faq_answer_5_4590\"\n\t\t\tstyle=\"display:none\"\t\t\t>\n\t\t\t<p>Nuestro precio habitual se basa en FOB Shanghai. Podemos proporcionar una cotizaci\u00f3n CIF a petici\u00f3n.<\/p>\n\t\t\t<\/div>\n\t\t<\/div><!-- END OF TOGGLE -->\n\n\t\t\n<\/div>\n\n\t<iframe src=\"https:\/\/www.google.com\/maps\/embed?pb=!1m18!1m12!1m3!1d3390.2927421824006!2d119.88542131515791!3d31.817019981272452!2m3!1f0!2f0!3f0!3m2!1i1024!2i768!4f13.1!3m3!1m2!1s0x35b4149e3c70d0b3%3A0x8fff5da241c321f8!2sYun%20He%20Lu%2C%20China%2C%20213023!5e0!3m2!1sen!2sus!4v1649332227824!5m2!1sen!2sus\" width=\"100%\" height=\"450\" allowfullscreen=\"\" loading=\"lazy\" referrerpolicy=\"no-referrer-when-downgrade\"><\/iframe>\n\t\n<div class=\"wpcf7 no-js\" id=\"wpcf7-f4589-o2\" lang=\"es-ES\" dir=\"ltr\" data-wpcf7-id=\"4589\">\n<div class=\"screen-reader-response\"><p role=\"status\" aria-live=\"polite\" aria-atomic=\"true\"><\/p> <ul><\/ul><\/div>\n<form action=\"\/es\/wp-json\/wp\/v2\/pages\/7952#wpcf7-f4589-o2\" method=\"post\" class=\"wpcf7-form init\" aria-label=\"Formulario de contacto\" novalidate=\"novalidate\" data-status=\"init\">\n<fieldset class=\"hidden-fields-container\"><input type=\"hidden\" name=\"_wpcf7\" value=\"4589\" \/><input type=\"hidden\" name=\"_wpcf7_version\" value=\"6.1.5\" \/><input type=\"hidden\" name=\"_wpcf7_locale\" value=\"es_ES\" \/><input type=\"hidden\" name=\"_wpcf7_unit_tag\" value=\"wpcf7-f4589-o2\" \/><input type=\"hidden\" name=\"_wpcf7_container_post\" value=\"0\" \/><input type=\"hidden\" name=\"_wpcf7_posted_data_hash\" value=\"\" \/><input type=\"hidden\" name=\"_wpcf7_recaptcha_response\" value=\"\" \/>\n<\/fieldset>\n<p><label> Su nombre<br \/>\n<span class=\"wpcf7-form-control-wrap\" data-name=\"your-name\"><input size=\"40\" maxlength=\"400\" class=\"wpcf7-form-control wpcf7-text wpcf7-validates-as-required\" aria-required=\"true\" aria-invalid=\"false\" value=\"\" type=\"text\" name=\"your-name\" \/><\/span> <\/label>\n<\/p>\n<p><label> Tu correo electr\u00f3nico<br \/>\n<span class=\"wpcf7-form-control-wrap\" data-name=\"your-email\"><input size=\"40\" maxlength=\"400\" class=\"wpcf7-form-control wpcf7-email wpcf7-validates-as-required wpcf7-text wpcf7-validates-as-email\" aria-required=\"true\" aria-invalid=\"false\" value=\"\" type=\"email\" name=\"your-email\" \/><\/span> <\/label>\n<\/p>\n<p><label> Numero de tel\u00e9fono (opcional)<br \/>\n<span class=\"wpcf7-form-control-wrap\" data-name=\"tel-157\"><input size=\"40\" maxlength=\"400\" class=\"wpcf7-form-control wpcf7-tel wpcf7-text wpcf7-validates-as-tel\" aria-invalid=\"false\" value=\"\" type=\"tel\" name=\"tel-157\" \/><\/span> <\/label>\n<\/p>\n<p><label> Su mensaje<br \/>\n<span class=\"wpcf7-form-control-wrap\" data-name=\"your-message\"><textarea cols=\"40\" rows=\"10\" maxlength=\"2000\" class=\"wpcf7-form-control wpcf7-textarea wpcf7-validates-as-required\" aria-required=\"true\" aria-invalid=\"false\" name=\"your-message\"><\/textarea><\/span> <\/label>\n<\/p>\n<p><span class=\"wpcf7-form-control-wrap\" data-name=\"quiz-747\"><label><span class=\"wpcf7-quiz-label\">2+6=?<\/span> <input size=\"40\" class=\"wpcf7-form-control wpcf7-quiz\" autocomplete=\"off\" aria-required=\"true\" aria-invalid=\"false\" type=\"text\" name=\"quiz-747\" \/><\/label><input type=\"hidden\" name=\"_wpcf7_quiz_answer_quiz-747\" value=\"b92383fac706b700c4f8d69faa457125\" \/><\/span>\n<\/p>\n<p><input class=\"wpcf7-form-control wpcf7-submit has-spinner\" type=\"submit\" value=\"Enviar\" \/>\n<\/p><div class=\"wpcf7-response-output\" aria-hidden=\"true\"><\/div>\n<\/form>\n<\/div>\n\n\n","protected":false},"excerpt":{"rendered":"","protected":false},"author":1,"featured_media":0,"parent":0,"menu_order":0,"comment_status":"closed","ping_status":"closed","template":"","meta":{"site-sidebar-layout":"no-sidebar","site-content-layout":"page-builder","ast-site-content-layout":"default","site-content-style":"default","site-sidebar-style":"default","ast-global-header-display":"","ast-banner-title-visibility":"","ast-main-header-display":"","ast-hfb-above-header-display":"","ast-hfb-below-header-display":"","ast-hfb-mobile-header-display":"","site-post-title":"disabled","ast-breadcrumbs-content":"","ast-featured-img":"disabled","footer-sml-layout":"","ast-disable-related-posts":"","theme-transparent-header-meta":"default","adv-header-id-meta":"","stick-header-meta":"default","header-above-stick-meta":"","header-main-stick-meta":"","header-below-stick-meta":"","astra-migrate-meta-layouts":"default","ast-page-background-enabled":"default","ast-page-background-meta":{"desktop":{"background-color":"","background-image":"","background-repeat":"repeat","background-position":"center center","background-size":"auto","background-attachment":"scroll","background-type":"","background-media":"","overlay-type":"","overlay-color":"","overlay-opacity":"","overlay-gradient":""},"tablet":{"background-color":"","background-image":"","background-repeat":"repeat","background-position":"center center","background-size":"auto","background-attachment":"scroll","background-type":"","background-media":"","overlay-type":"","overlay-color":"","overlay-opacity":"","overlay-gradient":""},"mobile":{"background-color":"","background-image":"","background-repeat":"repeat","background-position":"center center","background-size":"auto","background-attachment":"scroll","background-type":"","background-media":"","overlay-type":"","overlay-color":"","overlay-opacity":"","overlay-gradient":""}},"ast-content-background-meta":{"desktop":{"background-color":"var(--ast-global-color-5)","background-image":"","background-repeat":"repeat","background-position":"center center","background-size":"auto","background-attachment":"scroll","background-type":"","background-media":"","overlay-type":"","overlay-color":"","overlay-opacity":"","overlay-gradient":""},"tablet":{"background-color":"var(--ast-global-color-5)","background-image":"","background-repeat":"repeat","background-position":"center center","background-size":"auto","background-attachment":"scroll","background-type":"","background-media":"","overlay-type":"","overlay-color":"","overlay-opacity":"","overlay-gradient":""},"mobile":{"background-color":"var(--ast-global-color-5)","background-image":"","background-repeat":"repeat","background-position":"center center","background-size":"auto","background-attachment":"scroll","background-type":"","background-media":"","overlay-type":"","overlay-color":"","overlay-opacity":"","overlay-gradient":""}},"footnotes":""},"class_list":["post-7952","page","type-page","status-publish","hentry"],"_links":{"self":[{"href":"https:\/\/www.griffinmachinery.com\/es\/wp-json\/wp\/v2\/pages\/7952","targetHints":{"allow":["GET"]}}],"collection":[{"href":"https:\/\/www.griffinmachinery.com\/es\/wp-json\/wp\/v2\/pages"}],"about":[{"href":"https:\/\/www.griffinmachinery.com\/es\/wp-json\/wp\/v2\/types\/page"}],"author":[{"embeddable":true,"href":"https:\/\/www.griffinmachinery.com\/es\/wp-json\/wp\/v2\/users\/1"}],"replies":[{"embeddable":true,"href":"https:\/\/www.griffinmachinery.com\/es\/wp-json\/wp\/v2\/comments?post=7952"}],"version-history":[{"count":0,"href":"https:\/\/www.griffinmachinery.com\/es\/wp-json\/wp\/v2\/pages\/7952\/revisions"}],"wp:attachment":[{"href":"https:\/\/www.griffinmachinery.com\/es\/wp-json\/wp\/v2\/media?parent=7952"}],"curies":[{"name":"wp","href":"https:\/\/api.w.org\/{rel}","templated":true}]}}