{"id":6183,"date":"2022-06-08T07:11:33","date_gmt":"2022-06-08T07:11:33","guid":{"rendered":"https:\/\/www.griffinmachinery.com\/proyectos\/"},"modified":"2022-06-08T11:00:10","modified_gmt":"2022-06-08T11:00:10","slug":"proyectos","status":"publish","type":"page","link":"https:\/\/www.griffinmachinery.com\/es\/proyectos\/","title":{"rendered":"Proyectos"},"content":{"rendered":"\n<h3>\n\t\tConozca m\u00e1s sobre nuestros proyectos aqu\u00ed\n\t<\/h3>\n\t<p>Nuestra empresa, como siempre, dar\u00e1 m\u00e1xima prioridad a la mejora de la calidad del equipo y espera que todos los clientes nuevos y antiguos puedan lograr resultados ideales despu\u00e9s de usar el equipo de nuestra empresa.<\/p>\n<p>Damos la bienvenida a todos los fabricantes para que realicen consultas y de todo coraz\u00f3n le proporcionaremos equipos y servicios de alta calidad.<\/p>\n\t\t\t<a href=\"https:\/\/www.griffinmachinery.com\/es\/contacto\/\" target=\"_self\" role=\"button\" rel=\"noopener\">\n\t\t\t\t\t\t\tP\u00f3ngase en contacto con nosotros\n\t\t\t<\/a>\n\t<h2>\n\t\t\t\t\tSecado de condimentos\n\t\t\t\t<\/h2>\n\t\t\t<p>Una empresa de Malasia encarg\u00f3 el secador de lecho fluidizado vibratorio para el secado de condimentos.<\/p>\n\t\t\t\t<img loading=\"lazy\" decoding=\"async\" src=\"https:\/\/www.griffinmachinery.com\/wp-content\/uploads\/2022\/06\/Vibrating-Fluidized-Bed-Project-1.jpg\" alt=\"Proyecto de lecho fluidizado vibrante (1)\" itemprop=\"image\" height=\"375\" width=\"500\" title=\"Proyecto de lecho fluidizado vibrante (1)\" onerror=\"this.style.display='none'\"  \/>\n\t\t\t\t<img loading=\"lazy\" decoding=\"async\" src=\"https:\/\/www.griffinmachinery.com\/wp-content\/uploads\/2022\/06\/Vibrating-Fluidized-Bed-Project-2.jpg\" alt=\"Proyecto de lecho fluidizado vibrante (2)\" itemprop=\"image\" height=\"375\" width=\"500\" title=\"Proyecto de lecho fluidizado vibrante (2)\" onerror=\"this.style.display='none'\"  \/>\n\t\t\t\t<img loading=\"lazy\" decoding=\"async\" src=\"https:\/\/www.griffinmachinery.com\/wp-content\/uploads\/2022\/06\/Vibrating-Fluidized-Bed-Project-3.jpg\" alt=\"Proyecto de lecho fluidizado vibrante (3)\" itemprop=\"image\" height=\"375\" width=\"500\" title=\"Proyecto de lecho fluidizado vibrante (3)\" onerror=\"this.style.display='none'\"  \/>\n\t<p>El lecho fluidizado vibratorio solicitado por una empresa en Malasia se complet\u00f3 y se cargar\u00e1 y enviar\u00e1 a principios de enero despu\u00e9s de pasar la inspecci\u00f3n. Este equipo se utiliza principalmente para el secado de condimentos.<\/p>\n\t<h2>\n\t\t\t\t\tL\u00ednea de producci\u00f3n de caf\u00e9\n\t\t\t\t<\/h2>\n\t\t\t<p>Producci\u00f3n anual de 50.000 toneladas de sistema de equipos para nuestro cliente de Indonesia.<\/p>\n\t\t\t\t<img loading=\"lazy\" decoding=\"async\" src=\"https:\/\/www.griffinmachinery.com\/wp-content\/uploads\/2022\/06\/Coffee-Equipment-System-3.jpg\" alt=\"Sistema de equipo de caf\u00e9 (3)\" itemprop=\"image\" height=\"666\" width=\"500\" title=\"Sistema de equipo de caf\u00e9 (3)\" onerror=\"this.style.display='none'\"  \/>\n\t\t\t\t<img loading=\"lazy\" decoding=\"async\" src=\"https:\/\/www.griffinmachinery.com\/wp-content\/uploads\/2022\/06\/Coffee-Equipment-System-2.jpg\" alt=\"Sistema de equipo de caf\u00e9 (2)\" itemprop=\"image\" height=\"666\" width=\"500\" title=\"Sistema de equipo de caf\u00e9 (2)\" onerror=\"this.style.display='none'\"  \/>\n\t\t\t\t<img loading=\"lazy\" decoding=\"async\" src=\"https:\/\/www.griffinmachinery.com\/wp-content\/uploads\/2022\/06\/Coffee-Equipment-System-1.jpg\" alt=\"Sistema de equipo de caf\u00e9 (1)\" itemprop=\"image\" height=\"666\" width=\"500\" title=\"Sistema de equipo de caf\u00e9 (1)\" onerror=\"this.style.display='none'\"  \/>\n\t<p>La l\u00ednea de producci\u00f3n de caf\u00e9 con una producci\u00f3n anual de 50 000 toneladas dise\u00f1ada y fabricada por nuestra empresa para clientes de Indonesia se entregar\u00e1 del 18 al 20 de marzo de 2021. La producci\u00f3n e instalaci\u00f3n in situ comenzar\u00e1 en mayo y comenzar\u00e1 a funcionar a finales de a\u00f1o.<\/p>\n<p>Esta l\u00ednea de producci\u00f3n es la l\u00ednea de producci\u00f3n de caf\u00e9 m\u00e1s grande exportada en China hasta el momento.<\/p>\n\t<h2>\n\t\t\t\t\tMateriales de c\u00e1todo de bater\u00eda\n\t\t\t\t<\/h2>\n\t\t\t<p>Secador por aspersi\u00f3n centr\u00edfugo LPG-300 producido por nuestra empresa para una empresa en Shangh\u00e1i.<\/p>\n\t\t\t\t<img loading=\"lazy\" decoding=\"async\" src=\"https:\/\/www.griffinmachinery.com\/wp-content\/uploads\/2022\/06\/Battery-Cathode-Materials-Project-1.jpg\" alt=\"Proyecto de materiales de c\u00e1todo de bater\u00eda (1)\" itemprop=\"image\" height=\"375\" width=\"500\" title=\"Proyecto de materiales de c\u00e1todo de bater\u00eda (1)\" onerror=\"this.style.display='none'\"  \/>\n\t\t\t\t<img loading=\"lazy\" decoding=\"async\" src=\"https:\/\/www.griffinmachinery.com\/wp-content\/uploads\/2022\/06\/Battery-Cathode-Materials-Project-2.jpg\" alt=\"Proyecto de materiales de c\u00e1todo de bater\u00eda (2)\" itemprop=\"image\" height=\"375\" width=\"500\" title=\"Proyecto de materiales de c\u00e1todo de bater\u00eda (2)\" onerror=\"this.style.display='none'\"  \/>\n\t\t\t\t<img loading=\"lazy\" decoding=\"async\" src=\"https:\/\/www.griffinmachinery.com\/wp-content\/uploads\/2022\/06\/Battery-Cathode-Materials-Project-3.jpg\" alt=\"Proyecto de materiales de c\u00e1todo de bater\u00eda (3)\" itemprop=\"image\" height=\"375\" width=\"500\" title=\"Proyecto de materiales de c\u00e1todo de bater\u00eda (3)\" onerror=\"this.style.display='none'\"  \/>\n\t<p>El 16 de enero de 2022, se complet\u00f3 el secador por aspersi\u00f3n centr\u00edfugo LPG-300 producido por nuestra empresa para una empresa en Shangh\u00e1i que se especializa en la investigaci\u00f3n, el desarrollo y la producci\u00f3n de materiales para c\u00e1todos de bater\u00edas.<\/p>\n<p>El equipo tiene un di\u00e1metro de 3,6 metros y una altura de 8 metros. Con un dise\u00f1o casi perfecto, producci\u00f3n a cargo de t\u00e9cnicos experimentados y una actitud de servicio orientada al cliente, nuestra empresa se ha ganado los elogios de la unidad de atenci\u00f3n al cliente.<\/p>\n\t<h2>\n\t\t\t\t\tSecado de alimentos\n\t\t\t\t<\/h2>\n\t\t\t<p>Una m\u00e1quina de lecho fluidizado vibratorio a gran escala encargada por una empresa europea para el secado de alimentos.<\/p>\n\t\t\t\t<img loading=\"lazy\" decoding=\"async\" src=\"https:\/\/www.griffinmachinery.com\/wp-content\/uploads\/2022\/06\/Food-Drying-Project-1.jpg\" alt=\"Proyecto de secado de alimentos (1)\" itemprop=\"image\" height=\"333\" width=\"500\" title=\"Proyecto de secado de alimentos (1)\" onerror=\"this.style.display='none'\"  \/>\n\t\t\t\t<img loading=\"lazy\" decoding=\"async\" src=\"https:\/\/www.griffinmachinery.com\/wp-content\/uploads\/2022\/06\/Food-Drying-Project-2.jpg\" alt=\"Proyecto de secado de alimentos (2)\" itemprop=\"image\" height=\"333\" width=\"500\" title=\"Proyecto de secado de alimentos (2)\" onerror=\"this.style.display='none'\"  \/>\n\t\t\t\t<img loading=\"lazy\" decoding=\"async\" src=\"https:\/\/www.griffinmachinery.com\/wp-content\/uploads\/2022\/06\/Food-Drying-Project-3.jpg\" alt=\"Proyecto de secado de alimentos (3)\" itemprop=\"image\" height=\"333\" width=\"500\" title=\"Proyecto de secado de alimentos (3)\" onerror=\"this.style.display='none'\"  \/>\n\t<p>El lecho fluidizado vibratorio a gran escala solicitado por una empresa europea se complet\u00f3 y se cargar\u00e1 y enviar\u00e1 el 10 de mayo de 2022 despu\u00e9s de pasar la inspecci\u00f3n.<\/p>\n<p>El equipo mide 1,2*9,5 my se utiliza principalmente para el secado de alimentos. Se espera que est\u00e9 instalado, comisionado y puesto en producci\u00f3n en junio.<\/p>\n\t<h2>\n\t\t\t\t\tSecado de alimentos\n\t\t\t\t<\/h2>\n\t\t\t<p>Dos secadores por aspersi\u00f3n centr\u00edfugos LPG-800 a gran escala encargados por una empresa estadounidense para el secado de alimentos.<\/p>\n\t\t\t\t<img loading=\"lazy\" decoding=\"async\" src=\"https:\/\/www.griffinmachinery.com\/wp-content\/uploads\/2022\/06\/US-Food-Drying-Project-1.jpg\" alt=\"Proyecto de secado de alimentos de EE. UU. (1)\" itemprop=\"image\" height=\"666\" width=\"500\" title=\"Proyecto de secado de alimentos de EE. UU. (1)\" onerror=\"this.style.display='none'\"  \/>\n\t\t\t\t<img loading=\"lazy\" decoding=\"async\" src=\"https:\/\/www.griffinmachinery.com\/wp-content\/uploads\/2022\/06\/US-Food-Drying-Project-2.jpg\" alt=\"Proyecto de secado de alimentos de EE. UU. (2)\" itemprop=\"image\" height=\"666\" width=\"500\" title=\"Proyecto de secado de alimentos de EE. UU. (2)\" onerror=\"this.style.display='none'\"  \/>\n\t\t\t\t<img loading=\"lazy\" decoding=\"async\" src=\"https:\/\/www.griffinmachinery.com\/wp-content\/uploads\/2022\/06\/US-Food-Drying-Project-3.jpg\" alt=\"Proyecto de secado de alimentos de EE. UU. (3)\" itemprop=\"image\" height=\"666\" width=\"500\" title=\"Proyecto de secado de alimentos de EE. UU. (3)\" onerror=\"this.style.display='none'\"  \/>\n\t<p>Los dos secadores por aspersi\u00f3n centr\u00edfugos a gran escala LPG-800 que nuestra empresa envi\u00f3 a los EE. UU. a mediados de agosto de 2021 han entrado en la etapa de instalaci\u00f3n.<\/p>\n<p>Este secador por aspersi\u00f3n centr\u00edfugo se utiliza principalmente para secar alimentos. Los t\u00e9cnicos de nuestra empresa han realizado muchas mejoras en la tecnolog\u00eda de proceso relacionada de este equipo. Comparado con el equipo original, este equipo tiene muchas ventajas en t\u00e9rminos de estructura, ahorro de energ\u00eda y calidad de procesamiento, significativamente mejorado.<\/p>\n\t<h2>\n\t\t\t\t\tP\u00f3ngase en contacto con nosotros\n\t\t\t\t<\/h2>\n\t\t\t<p>Griffin Machinery, un socio experimentado y confiable.<\/p>\n<p>Si tambi\u00e9n est\u00e1 buscando una forma suave pero efectiva de secar su producto, cont\u00e1ctenos para recibir asesoramiento. Nuestro equipo est\u00e1 listo para ayudarlo a encontrar la soluci\u00f3n adecuada para su proyecto.<\/p>\n\t<style type=\"text\/css\"><\/style><div class=\"ufaqsw_container_default ufaqsw_container_default_4590 ufaqsw_element_group_src\"> \n\n\t\t\t<h2 class=\"ufaqsw_faq_title ufaqsw_faq_title_4590\">Preguntas Frecuentes<\/h2>\n\t\n\t\n\t\t<div class=\"ufaqsw_toggle_default ufaqsw_toggle_default_4590 ufaqsw_element_src\">\n\t\t\t<div class=\"ufaqsw-toggle-title-area-default ufaqsw-toggle-title-area-default_4590\"\n\t\t\trole=\"button\"\n\t\t\ttabindex=\"0\"\n\t\t\taria-expanded=\"false\"\n\t\t\taria-controls=\"ufaqsw_faq_answer_1_4590\"\n\t\t\taria-label=\"\u00bfD\u00f3nde est\u00e1 su f\u00e1brica?\"\n\t\t\t>\n\t\t\t\t<div class=\"ufaqsw-title-name-default ufaqsw-title-name-default_4590\">\n\t\t\t\t\t<span class=\"ufaqsw-default-icon\">\n\t\t\t\t\t\t<i class=\"fa fa fa-plus\" aria-hidden=\"true\"><\/i>\n\t\t\t\t\t\t<i class=\"fa fa fa-minus\" id=\"ufaqsw_other_style\" aria-hidden=\"true\"><\/i>\n\t\t\t\t\t<\/span>\t\t\t\t\n\t\t\t\t\t<span class=\"ufaqsw-default-title ufaqsw_faq_question_src\">\u00bfD\u00f3nde est\u00e1 su f\u00e1brica?<\/span>\n\t\t\t\t<\/div>\n\t\t\t<\/div>\n\t\t\t<div class=\"ufaqsw-toggle-inner-default ufaqsw-toggle-inner-default_4590 ufaqsw_faq_answer_src\"\n\t\t\tid=\"ufaqsw_faq_answer_1_4590\"\n\t\t\taria-hidden=\"true\"\n\t\t\taria-labelledby=\"ufaqsw_faq_answer_1_4590\"\n\t\t\tstyle=\"display:none\"\t\t\t>\n\t\t\tEstamos situados en la ciudad de Changzhou, cerca de Shanghai.\t\t\t<\/div>\n\t\t<\/div><!-- END OF TOGGLE -->\n\n\t\t\n\t\t<div class=\"ufaqsw_toggle_default ufaqsw_toggle_default_4590 ufaqsw_element_src\">\n\t\t\t<div class=\"ufaqsw-toggle-title-area-default ufaqsw-toggle-title-area-default_4590\"\n\t\t\trole=\"button\"\n\t\t\ttabindex=\"0\"\n\t\t\taria-expanded=\"false\"\n\t\t\taria-controls=\"ufaqsw_faq_answer_2_4590\"\n\t\t\taria-label=\"\u00bfCu\u00e1l es la calidad de su m\u00e1quina?\"\n\t\t\t>\n\t\t\t\t<div class=\"ufaqsw-title-name-default ufaqsw-title-name-default_4590\">\n\t\t\t\t\t<span class=\"ufaqsw-default-icon\">\n\t\t\t\t\t\t<i class=\"fa fa fa-plus\" aria-hidden=\"true\"><\/i>\n\t\t\t\t\t\t<i class=\"fa fa fa-minus\" id=\"ufaqsw_other_style\" aria-hidden=\"true\"><\/i>\n\t\t\t\t\t<\/span>\t\t\t\t\n\t\t\t\t\t<span class=\"ufaqsw-default-title ufaqsw_faq_question_src\">\u00bfCu\u00e1l es la calidad de su m\u00e1quina?<\/span>\n\t\t\t\t<\/div>\n\t\t\t<\/div>\n\t\t\t<div class=\"ufaqsw-toggle-inner-default ufaqsw-toggle-inner-default_4590 ufaqsw_faq_answer_src\"\n\t\t\tid=\"ufaqsw_faq_answer_2_4590\"\n\t\t\taria-hidden=\"true\"\n\t\t\taria-labelledby=\"ufaqsw_faq_answer_2_4590\"\n\t\t\tstyle=\"display:none\"\t\t\t>\n\t\t\t<p>Nuestra empresa sigue estrictos controles de calidad y diversos procedimientos sistem\u00e1ticos. Cuidamos al m\u00e1ximo la calidad en cada etapa del proceso de fabricaci\u00f3n. Puede estar seguro de la calidad absolutamente.<\/p>\n\t\t\t<\/div>\n\t\t<\/div><!-- END OF TOGGLE -->\n\n\t\t\n\t\t<div class=\"ufaqsw_toggle_default ufaqsw_toggle_default_4590 ufaqsw_element_src\">\n\t\t\t<div class=\"ufaqsw-toggle-title-area-default ufaqsw-toggle-title-area-default_4590\"\n\t\t\trole=\"button\"\n\t\t\ttabindex=\"0\"\n\t\t\taria-expanded=\"false\"\n\t\t\taria-controls=\"ufaqsw_faq_answer_3_4590\"\n\t\t\taria-label=\"\u00bfCu\u00e1l es el periodo de garant\u00eda?\"\n\t\t\t>\n\t\t\t\t<div class=\"ufaqsw-title-name-default ufaqsw-title-name-default_4590\">\n\t\t\t\t\t<span class=\"ufaqsw-default-icon\">\n\t\t\t\t\t\t<i class=\"fa fa fa-plus\" aria-hidden=\"true\"><\/i>\n\t\t\t\t\t\t<i class=\"fa fa fa-minus\" id=\"ufaqsw_other_style\" aria-hidden=\"true\"><\/i>\n\t\t\t\t\t<\/span>\t\t\t\t\n\t\t\t\t\t<span class=\"ufaqsw-default-title ufaqsw_faq_question_src\">\u00bfCu\u00e1l es el periodo de garant\u00eda?<\/span>\n\t\t\t\t<\/div>\n\t\t\t<\/div>\n\t\t\t<div class=\"ufaqsw-toggle-inner-default ufaqsw-toggle-inner-default_4590 ufaqsw_faq_answer_src\"\n\t\t\tid=\"ufaqsw_faq_answer_3_4590\"\n\t\t\taria-hidden=\"true\"\n\t\t\taria-labelledby=\"ufaqsw_faq_answer_3_4590\"\n\t\t\tstyle=\"display:none\"\t\t\t>\n\t\t\t<p>Respuesta oportuna en 24 horas al correo y a las llamadas telef\u00f3nicas. Proporcionaremos una garant\u00eda de un a\u00f1o para asegurarnos de que su m\u00e1quina funcione de forma consistente.<\/p>\n\t\t\t<\/div>\n\t\t<\/div><!-- END OF TOGGLE -->\n\n\t\t\n\t\t<div class=\"ufaqsw_toggle_default ufaqsw_toggle_default_4590 ufaqsw_element_src\">\n\t\t\t<div class=\"ufaqsw-toggle-title-area-default ufaqsw-toggle-title-area-default_4590\"\n\t\t\trole=\"button\"\n\t\t\ttabindex=\"0\"\n\t\t\taria-expanded=\"false\"\n\t\t\taria-controls=\"ufaqsw_faq_answer_4_4590\"\n\t\t\taria-label=\"\u00bfCu\u00e1l es el plazo de pago?\"\n\t\t\t>\n\t\t\t\t<div class=\"ufaqsw-title-name-default ufaqsw-title-name-default_4590\">\n\t\t\t\t\t<span class=\"ufaqsw-default-icon\">\n\t\t\t\t\t\t<i class=\"fa fa fa-plus\" aria-hidden=\"true\"><\/i>\n\t\t\t\t\t\t<i class=\"fa fa fa-minus\" id=\"ufaqsw_other_style\" aria-hidden=\"true\"><\/i>\n\t\t\t\t\t<\/span>\t\t\t\t\n\t\t\t\t\t<span class=\"ufaqsw-default-title ufaqsw_faq_question_src\">\u00bfCu\u00e1l es el plazo de pago?<\/span>\n\t\t\t\t<\/div>\n\t\t\t<\/div>\n\t\t\t<div class=\"ufaqsw-toggle-inner-default ufaqsw-toggle-inner-default_4590 ufaqsw_faq_answer_src\"\n\t\t\tid=\"ufaqsw_faq_answer_4_4590\"\n\t\t\taria-hidden=\"true\"\n\t\t\taria-labelledby=\"ufaqsw_faq_answer_4_4590\"\n\t\t\tstyle=\"display:none\"\t\t\t>\n\t\t\t<p>Nuestro plazo de pago habitual es 30% TT por adelantado, 70% TT antes del env\u00edo.<\/p>\n\t\t\t<\/div>\n\t\t<\/div><!-- END OF TOGGLE -->\n\n\t\t\n\t\t<div class=\"ufaqsw_toggle_default ufaqsw_toggle_default_4590 ufaqsw_element_src\">\n\t\t\t<div class=\"ufaqsw-toggle-title-area-default ufaqsw-toggle-title-area-default_4590\"\n\t\t\trole=\"button\"\n\t\t\ttabindex=\"0\"\n\t\t\taria-expanded=\"false\"\n\t\t\taria-controls=\"ufaqsw_faq_answer_5_4590\"\n\t\t\taria-label=\"\u00bfIncluye el precio el flete?\"\n\t\t\t>\n\t\t\t\t<div class=\"ufaqsw-title-name-default ufaqsw-title-name-default_4590\">\n\t\t\t\t\t<span class=\"ufaqsw-default-icon\">\n\t\t\t\t\t\t<i class=\"fa fa fa-plus\" aria-hidden=\"true\"><\/i>\n\t\t\t\t\t\t<i class=\"fa fa fa-minus\" id=\"ufaqsw_other_style\" aria-hidden=\"true\"><\/i>\n\t\t\t\t\t<\/span>\t\t\t\t\n\t\t\t\t\t<span class=\"ufaqsw-default-title ufaqsw_faq_question_src\">\u00bfIncluye el precio el flete?<\/span>\n\t\t\t\t<\/div>\n\t\t\t<\/div>\n\t\t\t<div class=\"ufaqsw-toggle-inner-default ufaqsw-toggle-inner-default_4590 ufaqsw_faq_answer_src\"\n\t\t\tid=\"ufaqsw_faq_answer_5_4590\"\n\t\t\taria-hidden=\"true\"\n\t\t\taria-labelledby=\"ufaqsw_faq_answer_5_4590\"\n\t\t\tstyle=\"display:none\"\t\t\t>\n\t\t\t<p>Nuestro precio habitual se basa en FOB Shanghai. Podemos proporcionar una cotizaci\u00f3n CIF a petici\u00f3n.<\/p>\n\t\t\t<\/div>\n\t\t<\/div><!-- END OF TOGGLE -->\n\n\t\t\n<\/div>\n\n\t<iframe src=\"https:\/\/www.google.com\/maps\/embed?pb=!1m18!1m12!1m3!1d3390.2927421824006!2d119.88542131515791!3d31.817019981272452!2m3!1f0!2f0!3f0!3m2!1i1024!2i768!4f13.1!3m3!1m2!1s0x35b4149e3c70d0b3%3A0x8fff5da241c321f8!2sYun%20He%20Lu%2C%20China%2C%20213023!5e0!3m2!1sen!2sus!4v1649332227824!5m2!1sen!2sus\" width=\"100%\" height=\"450\" allowfullscreen=\"\" loading=\"lazy\" referrerpolicy=\"no-referrer-when-downgrade\"><\/iframe>\n\t\n<div class=\"wpcf7 no-js\" id=\"wpcf7-f4589-o1\" lang=\"es-ES\" dir=\"ltr\" data-wpcf7-id=\"4589\">\n<div class=\"screen-reader-response\"><p role=\"status\" aria-live=\"polite\" aria-atomic=\"true\"><\/p> <ul><\/ul><\/div>\n<form action=\"\/es\/wp-json\/wp\/v2\/pages\/6183#wpcf7-f4589-o1\" method=\"post\" class=\"wpcf7-form init\" aria-label=\"Formulario de contacto\" novalidate=\"novalidate\" data-status=\"init\">\n<fieldset class=\"hidden-fields-container\"><input type=\"hidden\" name=\"_wpcf7\" value=\"4589\" \/><input type=\"hidden\" name=\"_wpcf7_version\" value=\"6.1.5\" \/><input type=\"hidden\" name=\"_wpcf7_locale\" value=\"es_ES\" \/><input type=\"hidden\" name=\"_wpcf7_unit_tag\" value=\"wpcf7-f4589-o1\" \/><input type=\"hidden\" name=\"_wpcf7_container_post\" value=\"0\" \/><input type=\"hidden\" name=\"_wpcf7_posted_data_hash\" value=\"\" \/><input type=\"hidden\" name=\"_wpcf7_recaptcha_response\" value=\"\" \/>\n<\/fieldset>\n<p><label> Su nombre<br \/>\n<span class=\"wpcf7-form-control-wrap\" data-name=\"your-name\"><input size=\"40\" maxlength=\"400\" class=\"wpcf7-form-control wpcf7-text wpcf7-validates-as-required\" aria-required=\"true\" aria-invalid=\"false\" value=\"\" type=\"text\" name=\"your-name\" \/><\/span> <\/label>\n<\/p>\n<p><label> Tu correo electr\u00f3nico<br \/>\n<span class=\"wpcf7-form-control-wrap\" data-name=\"your-email\"><input size=\"40\" maxlength=\"400\" class=\"wpcf7-form-control wpcf7-email wpcf7-validates-as-required wpcf7-text wpcf7-validates-as-email\" aria-required=\"true\" aria-invalid=\"false\" value=\"\" type=\"email\" name=\"your-email\" \/><\/span> <\/label>\n<\/p>\n<p><label> Numero de tel\u00e9fono (opcional)<br \/>\n<span class=\"wpcf7-form-control-wrap\" data-name=\"tel-157\"><input size=\"40\" maxlength=\"400\" class=\"wpcf7-form-control wpcf7-tel wpcf7-text wpcf7-validates-as-tel\" aria-invalid=\"false\" value=\"\" type=\"tel\" name=\"tel-157\" \/><\/span> <\/label>\n<\/p>\n<p><label> Su mensaje<br \/>\n<span class=\"wpcf7-form-control-wrap\" data-name=\"your-message\"><textarea cols=\"40\" rows=\"10\" maxlength=\"2000\" class=\"wpcf7-form-control wpcf7-textarea wpcf7-validates-as-required\" aria-required=\"true\" aria-invalid=\"false\" name=\"your-message\"><\/textarea><\/span> <\/label>\n<\/p>\n<p><span class=\"wpcf7-form-control-wrap\" data-name=\"quiz-747\"><label><span class=\"wpcf7-quiz-label\">2+6=?<\/span> <input size=\"40\" class=\"wpcf7-form-control wpcf7-quiz\" autocomplete=\"off\" aria-required=\"true\" aria-invalid=\"false\" type=\"text\" name=\"quiz-747\" \/><\/label><input type=\"hidden\" name=\"_wpcf7_quiz_answer_quiz-747\" value=\"b92383fac706b700c4f8d69faa457125\" \/><\/span>\n<\/p>\n<p><input class=\"wpcf7-form-control wpcf7-submit has-spinner\" type=\"submit\" value=\"Enviar\" \/>\n<\/p><div class=\"wpcf7-response-output\" aria-hidden=\"true\"><\/div>\n<\/form>\n<\/div>\n\n\n","protected":false},"excerpt":{"rendered":"","protected":false},"author":1,"featured_media":0,"parent":0,"menu_order":0,"comment_status":"closed","ping_status":"closed","template":"","meta":{"site-sidebar-layout":"no-sidebar","site-content-layout":"page-builder","ast-site-content-layout":"default","site-content-style":"default","site-sidebar-style":"default","ast-global-header-display":"","ast-banner-title-visibility":"","ast-main-header-display":"","ast-hfb-above-header-display":"","ast-hfb-below-header-display":"","ast-hfb-mobile-header-display":"","site-post-title":"disabled","ast-breadcrumbs-content":"","ast-featured-img":"disabled","footer-sml-layout":"","ast-disable-related-posts":"","theme-transparent-header-meta":"default","adv-header-id-meta":"","stick-header-meta":"default","header-above-stick-meta":"","header-main-stick-meta":"","header-below-stick-meta":"","astra-migrate-meta-layouts":"default","ast-page-background-enabled":"default","ast-page-background-meta":{"desktop":{"background-color":"","background-image":"","background-repeat":"repeat","background-position":"center center","background-size":"auto","background-attachment":"scroll","background-type":"","background-media":"","overlay-type":"","overlay-color":"","overlay-opacity":"","overlay-gradient":""},"tablet":{"background-color":"","background-image":"","background-repeat":"repeat","background-position":"center center","background-size":"auto","background-attachment":"scroll","background-type":"","background-media":"","overlay-type":"","overlay-color":"","overlay-opacity":"","overlay-gradient":""},"mobile":{"background-color":"","background-image":"","background-repeat":"repeat","background-position":"center center","background-size":"auto","background-attachment":"scroll","background-type":"","background-media":"","overlay-type":"","overlay-color":"","overlay-opacity":"","overlay-gradient":""}},"ast-content-background-meta":{"desktop":{"background-color":"var(--ast-global-color-5)","background-image":"","background-repeat":"repeat","background-position":"center center","background-size":"auto","background-attachment":"scroll","background-type":"","background-media":"","overlay-type":"","overlay-color":"","overlay-opacity":"","overlay-gradient":""},"tablet":{"background-color":"var(--ast-global-color-5)","background-image":"","background-repeat":"repeat","background-position":"center center","background-size":"auto","background-attachment":"scroll","background-type":"","background-media":"","overlay-type":"","overlay-color":"","overlay-opacity":"","overlay-gradient":""},"mobile":{"background-color":"var(--ast-global-color-5)","background-image":"","background-repeat":"repeat","background-position":"center center","background-size":"auto","background-attachment":"scroll","background-type":"","background-media":"","overlay-type":"","overlay-color":"","overlay-opacity":"","overlay-gradient":""}},"footnotes":""},"class_list":["post-6183","page","type-page","status-publish","hentry"],"_links":{"self":[{"href":"https:\/\/www.griffinmachinery.com\/es\/wp-json\/wp\/v2\/pages\/6183","targetHints":{"allow":["GET"]}}],"collection":[{"href":"https:\/\/www.griffinmachinery.com\/es\/wp-json\/wp\/v2\/pages"}],"about":[{"href":"https:\/\/www.griffinmachinery.com\/es\/wp-json\/wp\/v2\/types\/page"}],"author":[{"embeddable":true,"href":"https:\/\/www.griffinmachinery.com\/es\/wp-json\/wp\/v2\/users\/1"}],"replies":[{"embeddable":true,"href":"https:\/\/www.griffinmachinery.com\/es\/wp-json\/wp\/v2\/comments?post=6183"}],"version-history":[{"count":0,"href":"https:\/\/www.griffinmachinery.com\/es\/wp-json\/wp\/v2\/pages\/6183\/revisions"}],"wp:attachment":[{"href":"https:\/\/www.griffinmachinery.com\/es\/wp-json\/wp\/v2\/media?parent=6183"}],"curies":[{"name":"wp","href":"https:\/\/api.w.org\/{rel}","templated":true}]}}