{"id":4574,"date":"2022-04-07T05:49:07","date_gmt":"2022-04-07T05:49:07","guid":{"rendered":"https:\/\/www.griffinmachinery.com\/terminos-y-condiciones\/"},"modified":"2022-05-25T09:27:38","modified_gmt":"2022-05-25T09:27:38","slug":"terminos-y-condiciones","status":"publish","type":"page","link":"https:\/\/www.griffinmachinery.com\/es\/terminos-y-condiciones\/","title":{"rendered":"T\u00e9rminos y condiciones"},"content":{"rendered":"\n\n\t<h2>Resumen<\/h2>\n<p>Este sitio web es operado por GriffinMachinery. En todo el sitio, los t\u00e9rminos \u00abnosotros\u00bb, \u00abnos\u00bb y \u00abnuestro\u00bb se refieren a GriffinMachinery. GriffinMachinery ofrece este sitio web, incluyendo toda la informaci\u00f3n, herramientas y servicios disponibles en este sitio para usted, el usuario, con la condici\u00f3n de que acepte todos los t\u00e9rminos, condiciones, pol\u00edticas y avisos aqu\u00ed expuestos.<\/p>\n<p>Al visitar nuestro sitio y\/o comprar algo de nosotros, usted participa en nuestro \u00abServicio\u00bb y acepta estar obligado por los siguientes t\u00e9rminos y condiciones (\u00abT\u00e9rminos de Servicio\u00bb, \u00abT\u00e9rminos\u00bb), incluyendo aquellos t\u00e9rminos y condiciones adicionales y pol\u00edticas referenciadas aqu\u00ed y\/o disponibles por hiperv\u00ednculo. Estas Condiciones de Servicio se aplican a todos los usuarios del sitio, incluyendo, sin limitaci\u00f3n, a los usuarios que son navegantes, vendedores, clientes, comerciantes y\/o contribuyentes de contenido.<\/p>\n<p>Le rogamos que lea atentamente estas Condiciones de Servicio antes de acceder o utilizar nuestro sitio web. Al acceder o utilizar cualquier parte del sitio, usted acepta quedar obligado por estas Condiciones de Servicio. Si no est\u00e1 de acuerdo con todos los t\u00e9rminos y condiciones de este acuerdo, no podr\u00e1 acceder al sitio web ni utilizar ning\u00fan servicio. Si estas condiciones de servicio se consideran una oferta, su aceptaci\u00f3n est\u00e1 expresamente limitada a estas condiciones de servicio.<\/p>\n<p>Cualquier nueva funci\u00f3n o herramienta que se a\u00f1ada a la tienda actual tambi\u00e9n estar\u00e1 sujeta a las Condiciones de Servicio. Puede consultar la versi\u00f3n m\u00e1s actualizada de las Condiciones de Servicio en cualquier momento en esta p\u00e1gina. Nos reservamos el derecho de actualizar, cambiar o sustituir cualquier parte de estas Condiciones de Servicio publicando actualizaciones y\/o cambios en nuestra p\u00e1gina web. Es su responsabilidad revisar esta p\u00e1gina peri\u00f3dicamente para ver si hay cambios. Su uso o acceso continuado a la p\u00e1gina web tras la publicaci\u00f3n de cualquier cambio constituye la aceptaci\u00f3n de dichos cambios.<\/p>\n<p>Nuestra tienda est\u00e1 alojada en Shopify Inc. Ellos nos proporcionan una plataforma de comercio electr\u00f3nico en l\u00ednea que nos permite vender nuestros productos y servicios a usted.<\/p>\n<h2>Secci\u00f3n 1 &#8211; Condiciones de la tienda online<\/h2>\n<p>Al aceptar estas condiciones de servicio, usted declara que es mayor de edad en su estado o provincia de residencia, o que es mayor de edad en su estado o provincia de residencia y nos ha dado su consentimiento para permitir que cualquiera de sus dependientes menores de edad utilice este sitio.<\/p>\n<p>No puede utilizar nuestros productos para ning\u00fan prop\u00f3sito ilegal o no autorizado ni puede, en el uso del Servicio, violar ninguna ley en su jurisdicci\u00f3n (incluyendo pero no limit\u00e1ndose a las leyes de derechos de autor).<\/p>\n<p>No debe transmitir ning\u00fan gusano o virus ni ning\u00fan c\u00f3digo de naturaleza destructiva.<\/p>\n<p>El incumplimiento o la violaci\u00f3n de cualquiera de las Condiciones dar\u00e1 lugar a la terminaci\u00f3n inmediata de sus Servicios.<\/p>\n<h2>Secci\u00f3n 2 &#8211; Condiciones generales<\/h2>\n<p>Nos reservamos el derecho de rechazar el servicio a cualquier persona por cualquier motivo y en cualquier momento.<\/p>\n<p>Usted entiende que su contenido (sin incluir la informaci\u00f3n de la tarjeta de cr\u00e9dito), puede ser transferido sin encriptar e implicar (a) transmisiones a trav\u00e9s de varias redes; y (b) cambios para ajustarse y adaptarse a los requisitos t\u00e9cnicos de las redes o dispositivos de conexi\u00f3n. La informaci\u00f3n de las tarjetas de cr\u00e9dito siempre se encripta durante la transferencia a trav\u00e9s de las redes.<\/p>\n<p>Usted se compromete a no reproducir, duplicar, copiar, vender, revender o explotar cualquier parte del Servicio, el uso del Servicio, o el acceso al Servicio o cualquier contacto en el sitio web a trav\u00e9s del cual se proporciona el servicio, sin el permiso expreso por escrito de nosotros.<\/p>\n<p>Los t\u00edtulos utilizados en este acuerdo se incluyen s\u00f3lo por conveniencia y no limitar\u00e1n o afectar\u00e1n de otro modo a estos T\u00e9rminos.<\/p>\n<h2>Secci\u00f3n 3 &#8211; Exactitud, integridad y actualidad de la informaci\u00f3n<\/h2>\n<p>No nos hacemos responsables si la informaci\u00f3n disponible en este sitio no es exacta, completa o actual. El material de este sitio se proporciona \u00fanicamente con fines informativos y no debe utilizarse como \u00fanica base para tomar decisiones sin consultar fuentes de informaci\u00f3n primarias, m\u00e1s precisas, m\u00e1s completas o m\u00e1s oportunas. Cualquier confianza en el material de este sitio es bajo su propio riesgo.<\/p>\n<p>Este sitio puede contener cierta informaci\u00f3n hist\u00f3rica. La informaci\u00f3n hist\u00f3rica, necesariamente, no es actual y se proporciona s\u00f3lo para su referencia. Nos reservamos el derecho de modificar el contenido de este sitio en cualquier momento, pero no tenemos ninguna obligaci\u00f3n de actualizar ninguna informaci\u00f3n en nuestro sitio. Usted acepta que es su responsabilidad supervisar los cambios en nuestro sitio.<\/p>\n<h2>Secci\u00f3n 4 &#8211; Modificaciones del servicio y de los precios<\/h2>\n<p>Los precios de nuestros productos est\u00e1n sujetos a cambios sin previo aviso.<\/p>\n<p>Nos reservamos el derecho de modificar o interrumpir en cualquier momento el Servicio (o cualquier parte o contenido del mismo) sin previo aviso.<\/p>\n<p>No seremos responsables ante usted ni ante ning\u00fan tercero por cualquier modificaci\u00f3n, cambio de precio, suspensi\u00f3n o interrupci\u00f3n del Servicio.<\/p>\n<h2>Secci\u00f3n 5 &#8211; Productos o servicios (si procede)<\/h2>\n<p>Algunos productos o servicios pueden estar disponibles exclusivamente en l\u00ednea a trav\u00e9s del sitio web. Estos productos o servicios pueden tener cantidades limitadas y est\u00e1n sujetos a devoluci\u00f3n o cambio s\u00f3lo de acuerdo con nuestra Pol\u00edtica de Devoluciones.<\/p>\n<p>Hemos hecho todo lo posible para mostrar con la mayor precisi\u00f3n posible los colores y las im\u00e1genes de nuestros productos que aparecen en la tienda. No podemos garantizar que la visualizaci\u00f3n de cualquier color en el monitor de su ordenador sea exacta.<\/p>\n<p>Nos reservamos el derecho, pero no estamos obligados, a limitar las ventas de nuestros productos o Servicios a cualquier persona, regi\u00f3n geogr\u00e1fica o jurisdicci\u00f3n. Podemos ejercer este derecho caso por caso. Nos reservamos el derecho a limitar las cantidades de cualquier producto o servicio que ofrezcamos. Todas las descripciones de los productos o los precios de los mismos est\u00e1n sujetos a cambios en cualquier momento sin previo aviso, a nuestra entera discreci\u00f3n. Nos reservamos el derecho a suspender cualquier producto en cualquier momento. Toda oferta de cualquier producto o servicio realizada en este sitio es nula donde est\u00e9 prohibida.<\/p>\n<p>No garantizamos que la calidad de cualquier producto, servicio, informaci\u00f3n u otro material comprado u obtenido por usted cumpla con sus expectativas, o que cualquier error en el Servicio sea corregido.<\/p>\n<h2>Secci\u00f3n 6 &#8211; Exactitud de la informaci\u00f3n de facturaci\u00f3n y de la cuenta<\/h2>\n<p>Nos reservamos el derecho a rechazar cualquier pedido que nos haga. Podemos, a nuestra entera discreci\u00f3n, limitar o cancelar las cantidades compradas por persona, por hogar o por pedido. Estas restricciones pueden incluir pedidos realizados por o bajo la misma cuenta de cliente, la misma tarjeta de cr\u00e9dito, y\/o pedidos que utilicen la misma direcci\u00f3n de facturaci\u00f3n y\/o env\u00edo. En el caso de que hagamos un cambio o cancelemos un pedido, podemos intentar notific\u00e1rselo poni\u00e9ndonos en contacto con el correo electr\u00f3nico y\/o la direcci\u00f3n de facturaci\u00f3n\/el n\u00famero de tel\u00e9fono facilitados en el momento de realizar el pedido. Nos reservamos el derecho de limitar o prohibir los pedidos que, a nuestro juicio, parezcan realizados por comerciantes, revendedores o distribuidores.<\/p>\n<p>Usted se compromete a proporcionar informaci\u00f3n de compra y de cuenta actual, completa y precisa para todas las compras realizadas en nuestra tienda. Usted se compromete a actualizar puntualmente su cuenta y otros datos, incluyendo su direcci\u00f3n de correo electr\u00f3nico y los n\u00fameros de sus tarjetas de cr\u00e9dito, as\u00ed como las fechas de caducidad para que podamos completar sus transacciones y ponernos en contacto con usted cuando sea necesario.<\/p>\n<p>Para m\u00e1s detalles, consulte nuestra Pol\u00edtica de devoluciones.<\/p>\n<h2>Secci\u00f3n 7 &#8211; Herramientas opcionales<\/h2>\nEs posible que le proporcionemos acceso a herramientas de terceros sobre las que no tenemos ning\u00fan control ni participaci\u00f3n.<br \/>\nUsted reconoce y acepta que le proporcionamos acceso a dichas herramientas \u00abtal cual\u00bb y \u00abseg\u00fan disponibilidad\u00bb, sin garant\u00edas, representaciones o condiciones de ning\u00fan tipo y sin ning\u00fan tipo de respaldo. No tendremos ninguna responsabilidad derivada o relacionada con su uso de las herramientas opcionales de terceros.\n<p>Cualquier uso que usted haga de las herramientas opcionales que se ofrecen a trav\u00e9s del sitio es enteramente a su propio riesgo y discreci\u00f3n, y debe asegurarse de que est\u00e1 familiarizado y aprueba los t\u00e9rminos en los que las herramientas son proporcionadas por el proveedor o proveedores de terceros pertinentes.<\/p>\n<p>Tambi\u00e9n es posible que, en el futuro, ofrezcamos nuevos servicios y\/o caracter\u00edsticas a trav\u00e9s del sitio web (incluyendo, el lanzamiento de nuevas herramientas y recursos). Estas nuevas funciones y\/o servicios tambi\u00e9n estar\u00e1n sujetos a las presentes Condiciones de Servicio.<\/p>\n<h2>Secci\u00f3n 8 &#8211; Enlaces de terceros<\/h2>\n<p>Algunos contenidos, productos y servicios disponibles a trav\u00e9s de nuestro Servicio pueden incluir materiales de terceros.<\/p>\n<p>Los enlaces de terceros en este sitio pueden dirigirle a sitios web de terceros que no est\u00e1n afiliados a nosotros. No somos responsables de examinar o evaluar el contenido o la exactitud y no garantizamos ni tendremos ninguna responsabilidad por los materiales o sitios web de terceros, o por cualquier otro material, producto o servicio de terceros.<\/p>\n<p>No somos responsables de ning\u00fan da\u00f1o o perjuicio relacionado con la compra o el uso de bienes, servicios, recursos, contenidos o cualquier otra transacci\u00f3n realizada en relaci\u00f3n con los sitios web de terceros. Por favor, revise cuidadosamente las pol\u00edticas y pr\u00e1cticas de los terceros y aseg\u00farese de entenderlas antes de realizar cualquier transacci\u00f3n. Las quejas, reclamaciones, inquietudes o preguntas relacionadas con productos de terceros deben dirigirse a \u00e9stos.<\/p>\n<h2>Secci\u00f3n 9 &#8211; Comentarios de los usuarios, opiniones y otros env\u00edos<\/h2>\n<p>Si a petici\u00f3n nuestra, usted env\u00eda ciertos env\u00edos espec\u00edficos (por ejemplo, participaciones en concursos) o sin una solicitud nuestra env\u00eda ideas creativas, sugerencias, propuestas, planes u otros materiales, ya sea en l\u00ednea, por correo electr\u00f3nico, por correo postal o de otra manera (colectivamente, \u00abcomentarios\u00bb), usted acepta que podemos, en cualquier momento, sin restricciones, editar, copiar, publicar, distribuir, traducir y utilizar de otra manera en cualquier medio cualquier comentario que usted nos env\u00ede. No tenemos ni tendremos ninguna obligaci\u00f3n (1) de mantener la confidencialidad de ning\u00fan comentario; (2) de pagar una compensaci\u00f3n por cualquier comentario; o (3) de responder a cualquier comentario.<\/p>\n<p>Podemos, pero no tenemos ninguna obligaci\u00f3n, de controlar, editar o eliminar los contenidos que determinemos a nuestra entera discreci\u00f3n que son ilegales, ofensivos, amenazantes, calumniosos, difamatorios, pornogr\u00e1ficos, obscenos, o que violan la propiedad intelectual de cualquier parte o estas Condiciones de Servicio.<\/p>\n<p>Usted acepta que sus comentarios no violar\u00e1n ning\u00fan derecho de terceros, incluidos los derechos de autor, marca registrada, privacidad, personalidad u otros derechos personales o de propiedad. Asimismo, acepta que sus comentarios no contendr\u00e1n material difamatorio o de otro modo ilegal, abusivo u obsceno, ni contendr\u00e1n ning\u00fan virus inform\u00e1tico u otro malware que pueda afectar de alg\u00fan modo al funcionamiento del Servicio o de cualquier sitio web relacionado. No podr\u00e1 utilizar una direcci\u00f3n de correo electr\u00f3nico falsa, ni hacerse pasar por otra persona que no sea usted, ni enga\u00f1ar de otro modo a nosotros o a terceros en cuanto al origen de los comentarios. Usted es el \u00fanico responsable de los comentarios que haga y de su exactitud. No asumimos ninguna responsabilidad por los comentarios publicados por usted o por terceros.<\/p>\n<h2>Secci\u00f3n 10 &#8211; Informaci\u00f3n personal<\/h2>\n<p>El env\u00edo de informaci\u00f3n personal a trav\u00e9s de la tienda se rige por nuestra Pol\u00edtica de Privacidad. Para ver nuestra Pol\u00edtica de Privacidad.<\/p>\n<h2>Secci\u00f3n 11 &#8211; Errores, inexactitudes y omisiones<\/h2>\n<p>Ocasionalmente puede haber informaci\u00f3n en nuestro sitio o en el Servicio que contenga errores tipogr\u00e1ficos, inexactitudes u omisiones que puedan estar relacionadas con las descripciones de los productos, los precios, las promociones, las ofertas, los gastos de env\u00edo de los productos, los tiempos de tr\u00e1nsito y la disponibilidad. Nos reservamos el derecho de corregir cualquier error, inexactitud u omisi\u00f3n, y de cambiar o actualizar la informaci\u00f3n o cancelar los pedidos si cualquier informaci\u00f3n en el Servicio o en cualquier sitio web relacionado es inexacta en cualquier momento sin previo aviso.<\/p>\n<p>No asumimos ninguna obligaci\u00f3n de actualizar, modificar o aclarar la informaci\u00f3n en el Servicio o en cualquier sitio web relacionado, incluyendo, sin limitaci\u00f3n, la informaci\u00f3n sobre los precios, excepto cuando lo exija la ley. Ninguna fecha de actualizaci\u00f3n o de puesta al d\u00eda aplicada en el Servicio o en cualquier sitio web relacionado debe ser tomada como indicaci\u00f3n de que toda la informaci\u00f3n en el Servicio o en cualquier sitio web relacionado ha sido modificada o actualizada.<\/p>\n<h2>Secci\u00f3n 12 &#8211; Usos prohibidos<\/h2>\n<p>Adem\u00e1s de otras prohibiciones establecidas en las Condiciones de Servicio, est\u00e1 prohibido utilizar el sitio o su contenido<\/p>\n<ul>\n<li>(a) para cualquier prop\u00f3sito ilegal;<\/li>\n<li>(b) para solicitar a otros que realicen o participen en cualquier acto ilegal;<\/li>\n<li>(c) violar cualquier reglamento, norma, ley u ordenanza local internacional, federal, provincial o estatal;<\/li>\n<li>(d) infringir o violar nuestros derechos de propiedad intelectual o los derechos de propiedad intelectual de otros;<\/li>\n<li>(e) acosar, abusar, insultar, da\u00f1ar, difamar, calumniar, desprestigiar, intimidar o discriminar por razones de g\u00e9nero, orientaci\u00f3n sexual, religi\u00f3n, etnia, raza, edad, origen nacional o discapacidad;<\/li>\n<li>(f) presentar informaci\u00f3n falsa o enga\u00f1osa;<\/li>\n<li>(g) cargar o transmitir virus o cualquier otro tipo de c\u00f3digo malicioso que afecte o pueda afectar a la funcionalidad o al funcionamiento del Servicio o de cualquier sitio web relacionado, de otros sitios web o de Internet<\/li>\n<li>(h) recoger o rastrear la informaci\u00f3n personal de otros;<\/li>\n<li>(i) para hacer spam, phishing, pharm, pretexto, spider, crawl o scrape;<\/li>\n<li>(j) para cualquier prop\u00f3sito obsceno o inmoral;<\/li>\n<li>(k) para interferir o eludir las funciones de seguridad del Servicio o de cualquier sitio web relacionado, de otros sitios web o de Internet. Nos reservamos el derecho de poner fin a su uso del Servicio o de cualquier sitio web relacionado por violar cualquiera de los usos prohibidos.<\/li>\n<\/ul>\n<h2>Secci\u00f3n 13 &#8211; Renuncia a las garant\u00edas; limitaci\u00f3n de la responsabilidad<\/h2>\n<p>No garantizamos que el uso de nuestro servicio sea ininterrumpido, puntual, seguro o libre de errores. No garantizamos que los resultados que puedan obtenerse del uso del servicio sean precisos o fiables.<\/p>\n<p>Usted acepta que, de vez en cuando, podemos suprimir el servicio por periodos de tiempo indefinidos o cancelar el servicio en cualquier momento, sin previo aviso.<\/p>\n<p>Usted acepta expresamente que el uso que haga del servicio, o la imposibilidad de utilizarlo, ser\u00e1 por su cuenta y riesgo. El servicio y todos los productos y servicios que se le entregan a trav\u00e9s del servicio son (salvo que nosotros lo indiquemos expresamente) proporcionados \u00abtal cual\u00bb y \u00abcomo est\u00e1n disponibles para su uso, sin ninguna representaci\u00f3n, garant\u00eda o condici\u00f3n de ning\u00fan tipo, ya sea expresa o impl\u00edcita, incluyendo todas las garant\u00edas o condiciones impl\u00edcitas de comerciabilidad, calidad comercial, idoneidad para un prop\u00f3sito particular, durabilidad, t\u00edtulo y no infracci\u00f3n.<\/p>\n<p>En ning\u00fan caso GriffinMachinery, nuestros directores, funcionarios, empleados, afiliados, agentes, contratistas, pasantes, proveedores, prestadores de servicios o licenciantes ser\u00e1n responsables de cualquier lesi\u00f3n, p\u00e9rdida, reclamo o cualquier da\u00f1o directo, indirecto, incidental, punitivo, especial o consecuente de cualquier tipo, incluyendo, sin limitaci\u00f3n, la p\u00e9rdida de ganancias, p\u00e9rdida de ingresos, p\u00e9rdida de ahorros, p\u00e9rdida de datos, costos de reemplazo o cualquier da\u00f1o similar, ya sea basado en un contrato, agravio (incluyendo negligencia) responsabilidad estricta o de otro tipo, que surjan del uso que usted haga de cualquiera de los servicios o de cualquier producto obtenido mediante el servicio, o por cualquier otra reclamaci\u00f3n relacionada de alg\u00fan modo con el uso que usted haga del servicio o de cualquier producto, incluyendo, pero sin limitarse a, cualquier error u omisi\u00f3n en cualquier contenido, o cualquier p\u00e9rdida o da\u00f1o de cualquier tipo en el que se incurra como resultado del uso del servicio o de cualquier contenido (o producto) publicado, transmitido o puesto a disposici\u00f3n a trav\u00e9s del servicio, incluso si se avisa de su posibilidad. Debido a que algunos estados o jurisdicciones no permiten la exclusi\u00f3n o la limitaci\u00f3n de la responsabilidad por da\u00f1os consecuentes o incidentales, en dichos estados o jurisdicciones, nuestra responsabilidad se limitar\u00e1 al m\u00e1ximo permitido por la ley.<\/p>\n<h2>Secci\u00f3n 14 &#8211; Indemnizaci\u00f3n<\/h2>\n<p>Usted se compromete a indemnizar, defender y eximir de responsabilidad a GriffinMachinery y a nuestras empresas matrices, subsidiarias, afiliadas, socios, funcionarios, directores, agentes, contratistas, licenciatarios, proveedores de servicios, subcontratistas, proveedores, pasantes y empleados, de cualquier reclamo o demanda, incluyendo los honorarios razonables de los abogados, hechos por cualquier tercero debido a, o que surjan de, su incumplimiento de estos T\u00e9rminos de Servicio o de los documentos que incorporan por referencia o su violaci\u00f3n de cualquier ley o de los derechos de un tercero.<\/p>\n<h2>Secci\u00f3n 15 &#8211; Divisibilidad<\/h2>\n<p>En el caso de que se determine que alguna disposici\u00f3n de estas Condiciones del servicio es ilegal, nula o inaplicable, dicha disposici\u00f3n ser\u00e1, no obstante, aplicable en la medida en que lo permita la legislaci\u00f3n aplicable, y la parte inaplicable se considerar\u00e1 separada de estas Condiciones del servicio, sin que dicha determinaci\u00f3n afecte a la validez y aplicabilidad de las dem\u00e1s disposiciones.<\/p>\n<h2>Secci\u00f3n 16 &#8211; Terminaci\u00f3n<\/h2>\n<p>Las obligaciones y responsabilidades de las partes contra\u00eddas antes de la fecha de terminaci\u00f3n sobrevivir\u00e1n a la terminaci\u00f3n de este acuerdo a todos los efectos.<\/p>\nEstas Condiciones de Servicio son efectivas a menos y hasta que sean rescindidas por usted o por nosotros. Usted puede rescindir estas Condiciones de Servicio en cualquier momento notific\u00e1ndonos que ya no desea utilizar nuestros Servicios, o cuando deje de utilizar nuestro sitio.<br \/>\nSi a nuestro juicio usted no cumple, o sospechamos que ha incumplido, cualquier t\u00e9rmino o disposici\u00f3n de estas Condiciones de Servicio, tambi\u00e9n podremos rescindir este acuerdo en cualquier momento sin previo aviso y usted seguir\u00e1 siendo responsable de todos los importes adeudados hasta la fecha de rescisi\u00f3n inclusive; y\/o en consecuencia podremos denegarle el acceso a nuestros Servicios (o a cualquier parte de los mismos).\n<h2>Secci\u00f3n 17 &#8211; Acuerdo completo<\/h2>\n<p>El hecho de que no ejerzamos o hagamos valer cualquier derecho o disposici\u00f3n de estas Condiciones de Servicio no constituir\u00e1 una renuncia a dicho derecho o disposici\u00f3n.<\/p>\n<p>Estas Condiciones del servicio y cualquier pol\u00edtica o norma de funcionamiento publicada por nosotros en este sitio o con respecto al Servicio constituyen el acuerdo y el entendimiento completos entre usted y nosotros y rigen su uso del Servicio, sustituyendo cualquier acuerdo, comunicaci\u00f3n y propuesta anteriores o contempor\u00e1neos, ya sean orales o escritos, entre usted y nosotros (incluyendo, pero sin limitarse a, cualquier versi\u00f3n anterior de las Condiciones del servicio).<\/p>\n<p>Cualquier ambig\u00fcedad en la interpretaci\u00f3n de estas Condiciones de Servicio no se interpretar\u00e1 en contra de la parte que las haya redactado.<\/p>\n<h2>Secci\u00f3n 18 &#8211; Ley aplicable<\/h2>\n<p>Estas Condiciones del servicio y cualquier otro acuerdo por el que le proporcionemos servicios se regir\u00e1n e interpretar\u00e1n de acuerdo con la legislaci\u00f3n de China.<\/p>\n<h2>Secci\u00f3n 19 &#8211; Cambios en las condiciones del servicio<\/h2>\n<p>Puede consultar la versi\u00f3n m\u00e1s actualizada de las Condiciones del servicio en cualquier momento en esta p\u00e1gina.<\/p>\n<p>Nos reservamos el derecho, a nuestra entera discreci\u00f3n, de actualizar, cambiar o sustituir cualquier parte de estas Condiciones del servicio mediante la publicaci\u00f3n de actualizaciones y cambios en nuestro sitio web. Es su responsabilidad revisar nuestro sitio web peri\u00f3dicamente para ver si hay cambios.<\/p>\n<p>El uso continuado o el acceso a nuestro sitio web o al Servicio tras la publicaci\u00f3n de cualquier cambio en estas Condiciones de Servicio constituye la aceptaci\u00f3n de dichos cambios.<\/p>\n\n","protected":false},"excerpt":{"rendered":"<p>Resumen Este sitio web es operado por GriffinMachinery. En todo el sitio, los t\u00e9rminos \u00abnosotros\u00bb, \u00abnos\u00bb y \u00abnuestro\u00bb se refieren a GriffinMachinery. GriffinMachinery ofrece este sitio web, incluyendo toda la informaci\u00f3n, herramientas y servicios disponibles [&hellip;]<\/p>\n","protected":false},"author":1,"featured_media":0,"parent":0,"menu_order":0,"comment_status":"closed","ping_status":"closed","template":"","meta":{"site-sidebar-layout":"default","site-content-layout":"default","ast-site-content-layout":"default","site-content-style":"default","site-sidebar-style":"default","ast-global-header-display":"","ast-banner-title-visibility":"","ast-main-header-display":"","ast-hfb-above-header-display":"","ast-hfb-below-header-display":"","ast-hfb-mobile-header-display":"","site-post-title":"","ast-breadcrumbs-content":"","ast-featured-img":"","footer-sml-layout":"","ast-disable-related-posts":"","theme-transparent-header-meta":"default","adv-header-id-meta":"","stick-header-meta":"default","header-above-stick-meta":"","header-main-stick-meta":"","header-below-stick-meta":"","astra-migrate-meta-layouts":"default","ast-page-background-enabled":"default","ast-page-background-meta":{"desktop":{"background-color":"","background-image":"","background-repeat":"repeat","background-position":"center center","background-size":"auto","background-attachment":"scroll","background-type":"","background-media":"","overlay-type":"","overlay-color":"","overlay-opacity":"","overlay-gradient":""},"tablet":{"background-color":"","background-image":"","background-repeat":"repeat","background-position":"center center","background-size":"auto","background-attachment":"scroll","background-type":"","background-media":"","overlay-type":"","overlay-color":"","overlay-opacity":"","overlay-gradient":""},"mobile":{"background-color":"","background-image":"","background-repeat":"repeat","background-position":"center center","background-size":"auto","background-attachment":"scroll","background-type":"","background-media":"","overlay-type":"","overlay-color":"","overlay-opacity":"","overlay-gradient":""}},"ast-content-background-meta":{"desktop":{"background-color":"var(--ast-global-color-5)","background-image":"","background-repeat":"repeat","background-position":"center center","background-size":"auto","background-attachment":"scroll","background-type":"","background-media":"","overlay-type":"","overlay-color":"","overlay-opacity":"","overlay-gradient":""},"tablet":{"background-color":"var(--ast-global-color-5)","background-image":"","background-repeat":"repeat","background-position":"center center","background-size":"auto","background-attachment":"scroll","background-type":"","background-media":"","overlay-type":"","overlay-color":"","overlay-opacity":"","overlay-gradient":""},"mobile":{"background-color":"var(--ast-global-color-5)","background-image":"","background-repeat":"repeat","background-position":"center center","background-size":"auto","background-attachment":"scroll","background-type":"","background-media":"","overlay-type":"","overlay-color":"","overlay-opacity":"","overlay-gradient":""}},"footnotes":""},"class_list":["post-4574","page","type-page","status-publish","hentry"],"_links":{"self":[{"href":"https:\/\/www.griffinmachinery.com\/es\/wp-json\/wp\/v2\/pages\/4574","targetHints":{"allow":["GET"]}}],"collection":[{"href":"https:\/\/www.griffinmachinery.com\/es\/wp-json\/wp\/v2\/pages"}],"about":[{"href":"https:\/\/www.griffinmachinery.com\/es\/wp-json\/wp\/v2\/types\/page"}],"author":[{"embeddable":true,"href":"https:\/\/www.griffinmachinery.com\/es\/wp-json\/wp\/v2\/users\/1"}],"replies":[{"embeddable":true,"href":"https:\/\/www.griffinmachinery.com\/es\/wp-json\/wp\/v2\/comments?post=4574"}],"version-history":[{"count":0,"href":"https:\/\/www.griffinmachinery.com\/es\/wp-json\/wp\/v2\/pages\/4574\/revisions"}],"wp:attachment":[{"href":"https:\/\/www.griffinmachinery.com\/es\/wp-json\/wp\/v2\/media?parent=4574"}],"curies":[{"name":"wp","href":"https:\/\/api.w.org\/{rel}","templated":true}]}}