{"id":4566,"date":"2018-06-18T06:57:57","date_gmt":"2018-06-18T06:57:57","guid":{"rendered":"https:\/\/www.griffinmachinery.com\/sobre-nosotros\/"},"modified":"2023-05-16T10:46:23","modified_gmt":"2023-05-16T10:46:23","slug":"sobre-nosotros","status":"publish","type":"page","link":"https:\/\/www.griffinmachinery.com\/es\/sobre-nosotros\/","title":{"rendered":"Sobre nosotros"},"content":{"rendered":"\n\n\t<h1>\n\t\t\t\t\tSobre Nosotros\n\t\t\t\t<\/h1>\n\t<h2>\n\t\t\t\t\tSomos su socio de confianza\n\t\t\t\t<\/h2>\n\t\t\t<p>Griffin Technology Manufacturing Co., Ltd. una f\u00e1brica con m\u00e1s de diez a\u00f1os de experiencia en servicios industriales profesionales y t\u00e9cnicos, est\u00e1 ubicada en la ciudad de Changzhou en Jiangsu.<\/p>\n<p>\u00a0<\/p>\n<p>Nuestra empresa cuenta con 2 grandes plantas de fabricaci\u00f3n de maquinaria de construcci\u00f3n moderna, equipadas con toda la l\u00ednea de doblado de chapa, corte por l\u00e1ser, pulido autom\u00e1tico, soldadura autom\u00e1tica, ocupa un \u00e1rea de 500,000 metros cuadrados. Adem\u00e1s, contamos con nuestro propio equipo de I+D, que cuenta con varios talentos, y un laboratorio de pruebas individual.<\/p>\n<p>\u00a0<\/p>\n<p>Con una amplia experiencia, seguimos liderando el dise\u00f1o y la fabricaci\u00f3n de secadores por aspersi\u00f3n de extractos de hierbas chinos, secadores por aspersi\u00f3n de saborizantes, secadores por aspersi\u00f3n de prote\u00ednas hidrolizadas, m\u00e1quinas secadoras de coco desecado, secadores de correa de malla de carne de coco, secadores de aspersi\u00f3n farmac\u00e9uticos, deshidratadores de frutas y verduras (cinta de malla). secador), secador de lecho fluidizado de migas de pan, secador por aspersi\u00f3n de enzimas, l\u00ednea de producci\u00f3n de pollo en polvo, l\u00ednea de procesamiento de secado de algas marinas, producci\u00f3n de gelatina, l\u00ednea de producci\u00f3n de WDG, etc.<\/p>\n<p>\u00a0<\/p>\n<p>Basados \u200b\u200ben mantener la calidad estable de las m\u00e1quinas de secado, mezcla, granulaci\u00f3n, trituraci\u00f3n y tamizado, investigamos y desarrollamos activamente nuevos productos, como compactadores de rodillos, sistemas de mezcla y transporte de flujo de aire, secador de banda al vac\u00edo, tratamos de suministrar proyectos llave en mano a nuestros clientes.<\/p>\n\t\t\t\t<img loading=\"lazy\" decoding=\"async\" src=\"https:\/\/www.griffinmachinery.com\/wp-content\/uploads\/2022\/03\/company.jpg\" alt=\"empresa\" itemprop=\"image\" height=\"853\" width=\"1280\" title=\"empresa\" onerror=\"this.style.display='none'\"  \/>\n\t\t\t\t<img loading=\"lazy\" decoding=\"async\" src=\"https:\/\/www.griffinmachinery.com\/wp-content\/uploads\/2022\/03\/factory.jpg\" alt=\"f\u00e1brica\" itemprop=\"image\" height=\"853\" width=\"1280\" title=\"f\u00e1brica\" onerror=\"this.style.display='none'\"  \/>\n\t<h3>\n\t\t\t\t\tLas cifras hablan por s\u00ed solas.\n\t\t\t\t<\/h3>\n\t\t\t\n\t<h2>\n\t\t\t\t\t20 +\n\t\t\t\t<\/h2>\n\t\t\t<p>Equipo curado<\/p>\n\t<h2>\n\t\t\t\t\t200 +\n\t\t\t\t<\/h2>\n\t\t\t<p>Proyectos y aplicaciones<\/p>\n\t<h2>\n\t\t\t\t\t12+\n\t\t\t\t<\/h2>\n\t\t\t<p>Categor\u00edas de m\u00e1quinas<\/p>\n\t\t\t\t<img decoding=\"async\" src=\"https:\/\/www.griffinmachinery.com\/wp-content\/uploads\/2022\/03\/image1.jpg\" alt=\"image1\" itemprop=\"image\"\/>\n\t<h2>\n\t\t\t\t\tProductos certificados\n\t\t\t\t<\/h2>\n\t\t\t\t<img decoding=\"async\" src=\"https:\/\/www.griffinmachinery.com\/wp-content\/uploads\/2022\/03\/certifications.png\" alt=\"certifications\" itemprop=\"image\"\/>\n\t\t\t<p>Las m\u00e1quinas de secado producidas por Griffin han sido exportadas a muchos pa\u00edses con un buen funcionamiento. Todos los productos son de calidad est\u00e1ndar y han pasado las certificaciones CE, ISO y SGS.<\/p>\n<p>\u00a0<\/p>\n<p>Nos especializamos en la investigaci\u00f3n y desarrollo de m\u00e1quinas secadoras industriales, tales como secador por aspersi\u00f3n, secador de cinta de malla, secador de lecho fluido, secador flash, secador de corriente de aire, secador de vac\u00edo, secador de placas, etc.<\/p>\n<p>\u00a0<\/p>\n<p>Como m\u00e1quinas auxiliares para la m\u00e1quina secadora, tambi\u00e9n suministramos mezcladora, granuladora, trituradora y tamizadora, compactadora de rodillos, sistema de mezcla de flujo de aire y transportador de flujo de aire.<\/p>\n<h2>\n\t\tNuestros servicios\n\t<\/h2>\n\t<p>Si tiene alg\u00fan problema en el futuro durante el proceso de prueba, le prometemos que le daremos una respuesta en un plazo de 48 horas y una soluci\u00f3n en un plazo de 3 d\u00edas laborables. Podemos ofrecer un v\u00eddeo de funcionamiento y un manual de instrucciones en ingl\u00e9s. Podemos ofrecer una videoconferencia.<\/p>\n\t<h3>\n\t\t\t\t\tPre-servicio\n\t\t\t\t<\/h3>\n\t\t\t<ul>\n<li>Servicio en l\u00ednea 24 horas para su consulta.<\/li>\n<li>Ayudar a elegir el modelo adecuado, y una serie de servicios, persona, asesoramiento.<\/li>\n<li>Aceptamos la personalizaci\u00f3n de todo tipo de productos con especificaciones especiales.<\/li>\n<li>Valoramos la consulta enviada a tiempo, asegurando una oferta r\u00e1pida y competitiva.<\/li>\n<\/ul>\n\t<h3>\n\t\t\t\t\tServicio posventa\n\t\t\t\t<\/h3>\n\t\t\t<ul>\n<li>Atendemos sus reclamaciones en 24 horas y le damos soluci\u00f3n en 3 d\u00edas laborables.<\/li>\n<li>Formaci\u00f3n sobre la instalaci\u00f3n de la m\u00e1quina, formaci\u00f3n sobre el uso de la m\u00e1quina. Ofrecemos un video de operaci\u00f3n y un manual de operaci\u00f3n en ingl\u00e9s. Podemos proporcionar video-con.<\/li>\n<li>Servicio de garant\u00eda de 1 a\u00f1o y mantenimiento de toda la vida; nuestros ingenieros podr\u00edan ir a su lugar para un mejor servicio necesariamente.<\/li>\n<\/ul>\n\t<h3>\n\t\t\t\t\tCompromiso\n\t\t\t\t<\/h3>\n\t\t\t<ul>\n<li>Firmaremos una carta de compromiso al mismo tiempo que el contrato, lo que mejorar\u00e1 su confianza en nosotros.<\/li>\n<li>Todas las mercanc\u00edas se cubren con pel\u00edcula y pel\u00edcula de burbujas de aire antes de ponerlas en la caja de madera fuerte.<\/li>\n<\/ul>\n\n","protected":false},"excerpt":{"rendered":"<p>Sobre Nosotros Somos su socio de confianza Griffin Technology Manufacturing Co., Ltd. una f\u00e1brica con m\u00e1s de diez a\u00f1os de experiencia en servicios industriales profesionales y t\u00e9cnicos, est\u00e1 ubicada en la ciudad de Changzhou en [&hellip;]<\/p>\n","protected":false},"author":1,"featured_media":0,"parent":0,"menu_order":0,"comment_status":"closed","ping_status":"closed","template":"","meta":{"site-sidebar-layout":"no-sidebar","site-content-layout":"page-builder","ast-site-content-layout":"default","site-content-style":"default","site-sidebar-style":"default","ast-global-header-display":"","ast-banner-title-visibility":"","ast-main-header-display":"","ast-hfb-above-header-display":"","ast-hfb-below-header-display":"","ast-hfb-mobile-header-display":"","site-post-title":"disabled","ast-breadcrumbs-content":"","ast-featured-img":"disabled","footer-sml-layout":"","ast-disable-related-posts":"","theme-transparent-header-meta":"enabled","adv-header-id-meta":"","stick-header-meta":"default","header-above-stick-meta":"","header-main-stick-meta":"","header-below-stick-meta":"","astra-migrate-meta-layouts":"default","ast-page-background-enabled":"default","ast-page-background-meta":{"desktop":{"background-color":"","background-image":"","background-repeat":"repeat","background-position":"center center","background-size":"auto","background-attachment":"scroll","background-type":"","background-media":"","overlay-type":"","overlay-color":"","overlay-opacity":"","overlay-gradient":""},"tablet":{"background-color":"","background-image":"","background-repeat":"repeat","background-position":"center center","background-size":"auto","background-attachment":"scroll","background-type":"","background-media":"","overlay-type":"","overlay-color":"","overlay-opacity":"","overlay-gradient":""},"mobile":{"background-color":"","background-image":"","background-repeat":"repeat","background-position":"center center","background-size":"auto","background-attachment":"scroll","background-type":"","background-media":"","overlay-type":"","overlay-color":"","overlay-opacity":"","overlay-gradient":""}},"ast-content-background-meta":{"desktop":{"background-color":"var(--ast-global-color-5)","background-image":"","background-repeat":"repeat","background-position":"center center","background-size":"auto","background-attachment":"scroll","background-type":"","background-media":"","overlay-type":"","overlay-color":"","overlay-opacity":"","overlay-gradient":""},"tablet":{"background-color":"var(--ast-global-color-5)","background-image":"","background-repeat":"repeat","background-position":"center center","background-size":"auto","background-attachment":"scroll","background-type":"","background-media":"","overlay-type":"","overlay-color":"","overlay-opacity":"","overlay-gradient":""},"mobile":{"background-color":"var(--ast-global-color-5)","background-image":"","background-repeat":"repeat","background-position":"center center","background-size":"auto","background-attachment":"scroll","background-type":"","background-media":"","overlay-type":"","overlay-color":"","overlay-opacity":"","overlay-gradient":""}},"footnotes":""},"class_list":["post-4566","page","type-page","status-publish","hentry"],"_links":{"self":[{"href":"https:\/\/www.griffinmachinery.com\/es\/wp-json\/wp\/v2\/pages\/4566","targetHints":{"allow":["GET"]}}],"collection":[{"href":"https:\/\/www.griffinmachinery.com\/es\/wp-json\/wp\/v2\/pages"}],"about":[{"href":"https:\/\/www.griffinmachinery.com\/es\/wp-json\/wp\/v2\/types\/page"}],"author":[{"embeddable":true,"href":"https:\/\/www.griffinmachinery.com\/es\/wp-json\/wp\/v2\/users\/1"}],"replies":[{"embeddable":true,"href":"https:\/\/www.griffinmachinery.com\/es\/wp-json\/wp\/v2\/comments?post=4566"}],"version-history":[{"count":0,"href":"https:\/\/www.griffinmachinery.com\/es\/wp-json\/wp\/v2\/pages\/4566\/revisions"}],"wp:attachment":[{"href":"https:\/\/www.griffinmachinery.com\/es\/wp-json\/wp\/v2\/media?parent=4566"}],"curies":[{"name":"wp","href":"https:\/\/api.w.org\/{rel}","templated":true}]}}