{"id":16261,"date":"2023-03-14T05:52:53","date_gmt":"2023-03-14T05:52:53","guid":{"rendered":"https:\/\/www.griffinmachinery.com\/secado-industria-carnica\/"},"modified":"2023-04-17T06:11:46","modified_gmt":"2023-04-17T06:11:46","slug":"secado-industria-carnica","status":"publish","type":"page","link":"https:\/\/www.griffinmachinery.com\/es\/secado-industria-carnica\/","title":{"rendered":"Secado Industria C\u00e1rnica"},"content":{"rendered":"\n<h3>\n\t\tM\u00e1quina de secado de carne industrial\n\t<\/h3>\n\t<p>Es un equipo especializado dise\u00f1ado para deshidratar y conservar productos c\u00e1rnicos al eliminarles la humedad. Este tipo de m\u00e1quina se usa com\u00fanmente en la industria de procesamiento de carne para diversas aplicaciones, como la elaboraci\u00f3n de carne seca, pescado y salchichas.<\/p>\n<p>Los equipos industriales de secado de carne m\u00e1s comunes actualmente en el mercado son los secadores de banda de malla y los hornos de circulaci\u00f3n de aire caliente.<\/p>\n<p>A la hora de elegir una adecuada, debes tener en cuenta factores como el tama\u00f1o y la capacidad de la m\u00e1quina, el tipo de carne y el nivel de deshidrataci\u00f3n.<\/p>\n\t\t\t<a href=\"#\" role=\"button\">\n\t\t\t\t\t\t\tP\u00f3ngase en contacto con nosotros\n\t\t\t<\/a>\n\t\t\n<div class=\"wpcf7 no-js\" id=\"wpcf7-f4589-o1\" lang=\"es-ES\" dir=\"ltr\" data-wpcf7-id=\"4589\">\n<div class=\"screen-reader-response\"><p role=\"status\" aria-live=\"polite\" aria-atomic=\"true\"><\/p> <ul><\/ul><\/div>\n<form action=\"\/es\/wp-json\/wp\/v2\/pages\/16261#wpcf7-f4589-o1\" method=\"post\" class=\"wpcf7-form init\" aria-label=\"Formulario de contacto\" novalidate=\"novalidate\" data-status=\"init\">\n<fieldset class=\"hidden-fields-container\"><input type=\"hidden\" name=\"_wpcf7\" value=\"4589\" \/><input type=\"hidden\" name=\"_wpcf7_version\" value=\"6.1.5\" \/><input type=\"hidden\" name=\"_wpcf7_locale\" value=\"es_ES\" \/><input type=\"hidden\" name=\"_wpcf7_unit_tag\" value=\"wpcf7-f4589-o1\" \/><input type=\"hidden\" name=\"_wpcf7_container_post\" value=\"0\" \/><input type=\"hidden\" name=\"_wpcf7_posted_data_hash\" value=\"\" \/><input type=\"hidden\" name=\"_wpcf7_recaptcha_response\" value=\"\" \/>\n<\/fieldset>\n<p><label> Su nombre<br \/>\n<span class=\"wpcf7-form-control-wrap\" data-name=\"your-name\"><input size=\"40\" maxlength=\"400\" class=\"wpcf7-form-control wpcf7-text wpcf7-validates-as-required\" aria-required=\"true\" aria-invalid=\"false\" value=\"\" type=\"text\" name=\"your-name\" \/><\/span> <\/label>\n<\/p>\n<p><label> Tu correo electr\u00f3nico<br \/>\n<span class=\"wpcf7-form-control-wrap\" data-name=\"your-email\"><input size=\"40\" maxlength=\"400\" class=\"wpcf7-form-control wpcf7-email wpcf7-validates-as-required wpcf7-text wpcf7-validates-as-email\" aria-required=\"true\" aria-invalid=\"false\" value=\"\" type=\"email\" name=\"your-email\" \/><\/span> <\/label>\n<\/p>\n<p><label> Numero de tel\u00e9fono (opcional)<br \/>\n<span class=\"wpcf7-form-control-wrap\" data-name=\"tel-157\"><input size=\"40\" maxlength=\"400\" class=\"wpcf7-form-control wpcf7-tel wpcf7-text wpcf7-validates-as-tel\" aria-invalid=\"false\" value=\"\" type=\"tel\" name=\"tel-157\" \/><\/span> <\/label>\n<\/p>\n<p><label> Su mensaje<br \/>\n<span class=\"wpcf7-form-control-wrap\" data-name=\"your-message\"><textarea cols=\"40\" rows=\"10\" maxlength=\"2000\" class=\"wpcf7-form-control wpcf7-textarea wpcf7-validates-as-required\" aria-required=\"true\" aria-invalid=\"false\" name=\"your-message\"><\/textarea><\/span> <\/label>\n<\/p>\n<p><span class=\"wpcf7-form-control-wrap\" data-name=\"quiz-747\"><label><span class=\"wpcf7-quiz-label\">2+6=?<\/span> <input size=\"40\" class=\"wpcf7-form-control wpcf7-quiz\" autocomplete=\"off\" aria-required=\"true\" aria-invalid=\"false\" type=\"text\" name=\"quiz-747\" \/><\/label><input type=\"hidden\" name=\"_wpcf7_quiz_answer_quiz-747\" value=\"b92383fac706b700c4f8d69faa457125\" \/><\/span>\n<\/p>\n<p><input class=\"wpcf7-form-control wpcf7-submit has-spinner\" type=\"submit\" value=\"Enviar\" \/>\n<\/p><div class=\"wpcf7-response-output\" aria-hidden=\"true\"><\/div>\n<\/form>\n<\/div>\n\t\n\t<h2>\n\t\t\t\t\tSecador de correa de malla para secado de carne\n\t\t\t\t<\/h2>\n\t\t\t\t<img loading=\"lazy\" decoding=\"async\" src=\"https:\/\/www.griffinmachinery.com\/wp-content\/uploads\/2023\/03\/Mesh-Belt-Drying-for-Meat.jpg\" alt=\"Mesh Belt Drying for Meat\" itemprop=\"image\" height=\"500\" width=\"920\" title=\"Mesh Belt Drying for Meat\" onerror=\"this.style.display='none'\"  \/>\n\t<p>Utiliza una cinta transportadora hecha de malla para transportar la carne a trav\u00e9s de una c\u00e1mara calentada. A medida que la carne se mueve a trav\u00e9s de la secadora, se sopla aire caliente a trav\u00e9s de la correa de malla, evaporando la humedad. Debe prestar atenci\u00f3n a que el secado de la carne requiere un control cuidadoso de la temperatura, la humedad y el flujo de aire para garantizar resultados seguros y consistentes.<\/p>\n\t<p>Utiliza una cinta transportadora hecha de malla para transportar la carne a trav\u00e9s de una c\u00e1mara calentada. A medida que la carne se mueve a trav\u00e9s de la secadora, se sopla aire caliente a trav\u00e9s de la correa de malla, evaporando la humedad. Debe prestar atenci\u00f3n a que el secado de la carne requiere un control cuidadoso de la temperatura, la humedad y el flujo de aire para garantizar resultados seguros y consistentes.<\/p>\n\t<p><strong>Ventajas<\/strong><\/p>\n<ul>\n<li>Secado uniforme<\/li>\n<li>Eficiencia energ\u00e9tica<\/li>\n<li>Alta capacidad<\/li>\n<\/ul>\n\t<p><strong>Desventajas<\/strong><\/p>\n<ul>\n<li>Costo<\/li>\n<li>Requisitos de espacio<\/li>\n<li>P\u00e9rdida de tiempo<\/li>\n<li>Conocimientos t\u00e9cnicos<\/li>\n<\/ul>\n\t\t\t<a href=\"https:\/\/www.griffinmachinery.com\/es\/secador-de-cinta-de-malla\/\" target=\"_blank\" role=\"button\" rel=\"noopener\">\n\t\t\t\t\t\t\tSaber m\u00e1s\n\t\t\t<\/a>\n\t\t\t<a href=\"#\" role=\"button\">\n\t\t\t\t\t\t\tEnviar consulta ahora\n\t\t\t<\/a>\n\t\t\n<div class=\"wpcf7 no-js\" id=\"wpcf7-f4589-o2\" lang=\"es-ES\" dir=\"ltr\" data-wpcf7-id=\"4589\">\n<div class=\"screen-reader-response\"><p role=\"status\" aria-live=\"polite\" aria-atomic=\"true\"><\/p> <ul><\/ul><\/div>\n<form action=\"\/es\/wp-json\/wp\/v2\/pages\/16261#wpcf7-f4589-o2\" method=\"post\" class=\"wpcf7-form init\" aria-label=\"Formulario de contacto\" novalidate=\"novalidate\" data-status=\"init\">\n<fieldset class=\"hidden-fields-container\"><input type=\"hidden\" name=\"_wpcf7\" value=\"4589\" \/><input type=\"hidden\" name=\"_wpcf7_version\" value=\"6.1.5\" \/><input type=\"hidden\" name=\"_wpcf7_locale\" value=\"es_ES\" \/><input type=\"hidden\" name=\"_wpcf7_unit_tag\" value=\"wpcf7-f4589-o2\" \/><input type=\"hidden\" name=\"_wpcf7_container_post\" value=\"0\" \/><input type=\"hidden\" name=\"_wpcf7_posted_data_hash\" value=\"\" \/><input type=\"hidden\" name=\"_wpcf7_recaptcha_response\" value=\"\" \/>\n<\/fieldset>\n<p><label> Su nombre<br \/>\n<span class=\"wpcf7-form-control-wrap\" data-name=\"your-name\"><input size=\"40\" maxlength=\"400\" class=\"wpcf7-form-control wpcf7-text wpcf7-validates-as-required\" aria-required=\"true\" aria-invalid=\"false\" value=\"\" type=\"text\" name=\"your-name\" \/><\/span> <\/label>\n<\/p>\n<p><label> Tu correo electr\u00f3nico<br \/>\n<span class=\"wpcf7-form-control-wrap\" data-name=\"your-email\"><input size=\"40\" maxlength=\"400\" class=\"wpcf7-form-control wpcf7-email wpcf7-validates-as-required wpcf7-text wpcf7-validates-as-email\" aria-required=\"true\" aria-invalid=\"false\" value=\"\" type=\"email\" name=\"your-email\" \/><\/span> <\/label>\n<\/p>\n<p><label> Numero de tel\u00e9fono (opcional)<br \/>\n<span class=\"wpcf7-form-control-wrap\" data-name=\"tel-157\"><input size=\"40\" maxlength=\"400\" class=\"wpcf7-form-control wpcf7-tel wpcf7-text wpcf7-validates-as-tel\" aria-invalid=\"false\" value=\"\" type=\"tel\" name=\"tel-157\" \/><\/span> <\/label>\n<\/p>\n<p><label> Su mensaje<br \/>\n<span class=\"wpcf7-form-control-wrap\" data-name=\"your-message\"><textarea cols=\"40\" rows=\"10\" maxlength=\"2000\" class=\"wpcf7-form-control wpcf7-textarea wpcf7-validates-as-required\" aria-required=\"true\" aria-invalid=\"false\" name=\"your-message\"><\/textarea><\/span> <\/label>\n<\/p>\n<p><span class=\"wpcf7-form-control-wrap\" data-name=\"quiz-747\"><label><span class=\"wpcf7-quiz-label\">2+6=?<\/span> <input size=\"40\" class=\"wpcf7-form-control wpcf7-quiz\" autocomplete=\"off\" aria-required=\"true\" aria-invalid=\"false\" type=\"text\" name=\"quiz-747\" \/><\/label><input type=\"hidden\" name=\"_wpcf7_quiz_answer_quiz-747\" value=\"b92383fac706b700c4f8d69faa457125\" \/><\/span>\n<\/p>\n<p><input class=\"wpcf7-form-control wpcf7-submit has-spinner\" type=\"submit\" value=\"Enviar\" \/>\n<\/p><div class=\"wpcf7-response-output\" aria-hidden=\"true\"><\/div>\n<\/form>\n<\/div>\n\t\n\t<h2>\n\t\t\t\t\tHorno de circulaci\u00f3n de aire caliente para secado de carne\n\t\t\t\t<\/h2>\n\t<p>Un horno de circulaci\u00f3n de aire caliente puede ser una buena opci\u00f3n para secar carne, ya que proporciona una temperatura constante y controlada en todo el horno, lo que puede ayudar a garantizar que la carne se seque de manera uniforme y al ritmo deseado.<\/p>\n\t<p><strong>Ventajas<\/strong><\/p>\n<ul>\n<li>Secado m\u00e1s r\u00e1pido<\/li>\n<li>Seguro<\/li>\n<li>Conveniencia<\/li>\n<\/ul>\n\t<p><strong>Desventajas<\/strong><\/p>\n<ul>\n<li>Uso de electricidad<\/li>\n<li>Capacidad limitada<\/li>\n<li>No apto para todas las carnes<\/li>\n<\/ul>\n\t\t\t<a href=\"https:\/\/www.griffinmachinery.com\/es\/horno-de-circulacion-de-aire-caliente\/\" target=\"_blank\" role=\"button\" rel=\"noopener\">\n\t\t\t\t\t\t\tSaber m\u00e1s\n\t\t\t<\/a>\n\t\t\t<a href=\"#\" role=\"button\">\n\t\t\t\t\t\t\tEnviar consulta ahora\n\t\t\t<\/a>\n\t\t\n<div class=\"wpcf7 no-js\" id=\"wpcf7-f4589-o3\" lang=\"es-ES\" dir=\"ltr\" data-wpcf7-id=\"4589\">\n<div class=\"screen-reader-response\"><p role=\"status\" aria-live=\"polite\" aria-atomic=\"true\"><\/p> <ul><\/ul><\/div>\n<form action=\"\/es\/wp-json\/wp\/v2\/pages\/16261#wpcf7-f4589-o3\" method=\"post\" class=\"wpcf7-form init\" aria-label=\"Formulario de contacto\" novalidate=\"novalidate\" data-status=\"init\">\n<fieldset class=\"hidden-fields-container\"><input type=\"hidden\" name=\"_wpcf7\" value=\"4589\" \/><input type=\"hidden\" name=\"_wpcf7_version\" value=\"6.1.5\" \/><input type=\"hidden\" name=\"_wpcf7_locale\" value=\"es_ES\" \/><input type=\"hidden\" name=\"_wpcf7_unit_tag\" value=\"wpcf7-f4589-o3\" \/><input type=\"hidden\" name=\"_wpcf7_container_post\" value=\"0\" \/><input type=\"hidden\" name=\"_wpcf7_posted_data_hash\" value=\"\" \/><input type=\"hidden\" name=\"_wpcf7_recaptcha_response\" value=\"\" \/>\n<\/fieldset>\n<p><label> Su nombre<br \/>\n<span class=\"wpcf7-form-control-wrap\" data-name=\"your-name\"><input size=\"40\" maxlength=\"400\" class=\"wpcf7-form-control wpcf7-text wpcf7-validates-as-required\" aria-required=\"true\" aria-invalid=\"false\" value=\"\" type=\"text\" name=\"your-name\" \/><\/span> <\/label>\n<\/p>\n<p><label> Tu correo electr\u00f3nico<br \/>\n<span class=\"wpcf7-form-control-wrap\" data-name=\"your-email\"><input size=\"40\" maxlength=\"400\" class=\"wpcf7-form-control wpcf7-email wpcf7-validates-as-required wpcf7-text wpcf7-validates-as-email\" aria-required=\"true\" aria-invalid=\"false\" value=\"\" type=\"email\" name=\"your-email\" \/><\/span> <\/label>\n<\/p>\n<p><label> Numero de tel\u00e9fono (opcional)<br \/>\n<span class=\"wpcf7-form-control-wrap\" data-name=\"tel-157\"><input size=\"40\" maxlength=\"400\" class=\"wpcf7-form-control wpcf7-tel wpcf7-text wpcf7-validates-as-tel\" aria-invalid=\"false\" value=\"\" type=\"tel\" name=\"tel-157\" \/><\/span> <\/label>\n<\/p>\n<p><label> Su mensaje<br \/>\n<span class=\"wpcf7-form-control-wrap\" data-name=\"your-message\"><textarea cols=\"40\" rows=\"10\" maxlength=\"2000\" class=\"wpcf7-form-control wpcf7-textarea wpcf7-validates-as-required\" aria-required=\"true\" aria-invalid=\"false\" name=\"your-message\"><\/textarea><\/span> <\/label>\n<\/p>\n<p><span class=\"wpcf7-form-control-wrap\" data-name=\"quiz-747\"><label><span class=\"wpcf7-quiz-label\">2+6=?<\/span> <input size=\"40\" class=\"wpcf7-form-control wpcf7-quiz\" autocomplete=\"off\" aria-required=\"true\" aria-invalid=\"false\" type=\"text\" name=\"quiz-747\" \/><\/label><input type=\"hidden\" name=\"_wpcf7_quiz_answer_quiz-747\" value=\"b92383fac706b700c4f8d69faa457125\" \/><\/span>\n<\/p>\n<p><input class=\"wpcf7-form-control wpcf7-submit has-spinner\" type=\"submit\" value=\"Enviar\" \/>\n<\/p><div class=\"wpcf7-response-output\" aria-hidden=\"true\"><\/div>\n<\/form>\n<\/div>\n\t\n\t\t\t\t<img loading=\"lazy\" decoding=\"async\" src=\"https:\/\/www.griffinmachinery.com\/wp-content\/uploads\/2023\/03\/Hot-Air-Circulating-Oven-for-Meat-Drying.jpg\" alt=\"Hot Air Circulating Oven for Meat Drying\" itemprop=\"image\" height=\"465\" width=\"650\" title=\"Hot Air Circulating Oven for Meat Drying\" onerror=\"this.style.display='none'\"  \/>\n\t<h2>\n\t\t\t\t\tCont\u00e1ctenos\n\t\t\t\t<\/h2>\n\t\t\t<p>Ponte en contacto con nosotros ahora. Nuestro equipo est\u00e1 listo para ayudarlo a encontrar la soluci\u00f3n adecuada para su proyecto de secado de carne.<\/p>\n\t\t\t\t<img loading=\"lazy\" decoding=\"async\" src=\"https:\/\/www.griffinmachinery.com\/wp-content\/uploads\/2022\/05\/Industrial-Dryer-Factory.png\" alt=\"F\u00e1brica de secadores industriales\" itemprop=\"image\" height=\"682\" width=\"1024\" title=\"F\u00e1brica de secadores industriales\" onerror=\"this.style.display='none'\"  \/>\n\t<iframe src=\"https:\/\/www.google.com\/maps\/embed?pb=!1m18!1m12!1m3!1d3390.2927421824006!2d119.88542131515791!3d31.817019981272452!2m3!1f0!2f0!3f0!3m2!1i1024!2i768!4f13.1!3m3!1m2!1s0x35b4149e3c70d0b3%3A0x8fff5da241c321f8!2sYun%20He%20Lu%2C%20China%2C%20213023!5e0!3m2!1sen!2sus!4v1649332227824!5m2!1sen!2sus\" width=\"100%\" height=\"300\" allowfullscreen=\"\" loading=\"lazy\" referrerpolicy=\"no-referrer-when-downgrade\"><\/iframe>\n\t\n<div class=\"wpcf7 no-js\" id=\"wpcf7-f4589-o4\" lang=\"es-ES\" dir=\"ltr\" data-wpcf7-id=\"4589\">\n<div class=\"screen-reader-response\"><p role=\"status\" aria-live=\"polite\" aria-atomic=\"true\"><\/p> <ul><\/ul><\/div>\n<form action=\"\/es\/wp-json\/wp\/v2\/pages\/16261#wpcf7-f4589-o4\" method=\"post\" class=\"wpcf7-form init\" aria-label=\"Formulario de contacto\" novalidate=\"novalidate\" data-status=\"init\">\n<fieldset class=\"hidden-fields-container\"><input type=\"hidden\" name=\"_wpcf7\" value=\"4589\" \/><input type=\"hidden\" name=\"_wpcf7_version\" value=\"6.1.5\" \/><input type=\"hidden\" name=\"_wpcf7_locale\" value=\"es_ES\" \/><input type=\"hidden\" name=\"_wpcf7_unit_tag\" value=\"wpcf7-f4589-o4\" \/><input type=\"hidden\" name=\"_wpcf7_container_post\" value=\"0\" \/><input type=\"hidden\" name=\"_wpcf7_posted_data_hash\" value=\"\" \/><input type=\"hidden\" name=\"_wpcf7_recaptcha_response\" value=\"\" \/>\n<\/fieldset>\n<p><label> Su nombre<br \/>\n<span class=\"wpcf7-form-control-wrap\" data-name=\"your-name\"><input size=\"40\" maxlength=\"400\" class=\"wpcf7-form-control wpcf7-text wpcf7-validates-as-required\" aria-required=\"true\" aria-invalid=\"false\" value=\"\" type=\"text\" name=\"your-name\" \/><\/span> <\/label>\n<\/p>\n<p><label> Tu correo electr\u00f3nico<br \/>\n<span class=\"wpcf7-form-control-wrap\" data-name=\"your-email\"><input size=\"40\" maxlength=\"400\" class=\"wpcf7-form-control wpcf7-email wpcf7-validates-as-required wpcf7-text wpcf7-validates-as-email\" aria-required=\"true\" aria-invalid=\"false\" value=\"\" type=\"email\" name=\"your-email\" \/><\/span> <\/label>\n<\/p>\n<p><label> Numero de tel\u00e9fono (opcional)<br \/>\n<span class=\"wpcf7-form-control-wrap\" data-name=\"tel-157\"><input size=\"40\" maxlength=\"400\" class=\"wpcf7-form-control wpcf7-tel wpcf7-text wpcf7-validates-as-tel\" aria-invalid=\"false\" value=\"\" type=\"tel\" name=\"tel-157\" \/><\/span> <\/label>\n<\/p>\n<p><label> Su mensaje<br \/>\n<span class=\"wpcf7-form-control-wrap\" data-name=\"your-message\"><textarea cols=\"40\" rows=\"10\" maxlength=\"2000\" class=\"wpcf7-form-control wpcf7-textarea wpcf7-validates-as-required\" aria-required=\"true\" aria-invalid=\"false\" name=\"your-message\"><\/textarea><\/span> <\/label>\n<\/p>\n<p><span class=\"wpcf7-form-control-wrap\" data-name=\"quiz-747\"><label><span class=\"wpcf7-quiz-label\">2+6=?<\/span> <input size=\"40\" class=\"wpcf7-form-control wpcf7-quiz\" autocomplete=\"off\" aria-required=\"true\" aria-invalid=\"false\" type=\"text\" name=\"quiz-747\" \/><\/label><input type=\"hidden\" name=\"_wpcf7_quiz_answer_quiz-747\" value=\"b92383fac706b700c4f8d69faa457125\" \/><\/span>\n<\/p>\n<p><input class=\"wpcf7-form-control wpcf7-submit has-spinner\" type=\"submit\" value=\"Enviar\" \/>\n<\/p><div class=\"wpcf7-response-output\" aria-hidden=\"true\"><\/div>\n<\/form>\n<\/div>\n\n\n","protected":false},"excerpt":{"rendered":"<p>M\u00e1quina de secado de carne industrial Es un equipo especializado dise\u00f1ado para deshidratar y conservar productos c\u00e1rnicos al eliminarles la humedad. Este tipo de m\u00e1quina se usa com\u00fanmente en la industria de procesamiento de carne [&hellip;]<\/p>\n","protected":false},"author":1,"featured_media":0,"parent":0,"menu_order":0,"comment_status":"closed","ping_status":"closed","template":"","meta":{"site-sidebar-layout":"no-sidebar","site-content-layout":"page-builder","ast-site-content-layout":"default","site-content-style":"default","site-sidebar-style":"default","ast-global-header-display":"","ast-banner-title-visibility":"","ast-main-header-display":"","ast-hfb-above-header-display":"","ast-hfb-below-header-display":"","ast-hfb-mobile-header-display":"","site-post-title":"disabled","ast-breadcrumbs-content":"","ast-featured-img":"disabled","footer-sml-layout":"","ast-disable-related-posts":"","theme-transparent-header-meta":"default","adv-header-id-meta":"","stick-header-meta":"default","header-above-stick-meta":"","header-main-stick-meta":"","header-below-stick-meta":"","astra-migrate-meta-layouts":"default","ast-page-background-enabled":"default","ast-page-background-meta":{"desktop":{"background-color":"","background-image":"","background-repeat":"repeat","background-position":"center center","background-size":"auto","background-attachment":"scroll","background-type":"","background-media":"","overlay-type":"","overlay-color":"","overlay-opacity":"","overlay-gradient":""},"tablet":{"background-color":"","background-image":"","background-repeat":"repeat","background-position":"center center","background-size":"auto","background-attachment":"scroll","background-type":"","background-media":"","overlay-type":"","overlay-color":"","overlay-opacity":"","overlay-gradient":""},"mobile":{"background-color":"","background-image":"","background-repeat":"repeat","background-position":"center center","background-size":"auto","background-attachment":"scroll","background-type":"","background-media":"","overlay-type":"","overlay-color":"","overlay-opacity":"","overlay-gradient":""}},"ast-content-background-meta":{"desktop":{"background-color":"var(--ast-global-color-5)","background-image":"","background-repeat":"repeat","background-position":"center center","background-size":"auto","background-attachment":"scroll","background-type":"","background-media":"","overlay-type":"","overlay-color":"","overlay-opacity":"","overlay-gradient":""},"tablet":{"background-color":"var(--ast-global-color-5)","background-image":"","background-repeat":"repeat","background-position":"center center","background-size":"auto","background-attachment":"scroll","background-type":"","background-media":"","overlay-type":"","overlay-color":"","overlay-opacity":"","overlay-gradient":""},"mobile":{"background-color":"var(--ast-global-color-5)","background-image":"","background-repeat":"repeat","background-position":"center center","background-size":"auto","background-attachment":"scroll","background-type":"","background-media":"","overlay-type":"","overlay-color":"","overlay-opacity":"","overlay-gradient":""}},"footnotes":""},"class_list":["post-16261","page","type-page","status-publish","hentry"],"_links":{"self":[{"href":"https:\/\/www.griffinmachinery.com\/es\/wp-json\/wp\/v2\/pages\/16261","targetHints":{"allow":["GET"]}}],"collection":[{"href":"https:\/\/www.griffinmachinery.com\/es\/wp-json\/wp\/v2\/pages"}],"about":[{"href":"https:\/\/www.griffinmachinery.com\/es\/wp-json\/wp\/v2\/types\/page"}],"author":[{"embeddable":true,"href":"https:\/\/www.griffinmachinery.com\/es\/wp-json\/wp\/v2\/users\/1"}],"replies":[{"embeddable":true,"href":"https:\/\/www.griffinmachinery.com\/es\/wp-json\/wp\/v2\/comments?post=16261"}],"version-history":[{"count":0,"href":"https:\/\/www.griffinmachinery.com\/es\/wp-json\/wp\/v2\/pages\/16261\/revisions"}],"wp:attachment":[{"href":"https:\/\/www.griffinmachinery.com\/es\/wp-json\/wp\/v2\/media?parent=16261"}],"curies":[{"name":"wp","href":"https:\/\/api.w.org\/{rel}","templated":true}]}}