{"id":10021,"date":"2022-10-31T07:44:37","date_gmt":"2022-10-31T07:44:37","guid":{"rendered":"https:\/\/www.griffinmachinery.com\/nuestros-servicios\/"},"modified":"2022-11-13T06:32:31","modified_gmt":"2022-11-13T06:32:31","slug":"nuestros-servicios","status":"publish","type":"page","link":"https:\/\/www.griffinmachinery.com\/es\/nuestros-servicios\/","title":{"rendered":"Nuestros servicios"},"content":{"rendered":"\n\n\t<h1>\n\t\t\t\t\tNuestros servicios\n\t\t\t\t<\/h1>\n\t<p>Con el fin de estandarizar el contenido de nuestros servicios, hemos enumerado las siguientes listas a continuaci\u00f3n.<\/p>\n<h3>\n\t\tI. Servicios de preventa y venta\n\t<\/h3>\n\t\t\t\t<img decoding=\"async\" src=\"https:\/\/www.griffinmachinery.com\/wp-content\/uploads\/2022\/05\/Our-Team-3.png\" alt=\"Our Team 3\" itemprop=\"image\"\/>\n\t<ul>\n<li>Ayudar a elegir el modelo de equipo correcto.<\/li>\n<li>El departamento t\u00e9cnico coopera con los vendedores para dar seguimiento a los proyectos de los clientes y comprender las necesidades de los clientes en t\u00e9rminos de requisitos del proceso de producci\u00f3n, procesos, lotes, ingenier\u00eda y verificaci\u00f3n.<\/li>\n<li>El personal de servicio t\u00e9cnico se comunicar\u00e1 con el cliente en todo momento en cuanto a tecnolog\u00eda o ingenier\u00eda para formular soluciones.<\/li>\n<li>Proporcionar documentos t\u00e9cnicos y materiales relacionados que necesitan los clientes de manera oportuna.<\/li>\n<\/ul>\n<h3>\n\t\tII. Servicios postventa\n\t<\/h3>\n\t\t\t\t<img decoding=\"async\" src=\"https:\/\/www.griffinmachinery.com\/wp-content\/uploads\/2022\/03\/image1.jpg\" alt=\"image1\" itemprop=\"image\"\/>\n\t<p><strong>2.1 Instalaci\u00f3n y puesta en marcha<\/strong><\/p>\n<ul>\n<li>Comunicarse con los clientes de manera oportuna cuando se env\u00ede el equipo para comprender los planes de instalaci\u00f3n del equipo del cliente.<\/li>\n<li>Ayude a los clientes a completar la preparaci\u00f3n antes de la instalaci\u00f3n del equipo y proporcione a los clientes el contenido detallado de la preparaci\u00f3n de la instalaci\u00f3n del equipo.<\/li>\n<li>Despu\u00e9s de recibir el aviso de instalaci\u00f3n, iremos al sitio del cliente a tiempo para cooperar con el cliente para completar el desembalaje y la aceptaci\u00f3n del equipo.<\/li>\n<li>Cooperar con los clientes para formular planes de levantamiento durante la instalaci\u00f3n del equipo.<\/li>\n<li>Guiado en obra de izaje de equipos y conexi\u00f3n a la cimentaci\u00f3n.<\/li>\n<li>Depure el equipo y coopere con los clientes para completar la verificaci\u00f3n del funcionamiento del equipo.<\/li>\n<li>Realice la capacitaci\u00f3n para el personal relacionado con el cliente y el plan de capacitaci\u00f3n se cargar\u00e1 en el archivo del cliente despu\u00e9s de que el cliente lo firme y confirme.<\/li>\n<\/ul>\n<h3>\n\t\tIII. Obligaciones del Cliente\n\t<\/h3>\n\t<ul>\n<li>Permitir que nuestro personal de servicio tenga acceso seguro, oportuno y adecuado a los productos de equipos fabricados por Haihong para que nuestro personal pueda realizar los servicios.<\/li>\n<li>Las herramientas, las instalaciones auxiliares y los servicios de apoyo al personal propuestos por nuestro personal se proporcionan de forma gratuita para garantizar el buen funcionamiento del servicio.<\/li>\n<li>Por seguridad, aseg\u00farese de que nuestro personal est\u00e9 siempre acompa\u00f1ado por un empleado que est\u00e9 familiarizado con el sitio del usuario y el sistema de seguridad cuando se encuentre en el sitio del cliente.<\/li>\n<li>Proporcione a nuestro personal una descripci\u00f3n espec\u00edfica del problema que enfrenta el equipo, informe al personal de servicio cu\u00e1l fue el informe de falla, cu\u00e1ndo ocurri\u00f3 y qu\u00e9 pasos se tomaron para corregir la falla.<\/li>\n<\/ul>\n\n","protected":false},"excerpt":{"rendered":"<p>Nuestros servicios Con el fin de estandarizar el contenido de nuestros servicios, hemos enumerado las siguientes listas a continuaci\u00f3n. I. Servicios de preventa y venta Ayudar a elegir el modelo de equipo correcto. El departamento [&hellip;]<\/p>\n","protected":false},"author":1,"featured_media":0,"parent":0,"menu_order":0,"comment_status":"closed","ping_status":"closed","template":"","meta":{"site-sidebar-layout":"no-sidebar","site-content-layout":"page-builder","ast-site-content-layout":"default","site-content-style":"default","site-sidebar-style":"default","ast-global-header-display":"","ast-banner-title-visibility":"","ast-main-header-display":"","ast-hfb-above-header-display":"","ast-hfb-below-header-display":"","ast-hfb-mobile-header-display":"","site-post-title":"disabled","ast-breadcrumbs-content":"","ast-featured-img":"disabled","footer-sml-layout":"","ast-disable-related-posts":"","theme-transparent-header-meta":"enabled","adv-header-id-meta":"","stick-header-meta":"default","header-above-stick-meta":"","header-main-stick-meta":"","header-below-stick-meta":"","astra-migrate-meta-layouts":"default","ast-page-background-enabled":"default","ast-page-background-meta":{"desktop":{"background-color":"","background-image":"","background-repeat":"repeat","background-position":"center center","background-size":"auto","background-attachment":"scroll","background-type":"","background-media":"","overlay-type":"","overlay-color":"","overlay-opacity":"","overlay-gradient":""},"tablet":{"background-color":"","background-image":"","background-repeat":"repeat","background-position":"center center","background-size":"auto","background-attachment":"scroll","background-type":"","background-media":"","overlay-type":"","overlay-color":"","overlay-opacity":"","overlay-gradient":""},"mobile":{"background-color":"","background-image":"","background-repeat":"repeat","background-position":"center center","background-size":"auto","background-attachment":"scroll","background-type":"","background-media":"","overlay-type":"","overlay-color":"","overlay-opacity":"","overlay-gradient":""}},"ast-content-background-meta":{"desktop":{"background-color":"var(--ast-global-color-5)","background-image":"","background-repeat":"repeat","background-position":"center center","background-size":"auto","background-attachment":"scroll","background-type":"","background-media":"","overlay-type":"","overlay-color":"","overlay-opacity":"","overlay-gradient":""},"tablet":{"background-color":"var(--ast-global-color-5)","background-image":"","background-repeat":"repeat","background-position":"center center","background-size":"auto","background-attachment":"scroll","background-type":"","background-media":"","overlay-type":"","overlay-color":"","overlay-opacity":"","overlay-gradient":""},"mobile":{"background-color":"var(--ast-global-color-5)","background-image":"","background-repeat":"repeat","background-position":"center center","background-size":"auto","background-attachment":"scroll","background-type":"","background-media":"","overlay-type":"","overlay-color":"","overlay-opacity":"","overlay-gradient":""}},"footnotes":""},"class_list":["post-10021","page","type-page","status-publish","hentry"],"_links":{"self":[{"href":"https:\/\/www.griffinmachinery.com\/es\/wp-json\/wp\/v2\/pages\/10021","targetHints":{"allow":["GET"]}}],"collection":[{"href":"https:\/\/www.griffinmachinery.com\/es\/wp-json\/wp\/v2\/pages"}],"about":[{"href":"https:\/\/www.griffinmachinery.com\/es\/wp-json\/wp\/v2\/types\/page"}],"author":[{"embeddable":true,"href":"https:\/\/www.griffinmachinery.com\/es\/wp-json\/wp\/v2\/users\/1"}],"replies":[{"embeddable":true,"href":"https:\/\/www.griffinmachinery.com\/es\/wp-json\/wp\/v2\/comments?post=10021"}],"version-history":[{"count":0,"href":"https:\/\/www.griffinmachinery.com\/es\/wp-json\/wp\/v2\/pages\/10021\/revisions"}],"wp:attachment":[{"href":"https:\/\/www.griffinmachinery.com\/es\/wp-json\/wp\/v2\/media?parent=10021"}],"curies":[{"name":"wp","href":"https:\/\/api.w.org\/{rel}","templated":true}]}}