{"id":9216,"date":"2022-10-16T07:36:43","date_gmt":"2022-10-16T07:36:43","guid":{"rendered":"https:\/\/www.griffinmachinery.com\/heissluftumluftofen\/"},"modified":"2023-04-02T07:00:30","modified_gmt":"2023-04-02T07:00:30","slug":"heisluftumluftofen","status":"publish","type":"product","link":"https:\/\/www.griffinmachinery.com\/de\/heisluftumluftofen\/","title":{"rendered":"Hei\u00dfluftumluftofen"},"content":{"rendered":"<h2 style=\"text-align: center;\">Interne Struktur des Hei\u00dfluftumw\u00e4lzofens<\/h2>\n<p><img loading=\"lazy\" decoding=\"async\" class=\"alignnone size-full wp-image-11243\" src=\"https:\/\/www.griffinmachinery.com\/wp-content\/uploads\/2022\/10\/Interne-Struktur-des-Heisluftumwalzofens.jpg\" alt=\"Interne Struktur des Hei\u00dfluftumw\u00e4lzofens\" width=\"1347\" height=\"780\" srcset=\"https:\/\/www.griffinmachinery.com\/wp-content\/uploads\/2022\/10\/Interne-Struktur-des-Heisluftumwalzofens.jpg 1347w, https:\/\/www.griffinmachinery.com\/wp-content\/uploads\/2022\/10\/Interne-Struktur-des-Heisluftumwalzofens-300x174.jpg 300w, https:\/\/www.griffinmachinery.com\/wp-content\/uploads\/2022\/10\/Interne-Struktur-des-Heisluftumwalzofens-1024x593.jpg 1024w, https:\/\/www.griffinmachinery.com\/wp-content\/uploads\/2022\/10\/Interne-Struktur-des-Heisluftumwalzofens-768x445.jpg 768w, https:\/\/www.griffinmachinery.com\/wp-content\/uploads\/2022\/10\/Interne-Struktur-des-Heisluftumwalzofens-600x347.jpg 600w\" sizes=\"auto, (max-width: 1347px) 100vw, 1347px\" \/><\/p>\n<hr \/>\n<p>Unser Ofenk\u00f6rper hat zwei seitliche Lufteinl\u00e4sse und zur\u00fcck durch die Mitte. Der Zirkulationsweg der Warmluft ist k\u00fcrzer, um eine gleichm\u00e4\u00dfige Temperatur im Kofferaufbau zu gew\u00e4hrleisten.<\/p>\n<p>Es ist leicht zu reinigen und verteilt die Luft gleichm\u00e4\u00dfig. Sammeln Sie die Hei\u00dfluftbahn von 2000 Hei\u00dfluftumw\u00e4lz\u00f6fen und w\u00e4hlen Sie das beste Stanzverh\u00e4ltnis, um eine gleichm\u00e4\u00dfige Luftverteilung zwischen Einlass und Auslass zu gew\u00e4hrleisten.<\/p>\n<h2 style=\"text-align: center;\">Technische Parameter<\/h2>\n<table>\n<tbody>\n<tr>\n<td bgcolor=\"#d9edf7\"><strong>Modell<\/strong><\/td>\n<td bgcolor=\"#d9edf7\"><strong>Verdunstungsfl\u00e4che (\u33a1)<\/strong><\/td>\n<td bgcolor=\"#d9edf7\"><strong>Effizientes Volumen (\u33a1)<\/strong><\/td>\n<td bgcolor=\"#d9edf7\"><strong>Trocknungskapazit\u00e4t (kg\/Charge)<\/strong><\/td>\n<td bgcolor=\"#d9edf7\"><strong>K\u00fchlerfl\u00e4che (\u33a1)<\/strong><\/td>\n<td bgcolor=\"#d9edf7\"><strong>Elektrische Heizleistung (kw)<\/strong><\/td>\n<td bgcolor=\"#d9edf7\"><strong>L\u00fcftervolumen (\u33a1\/h)<\/strong><\/td>\n<td bgcolor=\"#d9edf7\"><strong>L\u00fcfterleistung (kW)<\/strong><\/td>\n<\/tr>\n<tr>\n<td><strong>CT-C-O<\/strong><\/td>\n<td>7.1<\/td>\n<td>1.3<\/td>\n<td>60<\/td>\n<td>15<\/td>\n<td>6-9<\/td>\n<td>4510<\/td>\n<td>0.45<\/td>\n<\/tr>\n<tr>\n<td><strong>CT-C-\u2160<\/strong><\/td>\n<td>14.1<\/td>\n<td>2.6<\/td>\n<td>120<\/td>\n<td>23<\/td>\n<td>15<\/td>\n<td>4510<\/td>\n<td>0.45<\/td>\n<\/tr>\n<tr>\n<td><strong>CT-C-\u2161<\/strong><\/td>\n<td>28.3<\/td>\n<td>4.9<\/td>\n<td>240<\/td>\n<td>48<\/td>\n<td>30<\/td>\n<td>9020<\/td>\n<td>0.45\u00d72<\/td>\n<\/tr>\n<tr>\n<td><strong>CT-C-\u2162<\/strong><\/td>\n<td>42.4<\/td>\n<td>7.4<\/td>\n<td>360<\/td>\n<td>60<\/td>\n<td>45<\/td>\n<td>13530<\/td>\n<td>0.45\u00d73<\/td>\n<\/tr>\n<tr>\n<td><strong>CT-C-\u2163<\/strong><\/td>\n<td>56.5<\/td>\n<td>10.3<\/td>\n<td>480<\/td>\n<td>96<\/td>\n<td>60<\/td>\n<td>18040<\/td>\n<td>0.45\u00d74<\/td>\n<\/tr>\n<tr>\n<td><strong>CT-\u2160<\/strong><\/td>\n<td>14.1<\/td>\n<td>2.6<\/td>\n<td>120<\/td>\n<td>23<\/td>\n<td>15<\/td>\n<td>1414<\/td>\n<td>1.1<\/td>\n<\/tr>\n<tr>\n<td><strong>CT-\u2161<\/strong><\/td>\n<td>28.3<\/td>\n<td>4.9<\/td>\n<td>240<\/td>\n<td>48<\/td>\n<td>30<\/td>\n<td>5230<\/td>\n<td>1.1<\/td>\n<\/tr>\n<tr>\n<td><strong>CT-\u2162<\/strong><\/td>\n<td>42.4<\/td>\n<td>7.4<\/td>\n<td>360<\/td>\n<td>72<\/td>\n<td>45<\/td>\n<td>9800<\/td>\n<td>2.2<\/td>\n<\/tr>\n<\/tbody>\n<\/table>\n","protected":false},"excerpt":{"rendered":"<ul>\n<li>Die W\u00e4rmequelle umfasst Dampf, Elektrizit\u00e4t, fernes Infrarot und elektrischen Dampf.<\/li>\n<li>Die Verwendungstemperatur f\u00fcr die Dampfheizung betr\u00e4gt 50-140\u2103, mit einer Obergrenze von 150\u2103.<\/li>\n<li>Strom, Ferninfrarottemperatur 50-500\u2103.<\/li>\n<li>Ausgestattet mit automatischem Kontrollsystem und Computerkontrollsystem.<\/li>\n<li>Der \u00fcblicherweise verwendete Dampfdruck betr\u00e4gt 0,2\u20130,8 MPa (2\u20138 kg\/cm2).<\/li>\n<li>Spezielle Anpassungsanforderungen werden bei der Bestellung erl\u00e4utert. Die Gebrauchstemperatur ist gr\u00f6\u00dfer als 140\u2103 oder kleiner als 60\u2103, bei der Bestellung anzugeben.<\/li>\n<li>Die Gr\u00f6\u00dfe unserer Backbleche ist einheitlich und verschiedene Ofenmodelle k\u00f6nnen gemeinsam verwendet werden.<\/li>\n<\/ul>\n","protected":false},"featured_media":9153,"template":"","meta":{"site-sidebar-layout":"default","site-content-layout":"default","ast-site-content-layout":"default","site-content-style":"default","site-sidebar-style":"default","ast-global-header-display":"","ast-banner-title-visibility":"","ast-main-header-display":"","ast-hfb-above-header-display":"","ast-hfb-below-header-display":"","ast-hfb-mobile-header-display":"","site-post-title":"","ast-breadcrumbs-content":"","ast-featured-img":"","footer-sml-layout":"","ast-disable-related-posts":"","theme-transparent-header-meta":"default","adv-header-id-meta":"","stick-header-meta":"default","header-above-stick-meta":"","header-main-stick-meta":"","header-below-stick-meta":"","astra-migrate-meta-layouts":"default","ast-page-background-enabled":"default","ast-page-background-meta":{"desktop":{"background-color":"","background-image":"","background-repeat":"repeat","background-position":"center center","background-size":"auto","background-attachment":"scroll","background-type":"","background-media":"","overlay-type":"","overlay-color":"","overlay-opacity":"","overlay-gradient":""},"tablet":{"background-color":"","background-image":"","background-repeat":"repeat","background-position":"center center","background-size":"auto","background-attachment":"scroll","background-type":"","background-media":"","overlay-type":"","overlay-color":"","overlay-opacity":"","overlay-gradient":""},"mobile":{"background-color":"","background-image":"","background-repeat":"repeat","background-position":"center center","background-size":"auto","background-attachment":"scroll","background-type":"","background-media":"","overlay-type":"","overlay-color":"","overlay-opacity":"","overlay-gradient":""}},"ast-content-background-meta":{"desktop":{"background-color":"var(--ast-global-color-5)","background-image":"","background-repeat":"repeat","background-position":"center center","background-size":"auto","background-attachment":"scroll","background-type":"","background-media":"","overlay-type":"","overlay-color":"","overlay-opacity":"","overlay-gradient":""},"tablet":{"background-color":"var(--ast-global-color-5)","background-image":"","background-repeat":"repeat","background-position":"center center","background-size":"auto","background-attachment":"scroll","background-type":"","background-media":"","overlay-type":"","overlay-color":"","overlay-opacity":"","overlay-gradient":""},"mobile":{"background-color":"var(--ast-global-color-5)","background-image":"","background-repeat":"repeat","background-position":"center center","background-size":"auto","background-attachment":"scroll","background-type":"","background-media":"","overlay-type":"","overlay-color":"","overlay-opacity":"","overlay-gradient":""}}},"product_brand":[],"product_cat":[183],"product_tag":[],"class_list":{"0":"post-9216","1":"product","2":"type-product","3":"status-publish","4":"has-post-thumbnail","6":"product_cat-nicht-kategorisiert","7":"desktop-align-center","8":"tablet-align-center","9":"mobile-align-center","10":"ast-product-gallery-layout-horizontal","11":"ast-product-tabs-layout-horizontal","12":"ast-qv-on-image","14":"first","15":"instock","16":"shipping-taxable","17":"product-type-simple"},"_links":{"self":[{"href":"https:\/\/www.griffinmachinery.com\/de\/wp-json\/wp\/v2\/product\/9216","targetHints":{"allow":["GET"]}}],"collection":[{"href":"https:\/\/www.griffinmachinery.com\/de\/wp-json\/wp\/v2\/product"}],"about":[{"href":"https:\/\/www.griffinmachinery.com\/de\/wp-json\/wp\/v2\/types\/product"}],"wp:featuredmedia":[{"embeddable":true,"href":"https:\/\/www.griffinmachinery.com\/de\/wp-json\/wp\/v2\/media\/9153"}],"wp:attachment":[{"href":"https:\/\/www.griffinmachinery.com\/de\/wp-json\/wp\/v2\/media?parent=9216"}],"wp:term":[{"taxonomy":"product_brand","embeddable":true,"href":"https:\/\/www.griffinmachinery.com\/de\/wp-json\/wp\/v2\/product_brand?post=9216"},{"taxonomy":"product_cat","embeddable":true,"href":"https:\/\/www.griffinmachinery.com\/de\/wp-json\/wp\/v2\/product_cat?post=9216"},{"taxonomy":"product_tag","embeddable":true,"href":"https:\/\/www.griffinmachinery.com\/de\/wp-json\/wp\/v2\/product_tag?post=9216"}],"curies":[{"name":"wp","href":"https:\/\/api.w.org\/{rel}","templated":true}]}}