{"id":5914,"date":"2022-04-04T15:30:06","date_gmt":"2022-04-04T15:30:06","guid":{"rendered":"https:\/\/www.griffinmachinery.com\/vertikal-siedender-wirbelschichttrockner\/"},"modified":"2023-03-10T04:20:42","modified_gmt":"2023-03-10T04:20:42","slug":"siedender-wirbelschichttrockner","status":"publish","type":"product","link":"https:\/\/www.griffinmachinery.com\/de\/siedender-wirbelschichttrockner\/","title":{"rendered":"Batch-Wirbelschichttrockner"},"content":{"rendered":"<h3>Technische Parameter<\/h3>\n<table width=\"100%\" cellspacing=\"0\" cellpadding=\"0\">\n<tbody>\n<tr class=\"firstRow\">\n<td colspan=\"2\" bgcolor=\"#d9edf7\"><strong>Item<\/strong><\/td>\n<td>30<\/td>\n<td>60<\/td>\n<td>90<\/td>\n<td>120<\/td>\n<td>150<\/td>\n<td>200<\/td>\n<td>300<\/td>\n<td>500<\/td>\n<td>800-1000<\/td>\n<\/tr>\n<tr>\n<td colspan=\"2\" bgcolor=\"#d9edf7\"><strong>Das Volumen des Beh\u00e4lters (L)<\/strong><\/td>\n<td>100<\/td>\n<td>220<\/td>\n<td>300<\/td>\n<td>420<\/td>\n<td>500<\/td>\n<td>670<\/td>\n<td>1000<\/td>\n<td>1500<\/td>\n<td rowspan=\"12\">Durch Kunden<\/td>\n<\/tr>\n<tr>\n<td colspan=\"2\" bgcolor=\"#d9edf7\"><strong>Produktionskapazit\u00e4t (Kg\/Charge)<\/strong><\/td>\n<td>30<\/td>\n<td>60<\/td>\n<td>90<\/td>\n<td>120<\/td>\n<td>150<\/td>\n<td>200<\/td>\n<td>300<\/td>\n<td>500<\/td>\n<\/tr>\n<tr>\n<td rowspan=\"2\" bgcolor=\"#d9edf7\"><strong>Dampf<\/strong><\/td>\n<td bgcolor=\"#d9edf7\">Druck MPa<\/td>\n<td colspan=\"8\">0.4-0.6<\/td>\n<\/tr>\n<tr>\n<td bgcolor=\"#d9edf7\">Verbrauch Kg\/Std<\/td>\n<td>70<\/td>\n<td>140<\/td>\n<td>169<\/td>\n<td>211<\/td>\n<td>241<\/td>\n<td>282<\/td>\n<td>366<\/td>\n<td>465<\/td>\n<\/tr>\n<tr>\n<td rowspan=\"2\" bgcolor=\"#d9edf7\"><strong>Pressluft<\/strong><\/td>\n<td bgcolor=\"#d9edf7\">Druck MPa<\/td>\n<td colspan=\"8\">0.6<\/td>\n<\/tr>\n<tr>\n<td bgcolor=\"#d9edf7\">Verbrauch m3 \/Min<\/td>\n<td>0.3<\/td>\n<td>0.6<\/td>\n<td>0.6<\/td>\n<td>0.6<\/td>\n<td>0.6<\/td>\n<td>0.9<\/td>\n<td>0.9<\/td>\n<td>1.1<\/td>\n<\/tr>\n<tr>\n<td colspan=\"2\" bgcolor=\"#d9edf7\"><strong>L\u00fcfterleistung (kW)<\/strong><\/td>\n<td>5.5<\/td>\n<td>11<\/td>\n<td>15<\/td>\n<td>18.5<\/td>\n<td>22<\/td>\n<td>22<\/td>\n<td>30<\/td>\n<td>45<\/td>\n<\/tr>\n<tr>\n<td colspan=\"2\" bgcolor=\"#d9edf7\"><strong>Einlasslufttemperatur (\u2103)<\/strong><\/td>\n<td colspan=\"8\">Normaltemperatur \uff5e120\u2103automatische Anpassung<\/td>\n<\/tr>\n<tr>\n<td colspan=\"2\" bgcolor=\"#d9edf7\"><strong>Die Materialausbeute (%)<\/strong><\/td>\n<td colspan=\"8\">&gt;99<\/td>\n<\/tr>\n<tr>\n<td colspan=\"2\" bgcolor=\"#d9edf7\"><strong>Gehalt an Endfeuchte (%)<\/strong><\/td>\n<td colspan=\"8\">to 0.2<\/td>\n<\/tr>\n<tr>\n<td colspan=\"2\" bgcolor=\"#d9edf7\"><strong>L\u00e4rm (dB)<\/strong><\/td>\n<td colspan=\"8\">&lt; 75 dB<\/td>\n<\/tr>\n<\/tbody>\n<\/table>\n<hr \/>\n<h3>1. Ansaugluftbehandlungssystem<\/h3>\n<p><strong>1.1 Prim\u00e4r- und Intermediate Efficiency Filter<\/strong><\/p>\n<figure id=\"attachment_8871\" aria-describedby=\"caption-attachment-8871\" style=\"width: 296px\" class=\"wp-caption alignnone\"><img loading=\"lazy\" decoding=\"async\" class=\"wp-image-8866 size-medium\" src=\"https:\/\/www.griffinmachinery.com\/wp-content\/uploads\/2022\/04\/Primary-Efficiency-Filters-296x300.jpg\" alt=\"Primary Efficiency Filters\" width=\"296\" height=\"300\" srcset=\"https:\/\/www.griffinmachinery.com\/wp-content\/uploads\/2022\/04\/Primary-Efficiency-Filters-296x300.jpg 296w, https:\/\/www.griffinmachinery.com\/wp-content\/uploads\/2022\/04\/Primary-Efficiency-Filters-100x100.jpg 100w, https:\/\/www.griffinmachinery.com\/wp-content\/uploads\/2022\/04\/Primary-Efficiency-Filters.jpg 343w\" sizes=\"auto, (max-width: 296px) 100vw, 296px\" \/><figcaption id=\"caption-attachment-8871\" class=\"wp-caption-text\"><center>Filter mit prim\u00e4rem Wirkungsgrad<\/center><\/figcaption><\/figure>\n<p>Einlassprim\u00e4rfilter (0,15 mm Edelstahlsieb), Schlauchfilter mit mittlerer Wirkung (F7).<\/p>\n<p><strong>1.2 Heizger\u00e4t<\/strong><\/p>\n<ul>\n<li>Spiralf\u00f6rmig gewickeltes Heizband.<\/li>\n<li>Der Dampfeinlass des Erhitzers ist mit einem Dampfventil ausgestattet, mit dem das pneumatische Verh\u00e4ltnis eingestellt werden kann.<\/li>\n<\/ul>\n<p><strong>1.3 Hocheffizienter Filter<\/strong><\/p>\n<figure id=\"attachment_8886\" aria-describedby=\"caption-attachment-8886\" style=\"width: 250px\" class=\"wp-caption alignnone\"><img loading=\"lazy\" decoding=\"async\" class=\"wp-image-8881 size-full\" src=\"https:\/\/www.griffinmachinery.com\/wp-content\/uploads\/2022\/04\/High-efficiency-Filter.jpg\" alt=\"High-efficiency Filter\" width=\"250\" height=\"250\" srcset=\"https:\/\/www.griffinmachinery.com\/wp-content\/uploads\/2022\/04\/High-efficiency-Filter.jpg 250w, https:\/\/www.griffinmachinery.com\/wp-content\/uploads\/2022\/04\/High-efficiency-Filter-150x150.jpg 150w, https:\/\/www.griffinmachinery.com\/wp-content\/uploads\/2022\/04\/High-efficiency-Filter-100x100.jpg 100w\" sizes=\"auto, (max-width: 250px) 100vw, 250px\" \/><figcaption id=\"caption-attachment-8886\" class=\"wp-caption-text\"><center>Hocheffizienter Filter<\/center><\/figcaption><\/figure>\n<ul>\n<li>Hochtemperaturbest\u00e4ndiger Hocheffizienzfilter (H13) mit Au\u00dfenrahmen aus Edelstahl zur Vermeidung thermischer Verformung.<\/li>\n<li>Schnell zu montierende Struktur.<\/li>\n<li>Differenzdruckerkennung des Hocheffizienzfilters, einschlie\u00dflich Schnellschnittstelle zur Erh\u00f6hung der Erfassungspunkte.<\/li>\n<\/ul>\n<p><strong>1.4 Luftzufuhrkanal und Luftzufuhrventil<\/strong><\/p>\n<ul>\n<li>Temperatursensor-Geschwindigkeitsschnittstelle f\u00fcr den Lufteinlasskanal in der N\u00e4he des Bodens des Fasses.<\/li>\n<li>Automatische Einstellung der \u00d6ffnung des pneumatischen Lufteinlassventils zur Regulierung des Lufteinlassvolumens, verbunden mit der Vakuumzufuhr, wodurch die Zufuhrgeschwindigkeit reguliert wird.<\/li>\n<li>Es ist w\u00e4hrend des Prozesses vollst\u00e4ndig ge\u00f6ffnet und w\u00e4hrend des Abschaltens vollst\u00e4ndig geschlossen, um einen R\u00fcckstau des Luftstroms zu verhindern und die Online-Reinigung zu erleichtern.<\/li>\n<li>Ein Frequenzumrichter regelt die Gebl\u00e4sedrehzahl zur Regulierung der Einlassluftmenge, steuert den Fluidisierungszustand pr\u00e4zise und reduziert den Energieverbrauch.<\/li>\n<\/ul>\n<h3>2. Host-System<\/h3>\n<p><strong>2.1 Ausr\u00fcstung Basis<\/strong><\/p>\n<ul>\n<li>\u00dcberh\u00e4ngender Bodenzylinder, gekoppelt mit Seitenst\u00fctze. Tiefster Punkt mit Schnell\u00f6ffner.<\/li>\n<li>Abfluss und Ventil f\u00fcr eine einfache Reinigung der Ausr\u00fcstung und des Bodens.<\/li>\n<li>Der Sockel ist mit einem Schnell\u00f6ffnungsanschluss f\u00fcr den Reinigungskopf ausgestattet.<\/li>\n<li>Vertikal beweglicher oberer Ring \u00fcber dem Sockel.<\/li>\n<li>Zwei Hubzylinder, die den oberen Ring vertikal anheben, um den Zylinder zu versiegeln.<\/li>\n<li>Silikon-Luftsack wird verwendet, um zwischen der Basis und dem oberen Ring abzudichten, und der Gebrauchsdruck betr\u00e4gt 0,3MPa.<\/li>\n<\/ul>\n<p><strong>2.2 Material Beh\u00e4lter<\/strong><\/p>\n<figure id=\"attachment_8946\" aria-describedby=\"caption-attachment-8946\" style=\"width: 300px\" class=\"wp-caption alignnone\"><img loading=\"lazy\" decoding=\"async\" class=\"wp-image-8941 size-medium\" src=\"https:\/\/www.griffinmachinery.com\/wp-content\/uploads\/2022\/04\/Material-container-view-window-300x270.jpg\" alt=\"Material container view window\" width=\"300\" height=\"270\" srcset=\"https:\/\/www.griffinmachinery.com\/wp-content\/uploads\/2022\/04\/Material-container-view-window-300x270.jpg 300w, https:\/\/www.griffinmachinery.com\/wp-content\/uploads\/2022\/04\/Material-container-view-window-768x691.jpg 768w, https:\/\/www.griffinmachinery.com\/wp-content\/uploads\/2022\/04\/Material-container-view-window-600x540.jpg 600w, https:\/\/www.griffinmachinery.com\/wp-content\/uploads\/2022\/04\/Material-container-view-window.jpg 853w\" sizes=\"auto, (max-width: 300px) 100vw, 300px\" \/><figcaption id=\"caption-attachment-8946\" class=\"wp-caption-text\"><center>Ansichtsfenster des Materialbeh\u00e4lters<\/center><\/figcaption><\/figure>\n<ul>\n<li>Wagen f\u00fcr die Bewegung des Containers, h\u00f6henverstellbare Universalr\u00e4der mit Bremsen und zwei horizontale F\u00fchrungsr\u00e4der sorgen f\u00fcr ein ausgewogenes Einsetzen des Wagens.<\/li>\n<li>Die manuelle mechanische Vorrichtung auf dem Wagen zum Drehen des Beh\u00e4lters.<br \/>\nVorrichtung zur Positionierung des Beh\u00e4lters, um die Konzentrizit\u00e4t des Beh\u00e4lters und des Hauptk\u00f6rpers zu gew\u00e4hrleisten.<\/li>\n<li>Ein Fenster an der Vorder- und R\u00fcckseite des Beh\u00e4lters zur einfachen Beobachtung des Fluidisierungszustands, mit Dichtung.<\/li>\n<li>Der Beh\u00e4lter ist mit einem luftdichten Produktprobenehmer ausgestattet.<\/li>\n<li>Das Gef\u00e4\u00df ist mit einer Schnellschnittstelle f\u00fcr die Temperatursensoren ausgestattet.<\/li>\n<li>Das Sintergewebe am Boden des Beh\u00e4lters verhindert eine &#8222;sekund\u00e4re Verteilung&#8220; des Luftstroms, ist stabiler als gew\u00f6hnliche Siebe, hat eine lange Lebensdauer, verhindert das Auslaufen des Pulvers und ist leicht zu ersetzen.<\/li>\n<li>Der Beh\u00e4lter kann schnell vom Wagen abgekoppelt und f\u00fcr die Entleerung in Verbindung mit dem Elevator umgekippt werden.<\/li>\n<\/ul>\n<p><strong>2.3 Diffusionskammer<\/strong><\/p>\n<ul>\n<li>Sie ist an der Seitenst\u00fctze aufgeh\u00e4ngt und kann horizontal ausgeschwenkt werden. Mehrere vertikal ausgerichtete Gewehrl\u00f6cher sind f\u00fcr die Montage des Spannfutters vorgesehen, das nach dem Einbau b\u00fcndig mit der Innenwand des Laufs abschlie\u00dft.<\/li>\n<li>Korn- und Kimmenfenster mit Dichtung. Gut beleuchtete Kaltlicht-Visierlampe.<\/li>\n<li>Einrichtung des Einlasses mit geneigtem Winkel und manueller Schnellverschlussklappe (oder automatischer pneumatischer Regelklappe, die mit dem sich automatisch \u00f6ffnenden Einlassventil verbunden ist), wobei der ger\u00e4teeigene Unterdruck f\u00fcr die Materialzufuhr genutzt wird, um Materialstauungen zu vermeiden.<\/li>\n<li>An der R\u00fcckseite der Diffusionskammer befindet sich ein Positionierungsstopper, mit dem sich feststellen l\u00e4sst, ob das Fass nach dem horizontalen Einschrauben richtig sitzt.<\/li>\n<li>Es gibt einen D\u00fcsensitz f\u00fcr die Online-Reinigung, der schnell installiert werden kann.<\/li>\n<\/ul>\n<p><strong>2.4 Filtrationskammer<\/strong><\/p>\n<ul>\n<li>Handwindensystem: Der Schaltmechanismus macht das Anheben und Absenken des Filters leichter; die automatische Anti-Rutsch-Bremse verbessert die Sicherheit beim Anheben und Absenken des Filters; die adaptive Rotationsfunktion verhindert, dass das Stahlseil zu stark gespannt wird und rei\u00dft.<\/li>\n<li>Die Riemenscheibe mit gro\u00dfem Durchmesser aus nichtmetallischem Material verbessert die Belastungsbedingungen zwischen Stahlseil und Riemenscheibe und erh\u00f6ht die Lebensdauer des Stahlseils.<\/li>\n<li>Der untere Flansch der Filterkammer ist mit einem abdichtenden Silikonstreifen versehen, um zu verhindern, dass das Material in den nicht leicht zu reinigenden Einbautank f\u00e4llt.<\/li>\n<li>Ein gro\u00dfes Sichtfenster aus geh\u00e4rtetem Glas mit Dichtung befindet sich an der Vorderseite des Beh\u00e4lters. Es dient zur Beobachtung des Betriebszustands des Produktfiltersacks.<\/li>\n<li>Automatische pneumatisch oszillierende Pulverreinigungsvorrichtung, um das Produktpulver auf dem Filter zu reinigen und es in das Wirbelbett zur\u00fcckfallen zu lassen.<br \/>\nDoppelkammer-Oszillations-Pulverreinigungssystem, doppelte Filter reinigen abwechselnd das Pulver und arbeiten kontinuierlich, um den Fluidisierungszustand zu gew\u00e4hrleisten und einen kontinuierlich guten Trocknungseffekt zu erzielen.<\/li>\n<li>Anti-Rotations-Mechanismus des Filtersackhalters, der verhindert, dass der Sackhalter sich dreht und den Auffangsack verdreht und verk\u00fcrzt, und dass der Zylinder sich ausdehnt und den Auffangsack zerrei\u00dft, wodurch der Filtersack flach und gerade gehalten wird, was die Pulverreinigung f\u00f6rdert und die Lebensdauer verl\u00e4ngert.<\/li>\n<li>Vertikale Druckentlastungs-Sicherheitst\u00fcr im Filterraum, die sich automatisch \u00f6ffnet, wenn ein \u00dcberdruck im Ger\u00e4t entsteht (die Druckentlastung kann durch die Rohrleitung erfolgen).<\/li>\n<li>Spezielle Struktur der Filteraufh\u00e4ngung, verbunden mit der Schwingungsvorrichtung, mit automatischer F\u00fchrungs- und Verriegelungsfunktion. Diese Funktion sorgt daf\u00fcr, dass der Filter der Vibration des Zylinders mit gutem Einschwingverhalten folgt und verbessert den Pulverreinigungseffekt. Au\u00dferdem steht das Stahlseil w\u00e4hrend der Pulverreinigung nicht unter Spannung, und das Stahlseil ist nicht leicht zu brechen.<\/li>\n<li>Die Art der Filterbeutelabdichtung und -befestigung \u00e4ndert den urspr\u00fcnglichen Filterbeutel, der aus dem Flansch der Filterkammer herausgedreht und au\u00dfen befestigt wird, so dass er besser mit den GMP-Anforderungen f\u00fcr die Ausr\u00fcstung \u00fcbereinstimmt. Es ist bequem f\u00fcr die Arbeiter zu bedienen.<\/li>\n<li>Filterbeutel-Differenzdruck-Erkennung, Echtzeit-\u00dcberwachung des Differenzdrucks des Filterbeutels, um die Bel\u00fcftungswirkung des Systems zu reflektieren, sowie ob der Beutel intakt ist. Der Differenzdruck wird auf dem Bildschirm angezeigt und verf\u00fcgt \u00fcber eine Alarmfunktion bei hohem Druck.<\/li>\n<\/ul>\n<p><strong>2.5 St\u00fctzs\u00e4ule<\/strong><\/p>\n<ul>\n<li>Tragarme mit Drehgelenk f\u00fcr die Montage des Ger\u00e4tegeh\u00e4uses.<\/li>\n<li>Setzen Sie Temperatursensor Pick-und Platzierung Positionierung Sitz zu regulieren Arbeitnehmer Betrieb.<\/li>\n<li>Eingebaute Luft Kabel Rohr und Filter heben Verriegelung Stahlseil, externe Luft Kabel Rohr Schnellanschluss, mit Handkurbel Winde.<\/li>\n<\/ul>\n<h3>3. Zerst\u00e4ubungssystem<\/h3>\n<figure id=\"attachment_8931\" aria-describedby=\"caption-attachment-8931\" style=\"width: 300px\" class=\"wp-caption alignnone\"><img loading=\"lazy\" decoding=\"async\" class=\"wp-image-8926 size-medium\" src=\"https:\/\/www.griffinmachinery.com\/wp-content\/uploads\/2022\/04\/single-pressure-type-nozzle-300x252.jpg\" alt=\"single pressure type nozzle\" width=\"300\" height=\"252\" srcset=\"https:\/\/www.griffinmachinery.com\/wp-content\/uploads\/2022\/04\/single-pressure-type-nozzle-300x252.jpg 300w, https:\/\/www.griffinmachinery.com\/wp-content\/uploads\/2022\/04\/single-pressure-type-nozzle-768x646.jpg 768w, https:\/\/www.griffinmachinery.com\/wp-content\/uploads\/2022\/04\/single-pressure-type-nozzle-600x505.jpg 600w, https:\/\/www.griffinmachinery.com\/wp-content\/uploads\/2022\/04\/single-pressure-type-nozzle.jpg 909w\" sizes=\"auto, (max-width: 300px) 100vw, 300px\" \/><figcaption id=\"caption-attachment-8931\" class=\"wp-caption-text\"><center>Einzeldruckd\u00fcse<\/center><\/figcaption><\/figure>\n<ul>\n<li>Single Kopf einzigen Druck Typ D\u00fcse, zwei Zerst\u00e4ubung Design, verbessern die &#8222;Gas-Fl\u00fcssigkeit&#8220; Mischungsverh\u00e4ltnis, hochpr\u00e4zise CNC-Bearbeitung, gute Qualit\u00e4t Zerst\u00e4ubung.<\/li>\n<li>Alle Medien aus der koaxialen Pistole K\u00f6rper ihrer jeweiligen Rohrleitung in die D\u00fcse, die Pistole K\u00f6rper mit Positionierung Stifte und Sicherungsmuttern.<\/li>\n<li>Hochwertige Schlauchpumpe, spezieller stufenloser Drehzahlreglerantrieb.<\/li>\n<li>Manuelle Einstellung des Zerst\u00e4ubungsluftdrucks mittels eines Druckminderungsventils.<\/li>\n<\/ul>\n<h3>4. Auspuffanlage<\/h3>\n<figure id=\"attachment_8916\" aria-describedby=\"caption-attachment-8916\" style=\"width: 300px\" class=\"wp-caption alignnone\"><img loading=\"lazy\" decoding=\"async\" class=\"wp-image-8911 size-medium\" src=\"https:\/\/www.griffinmachinery.com\/wp-content\/uploads\/2022\/04\/Exhaust-System-300x234.jpg\" alt=\"Exhaust System\" width=\"300\" height=\"234\" srcset=\"https:\/\/www.griffinmachinery.com\/wp-content\/uploads\/2022\/04\/Exhaust-System-300x234.jpg 300w, https:\/\/www.griffinmachinery.com\/wp-content\/uploads\/2022\/04\/Exhaust-System.jpg 359w\" sizes=\"auto, (max-width: 300px) 100vw, 300px\" \/><figcaption id=\"caption-attachment-8916\" class=\"wp-caption-text\"><center>Auspuffanlage<\/center><\/figcaption><\/figure>\n<ul>\n<li>Der Ventilator ist ein Hochdruck-Radialventilator mit Schwingungsd\u00e4mpfer, explosionsgesch\u00fctzt, installiert in einem nicht gereinigten Raum.<\/li>\n<li>Der Ventilatoreinlass ist \u00fcber eine flexible Verbindung mit dem Abluftkanal verbunden, um die Ventilatorschwingungen zu isolieren.<\/li>\n<li>Die Drehzahl des Ventilators ist mit variabler Frequenz einstellbar.<\/li>\n<li>Abluftleitung, Abluftleitung aus Kohlenstoffstahl vom Ventilator zur Abluft\u00f6ffnung des Filterraums, installiert im Nicht-Reinigungsraum.<\/li>\n<li>Der Schalld\u00e4mpfer ist aus Kohlenstoffstahl gefertigt, um den L\u00e4rm des Ventilators zu reduzieren. Die Abgase werden \u00fcber das vom Benutzer bereitgestellte Rohrleitungssystem in die Atmosph\u00e4re geleitet, nachdem sie den Schalld\u00e4mpfer passiert haben.<\/li>\n<\/ul>\n<h3>5. Steuerungssystem<\/h3>\n<figure id=\"attachment_8901\" aria-describedby=\"caption-attachment-8901\" style=\"width: 300px\" class=\"wp-caption alignnone\"><img loading=\"lazy\" decoding=\"async\" class=\"wp-image-8896 size-medium\" src=\"https:\/\/www.griffinmachinery.com\/wp-content\/uploads\/2022\/04\/Control-System-300x229.jpg\" alt=\"Control System\" width=\"300\" height=\"229\" srcset=\"https:\/\/www.griffinmachinery.com\/wp-content\/uploads\/2022\/04\/Control-System-300x229.jpg 300w, https:\/\/www.griffinmachinery.com\/wp-content\/uploads\/2022\/04\/Control-System.jpg 494w\" sizes=\"auto, (max-width: 300px) 100vw, 300px\" \/><figcaption id=\"caption-attachment-8901\" class=\"wp-caption-text\"><center>Steuerungssystem<\/center><\/figcaption><\/figure>\n<ul>\n<li>Besteht aus einem Bedienterminal und einem Hauptschaltkasten, isolierter Betrieb.<\/li>\n<li>Das Bedienterminal verf\u00fcgt \u00fcber ein Anzeigeinstrument, einen Touchscreen (Drucker, falls verwendet) und Kontrollleuchten.<\/li>\n<li>Der Hauptsteuerkasten enth\u00e4lt die SPS-Programmsteuerung, Luftschalter, Relais, Sch\u00fctze, Wechselrichter, alle erforderlichen Steuerger\u00e4te und die gesamte Verkabelung.<\/li>\n<li>SPS-Programmsteuerung, manueller und automatischer Programmmodus und alle erforderlichen Verriegelungsschutzvorrichtungen.<\/li>\n<li>Set mit Test- und Betriebszustand, Verriegelungsschutz mit zwei Zust\u00e4nden. Speicherung der Rezeptparameter, dreistufige Sicherheitseinstellung.<\/li>\n<\/ul>\n<hr \/>\n<p>&nbsp;<\/p>\n","protected":false},"excerpt":{"rendered":"<p>Unser vertikales Wirbelschichttrocknungssystem besteht aus einem Zuluftaufbereitungssystem (f\u00fcr Luftreinigung, Entfeuchtung und Heizung), einem Hauptsystem (Ger\u00e4tebasis, Materialbeh\u00e4lter, Diffusionskammer, Filtrationskammer und St\u00fctzs\u00e4ule), einem Zerst\u00e4ubungssystem (Einkopf-Druckd\u00fcse mit einer D\u00fcse, zweistufiges Zerst\u00e4ubungsdesign), einem Abluftsystem (explosionssicherer und sto\u00dfd\u00e4mpfender Zentrifugal-Hochdruckventilator) und einem Steuerungssystem.<\/p>\n","protected":false},"featured_media":3285,"template":"","meta":{"site-sidebar-layout":"default","site-content-layout":"default","ast-site-content-layout":"default","site-content-style":"default","site-sidebar-style":"default","ast-global-header-display":"","ast-banner-title-visibility":"","ast-main-header-display":"","ast-hfb-above-header-display":"","ast-hfb-below-header-display":"","ast-hfb-mobile-header-display":"","site-post-title":"","ast-breadcrumbs-content":"","ast-featured-img":"","footer-sml-layout":"","ast-disable-related-posts":"","theme-transparent-header-meta":"default","adv-header-id-meta":"","stick-header-meta":"default","header-above-stick-meta":"","header-main-stick-meta":"","header-below-stick-meta":"","astra-migrate-meta-layouts":"default","ast-page-background-enabled":"default","ast-page-background-meta":{"desktop":{"background-color":"","background-image":"","background-repeat":"repeat","background-position":"center center","background-size":"auto","background-attachment":"scroll","background-type":"","background-media":"","overlay-type":"","overlay-color":"","overlay-opacity":"","overlay-gradient":""},"tablet":{"background-color":"","background-image":"","background-repeat":"repeat","background-position":"center center","background-size":"auto","background-attachment":"scroll","background-type":"","background-media":"","overlay-type":"","overlay-color":"","overlay-opacity":"","overlay-gradient":""},"mobile":{"background-color":"","background-image":"","background-repeat":"repeat","background-position":"center center","background-size":"auto","background-attachment":"scroll","background-type":"","background-media":"","overlay-type":"","overlay-color":"","overlay-opacity":"","overlay-gradient":""}},"ast-content-background-meta":{"desktop":{"background-color":"var(--ast-global-color-5)","background-image":"","background-repeat":"repeat","background-position":"center center","background-size":"auto","background-attachment":"scroll","background-type":"","background-media":"","overlay-type":"","overlay-color":"","overlay-opacity":"","overlay-gradient":""},"tablet":{"background-color":"var(--ast-global-color-5)","background-image":"","background-repeat":"repeat","background-position":"center center","background-size":"auto","background-attachment":"scroll","background-type":"","background-media":"","overlay-type":"","overlay-color":"","overlay-opacity":"","overlay-gradient":""},"mobile":{"background-color":"var(--ast-global-color-5)","background-image":"","background-repeat":"repeat","background-position":"center center","background-size":"auto","background-attachment":"scroll","background-type":"","background-media":"","overlay-type":"","overlay-color":"","overlay-opacity":"","overlay-gradient":""}}},"product_brand":[],"product_cat":[185],"product_tag":[],"class_list":{"0":"post-5914","1":"product","2":"type-product","3":"status-publish","4":"has-post-thumbnail","6":"product_cat-fliesbetttrockner","7":"desktop-align-center","8":"tablet-align-center","9":"mobile-align-center","10":"ast-product-gallery-layout-horizontal","11":"ast-product-tabs-layout-horizontal","12":"ast-qv-on-image","14":"first","15":"instock","16":"shipping-taxable","17":"product-type-simple"},"_links":{"self":[{"href":"https:\/\/www.griffinmachinery.com\/de\/wp-json\/wp\/v2\/product\/5914","targetHints":{"allow":["GET"]}}],"collection":[{"href":"https:\/\/www.griffinmachinery.com\/de\/wp-json\/wp\/v2\/product"}],"about":[{"href":"https:\/\/www.griffinmachinery.com\/de\/wp-json\/wp\/v2\/types\/product"}],"wp:featuredmedia":[{"embeddable":true,"href":"https:\/\/www.griffinmachinery.com\/de\/wp-json\/wp\/v2\/media\/3285"}],"wp:attachment":[{"href":"https:\/\/www.griffinmachinery.com\/de\/wp-json\/wp\/v2\/media?parent=5914"}],"wp:term":[{"taxonomy":"product_brand","embeddable":true,"href":"https:\/\/www.griffinmachinery.com\/de\/wp-json\/wp\/v2\/product_brand?post=5914"},{"taxonomy":"product_cat","embeddable":true,"href":"https:\/\/www.griffinmachinery.com\/de\/wp-json\/wp\/v2\/product_cat?post=5914"},{"taxonomy":"product_tag","embeddable":true,"href":"https:\/\/www.griffinmachinery.com\/de\/wp-json\/wp\/v2\/product_tag?post=5914"}],"curies":[{"name":"wp","href":"https:\/\/api.w.org\/{rel}","templated":true}]}}