{"id":6178,"date":"2022-06-08T07:11:33","date_gmt":"2022-06-08T07:11:33","guid":{"rendered":"https:\/\/www.griffinmachinery.com\/projekte\/"},"modified":"2022-06-08T11:35:00","modified_gmt":"2022-06-08T11:35:00","slug":"projekte","status":"publish","type":"page","link":"https:\/\/www.griffinmachinery.com\/de\/projekte\/","title":{"rendered":"Projekte"},"content":{"rendered":"\n<h3>\n\t\tErfahren Sie hier mehr \u00fcber unsere Projekte\n\t<\/h3>\n\t<p>Unser Unternehmen wird wie immer der Verbesserung der Qualit\u00e4t der Ger\u00e4te h\u00f6chste Priorit\u00e4t einr\u00e4umen und hoffen, dass alle neuen und alten Kunden nach der Verwendung der Ger\u00e4te unseres Unternehmens optimale Ergebnisse erzielen k\u00f6nnen.<\/p>\n<p>Wir hei\u00dfen alle Hersteller willkommen, sich zu erkundigen, und wir werden Ihnen von ganzem Herzen hochwertige Ger\u00e4te und Dienstleistungen anbieten.<\/p>\n\t\t\t<a href=\"https:\/\/www.griffinmachinery.com\/de\/kontaktiere-uns\/\" target=\"_self\" role=\"button\" rel=\"noopener\">\n\t\t\t\t\t\t\tNehmen Sie jetzt Kontakt mit uns auf\n\t\t\t<\/a>\n\t<h2>\n\t\t\t\t\tGew\u00fcrztrocknung\n\t\t\t\t<\/h2>\n\t\t\t<p>Ein Unternehmen aus Malaysia bestellte den vibrierenden Wirbelschichttrockner zur Gew\u00fcrztrocknung.<\/p>\n\t\t\t\t<img loading=\"lazy\" decoding=\"async\" src=\"https:\/\/www.griffinmachinery.com\/wp-content\/uploads\/2022\/06\/Vibrating-Fluidized-Bed-Project-1.jpg\" alt=\"Vibrierendes Wirbelschichtprojekt (1)\" itemprop=\"image\" height=\"375\" width=\"500\" title=\"Vibrierendes Wirbelschichtprojekt (1)\" onerror=\"this.style.display='none'\"  \/>\n\t\t\t\t<img loading=\"lazy\" decoding=\"async\" src=\"https:\/\/www.griffinmachinery.com\/wp-content\/uploads\/2022\/06\/Vibrating-Fluidized-Bed-Project-2.jpg\" alt=\"Vibrierendes Wirbelschichtprojekt (2)\" itemprop=\"image\" height=\"375\" width=\"500\" title=\"Vibrierendes Wirbelschichtprojekt (2)\" onerror=\"this.style.display='none'\"  \/>\n\t\t\t\t<img loading=\"lazy\" decoding=\"async\" src=\"https:\/\/www.griffinmachinery.com\/wp-content\/uploads\/2022\/06\/Vibrating-Fluidized-Bed-Project-3.jpg\" alt=\"Vibrierendes Wirbelschichtprojekt (3)\" itemprop=\"image\" height=\"375\" width=\"500\" title=\"Vibrierendes Wirbelschichtprojekt (3)\" onerror=\"this.style.display='none'\"  \/>\n\t<p>Die von einem Unternehmen in Malaysia bestellte vibrierende Wirbelschicht ist fertiggestellt und wird nach bestandener Inspektion Anfang Januar verladen und versendet. Dieses Ger\u00e4t wird haupts\u00e4chlich zum Trocknen von Gew\u00fcrzen verwendet.<\/p>\n\t<h2>\n\t\t\t\t\tKaffee-Produktionslinie\n\t\t\t\t<\/h2>\n\t\t\t<p>Jahresleistung von 50.000 Tonnen Anlagensystem f\u00fcr unseren indonesischen Kunden.<\/p>\n\t\t\t\t<img loading=\"lazy\" decoding=\"async\" src=\"https:\/\/www.griffinmachinery.com\/wp-content\/uploads\/2022\/06\/Coffee-Equipment-System-3.jpg\" alt=\"Kaffee-Ausr\u00fcstungssystem (3)\" itemprop=\"image\" height=\"666\" width=\"500\" title=\"Kaffee-Ausr\u00fcstungssystem (3)\" onerror=\"this.style.display='none'\"  \/>\n\t\t\t\t<img loading=\"lazy\" decoding=\"async\" src=\"https:\/\/www.griffinmachinery.com\/wp-content\/uploads\/2022\/06\/Coffee-Equipment-System-2.jpg\" alt=\"Kaffee-Ausr\u00fcstungssystem (2)\" itemprop=\"image\" height=\"666\" width=\"500\" title=\"Kaffee-Ausr\u00fcstungssystem (2)\" onerror=\"this.style.display='none'\"  \/>\n\t\t\t\t<img loading=\"lazy\" decoding=\"async\" src=\"https:\/\/www.griffinmachinery.com\/wp-content\/uploads\/2022\/06\/Coffee-Equipment-System-1.jpg\" alt=\"Kaffee-Ausr\u00fcstungssystem (1)\" itemprop=\"image\" height=\"666\" width=\"500\" title=\"Kaffee-Ausr\u00fcstungssystem (1)\" onerror=\"this.style.display='none'\"  \/>\n\t<p>Die von unserem Unternehmen f\u00fcr indonesische Kunden konzipierte und hergestellte Kaffeeproduktionslinie mit einer Jahresleistung von 50.000 Tonnen wird vom 18. bis 20. M\u00e4rz 2021 ausgeliefert. Die Produktion und Installation vor Ort beginnt im Mai und wird Ende des Jahres in Betrieb gehen.<\/p>\n<p>Diese Produktionslinie ist die bisher gr\u00f6\u00dfte einzelne Kaffeeproduktionslinie, die nach China exportiert wurde.<\/p>\n\t<h2>\n\t\t\t\t\tBatteriekathodenmaterialien\n\t\t\t\t<\/h2>\n\t\t\t<p>LPG-300 Zentrifugalspr\u00fchtrockner, hergestellt von unserer Firma f\u00fcr ein Unternehmen in Shanghai.<\/p>\n\t\t\t\t<img loading=\"lazy\" decoding=\"async\" src=\"https:\/\/www.griffinmachinery.com\/wp-content\/uploads\/2022\/06\/Battery-Cathode-Materials-Project-1.jpg\" alt=\"Projekt Batteriekathodenmaterialien (1)\" itemprop=\"image\" height=\"375\" width=\"500\" title=\"Projekt Batteriekathodenmaterialien (1)\" onerror=\"this.style.display='none'\"  \/>\n\t\t\t\t<img loading=\"lazy\" decoding=\"async\" src=\"https:\/\/www.griffinmachinery.com\/wp-content\/uploads\/2022\/06\/Battery-Cathode-Materials-Project-2.jpg\" alt=\"Projekt Batteriekathodenmaterialien (2)\" itemprop=\"image\" height=\"375\" width=\"500\" title=\"Projekt Batteriekathodenmaterialien (2)\" onerror=\"this.style.display='none'\"  \/>\n\t\t\t\t<img loading=\"lazy\" decoding=\"async\" src=\"https:\/\/www.griffinmachinery.com\/wp-content\/uploads\/2022\/06\/Battery-Cathode-Materials-Project-3.jpg\" alt=\"Projekt Batteriekathodenmaterialien (3)\" itemprop=\"image\" height=\"375\" width=\"500\" title=\"Projekt Batteriekathodenmaterialien (3)\" onerror=\"this.style.display='none'\"  \/>\n\t<p>Am 16. Januar 2022 wurde der von unserem Unternehmen f\u00fcr ein Unternehmen in Shanghai, das auf die Forschung, Entwicklung und Produktion von Batteriekathodenmaterialien spezialisiert ist, hergestellte LPG-300-Zentrifugalspr\u00fchtrockner fertiggestellt.<\/p>\n<p>Das Ger\u00e4t hat einen Durchmesser von 3,6 Metern und eine H\u00f6he von 8 Metern. Mit nahezu perfektem Design, Produktion durch erfahrene Techniker und kundenorientierte Serviceeinstellung hat unser Unternehmen das Lob der Kundeneinheit gewonnen.<\/p>\n\t<h2>\n\t\t\t\t\tTrocknen von Lebensmitteln\n\t\t\t\t<\/h2>\n\t\t\t<p>Eine gro\u00dfe vibrierende Wirbelschichtmaschine, die von einem europ\u00e4ischen Unternehmen zur Lebensmitteltrocknung bestellt wurde.<\/p>\n\t\t\t\t<img loading=\"lazy\" decoding=\"async\" src=\"https:\/\/www.griffinmachinery.com\/wp-content\/uploads\/2022\/06\/Food-Drying-Project-1.jpg\" alt=\"Projekt zum Trocknen von Lebensmitteln (1)\" itemprop=\"image\" height=\"333\" width=\"500\" title=\"Projekt zum Trocknen von Lebensmitteln (1)\" onerror=\"this.style.display='none'\"  \/>\n\t\t\t\t<img loading=\"lazy\" decoding=\"async\" src=\"https:\/\/www.griffinmachinery.com\/wp-content\/uploads\/2022\/06\/Food-Drying-Project-2.jpg\" alt=\"Projekt zum Trocknen von Lebensmitteln (2)\" itemprop=\"image\" height=\"333\" width=\"500\" title=\"Projekt zum Trocknen von Lebensmitteln (2)\" onerror=\"this.style.display='none'\"  \/>\n\t\t\t\t<img loading=\"lazy\" decoding=\"async\" src=\"https:\/\/www.griffinmachinery.com\/wp-content\/uploads\/2022\/06\/Food-Drying-Project-3.jpg\" alt=\"Projekt zum Trocknen von Lebensmitteln (3)\" itemprop=\"image\" height=\"333\" width=\"500\" title=\"Projekt zum Trocknen von Lebensmitteln (3)\" onerror=\"this.style.display='none'\"  \/>\n\t<p>Die von einem europ\u00e4ischen Unternehmen bestellte gro\u00dfe vibrierende Wirbelschicht wurde fertiggestellt und wird nach bestandener Inspektion am 10. Mai 2022 verladen und versendet.<\/p>\n<p>Die Ausr\u00fcstung ist 1,2 * 9,5 m gro\u00df und wird haupts\u00e4chlich zum Trocknen von Lebensmitteln verwendet. Es wird erwartet, dass es im Juni installiert und in Betrieb genommen und in Produktion genommen wird.<\/p>\n\t<h2>\n\t\t\t\t\tTrocknen von Lebensmitteln\n\t\t\t\t<\/h2>\n\t\t\t<p>Zwei gro\u00dfe Zentrifugal-Spr\u00fchtrockner LPG-800 wurden von einem US-Unternehmen zur Lebensmitteltrocknung bestellt.<\/p>\n\t\t\t\t<img loading=\"lazy\" decoding=\"async\" src=\"https:\/\/www.griffinmachinery.com\/wp-content\/uploads\/2022\/06\/US-Food-Drying-Project-1.jpg\" alt=\"US-Lebensmitteltrocknungsprojekt (1)\" itemprop=\"image\" height=\"666\" width=\"500\" title=\"US-Lebensmitteltrocknungsprojekt (1)\" onerror=\"this.style.display='none'\"  \/>\n\t\t\t\t<img loading=\"lazy\" decoding=\"async\" src=\"https:\/\/www.griffinmachinery.com\/wp-content\/uploads\/2022\/06\/US-Food-Drying-Project-2.jpg\" alt=\"US-Lebensmitteltrocknungsprojekt (2)\" itemprop=\"image\" height=\"666\" width=\"500\" title=\"US-Lebensmitteltrocknungsprojekt (2)\" onerror=\"this.style.display='none'\"  \/>\n\t\t\t\t<img loading=\"lazy\" decoding=\"async\" src=\"https:\/\/www.griffinmachinery.com\/wp-content\/uploads\/2022\/06\/US-Food-Drying-Project-3.jpg\" alt=\"US-Lebensmitteltrocknungsprojekt (3)\" itemprop=\"image\" height=\"666\" width=\"500\" title=\"US-Lebensmitteltrocknungsprojekt (3)\" onerror=\"this.style.display='none'\"  \/>\n\t<p>Die beiden gro\u00dfen Zentrifugalspr\u00fchtrockner LPG-800, die unser Unternehmen Mitte August 2021 in die USA geschickt hat, sind in die Installationsphase eingetreten.<\/p>\n<p>Dieser Zentrifugal-Spr\u00fchtrockner wird haupts\u00e4chlich zum Trocknen von Lebensmitteln verwendet. Die Techniker unseres Unternehmens haben viele Verbesserungen in der zugeh\u00f6rigen Prozesstechnologie dieser Ausr\u00fcstung vorgenommen. Gegen\u00fcber der Erstausr\u00fcstung hat diese Ausr\u00fcstung viele Vorteile hinsichtlich Aufbau, Energieeinsparung und Verarbeitungsqualit\u00e4t deutlich verbessert.<\/p>\n\t<h2>\n\t\t\t\t\tNehmen Sie Kontakt mit uns auf\n\t\t\t\t<\/h2>\n\t\t\t<p>Griffin Machinery, ein erfahrener und zuverl\u00e4ssiger Partner.<\/p>\n<p>Wenn Sie auch nach einer schonenden und dennoch effektiven M\u00f6glichkeit suchen, Ihr Produkt zu trocknen, lassen Sie sich von uns beraten. Unser Team hilft Ihnen gerne dabei, die richtige L\u00f6sung f\u00fcr Ihr Projekt zu finden.<\/p>\n\t<style type=\"text\/css\"><\/style><div class=\"ufaqsw_container_default ufaqsw_container_default_5946 ufaqsw_element_group_src\"> \n\n\t\t\t<h2 class=\"ufaqsw_faq_title ufaqsw_faq_title_5946\">H\u00e4ufig gestellte Fragen<\/h2>\n\t\n\t\n\t\t<div class=\"ufaqsw_toggle_default ufaqsw_toggle_default_5946 ufaqsw_element_src\">\n\t\t\t<div class=\"ufaqsw-toggle-title-area-default ufaqsw-toggle-title-area-default_5946\"\n\t\t\trole=\"button\"\n\t\t\ttabindex=\"0\"\n\t\t\taria-expanded=\"false\"\n\t\t\taria-controls=\"ufaqsw_faq_answer_1_5946\"\n\t\t\taria-label=\"Wo ist Ihre Fabrik?\"\n\t\t\t>\n\t\t\t\t<div class=\"ufaqsw-title-name-default ufaqsw-title-name-default_5946\">\n\t\t\t\t\t<span class=\"ufaqsw-default-icon\">\n\t\t\t\t\t\t<i class=\"fa fa fa-plus\" aria-hidden=\"true\"><\/i>\n\t\t\t\t\t\t<i class=\"fa fa fa-minus\" id=\"ufaqsw_other_style\" aria-hidden=\"true\"><\/i>\n\t\t\t\t\t<\/span>\t\t\t\t\n\t\t\t\t\t<span class=\"ufaqsw-default-title ufaqsw_faq_question_src\">Wo ist Ihre Fabrik?<\/span>\n\t\t\t\t<\/div>\n\t\t\t<\/div>\n\t\t\t<div class=\"ufaqsw-toggle-inner-default ufaqsw-toggle-inner-default_5946 ufaqsw_faq_answer_src\"\n\t\t\tid=\"ufaqsw_faq_answer_1_5946\"\n\t\t\taria-hidden=\"true\"\n\t\t\taria-labelledby=\"ufaqsw_faq_answer_1_5946\"\n\t\t\tstyle=\"display:none\"\t\t\t>\n\t\t\tWir befinden uns in der Stadt Changzhou in der N\u00e4he von Shanghai.\t\t\t<\/div>\n\t\t<\/div><!-- END OF TOGGLE -->\n\n\t\t\n\t\t<div class=\"ufaqsw_toggle_default ufaqsw_toggle_default_5946 ufaqsw_element_src\">\n\t\t\t<div class=\"ufaqsw-toggle-title-area-default ufaqsw-toggle-title-area-default_5946\"\n\t\t\trole=\"button\"\n\t\t\ttabindex=\"0\"\n\t\t\taria-expanded=\"false\"\n\t\t\taria-controls=\"ufaqsw_faq_answer_2_5946\"\n\t\t\taria-label=\"Was ist die Qualit\u00e4t Ihrer Maschine?\"\n\t\t\t>\n\t\t\t\t<div class=\"ufaqsw-title-name-default ufaqsw-title-name-default_5946\">\n\t\t\t\t\t<span class=\"ufaqsw-default-icon\">\n\t\t\t\t\t\t<i class=\"fa fa fa-plus\" aria-hidden=\"true\"><\/i>\n\t\t\t\t\t\t<i class=\"fa fa fa-minus\" id=\"ufaqsw_other_style\" aria-hidden=\"true\"><\/i>\n\t\t\t\t\t<\/span>\t\t\t\t\n\t\t\t\t\t<span class=\"ufaqsw-default-title ufaqsw_faq_question_src\">Was ist die Qualit\u00e4t Ihrer Maschine?<\/span>\n\t\t\t\t<\/div>\n\t\t\t<\/div>\n\t\t\t<div class=\"ufaqsw-toggle-inner-default ufaqsw-toggle-inner-default_5946 ufaqsw_faq_answer_src\"\n\t\t\tid=\"ufaqsw_faq_answer_2_5946\"\n\t\t\taria-hidden=\"true\"\n\t\t\taria-labelledby=\"ufaqsw_faq_answer_2_5946\"\n\t\t\tstyle=\"display:none\"\t\t\t>\n\t\t\t<p>Unser Unternehmen folgt strengen Qualit\u00e4tskontrollen und verschiedenen systematischen Verfahren. Wir achten in jeder Phase des Herstellungsprozesses auf h\u00f6chste Qualit\u00e4t. Sie k\u00f6nnen sich absolut auf die Qualit\u00e4t verlassen.<\/p>\n\t\t\t<\/div>\n\t\t<\/div><!-- END OF TOGGLE -->\n\n\t\t\n\t\t<div class=\"ufaqsw_toggle_default ufaqsw_toggle_default_5946 ufaqsw_element_src\">\n\t\t\t<div class=\"ufaqsw-toggle-title-area-default ufaqsw-toggle-title-area-default_5946\"\n\t\t\trole=\"button\"\n\t\t\ttabindex=\"0\"\n\t\t\taria-expanded=\"false\"\n\t\t\taria-controls=\"ufaqsw_faq_answer_3_5946\"\n\t\t\taria-label=\"Was ist die Garantiezeit?\"\n\t\t\t>\n\t\t\t\t<div class=\"ufaqsw-title-name-default ufaqsw-title-name-default_5946\">\n\t\t\t\t\t<span class=\"ufaqsw-default-icon\">\n\t\t\t\t\t\t<i class=\"fa fa fa-plus\" aria-hidden=\"true\"><\/i>\n\t\t\t\t\t\t<i class=\"fa fa fa-minus\" id=\"ufaqsw_other_style\" aria-hidden=\"true\"><\/i>\n\t\t\t\t\t<\/span>\t\t\t\t\n\t\t\t\t\t<span class=\"ufaqsw-default-title ufaqsw_faq_question_src\">Was ist die Garantiezeit?<\/span>\n\t\t\t\t<\/div>\n\t\t\t<\/div>\n\t\t\t<div class=\"ufaqsw-toggle-inner-default ufaqsw-toggle-inner-default_5946 ufaqsw_faq_answer_src\"\n\t\t\tid=\"ufaqsw_faq_answer_3_5946\"\n\t\t\taria-hidden=\"true\"\n\t\t\taria-labelledby=\"ufaqsw_faq_answer_3_5946\"\n\t\t\tstyle=\"display:none\"\t\t\t>\n\t\t\t<p>24 Stunden p\u00fcnktliche Antwort auf E-Mails und Telefonanrufe. Wir gew\u00e4hren eine einj\u00e4hrige Garantie, um sicherzustellen, dass Ihre Maschine konstant l\u00e4uft.<\/p>\n\t\t\t<\/div>\n\t\t<\/div><!-- END OF TOGGLE -->\n\n\t\t\n\t\t<div class=\"ufaqsw_toggle_default ufaqsw_toggle_default_5946 ufaqsw_element_src\">\n\t\t\t<div class=\"ufaqsw-toggle-title-area-default ufaqsw-toggle-title-area-default_5946\"\n\t\t\trole=\"button\"\n\t\t\ttabindex=\"0\"\n\t\t\taria-expanded=\"false\"\n\t\t\taria-controls=\"ufaqsw_faq_answer_4_5946\"\n\t\t\taria-label=\"Was ist die Zahlungsfrist?\"\n\t\t\t>\n\t\t\t\t<div class=\"ufaqsw-title-name-default ufaqsw-title-name-default_5946\">\n\t\t\t\t\t<span class=\"ufaqsw-default-icon\">\n\t\t\t\t\t\t<i class=\"fa fa fa-plus\" aria-hidden=\"true\"><\/i>\n\t\t\t\t\t\t<i class=\"fa fa fa-minus\" id=\"ufaqsw_other_style\" aria-hidden=\"true\"><\/i>\n\t\t\t\t\t<\/span>\t\t\t\t\n\t\t\t\t\t<span class=\"ufaqsw-default-title ufaqsw_faq_question_src\">Was ist die Zahlungsfrist?<\/span>\n\t\t\t\t<\/div>\n\t\t\t<\/div>\n\t\t\t<div class=\"ufaqsw-toggle-inner-default ufaqsw-toggle-inner-default_5946 ufaqsw_faq_answer_src\"\n\t\t\tid=\"ufaqsw_faq_answer_4_5946\"\n\t\t\taria-hidden=\"true\"\n\t\t\taria-labelledby=\"ufaqsw_faq_answer_4_5946\"\n\t\t\tstyle=\"display:none\"\t\t\t>\n\t\t\t<p>Unsere regul\u00e4re Zahlungsfrist betr\u00e4gt 30 % TT im Voraus, 70 % TT vor dem Versand.<\/p>\n\t\t\t<\/div>\n\t\t<\/div><!-- END OF TOGGLE -->\n\n\t\t\n\t\t<div class=\"ufaqsw_toggle_default ufaqsw_toggle_default_5946 ufaqsw_element_src\">\n\t\t\t<div class=\"ufaqsw-toggle-title-area-default ufaqsw-toggle-title-area-default_5946\"\n\t\t\trole=\"button\"\n\t\t\ttabindex=\"0\"\n\t\t\taria-expanded=\"false\"\n\t\t\taria-controls=\"ufaqsw_faq_answer_5_5946\"\n\t\t\taria-label=\"Beinhaltet Ihr Preis Fracht?\"\n\t\t\t>\n\t\t\t\t<div class=\"ufaqsw-title-name-default ufaqsw-title-name-default_5946\">\n\t\t\t\t\t<span class=\"ufaqsw-default-icon\">\n\t\t\t\t\t\t<i class=\"fa fa fa-plus\" aria-hidden=\"true\"><\/i>\n\t\t\t\t\t\t<i class=\"fa fa fa-minus\" id=\"ufaqsw_other_style\" aria-hidden=\"true\"><\/i>\n\t\t\t\t\t<\/span>\t\t\t\t\n\t\t\t\t\t<span class=\"ufaqsw-default-title ufaqsw_faq_question_src\">Beinhaltet Ihr Preis Fracht?<\/span>\n\t\t\t\t<\/div>\n\t\t\t<\/div>\n\t\t\t<div class=\"ufaqsw-toggle-inner-default ufaqsw-toggle-inner-default_5946 ufaqsw_faq_answer_src\"\n\t\t\tid=\"ufaqsw_faq_answer_5_5946\"\n\t\t\taria-hidden=\"true\"\n\t\t\taria-labelledby=\"ufaqsw_faq_answer_5_5946\"\n\t\t\tstyle=\"display:none\"\t\t\t>\n\t\t\t<p>Unser \u00fcblicher Preis basiert auf FOB Shanghai. Auf Anfrage k\u00f6nnen wir Ihnen ein CIF-Angebot unterbreiten.<\/p>\n\t\t\t<\/div>\n\t\t<\/div><!-- END OF TOGGLE -->\n\n\t\t\n<\/div>\n\n\t<iframe src=\"https:\/\/www.google.com\/maps\/embed?pb=!1m18!1m12!1m3!1d3390.2927421824006!2d119.88542131515791!3d31.817019981272452!2m3!1f0!2f0!3f0!3m2!1i1024!2i768!4f13.1!3m3!1m2!1s0x35b4149e3c70d0b3%3A0x8fff5da241c321f8!2sYun%20He%20Lu%2C%20China%2C%20213023!5e0!3m2!1sen!2sus!4v1649332227824!5m2!1sen!2sus\" width=\"100%\" height=\"450\" allowfullscreen=\"\" loading=\"lazy\" referrerpolicy=\"no-referrer-when-downgrade\"><\/iframe>\n\t\n<div class=\"wpcf7 no-js\" id=\"wpcf7-f5947-o1\" lang=\"de-DE\" dir=\"ltr\" data-wpcf7-id=\"5947\">\n<div class=\"screen-reader-response\"><p role=\"status\" aria-live=\"polite\" aria-atomic=\"true\"><\/p> <ul><\/ul><\/div>\n<form action=\"\/de\/wp-json\/wp\/v2\/pages\/6178#wpcf7-f5947-o1\" method=\"post\" class=\"wpcf7-form init\" aria-label=\"Kontaktformular\" novalidate=\"novalidate\" data-status=\"init\">\n<fieldset class=\"hidden-fields-container\"><input type=\"hidden\" name=\"_wpcf7\" value=\"5947\" \/><input type=\"hidden\" name=\"_wpcf7_version\" value=\"6.1.5\" \/><input type=\"hidden\" name=\"_wpcf7_locale\" value=\"de_DE\" \/><input type=\"hidden\" name=\"_wpcf7_unit_tag\" value=\"wpcf7-f5947-o1\" \/><input type=\"hidden\" name=\"_wpcf7_container_post\" value=\"0\" \/><input type=\"hidden\" name=\"_wpcf7_posted_data_hash\" value=\"\" \/><input type=\"hidden\" name=\"_wpcf7_recaptcha_response\" value=\"\" \/>\n<\/fieldset>\n<p><label> Ihren Namen<br \/>\n<span class=\"wpcf7-form-control-wrap\" data-name=\"your-name\"><input size=\"40\" maxlength=\"400\" class=\"wpcf7-form-control wpcf7-text wpcf7-validates-as-required\" aria-required=\"true\" aria-invalid=\"false\" value=\"\" type=\"text\" name=\"your-name\" \/><\/span> <\/label>\n<\/p>\n<p><label> Deine E-Mail<br \/>\n<span class=\"wpcf7-form-control-wrap\" data-name=\"your-email\"><input size=\"40\" maxlength=\"400\" class=\"wpcf7-form-control wpcf7-email wpcf7-validates-as-required wpcf7-text wpcf7-validates-as-email\" aria-required=\"true\" aria-invalid=\"false\" value=\"\" type=\"email\" name=\"your-email\" \/><\/span> <\/label>\n<\/p>\n<p><label> Ihre Telefonnummer (optional)<br \/>\n<span class=\"wpcf7-form-control-wrap\" data-name=\"tel-157\"><input size=\"40\" maxlength=\"400\" class=\"wpcf7-form-control wpcf7-tel wpcf7-text wpcf7-validates-as-tel\" aria-invalid=\"false\" value=\"\" type=\"tel\" name=\"tel-157\" \/><\/span> <\/label>\n<\/p>\n<p><label> Ihre Nachricht<br \/>\n<span class=\"wpcf7-form-control-wrap\" data-name=\"your-message\"><textarea cols=\"40\" rows=\"10\" maxlength=\"2000\" class=\"wpcf7-form-control wpcf7-textarea wpcf7-validates-as-required\" aria-required=\"true\" aria-invalid=\"false\" name=\"your-message\"><\/textarea><\/span> <\/label>\n<\/p>\n<p><span class=\"wpcf7-form-control-wrap\" data-name=\"quiz-747\"><label><span class=\"wpcf7-quiz-label\">2+6=?<\/span> <input size=\"40\" class=\"wpcf7-form-control wpcf7-quiz\" autocomplete=\"off\" aria-required=\"true\" aria-invalid=\"false\" type=\"text\" name=\"quiz-747\" \/><\/label><input type=\"hidden\" name=\"_wpcf7_quiz_answer_quiz-747\" value=\"b92383fac706b700c4f8d69faa457125\" \/><\/span>\n<\/p>\n<p><input class=\"wpcf7-form-control wpcf7-submit has-spinner\" type=\"submit\" value=\"Einreichen\" \/>\n<\/p><div class=\"wpcf7-response-output\" aria-hidden=\"true\"><\/div>\n<\/form>\n<\/div>\n\n\n","protected":false},"excerpt":{"rendered":"","protected":false},"author":1,"featured_media":0,"parent":0,"menu_order":0,"comment_status":"closed","ping_status":"closed","template":"","meta":{"site-sidebar-layout":"no-sidebar","site-content-layout":"page-builder","ast-site-content-layout":"default","site-content-style":"default","site-sidebar-style":"default","ast-global-header-display":"","ast-banner-title-visibility":"","ast-main-header-display":"","ast-hfb-above-header-display":"","ast-hfb-below-header-display":"","ast-hfb-mobile-header-display":"","site-post-title":"disabled","ast-breadcrumbs-content":"","ast-featured-img":"disabled","footer-sml-layout":"","ast-disable-related-posts":"","theme-transparent-header-meta":"default","adv-header-id-meta":"","stick-header-meta":"default","header-above-stick-meta":"","header-main-stick-meta":"","header-below-stick-meta":"","astra-migrate-meta-layouts":"default","ast-page-background-enabled":"default","ast-page-background-meta":{"desktop":{"background-color":"","background-image":"","background-repeat":"repeat","background-position":"center center","background-size":"auto","background-attachment":"scroll","background-type":"","background-media":"","overlay-type":"","overlay-color":"","overlay-opacity":"","overlay-gradient":""},"tablet":{"background-color":"","background-image":"","background-repeat":"repeat","background-position":"center center","background-size":"auto","background-attachment":"scroll","background-type":"","background-media":"","overlay-type":"","overlay-color":"","overlay-opacity":"","overlay-gradient":""},"mobile":{"background-color":"","background-image":"","background-repeat":"repeat","background-position":"center center","background-size":"auto","background-attachment":"scroll","background-type":"","background-media":"","overlay-type":"","overlay-color":"","overlay-opacity":"","overlay-gradient":""}},"ast-content-background-meta":{"desktop":{"background-color":"var(--ast-global-color-5)","background-image":"","background-repeat":"repeat","background-position":"center center","background-size":"auto","background-attachment":"scroll","background-type":"","background-media":"","overlay-type":"","overlay-color":"","overlay-opacity":"","overlay-gradient":""},"tablet":{"background-color":"var(--ast-global-color-5)","background-image":"","background-repeat":"repeat","background-position":"center center","background-size":"auto","background-attachment":"scroll","background-type":"","background-media":"","overlay-type":"","overlay-color":"","overlay-opacity":"","overlay-gradient":""},"mobile":{"background-color":"var(--ast-global-color-5)","background-image":"","background-repeat":"repeat","background-position":"center center","background-size":"auto","background-attachment":"scroll","background-type":"","background-media":"","overlay-type":"","overlay-color":"","overlay-opacity":"","overlay-gradient":""}},"footnotes":""},"class_list":["post-6178","page","type-page","status-publish","hentry"],"_links":{"self":[{"href":"https:\/\/www.griffinmachinery.com\/de\/wp-json\/wp\/v2\/pages\/6178","targetHints":{"allow":["GET"]}}],"collection":[{"href":"https:\/\/www.griffinmachinery.com\/de\/wp-json\/wp\/v2\/pages"}],"about":[{"href":"https:\/\/www.griffinmachinery.com\/de\/wp-json\/wp\/v2\/types\/page"}],"author":[{"embeddable":true,"href":"https:\/\/www.griffinmachinery.com\/de\/wp-json\/wp\/v2\/users\/1"}],"replies":[{"embeddable":true,"href":"https:\/\/www.griffinmachinery.com\/de\/wp-json\/wp\/v2\/comments?post=6178"}],"version-history":[{"count":0,"href":"https:\/\/www.griffinmachinery.com\/de\/wp-json\/wp\/v2\/pages\/6178\/revisions"}],"wp:attachment":[{"href":"https:\/\/www.griffinmachinery.com\/de\/wp-json\/wp\/v2\/media?parent=6178"}],"curies":[{"name":"wp","href":"https:\/\/api.w.org\/{rel}","templated":true}]}}