{"id":5903,"date":"2018-06-18T06:57:36","date_gmt":"2018-06-18T06:57:36","guid":{"rendered":"https:\/\/www.griffinmachinery.com\/startseite\/"},"modified":"2023-03-10T03:46:54","modified_gmt":"2023-03-10T03:46:54","slug":"startseite","status":"publish","type":"page","link":"https:\/\/www.griffinmachinery.com\/de\/","title":{"rendered":"Startseite"},"content":{"rendered":"\r\n<p><img loading=\"lazy\" decoding=\"async\" title=\"Trocknungsger\u00e4te\" src=\"https:\/\/www.griffinmachinery.com\/wp-content\/uploads\/2022\/03\/drying-equipment.png\" alt=\"Trocknungsger\u00e4te\" width=\"570\" height=\"438\" \/><\/p>\r\n<h4>Hersteller von Industrietrocknern<\/h4>\r\n<h2>Anbieter von Trocknungsanlagen und -systemen<\/h2>\r\n<p>Wir sind spezialisiert auf die Erforschung und Entwicklung von Industrietrocknern und -l\u00f6sungen wie Spr\u00fchtrocknern, Siebbandtrocknern, Flie\u00dfbetttrocknern, Spin-Flash-Trocknern, Luftstromtrocknern, Vakuumtrocknern, Hordentrocknern, Trocken\u00f6fen usw.<\/p>\r\n<p><a role=\"button\" href=\"https:\/\/www.griffinmachinery.com\/de\/produkte\/\" target=\"_self\" rel=\"noopener\"> \u00dcberpr\u00fcfen Sie unsere Produkte <\/a><\/p>\r\n<ul>\r\n<li>\r\n<h4>Fortgeschrittene Technologie<\/h4>\r\n<p>Einzigartig f\u00fcr Technologie<\/p>\r\n<\/li>\r\n<\/ul>\r\n<ul>\r\n<li>\r\n<h4>Hohe Qualit\u00e4t<\/h4>\r\n<p>Effizienz &amp; Intelligent<\/p>\r\n<\/li>\r\n<\/ul>\r\n<ul>\r\n<li>\r\n<h4>Pro-Service<\/h4>\r\n<p>Vor- und Nachverkaufsservice<\/p>\r\n<\/li>\r\n<\/ul>\r\n<ul>\r\n<li>\r\n<h4>L\u00f6sungsanbieter<\/h4>\r\n<p>24\/7-Support<\/p>\r\n<\/li>\r\n<\/ul>\r\n<h2>Unsere Hauptausr\u00fcstung<\/h2>\r\n<div class=\"woocommerce columns-4 \"><ul class=\"products columns-4\">\n<li class=\"desktop-align-center tablet-align-center mobile-align-center ast-product-gallery-layout-horizontal ast-product-tabs-layout-horizontal ast-qv-on-image product type-product post-5912 status-publish first instock product_cat-nicht-kategorisiert has-post-thumbnail shipping-taxable product-type-simple\">\n\t<a href=\"https:\/\/www.griffinmachinery.com\/de\/siebbandtrockner\/\" class=\"woocommerce-LoopProduct-link woocommerce-loop-product__link\"><img loading=\"lazy\" decoding=\"async\" width=\"300\" height=\"300\" src=\"https:\/\/www.griffinmachinery.com\/wp-content\/uploads\/2022\/04\/Mesh-Belt-Dryer-1-300x300.jpg\" class=\"attachment-woocommerce_thumbnail size-woocommerce_thumbnail\" alt=\"Siebbandtrockner (1)\" srcset=\"https:\/\/www.griffinmachinery.com\/wp-content\/uploads\/2022\/04\/Mesh-Belt-Dryer-1-300x300.jpg 300w, https:\/\/www.griffinmachinery.com\/wp-content\/uploads\/2022\/04\/Mesh-Belt-Dryer-1-150x150.jpg 150w, https:\/\/www.griffinmachinery.com\/wp-content\/uploads\/2022\/04\/Mesh-Belt-Dryer-1-100x100.jpg 100w, https:\/\/www.griffinmachinery.com\/wp-content\/uploads\/2022\/04\/Mesh-Belt-Dryer-1.jpg 600w\" sizes=\"auto, (max-width: 300px) 100vw, 300px\" \/><h2 class=\"woocommerce-loop-product__title\">Bandtrockner<\/h2>\n<\/a><a href=\"https:\/\/www.griffinmachinery.com\/de\/siebbandtrockner\/\" aria-describedby=\"woocommerce_loop_add_to_cart_link_describedby_5912\" data-quantity=\"1\" class=\"button product_type_simple \" data-product_id=\"5912\" data-product_sku=\"\" aria-label=\"Lese mehr \u00fcber &#8222;Bandtrockner&#8220;\" rel=\"nofollow\" data-success_message=\"\">Weiterlesen<\/a>\t<span id=\"woocommerce_loop_add_to_cart_link_describedby_5912\" class=\"screen-reader-text\">\n\t\t\t<\/span>\n<\/li>\n<li class=\"desktop-align-center tablet-align-center mobile-align-center ast-product-gallery-layout-horizontal ast-product-tabs-layout-horizontal ast-qv-on-image product type-product post-5911 status-publish instock product_cat-vakuumtrockner has-post-thumbnail shipping-taxable product-type-simple\">\n\t<a href=\"https:\/\/www.griffinmachinery.com\/de\/doppelkegel-vakuumtrockner\/\" class=\"woocommerce-LoopProduct-link woocommerce-loop-product__link\"><img loading=\"lazy\" decoding=\"async\" width=\"300\" height=\"300\" src=\"https:\/\/www.griffinmachinery.com\/wp-content\/uploads\/2022\/04\/Double-Cone-Vacuum-Dryer-1-300x300.jpg\" class=\"attachment-woocommerce_thumbnail size-woocommerce_thumbnail\" alt=\"Doppelkegel-Vakuumtrockner (1)\" srcset=\"https:\/\/www.griffinmachinery.com\/wp-content\/uploads\/2022\/04\/Double-Cone-Vacuum-Dryer-1-300x300.jpg 300w, https:\/\/www.griffinmachinery.com\/wp-content\/uploads\/2022\/04\/Double-Cone-Vacuum-Dryer-1-150x150.jpg 150w, https:\/\/www.griffinmachinery.com\/wp-content\/uploads\/2022\/04\/Double-Cone-Vacuum-Dryer-1-100x100.jpg 100w, https:\/\/www.griffinmachinery.com\/wp-content\/uploads\/2022\/04\/Double-Cone-Vacuum-Dryer-1.jpg 600w\" sizes=\"auto, (max-width: 300px) 100vw, 300px\" \/><h2 class=\"woocommerce-loop-product__title\">Doppelkegel-Vakuumtrockner<\/h2>\n<\/a><a href=\"https:\/\/www.griffinmachinery.com\/de\/doppelkegel-vakuumtrockner\/\" aria-describedby=\"woocommerce_loop_add_to_cart_link_describedby_5911\" data-quantity=\"1\" class=\"button product_type_simple \" data-product_id=\"5911\" data-product_sku=\"\" aria-label=\"Lese mehr \u00fcber &#8222;Doppelkegel-Vakuumtrockner&#8220;\" rel=\"nofollow\" data-success_message=\"\">Weiterlesen<\/a>\t<span id=\"woocommerce_loop_add_to_cart_link_describedby_5911\" class=\"screen-reader-text\">\n\t\t\t<\/span>\n<\/li>\n<li class=\"desktop-align-center tablet-align-center mobile-align-center ast-product-gallery-layout-horizontal ast-product-tabs-layout-horizontal ast-qv-on-image product type-product post-5916 status-publish instock product_cat-spruhtrockner has-post-thumbnail shipping-taxable product-type-simple\">\n\t<a href=\"https:\/\/www.griffinmachinery.com\/de\/druckspruhtrockner\/\" class=\"woocommerce-LoopProduct-link woocommerce-loop-product__link\"><img loading=\"lazy\" decoding=\"async\" width=\"300\" height=\"300\" src=\"https:\/\/www.griffinmachinery.com\/wp-content\/uploads\/2022\/04\/Pressure-Spray-Dryer-1-300x300.jpg\" class=\"attachment-woocommerce_thumbnail size-woocommerce_thumbnail\" alt=\"Druckspr\u00fchtrockner (1)\" srcset=\"https:\/\/www.griffinmachinery.com\/wp-content\/uploads\/2022\/04\/Pressure-Spray-Dryer-1-300x300.jpg 300w, https:\/\/www.griffinmachinery.com\/wp-content\/uploads\/2022\/04\/Pressure-Spray-Dryer-1-150x150.jpg 150w, https:\/\/www.griffinmachinery.com\/wp-content\/uploads\/2022\/04\/Pressure-Spray-Dryer-1-100x100.jpg 100w, https:\/\/www.griffinmachinery.com\/wp-content\/uploads\/2022\/04\/Pressure-Spray-Dryer-1.jpg 600w\" sizes=\"auto, (max-width: 300px) 100vw, 300px\" \/><h2 class=\"woocommerce-loop-product__title\">Druckspr\u00fchtrockner<\/h2>\n<\/a><a href=\"https:\/\/www.griffinmachinery.com\/de\/druckspruhtrockner\/\" aria-describedby=\"woocommerce_loop_add_to_cart_link_describedby_5916\" data-quantity=\"1\" class=\"button product_type_simple \" data-product_id=\"5916\" data-product_sku=\"\" aria-label=\"Lese mehr \u00fcber &#8222;Druckspr\u00fchtrockner&#8220;\" rel=\"nofollow\" data-success_message=\"\">Weiterlesen<\/a>\t<span id=\"woocommerce_loop_add_to_cart_link_describedby_5916\" class=\"screen-reader-text\">\n\t\t\t<\/span>\n<\/li>\n<li class=\"desktop-align-center tablet-align-center mobile-align-center ast-product-gallery-layout-horizontal ast-product-tabs-layout-horizontal ast-qv-on-image product type-product post-5915 status-publish last instock product_cat-spruhtrockner has-post-thumbnail shipping-taxable product-type-simple\">\n\t<a href=\"https:\/\/www.griffinmachinery.com\/de\/spruhtrockner-mit-geschlossenem-kreislauf\/\" class=\"woocommerce-LoopProduct-link woocommerce-loop-product__link\"><img loading=\"lazy\" decoding=\"async\" width=\"300\" height=\"300\" src=\"https:\/\/www.griffinmachinery.com\/wp-content\/uploads\/2022\/04\/Closed-Cycle-Spray-Dryer-1-300x300.jpg\" class=\"attachment-woocommerce_thumbnail size-woocommerce_thumbnail\" alt=\"Spr\u00fchtrockner mit geschlossenem Kreislauf\" srcset=\"https:\/\/www.griffinmachinery.com\/wp-content\/uploads\/2022\/04\/Closed-Cycle-Spray-Dryer-1-300x300.jpg 300w, https:\/\/www.griffinmachinery.com\/wp-content\/uploads\/2022\/04\/Closed-Cycle-Spray-Dryer-1-150x150.jpg 150w, https:\/\/www.griffinmachinery.com\/wp-content\/uploads\/2022\/04\/Closed-Cycle-Spray-Dryer-1-768x768.jpg 768w, https:\/\/www.griffinmachinery.com\/wp-content\/uploads\/2022\/04\/Closed-Cycle-Spray-Dryer-1-600x600.jpg 600w, https:\/\/www.griffinmachinery.com\/wp-content\/uploads\/2022\/04\/Closed-Cycle-Spray-Dryer-1-100x100.jpg 100w, https:\/\/www.griffinmachinery.com\/wp-content\/uploads\/2022\/04\/Closed-Cycle-Spray-Dryer-1.jpg 800w\" sizes=\"auto, (max-width: 300px) 100vw, 300px\" \/><h2 class=\"woocommerce-loop-product__title\">Spr\u00fchtrockner mit geschlossenem Kreislauf<\/h2>\n<\/a><a href=\"https:\/\/www.griffinmachinery.com\/de\/spruhtrockner-mit-geschlossenem-kreislauf\/\" aria-describedby=\"woocommerce_loop_add_to_cart_link_describedby_5915\" data-quantity=\"1\" class=\"button product_type_simple \" data-product_id=\"5915\" data-product_sku=\"\" aria-label=\"Lese mehr \u00fcber &#8222;Spr\u00fchtrockner mit geschlossenem Kreislauf&#8220;\" rel=\"nofollow\" data-success_message=\"\">Weiterlesen<\/a>\t<span id=\"woocommerce_loop_add_to_cart_link_describedby_5915\" class=\"screen-reader-text\">\n\t\t\t<\/span>\n<\/li>\n<li class=\"desktop-align-center tablet-align-center mobile-align-center ast-product-gallery-layout-horizontal ast-product-tabs-layout-horizontal ast-qv-on-image product type-product post-5908 status-publish first instock product_cat-vakuumtrockner has-post-thumbnail shipping-taxable product-type-simple\">\n\t<a href=\"https:\/\/www.griffinmachinery.com\/de\/vakuum-gefriertrockner\/\" class=\"woocommerce-LoopProduct-link woocommerce-loop-product__link\"><img loading=\"lazy\" decoding=\"async\" width=\"300\" height=\"300\" src=\"https:\/\/www.griffinmachinery.com\/wp-content\/uploads\/2022\/04\/Vacuum-Freeze-Dryer-1-300x300.jpg\" class=\"attachment-woocommerce_thumbnail size-woocommerce_thumbnail\" alt=\"Vakuum-Gefriertrockner (1)\" srcset=\"https:\/\/www.griffinmachinery.com\/wp-content\/uploads\/2022\/04\/Vacuum-Freeze-Dryer-1-300x300.jpg 300w, https:\/\/www.griffinmachinery.com\/wp-content\/uploads\/2022\/04\/Vacuum-Freeze-Dryer-1-150x150.jpg 150w, https:\/\/www.griffinmachinery.com\/wp-content\/uploads\/2022\/04\/Vacuum-Freeze-Dryer-1-100x100.jpg 100w, https:\/\/www.griffinmachinery.com\/wp-content\/uploads\/2022\/04\/Vacuum-Freeze-Dryer-1.jpg 600w\" sizes=\"auto, (max-width: 300px) 100vw, 300px\" \/><h2 class=\"woocommerce-loop-product__title\">Vakuum-Gefriertrockner<\/h2>\n<\/a><a href=\"https:\/\/www.griffinmachinery.com\/de\/vakuum-gefriertrockner\/\" aria-describedby=\"woocommerce_loop_add_to_cart_link_describedby_5908\" data-quantity=\"1\" class=\"button product_type_simple \" data-product_id=\"5908\" data-product_sku=\"\" aria-label=\"Lese mehr \u00fcber &#8222;Vakuum-Gefriertrockner&#8220;\" rel=\"nofollow\" data-success_message=\"\">Weiterlesen<\/a>\t<span id=\"woocommerce_loop_add_to_cart_link_describedby_5908\" class=\"screen-reader-text\">\n\t\t\t<\/span>\n<\/li>\n<li class=\"desktop-align-center tablet-align-center mobile-align-center ast-product-gallery-layout-horizontal ast-product-tabs-layout-horizontal ast-qv-on-image product type-product post-5910 status-publish instock product_cat-vakuumtrockner has-post-thumbnail shipping-taxable product-type-simple\">\n\t<a href=\"https:\/\/www.griffinmachinery.com\/de\/vakuumbandtrockner\/\" class=\"woocommerce-LoopProduct-link woocommerce-loop-product__link\"><img loading=\"lazy\" decoding=\"async\" width=\"300\" height=\"300\" src=\"https:\/\/www.griffinmachinery.com\/wp-content\/uploads\/2022\/04\/Vacuum-Belt-Dryer-1-300x300.jpg\" class=\"attachment-woocommerce_thumbnail size-woocommerce_thumbnail\" alt=\"Vakuumbandtrockner (1)\" srcset=\"https:\/\/www.griffinmachinery.com\/wp-content\/uploads\/2022\/04\/Vacuum-Belt-Dryer-1-300x300.jpg 300w, https:\/\/www.griffinmachinery.com\/wp-content\/uploads\/2022\/04\/Vacuum-Belt-Dryer-1-150x150.jpg 150w, https:\/\/www.griffinmachinery.com\/wp-content\/uploads\/2022\/04\/Vacuum-Belt-Dryer-1-100x100.jpg 100w, https:\/\/www.griffinmachinery.com\/wp-content\/uploads\/2022\/04\/Vacuum-Belt-Dryer-1.jpg 600w\" sizes=\"auto, (max-width: 300px) 100vw, 300px\" \/><h2 class=\"woocommerce-loop-product__title\">Vakuumbandtrockner<\/h2>\n<\/a><a href=\"https:\/\/www.griffinmachinery.com\/de\/vakuumbandtrockner\/\" aria-describedby=\"woocommerce_loop_add_to_cart_link_describedby_5910\" data-quantity=\"1\" class=\"button product_type_simple \" data-product_id=\"5910\" data-product_sku=\"\" aria-label=\"Lese mehr \u00fcber &#8222;Vakuumbandtrockner&#8220;\" rel=\"nofollow\" data-success_message=\"\">Weiterlesen<\/a>\t<span id=\"woocommerce_loop_add_to_cart_link_describedby_5910\" class=\"screen-reader-text\">\n\t\t\t<\/span>\n<\/li>\n<li class=\"desktop-align-center tablet-align-center mobile-align-center ast-product-gallery-layout-horizontal ast-product-tabs-layout-horizontal ast-qv-on-image product type-product post-5913 status-publish instock product_cat-fliesbetttrockner has-post-thumbnail shipping-taxable product-type-simple\">\n\t<a href=\"https:\/\/www.griffinmachinery.com\/de\/vibrierender-wirbelschichttrockner\/\" class=\"woocommerce-LoopProduct-link woocommerce-loop-product__link\"><img loading=\"lazy\" decoding=\"async\" width=\"300\" height=\"300\" src=\"https:\/\/www.griffinmachinery.com\/wp-content\/uploads\/2022\/04\/Vibrating-Fluid-Bed-Dryer-1-300x300.jpg\" class=\"attachment-woocommerce_thumbnail size-woocommerce_thumbnail\" alt=\"Vibrierender Wirbelschichttrockner (1)\" srcset=\"https:\/\/www.griffinmachinery.com\/wp-content\/uploads\/2022\/04\/Vibrating-Fluid-Bed-Dryer-1-300x300.jpg 300w, https:\/\/www.griffinmachinery.com\/wp-content\/uploads\/2022\/04\/Vibrating-Fluid-Bed-Dryer-1-150x150.jpg 150w, https:\/\/www.griffinmachinery.com\/wp-content\/uploads\/2022\/04\/Vibrating-Fluid-Bed-Dryer-1-768x768.jpg 768w, https:\/\/www.griffinmachinery.com\/wp-content\/uploads\/2022\/04\/Vibrating-Fluid-Bed-Dryer-1-600x600.jpg 600w, https:\/\/www.griffinmachinery.com\/wp-content\/uploads\/2022\/04\/Vibrating-Fluid-Bed-Dryer-1-100x100.jpg 100w, https:\/\/www.griffinmachinery.com\/wp-content\/uploads\/2022\/04\/Vibrating-Fluid-Bed-Dryer-1.jpg 1001w\" sizes=\"auto, (max-width: 300px) 100vw, 300px\" \/><img loading=\"lazy\" decoding=\"async\" width=\"300\" height=\"300\" src=\"https:\/\/www.griffinmachinery.com\/wp-content\/uploads\/2022\/04\/Vibrating-Fluid-Bed-Dryer-2-300x300.jpg\" class=\"show-on-hover\" alt=\"Vibrierender Wirbelschichttrockner (2)\" srcset=\"https:\/\/www.griffinmachinery.com\/wp-content\/uploads\/2022\/04\/Vibrating-Fluid-Bed-Dryer-2-300x300.jpg 300w, https:\/\/www.griffinmachinery.com\/wp-content\/uploads\/2022\/04\/Vibrating-Fluid-Bed-Dryer-2-150x150.jpg 150w, https:\/\/www.griffinmachinery.com\/wp-content\/uploads\/2022\/04\/Vibrating-Fluid-Bed-Dryer-2-100x100.jpg 100w, https:\/\/www.griffinmachinery.com\/wp-content\/uploads\/2022\/04\/Vibrating-Fluid-Bed-Dryer-2.jpg 600w\" sizes=\"auto, (max-width: 300px) 100vw, 300px\" \/><h2 class=\"woocommerce-loop-product__title\">Vibrations-Wirbelschichttrockner<\/h2>\n<\/a><a href=\"https:\/\/www.griffinmachinery.com\/de\/vibrierender-wirbelschichttrockner\/\" aria-describedby=\"woocommerce_loop_add_to_cart_link_describedby_5913\" data-quantity=\"1\" class=\"button product_type_simple \" data-product_id=\"5913\" data-product_sku=\"\" aria-label=\"Lese mehr \u00fcber &#8222;Vibrations-Wirbelschichttrockner&#8220;\" rel=\"nofollow\" data-success_message=\"\">Weiterlesen<\/a>\t<span id=\"woocommerce_loop_add_to_cart_link_describedby_5913\" class=\"screen-reader-text\">\n\t\t\t<\/span>\n<\/li>\n<li class=\"desktop-align-center tablet-align-center mobile-align-center ast-product-gallery-layout-horizontal ast-product-tabs-layout-horizontal ast-qv-on-image product type-product post-5917 status-publish last instock product_cat-spruhtrockner has-post-thumbnail shipping-taxable product-type-simple\">\n\t<a href=\"https:\/\/www.griffinmachinery.com\/de\/zentrifugal-spruhtrockner\/\" class=\"woocommerce-LoopProduct-link woocommerce-loop-product__link\"><img loading=\"lazy\" decoding=\"async\" width=\"300\" height=\"300\" src=\"https:\/\/www.griffinmachinery.com\/wp-content\/uploads\/2022\/04\/Centrifugal-Spray-Dryer-300x300.jpg\" class=\"attachment-woocommerce_thumbnail size-woocommerce_thumbnail\" alt=\"Zentrifugal-Spr\u00fchtrockner\" srcset=\"https:\/\/www.griffinmachinery.com\/wp-content\/uploads\/2022\/04\/Centrifugal-Spray-Dryer-300x300.jpg 300w, https:\/\/www.griffinmachinery.com\/wp-content\/uploads\/2022\/04\/Centrifugal-Spray-Dryer-150x150.jpg 150w, https:\/\/www.griffinmachinery.com\/wp-content\/uploads\/2022\/04\/Centrifugal-Spray-Dryer-100x100.jpg 100w, https:\/\/www.griffinmachinery.com\/wp-content\/uploads\/2022\/04\/Centrifugal-Spray-Dryer.jpg 600w\" sizes=\"auto, (max-width: 300px) 100vw, 300px\" \/><h2 class=\"woocommerce-loop-product__title\">Zentrifugal-Spr\u00fchtrockner<\/h2>\n<\/a><a href=\"https:\/\/www.griffinmachinery.com\/de\/zentrifugal-spruhtrockner\/\" aria-describedby=\"woocommerce_loop_add_to_cart_link_describedby_5917\" data-quantity=\"1\" class=\"button product_type_simple \" data-product_id=\"5917\" data-product_sku=\"\" aria-label=\"Lese mehr \u00fcber &#8222;Zentrifugal-Spr\u00fchtrockner&#8220;\" rel=\"nofollow\" data-success_message=\"\">Weiterlesen<\/a>\t<span id=\"woocommerce_loop_add_to_cart_link_describedby_5917\" class=\"screen-reader-text\">\n\t\t\t<\/span>\n<\/li>\n<\/ul>\n<\/div>\r\n<h3>\u00dcberpr\u00fcfen Sie alle unsere industriellen Trocknungsger\u00e4te<\/h3>\r\n<p><a role=\"button\" href=\"https:\/\/www.griffinmachinery.com\/de\/produkte\/\" target=\"_self\" rel=\"noopener\"> Jetzt pr\u00fcfen <\/a><\/p>\r\n<h2>\u00dcber uns<\/h2>\r\n<p>Griffin Machinery ist ein gro\u00dfes Unternehmen in der chinesischen Trocknungsger\u00e4teindustrie mit selbsttragenden Import- und Exportrechten. Als stellvertretender Vorsitzender der China General Machinery &amp; Drying Equipment Industry Association, Mitglied der China Pharmaceutical Equipment Industry Association, Mitglied der China Food Additives Industry Association.<\/p>\r\n<p>Unser Unternehmen hat das Qualit\u00e4tsmanagementsystem ISO 9001:2000 und das Umweltmanagementsystem ISO 14001:2004 bestanden und f\u00fchrt die Entwicklung der Branche nach besten Kr\u00e4ften an.<\/p>\r\n<p><img loading=\"lazy\" decoding=\"async\" title=\"Fabrik f\u00fcr industrielle Trockner\" src=\"https:\/\/www.griffinmachinery.com\/wp-content\/uploads\/2022\/05\/Industrial-Dryer-Factory-600x400.png\" alt=\"Fabrik f\u00fcr industrielle Trockner\" width=\"600\" height=\"400\" \/> <img loading=\"lazy\" decoding=\"async\" title=\"Werkstatt 1\" src=\"https:\/\/www.griffinmachinery.com\/wp-content\/uploads\/2022\/05\/workshop-1.png\" alt=\"Werkstatt 1\" width=\"1024\" height=\"682\" \/> <img loading=\"lazy\" decoding=\"async\" title=\"Werkstatt 2\" src=\"https:\/\/www.griffinmachinery.com\/wp-content\/uploads\/2022\/05\/workshop-2.png\" alt=\"Werkstatt 2\" width=\"1024\" height=\"682\" \/><\/p>\r\n<h2>Unser Team<\/h2>\r\n<p>Unser Unternehmen hat eine gro\u00dfe Anzahl von hochrangigen, hochqualifizierten Fachleuten versammelt; Verwendung eines fortschrittlichen ERP-Systems zur Implementierung einer effektiven Organisation, Koordination, Kontrolle und standardisierten Verwaltung der verschiedenen Ressourcen des Unternehmens und des gesamten Produktions- und Betriebsprozesses.<\/p>\r\n<p><img loading=\"lazy\" decoding=\"async\" title=\"Unser Team 1\" src=\"https:\/\/www.griffinmachinery.com\/wp-content\/uploads\/2022\/05\/Our-Team-1.png\" alt=\"Unser Team 1\" width=\"1024\" height=\"682\" \/> <img loading=\"lazy\" decoding=\"async\" title=\"Unser Team 2\" src=\"https:\/\/www.griffinmachinery.com\/wp-content\/uploads\/2022\/05\/Our-Team-2.png\" alt=\"Unser Team 2\" width=\"1024\" height=\"682\" \/> <img loading=\"lazy\" decoding=\"async\" title=\"Unser Team 3\" src=\"https:\/\/www.griffinmachinery.com\/wp-content\/uploads\/2022\/05\/Our-Team-3.png\" alt=\"Unser Team 3\" width=\"1024\" height=\"682\" \/><\/p>\r\n<h2>Forschungsdesign<\/h2>\r\n<p>Gleichzeitig betreiben wir seit langem den fachlichen Austausch mit relevanten wissenschaftlichen Forschungseinrichtungen und hochrangigen Experten der Branche und entwickeln st\u00e4ndig Ideen zur Verbesserung der wissenschaftlichen Forschungs- und Innovationsf\u00e4higkeit.<\/p>\r\n<p><img loading=\"lazy\" decoding=\"async\" title=\"Forschungsdesign\" src=\"https:\/\/www.griffinmachinery.com\/wp-content\/uploads\/2022\/05\/RD.png\" alt=\"Forschungsdesign\" width=\"400\" height=\"533\" \/> <img loading=\"lazy\" decoding=\"async\" title=\"Forschungsdesign 1\" src=\"https:\/\/www.griffinmachinery.com\/wp-content\/uploads\/2022\/05\/RD-1.png\" alt=\"Forschungsdesign 1\" width=\"400\" height=\"533\" \/> <img loading=\"lazy\" decoding=\"async\" title=\"Forschungsdesign 2\" src=\"https:\/\/www.griffinmachinery.com\/wp-content\/uploads\/2022\/05\/RD-2.png\" alt=\"Forschungsdesign 2\" width=\"400\" height=\"533\" \/> <img loading=\"lazy\" decoding=\"async\" title=\"Forschungsdesign 3\" src=\"https:\/\/www.griffinmachinery.com\/wp-content\/uploads\/2022\/05\/RD-3.png\" alt=\"Forschungsdesign 3\" width=\"400\" height=\"533\" \/><\/p>\r\n<h2>Unsere Projekte<\/h2>\r\n<p>Unsere Kunden kommen aus der ganzen Welt: USA, Brasilien, Korea, Thailand, Vietnam, Indonesien, Malaysia, Philippinen und andere L\u00e4nder.<\/p>\r\n<p><img loading=\"lazy\" decoding=\"async\" title=\"Projekt f\u00fcr industrielle Trocknungsmaschinen\" src=\"https:\/\/www.griffinmachinery.com\/wp-content\/uploads\/2022\/05\/Industrial-Drying-Machine-Project.png\" alt=\"Projekt f\u00fcr industrielle Trocknungsmaschinen\" width=\"400\" height=\"533\" \/> <img loading=\"lazy\" decoding=\"async\" title=\"Projekt f\u00fcr industrielle Trocknungsmaschinen 1\" src=\"https:\/\/www.griffinmachinery.com\/wp-content\/uploads\/2022\/05\/Industrial-Drying-Machine-Project-1.png\" alt=\"Projekt f\u00fcr industrielle Trocknungsmaschinen 1\" width=\"400\" height=\"533\" \/> <img loading=\"lazy\" decoding=\"async\" title=\"Projekt f\u00fcr industrielle Trocknungsmaschinen 2\" src=\"https:\/\/www.griffinmachinery.com\/wp-content\/uploads\/2022\/05\/Industrial-Drying-Machine-Project-2.png\" alt=\"Projekt f\u00fcr industrielle Trocknungsmaschinen 2\" width=\"400\" height=\"533\" \/> <img loading=\"lazy\" decoding=\"async\" title=\"Projekt f\u00fcr industrielle Trocknungsmaschinen 3\" src=\"https:\/\/www.griffinmachinery.com\/wp-content\/uploads\/2022\/05\/Industrial-Drying-Machine-Project-3.png\" alt=\"Projekt f\u00fcr industrielle Trocknungsmaschinen 3\" width=\"400\" height=\"533\" \/><\/p>\r\n","protected":false},"excerpt":{"rendered":"<p>Hersteller von Industrietrocknern Anbieter von Trocknungsanlagen und -systemen Wir sind spezialisiert auf die Erforschung und Entwicklung von Industrietrocknern und -l\u00f6sungen wie Spr\u00fchtrocknern, Siebbandtrocknern, Flie\u00dfbetttrocknern, Spin-Flash-Trocknern, Luftstromtrocknern, Vakuumtrocknern, Hordentrocknern, Trocken\u00f6fen usw. \u00dcberpr\u00fcfen Sie unsere Produkte Fortgeschrittene [&hellip;]<\/p>\n","protected":false},"author":1,"featured_media":0,"parent":0,"menu_order":0,"comment_status":"closed","ping_status":"closed","template":"","meta":{"site-sidebar-layout":"no-sidebar","site-content-layout":"page-builder","ast-site-content-layout":"default","site-content-style":"default","site-sidebar-style":"default","ast-global-header-display":"","ast-banner-title-visibility":"","ast-main-header-display":"","ast-hfb-above-header-display":"","ast-hfb-below-header-display":"","ast-hfb-mobile-header-display":"","site-post-title":"disabled","ast-breadcrumbs-content":"","ast-featured-img":"disabled","footer-sml-layout":"","ast-disable-related-posts":"","theme-transparent-header-meta":"enabled","adv-header-id-meta":"","stick-header-meta":"default","header-above-stick-meta":"","header-main-stick-meta":"","header-below-stick-meta":"","astra-migrate-meta-layouts":"default","ast-page-background-enabled":"default","ast-page-background-meta":{"desktop":{"background-color":"","background-image":"","background-repeat":"repeat","background-position":"center center","background-size":"auto","background-attachment":"scroll","background-type":"","background-media":"","overlay-type":"","overlay-color":"","overlay-opacity":"","overlay-gradient":""},"tablet":{"background-color":"","background-image":"","background-repeat":"repeat","background-position":"center center","background-size":"auto","background-attachment":"scroll","background-type":"","background-media":"","overlay-type":"","overlay-color":"","overlay-opacity":"","overlay-gradient":""},"mobile":{"background-color":"","background-image":"","background-repeat":"repeat","background-position":"center center","background-size":"auto","background-attachment":"scroll","background-type":"","background-media":"","overlay-type":"","overlay-color":"","overlay-opacity":"","overlay-gradient":""}},"ast-content-background-meta":{"desktop":{"background-color":"var(--ast-global-color-5)","background-image":"","background-repeat":"repeat","background-position":"center center","background-size":"auto","background-attachment":"scroll","background-type":"","background-media":"","overlay-type":"","overlay-color":"","overlay-opacity":"","overlay-gradient":""},"tablet":{"background-color":"var(--ast-global-color-5)","background-image":"","background-repeat":"repeat","background-position":"center center","background-size":"auto","background-attachment":"scroll","background-type":"","background-media":"","overlay-type":"","overlay-color":"","overlay-opacity":"","overlay-gradient":""},"mobile":{"background-color":"var(--ast-global-color-5)","background-image":"","background-repeat":"repeat","background-position":"center center","background-size":"auto","background-attachment":"scroll","background-type":"","background-media":"","overlay-type":"","overlay-color":"","overlay-opacity":"","overlay-gradient":""}},"footnotes":""},"class_list":["post-5903","page","type-page","status-publish","hentry"],"_links":{"self":[{"href":"https:\/\/www.griffinmachinery.com\/de\/wp-json\/wp\/v2\/pages\/5903","targetHints":{"allow":["GET"]}}],"collection":[{"href":"https:\/\/www.griffinmachinery.com\/de\/wp-json\/wp\/v2\/pages"}],"about":[{"href":"https:\/\/www.griffinmachinery.com\/de\/wp-json\/wp\/v2\/types\/page"}],"author":[{"embeddable":true,"href":"https:\/\/www.griffinmachinery.com\/de\/wp-json\/wp\/v2\/users\/1"}],"replies":[{"embeddable":true,"href":"https:\/\/www.griffinmachinery.com\/de\/wp-json\/wp\/v2\/comments?post=5903"}],"version-history":[{"count":0,"href":"https:\/\/www.griffinmachinery.com\/de\/wp-json\/wp\/v2\/pages\/5903\/revisions"}],"wp:attachment":[{"href":"https:\/\/www.griffinmachinery.com\/de\/wp-json\/wp\/v2\/media?parent=5903"}],"curies":[{"name":"wp","href":"https:\/\/api.w.org\/{rel}","templated":true}]}}